{"id":5637,"date":"2022-02-22T03:10:06","date_gmt":"2022-02-22T03:10:06","guid":{"rendered":"https:\/\/medicinasinc.com\/lt\/?post_type=product&#038;p=5637"},"modified":"2022-03-20T12:11:54","modified_gmt":"2022-03-20T12:11:54","slug":"pirk-sparkle-von-druska","status":"publish","type":"product","link":"https:\/\/medicinasinc.com\/lt\/product\/pirk-sparkle-von-druska\/","title":{"rendered":"Pirkite Sparkle vonios drusk\u0105"},"content":{"rendered":"<p>I\u0161sami informacija apie produkt\u0105<\/p>\n<p>Kai naudojate m\u016bs\u0173 PUJOJAN\u010cI\u0104S VONIES DRUSK\u0104, galite smagiau praleisti laik\u0105 vonioje. \u0160is auk\u0161\u010diausios kokyb\u0117s vonios priedas turi negyvosios j\u016bros drusk\u0173 ir epsomo drusk\u0173, kurios padeda organizmui atsikratyti toksin\u0173. Kokos\u0173 pieno milteliai, avi\u017e\u0173 baltymai ir kaolino molis mink\u0161tina ir maitina od\u0105. Eukalipt\u0173, kadagi\u0173 ir levand\u0173 aliejai padeda \u017emon\u0117ms atsipalaiduoti, geriau i\u0161simiegoti ir turi aromaterapijos privalum\u0173.<\/p>\n<p>PUJANTIOS VONIOS DRUSKOS yra 10 uncij\u0173 stikliniame grafine, apvyniotame j\u016bros \u017eole. Dangtelio vidus naudojamas druskoms matuoti.<\/p>\n<p>NULIO ATLIEK\u0172 PAPILDYMO KAI\u0160EL\u0116LIS pagamintas i\u0161 popieriaus, kur\u012f galima kompostuoti namuose. Tai m\u016bs\u0173 atsakymas \u012f vienkartinius plastikinius vonios druskos mai\u0161elius, kuriuos gamindavome anks\u010diau. Jei mai\u0161elis turi Austrijos OK HOME sertifikat\u0105, tai rei\u0161kia, kad jis visi\u0161kai suges j\u016bs\u0173 sodo komposto kr\u016bvoje. ZERO WASTE REFILL mai\u0161elyje yra 10 uncij\u0173 druskos.<\/p>\n<p>Kaip j\u012f naudoti<\/p>\n<p>U\u017epilkite 2\u20133\u20133 dangtelius \u012f puodel\u012f \u0161ilto vandens su dangteliu vidin\u0117je pus\u0117je. kau\u0161elis. Kai at\u0117jo laikas pritraukti k\u016bn\u0105, galite suprasti i\u0161 \u0161velni\u0173 burbuliuk\u0173 ir \u0161iek tiek spindesio.<\/p>\n<p>Po vonios skalauti nereikia. Galite paglostyti k\u016bn\u0105 rank\u0161luos\u010diu. Toliau naudokite k\u016bno aliej\u0173, kad i\u0161laikytum\u0117te dr\u0117gm\u0119.<\/p>\n<p>Ingredientai<\/p>\n<p>Manio sulfatas, kokos\u0173 nuciferos ekstraktas, kaolino molis, \u017e\u0117ru\u010dio milteliai ir natrio natrio druska yra kai kurios Maris Sal sudedamosios dalys. , kuris taip pat \u017einomas kaip Negyvosios j\u016bros druska arba j\u016bros druska.<\/p>\n<p>Dr\u0117kinti avi\u017e\u0173 baltymai (avi\u017e\u0173 baltymai) ir bikarbonatas<\/p>\n<p>MILTLIAI: Koloidinis sidabras, Vaccinium angustifolium vaisi\u0173 ekstraktas (m\u0117lyni\u0173 ekstraktas), Coco-Glucoside, Eucalyptus globulus lap\u0173 aliejus, Lavandula angustifolia g\u0117li\u0173 aliejus, Juniperus communis medienos aliejus ir Lavandula angustifolia g\u0117li\u0173 aliejus (kadagio eterinis aliejus)<\/p>\n<div class=\"product-next-previous\">\n<div class=\" product-prev\"><\/div><\/div>\n","protected":false},"excerpt":{"rendered":"<p>Galite nusipirkti putojan\u010dios vonios druskos JK, ES ir Australijoje. Pas mus perkantys \u017emon\u0117s gali b\u016bti tikri, kad gaus tai, u\u017e k\u0105 sumok\u0117s. Pirkite Sparkle Bath Salt geriausiomis kainomis dabar!<\/p>\n<p>\u012esitikinkite, kad \u012fsigyjate JENAM LIVE LOVE SPARKLE VONIOS DRUSKOS TAUREL\u012e geriausia kaina internetu tiek Nyderlanduose, tiek JAV. Pirkite k\u0105 nors i\u0161 \u201eBest Global Meds\u201c dabar. J\u0173 kainos yra puikios!<\/p>\n<p>Koncentruota vonios druska i\u0161 geriausi\u0173 preki\u0173 \u017eenkl\u0173. Privalomas dalykas kiekvienam \u017evaig\u017ed\u017ei\u0173 steb\u0117tojui. Jausit\u0117s ry\u0161kiai kaip \u017evaig\u017ed\u0117s.<\/p>\n","protected":false},"featured_media":5648,"comment_status":"open","ping_status":"closed","template":"","meta":[],"product_brand":[],"product_cat":[610,2014],"product_tag":[3382,3394,3395,3383,3384,3381,3380,3385,3387,3389,3388,3391,3393,3386,3392,3390],"class_list":{"0":"post-5637","1":"product","2":"type-product","3":"status-publish","4":"has-post-thumbnail","6":"product_cat-pirkite-hasisa-hasisa","7":"product_cat-pirkti-tyrineti-chemikalai","8":"product_tag-buy-sparkle-bath-salt-uk","9":"product_tag-kur-pirkti-spinduliuoja-vonios-druskos","10":"product_tag-kur-usisakyti-spinduliuoja-vonios-druska","11":"product_tag-order-sparkle-bath-salt","12":"product_tag-kibirkiuoja-vonios-druskos-pirk","13":"product_tag-pirk-sparkle-bath-salt-europe","14":"product_tag-pirk-sparkle-von-druska","15":"product_tag-spindesio-vonios-druskos-efektas","16":"product_tag-kibirkiavimas-vonios-druska-internetu","17":"product_tag-kibirkiuojanti-vonia-druska-lenkija","18":"product_tag-sparkle-bath-salt-order","19":"product_tag-sparkle-bath-salt-reddit","20":"product_tag-sparkle-bath-salt-sweden","21":"product_tag-kibirkiuojanti-vonia-druska-vokietija","22":"product_tag-kibirkiuojantis-vonios-druskos-ipardavimas","23":"product_tag-kibirktis-vonios-druskos-pirkimas","25":"first","26":"instock","27":"shipping-taxable","28":"purchasable","29":"product-type-variable","30":"has-default-attributes"},"yoast_head":"<!-- This site is optimized with the Yoast SEO plugin v27.3 - https:\/\/yoast.com\/product\/yoast-seo-wordpress\/ -->\n<title>Pirkite Sparkle Bath Salt \u2013 Sparkle Bath Salt \u2013 geriausius pasaulinius vaistus<\/title>\n<meta name=\"description\" content=\"Pirkite putojan\u010di\u0105 vonios drusk\u0105 JK, Europoje, AU. Mes si\u016blome patikimiausi\u0105 sandor\u012f ir parduodame labai prieinamomis kainomis. U\u017esisakykite Sparkle Bath Salt dabar geriausiomis kainomis\" \/>\n<meta name=\"robots\" content=\"index, follow, max-snippet:-1, max-image-preview:large, max-video-preview:-1\" \/>\n<link rel=\"canonical\" href=\"https:\/\/medicinasinc.com\/lt\/product\/pirk-sparkle-von-druska\/\" \/>\n<meta property=\"og:locale\" content=\"en_US\" \/>\n<meta property=\"og:type\" content=\"article\" \/>\n<meta property=\"og:title\" content=\"Pirkite Sparkle Bath Salt \u2013 Sparkle Bath Salt \u2013 geriausius pasaulinius vaistus\" \/>\n<meta property=\"og:description\" content=\"Pirkite putojan\u010di\u0105 vonios drusk\u0105 JK, Europoje, AU. Mes si\u016blome patikimiausi\u0105 sandor\u012f ir parduodame labai prieinamomis kainomis. U\u017esisakykite Sparkle Bath Salt dabar geriausiomis kainomis\" \/>\n<meta property=\"og:url\" content=\"https:\/\/medicinasinc.com\/lt\/product\/pirk-sparkle-von-druska\/\" \/>\n<meta property=\"og:site_name\" content=\"Medicinas Inc\" \/>\n<meta property=\"article:modified_time\" content=\"2022-03-20T12:11:54+00:00\" \/>\n<meta property=\"og:image\" content=\"https:\/\/medicinasinc.com\/lt\/wp-content\/uploads\/sites\/9\/2022\/02\/Buy-Sparkle-Bath-Salt.jpg\" \/>\n\t<meta property=\"og:image:width\" content=\"750\" \/>\n\t<meta property=\"og:image:height\" content=\"750\" \/>\n\t<meta property=\"og:image:type\" content=\"image\/jpeg\" \/>\n<meta name=\"twitter:card\" content=\"summary_large_image\" \/>\n<meta name=\"twitter:label1\" content=\"Est. reading time\" \/>\n\t<meta name=\"twitter:data1\" content=\"2 minutes\" \/>\n<script type=\"application\/ld+json\" class=\"yoast-schema-graph\">{\"@context\":\"https:\\\/\\\/schema.org\",\"@graph\":[{\"@type\":\"WebPage\",\"@id\":\"https:\\\/\\\/medicinasinc.com\\\/lt\\\/product\\\/pirk-sparkle-von-druska\\\/\",\"url\":\"https:\\\/\\\/medicinasinc.com\\\/lt\\\/product\\\/pirk-sparkle-von-druska\\\/\",\"name\":\"Pirkite Sparkle Bath Salt \u2013 Sparkle Bath Salt \u2013 geriausius pasaulinius vaistus\",\"isPartOf\":{\"@id\":\"https:\\\/\\\/medicinasinc.com\\\/lt\\\/#website\"},\"primaryImageOfPage\":{\"@id\":\"https:\\\/\\\/medicinasinc.com\\\/lt\\\/product\\\/pirk-sparkle-von-druska\\\/#primaryimage\"},\"image\":{\"@id\":\"https:\\\/\\\/medicinasinc.com\\\/lt\\\/product\\\/pirk-sparkle-von-druska\\\/#primaryimage\"},\"thumbnailUrl\":\"https:\\\/\\\/medicinasinc.com\\\/lt\\\/wp-content\\\/uploads\\\/sites\\\/9\\\/2022\\\/02\\\/Buy-Sparkle-Bath-Salt.jpg\",\"datePublished\":\"2022-02-22T03:10:06+00:00\",\"dateModified\":\"2022-03-20T12:11:54+00:00\",\"description\":\"Pirkite putojan\u010di\u0105 vonios drusk\u0105 JK, Europoje, AU. Mes si\u016blome patikimiausi\u0105 sandor\u012f ir parduodame labai prieinamomis kainomis. U\u017esisakykite Sparkle Bath Salt dabar geriausiomis kainomis\",\"breadcrumb\":{\"@id\":\"https:\\\/\\\/medicinasinc.com\\\/lt\\\/product\\\/pirk-sparkle-von-druska\\\/#breadcrumb\"},\"inLanguage\":\"en-US\",\"potentialAction\":[{\"@type\":\"ReadAction\",\"target\":[\"https:\\\/\\\/medicinasinc.com\\\/lt\\\/product\\\/pirk-sparkle-von-druska\\\/\"]}]},{\"@type\":\"ImageObject\",\"inLanguage\":\"en-US\",\"@id\":\"https:\\\/\\\/medicinasinc.com\\\/lt\\\/product\\\/pirk-sparkle-von-druska\\\/#primaryimage\",\"url\":\"https:\\\/\\\/medicinasinc.com\\\/lt\\\/wp-content\\\/uploads\\\/sites\\\/9\\\/2022\\\/02\\\/Buy-Sparkle-Bath-Salt.jpg\",\"contentUrl\":\"https:\\\/\\\/medicinasinc.com\\\/lt\\\/wp-content\\\/uploads\\\/sites\\\/9\\\/2022\\\/02\\\/Buy-Sparkle-Bath-Salt.jpg\",\"width\":750,\"height\":750},{\"@type\":\"BreadcrumbList\",\"@id\":\"https:\\\/\\\/medicinasinc.com\\\/lt\\\/product\\\/pirk-sparkle-von-druska\\\/#breadcrumb\",\"itemListElement\":[{\"@type\":\"ListItem\",\"position\":1,\"name\":\"Parduotuv\u0117\",\"item\":\"https:\\\/\\\/medicinasinc.com\\\/lt\\\/parduotuve\\\/\"},{\"@type\":\"ListItem\",\"position\":2,\"name\":\"Pirkite Sparkle vonios drusk\u0105\"}]},{\"@type\":\"WebSite\",\"@id\":\"https:\\\/\\\/medicinasinc.com\\\/lt\\\/#website\",\"url\":\"https:\\\/\\\/medicinasinc.com\\\/lt\\\/\",\"name\":\"Medicinas Inc\",\"description\":\"Sveikatos medicinos klinika\",\"potentialAction\":[{\"@type\":\"SearchAction\",\"target\":{\"@type\":\"EntryPoint\",\"urlTemplate\":\"https:\\\/\\\/medicinasinc.com\\\/lt\\\/?s={search_term_string}\"},\"query-input\":{\"@type\":\"PropertyValueSpecification\",\"valueRequired\":true,\"valueName\":\"search_term_string\"}}],\"inLanguage\":\"en-US\"}]}<\/script>\n<!-- \/ Yoast SEO plugin. -->","yoast_head_json":{"title":"Pirkite Sparkle Bath Salt \u2013 Sparkle Bath Salt \u2013 geriausius pasaulinius vaistus","description":"Pirkite putojan\u010di\u0105 vonios drusk\u0105 JK, Europoje, AU. Mes si\u016blome patikimiausi\u0105 sandor\u012f ir parduodame labai prieinamomis kainomis. U\u017esisakykite Sparkle Bath Salt dabar geriausiomis kainomis","robots":{"index":"index","follow":"follow","max-snippet":"max-snippet:-1","max-image-preview":"max-image-preview:large","max-video-preview":"max-video-preview:-1"},"canonical":"https:\/\/medicinasinc.com\/lt\/product\/pirk-sparkle-von-druska\/","og_locale":"en_US","og_type":"article","og_title":"Pirkite Sparkle Bath Salt \u2013 Sparkle Bath Salt \u2013 geriausius pasaulinius vaistus","og_description":"Pirkite putojan\u010di\u0105 vonios drusk\u0105 JK, Europoje, AU. Mes si\u016blome patikimiausi\u0105 sandor\u012f ir parduodame labai prieinamomis kainomis. U\u017esisakykite Sparkle Bath Salt dabar geriausiomis kainomis","og_url":"https:\/\/medicinasinc.com\/lt\/product\/pirk-sparkle-von-druska\/","og_site_name":"Medicinas Inc","article_modified_time":"2022-03-20T12:11:54+00:00","og_image":[{"width":750,"height":750,"url":"https:\/\/medicinasinc.com\/lt\/wp-content\/uploads\/sites\/9\/2022\/02\/Buy-Sparkle-Bath-Salt.jpg","type":"image\/jpeg"}],"twitter_card":"summary_large_image","twitter_misc":{"Est. reading time":"2 minutes"},"schema":{"@context":"https:\/\/schema.org","@graph":[{"@type":"WebPage","@id":"https:\/\/medicinasinc.com\/lt\/product\/pirk-sparkle-von-druska\/","url":"https:\/\/medicinasinc.com\/lt\/product\/pirk-sparkle-von-druska\/","name":"Pirkite Sparkle Bath Salt \u2013 Sparkle Bath Salt \u2013 geriausius pasaulinius vaistus","isPartOf":{"@id":"https:\/\/medicinasinc.com\/lt\/#website"},"primaryImageOfPage":{"@id":"https:\/\/medicinasinc.com\/lt\/product\/pirk-sparkle-von-druska\/#primaryimage"},"image":{"@id":"https:\/\/medicinasinc.com\/lt\/product\/pirk-sparkle-von-druska\/#primaryimage"},"thumbnailUrl":"https:\/\/medicinasinc.com\/lt\/wp-content\/uploads\/sites\/9\/2022\/02\/Buy-Sparkle-Bath-Salt.jpg","datePublished":"2022-02-22T03:10:06+00:00","dateModified":"2022-03-20T12:11:54+00:00","description":"Pirkite putojan\u010di\u0105 vonios drusk\u0105 JK, Europoje, AU. Mes si\u016blome patikimiausi\u0105 sandor\u012f ir parduodame labai prieinamomis kainomis. U\u017esisakykite Sparkle Bath Salt dabar geriausiomis kainomis","breadcrumb":{"@id":"https:\/\/medicinasinc.com\/lt\/product\/pirk-sparkle-von-druska\/#breadcrumb"},"inLanguage":"en-US","potentialAction":[{"@type":"ReadAction","target":["https:\/\/medicinasinc.com\/lt\/product\/pirk-sparkle-von-druska\/"]}]},{"@type":"ImageObject","inLanguage":"en-US","@id":"https:\/\/medicinasinc.com\/lt\/product\/pirk-sparkle-von-druska\/#primaryimage","url":"https:\/\/medicinasinc.com\/lt\/wp-content\/uploads\/sites\/9\/2022\/02\/Buy-Sparkle-Bath-Salt.jpg","contentUrl":"https:\/\/medicinasinc.com\/lt\/wp-content\/uploads\/sites\/9\/2022\/02\/Buy-Sparkle-Bath-Salt.jpg","width":750,"height":750},{"@type":"BreadcrumbList","@id":"https:\/\/medicinasinc.com\/lt\/product\/pirk-sparkle-von-druska\/#breadcrumb","itemListElement":[{"@type":"ListItem","position":1,"name":"Parduotuv\u0117","item":"https:\/\/medicinasinc.com\/lt\/parduotuve\/"},{"@type":"ListItem","position":2,"name":"Pirkite Sparkle vonios drusk\u0105"}]},{"@type":"WebSite","@id":"https:\/\/medicinasinc.com\/lt\/#website","url":"https:\/\/medicinasinc.com\/lt\/","name":"Medicinas Inc","description":"Sveikatos medicinos klinika","potentialAction":[{"@type":"SearchAction","target":{"@type":"EntryPoint","urlTemplate":"https:\/\/medicinasinc.com\/lt\/?s={search_term_string}"},"query-input":{"@type":"PropertyValueSpecification","valueRequired":true,"valueName":"search_term_string"}}],"inLanguage":"en-US"}]}},"_links":{"self":[{"href":"https:\/\/medicinasinc.com\/lt\/wp-json\/wp\/v2\/product\/5637","targetHints":{"allow":["GET"]}}],"collection":[{"href":"https:\/\/medicinasinc.com\/lt\/wp-json\/wp\/v2\/product"}],"about":[{"href":"https:\/\/medicinasinc.com\/lt\/wp-json\/wp\/v2\/types\/product"}],"replies":[{"embeddable":true,"href":"https:\/\/medicinasinc.com\/lt\/wp-json\/wp\/v2\/comments?post=5637"}],"wp:featuredmedia":[{"embeddable":true,"href":"https:\/\/medicinasinc.com\/lt\/wp-json\/wp\/v2\/media\/5648"}],"wp:attachment":[{"href":"https:\/\/medicinasinc.com\/lt\/wp-json\/wp\/v2\/media?parent=5637"}],"wp:term":[{"taxonomy":"product_brand","embeddable":true,"href":"https:\/\/medicinasinc.com\/lt\/wp-json\/wp\/v2\/product_brand?post=5637"},{"taxonomy":"product_cat","embeddable":true,"href":"https:\/\/medicinasinc.com\/lt\/wp-json\/wp\/v2\/product_cat?post=5637"},{"taxonomy":"product_tag","embeddable":true,"href":"https:\/\/medicinasinc.com\/lt\/wp-json\/wp\/v2\/product_tag?post=5637"}],"curies":[{"name":"wp","href":"https:\/\/api.w.org\/{rel}","templated":true}]}}