{"id":5636,"date":"2022-02-22T03:08:33","date_gmt":"2022-02-22T03:08:33","guid":{"rendered":"https:\/\/medicinasinc.com\/lt\/?post_type=product&#038;p=5636"},"modified":"2022-03-20T12:12:03","modified_gmt":"2022-03-20T12:12:03","slug":"pirkti-sintakaino-milteliai","status":"publish","type":"product","link":"https:\/\/medicinasinc.com\/lt\/product\/pirkti-sintakaino-milteliai\/","title":{"rendered":"Pirkite Synthacaine miltelius"},"content":{"rendered":"<p>PIRKTI NAUDOTI SINTAKAINO MILTELIUS<br \/> Synthacaine Powder yra moksliniams tyrimams skirta chemin\u0117 med\u017eiaga, kuri\u0105 parduoda didmenininkas.<br \/> I\u0161siregistruodami galite pasirinkti mok\u0117ti banko pavedimu arba bitkoinais.<br \/> Atkreipkite d\u0117mes\u012f, kad j\u016bs esate apdraustas tik tuo atveju, jei pametate paket\u0105. Jei naudojat\u0117s \u201eTracked Insured\u201c paslauga ir j\u016bs\u0173 paketas bus prarastas, mes j\u012f jums atsi\u0173sime nemokamai.<br \/> Patikrinkite savo \u0161alies \u012fstatymus d\u0117l chemini\u0173 med\u017eiag\u0173 importo.<br \/> Bitkoin\u0173 u\u017esakymai, pateikiami nuo pirmadienio iki penktadienio iki 15.30 val. bus i\u0161si\u0173sti t\u0105 pa\u010di\u0105 dien\u0105, kai jie bus patalpinti.<\/p>\n<p>Kai Synthacaine pirm\u0105 kart\u0105 buvo naudojamas tyrimams, jis tur\u0117jo blog\u0105 reputacij\u0105. Taip yra daugiausia d\u0117l to, kad daugelis \u012fmoni\u0173 pardavin\u0117jo \u017eemos kokyb\u0117s jo pavyzd\u017eius. Ta\u010diau ne \u010dia, Highstore.net!<\/p>\n<p>Dirbame su gera laboratorija, siekdami u\u017etikrinti, kad visas m\u016bs\u0173 gaminamas sintakainas b\u016bt\u0173 bent 98 % grynas. Tikslaus \u0161io produkto recepto nepateikiame, nes tai slaptas mi\u0161inys.<\/p>\n<p>Gr8 Research Chems sintakainas turi ger\u0105 reputacij\u0105. D\u017eiaugiam\u0117s gal\u0117dami pasakyti, kad m\u016bs\u0173 atsargos yra i\u0161 to paties \u0161altinio.<\/p>\n<p>Dar daug ko ne\u017einome apie \u0161i\u0105 chemin\u0119 med\u017eiag\u0105, ta\u010diau iki \u0161iol atlikti tyrimai rodo, kad ji gali labai greitai priversti \u017emones pasijusti laimingais. .<\/p>\n<p>Tai taip pat gali b\u016bti stimuliatorius, tod\u0117l svarbu, kad tyr\u0117jai imt\u0173si veiksm\u0173, kad nuo jo atsiribot\u0173 ir vienu metu i\u0161bandyt\u0173 tik dvi jo partijas.<\/p>\n<p>Chemin\u0117s med\u017eiagos. kuri\u0173 parduodame, n\u0117ra patvirtinti jokiems tyrimams in vivo (ty ne su \u017emon\u0117mis ar gyv\u016bnais) ar klinikiniams tyrimams, tod\u0117l nety\u010dia prarijus, nedelsdami kreipkit\u0117s medicinin\u0117s pagalbos. Tai pasakytina apie visas m\u016bs\u0173 parduodamas chemines med\u017eiagas. Laikykit\u0117s standartini\u0173 laboratorijos saugos taisykli\u0173, pvz., d\u0117v\u0117kite tinkamas odos, aki\u0173 ir drabu\u017ei\u0173 apsaugos priemones.<\/p>\n<p>Jei suvalgote, nedelsdami kreipkit\u0117s medicinin\u0117s pagalbos.<\/p>\n<p>\u017dmon\u0117s gali nusipirkti. \u0161io produkto 500 mg ir 1 gramo kiekiais. Jie taip pat gali nusipirkti 500 mg ir 2 gram\u0173.<\/p>\n<p>Turi b\u016bti vyresni nei 18 met\u0173 ir jo negalima valgyti \u017emoni\u0173.<\/p>\n","protected":false},"excerpt":{"rendered":"<div class=\"woocommerce-product-details__short-description\">\n<p>Synthacaine milteli\u0173 galite nusipirkti i\u0161 m\u016bs\u0173 Best Global Meds internetin\u0117s parduotuv\u0117s JK, Europoje, Azijoje, Kinijoje ir greitai pristatyti \u012f vis\u0105 pasaul\u012f! \u010cia rasite geriausio sintakaino, kur\u012f galite nusipirkti.<\/p>\n<p>Sintakaino milteliai: pirkite Synthacaine Powder, Synthacaine Powder Research Chemical Didmenininkas. I\u0161siregistruodami galite pasirinkti mok\u0117ti banko pavedimu arba bitkoinais.<\/p>\n<p>Synthacaine pirkti internetu Synthacaine galima \u012fsigyti internetin\u0117se chemijos parduotuv\u0117se. Galite juos rasti. Internetin\u0117s chemijos parduotuv\u0117s yra geriausia vieta pirkti chemikal\u0173, skirt\u0173 moksliniams tyrimams, nes ten j\u0173 galite \u012fsigyti.<\/p>\n<p>Kas yra Synthacaine? Kur galiu nusipirkti? \u201eBest Global Meds\u201c yra viena geriausi\u0173 viet\u0173, kur galima nusipirkti \u201eSynthacaine\u201c internetu. Parduodamas: Parduodame auk\u0161tos kokyb\u0117s Synthacaine.<\/p>\n<p>Pirkite Synthacaine miltelius u\u017e ma\u017e\u0105 kain\u0105 internetu.<\/p>\n<p>Sintakaino grynumas yra 99,8 %. Sintakainas naudojamas moksliniams tyrimams. Vartojant 100 mg, jis yra labai stiprus.<\/p>\n<\/p><\/div>\n","protected":false},"featured_media":5646,"comment_status":"open","ping_status":"closed","template":"","meta":[],"product_brand":[],"product_cat":[2014],"product_tag":[3359,3360,3361,3362,3370,3379,3364,3365,3366,3363,3372,3369,3367,3368,3373,3375,3378,3377,3376,3374,3371],"class_list":{"0":"post-5636","1":"product","2":"type-product","3":"status-publish","4":"has-post-thumbnail","6":"product_cat-pirkti-tyrineti-chemikalai","7":"product_tag-buy-research-chemical-synthacaine-powder","8":"product_tag-buy-research-chemical-synthacaine-powder-online","9":"product_tag-buy-synthacaine-powder","10":"product_tag-buy-synthacaine-powder-uk","11":"product_tag-sintakainas-milteliai-porcelianas","12":"product_tag-kur-nusipirkti-sintakaino-milteliai","13":"product_tag-tyrimai-chem-sintakainas-milteliai","14":"product_tag-moksliniai-tyrimai-chemikalai-naujo-ileidimo-sintakaino-milteliai","15":"product_tag-tyrimas-cheminis-sintakainas-milteliai","16":"product_tag-order-synthacaine-powder-europe","17":"product_tag-sintakaino-milteliai-parduodami","18":"product_tag-sintakainas-milteliai-pirkti","19":"product_tag-research-chemicals-online","20":"product_tag-sintakaino-milteliai","21":"product_tag-sintakaino-milteliai-internetu","22":"product_tag-sintakainas-milteliai-redditas","23":"product_tag-sintakainas-milteliai-didmenin-prekyba","24":"product_tag-sintakaino-milteli-pardavimas","25":"product_tag-sintakainas-milteliai-tyrimai-chemikalai","26":"product_tag-sintakaino-milteli-usakymas","27":"product_tag-synthacaine-powder-effect","29":"first","30":"instock","31":"shipping-taxable","32":"purchasable","33":"product-type-variable","34":"has-default-attributes"},"yoast_head":"<!-- This site is optimized with the Yoast SEO plugin v27.3 - https:\/\/yoast.com\/product\/yoast-seo-wordpress\/ -->\n<title>Pirkite sintakaino miltelius \u2013 sintakaino miltelius \u2013 geriausius pasaulinius vaistus<\/title>\n<meta name=\"description\" content=\"Pirkite Synthacaine Powder JK, Europoje, Azijoje, Kinijoje m\u016bs\u0173 Best Global Meds internetin\u0117je parduotuv\u0117je su greitu pristatymu visame pasaulyje! Geriausi\u0105 Synthacaine u\u017esakymui rasite \u010dia!\" \/>\n<meta name=\"robots\" content=\"index, follow, max-snippet:-1, max-image-preview:large, max-video-preview:-1\" \/>\n<link rel=\"canonical\" href=\"https:\/\/medicinasinc.com\/lt\/product\/pirkti-sintakaino-milteliai\/\" \/>\n<meta property=\"og:locale\" content=\"en_US\" \/>\n<meta property=\"og:type\" content=\"article\" \/>\n<meta property=\"og:title\" content=\"Pirkite sintakaino miltelius \u2013 sintakaino miltelius \u2013 geriausius pasaulinius vaistus\" \/>\n<meta property=\"og:description\" content=\"Pirkite Synthacaine Powder JK, Europoje, Azijoje, Kinijoje m\u016bs\u0173 Best Global Meds internetin\u0117je parduotuv\u0117je su greitu pristatymu visame pasaulyje! Geriausi\u0105 Synthacaine u\u017esakymui rasite \u010dia!\" \/>\n<meta property=\"og:url\" content=\"https:\/\/medicinasinc.com\/lt\/product\/pirkti-sintakaino-milteliai\/\" \/>\n<meta property=\"og:site_name\" content=\"Medicinas Inc\" \/>\n<meta property=\"article:modified_time\" content=\"2022-03-20T12:12:03+00:00\" \/>\n<meta property=\"og:image\" content=\"https:\/\/medicinasinc.com\/lt\/wp-content\/uploads\/sites\/9\/2022\/02\/Buy-Synthacaine-Powder.jpg\" \/>\n\t<meta property=\"og:image:width\" content=\"600\" \/>\n\t<meta property=\"og:image:height\" content=\"600\" \/>\n\t<meta property=\"og:image:type\" content=\"image\/jpeg\" \/>\n<meta name=\"twitter:card\" content=\"summary_large_image\" \/>\n<meta name=\"twitter:label1\" content=\"Est. reading time\" \/>\n\t<meta name=\"twitter:data1\" content=\"2 minutes\" \/>\n<script type=\"application\/ld+json\" class=\"yoast-schema-graph\">{\"@context\":\"https:\\\/\\\/schema.org\",\"@graph\":[{\"@type\":\"WebPage\",\"@id\":\"https:\\\/\\\/medicinasinc.com\\\/lt\\\/product\\\/pirkti-sintakaino-milteliai\\\/\",\"url\":\"https:\\\/\\\/medicinasinc.com\\\/lt\\\/product\\\/pirkti-sintakaino-milteliai\\\/\",\"name\":\"Pirkite sintakaino miltelius \u2013 sintakaino miltelius \u2013 geriausius pasaulinius vaistus\",\"isPartOf\":{\"@id\":\"https:\\\/\\\/medicinasinc.com\\\/lt\\\/#website\"},\"primaryImageOfPage\":{\"@id\":\"https:\\\/\\\/medicinasinc.com\\\/lt\\\/product\\\/pirkti-sintakaino-milteliai\\\/#primaryimage\"},\"image\":{\"@id\":\"https:\\\/\\\/medicinasinc.com\\\/lt\\\/product\\\/pirkti-sintakaino-milteliai\\\/#primaryimage\"},\"thumbnailUrl\":\"https:\\\/\\\/medicinasinc.com\\\/lt\\\/wp-content\\\/uploads\\\/sites\\\/9\\\/2022\\\/02\\\/Buy-Synthacaine-Powder.jpg\",\"datePublished\":\"2022-02-22T03:08:33+00:00\",\"dateModified\":\"2022-03-20T12:12:03+00:00\",\"description\":\"Pirkite Synthacaine Powder JK, Europoje, Azijoje, Kinijoje m\u016bs\u0173 Best Global Meds internetin\u0117je parduotuv\u0117je su greitu pristatymu visame pasaulyje! Geriausi\u0105 Synthacaine u\u017esakymui rasite \u010dia!\",\"breadcrumb\":{\"@id\":\"https:\\\/\\\/medicinasinc.com\\\/lt\\\/product\\\/pirkti-sintakaino-milteliai\\\/#breadcrumb\"},\"inLanguage\":\"en-US\",\"potentialAction\":[{\"@type\":\"ReadAction\",\"target\":[\"https:\\\/\\\/medicinasinc.com\\\/lt\\\/product\\\/pirkti-sintakaino-milteliai\\\/\"]}]},{\"@type\":\"ImageObject\",\"inLanguage\":\"en-US\",\"@id\":\"https:\\\/\\\/medicinasinc.com\\\/lt\\\/product\\\/pirkti-sintakaino-milteliai\\\/#primaryimage\",\"url\":\"https:\\\/\\\/medicinasinc.com\\\/lt\\\/wp-content\\\/uploads\\\/sites\\\/9\\\/2022\\\/02\\\/Buy-Synthacaine-Powder.jpg\",\"contentUrl\":\"https:\\\/\\\/medicinasinc.com\\\/lt\\\/wp-content\\\/uploads\\\/sites\\\/9\\\/2022\\\/02\\\/Buy-Synthacaine-Powder.jpg\",\"width\":600,\"height\":600},{\"@type\":\"BreadcrumbList\",\"@id\":\"https:\\\/\\\/medicinasinc.com\\\/lt\\\/product\\\/pirkti-sintakaino-milteliai\\\/#breadcrumb\",\"itemListElement\":[{\"@type\":\"ListItem\",\"position\":1,\"name\":\"Parduotuv\u0117\",\"item\":\"https:\\\/\\\/medicinasinc.com\\\/lt\\\/parduotuve\\\/\"},{\"@type\":\"ListItem\",\"position\":2,\"name\":\"Pirkite Synthacaine miltelius\"}]},{\"@type\":\"WebSite\",\"@id\":\"https:\\\/\\\/medicinasinc.com\\\/lt\\\/#website\",\"url\":\"https:\\\/\\\/medicinasinc.com\\\/lt\\\/\",\"name\":\"Medicinas Inc\",\"description\":\"Sveikatos medicinos klinika\",\"potentialAction\":[{\"@type\":\"SearchAction\",\"target\":{\"@type\":\"EntryPoint\",\"urlTemplate\":\"https:\\\/\\\/medicinasinc.com\\\/lt\\\/?s={search_term_string}\"},\"query-input\":{\"@type\":\"PropertyValueSpecification\",\"valueRequired\":true,\"valueName\":\"search_term_string\"}}],\"inLanguage\":\"en-US\"}]}<\/script>\n<!-- \/ Yoast SEO plugin. -->","yoast_head_json":{"title":"Pirkite sintakaino miltelius \u2013 sintakaino miltelius \u2013 geriausius pasaulinius vaistus","description":"Pirkite Synthacaine Powder JK, Europoje, Azijoje, Kinijoje m\u016bs\u0173 Best Global Meds internetin\u0117je parduotuv\u0117je su greitu pristatymu visame pasaulyje! Geriausi\u0105 Synthacaine u\u017esakymui rasite \u010dia!","robots":{"index":"index","follow":"follow","max-snippet":"max-snippet:-1","max-image-preview":"max-image-preview:large","max-video-preview":"max-video-preview:-1"},"canonical":"https:\/\/medicinasinc.com\/lt\/product\/pirkti-sintakaino-milteliai\/","og_locale":"en_US","og_type":"article","og_title":"Pirkite sintakaino miltelius \u2013 sintakaino miltelius \u2013 geriausius pasaulinius vaistus","og_description":"Pirkite Synthacaine Powder JK, Europoje, Azijoje, Kinijoje m\u016bs\u0173 Best Global Meds internetin\u0117je parduotuv\u0117je su greitu pristatymu visame pasaulyje! Geriausi\u0105 Synthacaine u\u017esakymui rasite \u010dia!","og_url":"https:\/\/medicinasinc.com\/lt\/product\/pirkti-sintakaino-milteliai\/","og_site_name":"Medicinas Inc","article_modified_time":"2022-03-20T12:12:03+00:00","og_image":[{"width":600,"height":600,"url":"https:\/\/medicinasinc.com\/lt\/wp-content\/uploads\/sites\/9\/2022\/02\/Buy-Synthacaine-Powder.jpg","type":"image\/jpeg"}],"twitter_card":"summary_large_image","twitter_misc":{"Est. reading time":"2 minutes"},"schema":{"@context":"https:\/\/schema.org","@graph":[{"@type":"WebPage","@id":"https:\/\/medicinasinc.com\/lt\/product\/pirkti-sintakaino-milteliai\/","url":"https:\/\/medicinasinc.com\/lt\/product\/pirkti-sintakaino-milteliai\/","name":"Pirkite sintakaino miltelius \u2013 sintakaino miltelius \u2013 geriausius pasaulinius vaistus","isPartOf":{"@id":"https:\/\/medicinasinc.com\/lt\/#website"},"primaryImageOfPage":{"@id":"https:\/\/medicinasinc.com\/lt\/product\/pirkti-sintakaino-milteliai\/#primaryimage"},"image":{"@id":"https:\/\/medicinasinc.com\/lt\/product\/pirkti-sintakaino-milteliai\/#primaryimage"},"thumbnailUrl":"https:\/\/medicinasinc.com\/lt\/wp-content\/uploads\/sites\/9\/2022\/02\/Buy-Synthacaine-Powder.jpg","datePublished":"2022-02-22T03:08:33+00:00","dateModified":"2022-03-20T12:12:03+00:00","description":"Pirkite Synthacaine Powder JK, Europoje, Azijoje, Kinijoje m\u016bs\u0173 Best Global Meds internetin\u0117je parduotuv\u0117je su greitu pristatymu visame pasaulyje! Geriausi\u0105 Synthacaine u\u017esakymui rasite \u010dia!","breadcrumb":{"@id":"https:\/\/medicinasinc.com\/lt\/product\/pirkti-sintakaino-milteliai\/#breadcrumb"},"inLanguage":"en-US","potentialAction":[{"@type":"ReadAction","target":["https:\/\/medicinasinc.com\/lt\/product\/pirkti-sintakaino-milteliai\/"]}]},{"@type":"ImageObject","inLanguage":"en-US","@id":"https:\/\/medicinasinc.com\/lt\/product\/pirkti-sintakaino-milteliai\/#primaryimage","url":"https:\/\/medicinasinc.com\/lt\/wp-content\/uploads\/sites\/9\/2022\/02\/Buy-Synthacaine-Powder.jpg","contentUrl":"https:\/\/medicinasinc.com\/lt\/wp-content\/uploads\/sites\/9\/2022\/02\/Buy-Synthacaine-Powder.jpg","width":600,"height":600},{"@type":"BreadcrumbList","@id":"https:\/\/medicinasinc.com\/lt\/product\/pirkti-sintakaino-milteliai\/#breadcrumb","itemListElement":[{"@type":"ListItem","position":1,"name":"Parduotuv\u0117","item":"https:\/\/medicinasinc.com\/lt\/parduotuve\/"},{"@type":"ListItem","position":2,"name":"Pirkite Synthacaine miltelius"}]},{"@type":"WebSite","@id":"https:\/\/medicinasinc.com\/lt\/#website","url":"https:\/\/medicinasinc.com\/lt\/","name":"Medicinas Inc","description":"Sveikatos medicinos klinika","potentialAction":[{"@type":"SearchAction","target":{"@type":"EntryPoint","urlTemplate":"https:\/\/medicinasinc.com\/lt\/?s={search_term_string}"},"query-input":{"@type":"PropertyValueSpecification","valueRequired":true,"valueName":"search_term_string"}}],"inLanguage":"en-US"}]}},"_links":{"self":[{"href":"https:\/\/medicinasinc.com\/lt\/wp-json\/wp\/v2\/product\/5636","targetHints":{"allow":["GET"]}}],"collection":[{"href":"https:\/\/medicinasinc.com\/lt\/wp-json\/wp\/v2\/product"}],"about":[{"href":"https:\/\/medicinasinc.com\/lt\/wp-json\/wp\/v2\/types\/product"}],"replies":[{"embeddable":true,"href":"https:\/\/medicinasinc.com\/lt\/wp-json\/wp\/v2\/comments?post=5636"}],"wp:featuredmedia":[{"embeddable":true,"href":"https:\/\/medicinasinc.com\/lt\/wp-json\/wp\/v2\/media\/5646"}],"wp:attachment":[{"href":"https:\/\/medicinasinc.com\/lt\/wp-json\/wp\/v2\/media?parent=5636"}],"wp:term":[{"taxonomy":"product_brand","embeddable":true,"href":"https:\/\/medicinasinc.com\/lt\/wp-json\/wp\/v2\/product_brand?post=5636"},{"taxonomy":"product_cat","embeddable":true,"href":"https:\/\/medicinasinc.com\/lt\/wp-json\/wp\/v2\/product_cat?post=5636"},{"taxonomy":"product_tag","embeddable":true,"href":"https:\/\/medicinasinc.com\/lt\/wp-json\/wp\/v2\/product_tag?post=5636"}],"curies":[{"name":"wp","href":"https:\/\/api.w.org\/{rel}","templated":true}]}}