{"id":5635,"date":"2022-02-22T03:07:02","date_gmt":"2022-02-22T03:07:02","guid":{"rendered":"https:\/\/medicinasinc.com\/lt\/?post_type=product&#038;p=5635"},"modified":"2022-03-20T12:12:12","modified_gmt":"2022-03-20T12:12:12","slug":"pirk-ramybe-vonios-druska","status":"publish","type":"product","link":"https:\/\/medicinasinc.com\/lt\/product\/pirk-ramybe-vonios-druska\/","title":{"rendered":"Pirkite \u201eTranquility\u201c vonios drusk\u0105"},"content":{"rendered":"<p>Pirkite \u201eTranquility Bath Salts\u201c internetu: kaip jas nusipirkti?<\/p>\n<p>Best Best Global Meds parduoda auk\u0161tos kokyb\u0117s vonios druskas, kurios suteiks jums skland\u017ei\u0105, jausming\u0105 voni\u0105 ir jausit\u0117s \u0161varios.<\/p>\n<p>Kai i\u0161 m\u016bs\u0173 \u201eperkate ramyb\u0117s vonios druskas internetu\u201c, galite b\u016bti tikri, kad jos yra geriausios. Geromis kainomis parduodame ir perkame kitas koncentruotas vonios druskas.<\/p>\n<p>M\u016bs\u0173 vonios druskos turi stipr\u0173 kvap\u0105.<\/p>\n<p>Ie\u0161kote, kur internete nusipirkti raminan\u010di\u0173 vonios drusk\u0173? Chemicals Lab suteikia jums galimyb\u0119 nusipirkti ramyb\u0119 suteikian\u010di\u0173 vonios drusk\u0173 internetu be joki\u0173 problem\u0173 ar nepatogum\u0173. Dirbame i\u0161tis\u0105 par\u0105, kad sutaupytum\u0117te pinig\u0173 kiekvien\u0105 kart\u0105, kai perkate ramyb\u0117s vonios druskas i\u0161 m\u016bs\u0173 internetin\u0117s vaistin\u0117s. Kai k\u0105 nors perkate i\u0161 Chemicals Lab, norime, kad mok\u0117tum\u0117te ma\u017eiau ir gautum\u0117te daugiau.<\/p>\n<div class=\"product-next-previous\">\n<div class=\"product-prev\"><\/div>\n<p> div&gt;<\/p>\n","protected":false},"excerpt":{"rendered":"<p>M\u016bs\u0173 \u201ebestglobalmeds\u201c svetain\u0117je galite nusipirkti \u201eTranquility Bath Salt\u201c i\u0161 JK, Europos, Azijos ir Kinijos ir greitai j\u0105 pristatyti visame pasaulyje! \u010cia galite nusipirkti geriausios u\u017esakomos \u201eTranquility Bath Salt\u201c druskos.<\/p>\n<p>Tranquility vonios druskos galite nusipirkti internetu i\u0161 patikimo tiek\u0117jo. Parduodame geriausius maudymosi produktus, pvz., vonios druskas.<\/p>\n<p>Pirkite \u201eTranquility Bath Salts\u201c internetu DABAR! Turime jums geriausi\u0173 maudymosi produkt\u0173, pvz., vonios drusk\u0173.<\/p>\n","protected":false},"featured_media":5644,"comment_status":"open","ping_status":"closed","template":"","meta":[],"product_brand":[],"product_cat":[2014],"product_tag":[3354,3353,3352,3351,3356,3344,3345,3346,3357,3358,3347,3348,3350,3349,3355],"class_list":{"0":"post-5635","1":"product","2":"type-product","3":"status-publish","4":"has-post-thumbnail","6":"product_cat-pirkti-tyrineti-chemikalai","7":"product_tag-ramyb-vonios-druskos-mamenininkas","8":"product_tag-ramybe-bath-salts-reddit","9":"product_tag-ramybe-bath-salts-order-europe","10":"product_tag-taika-vonios-druskos-internete","11":"product_tag-ramyb-vonios-drusk-tiekjas","12":"product_tag-buy-tranquility-bath-salts","13":"product_tag-buy-tranquility-bath-salts-online","14":"product_tag-buy-tranquility-bath-salts-uk","15":"product_tag-ramyb-vonios-druskos-didmenin-prekyba","16":"product_tag-kur-pirkti-ramybs-vonios-druskos","17":"product_tag-order-tranquility-bath-salts","18":"product_tag-order-tranquility-bath-salts-online","19":"product_tag-ramybs-vonios-druskos-parduodu","20":"product_tag-ramyb-vonios-druskos","21":"product_tag-ramyb-vonios-druskos-pardavimas","23":"first","24":"instock","25":"shipping-taxable","26":"purchasable","27":"product-type-variable"},"yoast_head":"<!-- This site is optimized with the Yoast SEO plugin v27.3 - https:\/\/yoast.com\/product\/yoast-seo-wordpress\/ -->\n<title>Pirkite \u201eTranquility Bath Salt\u201c \u2013 \u201eTranquility Bath Salt\u201c \u2013 geriausius pasaulinius vaistus<\/title>\n<meta name=\"description\" content=\"Pirkite Tranquility Bath Salt JK, Europoje, Azijoje, Kinijoje m\u016bs\u0173 geriausioje globalmeds internetin\u0117je parduotuv\u0117je su greitu pristatymu visame pasaulyje! \u010cia rasite geriausi\u0105 u\u017esakymui skirt\u0105 \u201eTranquility Bath Salt\u201c drusk\u0105!\" \/>\n<meta name=\"robots\" content=\"index, follow, max-snippet:-1, max-image-preview:large, max-video-preview:-1\" \/>\n<link rel=\"canonical\" href=\"https:\/\/medicinasinc.com\/lt\/product\/pirk-ramybe-vonios-druska\/\" \/>\n<meta property=\"og:locale\" content=\"en_US\" \/>\n<meta property=\"og:type\" content=\"article\" \/>\n<meta property=\"og:title\" content=\"Pirkite \u201eTranquility Bath Salt\u201c \u2013 \u201eTranquility Bath Salt\u201c \u2013 geriausius pasaulinius vaistus\" \/>\n<meta property=\"og:description\" content=\"Pirkite Tranquility Bath Salt JK, Europoje, Azijoje, Kinijoje m\u016bs\u0173 geriausioje globalmeds internetin\u0117je parduotuv\u0117je su greitu pristatymu visame pasaulyje! \u010cia rasite geriausi\u0105 u\u017esakymui skirt\u0105 \u201eTranquility Bath Salt\u201c drusk\u0105!\" \/>\n<meta property=\"og:url\" content=\"https:\/\/medicinasinc.com\/lt\/product\/pirk-ramybe-vonios-druska\/\" \/>\n<meta property=\"og:site_name\" content=\"Medicinas Inc\" \/>\n<meta property=\"article:modified_time\" content=\"2022-03-20T12:12:12+00:00\" \/>\n<meta property=\"og:image\" content=\"https:\/\/medicinasinc.com\/lt\/wp-content\/uploads\/sites\/9\/2022\/02\/Buy-Tranquility-Bath-Salt.jpg\" \/>\n\t<meta property=\"og:image:width\" content=\"236\" \/>\n\t<meta property=\"og:image:height\" content=\"225\" \/>\n\t<meta property=\"og:image:type\" content=\"image\/jpeg\" \/>\n<meta name=\"twitter:card\" content=\"summary_large_image\" \/>\n<meta name=\"twitter:label1\" content=\"Est. reading time\" \/>\n\t<meta name=\"twitter:data1\" content=\"1 minute\" \/>\n<script type=\"application\/ld+json\" class=\"yoast-schema-graph\">{\"@context\":\"https:\\\/\\\/schema.org\",\"@graph\":[{\"@type\":\"WebPage\",\"@id\":\"https:\\\/\\\/medicinasinc.com\\\/lt\\\/product\\\/pirk-ramybe-vonios-druska\\\/\",\"url\":\"https:\\\/\\\/medicinasinc.com\\\/lt\\\/product\\\/pirk-ramybe-vonios-druska\\\/\",\"name\":\"Pirkite \u201eTranquility Bath Salt\u201c \u2013 \u201eTranquility Bath Salt\u201c \u2013 geriausius pasaulinius vaistus\",\"isPartOf\":{\"@id\":\"https:\\\/\\\/medicinasinc.com\\\/lt\\\/#website\"},\"primaryImageOfPage\":{\"@id\":\"https:\\\/\\\/medicinasinc.com\\\/lt\\\/product\\\/pirk-ramybe-vonios-druska\\\/#primaryimage\"},\"image\":{\"@id\":\"https:\\\/\\\/medicinasinc.com\\\/lt\\\/product\\\/pirk-ramybe-vonios-druska\\\/#primaryimage\"},\"thumbnailUrl\":\"https:\\\/\\\/medicinasinc.com\\\/lt\\\/wp-content\\\/uploads\\\/sites\\\/9\\\/2022\\\/02\\\/Buy-Tranquility-Bath-Salt.jpg\",\"datePublished\":\"2022-02-22T03:07:02+00:00\",\"dateModified\":\"2022-03-20T12:12:12+00:00\",\"description\":\"Pirkite Tranquility Bath Salt JK, Europoje, Azijoje, Kinijoje m\u016bs\u0173 geriausioje globalmeds internetin\u0117je parduotuv\u0117je su greitu pristatymu visame pasaulyje! \u010cia rasite geriausi\u0105 u\u017esakymui skirt\u0105 \u201eTranquility Bath Salt\u201c drusk\u0105!\",\"breadcrumb\":{\"@id\":\"https:\\\/\\\/medicinasinc.com\\\/lt\\\/product\\\/pirk-ramybe-vonios-druska\\\/#breadcrumb\"},\"inLanguage\":\"en-US\",\"potentialAction\":[{\"@type\":\"ReadAction\",\"target\":[\"https:\\\/\\\/medicinasinc.com\\\/lt\\\/product\\\/pirk-ramybe-vonios-druska\\\/\"]}]},{\"@type\":\"ImageObject\",\"inLanguage\":\"en-US\",\"@id\":\"https:\\\/\\\/medicinasinc.com\\\/lt\\\/product\\\/pirk-ramybe-vonios-druska\\\/#primaryimage\",\"url\":\"https:\\\/\\\/medicinasinc.com\\\/lt\\\/wp-content\\\/uploads\\\/sites\\\/9\\\/2022\\\/02\\\/Buy-Tranquility-Bath-Salt.jpg\",\"contentUrl\":\"https:\\\/\\\/medicinasinc.com\\\/lt\\\/wp-content\\\/uploads\\\/sites\\\/9\\\/2022\\\/02\\\/Buy-Tranquility-Bath-Salt.jpg\",\"width\":236,\"height\":225},{\"@type\":\"BreadcrumbList\",\"@id\":\"https:\\\/\\\/medicinasinc.com\\\/lt\\\/product\\\/pirk-ramybe-vonios-druska\\\/#breadcrumb\",\"itemListElement\":[{\"@type\":\"ListItem\",\"position\":1,\"name\":\"Parduotuv\u0117\",\"item\":\"https:\\\/\\\/medicinasinc.com\\\/lt\\\/parduotuve\\\/\"},{\"@type\":\"ListItem\",\"position\":2,\"name\":\"Pirkite \u201eTranquility\u201c vonios drusk\u0105\"}]},{\"@type\":\"WebSite\",\"@id\":\"https:\\\/\\\/medicinasinc.com\\\/lt\\\/#website\",\"url\":\"https:\\\/\\\/medicinasinc.com\\\/lt\\\/\",\"name\":\"Medicinas Inc\",\"description\":\"Sveikatos medicinos klinika\",\"potentialAction\":[{\"@type\":\"SearchAction\",\"target\":{\"@type\":\"EntryPoint\",\"urlTemplate\":\"https:\\\/\\\/medicinasinc.com\\\/lt\\\/?s={search_term_string}\"},\"query-input\":{\"@type\":\"PropertyValueSpecification\",\"valueRequired\":true,\"valueName\":\"search_term_string\"}}],\"inLanguage\":\"en-US\"}]}<\/script>\n<!-- \/ Yoast SEO plugin. -->","yoast_head_json":{"title":"Pirkite \u201eTranquility Bath Salt\u201c \u2013 \u201eTranquility Bath Salt\u201c \u2013 geriausius pasaulinius vaistus","description":"Pirkite Tranquility Bath Salt JK, Europoje, Azijoje, Kinijoje m\u016bs\u0173 geriausioje globalmeds internetin\u0117je parduotuv\u0117je su greitu pristatymu visame pasaulyje! \u010cia rasite geriausi\u0105 u\u017esakymui skirt\u0105 \u201eTranquility Bath Salt\u201c drusk\u0105!","robots":{"index":"index","follow":"follow","max-snippet":"max-snippet:-1","max-image-preview":"max-image-preview:large","max-video-preview":"max-video-preview:-1"},"canonical":"https:\/\/medicinasinc.com\/lt\/product\/pirk-ramybe-vonios-druska\/","og_locale":"en_US","og_type":"article","og_title":"Pirkite \u201eTranquility Bath Salt\u201c \u2013 \u201eTranquility Bath Salt\u201c \u2013 geriausius pasaulinius vaistus","og_description":"Pirkite Tranquility Bath Salt JK, Europoje, Azijoje, Kinijoje m\u016bs\u0173 geriausioje globalmeds internetin\u0117je parduotuv\u0117je su greitu pristatymu visame pasaulyje! \u010cia rasite geriausi\u0105 u\u017esakymui skirt\u0105 \u201eTranquility Bath Salt\u201c drusk\u0105!","og_url":"https:\/\/medicinasinc.com\/lt\/product\/pirk-ramybe-vonios-druska\/","og_site_name":"Medicinas Inc","article_modified_time":"2022-03-20T12:12:12+00:00","og_image":[{"width":236,"height":225,"url":"https:\/\/medicinasinc.com\/lt\/wp-content\/uploads\/sites\/9\/2022\/02\/Buy-Tranquility-Bath-Salt.jpg","type":"image\/jpeg"}],"twitter_card":"summary_large_image","twitter_misc":{"Est. reading time":"1 minute"},"schema":{"@context":"https:\/\/schema.org","@graph":[{"@type":"WebPage","@id":"https:\/\/medicinasinc.com\/lt\/product\/pirk-ramybe-vonios-druska\/","url":"https:\/\/medicinasinc.com\/lt\/product\/pirk-ramybe-vonios-druska\/","name":"Pirkite \u201eTranquility Bath Salt\u201c \u2013 \u201eTranquility Bath Salt\u201c \u2013 geriausius pasaulinius vaistus","isPartOf":{"@id":"https:\/\/medicinasinc.com\/lt\/#website"},"primaryImageOfPage":{"@id":"https:\/\/medicinasinc.com\/lt\/product\/pirk-ramybe-vonios-druska\/#primaryimage"},"image":{"@id":"https:\/\/medicinasinc.com\/lt\/product\/pirk-ramybe-vonios-druska\/#primaryimage"},"thumbnailUrl":"https:\/\/medicinasinc.com\/lt\/wp-content\/uploads\/sites\/9\/2022\/02\/Buy-Tranquility-Bath-Salt.jpg","datePublished":"2022-02-22T03:07:02+00:00","dateModified":"2022-03-20T12:12:12+00:00","description":"Pirkite Tranquility Bath Salt JK, Europoje, Azijoje, Kinijoje m\u016bs\u0173 geriausioje globalmeds internetin\u0117je parduotuv\u0117je su greitu pristatymu visame pasaulyje! \u010cia rasite geriausi\u0105 u\u017esakymui skirt\u0105 \u201eTranquility Bath Salt\u201c drusk\u0105!","breadcrumb":{"@id":"https:\/\/medicinasinc.com\/lt\/product\/pirk-ramybe-vonios-druska\/#breadcrumb"},"inLanguage":"en-US","potentialAction":[{"@type":"ReadAction","target":["https:\/\/medicinasinc.com\/lt\/product\/pirk-ramybe-vonios-druska\/"]}]},{"@type":"ImageObject","inLanguage":"en-US","@id":"https:\/\/medicinasinc.com\/lt\/product\/pirk-ramybe-vonios-druska\/#primaryimage","url":"https:\/\/medicinasinc.com\/lt\/wp-content\/uploads\/sites\/9\/2022\/02\/Buy-Tranquility-Bath-Salt.jpg","contentUrl":"https:\/\/medicinasinc.com\/lt\/wp-content\/uploads\/sites\/9\/2022\/02\/Buy-Tranquility-Bath-Salt.jpg","width":236,"height":225},{"@type":"BreadcrumbList","@id":"https:\/\/medicinasinc.com\/lt\/product\/pirk-ramybe-vonios-druska\/#breadcrumb","itemListElement":[{"@type":"ListItem","position":1,"name":"Parduotuv\u0117","item":"https:\/\/medicinasinc.com\/lt\/parduotuve\/"},{"@type":"ListItem","position":2,"name":"Pirkite \u201eTranquility\u201c vonios drusk\u0105"}]},{"@type":"WebSite","@id":"https:\/\/medicinasinc.com\/lt\/#website","url":"https:\/\/medicinasinc.com\/lt\/","name":"Medicinas Inc","description":"Sveikatos medicinos klinika","potentialAction":[{"@type":"SearchAction","target":{"@type":"EntryPoint","urlTemplate":"https:\/\/medicinasinc.com\/lt\/?s={search_term_string}"},"query-input":{"@type":"PropertyValueSpecification","valueRequired":true,"valueName":"search_term_string"}}],"inLanguage":"en-US"}]}},"_links":{"self":[{"href":"https:\/\/medicinasinc.com\/lt\/wp-json\/wp\/v2\/product\/5635","targetHints":{"allow":["GET"]}}],"collection":[{"href":"https:\/\/medicinasinc.com\/lt\/wp-json\/wp\/v2\/product"}],"about":[{"href":"https:\/\/medicinasinc.com\/lt\/wp-json\/wp\/v2\/types\/product"}],"replies":[{"embeddable":true,"href":"https:\/\/medicinasinc.com\/lt\/wp-json\/wp\/v2\/comments?post=5635"}],"wp:featuredmedia":[{"embeddable":true,"href":"https:\/\/medicinasinc.com\/lt\/wp-json\/wp\/v2\/media\/5644"}],"wp:attachment":[{"href":"https:\/\/medicinasinc.com\/lt\/wp-json\/wp\/v2\/media?parent=5635"}],"wp:term":[{"taxonomy":"product_brand","embeddable":true,"href":"https:\/\/medicinasinc.com\/lt\/wp-json\/wp\/v2\/product_brand?post=5635"},{"taxonomy":"product_cat","embeddable":true,"href":"https:\/\/medicinasinc.com\/lt\/wp-json\/wp\/v2\/product_cat?post=5635"},{"taxonomy":"product_tag","embeddable":true,"href":"https:\/\/medicinasinc.com\/lt\/wp-json\/wp\/v2\/product_tag?post=5635"}],"curies":[{"name":"wp","href":"https:\/\/api.w.org\/{rel}","templated":true}]}}