{"id":5617,"date":"2022-02-22T02:48:56","date_gmt":"2022-02-22T02:48:56","guid":{"rendered":"https:\/\/medicinasinc.com\/lt\/?post_type=product&#038;p=5617"},"modified":"2022-03-20T12:12:20","modified_gmt":"2022-03-20T12:12:20","slug":"pirkti-u-47700-milteliai","status":"publish","type":"product","link":"https:\/\/medicinasinc.com\/lt\/product\/pirkti-u-47700-milteliai\/","title":{"rendered":"Pirkite U-47700 miltelius"},"content":{"rendered":"<p>Internetu galite \u012fsigyti U-47700 milteli\u0173 u\u017e labai ma\u017e\u0105 kain\u0105.<\/p>\n<p>Pirkite U-47700 i\u0161 bestglobalmeds.com.<br \/> Skausm\u0105 mal\u0161inantis vaistas U-47700 yra opioid\u0173 dalis. \u0161eima. Pirm\u0105 kart\u0105 j\u012f Upjohnas pagamino ma\u017edaug prie\u0161 40 met\u0173. Jis buvo pagamintas i\u0161 AH-7921, kuris yra pana\u0161us opioidas. U-47700 buvo svarbus kuriant \u0161ios klas\u0117s opioidus, ta\u010diau jis nebuvo i\u0161bandytas su \u017emon\u0117mis ar gyv\u016bnais.<\/p>\n<p>Farmakologija: U-47700 labai gerai veikia opioid\u0173 receptorius. Manoma, kad jis yra 7\u20138 kartus galingesnis nei morfijaus doz\u0117. Manoma, kad jis yra stiprus kappa agonistas, o tai rei\u0161kia, kad jis netur\u0117t\u0173 sukelti daug disforijos ar kit\u0173 problem\u0173.<\/p>\n<p>\u017dmon\u0117s, kurie gamina tokias pa\u010dias chemines med\u017eiagas<\/p>\n<p>U-50488<br \/> AH-7921<br \/> U-69 593<br \/> \u0160vedija U-47700 u\u017edraud\u0117 nuo 2016 m. sausio m\u0117n., ta\u010diau to nepadar\u0117 jokia kita did\u017eioji \u0161alis.<\/p>\n<p>U-47700, kaip ir dauguma opioid\u0173 ir j\u0173 darini\u0173, \u017emon\u0117ms nesaugu valgyti. Jis parduodamas tik mokslininkams chemikams ir \u017emon\u0117ms, dirbantiems laboratorijose.<\/p>\n","protected":false},"excerpt":{"rendered":"<div class=\"woocommerce-product-details__short-description\">\n<p>Paprasta nusipirkti U-47700 milteli\u0173 internetu i\u0161 m\u016bs\u0173 bestglobalmeds.com parduotuv\u0117s ir greitai pristatyti \u012f bet kuri\u0105 pasaulio \u0161al\u012f! \u010cia rasite geriausius U-47700 miltelius, kuriuos galite nusipirkti!<\/p>\n<p>Pirkite u-47700 miltelius internetu. \u0160ie rudi milteliai yra labai gryni. 99,8 % atvej\u0173 tai yra nat\u016bralu.<\/p>\n<p>Internetu galite pigiai nusipirkti 1 uncij\u0105 U-47700 milteli\u0173. \u012eprasta doz\u0117 yra keli miligramai. Patikrinkite, \u012f k\u0105 j\u016bs \u012fsitraukiate.<\/p>\n<div class=\"char\">SPECIFIKACIJA<\/div>\n<div class=\"specification\">\n<div class=\"sprow\"><span class=\"spname \">Produkto pavadinimas:<\/span><span class=\"sptext\">U-47700<\/span><\/div>\n<div class=\"sprow\"><span class=\"spname\">IUPAC pavadinimas:<\/span><span class=\"sptext\">trans-3,4-dichlor-N-(2-(dimetilamino)cikloheksil)-N-metilbenzamidas<\/span><\/div>\n<div class=\"sprow\"><span class=\"spname\">Kiti pavadinimai:<\/span><span class=\"sptext\">Pink, Pinky, U-47700<\/span><\/div>\n<div class=\"sprow\"><span class=\"spname\">Cas numeris:<\/span><span class=\"sptext\">121348-98-9<\/span><\/div>\n<div class=\"sprow\"><span class=\"spname\">Molekulin\u0117 formul\u0117:<\/span><span class=\"sptext\">C16H22Cl2N2O<\/span><\/div>\n<div class=\"sprow\"><span class=\"spname\">Molin\u0117 mas\u0117:<\/span><span class=\"sptext\"> 329,265 g\/mol<\/span><\/div>\n<div class=\"sprow\"><span class=\"spname\">Poveikis:<\/span><span class=\"sptext\">raminantis<\/span><\/div>\n<div class=\"sprow\"><span class=\"spname\">Med\u017eiagos grynumas:<\/span><span class=\"sptext\"> 99,9 %<\/span><\/div>\n<div class=\"sprow\"><span class=\"spname\">Fizikin\u0117s savyb\u0117s:<\/span><span class=\"sptext\">kristaliniai milteliai<\/span><\/div>\n<\/p><\/div>\n<\/p><\/div>\n","protected":false},"featured_media":5629,"comment_status":"open","ping_status":"closed","template":"","meta":[],"product_brand":[],"product_cat":[2014],"product_tag":[3343,3322,3342,3327,3326,3332,3324,3323,3325,3331,3335,3338,3336,3328,3337,3341,3339,3333,3334,3329,3330,3340],"class_list":{"0":"post-5617","1":"product","2":"type-product","3":"status-publish","4":"has-post-thumbnail","6":"product_cat-pirkti-tyrineti-chemikalai","7":"product_tag-didmenin-prekyba-u-47700-milteliai","8":"product_tag-geriausia-vieta-pirkti-u-47700-milteliai","9":"product_tag-kur-nusipirkti-u-47700-milteli","10":"product_tag-mamenin-prekyba-u-47700-milteliai","11":"product_tag-order-u-47700-powder","12":"product_tag-u-47700-parduodami-milteliai","13":"product_tag-pirk-u-47700-milteliai-europa","14":"product_tag-pirkti-u-47700-milteliai","15":"product_tag-pirk-u-47700-milteliai-uk","16":"product_tag-u-47700-milteliai-europa","17":"product_tag-u-47700-milteliai-google","18":"product_tag-u-47700-milteliai-internetu","19":"product_tag-u-47700-milteliai-lietuva","20":"product_tag-u-47700-milteli-pirkti","21":"product_tag-u-47700-milteliai-near-me","22":"product_tag-u-47700-milteli-ipardavimas","23":"product_tag-u-47700-milteli-usakymas","24":"product_tag-u-47700-powder-for-sale-online","25":"product_tag-u-47700-powder-germany","26":"product_tag-u-47700-milteli-c5-b3-pirkti-uk","27":"product_tag-u-47700-milteli-efektas","28":"product_tag-u-47700-powder-reddit","30":"first","31":"instock","32":"shipping-taxable","33":"purchasable","34":"product-type-variable","35":"has-default-attributes"},"yoast_head":"<!-- This site is optimized with the Yoast SEO plugin v27.3 - https:\/\/yoast.com\/product\/yoast-seo-wordpress\/ -->\n<title>Pirkite U-47700 miltelius \u2013 U-47700 miltelius internetu \u2013 geriausi pasaulyje vaistai<\/title>\n<meta name=\"description\" content=\"Pirkite U-47700 miltelius JK, Europoje, Azijoje, Kinijoje m\u016bs\u0173 bestglobalmeds.com internetin\u0117je parduotuv\u0117je su greitu pristatymu visame pasaulyje! \u010cia rasite geriausius U-47700 miltelius, kuriuos galite u\u017esisakyti!\" \/>\n<meta name=\"robots\" content=\"index, follow, max-snippet:-1, max-image-preview:large, max-video-preview:-1\" \/>\n<link rel=\"canonical\" href=\"https:\/\/medicinasinc.com\/lt\/product\/pirkti-u-47700-milteliai\/\" \/>\n<meta property=\"og:locale\" content=\"en_US\" \/>\n<meta property=\"og:type\" content=\"article\" \/>\n<meta property=\"og:title\" content=\"Pirkite U-47700 miltelius \u2013 U-47700 miltelius internetu \u2013 geriausi pasaulyje vaistai\" \/>\n<meta property=\"og:description\" content=\"Pirkite U-47700 miltelius JK, Europoje, Azijoje, Kinijoje m\u016bs\u0173 bestglobalmeds.com internetin\u0117je parduotuv\u0117je su greitu pristatymu visame pasaulyje! \u010cia rasite geriausius U-47700 miltelius, kuriuos galite u\u017esisakyti!\" \/>\n<meta property=\"og:url\" content=\"https:\/\/medicinasinc.com\/lt\/product\/pirkti-u-47700-milteliai\/\" \/>\n<meta property=\"og:site_name\" content=\"Medicinas Inc\" \/>\n<meta property=\"article:modified_time\" content=\"2022-03-20T12:12:20+00:00\" \/>\n<meta property=\"og:image\" content=\"https:\/\/medicinasinc.com\/lt\/wp-content\/uploads\/sites\/9\/2022\/02\/Buy-U-47700-POWDER.jpg\" \/>\n\t<meta property=\"og:image:width\" content=\"600\" \/>\n\t<meta property=\"og:image:height\" content=\"600\" \/>\n\t<meta property=\"og:image:type\" content=\"image\/jpeg\" \/>\n<meta name=\"twitter:card\" content=\"summary_large_image\" \/>\n<meta name=\"twitter:label1\" content=\"Est. reading time\" \/>\n\t<meta name=\"twitter:data1\" content=\"1 minute\" \/>\n<script type=\"application\/ld+json\" class=\"yoast-schema-graph\">{\"@context\":\"https:\\\/\\\/schema.org\",\"@graph\":[{\"@type\":\"WebPage\",\"@id\":\"https:\\\/\\\/medicinasinc.com\\\/lt\\\/product\\\/pirkti-u-47700-milteliai\\\/\",\"url\":\"https:\\\/\\\/medicinasinc.com\\\/lt\\\/product\\\/pirkti-u-47700-milteliai\\\/\",\"name\":\"Pirkite U-47700 miltelius \u2013 U-47700 miltelius internetu \u2013 geriausi pasaulyje vaistai\",\"isPartOf\":{\"@id\":\"https:\\\/\\\/medicinasinc.com\\\/lt\\\/#website\"},\"primaryImageOfPage\":{\"@id\":\"https:\\\/\\\/medicinasinc.com\\\/lt\\\/product\\\/pirkti-u-47700-milteliai\\\/#primaryimage\"},\"image\":{\"@id\":\"https:\\\/\\\/medicinasinc.com\\\/lt\\\/product\\\/pirkti-u-47700-milteliai\\\/#primaryimage\"},\"thumbnailUrl\":\"https:\\\/\\\/medicinasinc.com\\\/lt\\\/wp-content\\\/uploads\\\/sites\\\/9\\\/2022\\\/02\\\/Buy-U-47700-POWDER.jpg\",\"datePublished\":\"2022-02-22T02:48:56+00:00\",\"dateModified\":\"2022-03-20T12:12:20+00:00\",\"description\":\"Pirkite U-47700 miltelius JK, Europoje, Azijoje, Kinijoje m\u016bs\u0173 bestglobalmeds.com internetin\u0117je parduotuv\u0117je su greitu pristatymu visame pasaulyje! \u010cia rasite geriausius U-47700 miltelius, kuriuos galite u\u017esisakyti!\",\"breadcrumb\":{\"@id\":\"https:\\\/\\\/medicinasinc.com\\\/lt\\\/product\\\/pirkti-u-47700-milteliai\\\/#breadcrumb\"},\"inLanguage\":\"en-US\",\"potentialAction\":[{\"@type\":\"ReadAction\",\"target\":[\"https:\\\/\\\/medicinasinc.com\\\/lt\\\/product\\\/pirkti-u-47700-milteliai\\\/\"]}]},{\"@type\":\"ImageObject\",\"inLanguage\":\"en-US\",\"@id\":\"https:\\\/\\\/medicinasinc.com\\\/lt\\\/product\\\/pirkti-u-47700-milteliai\\\/#primaryimage\",\"url\":\"https:\\\/\\\/medicinasinc.com\\\/lt\\\/wp-content\\\/uploads\\\/sites\\\/9\\\/2022\\\/02\\\/Buy-U-47700-POWDER.jpg\",\"contentUrl\":\"https:\\\/\\\/medicinasinc.com\\\/lt\\\/wp-content\\\/uploads\\\/sites\\\/9\\\/2022\\\/02\\\/Buy-U-47700-POWDER.jpg\",\"width\":600,\"height\":600},{\"@type\":\"BreadcrumbList\",\"@id\":\"https:\\\/\\\/medicinasinc.com\\\/lt\\\/product\\\/pirkti-u-47700-milteliai\\\/#breadcrumb\",\"itemListElement\":[{\"@type\":\"ListItem\",\"position\":1,\"name\":\"Parduotuv\u0117\",\"item\":\"https:\\\/\\\/medicinasinc.com\\\/lt\\\/parduotuve\\\/\"},{\"@type\":\"ListItem\",\"position\":2,\"name\":\"Pirkite U-47700 miltelius\"}]},{\"@type\":\"WebSite\",\"@id\":\"https:\\\/\\\/medicinasinc.com\\\/lt\\\/#website\",\"url\":\"https:\\\/\\\/medicinasinc.com\\\/lt\\\/\",\"name\":\"Medicinas Inc\",\"description\":\"Sveikatos medicinos klinika\",\"potentialAction\":[{\"@type\":\"SearchAction\",\"target\":{\"@type\":\"EntryPoint\",\"urlTemplate\":\"https:\\\/\\\/medicinasinc.com\\\/lt\\\/?s={search_term_string}\"},\"query-input\":{\"@type\":\"PropertyValueSpecification\",\"valueRequired\":true,\"valueName\":\"search_term_string\"}}],\"inLanguage\":\"en-US\"}]}<\/script>\n<!-- \/ Yoast SEO plugin. -->","yoast_head_json":{"title":"Pirkite U-47700 miltelius \u2013 U-47700 miltelius internetu \u2013 geriausi pasaulyje vaistai","description":"Pirkite U-47700 miltelius JK, Europoje, Azijoje, Kinijoje m\u016bs\u0173 bestglobalmeds.com internetin\u0117je parduotuv\u0117je su greitu pristatymu visame pasaulyje! \u010cia rasite geriausius U-47700 miltelius, kuriuos galite u\u017esisakyti!","robots":{"index":"index","follow":"follow","max-snippet":"max-snippet:-1","max-image-preview":"max-image-preview:large","max-video-preview":"max-video-preview:-1"},"canonical":"https:\/\/medicinasinc.com\/lt\/product\/pirkti-u-47700-milteliai\/","og_locale":"en_US","og_type":"article","og_title":"Pirkite U-47700 miltelius \u2013 U-47700 miltelius internetu \u2013 geriausi pasaulyje vaistai","og_description":"Pirkite U-47700 miltelius JK, Europoje, Azijoje, Kinijoje m\u016bs\u0173 bestglobalmeds.com internetin\u0117je parduotuv\u0117je su greitu pristatymu visame pasaulyje! \u010cia rasite geriausius U-47700 miltelius, kuriuos galite u\u017esisakyti!","og_url":"https:\/\/medicinasinc.com\/lt\/product\/pirkti-u-47700-milteliai\/","og_site_name":"Medicinas Inc","article_modified_time":"2022-03-20T12:12:20+00:00","og_image":[{"width":600,"height":600,"url":"https:\/\/medicinasinc.com\/lt\/wp-content\/uploads\/sites\/9\/2022\/02\/Buy-U-47700-POWDER.jpg","type":"image\/jpeg"}],"twitter_card":"summary_large_image","twitter_misc":{"Est. reading time":"1 minute"},"schema":{"@context":"https:\/\/schema.org","@graph":[{"@type":"WebPage","@id":"https:\/\/medicinasinc.com\/lt\/product\/pirkti-u-47700-milteliai\/","url":"https:\/\/medicinasinc.com\/lt\/product\/pirkti-u-47700-milteliai\/","name":"Pirkite U-47700 miltelius \u2013 U-47700 miltelius internetu \u2013 geriausi pasaulyje vaistai","isPartOf":{"@id":"https:\/\/medicinasinc.com\/lt\/#website"},"primaryImageOfPage":{"@id":"https:\/\/medicinasinc.com\/lt\/product\/pirkti-u-47700-milteliai\/#primaryimage"},"image":{"@id":"https:\/\/medicinasinc.com\/lt\/product\/pirkti-u-47700-milteliai\/#primaryimage"},"thumbnailUrl":"https:\/\/medicinasinc.com\/lt\/wp-content\/uploads\/sites\/9\/2022\/02\/Buy-U-47700-POWDER.jpg","datePublished":"2022-02-22T02:48:56+00:00","dateModified":"2022-03-20T12:12:20+00:00","description":"Pirkite U-47700 miltelius JK, Europoje, Azijoje, Kinijoje m\u016bs\u0173 bestglobalmeds.com internetin\u0117je parduotuv\u0117je su greitu pristatymu visame pasaulyje! \u010cia rasite geriausius U-47700 miltelius, kuriuos galite u\u017esisakyti!","breadcrumb":{"@id":"https:\/\/medicinasinc.com\/lt\/product\/pirkti-u-47700-milteliai\/#breadcrumb"},"inLanguage":"en-US","potentialAction":[{"@type":"ReadAction","target":["https:\/\/medicinasinc.com\/lt\/product\/pirkti-u-47700-milteliai\/"]}]},{"@type":"ImageObject","inLanguage":"en-US","@id":"https:\/\/medicinasinc.com\/lt\/product\/pirkti-u-47700-milteliai\/#primaryimage","url":"https:\/\/medicinasinc.com\/lt\/wp-content\/uploads\/sites\/9\/2022\/02\/Buy-U-47700-POWDER.jpg","contentUrl":"https:\/\/medicinasinc.com\/lt\/wp-content\/uploads\/sites\/9\/2022\/02\/Buy-U-47700-POWDER.jpg","width":600,"height":600},{"@type":"BreadcrumbList","@id":"https:\/\/medicinasinc.com\/lt\/product\/pirkti-u-47700-milteliai\/#breadcrumb","itemListElement":[{"@type":"ListItem","position":1,"name":"Parduotuv\u0117","item":"https:\/\/medicinasinc.com\/lt\/parduotuve\/"},{"@type":"ListItem","position":2,"name":"Pirkite U-47700 miltelius"}]},{"@type":"WebSite","@id":"https:\/\/medicinasinc.com\/lt\/#website","url":"https:\/\/medicinasinc.com\/lt\/","name":"Medicinas Inc","description":"Sveikatos medicinos klinika","potentialAction":[{"@type":"SearchAction","target":{"@type":"EntryPoint","urlTemplate":"https:\/\/medicinasinc.com\/lt\/?s={search_term_string}"},"query-input":{"@type":"PropertyValueSpecification","valueRequired":true,"valueName":"search_term_string"}}],"inLanguage":"en-US"}]}},"_links":{"self":[{"href":"https:\/\/medicinasinc.com\/lt\/wp-json\/wp\/v2\/product\/5617","targetHints":{"allow":["GET"]}}],"collection":[{"href":"https:\/\/medicinasinc.com\/lt\/wp-json\/wp\/v2\/product"}],"about":[{"href":"https:\/\/medicinasinc.com\/lt\/wp-json\/wp\/v2\/types\/product"}],"replies":[{"embeddable":true,"href":"https:\/\/medicinasinc.com\/lt\/wp-json\/wp\/v2\/comments?post=5617"}],"wp:featuredmedia":[{"embeddable":true,"href":"https:\/\/medicinasinc.com\/lt\/wp-json\/wp\/v2\/media\/5629"}],"wp:attachment":[{"href":"https:\/\/medicinasinc.com\/lt\/wp-json\/wp\/v2\/media?parent=5617"}],"wp:term":[{"taxonomy":"product_brand","embeddable":true,"href":"https:\/\/medicinasinc.com\/lt\/wp-json\/wp\/v2\/product_brand?post=5617"},{"taxonomy":"product_cat","embeddable":true,"href":"https:\/\/medicinasinc.com\/lt\/wp-json\/wp\/v2\/product_cat?post=5617"},{"taxonomy":"product_tag","embeddable":true,"href":"https:\/\/medicinasinc.com\/lt\/wp-json\/wp\/v2\/product_tag?post=5617"}],"curies":[{"name":"wp","href":"https:\/\/api.w.org\/{rel}","templated":true}]}}