{"id":5616,"date":"2022-02-22T02:47:20","date_gmt":"2022-02-22T02:47:20","guid":{"rendered":"https:\/\/medicinasinc.com\/lt\/?post_type=product&#038;p=5616"},"modified":"2022-03-20T12:12:32","modified_gmt":"2022-03-20T12:12:32","slug":"pirkti-w-18-tabletes","status":"publish","type":"product","link":"https:\/\/medicinasinc.com\/lt\/product\/pirkti-w-18-tabletes\/","title":{"rendered":"Pirkite W-18 tabletes"},"content":{"rendered":"<p>Galite nusipirkti W-18 tabletes.<\/p>\n<p>Pirkite W-18 tabletes \u010dia. Tai yra chemin\u0117 med\u017eiaga, kuri n\u0117ra skirta \u017emon\u0117ms.<\/p>\n<p>Savyb\u0117s<br \/> \u0160is elementas buvo pagamintas ir i\u0161bandytas, kad atitikt\u0173 ISO17025:2005 ir Vadovo 34:2009 standartus.<br \/> \u0160is elementas skirtas b\u016bti naudojamas kaip analitinis atskaitos standartas.<br \/> Tam tikrose institucijose yra daug med\u017eiagos, skirtos akademiniams tyrimams. D\u0117l kain\u0173 kreipkit\u0117s \u012f m\u016bs\u0173 pardavimo skyri\u0173.<br \/> W-18 (prek\u0117s Nr. 15480) yra med\u017eiaga, kuri\u0105 galima naudoti bandymams. D\u0117l \u0161ios prie\u017easties jis gali b\u016bti labai veiksmingas skausmui mal\u0161inti. Pel\u0117s fenilchinono raitymo tyrime nustatyta, kad jis labai veiksmingai mal\u0161ina skausm\u0105. 1 Kalbant apie \u017emones, mes ne\u017einome, kaip \u0161i med\u017eiaga veikia j\u0173 k\u016bnus ir kaip gali juos pakenkti. Tai produktas, kuris gali b\u016bti naudojamas teismo ekspertiz\u0117s ir tyrim\u0173 tikslais.<\/p>\n","protected":false},"excerpt":{"rendered":"<div class=\"woocommerce-product-details__short-description\">\n<p>Pirkite parduodamas W-18 tabletes JK, Europoje internetu M\u016bs\u0173 pristatymo ir pristatymo kaina yra 100 % saugi ir patogi. pateikite W-18 table\u010di\u0173 u\u017esakym\u0105 ir gaukite nuostabi\u0105 kokyb\u0119 i\u0161 m\u016bs\u0173<\/p>\n<p>Parduodamas W-18 | Pirkite W-18 internetu | Kur nusipirkti W-18 internetu- Kur nusipirkti W-18 tabletes internetu. \u0160is gaminys buvo pagamintas ir i\u0161bandytas pagal ISO17025:2005 ir Vadovo 34:2009 gaires<\/p>\n<\/p><\/div>\n","protected":false},"featured_media":5627,"comment_status":"open","ping_status":"closed","template":"","meta":[],"product_brand":[],"product_cat":[1117],"product_tag":[3312,3307,3309,3310,3317,3308,3313,3314,3315,3319,3320,3321,3318,3316,3311],"class_list":{"0":"post-5616","1":"product","2":"type-product","3":"status-publish","4":"has-post-thumbnail","6":"product_cat-pirkite-skausmo-miego-ir-sekso-tabletes","7":"product_tag-w-18-parduodami-vaistai","8":"product_tag-pirkti-w-18","9":"product_tag-pirkti-w-18-tabletes","10":"product_tag-w-18-pirkti","11":"product_tag-w-18-pills-pirkti","12":"product_tag-pirkti-w-18-vaist","13":"product_tag-w-18-efektas","14":"product_tag-w-18-for-sale","15":"product_tag-w-18-internete","16":"product_tag-w-18-pills-order","17":"product_tag-w-18-pills-wholesale","18":"product_tag-w-18-reddit","19":"product_tag-w-18-table-c4-8di-c5-b3-poveikis","20":"product_tag-in-18-tvarka","21":"product_tag-w-18-narkotikai","23":"first","24":"instock","25":"shipping-taxable","26":"purchasable","27":"product-type-variable"},"yoast_head":"<!-- This site is optimized with the Yoast SEO plugin v27.3 - https:\/\/yoast.com\/product\/yoast-seo-wordpress\/ -->\n<title>Pirkite W-18 tabletes \u2013 parduodamos W-18 tabletes \u2013 geriausi pasauliniai vaistai<\/title>\n<meta name=\"description\" content=\"Pirkite W-18 tabletes JK, Europa internetu M\u016bs\u0173 pristatymo ir pristatymo kaina yra 100% saugi ir patogi. U\u017esisakykite W-18 tabletes ir gaukite nuostabi\u0105 kokyb\u0119 i\u0161 m\u016bs\u0173\" \/>\n<meta name=\"robots\" content=\"index, follow, max-snippet:-1, max-image-preview:large, max-video-preview:-1\" \/>\n<link rel=\"canonical\" href=\"https:\/\/medicinasinc.com\/lt\/product\/pirkti-w-18-tabletes\/\" \/>\n<meta property=\"og:locale\" content=\"en_US\" \/>\n<meta property=\"og:type\" content=\"article\" \/>\n<meta property=\"og:title\" content=\"Pirkite W-18 tabletes \u2013 parduodamos W-18 tabletes \u2013 geriausi pasauliniai vaistai\" \/>\n<meta property=\"og:description\" content=\"Pirkite W-18 tabletes JK, Europa internetu M\u016bs\u0173 pristatymo ir pristatymo kaina yra 100% saugi ir patogi. U\u017esisakykite W-18 tabletes ir gaukite nuostabi\u0105 kokyb\u0119 i\u0161 m\u016bs\u0173\" \/>\n<meta property=\"og:url\" content=\"https:\/\/medicinasinc.com\/lt\/product\/pirkti-w-18-tabletes\/\" \/>\n<meta property=\"og:site_name\" content=\"Medicinas Inc\" \/>\n<meta property=\"article:modified_time\" content=\"2022-03-20T12:12:32+00:00\" \/>\n<meta property=\"og:image\" content=\"https:\/\/medicinasinc.com\/lt\/wp-content\/uploads\/sites\/9\/2022\/02\/Buy-W-18-Pills.jpg\" \/>\n\t<meta property=\"og:image:width\" content=\"840\" \/>\n\t<meta property=\"og:image:height\" content=\"781\" \/>\n\t<meta property=\"og:image:type\" content=\"image\/jpeg\" \/>\n<meta name=\"twitter:card\" content=\"summary_large_image\" \/>\n<meta name=\"twitter:label1\" content=\"Est. reading time\" \/>\n\t<meta name=\"twitter:data1\" content=\"1 minute\" \/>\n<script type=\"application\/ld+json\" class=\"yoast-schema-graph\">{\"@context\":\"https:\\\/\\\/schema.org\",\"@graph\":[{\"@type\":\"WebPage\",\"@id\":\"https:\\\/\\\/medicinasinc.com\\\/lt\\\/product\\\/pirkti-w-18-tabletes\\\/\",\"url\":\"https:\\\/\\\/medicinasinc.com\\\/lt\\\/product\\\/pirkti-w-18-tabletes\\\/\",\"name\":\"Pirkite W-18 tabletes \u2013 parduodamos W-18 tabletes \u2013 geriausi pasauliniai vaistai\",\"isPartOf\":{\"@id\":\"https:\\\/\\\/medicinasinc.com\\\/lt\\\/#website\"},\"primaryImageOfPage\":{\"@id\":\"https:\\\/\\\/medicinasinc.com\\\/lt\\\/product\\\/pirkti-w-18-tabletes\\\/#primaryimage\"},\"image\":{\"@id\":\"https:\\\/\\\/medicinasinc.com\\\/lt\\\/product\\\/pirkti-w-18-tabletes\\\/#primaryimage\"},\"thumbnailUrl\":\"https:\\\/\\\/medicinasinc.com\\\/lt\\\/wp-content\\\/uploads\\\/sites\\\/9\\\/2022\\\/02\\\/Buy-W-18-Pills.jpg\",\"datePublished\":\"2022-02-22T02:47:20+00:00\",\"dateModified\":\"2022-03-20T12:12:32+00:00\",\"description\":\"Pirkite W-18 tabletes JK, Europa internetu M\u016bs\u0173 pristatymo ir pristatymo kaina yra 100% saugi ir patogi. U\u017esisakykite W-18 tabletes ir gaukite nuostabi\u0105 kokyb\u0119 i\u0161 m\u016bs\u0173\",\"breadcrumb\":{\"@id\":\"https:\\\/\\\/medicinasinc.com\\\/lt\\\/product\\\/pirkti-w-18-tabletes\\\/#breadcrumb\"},\"inLanguage\":\"en-US\",\"potentialAction\":[{\"@type\":\"ReadAction\",\"target\":[\"https:\\\/\\\/medicinasinc.com\\\/lt\\\/product\\\/pirkti-w-18-tabletes\\\/\"]}]},{\"@type\":\"ImageObject\",\"inLanguage\":\"en-US\",\"@id\":\"https:\\\/\\\/medicinasinc.com\\\/lt\\\/product\\\/pirkti-w-18-tabletes\\\/#primaryimage\",\"url\":\"https:\\\/\\\/medicinasinc.com\\\/lt\\\/wp-content\\\/uploads\\\/sites\\\/9\\\/2022\\\/02\\\/Buy-W-18-Pills.jpg\",\"contentUrl\":\"https:\\\/\\\/medicinasinc.com\\\/lt\\\/wp-content\\\/uploads\\\/sites\\\/9\\\/2022\\\/02\\\/Buy-W-18-Pills.jpg\",\"width\":840,\"height\":781},{\"@type\":\"BreadcrumbList\",\"@id\":\"https:\\\/\\\/medicinasinc.com\\\/lt\\\/product\\\/pirkti-w-18-tabletes\\\/#breadcrumb\",\"itemListElement\":[{\"@type\":\"ListItem\",\"position\":1,\"name\":\"Parduotuv\u0117\",\"item\":\"https:\\\/\\\/medicinasinc.com\\\/lt\\\/parduotuve\\\/\"},{\"@type\":\"ListItem\",\"position\":2,\"name\":\"Pirkite W-18 tabletes\"}]},{\"@type\":\"WebSite\",\"@id\":\"https:\\\/\\\/medicinasinc.com\\\/lt\\\/#website\",\"url\":\"https:\\\/\\\/medicinasinc.com\\\/lt\\\/\",\"name\":\"Medicinas Inc\",\"description\":\"Sveikatos medicinos klinika\",\"potentialAction\":[{\"@type\":\"SearchAction\",\"target\":{\"@type\":\"EntryPoint\",\"urlTemplate\":\"https:\\\/\\\/medicinasinc.com\\\/lt\\\/?s={search_term_string}\"},\"query-input\":{\"@type\":\"PropertyValueSpecification\",\"valueRequired\":true,\"valueName\":\"search_term_string\"}}],\"inLanguage\":\"en-US\"}]}<\/script>\n<!-- \/ Yoast SEO plugin. -->","yoast_head_json":{"title":"Pirkite W-18 tabletes \u2013 parduodamos W-18 tabletes \u2013 geriausi pasauliniai vaistai","description":"Pirkite W-18 tabletes JK, Europa internetu M\u016bs\u0173 pristatymo ir pristatymo kaina yra 100% saugi ir patogi. U\u017esisakykite W-18 tabletes ir gaukite nuostabi\u0105 kokyb\u0119 i\u0161 m\u016bs\u0173","robots":{"index":"index","follow":"follow","max-snippet":"max-snippet:-1","max-image-preview":"max-image-preview:large","max-video-preview":"max-video-preview:-1"},"canonical":"https:\/\/medicinasinc.com\/lt\/product\/pirkti-w-18-tabletes\/","og_locale":"en_US","og_type":"article","og_title":"Pirkite W-18 tabletes \u2013 parduodamos W-18 tabletes \u2013 geriausi pasauliniai vaistai","og_description":"Pirkite W-18 tabletes JK, Europa internetu M\u016bs\u0173 pristatymo ir pristatymo kaina yra 100% saugi ir patogi. U\u017esisakykite W-18 tabletes ir gaukite nuostabi\u0105 kokyb\u0119 i\u0161 m\u016bs\u0173","og_url":"https:\/\/medicinasinc.com\/lt\/product\/pirkti-w-18-tabletes\/","og_site_name":"Medicinas Inc","article_modified_time":"2022-03-20T12:12:32+00:00","og_image":[{"width":840,"height":781,"url":"https:\/\/medicinasinc.com\/lt\/wp-content\/uploads\/sites\/9\/2022\/02\/Buy-W-18-Pills.jpg","type":"image\/jpeg"}],"twitter_card":"summary_large_image","twitter_misc":{"Est. reading time":"1 minute"},"schema":{"@context":"https:\/\/schema.org","@graph":[{"@type":"WebPage","@id":"https:\/\/medicinasinc.com\/lt\/product\/pirkti-w-18-tabletes\/","url":"https:\/\/medicinasinc.com\/lt\/product\/pirkti-w-18-tabletes\/","name":"Pirkite W-18 tabletes \u2013 parduodamos W-18 tabletes \u2013 geriausi pasauliniai vaistai","isPartOf":{"@id":"https:\/\/medicinasinc.com\/lt\/#website"},"primaryImageOfPage":{"@id":"https:\/\/medicinasinc.com\/lt\/product\/pirkti-w-18-tabletes\/#primaryimage"},"image":{"@id":"https:\/\/medicinasinc.com\/lt\/product\/pirkti-w-18-tabletes\/#primaryimage"},"thumbnailUrl":"https:\/\/medicinasinc.com\/lt\/wp-content\/uploads\/sites\/9\/2022\/02\/Buy-W-18-Pills.jpg","datePublished":"2022-02-22T02:47:20+00:00","dateModified":"2022-03-20T12:12:32+00:00","description":"Pirkite W-18 tabletes JK, Europa internetu M\u016bs\u0173 pristatymo ir pristatymo kaina yra 100% saugi ir patogi. U\u017esisakykite W-18 tabletes ir gaukite nuostabi\u0105 kokyb\u0119 i\u0161 m\u016bs\u0173","breadcrumb":{"@id":"https:\/\/medicinasinc.com\/lt\/product\/pirkti-w-18-tabletes\/#breadcrumb"},"inLanguage":"en-US","potentialAction":[{"@type":"ReadAction","target":["https:\/\/medicinasinc.com\/lt\/product\/pirkti-w-18-tabletes\/"]}]},{"@type":"ImageObject","inLanguage":"en-US","@id":"https:\/\/medicinasinc.com\/lt\/product\/pirkti-w-18-tabletes\/#primaryimage","url":"https:\/\/medicinasinc.com\/lt\/wp-content\/uploads\/sites\/9\/2022\/02\/Buy-W-18-Pills.jpg","contentUrl":"https:\/\/medicinasinc.com\/lt\/wp-content\/uploads\/sites\/9\/2022\/02\/Buy-W-18-Pills.jpg","width":840,"height":781},{"@type":"BreadcrumbList","@id":"https:\/\/medicinasinc.com\/lt\/product\/pirkti-w-18-tabletes\/#breadcrumb","itemListElement":[{"@type":"ListItem","position":1,"name":"Parduotuv\u0117","item":"https:\/\/medicinasinc.com\/lt\/parduotuve\/"},{"@type":"ListItem","position":2,"name":"Pirkite W-18 tabletes"}]},{"@type":"WebSite","@id":"https:\/\/medicinasinc.com\/lt\/#website","url":"https:\/\/medicinasinc.com\/lt\/","name":"Medicinas Inc","description":"Sveikatos medicinos klinika","potentialAction":[{"@type":"SearchAction","target":{"@type":"EntryPoint","urlTemplate":"https:\/\/medicinasinc.com\/lt\/?s={search_term_string}"},"query-input":{"@type":"PropertyValueSpecification","valueRequired":true,"valueName":"search_term_string"}}],"inLanguage":"en-US"}]}},"_links":{"self":[{"href":"https:\/\/medicinasinc.com\/lt\/wp-json\/wp\/v2\/product\/5616","targetHints":{"allow":["GET"]}}],"collection":[{"href":"https:\/\/medicinasinc.com\/lt\/wp-json\/wp\/v2\/product"}],"about":[{"href":"https:\/\/medicinasinc.com\/lt\/wp-json\/wp\/v2\/types\/product"}],"replies":[{"embeddable":true,"href":"https:\/\/medicinasinc.com\/lt\/wp-json\/wp\/v2\/comments?post=5616"}],"wp:featuredmedia":[{"embeddable":true,"href":"https:\/\/medicinasinc.com\/lt\/wp-json\/wp\/v2\/media\/5627"}],"wp:attachment":[{"href":"https:\/\/medicinasinc.com\/lt\/wp-json\/wp\/v2\/media?parent=5616"}],"wp:term":[{"taxonomy":"product_brand","embeddable":true,"href":"https:\/\/medicinasinc.com\/lt\/wp-json\/wp\/v2\/product_brand?post=5616"},{"taxonomy":"product_cat","embeddable":true,"href":"https:\/\/medicinasinc.com\/lt\/wp-json\/wp\/v2\/product_cat?post=5616"},{"taxonomy":"product_tag","embeddable":true,"href":"https:\/\/medicinasinc.com\/lt\/wp-json\/wp\/v2\/product_tag?post=5616"}],"curies":[{"name":"wp","href":"https:\/\/api.w.org\/{rel}","templated":true}]}}