{"id":5615,"date":"2022-02-22T02:46:09","date_gmt":"2022-02-22T02:46:09","guid":{"rendered":"https:\/\/medicinasinc.com\/lt\/?post_type=product&#038;p=5615"},"modified":"2022-03-20T12:12:40","modified_gmt":"2022-03-20T12:12:40","slug":"pirk-balta-mergai-vonios-druska","status":"publish","type":"product","link":"https:\/\/medicinasinc.com\/lt\/product\/pirk-balta-mergai-vonios-druska\/","title":{"rendered":"Pirkite White Girl vonios druskos"},"content":{"rendered":"<p>Galite nusipirkti balt\u0173j\u0173 mergai\u010di\u0173 vonios druskos internete.<br \/> Balt\u0173j\u0173 mergai\u010di\u0173 vonios druskos galite nusipirkti internetu. Kaip jas nusipirkti?<\/p>\n<p>Kur norite nusipirkti balt\u0173j\u0173 mergai\u010di\u0173 vonios drusk\u0173? Perkant balt\u0173j\u0173 mergai\u010di\u0173 vonios druskas i\u0161 \u201eBest Global Meds\u201c n\u0117ra joki\u0173 r\u016bpes\u010di\u0173 ar nepatogum\u0173. Siekdami sutaupyti pinig\u0173 pirkdami balt\u0173j\u0173 mergai\u010di\u0173 vonios druskas i\u0161 m\u016bs\u0173 internetin\u0117s vaistin\u0117s, mes sunkiai dirbame. Kai perkate k\u0105 nors i\u0161 Chemicals Lab, norime, kad mok\u0117tum\u0117te ma\u017eiau ir gautum\u0117te daugiau.<\/p>\n<p>\u012esigykite White Girl Bath Salts.<\/p>\n<p>I\u0161 teis\u0117to \u0161altinio galite nusipirkti White Girl Bath Druskos internetu. Prekiaujame geriausiais maudymosi produktais, pavyzd\u017eiui, vonios druskomis. Vonios druskos suteiks jums skland\u0173, jausming\u0105 voni\u0105, kuri\u0105 naudodami jausit\u0117s \u0161var\u016bs. Ta\u010diau m\u016bs\u0173 klientai gali b\u016bti tikri, kad gaus geriausius produktus rinkoje. Ta\u010diau mes taip pat parduodame ir perkame kitas koncentruotas vonios druskas geromis kainomis.<\/p>\n<p>M\u016bs\u0173 vonios druskos turi stipr\u0173 kvap\u0105.<\/p>\n<p>Yra daug \u012fvairi\u0173 balt\u0173j\u0173 mergai\u010di\u0173 vonios drusk\u0173, ir jie skirti dar labiau pagerinti j\u016bs\u0173 maudymosi patirt\u012f. Norint pasiekti didel\u012f skirtum\u0105, reikia tik nedidel\u0117s sumos. Ta\u010diau galite tiesiog \u012fpilti nedidel\u012f kiek\u012f \u012f kar\u0161t\u0105 voni\u0105, kad vanduo nat\u016braliai sumink\u0161t\u0117t\u0173 ir po to jausit\u0117s labai energingi ir laimingi. Ta\u010diau jis naudojamas atrodyti kaip nat\u016bralios Graikijos j\u016bros kar\u0161tosios versm\u0117s. Prad\u017eioje naudokite labai ma\u017eai White Girl vonios druskos, nes per daug vonios vanduo bus purvinas ir b\u016bsite nepatenkinti. Kita vertus, \u201eWhite Girl Bath Salts\u201c gali pad\u0117ti patekti \u012f vietas, kurios, j\u016bs\u0173 manymu, yra ne\u012fmanomos.<\/p>\n","protected":false},"excerpt":{"rendered":"<p>M\u016bs\u0173 parduotuv\u0117 Bestglobalmeds.com parduoda baltos mergait\u0117s vonios drusk\u0105 JK, Europoje ir visame pasaulyje! \u010cia galite nusipirkti geriausios \u201eWhite Girl Bath Salt\u201c druskos!<\/p>\n<p>Balt\u0173j\u0173 mergai\u010di\u0173 vonios druskos kaina internete gali b\u016bti per didel\u0117.<\/p>\n<p>Best global meds galite nusipirkti white girl. vonios druskos i\u0161 savo nam\u0173. Parduodamos \u201eWhite Girl\u201c vonios druskos.<\/p>\n<p>Tokiu atveju vonios druskos galite nusipirkti internete \u201eWhite Girl 500mg Bath Salt\u201c<\/p>\n<p>Best Global Meds parduoda auk\u0161tos kokyb\u0117s vonios druskas, kurios suteiks jums skland\u017ei\u0105, jausming\u0105 voni\u0105, kurioje jausit\u0117s \u0161var\u016bs.<\/p>\n<p>Kai internetu i\u0161 m\u016bs\u0173 pirksite balt\u0173j\u0173 mergai\u010di\u0173 vonios druskas, galite b\u016bti tikri, kad jos bus pa\u010dios geriausios. Geromis kainomis parduodame ir perkame kitas koncentruotas vonios druskas.<\/p>\n<p>M\u016bs\u0173 vonios druskos turi stipr\u0173 kvap\u0105.<\/p>\n<div class=\"product-next-previous\">\n<div class=\"product- ankstesnis\"><\/div>\n<\/p><\/div>\n","protected":false},"featured_media":5625,"comment_status":"open","ping_status":"closed","template":"","meta":[],"product_brand":[],"product_cat":[2014],"product_tag":[3305,3301,3303,3306,3300,3299,3302,3304],"class_list":{"0":"post-5615","1":"product","2":"type-product","3":"status-publish","4":"has-post-thumbnail","6":"product_cat-pirkti-tyrineti-chemikalai","7":"product_tag-balta-mergina-vonios-druskos","8":"product_tag-koncentruota-balta-mergaite-500mg-vonios-druskos","9":"product_tag-kur-pirkti-baltos-merginos-vonios-druskos","10":"product_tag-balta-mergai-vanos-druskos-parduodu","11":"product_tag-pirkite-balta-mergaite-vonios-druskos-internetu","12":"product_tag-pirkite-koncentruota-balta-mergina-500mg-vonios-druska-internetu","13":"product_tag-usisakyk-balta-mergaite-vonios-druskos-internete","14":"product_tag-balta-mergina-500mg-vonios-druska-internetu","16":"first","17":"instock","18":"shipping-taxable","19":"purchasable","20":"product-type-variable","21":"has-default-attributes"},"yoast_head":"<!-- This site is optimized with the Yoast SEO plugin v27.3 - https:\/\/yoast.com\/product\/yoast-seo-wordpress\/ -->\n<title>Pirkite \u201eWhite Girl Bath Salt\u201c \u2013 parduodama vonios druska \u2013 geriausi pasaulyje vaistai<\/title>\n<meta name=\"description\" content=\"Noriu pirkti White Girl Bath Salt parduoti JK, Europoje m\u016bs\u0173 Bestglobalmeds.com parduotuv\u0117je su greitu pristatymu visame pasaulyje! Geriausi\u0105 balt\u0105j\u0105 mergai\u010di\u0173 vonios drusk\u0105, kuri\u0105 galite u\u017esisakyti, rasite \u010dia!\" \/>\n<meta name=\"robots\" content=\"index, follow, max-snippet:-1, max-image-preview:large, max-video-preview:-1\" \/>\n<link rel=\"canonical\" href=\"https:\/\/medicinasinc.com\/lt\/product\/pirk-balta-mergai-vonios-druska\/\" \/>\n<meta property=\"og:locale\" content=\"en_US\" \/>\n<meta property=\"og:type\" content=\"article\" \/>\n<meta property=\"og:title\" content=\"Pirkite \u201eWhite Girl Bath Salt\u201c \u2013 parduodama vonios druska \u2013 geriausi pasaulyje vaistai\" \/>\n<meta property=\"og:description\" content=\"Noriu pirkti White Girl Bath Salt parduoti JK, Europoje m\u016bs\u0173 Bestglobalmeds.com parduotuv\u0117je su greitu pristatymu visame pasaulyje! Geriausi\u0105 balt\u0105j\u0105 mergai\u010di\u0173 vonios drusk\u0105, kuri\u0105 galite u\u017esisakyti, rasite \u010dia!\" \/>\n<meta property=\"og:url\" content=\"https:\/\/medicinasinc.com\/lt\/product\/pirk-balta-mergai-vonios-druska\/\" \/>\n<meta property=\"og:site_name\" content=\"Medicinas Inc\" \/>\n<meta property=\"article:modified_time\" content=\"2022-03-20T12:12:40+00:00\" \/>\n<meta property=\"og:image\" content=\"https:\/\/medicinasinc.com\/lt\/wp-content\/uploads\/sites\/9\/2022\/02\/Buy-White-Girl-Bath-Salt.jpg\" \/>\n\t<meta property=\"og:image:width\" content=\"600\" \/>\n\t<meta property=\"og:image:height\" content=\"600\" \/>\n\t<meta property=\"og:image:type\" content=\"image\/jpeg\" \/>\n<meta name=\"twitter:card\" content=\"summary_large_image\" \/>\n<meta name=\"twitter:label1\" content=\"Est. reading time\" \/>\n\t<meta name=\"twitter:data1\" content=\"2 minutes\" \/>\n<script type=\"application\/ld+json\" class=\"yoast-schema-graph\">{\"@context\":\"https:\\\/\\\/schema.org\",\"@graph\":[{\"@type\":\"WebPage\",\"@id\":\"https:\\\/\\\/medicinasinc.com\\\/lt\\\/product\\\/pirk-balta-mergai-vonios-druska\\\/\",\"url\":\"https:\\\/\\\/medicinasinc.com\\\/lt\\\/product\\\/pirk-balta-mergai-vonios-druska\\\/\",\"name\":\"Pirkite \u201eWhite Girl Bath Salt\u201c \u2013 parduodama vonios druska \u2013 geriausi pasaulyje vaistai\",\"isPartOf\":{\"@id\":\"https:\\\/\\\/medicinasinc.com\\\/lt\\\/#website\"},\"primaryImageOfPage\":{\"@id\":\"https:\\\/\\\/medicinasinc.com\\\/lt\\\/product\\\/pirk-balta-mergai-vonios-druska\\\/#primaryimage\"},\"image\":{\"@id\":\"https:\\\/\\\/medicinasinc.com\\\/lt\\\/product\\\/pirk-balta-mergai-vonios-druska\\\/#primaryimage\"},\"thumbnailUrl\":\"https:\\\/\\\/medicinasinc.com\\\/lt\\\/wp-content\\\/uploads\\\/sites\\\/9\\\/2022\\\/02\\\/Buy-White-Girl-Bath-Salt.jpg\",\"datePublished\":\"2022-02-22T02:46:09+00:00\",\"dateModified\":\"2022-03-20T12:12:40+00:00\",\"description\":\"Noriu pirkti White Girl Bath Salt parduoti JK, Europoje m\u016bs\u0173 Bestglobalmeds.com parduotuv\u0117je su greitu pristatymu visame pasaulyje! Geriausi\u0105 balt\u0105j\u0105 mergai\u010di\u0173 vonios drusk\u0105, kuri\u0105 galite u\u017esisakyti, rasite \u010dia!\",\"breadcrumb\":{\"@id\":\"https:\\\/\\\/medicinasinc.com\\\/lt\\\/product\\\/pirk-balta-mergai-vonios-druska\\\/#breadcrumb\"},\"inLanguage\":\"en-US\",\"potentialAction\":[{\"@type\":\"ReadAction\",\"target\":[\"https:\\\/\\\/medicinasinc.com\\\/lt\\\/product\\\/pirk-balta-mergai-vonios-druska\\\/\"]}]},{\"@type\":\"ImageObject\",\"inLanguage\":\"en-US\",\"@id\":\"https:\\\/\\\/medicinasinc.com\\\/lt\\\/product\\\/pirk-balta-mergai-vonios-druska\\\/#primaryimage\",\"url\":\"https:\\\/\\\/medicinasinc.com\\\/lt\\\/wp-content\\\/uploads\\\/sites\\\/9\\\/2022\\\/02\\\/Buy-White-Girl-Bath-Salt.jpg\",\"contentUrl\":\"https:\\\/\\\/medicinasinc.com\\\/lt\\\/wp-content\\\/uploads\\\/sites\\\/9\\\/2022\\\/02\\\/Buy-White-Girl-Bath-Salt.jpg\",\"width\":600,\"height\":600},{\"@type\":\"BreadcrumbList\",\"@id\":\"https:\\\/\\\/medicinasinc.com\\\/lt\\\/product\\\/pirk-balta-mergai-vonios-druska\\\/#breadcrumb\",\"itemListElement\":[{\"@type\":\"ListItem\",\"position\":1,\"name\":\"Parduotuv\u0117\",\"item\":\"https:\\\/\\\/medicinasinc.com\\\/lt\\\/parduotuve\\\/\"},{\"@type\":\"ListItem\",\"position\":2,\"name\":\"Pirkite White Girl vonios druskos\"}]},{\"@type\":\"WebSite\",\"@id\":\"https:\\\/\\\/medicinasinc.com\\\/lt\\\/#website\",\"url\":\"https:\\\/\\\/medicinasinc.com\\\/lt\\\/\",\"name\":\"Medicinas Inc\",\"description\":\"Sveikatos medicinos klinika\",\"potentialAction\":[{\"@type\":\"SearchAction\",\"target\":{\"@type\":\"EntryPoint\",\"urlTemplate\":\"https:\\\/\\\/medicinasinc.com\\\/lt\\\/?s={search_term_string}\"},\"query-input\":{\"@type\":\"PropertyValueSpecification\",\"valueRequired\":true,\"valueName\":\"search_term_string\"}}],\"inLanguage\":\"en-US\"}]}<\/script>\n<!-- \/ Yoast SEO plugin. -->","yoast_head_json":{"title":"Pirkite \u201eWhite Girl Bath Salt\u201c \u2013 parduodama vonios druska \u2013 geriausi pasaulyje vaistai","description":"Noriu pirkti White Girl Bath Salt parduoti JK, Europoje m\u016bs\u0173 Bestglobalmeds.com parduotuv\u0117je su greitu pristatymu visame pasaulyje! Geriausi\u0105 balt\u0105j\u0105 mergai\u010di\u0173 vonios drusk\u0105, kuri\u0105 galite u\u017esisakyti, rasite \u010dia!","robots":{"index":"index","follow":"follow","max-snippet":"max-snippet:-1","max-image-preview":"max-image-preview:large","max-video-preview":"max-video-preview:-1"},"canonical":"https:\/\/medicinasinc.com\/lt\/product\/pirk-balta-mergai-vonios-druska\/","og_locale":"en_US","og_type":"article","og_title":"Pirkite \u201eWhite Girl Bath Salt\u201c \u2013 parduodama vonios druska \u2013 geriausi pasaulyje vaistai","og_description":"Noriu pirkti White Girl Bath Salt parduoti JK, Europoje m\u016bs\u0173 Bestglobalmeds.com parduotuv\u0117je su greitu pristatymu visame pasaulyje! Geriausi\u0105 balt\u0105j\u0105 mergai\u010di\u0173 vonios drusk\u0105, kuri\u0105 galite u\u017esisakyti, rasite \u010dia!","og_url":"https:\/\/medicinasinc.com\/lt\/product\/pirk-balta-mergai-vonios-druska\/","og_site_name":"Medicinas Inc","article_modified_time":"2022-03-20T12:12:40+00:00","og_image":[{"width":600,"height":600,"url":"https:\/\/medicinasinc.com\/lt\/wp-content\/uploads\/sites\/9\/2022\/02\/Buy-White-Girl-Bath-Salt.jpg","type":"image\/jpeg"}],"twitter_card":"summary_large_image","twitter_misc":{"Est. reading time":"2 minutes"},"schema":{"@context":"https:\/\/schema.org","@graph":[{"@type":"WebPage","@id":"https:\/\/medicinasinc.com\/lt\/product\/pirk-balta-mergai-vonios-druska\/","url":"https:\/\/medicinasinc.com\/lt\/product\/pirk-balta-mergai-vonios-druska\/","name":"Pirkite \u201eWhite Girl Bath Salt\u201c \u2013 parduodama vonios druska \u2013 geriausi pasaulyje vaistai","isPartOf":{"@id":"https:\/\/medicinasinc.com\/lt\/#website"},"primaryImageOfPage":{"@id":"https:\/\/medicinasinc.com\/lt\/product\/pirk-balta-mergai-vonios-druska\/#primaryimage"},"image":{"@id":"https:\/\/medicinasinc.com\/lt\/product\/pirk-balta-mergai-vonios-druska\/#primaryimage"},"thumbnailUrl":"https:\/\/medicinasinc.com\/lt\/wp-content\/uploads\/sites\/9\/2022\/02\/Buy-White-Girl-Bath-Salt.jpg","datePublished":"2022-02-22T02:46:09+00:00","dateModified":"2022-03-20T12:12:40+00:00","description":"Noriu pirkti White Girl Bath Salt parduoti JK, Europoje m\u016bs\u0173 Bestglobalmeds.com parduotuv\u0117je su greitu pristatymu visame pasaulyje! Geriausi\u0105 balt\u0105j\u0105 mergai\u010di\u0173 vonios drusk\u0105, kuri\u0105 galite u\u017esisakyti, rasite \u010dia!","breadcrumb":{"@id":"https:\/\/medicinasinc.com\/lt\/product\/pirk-balta-mergai-vonios-druska\/#breadcrumb"},"inLanguage":"en-US","potentialAction":[{"@type":"ReadAction","target":["https:\/\/medicinasinc.com\/lt\/product\/pirk-balta-mergai-vonios-druska\/"]}]},{"@type":"ImageObject","inLanguage":"en-US","@id":"https:\/\/medicinasinc.com\/lt\/product\/pirk-balta-mergai-vonios-druska\/#primaryimage","url":"https:\/\/medicinasinc.com\/lt\/wp-content\/uploads\/sites\/9\/2022\/02\/Buy-White-Girl-Bath-Salt.jpg","contentUrl":"https:\/\/medicinasinc.com\/lt\/wp-content\/uploads\/sites\/9\/2022\/02\/Buy-White-Girl-Bath-Salt.jpg","width":600,"height":600},{"@type":"BreadcrumbList","@id":"https:\/\/medicinasinc.com\/lt\/product\/pirk-balta-mergai-vonios-druska\/#breadcrumb","itemListElement":[{"@type":"ListItem","position":1,"name":"Parduotuv\u0117","item":"https:\/\/medicinasinc.com\/lt\/parduotuve\/"},{"@type":"ListItem","position":2,"name":"Pirkite White Girl vonios druskos"}]},{"@type":"WebSite","@id":"https:\/\/medicinasinc.com\/lt\/#website","url":"https:\/\/medicinasinc.com\/lt\/","name":"Medicinas Inc","description":"Sveikatos medicinos klinika","potentialAction":[{"@type":"SearchAction","target":{"@type":"EntryPoint","urlTemplate":"https:\/\/medicinasinc.com\/lt\/?s={search_term_string}"},"query-input":{"@type":"PropertyValueSpecification","valueRequired":true,"valueName":"search_term_string"}}],"inLanguage":"en-US"}]}},"_links":{"self":[{"href":"https:\/\/medicinasinc.com\/lt\/wp-json\/wp\/v2\/product\/5615","targetHints":{"allow":["GET"]}}],"collection":[{"href":"https:\/\/medicinasinc.com\/lt\/wp-json\/wp\/v2\/product"}],"about":[{"href":"https:\/\/medicinasinc.com\/lt\/wp-json\/wp\/v2\/types\/product"}],"replies":[{"embeddable":true,"href":"https:\/\/medicinasinc.com\/lt\/wp-json\/wp\/v2\/comments?post=5615"}],"wp:featuredmedia":[{"embeddable":true,"href":"https:\/\/medicinasinc.com\/lt\/wp-json\/wp\/v2\/media\/5625"}],"wp:attachment":[{"href":"https:\/\/medicinasinc.com\/lt\/wp-json\/wp\/v2\/media?parent=5615"}],"wp:term":[{"taxonomy":"product_brand","embeddable":true,"href":"https:\/\/medicinasinc.com\/lt\/wp-json\/wp\/v2\/product_brand?post=5615"},{"taxonomy":"product_cat","embeddable":true,"href":"https:\/\/medicinasinc.com\/lt\/wp-json\/wp\/v2\/product_cat?post=5615"},{"taxonomy":"product_tag","embeddable":true,"href":"https:\/\/medicinasinc.com\/lt\/wp-json\/wp\/v2\/product_tag?post=5615"}],"curies":[{"name":"wp","href":"https:\/\/api.w.org\/{rel}","templated":true}]}}