{"id":5614,"date":"2022-02-22T02:44:39","date_gmt":"2022-02-22T02:44:39","guid":{"rendered":"https:\/\/medicinasinc.com\/lt\/?post_type=product&#038;p=5614"},"modified":"2022-03-20T12:12:49","modified_gmt":"2022-03-20T12:12:49","slug":"pirkti-bk-etil-k-kristalai","status":"publish","type":"product","link":"https:\/\/medicinasinc.com\/lt\/product\/pirkti-bk-etil-k-kristalai\/","title":{"rendered":"Pirkite bk-Ethyl-K kristalus"},"content":{"rendered":"<p>Pirkite bk-Ethyl-K chemin\u0119 med\u017eiag\u0105 internetu i\u0161 didmenininko.<\/p>\n<p>Bk-Ethyl-K chemin\u0119 med\u017eiag\u0105 galite nusipirkti dideliais kiekiais.<\/p>\n<p>BKK-etil-k<\/p>\n<p>Jis taip pat \u017einomas kaip etilonas, kuris yra entaktogeninis energijos \u0161altinis. Jis da\u017enai vadinamas 3,4-metilendioksi-N-etilkatinonu, ta\u010diau tai ne visada yra teisingas pavadinimas. Etilonas vadinamas 1-(1,3-benzodioksol-5-il)-2-(metilamino)-1-propanonu, nes turi nauding\u0105 pavadinim\u0105. Formul\u0117: C12H15NO3 normalioji mas\u0117 yra 221,251999 Da, o monoizotopin\u0117 mas\u0117 \u2013 221,104996 Da. Tai yra subranduolin\u0117 formul\u0117. Geriausia vieta pirkti etilen\u0105 yra Kinija. Etilonas yra vertingas akmuo, kur\u012f galima nusipirkti. Pirkite vertingus etilo akmenis. Etilono tiek\u0117jas. Pirkite etilen\u0105 su nuolaida. nuolaida Ethylone<\/p>\n<p>Naujasis bk-Ethyl-K stimuliatorius yra dizainerio pagamintas vaistas. Tai amfetamino analogas. Muitin\u0117je d\u0117l naujos formul\u0117s problem\u0173 nekyla.<\/p>\n<table class=\"t1\" cellpadding=\"0\">\n<tbody>\n<tr>\n<td class=\"td1\" valign=\"top \">\n<p class=\"p3\"><span class=\"s1\"><b>Sinonimai<\/b><\/span><\/p>\n<\/td>\n<td class=\"td2\" valign=\"top\">\n<p class=\"p3\"><a href=\"https:\/\/www.bestglobalmeds.com\/product\/research-chemicals\/buy-bk-ethyl-k-crystals\/\"><span class=\"s1\"> bk-Ethyl-K<\/span><\/a><\/p>\n<\/td>\n<\/tr>\n<tr>\n<td class=\"td3\" valign=\"top\">\n<p class=\"p3\"><span class=\"s1\"><b>IUPAC<\/b><\/span><\/p>\n<\/td>\n<td class=\"td4\" valign=\"top\">\n<p class=\"p3\"><span class=\"s1\">1-(benzo[d][1,3]dioksol-5-il)-2-(etilamino)pentan-1-onas<\/span><\/p>\n<\/td>\n<\/tr>\n<tr>\n<td class=\"td1\" valign=\"top\">\n<p class=\"p3\"><span class=\"s1\"><b>Formul\u0117<\/b><\/span><\/p>\n<\/td>\n<td class=\"td2\" valign=\"top\">\n<p class=\"p3\"><span class=\"s1\">Ne<\/span><\/p>\n<\/td>\n<\/tr>\n<tr>\n<td class=\"td3\" valign=\"top\">\n<p class=\"p3\"><span class=\"s1\"><b>Molekulin\u0117 mas\u0117<\/b><\/span><\/p>\n<\/td>\n<td class=\"td4\" valign=\"top\">\n<p class=\"p3\"><span class=\"s1\">Ne <\/span><\/p>\n<\/td>\n<\/tr>\n<tr>\n<td class=\"td1\" valign=\"top\">\n<p class=\"p3\"><span class=\"s1\"><b>CAS<\/b><\/span><\/p>\n<\/td>\n<td class=\"td2\" valign=\"top\">\n<p class=\"p3\"><span class=\"s1\">Ne<\/span><\/p>\n<\/td>\n<\/tr>\n<tr>\n<td class=\"td3\" valign=\"top\">\n<p class=\"p3\"><span class=\"s1\"><b>I\u0161vaizda <\/b><\/span><\/p>\n<\/td>\n<td class=\"td4\" valign=\"top\">\n<p class=\"p3\"><span class=\"s1\">Ne<\/span> <\/p>\n<\/td>\n<\/tr>\n<tr>\n<td class=\"td1\" valign=\"top\">\n<p class=\"p3\"><span class=\"s1\"><b>Grynumas<\/b> b&gt;<\/span><\/p>\n<\/td>\n<td class=\"td2\" valign=\"top\">\n<p class=\"p3\"><span class=\"s1\">\u2265 99 %<\/span> <\/p>\n<\/td>\n<\/tr>\n<\/tbody>\n<\/table>\n<p><img loading=\"lazy\" decoding=\"async\" class=\"alignnone wp-image-923 size-full lazyloaded\" style=\"border: 0px;vertical-align: vidurys\" src=\"https:\/\/i2.wp.com\/chemspro.com\/wp-content\/uploads\/sites\/9\/2017\/04\/bk-ethyl-k- e1570866136196.jpg?resize=260%2C185&amp;ssl=1\" alt=\"bk-Ethyl-K \" width=\"260\" height=\"185\" data-attachment-id=\"923\" data-permalink=\"https:\/ \/chemspro.com\/stimulants\/bk-ethyl-k-crystals.html \/attachment\/bk-ethyl-k\" data-orig-file=\"https:\/\/i2.wp.com\/chemspro.com\/wp-content\/uploads\/sites\/9\/2017\/04\/bk-ethyl-k- e1570866136196.jpg?fit=260%2C185&amp;ssl=1\" data-orig-size=\"260,185\" data-comments-opened=\"1\" data-image-title=\"bk-ethyl-k\" data-image-description=\"&lt;p&gt;bk-Ethyl-K &lt;\/p&gt; \" data-image-caption=\"\" data-medium-file=\"https:\/\/i2.wp.com\/chemspro.com\/wp-content\/uploads\/sites\/9\/2017\/04\/bk-ethyl-k- e1570866136196.jpg?fit=300%2C213&amp;ssl=1\" data-large-file=\"https:\/\/i2.wp.com\/chemspro.com\/wp-content\/uploads\/sites\/9\/2017\/04\/bk -ethyl-k-e1570866136196.jpg?fit=260%2C185&amp;ssl=1\" data-recalc-dims=\"1\" data-src=\"https:\/\/i2.wp.com\/chemspro.com\/wp-content \/uploads\/sites\/9\/2017\/04\/bk-ethyl-k-e1570866136196.jpg?resize=260%2C185&amp;ssl=1\" \/><\/p>\n<p>\u017dmon\u0117s, kurie perka Bk-Ethyl-K i\u0161 \u0161io svetain\u0117 tur\u0117t\u0173 naudoti j\u0105 tyrimams ir teismo ekspertizei. Bk- Ethyl-K yra katinono ir amfetamino chemini\u0173 grupi\u0173 dalis. Tai formul\u0117s svoris: 285,8 g-mol<\/p>\n<p>Niekas ne\u017eino, kas atsitiks i\u0161g\u0117rus bk-Ethyl-K, bet gali b\u016bti.<\/p>\n<p>Visa cheminis pavadinimas yra bk-Etil-K: 1- (benzo[d] [1,3] dioksol-5-il) -2- (etilamino) pentan-1-onas yra pirmasis.<\/p>\n<p> Laikymas: v\u0117sioje ir sausoje vietoje. Terminai bk-Ethyl-K gali trukti iki dvej\u0173 met\u0173, jei jie bus tinkamai laikomi.<\/p>\n","protected":false},"excerpt":{"rendered":"<div class=\"woocommerce-product-details__short-description\">\n<p>M\u016bs\u0173 Bestglobalmeds.com parduotuv\u0117je galite \u012fsigyti pigi\u0173 bk-Ethyl-K kristal\u0173 JK, Europoje ir visame pasaulyje! \u010cia galite nusipirkti geriausi\u0173 bk-Ethyl-K kristal\u0173, kuriuos galite u\u017esisakyti.<\/p>\n<p>Pirkite bk-Ethyl-K Chemical internetu i\u0161 didmenininko. pigios moksliniams tyrimams skirtos chemin\u0117s med\u017eiagos, kuri\u0173 grynumas yra geriausias tyrimams<\/p>\n<p>.<\/p>\n<\/p><\/div>\n","protected":false},"featured_media":5623,"comment_status":"open","ping_status":"closed","template":"","meta":[],"product_brand":[],"product_cat":[2014],"product_tag":[3281,3282,3288,3289,3290,3285,3286,3291,3287,3284,3292,3293,3298,3295,3283,3297,3296,3294],"class_list":{"0":"post-5614","1":"product","2":"type-product","3":"status-publish","4":"has-post-thumbnail","6":"product_cat-pirkti-tyrineti-chemikalai","7":"product_tag-best-bk-ethyl-k-crystals-wholesale","8":"product_tag-best-place-to-buy-bk-ethyl-k-crystals","9":"product_tag-bk-ethyl-k-crystals-for-sale","10":"product_tag-bk-ethyl-k-crystals-kufen","11":"product_tag-bk-ethyl-k-crystals-order","12":"product_tag-bk-etil-k-kristalai-pirkti","13":"product_tag-bk-ethyl-k-crystals-buy-europe","14":"product_tag-bk-ethyl-k-crystals-reddit","15":"product_tag-bk-etil-k-kristal-efektas","16":"product_tag-bk-etil-k-kristalai","17":"product_tag-buy-bk-ethyl-k-crystals","18":"product_tag-buy-bk-ethyl-k-crystals-europe","19":"product_tag-didmenin-prekyba-bk-etil-k-kristalai","20":"product_tag-dmt-usakymas","21":"product_tag-geriausia-vieta-pirkti-mxe","22":"product_tag-mamenin-prekyba-bk-etil-k-kristalai","23":"product_tag-order-bk-ethyl-k-crystals-uk","24":"product_tag-pirkti-bk-etil-k-kristalai-uk","26":"first","27":"instock","28":"shipping-taxable","29":"purchasable","30":"product-type-variable","31":"has-default-attributes"},"yoast_head":"<!-- This site is optimized with the Yoast SEO plugin v27.3 - https:\/\/yoast.com\/product\/yoast-seo-wordpress\/ -->\n<title>Pirkite bk-Ethyl-K kristalus - bk-Ethyl-K internetu - geriausius pasaulinius vaistus<\/title>\n<meta name=\"description\" content=\"Noriu nusipirkti pigi\u0173 bk-Ethyl-K kristal\u0173 JK, Europoje m\u016bs\u0173 Bestglobalmeds parduotuv\u0117je su greitu pristatymu visame pasaulyje! Geriausius u\u017esakytus bk-Ethyl-K kristalus rasite \u010dia!\" \/>\n<meta name=\"robots\" content=\"index, follow, max-snippet:-1, max-image-preview:large, max-video-preview:-1\" \/>\n<link rel=\"canonical\" href=\"https:\/\/medicinasinc.com\/lt\/product\/pirkti-bk-etil-k-kristalai\/\" \/>\n<meta property=\"og:locale\" content=\"en_US\" \/>\n<meta property=\"og:type\" content=\"article\" \/>\n<meta property=\"og:title\" content=\"Pirkite bk-Ethyl-K kristalus - bk-Ethyl-K internetu - geriausius pasaulinius vaistus\" \/>\n<meta property=\"og:description\" content=\"Noriu nusipirkti pigi\u0173 bk-Ethyl-K kristal\u0173 JK, Europoje m\u016bs\u0173 Bestglobalmeds parduotuv\u0117je su greitu pristatymu visame pasaulyje! Geriausius u\u017esakytus bk-Ethyl-K kristalus rasite \u010dia!\" \/>\n<meta property=\"og:url\" content=\"https:\/\/medicinasinc.com\/lt\/product\/pirkti-bk-etil-k-kristalai\/\" \/>\n<meta property=\"og:site_name\" content=\"Medicinas Inc\" \/>\n<meta property=\"article:modified_time\" content=\"2022-03-20T12:12:49+00:00\" \/>\n<meta property=\"og:image\" content=\"https:\/\/medicinasinc.com\/lt\/wp-content\/uploads\/sites\/9\/2022\/02\/Buy-bk-Ethyl-K-Crystals.jpg\" \/>\n\t<meta property=\"og:image:width\" content=\"600\" \/>\n\t<meta property=\"og:image:height\" content=\"600\" \/>\n\t<meta property=\"og:image:type\" content=\"image\/jpeg\" \/>\n<meta name=\"twitter:card\" content=\"summary_large_image\" \/>\n<meta name=\"twitter:label1\" content=\"Est. reading time\" \/>\n\t<meta name=\"twitter:data1\" content=\"2 minutes\" \/>\n<script type=\"application\/ld+json\" class=\"yoast-schema-graph\">{\"@context\":\"https:\\\/\\\/schema.org\",\"@graph\":[{\"@type\":\"WebPage\",\"@id\":\"https:\\\/\\\/medicinasinc.com\\\/lt\\\/product\\\/pirkti-bk-etil-k-kristalai\\\/\",\"url\":\"https:\\\/\\\/medicinasinc.com\\\/lt\\\/product\\\/pirkti-bk-etil-k-kristalai\\\/\",\"name\":\"Pirkite bk-Ethyl-K kristalus - bk-Ethyl-K internetu - geriausius pasaulinius vaistus\",\"isPartOf\":{\"@id\":\"https:\\\/\\\/medicinasinc.com\\\/lt\\\/#website\"},\"primaryImageOfPage\":{\"@id\":\"https:\\\/\\\/medicinasinc.com\\\/lt\\\/product\\\/pirkti-bk-etil-k-kristalai\\\/#primaryimage\"},\"image\":{\"@id\":\"https:\\\/\\\/medicinasinc.com\\\/lt\\\/product\\\/pirkti-bk-etil-k-kristalai\\\/#primaryimage\"},\"thumbnailUrl\":\"https:\\\/\\\/medicinasinc.com\\\/lt\\\/wp-content\\\/uploads\\\/sites\\\/9\\\/2022\\\/02\\\/Buy-bk-Ethyl-K-Crystals.jpg\",\"datePublished\":\"2022-02-22T02:44:39+00:00\",\"dateModified\":\"2022-03-20T12:12:49+00:00\",\"description\":\"Noriu nusipirkti pigi\u0173 bk-Ethyl-K kristal\u0173 JK, Europoje m\u016bs\u0173 Bestglobalmeds parduotuv\u0117je su greitu pristatymu visame pasaulyje! Geriausius u\u017esakytus bk-Ethyl-K kristalus rasite \u010dia!\",\"breadcrumb\":{\"@id\":\"https:\\\/\\\/medicinasinc.com\\\/lt\\\/product\\\/pirkti-bk-etil-k-kristalai\\\/#breadcrumb\"},\"inLanguage\":\"en-US\",\"potentialAction\":[{\"@type\":\"ReadAction\",\"target\":[\"https:\\\/\\\/medicinasinc.com\\\/lt\\\/product\\\/pirkti-bk-etil-k-kristalai\\\/\"]}]},{\"@type\":\"ImageObject\",\"inLanguage\":\"en-US\",\"@id\":\"https:\\\/\\\/medicinasinc.com\\\/lt\\\/product\\\/pirkti-bk-etil-k-kristalai\\\/#primaryimage\",\"url\":\"https:\\\/\\\/medicinasinc.com\\\/lt\\\/wp-content\\\/uploads\\\/sites\\\/9\\\/2022\\\/02\\\/Buy-bk-Ethyl-K-Crystals.jpg\",\"contentUrl\":\"https:\\\/\\\/medicinasinc.com\\\/lt\\\/wp-content\\\/uploads\\\/sites\\\/9\\\/2022\\\/02\\\/Buy-bk-Ethyl-K-Crystals.jpg\",\"width\":600,\"height\":600},{\"@type\":\"BreadcrumbList\",\"@id\":\"https:\\\/\\\/medicinasinc.com\\\/lt\\\/product\\\/pirkti-bk-etil-k-kristalai\\\/#breadcrumb\",\"itemListElement\":[{\"@type\":\"ListItem\",\"position\":1,\"name\":\"Parduotuv\u0117\",\"item\":\"https:\\\/\\\/medicinasinc.com\\\/lt\\\/parduotuve\\\/\"},{\"@type\":\"ListItem\",\"position\":2,\"name\":\"Pirkite bk-Ethyl-K kristalus\"}]},{\"@type\":\"WebSite\",\"@id\":\"https:\\\/\\\/medicinasinc.com\\\/lt\\\/#website\",\"url\":\"https:\\\/\\\/medicinasinc.com\\\/lt\\\/\",\"name\":\"Medicinas Inc\",\"description\":\"Sveikatos medicinos klinika\",\"potentialAction\":[{\"@type\":\"SearchAction\",\"target\":{\"@type\":\"EntryPoint\",\"urlTemplate\":\"https:\\\/\\\/medicinasinc.com\\\/lt\\\/?s={search_term_string}\"},\"query-input\":{\"@type\":\"PropertyValueSpecification\",\"valueRequired\":true,\"valueName\":\"search_term_string\"}}],\"inLanguage\":\"en-US\"}]}<\/script>\n<!-- \/ Yoast SEO plugin. -->","yoast_head_json":{"title":"Pirkite bk-Ethyl-K kristalus - bk-Ethyl-K internetu - geriausius pasaulinius vaistus","description":"Noriu nusipirkti pigi\u0173 bk-Ethyl-K kristal\u0173 JK, Europoje m\u016bs\u0173 Bestglobalmeds parduotuv\u0117je su greitu pristatymu visame pasaulyje! Geriausius u\u017esakytus bk-Ethyl-K kristalus rasite \u010dia!","robots":{"index":"index","follow":"follow","max-snippet":"max-snippet:-1","max-image-preview":"max-image-preview:large","max-video-preview":"max-video-preview:-1"},"canonical":"https:\/\/medicinasinc.com\/lt\/product\/pirkti-bk-etil-k-kristalai\/","og_locale":"en_US","og_type":"article","og_title":"Pirkite bk-Ethyl-K kristalus - bk-Ethyl-K internetu - geriausius pasaulinius vaistus","og_description":"Noriu nusipirkti pigi\u0173 bk-Ethyl-K kristal\u0173 JK, Europoje m\u016bs\u0173 Bestglobalmeds parduotuv\u0117je su greitu pristatymu visame pasaulyje! Geriausius u\u017esakytus bk-Ethyl-K kristalus rasite \u010dia!","og_url":"https:\/\/medicinasinc.com\/lt\/product\/pirkti-bk-etil-k-kristalai\/","og_site_name":"Medicinas Inc","article_modified_time":"2022-03-20T12:12:49+00:00","og_image":[{"width":600,"height":600,"url":"https:\/\/medicinasinc.com\/lt\/wp-content\/uploads\/sites\/9\/2022\/02\/Buy-bk-Ethyl-K-Crystals.jpg","type":"image\/jpeg"}],"twitter_card":"summary_large_image","twitter_misc":{"Est. reading time":"2 minutes"},"schema":{"@context":"https:\/\/schema.org","@graph":[{"@type":"WebPage","@id":"https:\/\/medicinasinc.com\/lt\/product\/pirkti-bk-etil-k-kristalai\/","url":"https:\/\/medicinasinc.com\/lt\/product\/pirkti-bk-etil-k-kristalai\/","name":"Pirkite bk-Ethyl-K kristalus - bk-Ethyl-K internetu - geriausius pasaulinius vaistus","isPartOf":{"@id":"https:\/\/medicinasinc.com\/lt\/#website"},"primaryImageOfPage":{"@id":"https:\/\/medicinasinc.com\/lt\/product\/pirkti-bk-etil-k-kristalai\/#primaryimage"},"image":{"@id":"https:\/\/medicinasinc.com\/lt\/product\/pirkti-bk-etil-k-kristalai\/#primaryimage"},"thumbnailUrl":"https:\/\/medicinasinc.com\/lt\/wp-content\/uploads\/sites\/9\/2022\/02\/Buy-bk-Ethyl-K-Crystals.jpg","datePublished":"2022-02-22T02:44:39+00:00","dateModified":"2022-03-20T12:12:49+00:00","description":"Noriu nusipirkti pigi\u0173 bk-Ethyl-K kristal\u0173 JK, Europoje m\u016bs\u0173 Bestglobalmeds parduotuv\u0117je su greitu pristatymu visame pasaulyje! Geriausius u\u017esakytus bk-Ethyl-K kristalus rasite \u010dia!","breadcrumb":{"@id":"https:\/\/medicinasinc.com\/lt\/product\/pirkti-bk-etil-k-kristalai\/#breadcrumb"},"inLanguage":"en-US","potentialAction":[{"@type":"ReadAction","target":["https:\/\/medicinasinc.com\/lt\/product\/pirkti-bk-etil-k-kristalai\/"]}]},{"@type":"ImageObject","inLanguage":"en-US","@id":"https:\/\/medicinasinc.com\/lt\/product\/pirkti-bk-etil-k-kristalai\/#primaryimage","url":"https:\/\/medicinasinc.com\/lt\/wp-content\/uploads\/sites\/9\/2022\/02\/Buy-bk-Ethyl-K-Crystals.jpg","contentUrl":"https:\/\/medicinasinc.com\/lt\/wp-content\/uploads\/sites\/9\/2022\/02\/Buy-bk-Ethyl-K-Crystals.jpg","width":600,"height":600},{"@type":"BreadcrumbList","@id":"https:\/\/medicinasinc.com\/lt\/product\/pirkti-bk-etil-k-kristalai\/#breadcrumb","itemListElement":[{"@type":"ListItem","position":1,"name":"Parduotuv\u0117","item":"https:\/\/medicinasinc.com\/lt\/parduotuve\/"},{"@type":"ListItem","position":2,"name":"Pirkite bk-Ethyl-K kristalus"}]},{"@type":"WebSite","@id":"https:\/\/medicinasinc.com\/lt\/#website","url":"https:\/\/medicinasinc.com\/lt\/","name":"Medicinas Inc","description":"Sveikatos medicinos klinika","potentialAction":[{"@type":"SearchAction","target":{"@type":"EntryPoint","urlTemplate":"https:\/\/medicinasinc.com\/lt\/?s={search_term_string}"},"query-input":{"@type":"PropertyValueSpecification","valueRequired":true,"valueName":"search_term_string"}}],"inLanguage":"en-US"}]}},"_links":{"self":[{"href":"https:\/\/medicinasinc.com\/lt\/wp-json\/wp\/v2\/product\/5614","targetHints":{"allow":["GET"]}}],"collection":[{"href":"https:\/\/medicinasinc.com\/lt\/wp-json\/wp\/v2\/product"}],"about":[{"href":"https:\/\/medicinasinc.com\/lt\/wp-json\/wp\/v2\/types\/product"}],"replies":[{"embeddable":true,"href":"https:\/\/medicinasinc.com\/lt\/wp-json\/wp\/v2\/comments?post=5614"}],"wp:featuredmedia":[{"embeddable":true,"href":"https:\/\/medicinasinc.com\/lt\/wp-json\/wp\/v2\/media\/5623"}],"wp:attachment":[{"href":"https:\/\/medicinasinc.com\/lt\/wp-json\/wp\/v2\/media?parent=5614"}],"wp:term":[{"taxonomy":"product_brand","embeddable":true,"href":"https:\/\/medicinasinc.com\/lt\/wp-json\/wp\/v2\/product_brand?post=5614"},{"taxonomy":"product_cat","embeddable":true,"href":"https:\/\/medicinasinc.com\/lt\/wp-json\/wp\/v2\/product_cat?post=5614"},{"taxonomy":"product_tag","embeddable":true,"href":"https:\/\/medicinasinc.com\/lt\/wp-json\/wp\/v2\/product_tag?post=5614"}],"curies":[{"name":"wp","href":"https:\/\/api.w.org\/{rel}","templated":true}]}}