{"id":5592,"date":"2022-02-22T02:23:26","date_gmt":"2022-02-22T02:23:26","guid":{"rendered":"https:\/\/medicinasinc.com\/lt\/?post_type=product&#038;p=5592"},"modified":"2022-03-20T12:12:59","modified_gmt":"2022-03-20T12:12:59","slug":"pirkti-eth-lad-milteliai","status":"publish","type":"product","link":"https:\/\/medicinasinc.com\/lt\/product\/pirkti-eth-lad-milteliai\/","title":{"rendered":"Pirkite ETH-LAD miltelius"},"content":{"rendered":"<p>\u0160altinis \u012fsigyti ETH-LAD milteli\u0173, parduodamas ETH-LAD<\/p>\n<p>ETH-LAD milteli\u0173 gamintojas Kinijoje. ETH-LAD milteli\u0173 tiek\u0117jai ir didmenininkai. Parduodamos Kinijos tyrim\u0173 chemin\u0117s med\u017eiagos: ETH-LAD milteliai<\/p>\n<p>Ladd, taip pat \u017einomas kaip ETH-LAD, yra ciklinis tetrahidroindolas (taip pat \u017einomas kaip ETH-LAD arba ETH-LAD).<\/p>\n<p> Lisergamid\u0173 \u0161eimos narys chinolino-9-karboksamidas. ETH-LAD yra LSD analogas, kuris tik neseniai buvo prieinamas mokslinink\u0173 bendruomenei ir atveria daugyb\u0119 galimybi\u0173 tirti jo poveik\u012f. Kaip i\u0161samiai apra\u0161yta a\u0161tuntajame de\u0161imtmetyje Aleksandro \u0160ulgino TiHKAL knygoje, ETH-LAD 1970-aisiais susintetino Japonijos tyrim\u0173 grup\u0117.<\/p>\n<p>Produkto apra\u0161ymas:<\/p>\n<p>Kilm\u0117s apskritys: Kinija; Nyderlandai; Lietuva; Jungtin\u0117s Amerikos Valstijos<br \/> ETH-LAD milteliai yra oficialus pavadinimas.<br \/> MF: \u0161iuo metu n\u0117ra.<br \/> grynumas: didesnis arba lygus 99,5 proc.<br \/> I\u0161vaizda d\u0117m\u0117ti<br \/> Plastikinis arba aliuminio folijos mai\u0161elis pakavimui<\/p>\n<p>Mok\u0117jimo s\u0105lygos:<\/p>\n<p>Ma\u017eiausias u\u017esakymo kiekis yra de\u0161imt vienet\u0173. Mok\u0117kite \u201eBitcoin\u201c, \u201eMoney Gram\u201c, banko pavedimu arba bet kokiu jums patinkan\u010diu b\u016bdu.<\/p>\n<p>Pavyzd\u017eius galima gauti nemokamai.<\/p>\n<p>Nemokami premij\u0173 pavyzd\u017eiai visada pridedami prie kiekvieno u\u017esakymo. Penki skirtingi daiktai, kuri\u0173 kiekvienas sveria po du gramus.<br \/> 10 ar daugiau preki\u0173, kuri\u0173 kiekvienas sveria 5\u201310 gram\u0173, pavyzdinis rinkinys kainuoja 400 USD ir su pristatymu. Nor\u0117dami pateikti u\u017esakym\u0105, susisiekite su mumis.<\/p>\n<p>Pristatymo ir pristatymo s\u0105lygos:<\/p>\n<p>Gavus apmok\u0117jim\u0105, produktai bus i\u0161si\u0173sti per vien\u0105 darbo dien\u0105.<br \/> UPS, EMS, Prek\u0117s bus i\u0161si\u0173stos DHL, TNT arba FEDEX. Kiekvienai \u0161aliai parinksime jums geriausi\u0105 kurjer\u012f ir saugiausi\u0105 pristatymo b\u016bd\u0105.<br \/> 5.-14 dien\u0173 EMS pristatymo laikas. 4\u20137 dienos DHL, UPS ir FedEx.<br \/> Rusijoje, Australijoje ir Kanadoje galioja grie\u017eti muitin\u0117s reglamentai, kuriuos galime jums pad\u0117ti.<br \/> Daugeliu atvej\u0173 u\u017esakym\u0105 gausite per keturias iki septyni\u0173 dien\u0173. Elementai bus i\u0161si\u0173sti dar kart\u0105, jei jie bus prarasti arba d\u0117l koki\u0173 nors prie\u017eas\u010di\u0173 negauti.<\/p>\n<p>Jei reikia kitos informacijos, susisiekite su mumis.<\/p>\n<p>Pastaba:<\/p>\n<p>Mes Turime didel\u0119 pasaulin\u0119 klient\u0173 baz\u0119 ir tikim\u0117s, kad gal\u0117sime su jumis dirbti ilg\u0105 laik\u0105. Nor\u0117dami gauti daugiau informacijos, nedvejodami susisiekite su mumis. Mes padarysime visk\u0105, k\u0105 galime, kad jums pad\u0117tume. Labai a\u010di\u016b!<\/p>\n","protected":false},"excerpt":{"rendered":"<div class=\"g\">\n<div data-hveid=\"CAUQAA\" data-ved=\"2ahUKEwiXmcfFl6nzAhVLQEEAHXkQAPMQFSgAegQIBRAA\">\n<div class=\"tF2Cxc\">\n<div class=\"IsZvec\">\n<div>\n<p>M\u016bs\u0173 geriausi interneteGlobalM parduotuv\u0117 si\u016blo greit\u0105 ETH-LAD milteli\u0173, pagamint\u0173 Europoje ir Jungtin\u0117je Karalyst\u0117je, pristatym\u0105 visame pasaulyje. \u010cia rasite geriausius ETH-LAD miltelius rinkoje.<br \/> Farmacijos tarpini\u0173 produkt\u0173 ir tyrim\u0173 chemini\u0173 med\u017eiag\u0173 platintojas i\u0161 Kinijos ETH-LAD milteli\u0173 tiek\u0117jo<br \/> ETH-LAD milteli\u0173 galite \u012fsigyti \u0161ioje svetain\u0117je. <br \/> Europos ETH-LAD milteli\u0173 tiek\u0117jas.<br \/> LSD analog\u0105, vadinam\u0105 ETH-LAD milteliais, galima \u012fsigyti internetu.<br \/> Pana\u0161iai kaip LSD, ETH-LAD yra haliucinogenin\u0117 med\u017eiaga.<\/p>\n<p>LSD analoginiai ETH-LAD milteliai. ETH-LAD, psichodelinio vaisto, kurio stiprumas yra nuo 20 iki 150 mikrogram\u0173, aktyvioji doz\u0117 yra pana\u0161i \u012f LSD.<\/p>\n<p>Galima \u012fsigyti ETH-LAD milteli\u0173.<\/p>\n<p>6-etil-6-nor-lizergin\u0117s r\u016bg\u0161ties dietilamidas IUPAC yra ETH-LAD milteliai<\/p>\n<p>U\u017esakymai bus siun\u010diami i\u0161 \u0161i\u0173 \u0161ali\u0173: Pranc\u016bzijos, Vokietijos, JK ir \u0160vedijos.<\/p>\n<\/p><\/div>\n<\/p><\/div>\n<\/p><\/div>\n<\/p><\/div>\n<\/p><\/div>\n","protected":false},"featured_media":5604,"comment_status":"open","ping_status":"closed","template":"","meta":[],"product_brand":[],"product_cat":[2014],"product_tag":[3263,3277,3278,3266,3276,3268,3270,3273,3274,3271,3272,3269,3275,3267,3280,3264,3265,3279],"class_list":{"0":"post-5592","1":"product","2":"type-product","3":"status-publish","4":"has-post-thumbnail","6":"product_cat-pirkti-tyrineti-chemikalai","7":"product_tag-buy-eth-lad-powder","8":"product_tag-eth-lad-review","9":"product_tag-eth-lad-didmenin-prekyba","10":"product_tag-eth-lad-effect","11":"product_tag-eth-lad-retaly","12":"product_tag-eth-lad-milteliai","13":"product_tag-eth-lad-powder-europe","14":"product_tag-eth-lad-powder-uk","15":"product_tag-eth-lad-milteliai-didmenin-prekyba","16":"product_tag-eth-lad-powder-for-sale","17":"product_tag-eth-lad-powder-retail","18":"product_tag-eth-lad-pudros-efektas","19":"product_tag-eth-lad-reddit","20":"product_tag-eth-lad-order","21":"product_tag-kur-pirkti-eth-lad-miltelius","22":"product_tag-pirkti-eth-lad-powder-uk","23":"product_tag-eth-lad-buy","24":"product_tag-order-eth-lad-milteliai","26":"first","27":"instock","28":"shipping-taxable","29":"purchasable","30":"product-type-variable","31":"has-default-attributes"},"yoast_head":"<!-- This site is optimized with the Yoast SEO plugin v27.2 - https:\/\/yoast.com\/product\/yoast-seo-wordpress\/ -->\n<title>Pirkite ETH-LAD miltelius \u2013 ETH-LAD miltelius internetu \u2013 geriausius pasaulinius vaistus<\/title>\n<meta name=\"description\" content=\"Pirkite ETH-LAD miltelius Europoje, JK internetu m\u016bs\u0173 Bestglobalmeds internetin\u0117je parduotuv\u0117je su greitu pristatymu visame pasaulyje! Geriausi\u0105 ETH-LAD pudr\u0105 u\u017esakymui rasite \u010dia!\" \/>\n<meta name=\"robots\" content=\"index, follow, max-snippet:-1, max-image-preview:large, max-video-preview:-1\" \/>\n<link rel=\"canonical\" href=\"https:\/\/medicinasinc.com\/lt\/product\/pirkti-eth-lad-milteliai\/\" \/>\n<meta property=\"og:locale\" content=\"en_US\" \/>\n<meta property=\"og:type\" content=\"article\" \/>\n<meta property=\"og:title\" content=\"Pirkite ETH-LAD miltelius \u2013 ETH-LAD miltelius internetu \u2013 geriausius pasaulinius vaistus\" \/>\n<meta property=\"og:description\" content=\"Pirkite ETH-LAD miltelius Europoje, JK internetu m\u016bs\u0173 Bestglobalmeds internetin\u0117je parduotuv\u0117je su greitu pristatymu visame pasaulyje! Geriausi\u0105 ETH-LAD pudr\u0105 u\u017esakymui rasite \u010dia!\" \/>\n<meta property=\"og:url\" content=\"https:\/\/medicinasinc.com\/lt\/product\/pirkti-eth-lad-milteliai\/\" \/>\n<meta property=\"og:site_name\" content=\"Medicinas Inc\" \/>\n<meta property=\"article:modified_time\" content=\"2022-03-20T12:12:59+00:00\" \/>\n<meta property=\"og:image\" content=\"https:\/\/medicinasinc.com\/lt\/wp-content\/uploads\/sites\/9\/2022\/02\/Buy-ETH-LAD-Powder.jpg\" \/>\n\t<meta property=\"og:image:width\" content=\"600\" \/>\n\t<meta property=\"og:image:height\" content=\"600\" \/>\n\t<meta property=\"og:image:type\" content=\"image\/jpeg\" \/>\n<meta name=\"twitter:card\" content=\"summary_large_image\" \/>\n<meta name=\"twitter:label1\" content=\"Est. reading time\" \/>\n\t<meta name=\"twitter:data1\" content=\"2 minutes\" \/>\n<script type=\"application\/ld+json\" class=\"yoast-schema-graph\">{\"@context\":\"https:\/\/schema.org\",\"@graph\":[{\"@type\":\"WebPage\",\"@id\":\"https:\/\/medicinasinc.com\/lt\/product\/pirkti-eth-lad-milteliai\/\",\"url\":\"https:\/\/medicinasinc.com\/lt\/product\/pirkti-eth-lad-milteliai\/\",\"name\":\"Pirkite ETH-LAD miltelius \u2013 ETH-LAD miltelius internetu \u2013 geriausius pasaulinius vaistus\",\"isPartOf\":{\"@id\":\"https:\/\/medicinasinc.com\/lt\/#website\"},\"primaryImageOfPage\":{\"@id\":\"https:\/\/medicinasinc.com\/lt\/product\/pirkti-eth-lad-milteliai\/#primaryimage\"},\"image\":{\"@id\":\"https:\/\/medicinasinc.com\/lt\/product\/pirkti-eth-lad-milteliai\/#primaryimage\"},\"thumbnailUrl\":\"https:\/\/medicinasinc.com\/lt\/wp-content\/uploads\/sites\/9\/2022\/02\/Buy-ETH-LAD-Powder.jpg\",\"datePublished\":\"2022-02-22T02:23:26+00:00\",\"dateModified\":\"2022-03-20T12:12:59+00:00\",\"description\":\"Pirkite ETH-LAD miltelius Europoje, JK internetu m\u016bs\u0173 Bestglobalmeds internetin\u0117je parduotuv\u0117je su greitu pristatymu visame pasaulyje! Geriausi\u0105 ETH-LAD pudr\u0105 u\u017esakymui rasite \u010dia!\",\"breadcrumb\":{\"@id\":\"https:\/\/medicinasinc.com\/lt\/product\/pirkti-eth-lad-milteliai\/#breadcrumb\"},\"inLanguage\":\"en-US\",\"potentialAction\":[{\"@type\":\"ReadAction\",\"target\":[\"https:\/\/medicinasinc.com\/lt\/product\/pirkti-eth-lad-milteliai\/\"]}]},{\"@type\":\"ImageObject\",\"inLanguage\":\"en-US\",\"@id\":\"https:\/\/medicinasinc.com\/lt\/product\/pirkti-eth-lad-milteliai\/#primaryimage\",\"url\":\"https:\/\/medicinasinc.com\/lt\/wp-content\/uploads\/sites\/9\/2022\/02\/Buy-ETH-LAD-Powder.jpg\",\"contentUrl\":\"https:\/\/medicinasinc.com\/lt\/wp-content\/uploads\/sites\/9\/2022\/02\/Buy-ETH-LAD-Powder.jpg\",\"width\":600,\"height\":600},{\"@type\":\"BreadcrumbList\",\"@id\":\"https:\/\/medicinasinc.com\/lt\/product\/pirkti-eth-lad-milteliai\/#breadcrumb\",\"itemListElement\":[{\"@type\":\"ListItem\",\"position\":1,\"name\":\"Parduotuv\u0117\",\"item\":\"https:\/\/medicinasinc.com\/lt\/parduotuve\/\"},{\"@type\":\"ListItem\",\"position\":2,\"name\":\"Pirkite ETH-LAD miltelius\"}]},{\"@type\":\"WebSite\",\"@id\":\"https:\/\/medicinasinc.com\/lt\/#website\",\"url\":\"https:\/\/medicinasinc.com\/lt\/\",\"name\":\"Medicinas Inc\",\"description\":\"Sveikatos medicinos klinika\",\"potentialAction\":[{\"@type\":\"SearchAction\",\"target\":{\"@type\":\"EntryPoint\",\"urlTemplate\":\"https:\/\/medicinasinc.com\/lt\/?s={search_term_string}\"},\"query-input\":{\"@type\":\"PropertyValueSpecification\",\"valueRequired\":true,\"valueName\":\"search_term_string\"}}],\"inLanguage\":\"en-US\"}]}<\/script>\n<!-- \/ Yoast SEO plugin. -->","yoast_head_json":{"title":"Pirkite ETH-LAD miltelius \u2013 ETH-LAD miltelius internetu \u2013 geriausius pasaulinius vaistus","description":"Pirkite ETH-LAD miltelius Europoje, JK internetu m\u016bs\u0173 Bestglobalmeds internetin\u0117je parduotuv\u0117je su greitu pristatymu visame pasaulyje! Geriausi\u0105 ETH-LAD pudr\u0105 u\u017esakymui rasite \u010dia!","robots":{"index":"index","follow":"follow","max-snippet":"max-snippet:-1","max-image-preview":"max-image-preview:large","max-video-preview":"max-video-preview:-1"},"canonical":"https:\/\/medicinasinc.com\/lt\/product\/pirkti-eth-lad-milteliai\/","og_locale":"en_US","og_type":"article","og_title":"Pirkite ETH-LAD miltelius \u2013 ETH-LAD miltelius internetu \u2013 geriausius pasaulinius vaistus","og_description":"Pirkite ETH-LAD miltelius Europoje, JK internetu m\u016bs\u0173 Bestglobalmeds internetin\u0117je parduotuv\u0117je su greitu pristatymu visame pasaulyje! Geriausi\u0105 ETH-LAD pudr\u0105 u\u017esakymui rasite \u010dia!","og_url":"https:\/\/medicinasinc.com\/lt\/product\/pirkti-eth-lad-milteliai\/","og_site_name":"Medicinas Inc","article_modified_time":"2022-03-20T12:12:59+00:00","og_image":[{"width":600,"height":600,"url":"https:\/\/medicinasinc.com\/lt\/wp-content\/uploads\/sites\/9\/2022\/02\/Buy-ETH-LAD-Powder.jpg","type":"image\/jpeg"}],"twitter_card":"summary_large_image","twitter_misc":{"Est. reading time":"2 minutes"},"schema":{"@context":"https:\/\/schema.org","@graph":[{"@type":"WebPage","@id":"https:\/\/medicinasinc.com\/lt\/product\/pirkti-eth-lad-milteliai\/","url":"https:\/\/medicinasinc.com\/lt\/product\/pirkti-eth-lad-milteliai\/","name":"Pirkite ETH-LAD miltelius \u2013 ETH-LAD miltelius internetu \u2013 geriausius pasaulinius vaistus","isPartOf":{"@id":"https:\/\/medicinasinc.com\/lt\/#website"},"primaryImageOfPage":{"@id":"https:\/\/medicinasinc.com\/lt\/product\/pirkti-eth-lad-milteliai\/#primaryimage"},"image":{"@id":"https:\/\/medicinasinc.com\/lt\/product\/pirkti-eth-lad-milteliai\/#primaryimage"},"thumbnailUrl":"https:\/\/medicinasinc.com\/lt\/wp-content\/uploads\/sites\/9\/2022\/02\/Buy-ETH-LAD-Powder.jpg","datePublished":"2022-02-22T02:23:26+00:00","dateModified":"2022-03-20T12:12:59+00:00","description":"Pirkite ETH-LAD miltelius Europoje, JK internetu m\u016bs\u0173 Bestglobalmeds internetin\u0117je parduotuv\u0117je su greitu pristatymu visame pasaulyje! Geriausi\u0105 ETH-LAD pudr\u0105 u\u017esakymui rasite \u010dia!","breadcrumb":{"@id":"https:\/\/medicinasinc.com\/lt\/product\/pirkti-eth-lad-milteliai\/#breadcrumb"},"inLanguage":"en-US","potentialAction":[{"@type":"ReadAction","target":["https:\/\/medicinasinc.com\/lt\/product\/pirkti-eth-lad-milteliai\/"]}]},{"@type":"ImageObject","inLanguage":"en-US","@id":"https:\/\/medicinasinc.com\/lt\/product\/pirkti-eth-lad-milteliai\/#primaryimage","url":"https:\/\/medicinasinc.com\/lt\/wp-content\/uploads\/sites\/9\/2022\/02\/Buy-ETH-LAD-Powder.jpg","contentUrl":"https:\/\/medicinasinc.com\/lt\/wp-content\/uploads\/sites\/9\/2022\/02\/Buy-ETH-LAD-Powder.jpg","width":600,"height":600},{"@type":"BreadcrumbList","@id":"https:\/\/medicinasinc.com\/lt\/product\/pirkti-eth-lad-milteliai\/#breadcrumb","itemListElement":[{"@type":"ListItem","position":1,"name":"Parduotuv\u0117","item":"https:\/\/medicinasinc.com\/lt\/parduotuve\/"},{"@type":"ListItem","position":2,"name":"Pirkite ETH-LAD miltelius"}]},{"@type":"WebSite","@id":"https:\/\/medicinasinc.com\/lt\/#website","url":"https:\/\/medicinasinc.com\/lt\/","name":"Medicinas Inc","description":"Sveikatos medicinos klinika","potentialAction":[{"@type":"SearchAction","target":{"@type":"EntryPoint","urlTemplate":"https:\/\/medicinasinc.com\/lt\/?s={search_term_string}"},"query-input":{"@type":"PropertyValueSpecification","valueRequired":true,"valueName":"search_term_string"}}],"inLanguage":"en-US"}]}},"_links":{"self":[{"href":"https:\/\/medicinasinc.com\/lt\/wp-json\/wp\/v2\/product\/5592","targetHints":{"allow":["GET"]}}],"collection":[{"href":"https:\/\/medicinasinc.com\/lt\/wp-json\/wp\/v2\/product"}],"about":[{"href":"https:\/\/medicinasinc.com\/lt\/wp-json\/wp\/v2\/types\/product"}],"replies":[{"embeddable":true,"href":"https:\/\/medicinasinc.com\/lt\/wp-json\/wp\/v2\/comments?post=5592"}],"wp:featuredmedia":[{"embeddable":true,"href":"https:\/\/medicinasinc.com\/lt\/wp-json\/wp\/v2\/media\/5604"}],"wp:attachment":[{"href":"https:\/\/medicinasinc.com\/lt\/wp-json\/wp\/v2\/media?parent=5592"}],"wp:term":[{"taxonomy":"product_brand","embeddable":true,"href":"https:\/\/medicinasinc.com\/lt\/wp-json\/wp\/v2\/product_brand?post=5592"},{"taxonomy":"product_cat","embeddable":true,"href":"https:\/\/medicinasinc.com\/lt\/wp-json\/wp\/v2\/product_cat?post=5592"},{"taxonomy":"product_tag","embeddable":true,"href":"https:\/\/medicinasinc.com\/lt\/wp-json\/wp\/v2\/product_tag?post=5592"}],"curies":[{"name":"wp","href":"https:\/\/api.w.org\/{rel}","templated":true}]}}