{"id":5591,"date":"2022-02-22T02:21:39","date_gmt":"2022-02-22T02:21:39","guid":{"rendered":"https:\/\/medicinasinc.com\/lt\/?post_type=product&#038;p=5591"},"modified":"2022-03-20T12:13:11","modified_gmt":"2022-03-20T12:13:11","slug":"pirk-meksedronas-kristalas","status":"publish","type":"product","link":"https:\/\/medicinasinc.com\/lt\/product\/pirk-meksedronas-kristalas\/","title":{"rendered":"Pirkite Mexedrone Crystal"},"content":{"rendered":"<p>Pirkite Mexedrone MXE Crystal internete.<\/p>\n<p>Yra chemin\u0117 med\u017eiaga, vadinama Mexedrone, kuri, kaip manoma, stimuliuoja ir gali sukelti euforij\u0105. Jis vadinamas 3-metoksi-2-(metilamino)-1-(p-tolil)propan-1-onu. Mexedrone yra naujos r\u016b\u0161ies mmc.<\/p>\n<p>Cas Nr.: formul\u0117 yra C12H17NO2. IUPAC yra: 3-metoksi-2-(metilamino)-1-(p-tolil)propan-1-onas<\/p>\n<div class=\"ProductDescriptionContainer\">\n<p>&nbsp;<\/p>\n<\/p><\/div>\n","protected":false},"excerpt":{"rendered":"<p>Mexedrone Crystal galite \u012fsigyti internetu Jungtin\u0117je Karalyst\u0117je ir Europoje. Mexedrone MXE Power, kartais \u017einomas kaip MEX arba 4-MMC-Ome, yra Mexedrone MXE akronimas. I\u0161 karto pateikite u\u017esakym\u0105 Best Global Meds!<\/p>\n<p>Pirkite \u201eMexedrone Crystal\u201c internetu naudodami \u201eBitcoin &#8211; tai saugu.<\/p>\n<p>Galite \u012fsigyti legali\u0173 vaist\u0173 internete, taip pat tyrim\u0173 jungini\u0173, neapdorot\u0173 farmacijos kristal\u0173 ir kt.<\/p>\n<p>Kur \u012fsigyti \u201eMexedrone MXE Crystal\u201c? MXE kristalas skirtas Mexedrone. Taip pat \u017einomas kaip MEX, 4-MMC-Ome ir Mexedrone.<\/p>\n","protected":false},"featured_media":5602,"comment_status":"open","ping_status":"closed","template":"","meta":[],"product_brand":[],"product_cat":[2014],"product_tag":[3249,3258,3252,3257,3254,3255,3256,3259,3262,3253,3261,3250,3260,3251],"class_list":{"0":"post-5591","1":"product","2":"type-product","3":"status-publish","4":"has-post-thumbnail","6":"product_cat-pirkti-tyrineti-chemikalai","7":"product_tag-buy-mexedrone-crystal","8":"product_tag-meksedronas-kristalas-didmenin-prekyba","9":"product_tag-meksedrono-kristalo-efektas","10":"product_tag-meksedronas-kristalas-mamenin-prekyba","11":"product_tag-mexedrone-crystal-online","12":"product_tag-mexedrone-crystal-order","13":"product_tag-meksedronas-kristalas-redditas","14":"product_tag-mxe-kristalas","15":"product_tag-mxe-crystal-order","16":"product_tag-parduodamas-meksedronas-kristalas","17":"product_tag-mxe-crystal-parduodamas","18":"product_tag-pirkti-mxe-kristalas","19":"product_tag-mxe-crystal-buy","20":"product_tag-meksedronas-kristalas-pirkti","22":"first","23":"instock","24":"shipping-taxable","25":"purchasable","26":"product-type-variable","27":"has-default-attributes"},"yoast_head":"<!-- This site is optimized with the Yoast SEO plugin v27.3 - https:\/\/yoast.com\/product\/yoast-seo-wordpress\/ -->\n<title>Pirkite \u201eMexedrone MXE Crystal\u201c \u2013 geriausius pasaulinius vaistus<\/title>\n<meta name=\"description\" content=\"Pirkite Mexedrone Crystal pardavimui JK, Europoje internetu. Mexedrone MXE Power, Mexedrone, taip pat vadinamas MEX arba 4-MMC-Ome. U\u017esisakykite dabar \u201eBest Global Meds\u201c.\" \/>\n<meta name=\"robots\" content=\"index, follow, max-snippet:-1, max-image-preview:large, max-video-preview:-1\" \/>\n<link rel=\"canonical\" href=\"https:\/\/medicinasinc.com\/lt\/product\/pirk-meksedronas-kristalas\/\" \/>\n<meta property=\"og:locale\" content=\"en_US\" \/>\n<meta property=\"og:type\" content=\"article\" \/>\n<meta property=\"og:title\" content=\"Pirkite \u201eMexedrone MXE Crystal\u201c \u2013 geriausius pasaulinius vaistus\" \/>\n<meta property=\"og:description\" content=\"Pirkite Mexedrone Crystal pardavimui JK, Europoje internetu. Mexedrone MXE Power, Mexedrone, taip pat vadinamas MEX arba 4-MMC-Ome. U\u017esisakykite dabar \u201eBest Global Meds\u201c.\" \/>\n<meta property=\"og:url\" content=\"https:\/\/medicinasinc.com\/lt\/product\/pirk-meksedronas-kristalas\/\" \/>\n<meta property=\"og:site_name\" content=\"Medicinas Inc\" \/>\n<meta property=\"article:modified_time\" content=\"2022-03-20T12:13:11+00:00\" \/>\n<meta property=\"og:image\" content=\"https:\/\/medicinasinc.com\/lt\/wp-content\/uploads\/sites\/9\/2022\/02\/Buy-Mexedrone-Crystal.jpg\" \/>\n\t<meta property=\"og:image:width\" content=\"600\" \/>\n\t<meta property=\"og:image:height\" content=\"600\" \/>\n\t<meta property=\"og:image:type\" content=\"image\/jpeg\" \/>\n<meta name=\"twitter:card\" content=\"summary_large_image\" \/>\n<meta name=\"twitter:label1\" content=\"Est. reading time\" \/>\n\t<meta name=\"twitter:data1\" content=\"1 minute\" \/>\n<script type=\"application\/ld+json\" class=\"yoast-schema-graph\">{\"@context\":\"https:\\\/\\\/schema.org\",\"@graph\":[{\"@type\":\"WebPage\",\"@id\":\"https:\\\/\\\/medicinasinc.com\\\/lt\\\/product\\\/pirk-meksedronas-kristalas\\\/\",\"url\":\"https:\\\/\\\/medicinasinc.com\\\/lt\\\/product\\\/pirk-meksedronas-kristalas\\\/\",\"name\":\"Pirkite \u201eMexedrone MXE Crystal\u201c \u2013 geriausius pasaulinius vaistus\",\"isPartOf\":{\"@id\":\"https:\\\/\\\/medicinasinc.com\\\/lt\\\/#website\"},\"primaryImageOfPage\":{\"@id\":\"https:\\\/\\\/medicinasinc.com\\\/lt\\\/product\\\/pirk-meksedronas-kristalas\\\/#primaryimage\"},\"image\":{\"@id\":\"https:\\\/\\\/medicinasinc.com\\\/lt\\\/product\\\/pirk-meksedronas-kristalas\\\/#primaryimage\"},\"thumbnailUrl\":\"https:\\\/\\\/medicinasinc.com\\\/lt\\\/wp-content\\\/uploads\\\/sites\\\/9\\\/2022\\\/02\\\/Buy-Mexedrone-Crystal.jpg\",\"datePublished\":\"2022-02-22T02:21:39+00:00\",\"dateModified\":\"2022-03-20T12:13:11+00:00\",\"description\":\"Pirkite Mexedrone Crystal pardavimui JK, Europoje internetu. Mexedrone MXE Power, Mexedrone, taip pat vadinamas MEX arba 4-MMC-Ome. U\u017esisakykite dabar \u201eBest Global Meds\u201c.\",\"breadcrumb\":{\"@id\":\"https:\\\/\\\/medicinasinc.com\\\/lt\\\/product\\\/pirk-meksedronas-kristalas\\\/#breadcrumb\"},\"inLanguage\":\"en-US\",\"potentialAction\":[{\"@type\":\"ReadAction\",\"target\":[\"https:\\\/\\\/medicinasinc.com\\\/lt\\\/product\\\/pirk-meksedronas-kristalas\\\/\"]}]},{\"@type\":\"ImageObject\",\"inLanguage\":\"en-US\",\"@id\":\"https:\\\/\\\/medicinasinc.com\\\/lt\\\/product\\\/pirk-meksedronas-kristalas\\\/#primaryimage\",\"url\":\"https:\\\/\\\/medicinasinc.com\\\/lt\\\/wp-content\\\/uploads\\\/sites\\\/9\\\/2022\\\/02\\\/Buy-Mexedrone-Crystal.jpg\",\"contentUrl\":\"https:\\\/\\\/medicinasinc.com\\\/lt\\\/wp-content\\\/uploads\\\/sites\\\/9\\\/2022\\\/02\\\/Buy-Mexedrone-Crystal.jpg\",\"width\":600,\"height\":600},{\"@type\":\"BreadcrumbList\",\"@id\":\"https:\\\/\\\/medicinasinc.com\\\/lt\\\/product\\\/pirk-meksedronas-kristalas\\\/#breadcrumb\",\"itemListElement\":[{\"@type\":\"ListItem\",\"position\":1,\"name\":\"Parduotuv\u0117\",\"item\":\"https:\\\/\\\/medicinasinc.com\\\/lt\\\/parduotuve\\\/\"},{\"@type\":\"ListItem\",\"position\":2,\"name\":\"Pirkite Mexedrone Crystal\"}]},{\"@type\":\"WebSite\",\"@id\":\"https:\\\/\\\/medicinasinc.com\\\/lt\\\/#website\",\"url\":\"https:\\\/\\\/medicinasinc.com\\\/lt\\\/\",\"name\":\"Medicinas Inc\",\"description\":\"Sveikatos medicinos klinika\",\"potentialAction\":[{\"@type\":\"SearchAction\",\"target\":{\"@type\":\"EntryPoint\",\"urlTemplate\":\"https:\\\/\\\/medicinasinc.com\\\/lt\\\/?s={search_term_string}\"},\"query-input\":{\"@type\":\"PropertyValueSpecification\",\"valueRequired\":true,\"valueName\":\"search_term_string\"}}],\"inLanguage\":\"en-US\"}]}<\/script>\n<!-- \/ Yoast SEO plugin. -->","yoast_head_json":{"title":"Pirkite \u201eMexedrone MXE Crystal\u201c \u2013 geriausius pasaulinius vaistus","description":"Pirkite Mexedrone Crystal pardavimui JK, Europoje internetu. Mexedrone MXE Power, Mexedrone, taip pat vadinamas MEX arba 4-MMC-Ome. U\u017esisakykite dabar \u201eBest Global Meds\u201c.","robots":{"index":"index","follow":"follow","max-snippet":"max-snippet:-1","max-image-preview":"max-image-preview:large","max-video-preview":"max-video-preview:-1"},"canonical":"https:\/\/medicinasinc.com\/lt\/product\/pirk-meksedronas-kristalas\/","og_locale":"en_US","og_type":"article","og_title":"Pirkite \u201eMexedrone MXE Crystal\u201c \u2013 geriausius pasaulinius vaistus","og_description":"Pirkite Mexedrone Crystal pardavimui JK, Europoje internetu. Mexedrone MXE Power, Mexedrone, taip pat vadinamas MEX arba 4-MMC-Ome. U\u017esisakykite dabar \u201eBest Global Meds\u201c.","og_url":"https:\/\/medicinasinc.com\/lt\/product\/pirk-meksedronas-kristalas\/","og_site_name":"Medicinas Inc","article_modified_time":"2022-03-20T12:13:11+00:00","og_image":[{"width":600,"height":600,"url":"https:\/\/medicinasinc.com\/lt\/wp-content\/uploads\/sites\/9\/2022\/02\/Buy-Mexedrone-Crystal.jpg","type":"image\/jpeg"}],"twitter_card":"summary_large_image","twitter_misc":{"Est. reading time":"1 minute"},"schema":{"@context":"https:\/\/schema.org","@graph":[{"@type":"WebPage","@id":"https:\/\/medicinasinc.com\/lt\/product\/pirk-meksedronas-kristalas\/","url":"https:\/\/medicinasinc.com\/lt\/product\/pirk-meksedronas-kristalas\/","name":"Pirkite \u201eMexedrone MXE Crystal\u201c \u2013 geriausius pasaulinius vaistus","isPartOf":{"@id":"https:\/\/medicinasinc.com\/lt\/#website"},"primaryImageOfPage":{"@id":"https:\/\/medicinasinc.com\/lt\/product\/pirk-meksedronas-kristalas\/#primaryimage"},"image":{"@id":"https:\/\/medicinasinc.com\/lt\/product\/pirk-meksedronas-kristalas\/#primaryimage"},"thumbnailUrl":"https:\/\/medicinasinc.com\/lt\/wp-content\/uploads\/sites\/9\/2022\/02\/Buy-Mexedrone-Crystal.jpg","datePublished":"2022-02-22T02:21:39+00:00","dateModified":"2022-03-20T12:13:11+00:00","description":"Pirkite Mexedrone Crystal pardavimui JK, Europoje internetu. Mexedrone MXE Power, Mexedrone, taip pat vadinamas MEX arba 4-MMC-Ome. U\u017esisakykite dabar \u201eBest Global Meds\u201c.","breadcrumb":{"@id":"https:\/\/medicinasinc.com\/lt\/product\/pirk-meksedronas-kristalas\/#breadcrumb"},"inLanguage":"en-US","potentialAction":[{"@type":"ReadAction","target":["https:\/\/medicinasinc.com\/lt\/product\/pirk-meksedronas-kristalas\/"]}]},{"@type":"ImageObject","inLanguage":"en-US","@id":"https:\/\/medicinasinc.com\/lt\/product\/pirk-meksedronas-kristalas\/#primaryimage","url":"https:\/\/medicinasinc.com\/lt\/wp-content\/uploads\/sites\/9\/2022\/02\/Buy-Mexedrone-Crystal.jpg","contentUrl":"https:\/\/medicinasinc.com\/lt\/wp-content\/uploads\/sites\/9\/2022\/02\/Buy-Mexedrone-Crystal.jpg","width":600,"height":600},{"@type":"BreadcrumbList","@id":"https:\/\/medicinasinc.com\/lt\/product\/pirk-meksedronas-kristalas\/#breadcrumb","itemListElement":[{"@type":"ListItem","position":1,"name":"Parduotuv\u0117","item":"https:\/\/medicinasinc.com\/lt\/parduotuve\/"},{"@type":"ListItem","position":2,"name":"Pirkite Mexedrone Crystal"}]},{"@type":"WebSite","@id":"https:\/\/medicinasinc.com\/lt\/#website","url":"https:\/\/medicinasinc.com\/lt\/","name":"Medicinas Inc","description":"Sveikatos medicinos klinika","potentialAction":[{"@type":"SearchAction","target":{"@type":"EntryPoint","urlTemplate":"https:\/\/medicinasinc.com\/lt\/?s={search_term_string}"},"query-input":{"@type":"PropertyValueSpecification","valueRequired":true,"valueName":"search_term_string"}}],"inLanguage":"en-US"}]}},"_links":{"self":[{"href":"https:\/\/medicinasinc.com\/lt\/wp-json\/wp\/v2\/product\/5591","targetHints":{"allow":["GET"]}}],"collection":[{"href":"https:\/\/medicinasinc.com\/lt\/wp-json\/wp\/v2\/product"}],"about":[{"href":"https:\/\/medicinasinc.com\/lt\/wp-json\/wp\/v2\/types\/product"}],"replies":[{"embeddable":true,"href":"https:\/\/medicinasinc.com\/lt\/wp-json\/wp\/v2\/comments?post=5591"}],"wp:featuredmedia":[{"embeddable":true,"href":"https:\/\/medicinasinc.com\/lt\/wp-json\/wp\/v2\/media\/5602"}],"wp:attachment":[{"href":"https:\/\/medicinasinc.com\/lt\/wp-json\/wp\/v2\/media?parent=5591"}],"wp:term":[{"taxonomy":"product_brand","embeddable":true,"href":"https:\/\/medicinasinc.com\/lt\/wp-json\/wp\/v2\/product_brand?post=5591"},{"taxonomy":"product_cat","embeddable":true,"href":"https:\/\/medicinasinc.com\/lt\/wp-json\/wp\/v2\/product_cat?post=5591"},{"taxonomy":"product_tag","embeddable":true,"href":"https:\/\/medicinasinc.com\/lt\/wp-json\/wp\/v2\/product_tag?post=5591"}],"curies":[{"name":"wp","href":"https:\/\/api.w.org\/{rel}","templated":true}]}}