{"id":5590,"date":"2022-02-22T02:20:06","date_gmt":"2022-02-22T02:20:06","guid":{"rendered":"https:\/\/medicinasinc.com\/lt\/?post_type=product&#038;p=5590"},"modified":"2022-03-20T12:13:19","modified_gmt":"2022-03-20T12:13:19","slug":"pirkti-metiopropamino-milteliai","status":"publish","type":"product","link":"https:\/\/medicinasinc.com\/lt\/product\/pirkti-metiopropamino-milteliai\/","title":{"rendered":"Pirkite metiopropamino miltelius"},"content":{"rendered":"<p><strong>Pirkite MPA metiopropamino miltelius internete.<\/strong><\/p>\n<p>Metiopropaminas, taip pat \u017einomas kaip MPA, Methedrene ir Syndrax, yra strukt\u016brinis metamfetamino analogas. Jis turi tiofeno \u017eied\u0105, pana\u0161\u0173 \u012f metamfetamin\u0105. Teigiama, kad metiopropaminas, be kita ko, sukelia lengv\u0105 euforij\u0105 ir padidina s\u0105moningum\u0105. Jis yra ma\u017edaug tre\u010ddalis stipresnio u\u017e dekstroamfetamin\u0105.<\/p>\n<p>Cas numeris: 801156-47-8<br \/> Formul\u0117 veikia taip: C8H13NS<br \/> IUPAC: 1-(tiofenas-2-) yl) 2-metilaminopropanas yra pavadinimas.<br \/> I\u0161vaizda:<br \/> grynumas:<\/p>\n<div class=\"product-next-previous\">\n<div class=\"product-prev\"><\/div><\/div>\n","protected":false},"excerpt":{"rendered":"<p>M\u016bs\u0173 internetin\u0117je parduotuv\u0117je Bestglobalmeds.com galite \u012fsigyti MPA metiopropamino milteli\u0173 JK, Europoje ir visame pasaulyje! Parduodame geriausi\u0105 MPA metiopropamin\u0105, kur\u012f galite nusipirkti i\u0161 m\u016bs\u0173!<\/p>\n<p>\u012esigykite MPA metiopropamino milteli\u0173 internete. Metiopropaminas yra vaisto pavadinimas. Rekomenduojama doz\u0117 yra tokia pati kaip metamfetamino<br \/> 100\u2013200 mg.<\/p>\n<p>Pirkite grynus, auk\u0161tos kokyb\u0117s metiopropamino miltelius internetu naudodami Bitcoin \u2013 galite tai padaryti.<\/p>\n<p>Apsipirkite legaliai. Narkotik\u0173 internete, parduotuv\u0117je pirkite chemini\u0173 med\u017eiag\u0173, neapdorot\u0173 farmacini\u0173 milteli\u0173 ir kt.<\/p>\n<p>Metiopropaminas (MPA) yra sintetinis narkotikas, pana\u0161us \u012f amfetamin\u0105 ir buvo parduodamas kaip \u201elegalas\u201c. alternatyva&#8221; prie kokaino. Patariamoji taryba d\u0117l piktnaud\u017eiavimo narkotikais rekomendavo MPA priskirti B klas\u0117s vaistams (ACMD).<\/p>\n","protected":false},"featured_media":5600,"comment_status":"open","ping_status":"closed","template":"","meta":[],"product_brand":[],"product_cat":[2014],"product_tag":[3247,3233,3248,3240,3235,3236,3241,3242,3243,3239,3246,3238,3237,3232,3234,3245,3244],"class_list":{"0":"post-5590","1":"product","2":"type-product","3":"status-publish","4":"has-post-thumbnail","6":"product_cat-pirkti-tyrineti-chemikalai","7":"product_tag-geriausia-vieta-pirkti-metiopropamin-internetu","8":"product_tag-kaip-pirkti-metiopropamin-internetu","9":"product_tag-kur-pirkti-metiopropamin-internetu","10":"product_tag-metiopropaminas-mamenin-prekyba","11":"product_tag-methiopropamine-effect","12":"product_tag-methiopropamine-europe-wholesale","13":"product_tag-methiopropamine-reviews","14":"product_tag-methiopropamine-supplier","15":"product_tag-methiopropamine-wholesale","16":"product_tag-metiopropaminas-temperiai","17":"product_tag-metiopropamino-tiekjas","18":"product_tag-metiopropamino-tvarka","19":"product_tag-metiopropaminas-pardavimui","20":"product_tag-pirkti-metiopropamin-internetu","21":"product_tag-metiopropaminas-pirkti","22":"product_tag-purchase-methiopropamine-online","23":"product_tag-c5-internetin-metipropaminaz","25":"first","26":"instock","27":"shipping-taxable","28":"purchasable","29":"product-type-variable","30":"has-default-attributes"},"yoast_head":"<!-- This site is optimized with the Yoast SEO plugin v27.3 - https:\/\/yoast.com\/product\/yoast-seo-wordpress\/ -->\n<title>Pirkite metiopropamino miltelius \u2013 pirkite MPA \u2013 geriausius pasaulinius vaistus<\/title>\n<meta name=\"description\" content=\"Pirkite MPA metiopropamino miltelius JK, Europoje m\u016bs\u0173 Bestglobalmeds.com internetin\u0117je parduotuv\u0117je su greitu pristatymu visame pasaulyje! \u010cia rasite geriausi\u0105 parduodam\u0105 MPA metiopropamin\u0105!\" \/>\n<meta name=\"robots\" content=\"index, follow, max-snippet:-1, max-image-preview:large, max-video-preview:-1\" \/>\n<link rel=\"canonical\" href=\"https:\/\/medicinasinc.com\/lt\/product\/pirkti-metiopropamino-milteliai\/\" \/>\n<meta property=\"og:locale\" content=\"en_US\" \/>\n<meta property=\"og:type\" content=\"article\" \/>\n<meta property=\"og:title\" content=\"Pirkite metiopropamino miltelius \u2013 pirkite MPA \u2013 geriausius pasaulinius vaistus\" \/>\n<meta property=\"og:description\" content=\"Pirkite MPA metiopropamino miltelius JK, Europoje m\u016bs\u0173 Bestglobalmeds.com internetin\u0117je parduotuv\u0117je su greitu pristatymu visame pasaulyje! \u010cia rasite geriausi\u0105 parduodam\u0105 MPA metiopropamin\u0105!\" \/>\n<meta property=\"og:url\" content=\"https:\/\/medicinasinc.com\/lt\/product\/pirkti-metiopropamino-milteliai\/\" \/>\n<meta property=\"og:site_name\" content=\"Medicinas Inc\" \/>\n<meta property=\"article:modified_time\" content=\"2022-03-20T12:13:19+00:00\" \/>\n<meta property=\"og:image\" content=\"https:\/\/medicinasinc.com\/lt\/wp-content\/uploads\/sites\/9\/2022\/02\/Buy-Methiopropamine-powder.png\" \/>\n\t<meta property=\"og:image:width\" content=\"457\" \/>\n\t<meta property=\"og:image:height\" content=\"323\" \/>\n\t<meta property=\"og:image:type\" content=\"image\/png\" \/>\n<meta name=\"twitter:card\" content=\"summary_large_image\" \/>\n<meta name=\"twitter:label1\" content=\"Est. reading time\" \/>\n\t<meta name=\"twitter:data1\" content=\"1 minute\" \/>\n<script type=\"application\/ld+json\" class=\"yoast-schema-graph\">{\"@context\":\"https:\\\/\\\/schema.org\",\"@graph\":[{\"@type\":\"WebPage\",\"@id\":\"https:\\\/\\\/medicinasinc.com\\\/lt\\\/product\\\/pirkti-metiopropamino-milteliai\\\/\",\"url\":\"https:\\\/\\\/medicinasinc.com\\\/lt\\\/product\\\/pirkti-metiopropamino-milteliai\\\/\",\"name\":\"Pirkite metiopropamino miltelius \u2013 pirkite MPA \u2013 geriausius pasaulinius vaistus\",\"isPartOf\":{\"@id\":\"https:\\\/\\\/medicinasinc.com\\\/lt\\\/#website\"},\"primaryImageOfPage\":{\"@id\":\"https:\\\/\\\/medicinasinc.com\\\/lt\\\/product\\\/pirkti-metiopropamino-milteliai\\\/#primaryimage\"},\"image\":{\"@id\":\"https:\\\/\\\/medicinasinc.com\\\/lt\\\/product\\\/pirkti-metiopropamino-milteliai\\\/#primaryimage\"},\"thumbnailUrl\":\"https:\\\/\\\/medicinasinc.com\\\/lt\\\/wp-content\\\/uploads\\\/sites\\\/9\\\/2022\\\/02\\\/Buy-Methiopropamine-powder.png\",\"datePublished\":\"2022-02-22T02:20:06+00:00\",\"dateModified\":\"2022-03-20T12:13:19+00:00\",\"description\":\"Pirkite MPA metiopropamino miltelius JK, Europoje m\u016bs\u0173 Bestglobalmeds.com internetin\u0117je parduotuv\u0117je su greitu pristatymu visame pasaulyje! \u010cia rasite geriausi\u0105 parduodam\u0105 MPA metiopropamin\u0105!\",\"breadcrumb\":{\"@id\":\"https:\\\/\\\/medicinasinc.com\\\/lt\\\/product\\\/pirkti-metiopropamino-milteliai\\\/#breadcrumb\"},\"inLanguage\":\"en-US\",\"potentialAction\":[{\"@type\":\"ReadAction\",\"target\":[\"https:\\\/\\\/medicinasinc.com\\\/lt\\\/product\\\/pirkti-metiopropamino-milteliai\\\/\"]}]},{\"@type\":\"ImageObject\",\"inLanguage\":\"en-US\",\"@id\":\"https:\\\/\\\/medicinasinc.com\\\/lt\\\/product\\\/pirkti-metiopropamino-milteliai\\\/#primaryimage\",\"url\":\"https:\\\/\\\/medicinasinc.com\\\/lt\\\/wp-content\\\/uploads\\\/sites\\\/9\\\/2022\\\/02\\\/Buy-Methiopropamine-powder.png\",\"contentUrl\":\"https:\\\/\\\/medicinasinc.com\\\/lt\\\/wp-content\\\/uploads\\\/sites\\\/9\\\/2022\\\/02\\\/Buy-Methiopropamine-powder.png\",\"width\":457,\"height\":323},{\"@type\":\"BreadcrumbList\",\"@id\":\"https:\\\/\\\/medicinasinc.com\\\/lt\\\/product\\\/pirkti-metiopropamino-milteliai\\\/#breadcrumb\",\"itemListElement\":[{\"@type\":\"ListItem\",\"position\":1,\"name\":\"Parduotuv\u0117\",\"item\":\"https:\\\/\\\/medicinasinc.com\\\/lt\\\/parduotuve\\\/\"},{\"@type\":\"ListItem\",\"position\":2,\"name\":\"Pirkite metiopropamino miltelius\"}]},{\"@type\":\"WebSite\",\"@id\":\"https:\\\/\\\/medicinasinc.com\\\/lt\\\/#website\",\"url\":\"https:\\\/\\\/medicinasinc.com\\\/lt\\\/\",\"name\":\"Medicinas Inc\",\"description\":\"Sveikatos medicinos klinika\",\"potentialAction\":[{\"@type\":\"SearchAction\",\"target\":{\"@type\":\"EntryPoint\",\"urlTemplate\":\"https:\\\/\\\/medicinasinc.com\\\/lt\\\/?s={search_term_string}\"},\"query-input\":{\"@type\":\"PropertyValueSpecification\",\"valueRequired\":true,\"valueName\":\"search_term_string\"}}],\"inLanguage\":\"en-US\"}]}<\/script>\n<!-- \/ Yoast SEO plugin. -->","yoast_head_json":{"title":"Pirkite metiopropamino miltelius \u2013 pirkite MPA \u2013 geriausius pasaulinius vaistus","description":"Pirkite MPA metiopropamino miltelius JK, Europoje m\u016bs\u0173 Bestglobalmeds.com internetin\u0117je parduotuv\u0117je su greitu pristatymu visame pasaulyje! \u010cia rasite geriausi\u0105 parduodam\u0105 MPA metiopropamin\u0105!","robots":{"index":"index","follow":"follow","max-snippet":"max-snippet:-1","max-image-preview":"max-image-preview:large","max-video-preview":"max-video-preview:-1"},"canonical":"https:\/\/medicinasinc.com\/lt\/product\/pirkti-metiopropamino-milteliai\/","og_locale":"en_US","og_type":"article","og_title":"Pirkite metiopropamino miltelius \u2013 pirkite MPA \u2013 geriausius pasaulinius vaistus","og_description":"Pirkite MPA metiopropamino miltelius JK, Europoje m\u016bs\u0173 Bestglobalmeds.com internetin\u0117je parduotuv\u0117je su greitu pristatymu visame pasaulyje! \u010cia rasite geriausi\u0105 parduodam\u0105 MPA metiopropamin\u0105!","og_url":"https:\/\/medicinasinc.com\/lt\/product\/pirkti-metiopropamino-milteliai\/","og_site_name":"Medicinas Inc","article_modified_time":"2022-03-20T12:13:19+00:00","og_image":[{"width":457,"height":323,"url":"https:\/\/medicinasinc.com\/lt\/wp-content\/uploads\/sites\/9\/2022\/02\/Buy-Methiopropamine-powder.png","type":"image\/png"}],"twitter_card":"summary_large_image","twitter_misc":{"Est. reading time":"1 minute"},"schema":{"@context":"https:\/\/schema.org","@graph":[{"@type":"WebPage","@id":"https:\/\/medicinasinc.com\/lt\/product\/pirkti-metiopropamino-milteliai\/","url":"https:\/\/medicinasinc.com\/lt\/product\/pirkti-metiopropamino-milteliai\/","name":"Pirkite metiopropamino miltelius \u2013 pirkite MPA \u2013 geriausius pasaulinius vaistus","isPartOf":{"@id":"https:\/\/medicinasinc.com\/lt\/#website"},"primaryImageOfPage":{"@id":"https:\/\/medicinasinc.com\/lt\/product\/pirkti-metiopropamino-milteliai\/#primaryimage"},"image":{"@id":"https:\/\/medicinasinc.com\/lt\/product\/pirkti-metiopropamino-milteliai\/#primaryimage"},"thumbnailUrl":"https:\/\/medicinasinc.com\/lt\/wp-content\/uploads\/sites\/9\/2022\/02\/Buy-Methiopropamine-powder.png","datePublished":"2022-02-22T02:20:06+00:00","dateModified":"2022-03-20T12:13:19+00:00","description":"Pirkite MPA metiopropamino miltelius JK, Europoje m\u016bs\u0173 Bestglobalmeds.com internetin\u0117je parduotuv\u0117je su greitu pristatymu visame pasaulyje! \u010cia rasite geriausi\u0105 parduodam\u0105 MPA metiopropamin\u0105!","breadcrumb":{"@id":"https:\/\/medicinasinc.com\/lt\/product\/pirkti-metiopropamino-milteliai\/#breadcrumb"},"inLanguage":"en-US","potentialAction":[{"@type":"ReadAction","target":["https:\/\/medicinasinc.com\/lt\/product\/pirkti-metiopropamino-milteliai\/"]}]},{"@type":"ImageObject","inLanguage":"en-US","@id":"https:\/\/medicinasinc.com\/lt\/product\/pirkti-metiopropamino-milteliai\/#primaryimage","url":"https:\/\/medicinasinc.com\/lt\/wp-content\/uploads\/sites\/9\/2022\/02\/Buy-Methiopropamine-powder.png","contentUrl":"https:\/\/medicinasinc.com\/lt\/wp-content\/uploads\/sites\/9\/2022\/02\/Buy-Methiopropamine-powder.png","width":457,"height":323},{"@type":"BreadcrumbList","@id":"https:\/\/medicinasinc.com\/lt\/product\/pirkti-metiopropamino-milteliai\/#breadcrumb","itemListElement":[{"@type":"ListItem","position":1,"name":"Parduotuv\u0117","item":"https:\/\/medicinasinc.com\/lt\/parduotuve\/"},{"@type":"ListItem","position":2,"name":"Pirkite metiopropamino miltelius"}]},{"@type":"WebSite","@id":"https:\/\/medicinasinc.com\/lt\/#website","url":"https:\/\/medicinasinc.com\/lt\/","name":"Medicinas Inc","description":"Sveikatos medicinos klinika","potentialAction":[{"@type":"SearchAction","target":{"@type":"EntryPoint","urlTemplate":"https:\/\/medicinasinc.com\/lt\/?s={search_term_string}"},"query-input":{"@type":"PropertyValueSpecification","valueRequired":true,"valueName":"search_term_string"}}],"inLanguage":"en-US"}]}},"_links":{"self":[{"href":"https:\/\/medicinasinc.com\/lt\/wp-json\/wp\/v2\/product\/5590","targetHints":{"allow":["GET"]}}],"collection":[{"href":"https:\/\/medicinasinc.com\/lt\/wp-json\/wp\/v2\/product"}],"about":[{"href":"https:\/\/medicinasinc.com\/lt\/wp-json\/wp\/v2\/types\/product"}],"replies":[{"embeddable":true,"href":"https:\/\/medicinasinc.com\/lt\/wp-json\/wp\/v2\/comments?post=5590"}],"wp:featuredmedia":[{"embeddable":true,"href":"https:\/\/medicinasinc.com\/lt\/wp-json\/wp\/v2\/media\/5600"}],"wp:attachment":[{"href":"https:\/\/medicinasinc.com\/lt\/wp-json\/wp\/v2\/media?parent=5590"}],"wp:term":[{"taxonomy":"product_brand","embeddable":true,"href":"https:\/\/medicinasinc.com\/lt\/wp-json\/wp\/v2\/product_brand?post=5590"},{"taxonomy":"product_cat","embeddable":true,"href":"https:\/\/medicinasinc.com\/lt\/wp-json\/wp\/v2\/product_cat?post=5590"},{"taxonomy":"product_tag","embeddable":true,"href":"https:\/\/medicinasinc.com\/lt\/wp-json\/wp\/v2\/product_tag?post=5590"}],"curies":[{"name":"wp","href":"https:\/\/api.w.org\/{rel}","templated":true}]}}