{"id":5589,"date":"2022-02-22T02:18:17","date_gmt":"2022-02-22T02:18:17","guid":{"rendered":"https:\/\/medicinasinc.com\/lt\/?post_type=product&#038;p=5589"},"modified":"2022-03-20T12:13:27","modified_gmt":"2022-03-20T12:13:27","slug":"pirkti-metizolamo-2mg-granuliu-internetu","status":"publish","type":"product","link":"https:\/\/medicinasinc.com\/lt\/product\/pirkti-metizolamo-2mg-granuliu-internetu\/","title":{"rendered":"Pirkite Metizolam 2mg granules internetu"},"content":{"rendered":"<p>Geriausia vieta pirkti Metizolam 2mg granules yra internetu.<\/p>\n<p>Pirkite 2 mg Metizolam granules. 4-(2-chlorfenil)-2-etil-6H-tieno trumpinys. [3,2-f] [1,2,4] triazolo[4,3-a][1,4] Diazepinas, dar vadinamas etizolamu, yra jo N-desmetilo versija. tam Pirkite 2 mg Metizolamo granules. Metizolamas yra alosterinis Gaba receptori\u0173 moduliatorius laboratorijoje. metizolamo milteliai parduodami internete.<\/p>\n<p>Mes taip pat turime chemini\u0173 med\u017eiag\u0173, kurios nepatvirtintos in vivo tyrimams. Pirkite Metizolam 2mg granules, tod\u0117l jei kas nors nety\u010dia j\u0173 nurijo, tur\u0117t\u0173 nedelsdami kreiptis \u012f gydytoj\u0105 ir gauti pagalb\u0105. Laikykit\u0117s standartini\u0173 laboratorijos saugos taisykli\u0173, pvz., d\u0117v\u0117kite tinkamas odos, aki\u0173 ir drabu\u017ei\u0173 apsaugos priemones.<\/p>\n<p>Pirkite 2 mg metizolamo. Metizolamo granules galima nusipirkti parduotuv\u0117je.<br \/> Pirkti\u00a0Metizolamo\u00a02mg Klonazolamo granul\u0117s parduodamos internetu.<br \/> Pirazolamo milteli\u0173 galima nusipirkti internetu.<br \/> Internete, galite \u012fsigyti diklazepamo tyrimams. <br \/> Pirkite etizolamo internetu<br \/> Fluklotizolamo galima nusipirkti.<br \/> Metizolamo milteliai parduodami internete.<br \/> Metizolamo milteliai parduodami internete. Metizolamas, dar vadinamas desmetiletizolamu, yra tienodiazepinas, labai pana\u0161us \u012f etizolam\u0105. Yra tik 2 mg metizolamo granuli\u0173. Labiau pa\u017eengusiems tyrin\u0117tojams, norintiems pasigaminti savo milteli\u0173, turime ir grynos milteli\u0173 formos. Metizolam\u0105, kaip ir visus kitus m\u016bs\u0173 produktus, mokslininkai tur\u0117t\u0173 naudoti saugiai. \u0160is produktas parduodamas tik jau \u012fsteigtiems tyrim\u0173 centrams. metizolamo milteliai parduodami internete.<\/p>\n<p>Etizolamas yra metizolamo, kuris dar vadinamas desmetiletizolamu, pirminis.<\/p>\n<p>Jie parduodami granuli\u0173 pavidalu. Tik tyrimams! \u201eBestglobalmeds\u201c nenori, kad \u017emon\u0117s naudot\u0173 moksliniams tyrimams skirtas chemines med\u017eiagas ne tik moksliniams tyrimams. Jie parduoda metizolam\u0105 tik moksliniams tyrimams.<\/p>\n","protected":false},"excerpt":{"rendered":"<p>Geriausia vieta pirkti Metizolam 2mg granules JK ir Europoje yra Bestglobalmeds.com. Mes turime greit\u0105 pristatym\u0105 visame pasaulyje. \u010cia galite nusipirkti geriausias parduodamas Metizolamo 2 mg granules.<\/p>\n<p>2 mg metizolamo milteli\u0173 granul\u0117s parduodamos internetu. Klonazolamo granul\u0117s yra sand\u0117lyje ir gali b\u016bti gabenamos \u012f bet kuri\u0105 pasaulio viet\u0105. \u0160iandien parduotuv\u0117je galite nusipirkti 0,5 mg klonazolamo granuli\u0173.<\/p>\n<p>Pirkite 2 mg metizolamo granules internetu dabar. Tai labai pigu su nemokamu masini\u0173 u\u017esakym\u0173 pristatymu. Auk\u0161\u010diausia kokyb\u0117 yra duota.<\/p>\n<p>Metizolamas, taip pat \u017einomas kaip desmetiletizolamas, yra sintetinis tienodiazepin\u0173 chemin\u0117s klas\u0117s depresantas. Teigiama, kad vartojant, jis turi \u012f etizolam\u0105 pana\u0161\u0173 poveik\u012f, pvz., slopina nerim\u0105, slopina slopinim\u0105, ramina, atpalaiduoja raumenis ir slopina atmint\u012f.<\/p>\n","protected":false},"featured_media":5598,"comment_status":"open","ping_status":"closed","template":"","meta":[],"product_brand":[],"product_cat":[2014],"product_tag":[3210,3211,3215,3216,3217,3219,3220,3222,3227,3228,3229,3230,3223,3221,3226,3225,3231,3224,3218,3213,3214,3212],"class_list":{"0":"post-5589","1":"product","2":"type-product","3":"status-publish","4":"has-post-thumbnail","6":"product_cat-pirkti-tyrineti-chemikalai","7":"product_tag-buy-diclazepam-online","8":"product_tag-buy-fluclotizolam","9":"product_tag-buy-metizolam-powder-online-canada","10":"product_tag-buy-metizolam-powder-online-uk","11":"product_tag-buy-metizolam-powder-online-usa","12":"product_tag-clonazolam-for-sale-online","13":"product_tag-etizolam-shop-online","14":"product_tag-metizolam-2mg-pellets-effect","15":"product_tag-metizolam-2mg-pellets-retail","16":"product_tag-metizolam-2mg-pellets-wholesale","17":"product_tag-metizolam-buy","18":"product_tag-metizolam-powder-for-sale-online","19":"product_tag-metizolamas-2mg-granuls-europe","20":"product_tag-metizolamas-2mg-granuls-pirkti","21":"product_tag-metizolamas-2mg-granuls-reddit","22":"product_tag-metizolamas-2mg-granuls-usakymas","23":"product_tag-tyrimai-chemikalai-pardavimui","24":"product_tag-parduodu-metizolamo-2mg-granules","25":"product_tag-pirkti-pirazolam-miltelius-internetu","26":"product_tag-pirkti-metizolamo-milteli-internetu","27":"product_tag-pirk-metizolam-milteliai-internete-australija","28":"product_tag-pirkti-metizolamas-2mg-granuls","30":"first","31":"instock","32":"shipping-taxable","33":"purchasable","34":"product-type-variable"},"yoast_head":"<!-- This site is optimized with the Yoast SEO plugin v27.3 - https:\/\/yoast.com\/product\/yoast-seo-wordpress\/ -->\n<title>Pirkite Metizolam 2mg granules internetu \u2013 geriausi pasaulyje vaistai<\/title>\n<meta name=\"description\" content=\"Noriu pirkti Metizolam 2mg granules JK, Europoje m\u016bs\u0173 Bestglobalmeds parduotuv\u0117je su greitu pristatymu visame pasaulyje! Geriausias Metizolam 2mg granules, kurias galite u\u017esisakyti, rasite \u010dia!\" \/>\n<meta name=\"robots\" content=\"index, follow, max-snippet:-1, max-image-preview:large, max-video-preview:-1\" \/>\n<link rel=\"canonical\" href=\"https:\/\/medicinasinc.com\/lt\/product\/pirkti-metizolamo-2mg-granuliu-internetu\/\" \/>\n<meta property=\"og:locale\" content=\"en_US\" \/>\n<meta property=\"og:type\" content=\"article\" \/>\n<meta property=\"og:title\" content=\"Pirkite Metizolam 2mg granules internetu \u2013 geriausi pasaulyje vaistai\" \/>\n<meta property=\"og:description\" content=\"Noriu pirkti Metizolam 2mg granules JK, Europoje m\u016bs\u0173 Bestglobalmeds parduotuv\u0117je su greitu pristatymu visame pasaulyje! Geriausias Metizolam 2mg granules, kurias galite u\u017esisakyti, rasite \u010dia!\" \/>\n<meta property=\"og:url\" content=\"https:\/\/medicinasinc.com\/lt\/product\/pirkti-metizolamo-2mg-granuliu-internetu\/\" \/>\n<meta property=\"og:site_name\" content=\"Medicinas Inc\" \/>\n<meta property=\"article:modified_time\" content=\"2022-03-20T12:13:27+00:00\" \/>\n<meta property=\"og:image\" content=\"https:\/\/medicinasinc.com\/lt\/wp-content\/uploads\/sites\/9\/2022\/02\/Buy-Metizolam-2mg-Pellets.jpg\" \/>\n\t<meta property=\"og:image:width\" content=\"600\" \/>\n\t<meta property=\"og:image:height\" content=\"600\" \/>\n\t<meta property=\"og:image:type\" content=\"image\/jpeg\" \/>\n<meta name=\"twitter:card\" content=\"summary_large_image\" \/>\n<meta name=\"twitter:label1\" content=\"Est. reading time\" \/>\n\t<meta name=\"twitter:data1\" content=\"2 minutes\" \/>\n<script type=\"application\/ld+json\" class=\"yoast-schema-graph\">{\"@context\":\"https:\\\/\\\/schema.org\",\"@graph\":[{\"@type\":\"WebPage\",\"@id\":\"https:\\\/\\\/medicinasinc.com\\\/lt\\\/product\\\/pirkti-metizolamo-2mg-granuliu-internetu\\\/\",\"url\":\"https:\\\/\\\/medicinasinc.com\\\/lt\\\/product\\\/pirkti-metizolamo-2mg-granuliu-internetu\\\/\",\"name\":\"Pirkite Metizolam 2mg granules internetu \u2013 geriausi pasaulyje vaistai\",\"isPartOf\":{\"@id\":\"https:\\\/\\\/medicinasinc.com\\\/lt\\\/#website\"},\"primaryImageOfPage\":{\"@id\":\"https:\\\/\\\/medicinasinc.com\\\/lt\\\/product\\\/pirkti-metizolamo-2mg-granuliu-internetu\\\/#primaryimage\"},\"image\":{\"@id\":\"https:\\\/\\\/medicinasinc.com\\\/lt\\\/product\\\/pirkti-metizolamo-2mg-granuliu-internetu\\\/#primaryimage\"},\"thumbnailUrl\":\"https:\\\/\\\/medicinasinc.com\\\/lt\\\/wp-content\\\/uploads\\\/sites\\\/9\\\/2022\\\/02\\\/Buy-Metizolam-2mg-Pellets.jpg\",\"datePublished\":\"2022-02-22T02:18:17+00:00\",\"dateModified\":\"2022-03-20T12:13:27+00:00\",\"description\":\"Noriu pirkti Metizolam 2mg granules JK, Europoje m\u016bs\u0173 Bestglobalmeds parduotuv\u0117je su greitu pristatymu visame pasaulyje! Geriausias Metizolam 2mg granules, kurias galite u\u017esisakyti, rasite \u010dia!\",\"breadcrumb\":{\"@id\":\"https:\\\/\\\/medicinasinc.com\\\/lt\\\/product\\\/pirkti-metizolamo-2mg-granuliu-internetu\\\/#breadcrumb\"},\"inLanguage\":\"en-US\",\"potentialAction\":[{\"@type\":\"ReadAction\",\"target\":[\"https:\\\/\\\/medicinasinc.com\\\/lt\\\/product\\\/pirkti-metizolamo-2mg-granuliu-internetu\\\/\"]}]},{\"@type\":\"ImageObject\",\"inLanguage\":\"en-US\",\"@id\":\"https:\\\/\\\/medicinasinc.com\\\/lt\\\/product\\\/pirkti-metizolamo-2mg-granuliu-internetu\\\/#primaryimage\",\"url\":\"https:\\\/\\\/medicinasinc.com\\\/lt\\\/wp-content\\\/uploads\\\/sites\\\/9\\\/2022\\\/02\\\/Buy-Metizolam-2mg-Pellets.jpg\",\"contentUrl\":\"https:\\\/\\\/medicinasinc.com\\\/lt\\\/wp-content\\\/uploads\\\/sites\\\/9\\\/2022\\\/02\\\/Buy-Metizolam-2mg-Pellets.jpg\",\"width\":600,\"height\":600},{\"@type\":\"BreadcrumbList\",\"@id\":\"https:\\\/\\\/medicinasinc.com\\\/lt\\\/product\\\/pirkti-metizolamo-2mg-granuliu-internetu\\\/#breadcrumb\",\"itemListElement\":[{\"@type\":\"ListItem\",\"position\":1,\"name\":\"Parduotuv\u0117\",\"item\":\"https:\\\/\\\/medicinasinc.com\\\/lt\\\/parduotuve\\\/\"},{\"@type\":\"ListItem\",\"position\":2,\"name\":\"Pirkite Metizolam 2mg granules internetu\"}]},{\"@type\":\"WebSite\",\"@id\":\"https:\\\/\\\/medicinasinc.com\\\/lt\\\/#website\",\"url\":\"https:\\\/\\\/medicinasinc.com\\\/lt\\\/\",\"name\":\"Medicinas Inc\",\"description\":\"Sveikatos medicinos klinika\",\"potentialAction\":[{\"@type\":\"SearchAction\",\"target\":{\"@type\":\"EntryPoint\",\"urlTemplate\":\"https:\\\/\\\/medicinasinc.com\\\/lt\\\/?s={search_term_string}\"},\"query-input\":{\"@type\":\"PropertyValueSpecification\",\"valueRequired\":true,\"valueName\":\"search_term_string\"}}],\"inLanguage\":\"en-US\"}]}<\/script>\n<!-- \/ Yoast SEO plugin. -->","yoast_head_json":{"title":"Pirkite Metizolam 2mg granules internetu \u2013 geriausi pasaulyje vaistai","description":"Noriu pirkti Metizolam 2mg granules JK, Europoje m\u016bs\u0173 Bestglobalmeds parduotuv\u0117je su greitu pristatymu visame pasaulyje! Geriausias Metizolam 2mg granules, kurias galite u\u017esisakyti, rasite \u010dia!","robots":{"index":"index","follow":"follow","max-snippet":"max-snippet:-1","max-image-preview":"max-image-preview:large","max-video-preview":"max-video-preview:-1"},"canonical":"https:\/\/medicinasinc.com\/lt\/product\/pirkti-metizolamo-2mg-granuliu-internetu\/","og_locale":"en_US","og_type":"article","og_title":"Pirkite Metizolam 2mg granules internetu \u2013 geriausi pasaulyje vaistai","og_description":"Noriu pirkti Metizolam 2mg granules JK, Europoje m\u016bs\u0173 Bestglobalmeds parduotuv\u0117je su greitu pristatymu visame pasaulyje! Geriausias Metizolam 2mg granules, kurias galite u\u017esisakyti, rasite \u010dia!","og_url":"https:\/\/medicinasinc.com\/lt\/product\/pirkti-metizolamo-2mg-granuliu-internetu\/","og_site_name":"Medicinas Inc","article_modified_time":"2022-03-20T12:13:27+00:00","og_image":[{"width":600,"height":600,"url":"https:\/\/medicinasinc.com\/lt\/wp-content\/uploads\/sites\/9\/2022\/02\/Buy-Metizolam-2mg-Pellets.jpg","type":"image\/jpeg"}],"twitter_card":"summary_large_image","twitter_misc":{"Est. reading time":"2 minutes"},"schema":{"@context":"https:\/\/schema.org","@graph":[{"@type":"WebPage","@id":"https:\/\/medicinasinc.com\/lt\/product\/pirkti-metizolamo-2mg-granuliu-internetu\/","url":"https:\/\/medicinasinc.com\/lt\/product\/pirkti-metizolamo-2mg-granuliu-internetu\/","name":"Pirkite Metizolam 2mg granules internetu \u2013 geriausi pasaulyje vaistai","isPartOf":{"@id":"https:\/\/medicinasinc.com\/lt\/#website"},"primaryImageOfPage":{"@id":"https:\/\/medicinasinc.com\/lt\/product\/pirkti-metizolamo-2mg-granuliu-internetu\/#primaryimage"},"image":{"@id":"https:\/\/medicinasinc.com\/lt\/product\/pirkti-metizolamo-2mg-granuliu-internetu\/#primaryimage"},"thumbnailUrl":"https:\/\/medicinasinc.com\/lt\/wp-content\/uploads\/sites\/9\/2022\/02\/Buy-Metizolam-2mg-Pellets.jpg","datePublished":"2022-02-22T02:18:17+00:00","dateModified":"2022-03-20T12:13:27+00:00","description":"Noriu pirkti Metizolam 2mg granules JK, Europoje m\u016bs\u0173 Bestglobalmeds parduotuv\u0117je su greitu pristatymu visame pasaulyje! Geriausias Metizolam 2mg granules, kurias galite u\u017esisakyti, rasite \u010dia!","breadcrumb":{"@id":"https:\/\/medicinasinc.com\/lt\/product\/pirkti-metizolamo-2mg-granuliu-internetu\/#breadcrumb"},"inLanguage":"en-US","potentialAction":[{"@type":"ReadAction","target":["https:\/\/medicinasinc.com\/lt\/product\/pirkti-metizolamo-2mg-granuliu-internetu\/"]}]},{"@type":"ImageObject","inLanguage":"en-US","@id":"https:\/\/medicinasinc.com\/lt\/product\/pirkti-metizolamo-2mg-granuliu-internetu\/#primaryimage","url":"https:\/\/medicinasinc.com\/lt\/wp-content\/uploads\/sites\/9\/2022\/02\/Buy-Metizolam-2mg-Pellets.jpg","contentUrl":"https:\/\/medicinasinc.com\/lt\/wp-content\/uploads\/sites\/9\/2022\/02\/Buy-Metizolam-2mg-Pellets.jpg","width":600,"height":600},{"@type":"BreadcrumbList","@id":"https:\/\/medicinasinc.com\/lt\/product\/pirkti-metizolamo-2mg-granuliu-internetu\/#breadcrumb","itemListElement":[{"@type":"ListItem","position":1,"name":"Parduotuv\u0117","item":"https:\/\/medicinasinc.com\/lt\/parduotuve\/"},{"@type":"ListItem","position":2,"name":"Pirkite Metizolam 2mg granules internetu"}]},{"@type":"WebSite","@id":"https:\/\/medicinasinc.com\/lt\/#website","url":"https:\/\/medicinasinc.com\/lt\/","name":"Medicinas Inc","description":"Sveikatos medicinos klinika","potentialAction":[{"@type":"SearchAction","target":{"@type":"EntryPoint","urlTemplate":"https:\/\/medicinasinc.com\/lt\/?s={search_term_string}"},"query-input":{"@type":"PropertyValueSpecification","valueRequired":true,"valueName":"search_term_string"}}],"inLanguage":"en-US"}]}},"_links":{"self":[{"href":"https:\/\/medicinasinc.com\/lt\/wp-json\/wp\/v2\/product\/5589","targetHints":{"allow":["GET"]}}],"collection":[{"href":"https:\/\/medicinasinc.com\/lt\/wp-json\/wp\/v2\/product"}],"about":[{"href":"https:\/\/medicinasinc.com\/lt\/wp-json\/wp\/v2\/types\/product"}],"replies":[{"embeddable":true,"href":"https:\/\/medicinasinc.com\/lt\/wp-json\/wp\/v2\/comments?post=5589"}],"wp:featuredmedia":[{"embeddable":true,"href":"https:\/\/medicinasinc.com\/lt\/wp-json\/wp\/v2\/media\/5598"}],"wp:attachment":[{"href":"https:\/\/medicinasinc.com\/lt\/wp-json\/wp\/v2\/media?parent=5589"}],"wp:term":[{"taxonomy":"product_brand","embeddable":true,"href":"https:\/\/medicinasinc.com\/lt\/wp-json\/wp\/v2\/product_brand?post=5589"},{"taxonomy":"product_cat","embeddable":true,"href":"https:\/\/medicinasinc.com\/lt\/wp-json\/wp\/v2\/product_cat?post=5589"},{"taxonomy":"product_tag","embeddable":true,"href":"https:\/\/medicinasinc.com\/lt\/wp-json\/wp\/v2\/product_tag?post=5589"}],"curies":[{"name":"wp","href":"https:\/\/api.w.org\/{rel}","templated":true}]}}