{"id":5566,"date":"2022-02-22T01:53:35","date_gmt":"2022-02-22T01:53:35","guid":{"rendered":"https:\/\/medicinasinc.com\/lt\/?post_type=product&#038;p=5566"},"modified":"2022-03-20T12:13:36","modified_gmt":"2022-03-20T12:13:36","slug":"metadono-hidrochlorido-usp-milteliai-geriamam-vartojimui","status":"publish","type":"product","link":"https:\/\/medicinasinc.com\/lt\/product\/metadono-hidrochlorido-usp-milteliai-geriamam-vartojimui\/","title":{"rendered":"Metadono hidrochlorido USP MILTELIAI, SKIRTI GERAI"},"content":{"rendered":"<p>Metadono hidrochlorido milteli\u0173 pirkimas<\/p>\n<p>Metadonas yra opioidinis vaistas, vartojamas priklausomybei nuo opioid\u0173 ir stipriam skausmui gydyti.<\/p>\n<p>Metadon\u0105 galima vartoti kaip piliul\u0119 arba geriam\u0105j\u012f tirpal\u0105 mal\u0161inti stipr\u0173 skausm\u0105.<\/p>\n<p>Vaisi\u0173 skonio g\u0117rimai yra labiausiai paplitusi metadono forma, kai juo gydoma priklausomyb\u0117 nuo opiat\u0173. Kart\u0105 per dien\u0105 milteliai i\u0161tirpinami ir nuryjami sveiki.<\/p>\n<p>Metadonas yra narkotikas, naudojamas priklausomybei gydyti.<\/p>\n<p>Metadonu galima pakeisti heroin\u0105, oksikodon\u0105, fentanil\u012f ir hidromorfon\u0105. gydant priklausomyb\u0119 nuo opioid\u0173. Terminas \u201eilgai veikiantis\u201c rei\u0161kia vaist\u0105, kuris pradeda veikti l\u0117\u010diau ir ilgiau i\u0161lieka organizme. Metadono poveikis gali trukti nuo 24 iki 36 valand\u0173, priklausomai nuo doz\u0117s. Kita vertus, norintis i\u0161vengti abstinencijos, trumpai veikian\u010dius opioidus turi vartoti tris ar keturis kartus per dien\u0105.<\/p>\n<p>Kol vartojama tinkama metadono doz\u0117, jis gali suma\u017einti potrauk\u012f narkotikams ir u\u017ekirsti keli\u0105 abstinencijos simptomams. Suma\u017e\u0117ja piktnaud\u017eiavimo opioidais rizika, o nuo opioid\u0173 priklausomi asmenys turi daugiau galimybi\u0173 susigr\u0105\u017einti savo gyvenim\u0105 \u012f v\u0117\u017ees. Palaikomasis metadonas yra opioid\u0173 agonist\u0173 terapijos tipas, naudojamas priklausomybei nuo opioid\u0173 gydyti. Buprenorfinas, kitas opioid\u0173 agonistas, naudojamas gydant priklausomyb\u0119 nuo opioid\u0173, kaip ir metadonas.<\/p>\n<p>Metadonas ir buprenorfinas yra veiksmingi gydymo nuo opioid\u0173 priklausomyb\u0117s, kai jie naudojami kartu su medicinine ir palaikomuoju gydymu, kad ir kaip b\u016bt\u0173. kai kuriems \u017emon\u0117ms s\u0117kmingesnis nei kitas.<\/p>\n<p>Reikalingas ilgalaikis gydymas metadonu. Gydymo trukm\u0117 svyruoja nuo keli\u0173 m\u0117nesi\u0173 iki dviej\u0173 de\u0161imtme\u010di\u0173. Kai metadono vartotojas nusprend\u017eia nebevartoti vaisto, jo gydytojas per kelias savaites ar m\u0117nesius laipsni\u0161kai ma\u017eina metadono kiek\u012f, kur\u012f jis vartoja.<\/p>\n<p>Metadono nepageidaujamos reakcijos<\/p>\n<p>Tarp galim\u0173 \u0161alutinis poveikis:<\/p>\n<p>Svaigum\u0105 sukelia viduri\u0173 u\u017ekiet\u0117jimas, stiprus prakaitavimas, burnos d\u017ei\u016bvimas ir lyties poky\u010diai.<\/p>\n<p>&nbsp;<\/p>\n","protected":false},"excerpt":{"rendered":"<p>Pirkite Metho Methadone HCL miltelius internetu. Metho Methadone HCL milteli\u0173 didmenin\u0117 prekyba\u00a099,8 % Pure @ didmenin\u0117s kainos. Meto (Metadono HCL) gydo vidutinio sunkumo ar stipr\u0173 skausm\u0105.<\/p>\n","protected":false},"featured_media":5578,"comment_status":"open","ping_status":"closed","template":"","meta":[],"product_brand":[],"product_cat":[2014],"product_tag":[3193,3195,3209,3207,3208,3204,3194,3196,3201,3200,3205,3202,3198,3203,3206,3199,3190,3197,3191,3192],"class_list":{"0":"post-5566","1":"product","2":"type-product","3":"status-publish","4":"has-post-thumbnail","6":"product_cat-pirkti-tyrineti-chemikalai","7":"product_tag-buy-metho-powder","8":"product_tag-metadonas-hidrochloridas-didmenin-prekyba","9":"product_tag-didmenin-prekyba-metadonas-milteliai","10":"product_tag-kur-pirkti-metadono-milteli","11":"product_tag-kur-usisakyti-metadono-milteli","12":"product_tag-metadonas-milteliai-mamenin-prekyba","13":"product_tag-metadono-hidrochlorido-poveikis","14":"product_tag-metadono-milteliai","15":"product_tag-metadonas-milteliai-internetu","16":"product_tag-metadono-milteliai-parduodama-internetu","17":"product_tag-metadono-milteli-pardavimas","18":"product_tag-metadonas-milteliai-usakymas","19":"product_tag-methadone-powder-effect","20":"product_tag-methadone-powder-reddit","21":"product_tag-metadonas-milteliai-parduodu","22":"product_tag-metadonas-milteliai-pardavimui","23":"product_tag-pirkti-metadonas-hidrochloridas","24":"product_tag-metadonas-milteliai-pirkti","25":"product_tag-pirkti-metadonas-milteliai","26":"product_tag-pirkti-meto-hcl","28":"first","29":"instock","30":"shipping-taxable","31":"purchasable","32":"product-type-variable","33":"has-default-attributes"},"yoast_head":"<!-- This site is optimized with the Yoast SEO plugin v27.3 - https:\/\/yoast.com\/product\/yoast-seo-wordpress\/ -->\n<title>Metadono hidrochlorido USP MILTELIAI, SKIRTI GERAI<\/title>\n<meta name=\"description\" content=\"Pirkite Metho Methadone HCL miltelius internetu. Metho Methadone HCL milteli\u0173 didmenin\u0117 prekyba 99,8% Pure @ didmenin\u0117s kainos. Metho (Metadono HCL) gydo vidutinio sunkumo ar stipr\u0173 skausm\u0105.\" \/>\n<meta name=\"robots\" content=\"index, follow, max-snippet:-1, max-image-preview:large, max-video-preview:-1\" \/>\n<link rel=\"canonical\" href=\"https:\/\/medicinasinc.com\/lt\/product\/metadono-hidrochlorido-usp-milteliai-geriamam-vartojimui\/\" \/>\n<meta property=\"og:locale\" content=\"en_US\" \/>\n<meta property=\"og:type\" content=\"article\" \/>\n<meta property=\"og:title\" content=\"Metadono hidrochlorido USP MILTELIAI, SKIRTI GERAI\" \/>\n<meta property=\"og:description\" content=\"Pirkite Metho Methadone HCL miltelius internetu. Metho Methadone HCL milteli\u0173 didmenin\u0117 prekyba 99,8% Pure @ didmenin\u0117s kainos. Metho (Metadono HCL) gydo vidutinio sunkumo ar stipr\u0173 skausm\u0105.\" \/>\n<meta property=\"og:url\" content=\"https:\/\/medicinasinc.com\/lt\/product\/metadono-hidrochlorido-usp-milteliai-geriamam-vartojimui\/\" \/>\n<meta property=\"og:site_name\" content=\"Medicinas Inc\" \/>\n<meta property=\"article:modified_time\" content=\"2022-03-20T12:13:36+00:00\" \/>\n<meta property=\"og:image\" content=\"https:\/\/medicinasinc.com\/lt\/wp-content\/uploads\/sites\/9\/2022\/02\/Buy-Methadone.jpg\" \/>\n\t<meta property=\"og:image:width\" content=\"600\" \/>\n\t<meta property=\"og:image:height\" content=\"600\" \/>\n\t<meta property=\"og:image:type\" content=\"image\/jpeg\" \/>\n<meta name=\"twitter:card\" content=\"summary_large_image\" \/>\n<meta name=\"twitter:label1\" content=\"Est. reading time\" \/>\n\t<meta name=\"twitter:data1\" content=\"2 minutes\" \/>\n<script type=\"application\/ld+json\" class=\"yoast-schema-graph\">{\"@context\":\"https:\\\/\\\/schema.org\",\"@graph\":[{\"@type\":\"WebPage\",\"@id\":\"https:\\\/\\\/medicinasinc.com\\\/lt\\\/product\\\/metadono-hidrochlorido-usp-milteliai-geriamam-vartojimui\\\/\",\"url\":\"https:\\\/\\\/medicinasinc.com\\\/lt\\\/product\\\/metadono-hidrochlorido-usp-milteliai-geriamam-vartojimui\\\/\",\"name\":\"Metadono hidrochlorido USP MILTELIAI, SKIRTI GERAI\",\"isPartOf\":{\"@id\":\"https:\\\/\\\/medicinasinc.com\\\/lt\\\/#website\"},\"primaryImageOfPage\":{\"@id\":\"https:\\\/\\\/medicinasinc.com\\\/lt\\\/product\\\/metadono-hidrochlorido-usp-milteliai-geriamam-vartojimui\\\/#primaryimage\"},\"image\":{\"@id\":\"https:\\\/\\\/medicinasinc.com\\\/lt\\\/product\\\/metadono-hidrochlorido-usp-milteliai-geriamam-vartojimui\\\/#primaryimage\"},\"thumbnailUrl\":\"https:\\\/\\\/medicinasinc.com\\\/lt\\\/wp-content\\\/uploads\\\/sites\\\/9\\\/2022\\\/02\\\/Buy-Methadone.jpg\",\"datePublished\":\"2022-02-22T01:53:35+00:00\",\"dateModified\":\"2022-03-20T12:13:36+00:00\",\"description\":\"Pirkite Metho Methadone HCL miltelius internetu. Metho Methadone HCL milteli\u0173 didmenin\u0117 prekyba 99,8% Pure @ didmenin\u0117s kainos. Metho (Metadono HCL) gydo vidutinio sunkumo ar stipr\u0173 skausm\u0105.\",\"breadcrumb\":{\"@id\":\"https:\\\/\\\/medicinasinc.com\\\/lt\\\/product\\\/metadono-hidrochlorido-usp-milteliai-geriamam-vartojimui\\\/#breadcrumb\"},\"inLanguage\":\"en-US\",\"potentialAction\":[{\"@type\":\"ReadAction\",\"target\":[\"https:\\\/\\\/medicinasinc.com\\\/lt\\\/product\\\/metadono-hidrochlorido-usp-milteliai-geriamam-vartojimui\\\/\"]}]},{\"@type\":\"ImageObject\",\"inLanguage\":\"en-US\",\"@id\":\"https:\\\/\\\/medicinasinc.com\\\/lt\\\/product\\\/metadono-hidrochlorido-usp-milteliai-geriamam-vartojimui\\\/#primaryimage\",\"url\":\"https:\\\/\\\/medicinasinc.com\\\/lt\\\/wp-content\\\/uploads\\\/sites\\\/9\\\/2022\\\/02\\\/Buy-Methadone.jpg\",\"contentUrl\":\"https:\\\/\\\/medicinasinc.com\\\/lt\\\/wp-content\\\/uploads\\\/sites\\\/9\\\/2022\\\/02\\\/Buy-Methadone.jpg\",\"width\":600,\"height\":600},{\"@type\":\"BreadcrumbList\",\"@id\":\"https:\\\/\\\/medicinasinc.com\\\/lt\\\/product\\\/metadono-hidrochlorido-usp-milteliai-geriamam-vartojimui\\\/#breadcrumb\",\"itemListElement\":[{\"@type\":\"ListItem\",\"position\":1,\"name\":\"Parduotuv\u0117\",\"item\":\"https:\\\/\\\/medicinasinc.com\\\/lt\\\/parduotuve\\\/\"},{\"@type\":\"ListItem\",\"position\":2,\"name\":\"Metadono hidrochlorido USP MILTELIAI, SKIRTI GERAI\"}]},{\"@type\":\"WebSite\",\"@id\":\"https:\\\/\\\/medicinasinc.com\\\/lt\\\/#website\",\"url\":\"https:\\\/\\\/medicinasinc.com\\\/lt\\\/\",\"name\":\"Medicinas Inc\",\"description\":\"Sveikatos medicinos klinika\",\"potentialAction\":[{\"@type\":\"SearchAction\",\"target\":{\"@type\":\"EntryPoint\",\"urlTemplate\":\"https:\\\/\\\/medicinasinc.com\\\/lt\\\/?s={search_term_string}\"},\"query-input\":{\"@type\":\"PropertyValueSpecification\",\"valueRequired\":true,\"valueName\":\"search_term_string\"}}],\"inLanguage\":\"en-US\"}]}<\/script>\n<!-- \/ Yoast SEO plugin. -->","yoast_head_json":{"title":"Metadono hidrochlorido USP MILTELIAI, SKIRTI GERAI","description":"Pirkite Metho Methadone HCL miltelius internetu. Metho Methadone HCL milteli\u0173 didmenin\u0117 prekyba 99,8% Pure @ didmenin\u0117s kainos. Metho (Metadono HCL) gydo vidutinio sunkumo ar stipr\u0173 skausm\u0105.","robots":{"index":"index","follow":"follow","max-snippet":"max-snippet:-1","max-image-preview":"max-image-preview:large","max-video-preview":"max-video-preview:-1"},"canonical":"https:\/\/medicinasinc.com\/lt\/product\/metadono-hidrochlorido-usp-milteliai-geriamam-vartojimui\/","og_locale":"en_US","og_type":"article","og_title":"Metadono hidrochlorido USP MILTELIAI, SKIRTI GERAI","og_description":"Pirkite Metho Methadone HCL miltelius internetu. Metho Methadone HCL milteli\u0173 didmenin\u0117 prekyba 99,8% Pure @ didmenin\u0117s kainos. Metho (Metadono HCL) gydo vidutinio sunkumo ar stipr\u0173 skausm\u0105.","og_url":"https:\/\/medicinasinc.com\/lt\/product\/metadono-hidrochlorido-usp-milteliai-geriamam-vartojimui\/","og_site_name":"Medicinas Inc","article_modified_time":"2022-03-20T12:13:36+00:00","og_image":[{"width":600,"height":600,"url":"https:\/\/medicinasinc.com\/lt\/wp-content\/uploads\/sites\/9\/2022\/02\/Buy-Methadone.jpg","type":"image\/jpeg"}],"twitter_card":"summary_large_image","twitter_misc":{"Est. reading time":"2 minutes"},"schema":{"@context":"https:\/\/schema.org","@graph":[{"@type":"WebPage","@id":"https:\/\/medicinasinc.com\/lt\/product\/metadono-hidrochlorido-usp-milteliai-geriamam-vartojimui\/","url":"https:\/\/medicinasinc.com\/lt\/product\/metadono-hidrochlorido-usp-milteliai-geriamam-vartojimui\/","name":"Metadono hidrochlorido USP MILTELIAI, SKIRTI GERAI","isPartOf":{"@id":"https:\/\/medicinasinc.com\/lt\/#website"},"primaryImageOfPage":{"@id":"https:\/\/medicinasinc.com\/lt\/product\/metadono-hidrochlorido-usp-milteliai-geriamam-vartojimui\/#primaryimage"},"image":{"@id":"https:\/\/medicinasinc.com\/lt\/product\/metadono-hidrochlorido-usp-milteliai-geriamam-vartojimui\/#primaryimage"},"thumbnailUrl":"https:\/\/medicinasinc.com\/lt\/wp-content\/uploads\/sites\/9\/2022\/02\/Buy-Methadone.jpg","datePublished":"2022-02-22T01:53:35+00:00","dateModified":"2022-03-20T12:13:36+00:00","description":"Pirkite Metho Methadone HCL miltelius internetu. Metho Methadone HCL milteli\u0173 didmenin\u0117 prekyba 99,8% Pure @ didmenin\u0117s kainos. Metho (Metadono HCL) gydo vidutinio sunkumo ar stipr\u0173 skausm\u0105.","breadcrumb":{"@id":"https:\/\/medicinasinc.com\/lt\/product\/metadono-hidrochlorido-usp-milteliai-geriamam-vartojimui\/#breadcrumb"},"inLanguage":"en-US","potentialAction":[{"@type":"ReadAction","target":["https:\/\/medicinasinc.com\/lt\/product\/metadono-hidrochlorido-usp-milteliai-geriamam-vartojimui\/"]}]},{"@type":"ImageObject","inLanguage":"en-US","@id":"https:\/\/medicinasinc.com\/lt\/product\/metadono-hidrochlorido-usp-milteliai-geriamam-vartojimui\/#primaryimage","url":"https:\/\/medicinasinc.com\/lt\/wp-content\/uploads\/sites\/9\/2022\/02\/Buy-Methadone.jpg","contentUrl":"https:\/\/medicinasinc.com\/lt\/wp-content\/uploads\/sites\/9\/2022\/02\/Buy-Methadone.jpg","width":600,"height":600},{"@type":"BreadcrumbList","@id":"https:\/\/medicinasinc.com\/lt\/product\/metadono-hidrochlorido-usp-milteliai-geriamam-vartojimui\/#breadcrumb","itemListElement":[{"@type":"ListItem","position":1,"name":"Parduotuv\u0117","item":"https:\/\/medicinasinc.com\/lt\/parduotuve\/"},{"@type":"ListItem","position":2,"name":"Metadono hidrochlorido USP MILTELIAI, SKIRTI GERAI"}]},{"@type":"WebSite","@id":"https:\/\/medicinasinc.com\/lt\/#website","url":"https:\/\/medicinasinc.com\/lt\/","name":"Medicinas Inc","description":"Sveikatos medicinos klinika","potentialAction":[{"@type":"SearchAction","target":{"@type":"EntryPoint","urlTemplate":"https:\/\/medicinasinc.com\/lt\/?s={search_term_string}"},"query-input":{"@type":"PropertyValueSpecification","valueRequired":true,"valueName":"search_term_string"}}],"inLanguage":"en-US"}]}},"_links":{"self":[{"href":"https:\/\/medicinasinc.com\/lt\/wp-json\/wp\/v2\/product\/5566","targetHints":{"allow":["GET"]}}],"collection":[{"href":"https:\/\/medicinasinc.com\/lt\/wp-json\/wp\/v2\/product"}],"about":[{"href":"https:\/\/medicinasinc.com\/lt\/wp-json\/wp\/v2\/types\/product"}],"replies":[{"embeddable":true,"href":"https:\/\/medicinasinc.com\/lt\/wp-json\/wp\/v2\/comments?post=5566"}],"wp:featuredmedia":[{"embeddable":true,"href":"https:\/\/medicinasinc.com\/lt\/wp-json\/wp\/v2\/media\/5578"}],"wp:attachment":[{"href":"https:\/\/medicinasinc.com\/lt\/wp-json\/wp\/v2\/media?parent=5566"}],"wp:term":[{"taxonomy":"product_brand","embeddable":true,"href":"https:\/\/medicinasinc.com\/lt\/wp-json\/wp\/v2\/product_brand?post=5566"},{"taxonomy":"product_cat","embeddable":true,"href":"https:\/\/medicinasinc.com\/lt\/wp-json\/wp\/v2\/product_cat?post=5566"},{"taxonomy":"product_tag","embeddable":true,"href":"https:\/\/medicinasinc.com\/lt\/wp-json\/wp\/v2\/product_tag?post=5566"}],"curies":[{"name":"wp","href":"https:\/\/api.w.org\/{rel}","templated":true}]}}