{"id":5565,"date":"2022-02-22T01:51:04","date_gmt":"2022-02-22T01:51:04","guid":{"rendered":"https:\/\/medicinasinc.com\/lt\/?post_type=product&#038;p=5565"},"modified":"2022-03-20T12:13:47","modified_gmt":"2022-03-20T12:13:47","slug":"pirk-mdpv-metilendioksipirovalerono-milteliai","status":"publish","type":"product","link":"https:\/\/medicinasinc.com\/lt\/product\/pirk-mdpv-metilendioksipirovalerono-milteliai\/","title":{"rendered":"Pirkite MDPV (metilendioksipirovalerono) miltelius"},"content":{"rendered":"<p>MDPV galite \u012fsigyti \u010dia.<\/p>\n<p>\u012esigykite MDPV internetu savo reikm\u0117ms arba perpardavimui. Galime garantuoti, kad m\u016bs\u0173 parduodami MDPV milteliai yra auk\u0161\u010diausios kokyb\u0117s \u0161iuo metu rinkoje. \u201eWestern Union\u201c, \u201eMoneyGram\u201c ir \u201eBitcoin\u201c yra tarp m\u016bs\u0173 priimam\u0173 mok\u0117jimo b\u016bd\u0173. Taip pat parduodame daug \u012fvairi\u0173 tyrim\u0173 chemini\u0173 med\u017eiag\u0173, \u012fskaitant JWH-018. Atminkite, kad nesame atsakingi u\u017e tai, kaip m\u016bs\u0173 klientai naudoja m\u016bs\u0173 JAV parduodam\u0105 MDPV.<\/p>\n<p>Katinono klas\u0117s stimuliatori\u0173, MDPV (metilendioksipirovalerono) miltelius, galite \u012fsigyti internetu. Tai norepinefrino ir dopamino reabsorbcijos inhibitorius ir psichotropinis stimuliuojantis vaistas. \u0160e\u0161tajame de\u0161imtmetyje \u201eBoehringer Ingelheim\u201c komanda j\u0105 suk\u016br\u0117.<br \/> MDPV (METILENDIOKSIPIROVALIERONO) MILTELI\u0172 FORMA:<br \/> D\u0117l savo smulkios tekst\u016bros ir polinkio sulipti veikiant dr\u0117gmei, hidrochlorido druska da\u017enai klaidinga. cukraus milteli\u0173.<br \/> MDPV stimuliuojan\u010dios savyb\u0117s buvo palygintos su kokaino, metilfenidato ir amfetamin\u0173 savyb\u0117mis.<\/p>\n<div class=\"entry-content gbtr_product_description\">\n<h3 class=\"fusion-responsive-typography-calculated \" data-fontsize=\"16\" data-lineheight=\"24px\"><\/h3>\n<\/p><\/div>\n","protected":false},"excerpt":{"rendered":"<div class=\"woocommerce-product-details__short-description\">\n<p>Pirkite MDPV pardavimui internetu JK, Europoje, adresu Bestglobalmeds.com. Nusipirkti tyrim\u0173 chemini\u0173 med\u017eiag\u0173 Metilendioksipirovaleron\u0105 internetu labai sunku. Ta\u010diau mes galime parduoti auk\u0161\u010diausios kokyb\u0117s MDPV u\u017e labai ma\u017e\u0105 kain\u0105. Nieko gero neb\u016bna lengva, ir mums reikia daug dirbti, kad gal\u0117tume parduoti geriausios kokyb\u0117s MDPV.<\/p>\n<p><b>Metilendioksipirovaleronas<\/b>\u00a0(MDPV) yra katinon\u0173 klas\u0117s stimuliatorius, veikiantis kaip norepinefrino ir dopamino reabsorbcijos inhibitorius (NDRI). Pirm\u0105 kart\u0105 j\u012f septintajame de\u0161imtmetyje suk\u016br\u0117 Boehringer Ingelheim komanda.<\/p>\n<h3 class=\"fusion-responsive-typography-calculated\" data-fontsize=\"16\" data-lineheight=\"24px\">MDPV (metilendioksipirovaleronas) milteliai yra katinono klas\u0117s stimuliatorius.<\/h3>\n<\/p><\/div>\n","protected":false},"featured_media":5576,"comment_status":"open","ping_status":"closed","template":"","meta":[],"product_brand":[],"product_cat":[2014],"product_tag":[3138,3139,3140,3145,3146,3147,3148,3153,3158,3159,3160,3161,3162,3179,3189,3167,3168,3169,3166,3174,3175,3176,3177,3182,3183,3163,3164,3186,3187,3188,3185,3184,3170,3171,3172,3173,3180,3178,3165,3136,3181,3137,3144,3141,3151,3142,3143,3149,3150,3152,3155,3156,3157,3154],"class_list":{"0":"post-5565","1":"product","2":"type-product","3":"status-publish","4":"has-post-thumbnail","6":"product_cat-pirkti-tyrineti-chemikalai","7":"product_tag-buy-mdpv","8":"product_tag-buy-mdpv-1g","9":"product_tag-buy-mdpv-cheap","10":"product_tag-buy-mdpv-powder-online-2019","11":"product_tag-buy-mdpv-powder-online-free","12":"product_tag-buy-mdpv-powdera-online","13":"product_tag-buy-mdpv-powdera-online-casino","14":"product_tag-buy-mdpv-usa","15":"product_tag-buy-methylenedioxypyrovalerone-powdera-online-ecouter","16":"product_tag-buy-methylenedioxypyrovalerone-powdera-online-com","17":"product_tag-buy-methylenedioxypyrovalerone-powdera-online-fr","18":"product_tag-buy-methylenedioxypyrovalerone-power-online","19":"product_tag-how-to-buy-mdpv","20":"product_tag-mdpv-milteliai-pardavimui-jungtins-valstijos","21":"product_tag-kur-nusipirkti-mdpv","22":"product_tag-mdpv-buy-usa","23":"product_tag-mdpv-drug","24":"product_tag-mdpv-online-buy","25":"product_tag-mdpv-buy-uk","26":"product_tag-mdpv-powder-for-sale-ebay","27":"product_tag-mdpv-powder-for-sale-florida","28":"product_tag-mdpv-powder-for-sale-michigan","29":"product_tag-mdpv-powder-for-sale-near-me","30":"product_tag-mdpv-powder-for-sale-without","31":"product_tag-mdpv-powders","32":"product_tag-mdpv-bath-salts-buy","33":"product_tag-mdpv-bath-salts-pirkti-internetu","34":"product_tag-methylenedioxypyrovalerone-powder","35":"product_tag-methylenedioxypyrovalerone-powder-foundation","36":"product_tag-methylenedioxypyrovalerone-powder-review","37":"product_tag-metilendioksipirovaleronas-pirkite-internetu","38":"product_tag-metilendioksipirovaleronas-pirkti","39":"product_tag-parduodama-mdpv-milteliai","40":"product_tag-mdpv-milteliai-pardavimui-2019-m","41":"product_tag-mdpv-milteliai-parduodama-amazon","42":"product_tag-mdpv-powder-for-sale-craigslist","43":"product_tag-mdpv-milteliai-parduodama-usa","44":"product_tag-mdpv-milteliai-parduodama-uk","45":"product_tag-mdpv-vonios-druskos-pardavimas","46":"product_tag-vonios-druska-parduodama","47":"product_tag-mdpv-milteliai-parduodama-walmart","48":"product_tag-pirkti-dekstrometorfano-miltelius-internetu","49":"product_tag-pirk-mdpv-augalinis-maistas","50":"product_tag-pirk-mdpv-europe","51":"product_tag-pirkti-mdpv-power-online","52":"product_tag-pirkti-mdpv-online","53":"product_tag-pirkti-mdpv-online-usa","54":"product_tag-pirkti-mdpv-powdera-online-ecouter","55":"product_tag-buy-mdpv-powdera-online-fr","56":"product_tag-pirkti-mdpv-uk","57":"product_tag-pirkti-metilendioksipirovalerono-milteliai-internetin-apvalga","58":"product_tag-pirkti-metilendioksipirovalerono-milteliai-internete-apvalgos","59":"product_tag-pirkti-metilendioksipirovalerono-milteliai-internete","60":"product_tag-pirkti-metilendioksipirovalerono-milteliai-internete-indonezija","62":"first","63":"instock","64":"shipping-taxable","65":"purchasable","66":"product-type-variable","67":"has-default-attributes"},"yoast_head":"<!-- This site is optimized with the Yoast SEO plugin v27.3 - https:\/\/yoast.com\/product\/yoast-seo-wordpress\/ -->\n<title>Pirkite MDPV (metilendioksipirovalerono) miltelius \u2013 geriausius pasaulinius vaistus<\/title>\n<meta name=\"description\" content=\"Pirkite MDPV pardavimui internetu JK, Europoje \u010dia, Bestglobalmeds. Nusipirkti tyrim\u0173 chemini\u0173 med\u017eiag\u0173 Metilendioksipirovaleron\u0105 internetu labai sunku. Ta\u010diau mes galime parduoti auk\u0161\u010diausios kokyb\u0117s MDPV u\u017e labai ma\u017e\u0105 kain\u0105.\" \/>\n<meta name=\"robots\" content=\"index, follow, max-snippet:-1, max-image-preview:large, max-video-preview:-1\" \/>\n<link rel=\"canonical\" href=\"https:\/\/medicinasinc.com\/lt\/product\/pirk-mdpv-metilendioksipirovalerono-milteliai\/\" \/>\n<meta property=\"og:locale\" content=\"en_US\" \/>\n<meta property=\"og:type\" content=\"article\" \/>\n<meta property=\"og:title\" content=\"Pirkite MDPV (metilendioksipirovalerono) miltelius \u2013 geriausius pasaulinius vaistus\" \/>\n<meta property=\"og:description\" content=\"Pirkite MDPV pardavimui internetu JK, Europoje \u010dia, Bestglobalmeds. Nusipirkti tyrim\u0173 chemini\u0173 med\u017eiag\u0173 Metilendioksipirovaleron\u0105 internetu labai sunku. Ta\u010diau mes galime parduoti auk\u0161\u010diausios kokyb\u0117s MDPV u\u017e labai ma\u017e\u0105 kain\u0105.\" \/>\n<meta property=\"og:url\" content=\"https:\/\/medicinasinc.com\/lt\/product\/pirk-mdpv-metilendioksipirovalerono-milteliai\/\" \/>\n<meta property=\"og:site_name\" content=\"Medicinas Inc\" \/>\n<meta property=\"article:modified_time\" content=\"2022-03-20T12:13:47+00:00\" \/>\n<meta property=\"og:image\" content=\"https:\/\/medicinasinc.com\/lt\/wp-content\/uploads\/sites\/9\/2022\/02\/buy-methylenedioxypyrovalerone.jpg\" \/>\n\t<meta property=\"og:image:width\" content=\"1400\" \/>\n\t<meta property=\"og:image:height\" content=\"700\" \/>\n\t<meta property=\"og:image:type\" content=\"image\/jpeg\" \/>\n<meta name=\"twitter:card\" content=\"summary_large_image\" \/>\n<meta name=\"twitter:label1\" content=\"Est. reading time\" \/>\n\t<meta name=\"twitter:data1\" content=\"1 minute\" \/>\n<script type=\"application\/ld+json\" class=\"yoast-schema-graph\">{\"@context\":\"https:\\\/\\\/schema.org\",\"@graph\":[{\"@type\":\"WebPage\",\"@id\":\"https:\\\/\\\/medicinasinc.com\\\/lt\\\/product\\\/pirk-mdpv-metilendioksipirovalerono-milteliai\\\/\",\"url\":\"https:\\\/\\\/medicinasinc.com\\\/lt\\\/product\\\/pirk-mdpv-metilendioksipirovalerono-milteliai\\\/\",\"name\":\"Pirkite MDPV (metilendioksipirovalerono) miltelius \u2013 geriausius pasaulinius vaistus\",\"isPartOf\":{\"@id\":\"https:\\\/\\\/medicinasinc.com\\\/lt\\\/#website\"},\"primaryImageOfPage\":{\"@id\":\"https:\\\/\\\/medicinasinc.com\\\/lt\\\/product\\\/pirk-mdpv-metilendioksipirovalerono-milteliai\\\/#primaryimage\"},\"image\":{\"@id\":\"https:\\\/\\\/medicinasinc.com\\\/lt\\\/product\\\/pirk-mdpv-metilendioksipirovalerono-milteliai\\\/#primaryimage\"},\"thumbnailUrl\":\"https:\\\/\\\/medicinasinc.com\\\/lt\\\/wp-content\\\/uploads\\\/sites\\\/9\\\/2022\\\/02\\\/buy-methylenedioxypyrovalerone.jpg\",\"datePublished\":\"2022-02-22T01:51:04+00:00\",\"dateModified\":\"2022-03-20T12:13:47+00:00\",\"description\":\"Pirkite MDPV pardavimui internetu JK, Europoje \u010dia, Bestglobalmeds. Nusipirkti tyrim\u0173 chemini\u0173 med\u017eiag\u0173 Metilendioksipirovaleron\u0105 internetu labai sunku. Ta\u010diau mes galime parduoti auk\u0161\u010diausios kokyb\u0117s MDPV u\u017e labai ma\u017e\u0105 kain\u0105.\",\"breadcrumb\":{\"@id\":\"https:\\\/\\\/medicinasinc.com\\\/lt\\\/product\\\/pirk-mdpv-metilendioksipirovalerono-milteliai\\\/#breadcrumb\"},\"inLanguage\":\"en-US\",\"potentialAction\":[{\"@type\":\"ReadAction\",\"target\":[\"https:\\\/\\\/medicinasinc.com\\\/lt\\\/product\\\/pirk-mdpv-metilendioksipirovalerono-milteliai\\\/\"]}]},{\"@type\":\"ImageObject\",\"inLanguage\":\"en-US\",\"@id\":\"https:\\\/\\\/medicinasinc.com\\\/lt\\\/product\\\/pirk-mdpv-metilendioksipirovalerono-milteliai\\\/#primaryimage\",\"url\":\"https:\\\/\\\/medicinasinc.com\\\/lt\\\/wp-content\\\/uploads\\\/sites\\\/9\\\/2022\\\/02\\\/buy-methylenedioxypyrovalerone.jpg\",\"contentUrl\":\"https:\\\/\\\/medicinasinc.com\\\/lt\\\/wp-content\\\/uploads\\\/sites\\\/9\\\/2022\\\/02\\\/buy-methylenedioxypyrovalerone.jpg\",\"width\":1400,\"height\":700},{\"@type\":\"BreadcrumbList\",\"@id\":\"https:\\\/\\\/medicinasinc.com\\\/lt\\\/product\\\/pirk-mdpv-metilendioksipirovalerono-milteliai\\\/#breadcrumb\",\"itemListElement\":[{\"@type\":\"ListItem\",\"position\":1,\"name\":\"Parduotuv\u0117\",\"item\":\"https:\\\/\\\/medicinasinc.com\\\/lt\\\/parduotuve\\\/\"},{\"@type\":\"ListItem\",\"position\":2,\"name\":\"Pirkite MDPV (metilendioksipirovalerono) miltelius\"}]},{\"@type\":\"WebSite\",\"@id\":\"https:\\\/\\\/medicinasinc.com\\\/lt\\\/#website\",\"url\":\"https:\\\/\\\/medicinasinc.com\\\/lt\\\/\",\"name\":\"Medicinas Inc\",\"description\":\"Sveikatos medicinos klinika\",\"potentialAction\":[{\"@type\":\"SearchAction\",\"target\":{\"@type\":\"EntryPoint\",\"urlTemplate\":\"https:\\\/\\\/medicinasinc.com\\\/lt\\\/?s={search_term_string}\"},\"query-input\":{\"@type\":\"PropertyValueSpecification\",\"valueRequired\":true,\"valueName\":\"search_term_string\"}}],\"inLanguage\":\"en-US\"}]}<\/script>\n<!-- \/ Yoast SEO plugin. -->","yoast_head_json":{"title":"Pirkite MDPV (metilendioksipirovalerono) miltelius \u2013 geriausius pasaulinius vaistus","description":"Pirkite MDPV pardavimui internetu JK, Europoje \u010dia, Bestglobalmeds. Nusipirkti tyrim\u0173 chemini\u0173 med\u017eiag\u0173 Metilendioksipirovaleron\u0105 internetu labai sunku. Ta\u010diau mes galime parduoti auk\u0161\u010diausios kokyb\u0117s MDPV u\u017e labai ma\u017e\u0105 kain\u0105.","robots":{"index":"index","follow":"follow","max-snippet":"max-snippet:-1","max-image-preview":"max-image-preview:large","max-video-preview":"max-video-preview:-1"},"canonical":"https:\/\/medicinasinc.com\/lt\/product\/pirk-mdpv-metilendioksipirovalerono-milteliai\/","og_locale":"en_US","og_type":"article","og_title":"Pirkite MDPV (metilendioksipirovalerono) miltelius \u2013 geriausius pasaulinius vaistus","og_description":"Pirkite MDPV pardavimui internetu JK, Europoje \u010dia, Bestglobalmeds. Nusipirkti tyrim\u0173 chemini\u0173 med\u017eiag\u0173 Metilendioksipirovaleron\u0105 internetu labai sunku. Ta\u010diau mes galime parduoti auk\u0161\u010diausios kokyb\u0117s MDPV u\u017e labai ma\u017e\u0105 kain\u0105.","og_url":"https:\/\/medicinasinc.com\/lt\/product\/pirk-mdpv-metilendioksipirovalerono-milteliai\/","og_site_name":"Medicinas Inc","article_modified_time":"2022-03-20T12:13:47+00:00","og_image":[{"width":1400,"height":700,"url":"https:\/\/medicinasinc.com\/lt\/wp-content\/uploads\/sites\/9\/2022\/02\/buy-methylenedioxypyrovalerone.jpg","type":"image\/jpeg"}],"twitter_card":"summary_large_image","twitter_misc":{"Est. reading time":"1 minute"},"schema":{"@context":"https:\/\/schema.org","@graph":[{"@type":"WebPage","@id":"https:\/\/medicinasinc.com\/lt\/product\/pirk-mdpv-metilendioksipirovalerono-milteliai\/","url":"https:\/\/medicinasinc.com\/lt\/product\/pirk-mdpv-metilendioksipirovalerono-milteliai\/","name":"Pirkite MDPV (metilendioksipirovalerono) miltelius \u2013 geriausius pasaulinius vaistus","isPartOf":{"@id":"https:\/\/medicinasinc.com\/lt\/#website"},"primaryImageOfPage":{"@id":"https:\/\/medicinasinc.com\/lt\/product\/pirk-mdpv-metilendioksipirovalerono-milteliai\/#primaryimage"},"image":{"@id":"https:\/\/medicinasinc.com\/lt\/product\/pirk-mdpv-metilendioksipirovalerono-milteliai\/#primaryimage"},"thumbnailUrl":"https:\/\/medicinasinc.com\/lt\/wp-content\/uploads\/sites\/9\/2022\/02\/buy-methylenedioxypyrovalerone.jpg","datePublished":"2022-02-22T01:51:04+00:00","dateModified":"2022-03-20T12:13:47+00:00","description":"Pirkite MDPV pardavimui internetu JK, Europoje \u010dia, Bestglobalmeds. Nusipirkti tyrim\u0173 chemini\u0173 med\u017eiag\u0173 Metilendioksipirovaleron\u0105 internetu labai sunku. Ta\u010diau mes galime parduoti auk\u0161\u010diausios kokyb\u0117s MDPV u\u017e labai ma\u017e\u0105 kain\u0105.","breadcrumb":{"@id":"https:\/\/medicinasinc.com\/lt\/product\/pirk-mdpv-metilendioksipirovalerono-milteliai\/#breadcrumb"},"inLanguage":"en-US","potentialAction":[{"@type":"ReadAction","target":["https:\/\/medicinasinc.com\/lt\/product\/pirk-mdpv-metilendioksipirovalerono-milteliai\/"]}]},{"@type":"ImageObject","inLanguage":"en-US","@id":"https:\/\/medicinasinc.com\/lt\/product\/pirk-mdpv-metilendioksipirovalerono-milteliai\/#primaryimage","url":"https:\/\/medicinasinc.com\/lt\/wp-content\/uploads\/sites\/9\/2022\/02\/buy-methylenedioxypyrovalerone.jpg","contentUrl":"https:\/\/medicinasinc.com\/lt\/wp-content\/uploads\/sites\/9\/2022\/02\/buy-methylenedioxypyrovalerone.jpg","width":1400,"height":700},{"@type":"BreadcrumbList","@id":"https:\/\/medicinasinc.com\/lt\/product\/pirk-mdpv-metilendioksipirovalerono-milteliai\/#breadcrumb","itemListElement":[{"@type":"ListItem","position":1,"name":"Parduotuv\u0117","item":"https:\/\/medicinasinc.com\/lt\/parduotuve\/"},{"@type":"ListItem","position":2,"name":"Pirkite MDPV (metilendioksipirovalerono) miltelius"}]},{"@type":"WebSite","@id":"https:\/\/medicinasinc.com\/lt\/#website","url":"https:\/\/medicinasinc.com\/lt\/","name":"Medicinas Inc","description":"Sveikatos medicinos klinika","potentialAction":[{"@type":"SearchAction","target":{"@type":"EntryPoint","urlTemplate":"https:\/\/medicinasinc.com\/lt\/?s={search_term_string}"},"query-input":{"@type":"PropertyValueSpecification","valueRequired":true,"valueName":"search_term_string"}}],"inLanguage":"en-US"}]}},"_links":{"self":[{"href":"https:\/\/medicinasinc.com\/lt\/wp-json\/wp\/v2\/product\/5565","targetHints":{"allow":["GET"]}}],"collection":[{"href":"https:\/\/medicinasinc.com\/lt\/wp-json\/wp\/v2\/product"}],"about":[{"href":"https:\/\/medicinasinc.com\/lt\/wp-json\/wp\/v2\/types\/product"}],"replies":[{"embeddable":true,"href":"https:\/\/medicinasinc.com\/lt\/wp-json\/wp\/v2\/comments?post=5565"}],"wp:featuredmedia":[{"embeddable":true,"href":"https:\/\/medicinasinc.com\/lt\/wp-json\/wp\/v2\/media\/5576"}],"wp:attachment":[{"href":"https:\/\/medicinasinc.com\/lt\/wp-json\/wp\/v2\/media?parent=5565"}],"wp:term":[{"taxonomy":"product_brand","embeddable":true,"href":"https:\/\/medicinasinc.com\/lt\/wp-json\/wp\/v2\/product_brand?post=5565"},{"taxonomy":"product_cat","embeddable":true,"href":"https:\/\/medicinasinc.com\/lt\/wp-json\/wp\/v2\/product_cat?post=5565"},{"taxonomy":"product_tag","embeddable":true,"href":"https:\/\/medicinasinc.com\/lt\/wp-json\/wp\/v2\/product_tag?post=5565"}],"curies":[{"name":"wp","href":"https:\/\/api.w.org\/{rel}","templated":true}]}}