{"id":5564,"date":"2022-02-22T01:48:50","date_gmt":"2022-02-22T01:48:50","guid":{"rendered":"https:\/\/medicinasinc.com\/lt\/?post_type=product&#038;p=5564"},"modified":"2022-03-20T12:13:55","modified_gmt":"2022-03-20T12:13:55","slug":"pirkti-mdai-kristaliniai-pudrai","status":"publish","type":"product","link":"https:\/\/medicinasinc.com\/lt\/product\/pirkti-mdai-kristaliniai-pudrai\/","title":{"rendered":"Pirkite MDAI Crystal &amp; Milteliai"},"content":{"rendered":"<p>Pirkite MDAI kristalus ir miltelius internetu.<\/p>\n<p>MDAI kristalai ir milteliai parduodami su nuolaida.<\/p>\n<p>Pirkite MDAI i\u0161 m\u016bs\u0173.<\/p>\n<p>M\u016bs\u0173 pagrindinis tikslas. yra teikti klientams pa\u017eangiausi\u0105 informacij\u0105 ir auk\u0161\u010diausios kokyb\u0117s paslaugas. Tyrim\u0173 grup\u0117s ir visos gamybos \u012fmon\u0117s gali rasti reikiamo kiekio ir kokyb\u0117s RC. RC ap\u017evalg\u0105, atitinkan\u010di\u0105 visus j\u016bs\u0173 pom\u0117gius ir tikslus, galite rasti \u010dia. M\u016bs\u0173 \u012fmon\u0117 si\u016blo pasaulio vairavimo chemikalus, pagr\u012fstus naujausia technologine pa\u017eanga. Visi \u0161iame s\u0105ra\u0161e esantys elementai prakti\u0161kai nenaudingi \u017emon\u0117ms.<\/p>\n<p>Tur\u0117t\u0173 b\u016bti skatinamas vaist\u0173 naudojimas laboratorijoje, mokslo tikslais ir tyrimams. \u012era\u0161ytos chemin\u0117s med\u017eiagos gali b\u016bti naudojamos tik tyrin\u0117jimams, bandymams ir bandymams. Dabar pasiekiami rinkiniai, kuriuos neseniai pagamino Kinijos pirmaujan\u010dios RC rinkos tyrim\u0173 \u012fstaigos.<\/p>\n<p>Jei dabar sudarysite sandor\u012f, pristatysime j\u016bs\u0173 paket\u0105 \u012f bet kuri\u0105 JAV, Europos ar pasaulio viet\u0105. Siekdami patenkinti j\u016bs\u0173 poreikius, bendradarbiaujame su daugeliu pirmaujan\u010di\u0173 pasaulini\u0173 laboratorij\u0173, kurios planuoja kurti RC, o j\u016bs\u0173 pra\u0161ymas m\u016bs\u0173 \u012fmonei yra nepaprastai svarbus.<\/p>\n<p>M\u016bs\u0173 pardav\u0117jas yra Jungtin\u0117se Amerikos Valstijose. ir veikia visame pasaulyje. Svetain\u0117je vartotojai gali lengvai patikrinti RC \u012fvertinim\u0105 ir prieinamum\u0105 savo poreikiams. Klientai. Nor\u0117dami su\u017einoti, kaip pateikti u\u017eklaus\u0105, susisiekite su m\u016bs\u0173 draugi\u0161ka ir daugiakalbe klient\u0173 aptarnavimo tarnyba. Jei m\u016bs\u0173 svetain\u0117je nerandate to, ko ie\u0161kote, nedvejodami susisiekite su mumis d\u0117l pagalbos. \u012esigyjant chemines med\u017eiagas studijoms svarbiausia yra kokyb\u0117.<\/p>\n","protected":false},"excerpt":{"rendered":"<p>Pirkite MDAI Crystal &amp; Milteliai Parduodama JK, Europoje pigiai internetu. MDAI arba 5,6-metilendioksi-2-aminoindanas Pirkite MDAI arba 5,6-metilendioksi-2-aminoindan\u0105 .<\/p>\n","protected":false},"featured_media":5574,"comment_status":"open","ping_status":"closed","template":"","meta":[],"product_brand":[],"product_cat":[2014],"product_tag":[3093,2522,3097,3099,3100,3101,3102,2530,3108,3135,3110,3113,3114,3115,3116,3111,3120,3121,517,2549,3123,3122,3127,3128,3131,3132,3133,3095,3094,3109,3117,3112,3119,3124,3134,3096,3106,3098,3118,2532,3104,3103,3105,3107,2525,3125,3126,3129,3130],"class_list":{"0":"post-5564","1":"product","2":"type-product","3":"status-publish","4":"has-post-thumbnail","6":"product_cat-pirkti-tyrineti-chemikalai","7":"product_tag-4mmc-for-sale","8":"product_tag-buy-4mmc","9":"product_tag-buy-bath-salts","10":"product_tag-buy-lsd","11":"product_tag-buy-mdai","12":"product_tag-buy-mdai-crystal","13":"product_tag-buy-mdai-powder","14":"product_tag-buy-mephedrone-online","15":"product_tag-crystal-meth-for-sale","16":"product_tag-kur-pirkti-mdai-milteliai","17":"product_tag-mdai-crystal-buy","18":"product_tag-mdai-kristal-tvarka","19":"product_tag-mdai-crystal-reddit","20":"product_tag-mdai-crystal-retail","21":"product_tag-mdai-crystal-wholesale","22":"product_tag-mdai-kristalinis-efektas","23":"product_tag-mdai-powder-online","24":"product_tag-mdai-powder-order","25":"product_tag-mdma-for-sale","26":"product_tag-mephedrone-for-sale","27":"product_tag-methylone-for-sale","28":"product_tag-miau-miau-ipardavimas","29":"product_tag-order-meow-meow","30":"product_tag-order-mephedrone","31":"product_tag-order-methylone","32":"product_tag-order-mkat","33":"product_tag-fenetilaminas-pardavimui","34":"product_tag-vonios-druskos-pardavimas","35":"product_tag-parduodamas-amfetaminas","36":"product_tag-lsd-pardavimui","37":"product_tag-mdai-parduodamas","38":"product_tag-mdai-kristalas-parduodamas","39":"product_tag-mdai-milteliai-parduodu","40":"product_tag-mkat-parduodamas","41":"product_tag-parduodamas-triptaminas","42":"product_tag-pirk-amfetaminas-greitis","43":"product_tag-pirkti-fenetilaminas","44":"product_tag-pirk-kristalas-meth","45":"product_tag-mdai-milteliai-pirkti","46":"product_tag-pirk-mefedronas-augalinis-maistas","47":"product_tag-pirkti-metilonas","48":"product_tag-pirk-miau-miau","49":"product_tag-pirk-mkat","50":"product_tag-pirk-triptaminas","51":"product_tag-pirkti-mefedronas","52":"product_tag-tvarka-mdai-kristalas","53":"product_tag-tvarka-mdma","54":"product_tag-tvarka-mefedronas-augalinis-maistas","55":"product_tag-usakymas-internetu","57":"first","58":"instock","59":"shipping-taxable","60":"purchasable","61":"product-type-variable","62":"has-default-attributes"},"yoast_head":"<!-- This site is optimized with the Yoast SEO plugin v27.3 - https:\/\/yoast.com\/product\/yoast-seo-wordpress\/ -->\n<title>Pirkite MDAI Crystal &amp; Milteliai pig\u016bs internetu \u2013 geriausi pasauliniai vaistai<\/title>\n<meta name=\"description\" content=\"Pirkite MDAI Crystal &amp; Milteliai Parduodama JK, Europoje pigiai internetu. MDAI arba 5,6-metilendioksi-2-aminoindanas Pirkite MDAI arba 5,6-metilendioksi-2-aminoindan\u0105.\" \/>\n<meta name=\"robots\" content=\"index, follow, max-snippet:-1, max-image-preview:large, max-video-preview:-1\" \/>\n<link rel=\"canonical\" href=\"https:\/\/medicinasinc.com\/lt\/product\/pirkti-mdai-kristaliniai-pudrai\/\" \/>\n<meta property=\"og:locale\" content=\"en_US\" \/>\n<meta property=\"og:type\" content=\"article\" \/>\n<meta property=\"og:title\" content=\"Pirkite MDAI Crystal &amp; Milteliai pig\u016bs internetu \u2013 geriausi pasauliniai vaistai\" \/>\n<meta property=\"og:description\" content=\"Pirkite MDAI Crystal &amp; Milteliai Parduodama JK, Europoje pigiai internetu. MDAI arba 5,6-metilendioksi-2-aminoindanas Pirkite MDAI arba 5,6-metilendioksi-2-aminoindan\u0105.\" \/>\n<meta property=\"og:url\" content=\"https:\/\/medicinasinc.com\/lt\/product\/pirkti-mdai-kristaliniai-pudrai\/\" \/>\n<meta property=\"og:site_name\" content=\"Medicinas Inc\" \/>\n<meta property=\"article:modified_time\" content=\"2022-03-20T12:13:55+00:00\" \/>\n<meta property=\"og:image\" content=\"https:\/\/medicinasinc.com\/lt\/wp-content\/uploads\/sites\/9\/2022\/02\/buy-mdai-crystal-powder-cheap-online.jpg\" \/>\n\t<meta property=\"og:image:width\" content=\"600\" \/>\n\t<meta property=\"og:image:height\" content=\"600\" \/>\n\t<meta property=\"og:image:type\" content=\"image\/jpeg\" \/>\n<meta name=\"twitter:card\" content=\"summary_large_image\" \/>\n<meta name=\"twitter:label1\" content=\"Est. reading time\" \/>\n\t<meta name=\"twitter:data1\" content=\"2 minutes\" \/>\n<script type=\"application\/ld+json\" class=\"yoast-schema-graph\">{\"@context\":\"https:\\\/\\\/schema.org\",\"@graph\":[{\"@type\":\"WebPage\",\"@id\":\"https:\\\/\\\/medicinasinc.com\\\/lt\\\/product\\\/pirkti-mdai-kristaliniai-pudrai\\\/\",\"url\":\"https:\\\/\\\/medicinasinc.com\\\/lt\\\/product\\\/pirkti-mdai-kristaliniai-pudrai\\\/\",\"name\":\"Pirkite MDAI Crystal &amp; Milteliai pig\u016bs internetu \u2013 geriausi pasauliniai vaistai\",\"isPartOf\":{\"@id\":\"https:\\\/\\\/medicinasinc.com\\\/lt\\\/#website\"},\"primaryImageOfPage\":{\"@id\":\"https:\\\/\\\/medicinasinc.com\\\/lt\\\/product\\\/pirkti-mdai-kristaliniai-pudrai\\\/#primaryimage\"},\"image\":{\"@id\":\"https:\\\/\\\/medicinasinc.com\\\/lt\\\/product\\\/pirkti-mdai-kristaliniai-pudrai\\\/#primaryimage\"},\"thumbnailUrl\":\"https:\\\/\\\/medicinasinc.com\\\/lt\\\/wp-content\\\/uploads\\\/sites\\\/9\\\/2022\\\/02\\\/buy-mdai-crystal-powder-cheap-online.jpg\",\"datePublished\":\"2022-02-22T01:48:50+00:00\",\"dateModified\":\"2022-03-20T12:13:55+00:00\",\"description\":\"Pirkite MDAI Crystal &amp; Milteliai Parduodama JK, Europoje pigiai internetu. MDAI arba 5,6-metilendioksi-2-aminoindanas Pirkite MDAI arba 5,6-metilendioksi-2-aminoindan\u0105.\",\"breadcrumb\":{\"@id\":\"https:\\\/\\\/medicinasinc.com\\\/lt\\\/product\\\/pirkti-mdai-kristaliniai-pudrai\\\/#breadcrumb\"},\"inLanguage\":\"en-US\",\"potentialAction\":[{\"@type\":\"ReadAction\",\"target\":[\"https:\\\/\\\/medicinasinc.com\\\/lt\\\/product\\\/pirkti-mdai-kristaliniai-pudrai\\\/\"]}]},{\"@type\":\"ImageObject\",\"inLanguage\":\"en-US\",\"@id\":\"https:\\\/\\\/medicinasinc.com\\\/lt\\\/product\\\/pirkti-mdai-kristaliniai-pudrai\\\/#primaryimage\",\"url\":\"https:\\\/\\\/medicinasinc.com\\\/lt\\\/wp-content\\\/uploads\\\/sites\\\/9\\\/2022\\\/02\\\/buy-mdai-crystal-powder-cheap-online.jpg\",\"contentUrl\":\"https:\\\/\\\/medicinasinc.com\\\/lt\\\/wp-content\\\/uploads\\\/sites\\\/9\\\/2022\\\/02\\\/buy-mdai-crystal-powder-cheap-online.jpg\",\"width\":600,\"height\":600},{\"@type\":\"BreadcrumbList\",\"@id\":\"https:\\\/\\\/medicinasinc.com\\\/lt\\\/product\\\/pirkti-mdai-kristaliniai-pudrai\\\/#breadcrumb\",\"itemListElement\":[{\"@type\":\"ListItem\",\"position\":1,\"name\":\"Parduotuv\u0117\",\"item\":\"https:\\\/\\\/medicinasinc.com\\\/lt\\\/parduotuve\\\/\"},{\"@type\":\"ListItem\",\"position\":2,\"name\":\"Pirkite MDAI Crystal &amp; Milteliai\"}]},{\"@type\":\"WebSite\",\"@id\":\"https:\\\/\\\/medicinasinc.com\\\/lt\\\/#website\",\"url\":\"https:\\\/\\\/medicinasinc.com\\\/lt\\\/\",\"name\":\"Medicinas Inc\",\"description\":\"Sveikatos medicinos klinika\",\"potentialAction\":[{\"@type\":\"SearchAction\",\"target\":{\"@type\":\"EntryPoint\",\"urlTemplate\":\"https:\\\/\\\/medicinasinc.com\\\/lt\\\/?s={search_term_string}\"},\"query-input\":{\"@type\":\"PropertyValueSpecification\",\"valueRequired\":true,\"valueName\":\"search_term_string\"}}],\"inLanguage\":\"en-US\"}]}<\/script>\n<!-- \/ Yoast SEO plugin. -->","yoast_head_json":{"title":"Pirkite MDAI Crystal &amp; Milteliai pig\u016bs internetu \u2013 geriausi pasauliniai vaistai","description":"Pirkite MDAI Crystal &amp; Milteliai Parduodama JK, Europoje pigiai internetu. MDAI arba 5,6-metilendioksi-2-aminoindanas Pirkite MDAI arba 5,6-metilendioksi-2-aminoindan\u0105.","robots":{"index":"index","follow":"follow","max-snippet":"max-snippet:-1","max-image-preview":"max-image-preview:large","max-video-preview":"max-video-preview:-1"},"canonical":"https:\/\/medicinasinc.com\/lt\/product\/pirkti-mdai-kristaliniai-pudrai\/","og_locale":"en_US","og_type":"article","og_title":"Pirkite MDAI Crystal &amp; Milteliai pig\u016bs internetu \u2013 geriausi pasauliniai vaistai","og_description":"Pirkite MDAI Crystal &amp; Milteliai Parduodama JK, Europoje pigiai internetu. MDAI arba 5,6-metilendioksi-2-aminoindanas Pirkite MDAI arba 5,6-metilendioksi-2-aminoindan\u0105.","og_url":"https:\/\/medicinasinc.com\/lt\/product\/pirkti-mdai-kristaliniai-pudrai\/","og_site_name":"Medicinas Inc","article_modified_time":"2022-03-20T12:13:55+00:00","og_image":[{"width":600,"height":600,"url":"https:\/\/medicinasinc.com\/lt\/wp-content\/uploads\/sites\/9\/2022\/02\/buy-mdai-crystal-powder-cheap-online.jpg","type":"image\/jpeg"}],"twitter_card":"summary_large_image","twitter_misc":{"Est. reading time":"2 minutes"},"schema":{"@context":"https:\/\/schema.org","@graph":[{"@type":"WebPage","@id":"https:\/\/medicinasinc.com\/lt\/product\/pirkti-mdai-kristaliniai-pudrai\/","url":"https:\/\/medicinasinc.com\/lt\/product\/pirkti-mdai-kristaliniai-pudrai\/","name":"Pirkite MDAI Crystal &amp; Milteliai pig\u016bs internetu \u2013 geriausi pasauliniai vaistai","isPartOf":{"@id":"https:\/\/medicinasinc.com\/lt\/#website"},"primaryImageOfPage":{"@id":"https:\/\/medicinasinc.com\/lt\/product\/pirkti-mdai-kristaliniai-pudrai\/#primaryimage"},"image":{"@id":"https:\/\/medicinasinc.com\/lt\/product\/pirkti-mdai-kristaliniai-pudrai\/#primaryimage"},"thumbnailUrl":"https:\/\/medicinasinc.com\/lt\/wp-content\/uploads\/sites\/9\/2022\/02\/buy-mdai-crystal-powder-cheap-online.jpg","datePublished":"2022-02-22T01:48:50+00:00","dateModified":"2022-03-20T12:13:55+00:00","description":"Pirkite MDAI Crystal &amp; Milteliai Parduodama JK, Europoje pigiai internetu. MDAI arba 5,6-metilendioksi-2-aminoindanas Pirkite MDAI arba 5,6-metilendioksi-2-aminoindan\u0105.","breadcrumb":{"@id":"https:\/\/medicinasinc.com\/lt\/product\/pirkti-mdai-kristaliniai-pudrai\/#breadcrumb"},"inLanguage":"en-US","potentialAction":[{"@type":"ReadAction","target":["https:\/\/medicinasinc.com\/lt\/product\/pirkti-mdai-kristaliniai-pudrai\/"]}]},{"@type":"ImageObject","inLanguage":"en-US","@id":"https:\/\/medicinasinc.com\/lt\/product\/pirkti-mdai-kristaliniai-pudrai\/#primaryimage","url":"https:\/\/medicinasinc.com\/lt\/wp-content\/uploads\/sites\/9\/2022\/02\/buy-mdai-crystal-powder-cheap-online.jpg","contentUrl":"https:\/\/medicinasinc.com\/lt\/wp-content\/uploads\/sites\/9\/2022\/02\/buy-mdai-crystal-powder-cheap-online.jpg","width":600,"height":600},{"@type":"BreadcrumbList","@id":"https:\/\/medicinasinc.com\/lt\/product\/pirkti-mdai-kristaliniai-pudrai\/#breadcrumb","itemListElement":[{"@type":"ListItem","position":1,"name":"Parduotuv\u0117","item":"https:\/\/medicinasinc.com\/lt\/parduotuve\/"},{"@type":"ListItem","position":2,"name":"Pirkite MDAI Crystal &amp; Milteliai"}]},{"@type":"WebSite","@id":"https:\/\/medicinasinc.com\/lt\/#website","url":"https:\/\/medicinasinc.com\/lt\/","name":"Medicinas Inc","description":"Sveikatos medicinos klinika","potentialAction":[{"@type":"SearchAction","target":{"@type":"EntryPoint","urlTemplate":"https:\/\/medicinasinc.com\/lt\/?s={search_term_string}"},"query-input":{"@type":"PropertyValueSpecification","valueRequired":true,"valueName":"search_term_string"}}],"inLanguage":"en-US"}]}},"_links":{"self":[{"href":"https:\/\/medicinasinc.com\/lt\/wp-json\/wp\/v2\/product\/5564","targetHints":{"allow":["GET"]}}],"collection":[{"href":"https:\/\/medicinasinc.com\/lt\/wp-json\/wp\/v2\/product"}],"about":[{"href":"https:\/\/medicinasinc.com\/lt\/wp-json\/wp\/v2\/types\/product"}],"replies":[{"embeddable":true,"href":"https:\/\/medicinasinc.com\/lt\/wp-json\/wp\/v2\/comments?post=5564"}],"wp:featuredmedia":[{"embeddable":true,"href":"https:\/\/medicinasinc.com\/lt\/wp-json\/wp\/v2\/media\/5574"}],"wp:attachment":[{"href":"https:\/\/medicinasinc.com\/lt\/wp-json\/wp\/v2\/media?parent=5564"}],"wp:term":[{"taxonomy":"product_brand","embeddable":true,"href":"https:\/\/medicinasinc.com\/lt\/wp-json\/wp\/v2\/product_brand?post=5564"},{"taxonomy":"product_cat","embeddable":true,"href":"https:\/\/medicinasinc.com\/lt\/wp-json\/wp\/v2\/product_cat?post=5564"},{"taxonomy":"product_tag","embeddable":true,"href":"https:\/\/medicinasinc.com\/lt\/wp-json\/wp\/v2\/product_tag?post=5564"}],"curies":[{"name":"wp","href":"https:\/\/api.w.org\/{rel}","templated":true}]}}