{"id":5563,"date":"2022-02-22T01:47:13","date_gmt":"2022-02-22T01:47:13","guid":{"rendered":"https:\/\/medicinasinc.com\/lt\/?post_type=product&#038;p=5563"},"modified":"2022-03-20T12:14:05","modified_gmt":"2022-03-20T12:14:05","slug":"pirk-dramblio-kaulo-bangu-vonios-druskos","status":"publish","type":"product","link":"https:\/\/medicinasinc.com\/lt\/product\/pirk-dramblio-kaulo-bangu-vonios-druskos\/","title":{"rendered":"Pirkite dramblio kaulo bang\u0173 vonios drusk\u0105"},"content":{"rendered":"<p>Best Global Meds vonios druskos yra auk\u0161\u010diausios kokyb\u0117s, tod\u0117l po atpalaiduojan\u010dio mirkymo jausit\u0117s \u0161var\u016bs ir gaiv\u016bs. Kadangi prekiaujame tik auk\u0161\u010diausios kokyb\u0117s gaminiais, galite b\u016bti ram\u016bs, \u017einodami, kad pirkinys \u201ePirkite dramblio kaulo bang\u0173 vonios druskas internetu\u201c bus puikios b\u016bkl\u0117s. Taip pat prieinamomis kainomis dideliais kiekiais ir ma\u017emenin\u0117je prekyboje yra keli\u0173 r\u016b\u0161i\u0173 koncentruot\u0173 vonios drusk\u0173.<\/p>\n<p>M\u016bs\u0173 vonios drusk\u0173 kvapas u\u017epildo kambar\u012f!<\/p>\n<p>Galite \u012fsigyti Ivory Wave vonios drusk\u0173. internetu.<\/p>\n<p>Kur internetu galite \u012fsigyti Ivory Wave vonios drusk\u0173? Dramblio kaulo bangos vonios druskas galima \u012fsigyti internetu i\u0161 Chemicals Lab be joki\u0173 pastang\u0173 ir nepatogum\u0173. Kiekvien\u0105 kart\u0105, kai perkate dramblio kaulo bang\u0173 vonios druskas i\u0161 m\u016bs\u0173 internetin\u0117s vaistin\u0117s, mes stengiam\u0117s u\u017etikrinti geriausi\u0105 \u012fmanom\u0105 kain\u0105. M\u016bs\u0173 \u201eBest Global Meds\u201c misija yra suma\u017einti klient\u0173 i\u0161laidas ir didinti j\u0173 gaunam\u0105 vert\u0119.<\/p>\n","protected":false},"excerpt":{"rendered":"<div class=\"woocommerce-product-details__short-description\">\n<p>Ar permokate u\u017e dramblio kaulo bang\u0173 vonios druskas internetu? Pirkite dramblio kaulo bang\u0173 vonios druskas JK ir Europoje internetu i\u0161 Best Global Meds. Su\u017einokite apie parduodamas dramblio kaulo bang\u0173 vonios druskas<\/p>\n<p>&nbsp;<\/p>\n<\/p><\/div>\n","protected":false},"featured_media":5572,"comment_status":"open","ping_status":"closed","template":"","meta":[],"product_brand":[],"product_cat":[2014],"product_tag":[3087,3081,3083,3092,3088,3089,3090,3086,3084,3082,3085,3091],"class_list":{"0":"post-5563","1":"product","2":"type-product","3":"status-publish","4":"has-post-thumbnail","6":"product_cat-pirkti-tyrineti-chemikalai","7":"product_tag-lvory-wave-bath-salt-europe","8":"product_tag-buy-ivory-wave-bath-salts-online","9":"product_tag-dramblio-kaulo-bangos-vonios-druskos","10":"product_tag-kur-pirkti-dramblio-kaulo-bang-vonios-druskos","11":"product_tag-lvory-wave-bath-salt-online","12":"product_tag-lvory-wave-bath-salt-order","13":"product_tag-lvory-wave-von-druska-didmenin-prekyba","14":"product_tag-lvory-bang-vonios-druskos-efektas","15":"product_tag-dramblio-kaulo-bangos-vonios-druskos-parduodu","16":"product_tag-pirkti-lvory-bang-vonios-druskos","17":"product_tag-lvory-wave-bath-salt-buy","18":"product_tag-usisakyti-dramblio-kaulo-bang-vonios-druskos-internete","20":"first","21":"instock","22":"shipping-taxable","23":"purchasable","24":"product-type-variable"},"yoast_head":"<!-- This site is optimized with the Yoast SEO plugin v27.3 - https:\/\/yoast.com\/product\/yoast-seo-wordpress\/ -->\n<title>Pirkite Ivory Wave vonios drusk\u0105 \u2013 Lvory Wave vonios drusk\u0105 \u2013 geriausius pasaulinius vaistus<\/title>\n<meta name=\"description\" content=\"Ar permokate u\u017e dramblio kaulo bang\u0173 vonios druskas internetu? Pirkite dramblio kaulo bang\u0173 vonios druskas JK ir Europoje internetu i\u0161 Best Global Meds. Su\u017einokite apie parduodamas dramblio kaulo bang\u0173 vonios druskas\" \/>\n<meta name=\"robots\" content=\"index, follow, max-snippet:-1, max-image-preview:large, max-video-preview:-1\" \/>\n<link rel=\"canonical\" href=\"https:\/\/medicinasinc.com\/lt\/product\/pirk-dramblio-kaulo-bangu-vonios-druskos\/\" \/>\n<meta property=\"og:locale\" content=\"en_US\" \/>\n<meta property=\"og:type\" content=\"article\" \/>\n<meta property=\"og:title\" content=\"Pirkite Ivory Wave vonios drusk\u0105 \u2013 Lvory Wave vonios drusk\u0105 \u2013 geriausius pasaulinius vaistus\" \/>\n<meta property=\"og:description\" content=\"Ar permokate u\u017e dramblio kaulo bang\u0173 vonios druskas internetu? Pirkite dramblio kaulo bang\u0173 vonios druskas JK ir Europoje internetu i\u0161 Best Global Meds. Su\u017einokite apie parduodamas dramblio kaulo bang\u0173 vonios druskas\" \/>\n<meta property=\"og:url\" content=\"https:\/\/medicinasinc.com\/lt\/product\/pirk-dramblio-kaulo-bangu-vonios-druskos\/\" \/>\n<meta property=\"og:site_name\" content=\"Medicinas Inc\" \/>\n<meta property=\"article:modified_time\" content=\"2022-03-20T12:14:05+00:00\" \/>\n<meta property=\"og:image\" content=\"https:\/\/medicinasinc.com\/lt\/wp-content\/uploads\/sites\/9\/2022\/02\/Buy-Lvory-Wave-Bath-Salt.jpg\" \/>\n\t<meta property=\"og:image:width\" content=\"450\" \/>\n\t<meta property=\"og:image:height\" content=\"316\" \/>\n\t<meta property=\"og:image:type\" content=\"image\/jpeg\" \/>\n<meta name=\"twitter:card\" content=\"summary_large_image\" \/>\n<meta name=\"twitter:label1\" content=\"Est. reading time\" \/>\n\t<meta name=\"twitter:data1\" content=\"1 minute\" \/>\n<script type=\"application\/ld+json\" class=\"yoast-schema-graph\">{\"@context\":\"https:\\\/\\\/schema.org\",\"@graph\":[{\"@type\":\"WebPage\",\"@id\":\"https:\\\/\\\/medicinasinc.com\\\/lt\\\/product\\\/pirk-dramblio-kaulo-bangu-vonios-druskos\\\/\",\"url\":\"https:\\\/\\\/medicinasinc.com\\\/lt\\\/product\\\/pirk-dramblio-kaulo-bangu-vonios-druskos\\\/\",\"name\":\"Pirkite Ivory Wave vonios drusk\u0105 \u2013 Lvory Wave vonios drusk\u0105 \u2013 geriausius pasaulinius vaistus\",\"isPartOf\":{\"@id\":\"https:\\\/\\\/medicinasinc.com\\\/lt\\\/#website\"},\"primaryImageOfPage\":{\"@id\":\"https:\\\/\\\/medicinasinc.com\\\/lt\\\/product\\\/pirk-dramblio-kaulo-bangu-vonios-druskos\\\/#primaryimage\"},\"image\":{\"@id\":\"https:\\\/\\\/medicinasinc.com\\\/lt\\\/product\\\/pirk-dramblio-kaulo-bangu-vonios-druskos\\\/#primaryimage\"},\"thumbnailUrl\":\"https:\\\/\\\/medicinasinc.com\\\/lt\\\/wp-content\\\/uploads\\\/sites\\\/9\\\/2022\\\/02\\\/Buy-Lvory-Wave-Bath-Salt.jpg\",\"datePublished\":\"2022-02-22T01:47:13+00:00\",\"dateModified\":\"2022-03-20T12:14:05+00:00\",\"description\":\"Ar permokate u\u017e dramblio kaulo bang\u0173 vonios druskas internetu? Pirkite dramblio kaulo bang\u0173 vonios druskas JK ir Europoje internetu i\u0161 Best Global Meds. Su\u017einokite apie parduodamas dramblio kaulo bang\u0173 vonios druskas\",\"breadcrumb\":{\"@id\":\"https:\\\/\\\/medicinasinc.com\\\/lt\\\/product\\\/pirk-dramblio-kaulo-bangu-vonios-druskos\\\/#breadcrumb\"},\"inLanguage\":\"en-US\",\"potentialAction\":[{\"@type\":\"ReadAction\",\"target\":[\"https:\\\/\\\/medicinasinc.com\\\/lt\\\/product\\\/pirk-dramblio-kaulo-bangu-vonios-druskos\\\/\"]}]},{\"@type\":\"ImageObject\",\"inLanguage\":\"en-US\",\"@id\":\"https:\\\/\\\/medicinasinc.com\\\/lt\\\/product\\\/pirk-dramblio-kaulo-bangu-vonios-druskos\\\/#primaryimage\",\"url\":\"https:\\\/\\\/medicinasinc.com\\\/lt\\\/wp-content\\\/uploads\\\/sites\\\/9\\\/2022\\\/02\\\/Buy-Lvory-Wave-Bath-Salt.jpg\",\"contentUrl\":\"https:\\\/\\\/medicinasinc.com\\\/lt\\\/wp-content\\\/uploads\\\/sites\\\/9\\\/2022\\\/02\\\/Buy-Lvory-Wave-Bath-Salt.jpg\",\"width\":450,\"height\":316},{\"@type\":\"BreadcrumbList\",\"@id\":\"https:\\\/\\\/medicinasinc.com\\\/lt\\\/product\\\/pirk-dramblio-kaulo-bangu-vonios-druskos\\\/#breadcrumb\",\"itemListElement\":[{\"@type\":\"ListItem\",\"position\":1,\"name\":\"Parduotuv\u0117\",\"item\":\"https:\\\/\\\/medicinasinc.com\\\/lt\\\/parduotuve\\\/\"},{\"@type\":\"ListItem\",\"position\":2,\"name\":\"Pirkite dramblio kaulo bang\u0173 vonios drusk\u0105\"}]},{\"@type\":\"WebSite\",\"@id\":\"https:\\\/\\\/medicinasinc.com\\\/lt\\\/#website\",\"url\":\"https:\\\/\\\/medicinasinc.com\\\/lt\\\/\",\"name\":\"Medicinas Inc\",\"description\":\"Sveikatos medicinos klinika\",\"potentialAction\":[{\"@type\":\"SearchAction\",\"target\":{\"@type\":\"EntryPoint\",\"urlTemplate\":\"https:\\\/\\\/medicinasinc.com\\\/lt\\\/?s={search_term_string}\"},\"query-input\":{\"@type\":\"PropertyValueSpecification\",\"valueRequired\":true,\"valueName\":\"search_term_string\"}}],\"inLanguage\":\"en-US\"}]}<\/script>\n<!-- \/ Yoast SEO plugin. -->","yoast_head_json":{"title":"Pirkite Ivory Wave vonios drusk\u0105 \u2013 Lvory Wave vonios drusk\u0105 \u2013 geriausius pasaulinius vaistus","description":"Ar permokate u\u017e dramblio kaulo bang\u0173 vonios druskas internetu? Pirkite dramblio kaulo bang\u0173 vonios druskas JK ir Europoje internetu i\u0161 Best Global Meds. Su\u017einokite apie parduodamas dramblio kaulo bang\u0173 vonios druskas","robots":{"index":"index","follow":"follow","max-snippet":"max-snippet:-1","max-image-preview":"max-image-preview:large","max-video-preview":"max-video-preview:-1"},"canonical":"https:\/\/medicinasinc.com\/lt\/product\/pirk-dramblio-kaulo-bangu-vonios-druskos\/","og_locale":"en_US","og_type":"article","og_title":"Pirkite Ivory Wave vonios drusk\u0105 \u2013 Lvory Wave vonios drusk\u0105 \u2013 geriausius pasaulinius vaistus","og_description":"Ar permokate u\u017e dramblio kaulo bang\u0173 vonios druskas internetu? Pirkite dramblio kaulo bang\u0173 vonios druskas JK ir Europoje internetu i\u0161 Best Global Meds. Su\u017einokite apie parduodamas dramblio kaulo bang\u0173 vonios druskas","og_url":"https:\/\/medicinasinc.com\/lt\/product\/pirk-dramblio-kaulo-bangu-vonios-druskos\/","og_site_name":"Medicinas Inc","article_modified_time":"2022-03-20T12:14:05+00:00","og_image":[{"width":450,"height":316,"url":"https:\/\/medicinasinc.com\/lt\/wp-content\/uploads\/sites\/9\/2022\/02\/Buy-Lvory-Wave-Bath-Salt.jpg","type":"image\/jpeg"}],"twitter_card":"summary_large_image","twitter_misc":{"Est. reading time":"1 minute"},"schema":{"@context":"https:\/\/schema.org","@graph":[{"@type":"WebPage","@id":"https:\/\/medicinasinc.com\/lt\/product\/pirk-dramblio-kaulo-bangu-vonios-druskos\/","url":"https:\/\/medicinasinc.com\/lt\/product\/pirk-dramblio-kaulo-bangu-vonios-druskos\/","name":"Pirkite Ivory Wave vonios drusk\u0105 \u2013 Lvory Wave vonios drusk\u0105 \u2013 geriausius pasaulinius vaistus","isPartOf":{"@id":"https:\/\/medicinasinc.com\/lt\/#website"},"primaryImageOfPage":{"@id":"https:\/\/medicinasinc.com\/lt\/product\/pirk-dramblio-kaulo-bangu-vonios-druskos\/#primaryimage"},"image":{"@id":"https:\/\/medicinasinc.com\/lt\/product\/pirk-dramblio-kaulo-bangu-vonios-druskos\/#primaryimage"},"thumbnailUrl":"https:\/\/medicinasinc.com\/lt\/wp-content\/uploads\/sites\/9\/2022\/02\/Buy-Lvory-Wave-Bath-Salt.jpg","datePublished":"2022-02-22T01:47:13+00:00","dateModified":"2022-03-20T12:14:05+00:00","description":"Ar permokate u\u017e dramblio kaulo bang\u0173 vonios druskas internetu? Pirkite dramblio kaulo bang\u0173 vonios druskas JK ir Europoje internetu i\u0161 Best Global Meds. Su\u017einokite apie parduodamas dramblio kaulo bang\u0173 vonios druskas","breadcrumb":{"@id":"https:\/\/medicinasinc.com\/lt\/product\/pirk-dramblio-kaulo-bangu-vonios-druskos\/#breadcrumb"},"inLanguage":"en-US","potentialAction":[{"@type":"ReadAction","target":["https:\/\/medicinasinc.com\/lt\/product\/pirk-dramblio-kaulo-bangu-vonios-druskos\/"]}]},{"@type":"ImageObject","inLanguage":"en-US","@id":"https:\/\/medicinasinc.com\/lt\/product\/pirk-dramblio-kaulo-bangu-vonios-druskos\/#primaryimage","url":"https:\/\/medicinasinc.com\/lt\/wp-content\/uploads\/sites\/9\/2022\/02\/Buy-Lvory-Wave-Bath-Salt.jpg","contentUrl":"https:\/\/medicinasinc.com\/lt\/wp-content\/uploads\/sites\/9\/2022\/02\/Buy-Lvory-Wave-Bath-Salt.jpg","width":450,"height":316},{"@type":"BreadcrumbList","@id":"https:\/\/medicinasinc.com\/lt\/product\/pirk-dramblio-kaulo-bangu-vonios-druskos\/#breadcrumb","itemListElement":[{"@type":"ListItem","position":1,"name":"Parduotuv\u0117","item":"https:\/\/medicinasinc.com\/lt\/parduotuve\/"},{"@type":"ListItem","position":2,"name":"Pirkite dramblio kaulo bang\u0173 vonios drusk\u0105"}]},{"@type":"WebSite","@id":"https:\/\/medicinasinc.com\/lt\/#website","url":"https:\/\/medicinasinc.com\/lt\/","name":"Medicinas Inc","description":"Sveikatos medicinos klinika","potentialAction":[{"@type":"SearchAction","target":{"@type":"EntryPoint","urlTemplate":"https:\/\/medicinasinc.com\/lt\/?s={search_term_string}"},"query-input":{"@type":"PropertyValueSpecification","valueRequired":true,"valueName":"search_term_string"}}],"inLanguage":"en-US"}]}},"_links":{"self":[{"href":"https:\/\/medicinasinc.com\/lt\/wp-json\/wp\/v2\/product\/5563","targetHints":{"allow":["GET"]}}],"collection":[{"href":"https:\/\/medicinasinc.com\/lt\/wp-json\/wp\/v2\/product"}],"about":[{"href":"https:\/\/medicinasinc.com\/lt\/wp-json\/wp\/v2\/types\/product"}],"replies":[{"embeddable":true,"href":"https:\/\/medicinasinc.com\/lt\/wp-json\/wp\/v2\/comments?post=5563"}],"wp:featuredmedia":[{"embeddable":true,"href":"https:\/\/medicinasinc.com\/lt\/wp-json\/wp\/v2\/media\/5572"}],"wp:attachment":[{"href":"https:\/\/medicinasinc.com\/lt\/wp-json\/wp\/v2\/media?parent=5563"}],"wp:term":[{"taxonomy":"product_brand","embeddable":true,"href":"https:\/\/medicinasinc.com\/lt\/wp-json\/wp\/v2\/product_brand?post=5563"},{"taxonomy":"product_cat","embeddable":true,"href":"https:\/\/medicinasinc.com\/lt\/wp-json\/wp\/v2\/product_cat?post=5563"},{"taxonomy":"product_tag","embeddable":true,"href":"https:\/\/medicinasinc.com\/lt\/wp-json\/wp\/v2\/product_tag?post=5563"}],"curies":[{"name":"wp","href":"https:\/\/api.w.org\/{rel}","templated":true}]}}