{"id":5549,"date":"2022-02-22T01:34:03","date_gmt":"2022-02-22T01:34:03","guid":{"rendered":"https:\/\/medicinasinc.com\/lt\/?post_type=product&#038;p=5549"},"modified":"2022-03-20T12:14:14","modified_gmt":"2022-03-20T12:14:14","slug":"pirkti-jwh-210-chemikalai-milteliai","status":"publish","type":"product","link":"https:\/\/medicinasinc.com\/lt\/product\/pirkti-jwh-210-chemikalai-milteliai\/","title":{"rendered":"Pirkite JWH-210 cheminius miltelius"},"content":{"rendered":"<p>JWH-210 chemini\u0173 milteli\u0173 galima \u012fsigyti internetu.<\/p>\n<p>Pirkite JWH-210 cheminius miltelius internete. Vienas i\u0161 da\u017eniausiai JAV naudojam\u0173 antidepresant\u0173 yra JWH-210. Kanabinoidas turi galing\u0105 poveik\u012f.<\/p>\n<p>internetinis WH-210 milteliai<\/p>\n<p>Skausmui mal\u0161inti JWH-210 milteliai i\u0161 naftoilindoli\u0173 \u0161eimos veikia kaip kanabinoid\u0173 agonistas tiek CB1, tiek CB2 receptoriuose. , kai Ki vert\u0117 yra 0,46 nM CB1 ir 0,69 nM CB2. Kaip 4-pakeisto naftoilo darinys, jis turi stipresn\u012f jungimosi afinitet\u0105 (ty ma\u017eesn\u012f Ki) prie CB1 nei jo 4-metilo ir 4-N-propilo homologai JWH-122 (CB1 Ki 0,69 nM), taip pat JWH-182. (CB1 Ki 0,65 nM) ir 4-metoksi molekul\u0119 JWH-081 (CB1 Ki 1,2 nM). Atradim\u0105 padar\u0119s Johnas W. Huffmanas buvo pagerbtas tuo, kad radinys buvo pavadintas jo vardu.<\/p>\n<p>K\u016bne yra dviej\u0173 tip\u0173 kanabinoidiniai receptoriai: CB1 ir CB2. JWH-210 yra analgetikas ir veikia kaip abiej\u0173 agonistas. CB1 Ki yra 0,46 nM, o CB2 Ki &#8211; 0,69 nM. Stiprus 4 pakaitais naftoilo darinys i\u0161 naftoilindolo serijos, turi didesn\u012f afinitet\u0105 CB1 suri\u0161imui nei pirmosios kartos sintetini\u0173 kanabinoid\u0173 JWH-122, JWH-182 ir JWH-081 (1).<\/p>\n<p> Metabolizmo keliai: JWH-210 turi kelet\u0105 \u017einom\u0173 metabolit\u0173, \u012fskaitant N-pentano r\u016bg\u0161ties metabolit\u0105 (aptinkam\u0105 \u0161lapime), N-(4-hidroksipentilo) metabolit\u0105 (aptinkam\u0105 \u0161lapime ir serume), N-(5-hidroksipentilo) metabolit\u0105 (aptinkam\u0105 \u0161lapime ir serume), ir 5 hidroksiindolo metabolitas (aptinkamas \u0161lapime ir serume) (aptinkamas \u0161lapime ir serume). Taip pat teigiama, kad naftoilo \u017eiedas buvo hidroksilintas (2).<\/p>\n<p>Pasipur\u0161kus ant augal\u0173, JWH-210 poveikis ir toksi\u0161kumas yra toks pat kaip ir marihuana, naudotoj\u0173 teigimu. Po injekcijos poveikis pradedamas jaustis per 2-5 minutes. Ma\u017eai \u017einoma apie vien tik JWH-210 poveik\u012f, ta\u010diau sintetiniai kanabinoidai da\u017enai sukelia nuotaikos ir suvokimo poky\u010dius, panikos priepuolius ir susijaudinim\u0105, labai pana\u0161\u0173 \u012f kanapi\u0173 poveik\u012f, ir nedidel\u012f haliucinogenin\u012f poveik\u012f (regos ir klausos).<\/p>\n","protected":false},"excerpt":{"rendered":"<p>Pirkite JWH-210 cheminius miltelius, skirtus parduoti internetu JK, Europoje, ES. JWH-210 cheminiai milteliai yra analgetikas i\u0161 naftoilindolo \u0161eimos. <\/p>\n<h3 class=\"product_title\"> JWH-210 milteliai internetu pirkite original\u0173 JWH-210 99 % grynumo <\/h3>\n","protected":false},"featured_media":5560,"comment_status":"open","ping_status":"closed","template":"","meta":[],"product_brand":[],"product_cat":[2014],"product_tag":[3070,3071,3072,3034,3080,3075,3074,3078,3079,3076,3077,3047,3073],"class_list":{"0":"post-5549","1":"product","2":"type-product","3":"status-publish","4":"has-post-thumbnail","6":"product_cat-pirkti-tyrineti-chemikalai","7":"product_tag-buy-jwh-210","8":"product_tag-buy-jwh-210-europe","9":"product_tag-buy-jwh-210-uk","10":"product_tag-jwh-018","11":"product_tag-jwh-210-apvalga","12":"product_tag-jwh-210-dozavimas","13":"product_tag-jwh-210-pirkti","14":"product_tag-jwh-210-psychonaut","15":"product_tag-jwh-210-reddit","16":"product_tag-jwh-210-legal-status-usa","17":"product_tag-jwh-210-u-c5-besakymas","18":"product_tag-jwh-250","19":"product_tag-pirkti-jwh-210-usa","21":"first","22":"instock","23":"shipping-taxable","24":"purchasable","25":"product-type-variable","26":"has-default-attributes"},"yoast_head":"<!-- This site is optimized with the Yoast SEO plugin v27.3 - https:\/\/yoast.com\/product\/yoast-seo-wordpress\/ -->\n<title>Pirkite JWH-210 cheminius miltelius \u2013 geriausius pasaulinius vaistus<\/title>\n<meta name=\"description\" content=\"Pirkite JWH-210 cheminius miltelius, skirtus parduoti internetu JK, Europoje. JWH-210 cheminiai milteliai yra analgetikas i\u0161 naftoilindoli\u0173 \u0161eimos.\" \/>\n<meta name=\"robots\" content=\"index, follow, max-snippet:-1, max-image-preview:large, max-video-preview:-1\" \/>\n<link rel=\"canonical\" href=\"https:\/\/medicinasinc.com\/lt\/product\/pirkti-jwh-210-chemikalai-milteliai\/\" \/>\n<meta property=\"og:locale\" content=\"en_US\" \/>\n<meta property=\"og:type\" content=\"article\" \/>\n<meta property=\"og:title\" content=\"Pirkite JWH-210 cheminius miltelius \u2013 geriausius pasaulinius vaistus\" \/>\n<meta property=\"og:description\" content=\"Pirkite JWH-210 cheminius miltelius, skirtus parduoti internetu JK, Europoje. JWH-210 cheminiai milteliai yra analgetikas i\u0161 naftoilindoli\u0173 \u0161eimos.\" \/>\n<meta property=\"og:url\" content=\"https:\/\/medicinasinc.com\/lt\/product\/pirkti-jwh-210-chemikalai-milteliai\/\" \/>\n<meta property=\"og:site_name\" content=\"Medicinas Inc\" \/>\n<meta property=\"article:modified_time\" content=\"2022-03-20T12:14:14+00:00\" \/>\n<meta property=\"og:image\" content=\"https:\/\/medicinasinc.com\/lt\/wp-content\/uploads\/sites\/9\/2022\/02\/Buy-JWH-210-Chemical-Powder-Online.jpg\" \/>\n\t<meta property=\"og:image:width\" content=\"600\" \/>\n\t<meta property=\"og:image:height\" content=\"600\" \/>\n\t<meta property=\"og:image:type\" content=\"image\/jpeg\" \/>\n<meta name=\"twitter:card\" content=\"summary_large_image\" \/>\n<meta name=\"twitter:label1\" content=\"Est. reading time\" \/>\n\t<meta name=\"twitter:data1\" content=\"2 minutes\" \/>\n<script type=\"application\/ld+json\" class=\"yoast-schema-graph\">{\"@context\":\"https:\\\/\\\/schema.org\",\"@graph\":[{\"@type\":\"WebPage\",\"@id\":\"https:\\\/\\\/medicinasinc.com\\\/lt\\\/product\\\/pirkti-jwh-210-chemikalai-milteliai\\\/\",\"url\":\"https:\\\/\\\/medicinasinc.com\\\/lt\\\/product\\\/pirkti-jwh-210-chemikalai-milteliai\\\/\",\"name\":\"Pirkite JWH-210 cheminius miltelius \u2013 geriausius pasaulinius vaistus\",\"isPartOf\":{\"@id\":\"https:\\\/\\\/medicinasinc.com\\\/lt\\\/#website\"},\"primaryImageOfPage\":{\"@id\":\"https:\\\/\\\/medicinasinc.com\\\/lt\\\/product\\\/pirkti-jwh-210-chemikalai-milteliai\\\/#primaryimage\"},\"image\":{\"@id\":\"https:\\\/\\\/medicinasinc.com\\\/lt\\\/product\\\/pirkti-jwh-210-chemikalai-milteliai\\\/#primaryimage\"},\"thumbnailUrl\":\"https:\\\/\\\/medicinasinc.com\\\/lt\\\/wp-content\\\/uploads\\\/sites\\\/9\\\/2022\\\/02\\\/Buy-JWH-210-Chemical-Powder-Online.jpg\",\"datePublished\":\"2022-02-22T01:34:03+00:00\",\"dateModified\":\"2022-03-20T12:14:14+00:00\",\"description\":\"Pirkite JWH-210 cheminius miltelius, skirtus parduoti internetu JK, Europoje. JWH-210 cheminiai milteliai yra analgetikas i\u0161 naftoilindoli\u0173 \u0161eimos.\",\"breadcrumb\":{\"@id\":\"https:\\\/\\\/medicinasinc.com\\\/lt\\\/product\\\/pirkti-jwh-210-chemikalai-milteliai\\\/#breadcrumb\"},\"inLanguage\":\"en-US\",\"potentialAction\":[{\"@type\":\"ReadAction\",\"target\":[\"https:\\\/\\\/medicinasinc.com\\\/lt\\\/product\\\/pirkti-jwh-210-chemikalai-milteliai\\\/\"]}]},{\"@type\":\"ImageObject\",\"inLanguage\":\"en-US\",\"@id\":\"https:\\\/\\\/medicinasinc.com\\\/lt\\\/product\\\/pirkti-jwh-210-chemikalai-milteliai\\\/#primaryimage\",\"url\":\"https:\\\/\\\/medicinasinc.com\\\/lt\\\/wp-content\\\/uploads\\\/sites\\\/9\\\/2022\\\/02\\\/Buy-JWH-210-Chemical-Powder-Online.jpg\",\"contentUrl\":\"https:\\\/\\\/medicinasinc.com\\\/lt\\\/wp-content\\\/uploads\\\/sites\\\/9\\\/2022\\\/02\\\/Buy-JWH-210-Chemical-Powder-Online.jpg\",\"width\":600,\"height\":600},{\"@type\":\"BreadcrumbList\",\"@id\":\"https:\\\/\\\/medicinasinc.com\\\/lt\\\/product\\\/pirkti-jwh-210-chemikalai-milteliai\\\/#breadcrumb\",\"itemListElement\":[{\"@type\":\"ListItem\",\"position\":1,\"name\":\"Parduotuv\u0117\",\"item\":\"https:\\\/\\\/medicinasinc.com\\\/lt\\\/parduotuve\\\/\"},{\"@type\":\"ListItem\",\"position\":2,\"name\":\"Pirkite JWH-210 cheminius miltelius\"}]},{\"@type\":\"WebSite\",\"@id\":\"https:\\\/\\\/medicinasinc.com\\\/lt\\\/#website\",\"url\":\"https:\\\/\\\/medicinasinc.com\\\/lt\\\/\",\"name\":\"Medicinas Inc\",\"description\":\"Sveikatos medicinos klinika\",\"potentialAction\":[{\"@type\":\"SearchAction\",\"target\":{\"@type\":\"EntryPoint\",\"urlTemplate\":\"https:\\\/\\\/medicinasinc.com\\\/lt\\\/?s={search_term_string}\"},\"query-input\":{\"@type\":\"PropertyValueSpecification\",\"valueRequired\":true,\"valueName\":\"search_term_string\"}}],\"inLanguage\":\"en-US\"}]}<\/script>\n<!-- \/ Yoast SEO plugin. -->","yoast_head_json":{"title":"Pirkite JWH-210 cheminius miltelius \u2013 geriausius pasaulinius vaistus","description":"Pirkite JWH-210 cheminius miltelius, skirtus parduoti internetu JK, Europoje. JWH-210 cheminiai milteliai yra analgetikas i\u0161 naftoilindoli\u0173 \u0161eimos.","robots":{"index":"index","follow":"follow","max-snippet":"max-snippet:-1","max-image-preview":"max-image-preview:large","max-video-preview":"max-video-preview:-1"},"canonical":"https:\/\/medicinasinc.com\/lt\/product\/pirkti-jwh-210-chemikalai-milteliai\/","og_locale":"en_US","og_type":"article","og_title":"Pirkite JWH-210 cheminius miltelius \u2013 geriausius pasaulinius vaistus","og_description":"Pirkite JWH-210 cheminius miltelius, skirtus parduoti internetu JK, Europoje. JWH-210 cheminiai milteliai yra analgetikas i\u0161 naftoilindoli\u0173 \u0161eimos.","og_url":"https:\/\/medicinasinc.com\/lt\/product\/pirkti-jwh-210-chemikalai-milteliai\/","og_site_name":"Medicinas Inc","article_modified_time":"2022-03-20T12:14:14+00:00","og_image":[{"width":600,"height":600,"url":"https:\/\/medicinasinc.com\/lt\/wp-content\/uploads\/sites\/9\/2022\/02\/Buy-JWH-210-Chemical-Powder-Online.jpg","type":"image\/jpeg"}],"twitter_card":"summary_large_image","twitter_misc":{"Est. reading time":"2 minutes"},"schema":{"@context":"https:\/\/schema.org","@graph":[{"@type":"WebPage","@id":"https:\/\/medicinasinc.com\/lt\/product\/pirkti-jwh-210-chemikalai-milteliai\/","url":"https:\/\/medicinasinc.com\/lt\/product\/pirkti-jwh-210-chemikalai-milteliai\/","name":"Pirkite JWH-210 cheminius miltelius \u2013 geriausius pasaulinius vaistus","isPartOf":{"@id":"https:\/\/medicinasinc.com\/lt\/#website"},"primaryImageOfPage":{"@id":"https:\/\/medicinasinc.com\/lt\/product\/pirkti-jwh-210-chemikalai-milteliai\/#primaryimage"},"image":{"@id":"https:\/\/medicinasinc.com\/lt\/product\/pirkti-jwh-210-chemikalai-milteliai\/#primaryimage"},"thumbnailUrl":"https:\/\/medicinasinc.com\/lt\/wp-content\/uploads\/sites\/9\/2022\/02\/Buy-JWH-210-Chemical-Powder-Online.jpg","datePublished":"2022-02-22T01:34:03+00:00","dateModified":"2022-03-20T12:14:14+00:00","description":"Pirkite JWH-210 cheminius miltelius, skirtus parduoti internetu JK, Europoje. JWH-210 cheminiai milteliai yra analgetikas i\u0161 naftoilindoli\u0173 \u0161eimos.","breadcrumb":{"@id":"https:\/\/medicinasinc.com\/lt\/product\/pirkti-jwh-210-chemikalai-milteliai\/#breadcrumb"},"inLanguage":"en-US","potentialAction":[{"@type":"ReadAction","target":["https:\/\/medicinasinc.com\/lt\/product\/pirkti-jwh-210-chemikalai-milteliai\/"]}]},{"@type":"ImageObject","inLanguage":"en-US","@id":"https:\/\/medicinasinc.com\/lt\/product\/pirkti-jwh-210-chemikalai-milteliai\/#primaryimage","url":"https:\/\/medicinasinc.com\/lt\/wp-content\/uploads\/sites\/9\/2022\/02\/Buy-JWH-210-Chemical-Powder-Online.jpg","contentUrl":"https:\/\/medicinasinc.com\/lt\/wp-content\/uploads\/sites\/9\/2022\/02\/Buy-JWH-210-Chemical-Powder-Online.jpg","width":600,"height":600},{"@type":"BreadcrumbList","@id":"https:\/\/medicinasinc.com\/lt\/product\/pirkti-jwh-210-chemikalai-milteliai\/#breadcrumb","itemListElement":[{"@type":"ListItem","position":1,"name":"Parduotuv\u0117","item":"https:\/\/medicinasinc.com\/lt\/parduotuve\/"},{"@type":"ListItem","position":2,"name":"Pirkite JWH-210 cheminius miltelius"}]},{"@type":"WebSite","@id":"https:\/\/medicinasinc.com\/lt\/#website","url":"https:\/\/medicinasinc.com\/lt\/","name":"Medicinas Inc","description":"Sveikatos medicinos klinika","potentialAction":[{"@type":"SearchAction","target":{"@type":"EntryPoint","urlTemplate":"https:\/\/medicinasinc.com\/lt\/?s={search_term_string}"},"query-input":{"@type":"PropertyValueSpecification","valueRequired":true,"valueName":"search_term_string"}}],"inLanguage":"en-US"}]}},"_links":{"self":[{"href":"https:\/\/medicinasinc.com\/lt\/wp-json\/wp\/v2\/product\/5549","targetHints":{"allow":["GET"]}}],"collection":[{"href":"https:\/\/medicinasinc.com\/lt\/wp-json\/wp\/v2\/product"}],"about":[{"href":"https:\/\/medicinasinc.com\/lt\/wp-json\/wp\/v2\/types\/product"}],"replies":[{"embeddable":true,"href":"https:\/\/medicinasinc.com\/lt\/wp-json\/wp\/v2\/comments?post=5549"}],"wp:featuredmedia":[{"embeddable":true,"href":"https:\/\/medicinasinc.com\/lt\/wp-json\/wp\/v2\/media\/5560"}],"wp:attachment":[{"href":"https:\/\/medicinasinc.com\/lt\/wp-json\/wp\/v2\/media?parent=5549"}],"wp:term":[{"taxonomy":"product_brand","embeddable":true,"href":"https:\/\/medicinasinc.com\/lt\/wp-json\/wp\/v2\/product_brand?post=5549"},{"taxonomy":"product_cat","embeddable":true,"href":"https:\/\/medicinasinc.com\/lt\/wp-json\/wp\/v2\/product_cat?post=5549"},{"taxonomy":"product_tag","embeddable":true,"href":"https:\/\/medicinasinc.com\/lt\/wp-json\/wp\/v2\/product_tag?post=5549"}],"curies":[{"name":"wp","href":"https:\/\/api.w.org\/{rel}","templated":true}]}}