{"id":5548,"date":"2022-02-22T01:32:32","date_gmt":"2022-02-22T01:32:32","guid":{"rendered":"https:\/\/medicinasinc.com\/lt\/?post_type=product&#038;p=5548"},"modified":"2022-03-20T12:14:26","modified_gmt":"2022-03-20T12:14:26","slug":"pirkti-jwh-018-chemikalai","status":"publish","type":"product","link":"https:\/\/medicinasinc.com\/lt\/product\/pirkti-jwh-018-chemikalai\/","title":{"rendered":"Pirkite JWH-018 Chemical"},"content":{"rendered":"<p>JWH-018 miltelius galima \u012fsigyti naudojant Western Union \/ MoneyGram arba bitkoinus \u010dia pat, m\u016bs\u0173 svetain\u0117je. Garantuojama, kad jo grynumas yra ne ma\u017eesnis kaip 99,8 proc. Bet kuriai m\u016bs\u0173 tyrim\u0173 chemini\u0173 med\u017eiag\u0173 partijai gali b\u016bti suteiktas analiz\u0117s sertifikatas (COA).<\/p>\n<p>Viename grame JWH-018 kiekviename u\u017esakymo vienete yra ma\u017eiausiai 99,8 % gryno JWH-018.<\/p>\n<p>Parduodamas JWH 018 pur\u0161kalas.<\/p>\n<p>Prie\u0161 prad\u0117dami naudoti JWH-018, nor\u0117tume jums trumpai supa\u017eindinti su CBD.<br \/> Remiantis JAV vie\u0161osios medicinos bibliotekos duomenimis, CBD, trumpinys kanabidiolis, yra sintetin\u0117 chemin\u0117 med\u017eiaga, gaunama i\u0161 Cannabis sativa augalo, kartais vadinamo kanap\u0117mis arba pagalba.<br \/> Produktuose, tokiuose kaip aliejai ir valgomieji produktai, jis naudojamas norint sukelti ramyb\u0117s ir atsipalaidavimo jausm\u0105. Kaip ir jo pusbrolis THC (delta-9-tetrahidrokanabinoidai), CBD neturi psichotropinio poveikio organizmui.<br \/> Naminiame Zest mi\u0161inyje \u201eZest\u201c yra sukurtas kanabinoidas, \u017einomas kaip JWH-018. D\u0117l pana\u0161aus svaiginamojo poveikio kaip 9-THC, \u0161is Zest kanabinoidas naudojamas nelegaliai. Nors JWH-018 yra pastebimai stipresnis u\u017e lygiaver\u010dius kanapi\u0173 matavimus, jis taip pat kelia did\u017eiulius i\u0161\u0161\u016bkius aptikti atliekant standartinius 9-THC testavimo tyrimus. JWH-018<br \/> JWH-018 buvo \u012ftrauktas \u012f DEA susir\u016bpinim\u0105 kelian\u010di\u0173 vaist\u0173 ir sintetini\u0173 med\u017eiag\u0173 s\u0105ra\u0161\u0105 2009 m. liepos m\u0117n. Kai kurios jurisdikcijos \u0117m\u0117si veiksm\u0173, kad u\u017edraust\u0173 \u201eFlavor\u201c (JWH-018) pardavim\u0105 arba nuosavyb\u0117s teis\u0119, \u012fskaitant Alabamos valstij\u0105, Arkanzas\u0105. , D\u017eord\u017eija, Kanzasas, Kentukis, \u0160iaur\u0117s Dakota ir Tenesis, nepaisant prane\u0161t\u0173 Flavor sugavimo Ohajo valstijoje ir Floridoje.<br \/> Kalbant apie jwh-018 pur\u0161kim\u0105, at\u0117jote \u012f tinkam\u0105 viet\u0105, jei norite geriausio. Siun\u010diame auk\u0161tos kokyb\u0117s prekes dideliais kiekiais visame pasaulyje. Pur\u0161kiklis jwh-018 gali b\u016bti j\u016bs\u0173 per ateinan\u010dias penkias darbo dienas, jei u\u017esisakysite dabar. Pirkimas internetu jwh-018.<\/p>\n","protected":false},"excerpt":{"rendered":"<div class=\"woocommerce-product-details__short-description\">\n<p>Svetain\u0117je parduodame JWH-018. Niekada nematytos i\u0161laidos. Dabar galima \u012fsigyti \u201eBest JWH-018 Essence\u201c pur\u0161kiam\u0105 ir milteli\u0173 versij\u0105. Bestglobalmeds.com yra vieta, kur galite nusipirkti JWH-018 internetu.<\/p>\n<p>\u012esigykite JWH-018 i\u0161 patikimo ma\u017emenininko internetu. Norite \u012fsigyti kokybi\u0161k\u0105 jwh-018 u\u017e pigi\u0105 kain\u0105. U\u017esisakykite i\u0161 m\u016bs\u0173 ir prisijunkite prie patenkint\u0173 klient\u0173.<\/p>\n<p>JWH-018<\/p>\n<p>Produktas visi\u0161kai naujas.<\/p>\n<p>Pirkite JWH-018<\/p>\n<p>Veiklioji med\u017eiaga:<br \/> Aktyvus po:<br \/> Veikimo laikas:<br \/> Vienas u\u017esakymo vienetas:<\/p>\n<p>JWH-018<br \/> 20-30 min. po naudojimo<br \/> 4-5 val.<br \/> 1g min 99<\/p>\n<\/p><\/div>\n","protected":false},"featured_media":5558,"comment_status":"open","ping_status":"closed","template":"","meta":[],"product_brand":[],"product_cat":[2014],"product_tag":[3050,3053,3054,3055,3063,3067,3064,3058,3056,3060,3061,3065,3062,3059,3066,3068,3057,3051,3052,3069],"class_list":{"0":"post-5548","1":"product","2":"type-product","3":"status-publish","4":"has-post-thumbnail","6":"product_cat-pirkti-tyrineti-chemikalai","7":"product_tag-buy-jwh-018","8":"product_tag-how-to-make-jwh-018-spray","9":"product_tag-jwh-milteliai","10":"product_tag-jwh-018-alternatyva","11":"product_tag-jwh-018-apvalga","12":"product_tag-jwh-018-didmenin-prekyba","13":"product_tag-jwh-018-pardavimas","14":"product_tag-jwh-018-pirkti-internetu","15":"product_tag-jwh-018-buy","16":"product_tag-jwh-018-powder-price","17":"product_tag-jwh-018-price","18":"product_tag-jwh-018-spray-for-sale-uk","19":"product_tag-jwh-018-reddit","20":"product_tag-jwh-018-word","21":"product_tag-jwh-018-walmart","22":"product_tag-jwh-250-spray","23":"product_tag-jwh-018-parduodamas","24":"product_tag-pirkti-jwh-018-chemikalai","25":"product_tag-pirkti-jwh-018-milteliai","26":"product_tag-produktai-kuriuose-yra-jwh-018","28":"first","29":"instock","30":"shipping-taxable","31":"purchasable","32":"product-type-variable","33":"has-default-attributes"},"yoast_head":"<!-- This site is optimized with the Yoast SEO plugin v27.3 - https:\/\/yoast.com\/product\/yoast-seo-wordpress\/ -->\n<title>Pirkite JWH-018 Chemical \u2013 JWH-018 Chemical internetu \u2013 geriausi pasaulyje vaistai<\/title>\n<meta name=\"description\" content=\"Pirkite JWH-018 Chemical Powder JK, JAE, Europoje, Kinijoje m\u016bs\u0173 Bestglobalmeds.com internetin\u0117je parduotuv\u0117je su greitu pristatymu visame pasaulyje! Geriausi\u0105 JWH-018 u\u017esakymui rasite \u010dia!\" \/>\n<meta name=\"robots\" content=\"index, follow, max-snippet:-1, max-image-preview:large, max-video-preview:-1\" \/>\n<link rel=\"canonical\" href=\"https:\/\/medicinasinc.com\/lt\/product\/pirkti-jwh-018-chemikalai\/\" \/>\n<meta property=\"og:locale\" content=\"en_US\" \/>\n<meta property=\"og:type\" content=\"article\" \/>\n<meta property=\"og:title\" content=\"Pirkite JWH-018 Chemical \u2013 JWH-018 Chemical internetu \u2013 geriausi pasaulyje vaistai\" \/>\n<meta property=\"og:description\" content=\"Pirkite JWH-018 Chemical Powder JK, JAE, Europoje, Kinijoje m\u016bs\u0173 Bestglobalmeds.com internetin\u0117je parduotuv\u0117je su greitu pristatymu visame pasaulyje! Geriausi\u0105 JWH-018 u\u017esakymui rasite \u010dia!\" \/>\n<meta property=\"og:url\" content=\"https:\/\/medicinasinc.com\/lt\/product\/pirkti-jwh-018-chemikalai\/\" \/>\n<meta property=\"og:site_name\" content=\"Medicinas Inc\" \/>\n<meta property=\"article:modified_time\" content=\"2022-03-20T12:14:26+00:00\" \/>\n<meta property=\"og:image\" content=\"https:\/\/medicinasinc.com\/lt\/wp-content\/uploads\/sites\/9\/2022\/02\/Buy-JWH-018-Chemical.jpg\" \/>\n\t<meta property=\"og:image:width\" content=\"593\" \/>\n\t<meta property=\"og:image:height\" content=\"400\" \/>\n\t<meta property=\"og:image:type\" content=\"image\/jpeg\" \/>\n<meta name=\"twitter:card\" content=\"summary_large_image\" \/>\n<meta name=\"twitter:label1\" content=\"Est. reading time\" \/>\n\t<meta name=\"twitter:data1\" content=\"2 minutes\" \/>\n<script type=\"application\/ld+json\" class=\"yoast-schema-graph\">{\"@context\":\"https:\\\/\\\/schema.org\",\"@graph\":[{\"@type\":\"WebPage\",\"@id\":\"https:\\\/\\\/medicinasinc.com\\\/lt\\\/product\\\/pirkti-jwh-018-chemikalai\\\/\",\"url\":\"https:\\\/\\\/medicinasinc.com\\\/lt\\\/product\\\/pirkti-jwh-018-chemikalai\\\/\",\"name\":\"Pirkite JWH-018 Chemical \u2013 JWH-018 Chemical internetu \u2013 geriausi pasaulyje vaistai\",\"isPartOf\":{\"@id\":\"https:\\\/\\\/medicinasinc.com\\\/lt\\\/#website\"},\"primaryImageOfPage\":{\"@id\":\"https:\\\/\\\/medicinasinc.com\\\/lt\\\/product\\\/pirkti-jwh-018-chemikalai\\\/#primaryimage\"},\"image\":{\"@id\":\"https:\\\/\\\/medicinasinc.com\\\/lt\\\/product\\\/pirkti-jwh-018-chemikalai\\\/#primaryimage\"},\"thumbnailUrl\":\"https:\\\/\\\/medicinasinc.com\\\/lt\\\/wp-content\\\/uploads\\\/sites\\\/9\\\/2022\\\/02\\\/Buy-JWH-018-Chemical.jpg\",\"datePublished\":\"2022-02-22T01:32:32+00:00\",\"dateModified\":\"2022-03-20T12:14:26+00:00\",\"description\":\"Pirkite JWH-018 Chemical Powder JK, JAE, Europoje, Kinijoje m\u016bs\u0173 Bestglobalmeds.com internetin\u0117je parduotuv\u0117je su greitu pristatymu visame pasaulyje! Geriausi\u0105 JWH-018 u\u017esakymui rasite \u010dia!\",\"breadcrumb\":{\"@id\":\"https:\\\/\\\/medicinasinc.com\\\/lt\\\/product\\\/pirkti-jwh-018-chemikalai\\\/#breadcrumb\"},\"inLanguage\":\"en-US\",\"potentialAction\":[{\"@type\":\"ReadAction\",\"target\":[\"https:\\\/\\\/medicinasinc.com\\\/lt\\\/product\\\/pirkti-jwh-018-chemikalai\\\/\"]}]},{\"@type\":\"ImageObject\",\"inLanguage\":\"en-US\",\"@id\":\"https:\\\/\\\/medicinasinc.com\\\/lt\\\/product\\\/pirkti-jwh-018-chemikalai\\\/#primaryimage\",\"url\":\"https:\\\/\\\/medicinasinc.com\\\/lt\\\/wp-content\\\/uploads\\\/sites\\\/9\\\/2022\\\/02\\\/Buy-JWH-018-Chemical.jpg\",\"contentUrl\":\"https:\\\/\\\/medicinasinc.com\\\/lt\\\/wp-content\\\/uploads\\\/sites\\\/9\\\/2022\\\/02\\\/Buy-JWH-018-Chemical.jpg\",\"width\":593,\"height\":400},{\"@type\":\"BreadcrumbList\",\"@id\":\"https:\\\/\\\/medicinasinc.com\\\/lt\\\/product\\\/pirkti-jwh-018-chemikalai\\\/#breadcrumb\",\"itemListElement\":[{\"@type\":\"ListItem\",\"position\":1,\"name\":\"Parduotuv\u0117\",\"item\":\"https:\\\/\\\/medicinasinc.com\\\/lt\\\/parduotuve\\\/\"},{\"@type\":\"ListItem\",\"position\":2,\"name\":\"Pirkite JWH-018 Chemical\"}]},{\"@type\":\"WebSite\",\"@id\":\"https:\\\/\\\/medicinasinc.com\\\/lt\\\/#website\",\"url\":\"https:\\\/\\\/medicinasinc.com\\\/lt\\\/\",\"name\":\"Medicinas Inc\",\"description\":\"Sveikatos medicinos klinika\",\"potentialAction\":[{\"@type\":\"SearchAction\",\"target\":{\"@type\":\"EntryPoint\",\"urlTemplate\":\"https:\\\/\\\/medicinasinc.com\\\/lt\\\/?s={search_term_string}\"},\"query-input\":{\"@type\":\"PropertyValueSpecification\",\"valueRequired\":true,\"valueName\":\"search_term_string\"}}],\"inLanguage\":\"en-US\"}]}<\/script>\n<!-- \/ Yoast SEO plugin. -->","yoast_head_json":{"title":"Pirkite JWH-018 Chemical \u2013 JWH-018 Chemical internetu \u2013 geriausi pasaulyje vaistai","description":"Pirkite JWH-018 Chemical Powder JK, JAE, Europoje, Kinijoje m\u016bs\u0173 Bestglobalmeds.com internetin\u0117je parduotuv\u0117je su greitu pristatymu visame pasaulyje! Geriausi\u0105 JWH-018 u\u017esakymui rasite \u010dia!","robots":{"index":"index","follow":"follow","max-snippet":"max-snippet:-1","max-image-preview":"max-image-preview:large","max-video-preview":"max-video-preview:-1"},"canonical":"https:\/\/medicinasinc.com\/lt\/product\/pirkti-jwh-018-chemikalai\/","og_locale":"en_US","og_type":"article","og_title":"Pirkite JWH-018 Chemical \u2013 JWH-018 Chemical internetu \u2013 geriausi pasaulyje vaistai","og_description":"Pirkite JWH-018 Chemical Powder JK, JAE, Europoje, Kinijoje m\u016bs\u0173 Bestglobalmeds.com internetin\u0117je parduotuv\u0117je su greitu pristatymu visame pasaulyje! Geriausi\u0105 JWH-018 u\u017esakymui rasite \u010dia!","og_url":"https:\/\/medicinasinc.com\/lt\/product\/pirkti-jwh-018-chemikalai\/","og_site_name":"Medicinas Inc","article_modified_time":"2022-03-20T12:14:26+00:00","og_image":[{"width":593,"height":400,"url":"https:\/\/medicinasinc.com\/lt\/wp-content\/uploads\/sites\/9\/2022\/02\/Buy-JWH-018-Chemical.jpg","type":"image\/jpeg"}],"twitter_card":"summary_large_image","twitter_misc":{"Est. reading time":"2 minutes"},"schema":{"@context":"https:\/\/schema.org","@graph":[{"@type":"WebPage","@id":"https:\/\/medicinasinc.com\/lt\/product\/pirkti-jwh-018-chemikalai\/","url":"https:\/\/medicinasinc.com\/lt\/product\/pirkti-jwh-018-chemikalai\/","name":"Pirkite JWH-018 Chemical \u2013 JWH-018 Chemical internetu \u2013 geriausi pasaulyje vaistai","isPartOf":{"@id":"https:\/\/medicinasinc.com\/lt\/#website"},"primaryImageOfPage":{"@id":"https:\/\/medicinasinc.com\/lt\/product\/pirkti-jwh-018-chemikalai\/#primaryimage"},"image":{"@id":"https:\/\/medicinasinc.com\/lt\/product\/pirkti-jwh-018-chemikalai\/#primaryimage"},"thumbnailUrl":"https:\/\/medicinasinc.com\/lt\/wp-content\/uploads\/sites\/9\/2022\/02\/Buy-JWH-018-Chemical.jpg","datePublished":"2022-02-22T01:32:32+00:00","dateModified":"2022-03-20T12:14:26+00:00","description":"Pirkite JWH-018 Chemical Powder JK, JAE, Europoje, Kinijoje m\u016bs\u0173 Bestglobalmeds.com internetin\u0117je parduotuv\u0117je su greitu pristatymu visame pasaulyje! Geriausi\u0105 JWH-018 u\u017esakymui rasite \u010dia!","breadcrumb":{"@id":"https:\/\/medicinasinc.com\/lt\/product\/pirkti-jwh-018-chemikalai\/#breadcrumb"},"inLanguage":"en-US","potentialAction":[{"@type":"ReadAction","target":["https:\/\/medicinasinc.com\/lt\/product\/pirkti-jwh-018-chemikalai\/"]}]},{"@type":"ImageObject","inLanguage":"en-US","@id":"https:\/\/medicinasinc.com\/lt\/product\/pirkti-jwh-018-chemikalai\/#primaryimage","url":"https:\/\/medicinasinc.com\/lt\/wp-content\/uploads\/sites\/9\/2022\/02\/Buy-JWH-018-Chemical.jpg","contentUrl":"https:\/\/medicinasinc.com\/lt\/wp-content\/uploads\/sites\/9\/2022\/02\/Buy-JWH-018-Chemical.jpg","width":593,"height":400},{"@type":"BreadcrumbList","@id":"https:\/\/medicinasinc.com\/lt\/product\/pirkti-jwh-018-chemikalai\/#breadcrumb","itemListElement":[{"@type":"ListItem","position":1,"name":"Parduotuv\u0117","item":"https:\/\/medicinasinc.com\/lt\/parduotuve\/"},{"@type":"ListItem","position":2,"name":"Pirkite JWH-018 Chemical"}]},{"@type":"WebSite","@id":"https:\/\/medicinasinc.com\/lt\/#website","url":"https:\/\/medicinasinc.com\/lt\/","name":"Medicinas Inc","description":"Sveikatos medicinos klinika","potentialAction":[{"@type":"SearchAction","target":{"@type":"EntryPoint","urlTemplate":"https:\/\/medicinasinc.com\/lt\/?s={search_term_string}"},"query-input":{"@type":"PropertyValueSpecification","valueRequired":true,"valueName":"search_term_string"}}],"inLanguage":"en-US"}]}},"_links":{"self":[{"href":"https:\/\/medicinasinc.com\/lt\/wp-json\/wp\/v2\/product\/5548","targetHints":{"allow":["GET"]}}],"collection":[{"href":"https:\/\/medicinasinc.com\/lt\/wp-json\/wp\/v2\/product"}],"about":[{"href":"https:\/\/medicinasinc.com\/lt\/wp-json\/wp\/v2\/types\/product"}],"replies":[{"embeddable":true,"href":"https:\/\/medicinasinc.com\/lt\/wp-json\/wp\/v2\/comments?post=5548"}],"wp:featuredmedia":[{"embeddable":true,"href":"https:\/\/medicinasinc.com\/lt\/wp-json\/wp\/v2\/media\/5558"}],"wp:attachment":[{"href":"https:\/\/medicinasinc.com\/lt\/wp-json\/wp\/v2\/media?parent=5548"}],"wp:term":[{"taxonomy":"product_brand","embeddable":true,"href":"https:\/\/medicinasinc.com\/lt\/wp-json\/wp\/v2\/product_brand?post=5548"},{"taxonomy":"product_cat","embeddable":true,"href":"https:\/\/medicinasinc.com\/lt\/wp-json\/wp\/v2\/product_cat?post=5548"},{"taxonomy":"product_tag","embeddable":true,"href":"https:\/\/medicinasinc.com\/lt\/wp-json\/wp\/v2\/product_tag?post=5548"}],"curies":[{"name":"wp","href":"https:\/\/api.w.org\/{rel}","templated":true}]}}