{"id":5547,"date":"2022-02-22T01:30:48","date_gmt":"2022-02-22T01:30:48","guid":{"rendered":"https:\/\/medicinasinc.com\/lt\/?post_type=product&#038;p=5547"},"modified":"2022-03-20T12:14:34","modified_gmt":"2022-03-20T12:14:34","slug":"pirkti-jwh-200-chemikalai","status":"publish","type":"product","link":"https:\/\/medicinasinc.com\/lt\/product\/pirkti-jwh-200-chemikalai\/","title":{"rendered":"Pirkite JWH-200 Chemical"},"content":{"rendered":"<p>Teirautis d\u0117l chemin\u0117s med\u017eiagos JWH-200 \u012fsigijimo<\/p>\n<p>Naftoilindolio \u0161eimoje AM-678 (1-pentil-3-(1-naftoil)indolas) yra analgetikas, kuris yra visi\u0161kas agonistas tiek CB1, tiek CB2 kanabinoid\u0173 receptorius, \u0161iek tiek teikiant pirmenyb\u0119 CB2 receptoriams. Jis naudojamas sintetiniuose kanapi\u0173 produktuose, kai kuriose \u0161alyse legaliai parduodamuose kaip \u201esmilkal\u0173 mi\u0161iniai\u201c, nes jo poveikis gyv\u016bnams yra pana\u0161us \u012f tetrahidrokanabinolio (THC), nat\u016braliai kanap\u0117se esan\u010dio kanabinoido, poveik\u012f. Tiriamieji chemikalai JWH-200<\/p>\n<p>Naudojant Wistar \u017eiurkes, kurioms buvo duotas etanolinis ekstraktas, kurio sud\u0117tyje yra JWH-200, buvo tiriamas vaisto metabolinis aktyvumas. Po to JWH-200 metabolitai buvo i\u0161gauti i\u0161 24 valand\u0173 \u0161lapimo m\u0117gini\u0173, naudojant tiek skyst\u0105, tiek kiet\u0105 atskyrimo faz\u0119. Ekstrahuotos chemin\u0117s med\u017eiagos buvo atskirtos ir identifikuotos naudojant GC-MS. Pagrindinis signalas buvo hidroksilinti N-dealkilinti metabolitai, o ne JWH-200 ar jo N-dealkilintas metabolitas. Pasteb\u0117tas mas\u0117s poslinkis rodo, kad molekul\u0117s naftaleno ir indolo hidroksilo grup\u0117s grei\u010diausiai bus hidroksilintos. Hidroksilinti metabolitai \u017emon\u0117ms buvo pla\u010diai konjuguoti su gliukuronidu, nors indolo \u017eiedas ir pentilo \u0161onin\u0117 grandin\u0117 buvo pagrindin\u0117s metabolizmo vietos.<\/p>\n<p>JWH-200 cheminis panaudojimas moksliniams tyrimams<\/p>\n<p>\u017diniasklaida prane\u0161\u0117 apie bent vien\u0105 priklausomyb\u0117s nuo JWH-200 atvej\u012f. A\u0161tuonis m\u0117nesius vartotojas kasdien g\u0117r\u0117 JWH-018. Palyginti su priklausomyb\u0117s nuo kanapi\u0173 padariniais, abstinencijos simptomai \u010dia buvo sunkesni. \u012erodyta, kad po gydymo JWH-200 sukelia reik\u0161mingus CB1 receptori\u0173 tankio poky\u010dius. Re\u010diau nei pana\u0161\u016bs kanabinoidai sukelia tolerancij\u0105 jo poveikiui.<\/p>\n","protected":false},"excerpt":{"rendered":"<div class=\"woocommerce-product-details__short-description\">\n<p>Pirkite JWH-200 cheminius miltelius\u00a0parduodami JK ir Europoje internetu. (1-(2-morfolin-4-iletil)indol-3-il)-naftalen-1-ilmetanonas yra kitas pavadinimas. Ateik ir nusipirk dabar!. Turime geriausi\u0105 atskir\u0105 pakavimo ir pristatymo b\u016bd\u0105.<\/p>\n<\/p><\/div>\n","protected":false},"featured_media":5556,"comment_status":"open","ping_status":"closed","template":"","meta":[],"product_brand":[],"product_cat":[2014],"product_tag":[3029,3032,3048,3034,3035,3043,3038,3037,3042,3040,3044,3041,3046,3047,3033,3049,3045,3039,3030,3031,3036],"class_list":{"0":"post-5547","1":"product","2":"type-product","3":"status-publish","4":"has-post-thumbnail","6":"product_cat-pirkti-tyrineti-chemikalai","7":"product_tag-am-2233","8":"product_tag-buy-jwh-200-research-chemicals","9":"product_tag-pirkti-jwh-200-tyrimams-chemikalai","10":"product_tag-jwh-018","11":"product_tag-jwh-073","12":"product_tag-jwh-200-apvalga","13":"product_tag-jwh-200-efektai","14":"product_tag-jwh-200-efektas","15":"product_tag-jwh-200-mamenin-prekyba","16":"product_tag-jwh-200-order","17":"product_tag-jwh-200-pardavimas","18":"product_tag-jwh-200-reddit","19":"product_tag-jwh-200-wholesale","20":"product_tag-jwh-250","21":"product_tag-kaip-u-c5-besisakyti-jwh-200-online","22":"product_tag-kur-usisakyti-jwh-200-tyrimams-chemikalai","23":"product_tag-jwh-200-parduodu","24":"product_tag-parduodu-jwh-200","25":"product_tag-pirkti-jwh-200-chemikalai","26":"product_tag-pirkti-jwh-200-internetu","27":"product_tag-jwh-200-pirkti","29":"first","30":"instock","31":"shipping-taxable","32":"purchasable","33":"product-type-variable","34":"has-default-attributes"},"yoast_head":"<!-- This site is optimized with the Yoast SEO plugin v27.3 - https:\/\/yoast.com\/product\/yoast-seo-wordpress\/ -->\n<title>Pirkite JWH-200 Chemical \u2013 JWH-200 Chemical \u2013 geriausius pasaulinius vaistus<\/title>\n<meta name=\"description\" content=\"Pirkite JWH-200 cheminius miltelius\u00a0pardavimui JK ir Europoje internetu. (1-(2-morfolin-4-iletil)indol-3-il)-naftalen-1-ilmetanonas yra kitas pavadinimas. Ateik ir nusipirk dabar!. Mes turime geriausi\u0105 atskir\u0105 pakavimo ir pristatymo b\u016bd\u0105.\" \/>\n<meta name=\"robots\" content=\"index, follow, max-snippet:-1, max-image-preview:large, max-video-preview:-1\" \/>\n<link rel=\"canonical\" href=\"https:\/\/medicinasinc.com\/lt\/product\/pirkti-jwh-200-chemikalai\/\" \/>\n<meta property=\"og:locale\" content=\"en_US\" \/>\n<meta property=\"og:type\" content=\"article\" \/>\n<meta property=\"og:title\" content=\"Pirkite JWH-200 Chemical \u2013 JWH-200 Chemical \u2013 geriausius pasaulinius vaistus\" \/>\n<meta property=\"og:description\" content=\"Pirkite JWH-200 cheminius miltelius\u00a0pardavimui JK ir Europoje internetu. (1-(2-morfolin-4-iletil)indol-3-il)-naftalen-1-ilmetanonas yra kitas pavadinimas. Ateik ir nusipirk dabar!. Mes turime geriausi\u0105 atskir\u0105 pakavimo ir pristatymo b\u016bd\u0105.\" \/>\n<meta property=\"og:url\" content=\"https:\/\/medicinasinc.com\/lt\/product\/pirkti-jwh-200-chemikalai\/\" \/>\n<meta property=\"og:site_name\" content=\"Medicinas Inc\" \/>\n<meta property=\"article:modified_time\" content=\"2022-03-20T12:14:34+00:00\" \/>\n<meta property=\"og:image\" content=\"https:\/\/medicinasinc.com\/lt\/wp-content\/uploads\/sites\/9\/2022\/02\/Buy-JWH-200-Chemical.jpg\" \/>\n\t<meta property=\"og:image:width\" content=\"458\" \/>\n\t<meta property=\"og:image:height\" content=\"458\" \/>\n\t<meta property=\"og:image:type\" content=\"image\/jpeg\" \/>\n<meta name=\"twitter:card\" content=\"summary_large_image\" \/>\n<meta name=\"twitter:label1\" content=\"Est. reading time\" \/>\n\t<meta name=\"twitter:data1\" content=\"2 minutes\" \/>\n<script type=\"application\/ld+json\" class=\"yoast-schema-graph\">{\"@context\":\"https:\\\/\\\/schema.org\",\"@graph\":[{\"@type\":\"WebPage\",\"@id\":\"https:\\\/\\\/medicinasinc.com\\\/lt\\\/product\\\/pirkti-jwh-200-chemikalai\\\/\",\"url\":\"https:\\\/\\\/medicinasinc.com\\\/lt\\\/product\\\/pirkti-jwh-200-chemikalai\\\/\",\"name\":\"Pirkite JWH-200 Chemical \u2013 JWH-200 Chemical \u2013 geriausius pasaulinius vaistus\",\"isPartOf\":{\"@id\":\"https:\\\/\\\/medicinasinc.com\\\/lt\\\/#website\"},\"primaryImageOfPage\":{\"@id\":\"https:\\\/\\\/medicinasinc.com\\\/lt\\\/product\\\/pirkti-jwh-200-chemikalai\\\/#primaryimage\"},\"image\":{\"@id\":\"https:\\\/\\\/medicinasinc.com\\\/lt\\\/product\\\/pirkti-jwh-200-chemikalai\\\/#primaryimage\"},\"thumbnailUrl\":\"https:\\\/\\\/medicinasinc.com\\\/lt\\\/wp-content\\\/uploads\\\/sites\\\/9\\\/2022\\\/02\\\/Buy-JWH-200-Chemical.jpg\",\"datePublished\":\"2022-02-22T01:30:48+00:00\",\"dateModified\":\"2022-03-20T12:14:34+00:00\",\"description\":\"Pirkite JWH-200 cheminius miltelius\u00a0pardavimui JK ir Europoje internetu. (1-(2-morfolin-4-iletil)indol-3-il)-naftalen-1-ilmetanonas yra kitas pavadinimas. Ateik ir nusipirk dabar!. Mes turime geriausi\u0105 atskir\u0105 pakavimo ir pristatymo b\u016bd\u0105.\",\"breadcrumb\":{\"@id\":\"https:\\\/\\\/medicinasinc.com\\\/lt\\\/product\\\/pirkti-jwh-200-chemikalai\\\/#breadcrumb\"},\"inLanguage\":\"en-US\",\"potentialAction\":[{\"@type\":\"ReadAction\",\"target\":[\"https:\\\/\\\/medicinasinc.com\\\/lt\\\/product\\\/pirkti-jwh-200-chemikalai\\\/\"]}]},{\"@type\":\"ImageObject\",\"inLanguage\":\"en-US\",\"@id\":\"https:\\\/\\\/medicinasinc.com\\\/lt\\\/product\\\/pirkti-jwh-200-chemikalai\\\/#primaryimage\",\"url\":\"https:\\\/\\\/medicinasinc.com\\\/lt\\\/wp-content\\\/uploads\\\/sites\\\/9\\\/2022\\\/02\\\/Buy-JWH-200-Chemical.jpg\",\"contentUrl\":\"https:\\\/\\\/medicinasinc.com\\\/lt\\\/wp-content\\\/uploads\\\/sites\\\/9\\\/2022\\\/02\\\/Buy-JWH-200-Chemical.jpg\",\"width\":458,\"height\":458},{\"@type\":\"BreadcrumbList\",\"@id\":\"https:\\\/\\\/medicinasinc.com\\\/lt\\\/product\\\/pirkti-jwh-200-chemikalai\\\/#breadcrumb\",\"itemListElement\":[{\"@type\":\"ListItem\",\"position\":1,\"name\":\"Parduotuv\u0117\",\"item\":\"https:\\\/\\\/medicinasinc.com\\\/lt\\\/parduotuve\\\/\"},{\"@type\":\"ListItem\",\"position\":2,\"name\":\"Pirkite JWH-200 Chemical\"}]},{\"@type\":\"WebSite\",\"@id\":\"https:\\\/\\\/medicinasinc.com\\\/lt\\\/#website\",\"url\":\"https:\\\/\\\/medicinasinc.com\\\/lt\\\/\",\"name\":\"Medicinas Inc\",\"description\":\"Sveikatos medicinos klinika\",\"potentialAction\":[{\"@type\":\"SearchAction\",\"target\":{\"@type\":\"EntryPoint\",\"urlTemplate\":\"https:\\\/\\\/medicinasinc.com\\\/lt\\\/?s={search_term_string}\"},\"query-input\":{\"@type\":\"PropertyValueSpecification\",\"valueRequired\":true,\"valueName\":\"search_term_string\"}}],\"inLanguage\":\"en-US\"}]}<\/script>\n<!-- \/ Yoast SEO plugin. -->","yoast_head_json":{"title":"Pirkite JWH-200 Chemical \u2013 JWH-200 Chemical \u2013 geriausius pasaulinius vaistus","description":"Pirkite JWH-200 cheminius miltelius\u00a0pardavimui JK ir Europoje internetu. (1-(2-morfolin-4-iletil)indol-3-il)-naftalen-1-ilmetanonas yra kitas pavadinimas. Ateik ir nusipirk dabar!. Mes turime geriausi\u0105 atskir\u0105 pakavimo ir pristatymo b\u016bd\u0105.","robots":{"index":"index","follow":"follow","max-snippet":"max-snippet:-1","max-image-preview":"max-image-preview:large","max-video-preview":"max-video-preview:-1"},"canonical":"https:\/\/medicinasinc.com\/lt\/product\/pirkti-jwh-200-chemikalai\/","og_locale":"en_US","og_type":"article","og_title":"Pirkite JWH-200 Chemical \u2013 JWH-200 Chemical \u2013 geriausius pasaulinius vaistus","og_description":"Pirkite JWH-200 cheminius miltelius\u00a0pardavimui JK ir Europoje internetu. (1-(2-morfolin-4-iletil)indol-3-il)-naftalen-1-ilmetanonas yra kitas pavadinimas. Ateik ir nusipirk dabar!. Mes turime geriausi\u0105 atskir\u0105 pakavimo ir pristatymo b\u016bd\u0105.","og_url":"https:\/\/medicinasinc.com\/lt\/product\/pirkti-jwh-200-chemikalai\/","og_site_name":"Medicinas Inc","article_modified_time":"2022-03-20T12:14:34+00:00","og_image":[{"width":458,"height":458,"url":"https:\/\/medicinasinc.com\/lt\/wp-content\/uploads\/sites\/9\/2022\/02\/Buy-JWH-200-Chemical.jpg","type":"image\/jpeg"}],"twitter_card":"summary_large_image","twitter_misc":{"Est. reading time":"2 minutes"},"schema":{"@context":"https:\/\/schema.org","@graph":[{"@type":"WebPage","@id":"https:\/\/medicinasinc.com\/lt\/product\/pirkti-jwh-200-chemikalai\/","url":"https:\/\/medicinasinc.com\/lt\/product\/pirkti-jwh-200-chemikalai\/","name":"Pirkite JWH-200 Chemical \u2013 JWH-200 Chemical \u2013 geriausius pasaulinius vaistus","isPartOf":{"@id":"https:\/\/medicinasinc.com\/lt\/#website"},"primaryImageOfPage":{"@id":"https:\/\/medicinasinc.com\/lt\/product\/pirkti-jwh-200-chemikalai\/#primaryimage"},"image":{"@id":"https:\/\/medicinasinc.com\/lt\/product\/pirkti-jwh-200-chemikalai\/#primaryimage"},"thumbnailUrl":"https:\/\/medicinasinc.com\/lt\/wp-content\/uploads\/sites\/9\/2022\/02\/Buy-JWH-200-Chemical.jpg","datePublished":"2022-02-22T01:30:48+00:00","dateModified":"2022-03-20T12:14:34+00:00","description":"Pirkite JWH-200 cheminius miltelius\u00a0pardavimui JK ir Europoje internetu. (1-(2-morfolin-4-iletil)indol-3-il)-naftalen-1-ilmetanonas yra kitas pavadinimas. Ateik ir nusipirk dabar!. Mes turime geriausi\u0105 atskir\u0105 pakavimo ir pristatymo b\u016bd\u0105.","breadcrumb":{"@id":"https:\/\/medicinasinc.com\/lt\/product\/pirkti-jwh-200-chemikalai\/#breadcrumb"},"inLanguage":"en-US","potentialAction":[{"@type":"ReadAction","target":["https:\/\/medicinasinc.com\/lt\/product\/pirkti-jwh-200-chemikalai\/"]}]},{"@type":"ImageObject","inLanguage":"en-US","@id":"https:\/\/medicinasinc.com\/lt\/product\/pirkti-jwh-200-chemikalai\/#primaryimage","url":"https:\/\/medicinasinc.com\/lt\/wp-content\/uploads\/sites\/9\/2022\/02\/Buy-JWH-200-Chemical.jpg","contentUrl":"https:\/\/medicinasinc.com\/lt\/wp-content\/uploads\/sites\/9\/2022\/02\/Buy-JWH-200-Chemical.jpg","width":458,"height":458},{"@type":"BreadcrumbList","@id":"https:\/\/medicinasinc.com\/lt\/product\/pirkti-jwh-200-chemikalai\/#breadcrumb","itemListElement":[{"@type":"ListItem","position":1,"name":"Parduotuv\u0117","item":"https:\/\/medicinasinc.com\/lt\/parduotuve\/"},{"@type":"ListItem","position":2,"name":"Pirkite JWH-200 Chemical"}]},{"@type":"WebSite","@id":"https:\/\/medicinasinc.com\/lt\/#website","url":"https:\/\/medicinasinc.com\/lt\/","name":"Medicinas Inc","description":"Sveikatos medicinos klinika","potentialAction":[{"@type":"SearchAction","target":{"@type":"EntryPoint","urlTemplate":"https:\/\/medicinasinc.com\/lt\/?s={search_term_string}"},"query-input":{"@type":"PropertyValueSpecification","valueRequired":true,"valueName":"search_term_string"}}],"inLanguage":"en-US"}]}},"_links":{"self":[{"href":"https:\/\/medicinasinc.com\/lt\/wp-json\/wp\/v2\/product\/5547","targetHints":{"allow":["GET"]}}],"collection":[{"href":"https:\/\/medicinasinc.com\/lt\/wp-json\/wp\/v2\/product"}],"about":[{"href":"https:\/\/medicinasinc.com\/lt\/wp-json\/wp\/v2\/types\/product"}],"replies":[{"embeddable":true,"href":"https:\/\/medicinasinc.com\/lt\/wp-json\/wp\/v2\/comments?post=5547"}],"wp:featuredmedia":[{"embeddable":true,"href":"https:\/\/medicinasinc.com\/lt\/wp-json\/wp\/v2\/media\/5556"}],"wp:attachment":[{"href":"https:\/\/medicinasinc.com\/lt\/wp-json\/wp\/v2\/media?parent=5547"}],"wp:term":[{"taxonomy":"product_brand","embeddable":true,"href":"https:\/\/medicinasinc.com\/lt\/wp-json\/wp\/v2\/product_brand?post=5547"},{"taxonomy":"product_cat","embeddable":true,"href":"https:\/\/medicinasinc.com\/lt\/wp-json\/wp\/v2\/product_cat?post=5547"},{"taxonomy":"product_tag","embeddable":true,"href":"https:\/\/medicinasinc.com\/lt\/wp-json\/wp\/v2\/product_tag?post=5547"}],"curies":[{"name":"wp","href":"https:\/\/api.w.org\/{rel}","templated":true}]}}