{"id":5523,"date":"2022-02-22T01:06:52","date_gmt":"2022-02-22T01:06:52","guid":{"rendered":"https:\/\/medicinasinc.com\/lt\/?post_type=product&#038;p=5523"},"modified":"2022-03-20T12:14:42","modified_gmt":"2022-03-20T12:14:42","slug":"pirkti-hdep-28-novonas-etilnaftidatas","status":"publish","type":"product","link":"https:\/\/medicinasinc.com\/lt\/product\/pirkti-hdep-28-novonas-etilnaftidatas\/","title":{"rendered":"Pirkite hdep-28 nauj\u0105 etilnaftidat\u0105"},"content":{"rendered":"<p>Parduodamas etilnaftidatas HDEP-28<\/p>\n<p>3,4-metilendioksi-N-etilkatinonas da\u017enai minimas kaip entaktogeninis energijos \u0161altinis. 1-(1,3-benzodioksol-5-il)-2-(etilamino)-1-propanonas yra etilono pavadinimas. \u012eprasta C12H15NO3 mas\u0117 yra 221,251999 Da, o monoizotopin\u0117 mas\u0117 yra 221,104996 Da. Tai yra subranduolin\u0117 formul\u0117. Pirkite kini\u0161k\u0105 etilen\u0105. Etilonas yra ne\u012fkainojamas brangakmenis, kur\u012f galima nusipirkti. Galima nusipirkti etileno brangakmeni\u0173. Etilono tiek\u0117jas. Etilonas parduodamas. nuolaida Ethylone<\/p>\n<p>ACD\/Labs ir ChemAxon bendradarbiavo atlikdami Ethylone vertinim\u0105. Kalbant apie savybes, kurias numat\u0117 ACD\/Labs, jie rado keturis #H saugumo akceptorius, keturis #Laisvai besisukan\u010dius vertybinius popierius, l\u016b\u017eio rekord\u0105 1,54 su pavir\u0161iaus spaudimo koeficientu 44,3470001220703dyne\/cm, sprogimo motyvacij\u0105 172,845 \u00b0C ir 362,188\u00b0C apribojimas esant 760 mmHg.<\/p>\n<p>Tai da\u017enas rei\u0161kinys logikos ir mokslin\u0117je programin\u0117je \u012frangoje.<\/p>\n<p>\u0160is gaminys buvo sukurtas siekiant atitikti ISO17025:2005 ir standarto reikalavimus. Vadovas 34:2009.<\/p>\n<p>Galite pasikliauti, kad darb\u0105 atliksime greitai ir efektyviai, nes esame geriausia organizacija pasaulyje. Klientai i\u0161 m\u016bs\u0173 gali tik\u0117tis tik auk\u0161\u010diausios kokyb\u0117s gamini\u0173! Tokiu b\u016bdu, kuris i\u0161 esm\u0117s atitinka tai, ko mes da\u017enai tikim\u0117s pirkdami bet k\u0105<\/p>\n<p>Kad gal\u0117tume \u012fsigyti auk\u0161\u010diausios kokyb\u0117s gaminius pa\u010diomis priimtiniausiomis kainomis, o sutaupytas l\u0117\u0161as perduoti jums! p&gt; <\/p>\n<p>Tod\u0117l reikalaujame, kad visi m\u016bs\u0173 klientai GC\/MS pateikt\u0173 savo prekes, kad b\u016bt\u0173 u\u017etikrintas tikslumas ir teis\u0117tumas. Kadangi mums r\u016bpi m\u016bs\u0173 klientai ir j\u0173 pasitenkinimas, mes atliekame savo kiekvienos siuntos bandymus, kad patikrintume, ar likusi\u0173 dali\u0173 kokyb\u0117 yra 100%.<\/p>\n<p>M\u016bs\u0173 \u012fmon\u0117s ateitis priklauso nuo to, ar atsakysime \u012f j\u016bs\u0173 pra\u0161ym\u0105 draugi\u0161kai, kad ir kaip tai b\u016bt\u0173 skubu. Nepriklausomai nuo situacijos, visada galite pasikliauti, kad pateiksime jums geriausius vaistus ir subtilius fejerverkus geriausiomis kainomis \u2013 visa tai bus pristatyta pa\u010diu diskreti\u0161kiausiu \u012fmanomu b\u016bdu! Jei tai n\u0117ra per daug vargo, tik\u0117kite ir pateikite savo pra\u0161ym\u0105 su \u012fsitikinimu!<\/p>\n<p>D\u0117l m\u016bs\u0173 parodytos stipryb\u0117s galite mumis pasitik\u0117ti ir t\u0119sti versl\u0105 su mumis, kai tik pasirinksite, kol mes yra aplink. J\u016bs\u0173 nuosmukis nebus toleruojamas.<\/p>\n<p>Sekti paketo kelion\u0119 paprasta, nes kartu su siunta pateikiame numerius.<\/p>\n","protected":false},"excerpt":{"rendered":"<p>Pirkite etilnaftidat\u0105 HDEP-28 pardavimui JK, Europoje. Etilo 2-(naftalen-2-il)-2-(piperidin-2-ilo) acetatas. Teiraukit\u0117s apie hdep-28, nauj\u0105 etilnaftidat\u0105.<\/p>\n<p>Pirkite hdep-28 Novel Ethylnaphthidate 1 oz i\u0161 Amazon.com<\/p>\n<p>Etilnaftidatas arba HDEP-28 yra draud\u017eiamo fenidato pakaitalas. serija.<\/p>\n<p>Dabar klientai gali \u012fsigyti etilnaftidato.<br \/> HDEP-28, taip pat \u017einomas kaip etilnaftidatas, skirtas naujai u\u017edraustai chemini\u0173 med\u017eiag\u0173 serijai Phenidate.<br \/> Lyginant su &amp; #8216;Fenidatai,&#8217; klientai, naudojantys \u0161\u012f produkt\u0105 laboratorijoje, tur\u0117t\u0173 tik\u0117tis pana\u0161aus spektro rezultat\u0173.<br \/> IUPAC prognozuoja, kad mokslininkai supras, kad HDEP 28 \/ Ethylnaphhidate yra puikus etilfenidato pakaitalas. 2-(naftalen-2-il)-2-(piperidin-2-il)acetatas<br \/> N\/A<br \/> Formul\u0117 C19H23NO2<br \/> Molekulin\u0117 mas\u0117 yra 297,40<\/p>\n","protected":false},"featured_media":5535,"comment_status":"open","ping_status":"closed","template":"","meta":[],"product_brand":[],"product_cat":[2014],"product_tag":[],"class_list":{"0":"post-5523","1":"product","2":"type-product","3":"status-publish","4":"has-post-thumbnail","6":"product_cat-pirkti-tyrineti-chemikalai","8":"first","9":"instock","10":"shipping-taxable","11":"purchasable","12":"product-type-variable","13":"has-default-attributes"},"yoast_head":"<!-- This site is optimized with the Yoast SEO plugin v27.3 - https:\/\/yoast.com\/product\/yoast-seo-wordpress\/ -->\n<title>Pirkite hdep-28 nauj\u0105 etilnaftidat\u0105 \u2013 geriausius pasaulinius vaistus<\/title>\n<meta name=\"description\" content=\"Pirkite hdep-28 Novel Ethylnaphthidate pardavimui JK, Europoje internetu. IUPAC: etilo 2-(naftalen-2-il)-2-(piperidin-2-il)acetatas. U\u017esisakykite hdep-28 Novel Ethylnaphthidato\" \/>\n<meta name=\"robots\" content=\"index, follow, max-snippet:-1, max-image-preview:large, max-video-preview:-1\" \/>\n<link rel=\"canonical\" href=\"https:\/\/medicinasinc.com\/lt\/product\/pirkti-hdep-28-novonas-etilnaftidatas\/\" \/>\n<meta property=\"og:locale\" content=\"en_US\" \/>\n<meta property=\"og:type\" content=\"article\" \/>\n<meta property=\"og:title\" content=\"Pirkite hdep-28 nauj\u0105 etilnaftidat\u0105 \u2013 geriausius pasaulinius vaistus\" \/>\n<meta property=\"og:description\" content=\"Pirkite hdep-28 Novel Ethylnaphthidate pardavimui JK, Europoje internetu. IUPAC: etilo 2-(naftalen-2-il)-2-(piperidin-2-il)acetatas. U\u017esisakykite hdep-28 Novel Ethylnaphthidato\" \/>\n<meta property=\"og:url\" content=\"https:\/\/medicinasinc.com\/lt\/product\/pirkti-hdep-28-novonas-etilnaftidatas\/\" \/>\n<meta property=\"og:site_name\" content=\"Medicinas Inc\" \/>\n<meta property=\"article:modified_time\" content=\"2022-03-20T12:14:42+00:00\" \/>\n<meta property=\"og:image\" content=\"https:\/\/medicinasinc.com\/lt\/wp-content\/uploads\/sites\/9\/2022\/02\/Buy-hdep-28-Novel-Ethylnaphthidate.jpg\" \/>\n\t<meta property=\"og:image:width\" content=\"600\" \/>\n\t<meta property=\"og:image:height\" content=\"600\" \/>\n\t<meta property=\"og:image:type\" content=\"image\/jpeg\" \/>\n<meta name=\"twitter:card\" content=\"summary_large_image\" \/>\n<meta name=\"twitter:label1\" content=\"Est. reading time\" \/>\n\t<meta name=\"twitter:data1\" content=\"2 minutes\" \/>\n<script type=\"application\/ld+json\" class=\"yoast-schema-graph\">{\"@context\":\"https:\\\/\\\/schema.org\",\"@graph\":[{\"@type\":\"WebPage\",\"@id\":\"https:\\\/\\\/medicinasinc.com\\\/lt\\\/product\\\/pirkti-hdep-28-novonas-etilnaftidatas\\\/\",\"url\":\"https:\\\/\\\/medicinasinc.com\\\/lt\\\/product\\\/pirkti-hdep-28-novonas-etilnaftidatas\\\/\",\"name\":\"Pirkite hdep-28 nauj\u0105 etilnaftidat\u0105 \u2013 geriausius pasaulinius vaistus\",\"isPartOf\":{\"@id\":\"https:\\\/\\\/medicinasinc.com\\\/lt\\\/#website\"},\"primaryImageOfPage\":{\"@id\":\"https:\\\/\\\/medicinasinc.com\\\/lt\\\/product\\\/pirkti-hdep-28-novonas-etilnaftidatas\\\/#primaryimage\"},\"image\":{\"@id\":\"https:\\\/\\\/medicinasinc.com\\\/lt\\\/product\\\/pirkti-hdep-28-novonas-etilnaftidatas\\\/#primaryimage\"},\"thumbnailUrl\":\"https:\\\/\\\/medicinasinc.com\\\/lt\\\/wp-content\\\/uploads\\\/sites\\\/9\\\/2022\\\/02\\\/Buy-hdep-28-Novel-Ethylnaphthidate.jpg\",\"datePublished\":\"2022-02-22T01:06:52+00:00\",\"dateModified\":\"2022-03-20T12:14:42+00:00\",\"description\":\"Pirkite hdep-28 Novel Ethylnaphthidate pardavimui JK, Europoje internetu. IUPAC: etilo 2-(naftalen-2-il)-2-(piperidin-2-il)acetatas. U\u017esisakykite hdep-28 Novel Ethylnaphthidato\",\"breadcrumb\":{\"@id\":\"https:\\\/\\\/medicinasinc.com\\\/lt\\\/product\\\/pirkti-hdep-28-novonas-etilnaftidatas\\\/#breadcrumb\"},\"inLanguage\":\"en-US\",\"potentialAction\":[{\"@type\":\"ReadAction\",\"target\":[\"https:\\\/\\\/medicinasinc.com\\\/lt\\\/product\\\/pirkti-hdep-28-novonas-etilnaftidatas\\\/\"]}]},{\"@type\":\"ImageObject\",\"inLanguage\":\"en-US\",\"@id\":\"https:\\\/\\\/medicinasinc.com\\\/lt\\\/product\\\/pirkti-hdep-28-novonas-etilnaftidatas\\\/#primaryimage\",\"url\":\"https:\\\/\\\/medicinasinc.com\\\/lt\\\/wp-content\\\/uploads\\\/sites\\\/9\\\/2022\\\/02\\\/Buy-hdep-28-Novel-Ethylnaphthidate.jpg\",\"contentUrl\":\"https:\\\/\\\/medicinasinc.com\\\/lt\\\/wp-content\\\/uploads\\\/sites\\\/9\\\/2022\\\/02\\\/Buy-hdep-28-Novel-Ethylnaphthidate.jpg\",\"width\":600,\"height\":600},{\"@type\":\"BreadcrumbList\",\"@id\":\"https:\\\/\\\/medicinasinc.com\\\/lt\\\/product\\\/pirkti-hdep-28-novonas-etilnaftidatas\\\/#breadcrumb\",\"itemListElement\":[{\"@type\":\"ListItem\",\"position\":1,\"name\":\"Parduotuv\u0117\",\"item\":\"https:\\\/\\\/medicinasinc.com\\\/lt\\\/parduotuve\\\/\"},{\"@type\":\"ListItem\",\"position\":2,\"name\":\"Pirkite hdep-28 nauj\u0105 etilnaftidat\u0105\"}]},{\"@type\":\"WebSite\",\"@id\":\"https:\\\/\\\/medicinasinc.com\\\/lt\\\/#website\",\"url\":\"https:\\\/\\\/medicinasinc.com\\\/lt\\\/\",\"name\":\"Medicinas Inc\",\"description\":\"Sveikatos medicinos klinika\",\"potentialAction\":[{\"@type\":\"SearchAction\",\"target\":{\"@type\":\"EntryPoint\",\"urlTemplate\":\"https:\\\/\\\/medicinasinc.com\\\/lt\\\/?s={search_term_string}\"},\"query-input\":{\"@type\":\"PropertyValueSpecification\",\"valueRequired\":true,\"valueName\":\"search_term_string\"}}],\"inLanguage\":\"en-US\"}]}<\/script>\n<!-- \/ Yoast SEO plugin. -->","yoast_head_json":{"title":"Pirkite hdep-28 nauj\u0105 etilnaftidat\u0105 \u2013 geriausius pasaulinius vaistus","description":"Pirkite hdep-28 Novel Ethylnaphthidate pardavimui JK, Europoje internetu. IUPAC: etilo 2-(naftalen-2-il)-2-(piperidin-2-il)acetatas. U\u017esisakykite hdep-28 Novel Ethylnaphthidato","robots":{"index":"index","follow":"follow","max-snippet":"max-snippet:-1","max-image-preview":"max-image-preview:large","max-video-preview":"max-video-preview:-1"},"canonical":"https:\/\/medicinasinc.com\/lt\/product\/pirkti-hdep-28-novonas-etilnaftidatas\/","og_locale":"en_US","og_type":"article","og_title":"Pirkite hdep-28 nauj\u0105 etilnaftidat\u0105 \u2013 geriausius pasaulinius vaistus","og_description":"Pirkite hdep-28 Novel Ethylnaphthidate pardavimui JK, Europoje internetu. IUPAC: etilo 2-(naftalen-2-il)-2-(piperidin-2-il)acetatas. U\u017esisakykite hdep-28 Novel Ethylnaphthidato","og_url":"https:\/\/medicinasinc.com\/lt\/product\/pirkti-hdep-28-novonas-etilnaftidatas\/","og_site_name":"Medicinas Inc","article_modified_time":"2022-03-20T12:14:42+00:00","og_image":[{"width":600,"height":600,"url":"https:\/\/medicinasinc.com\/lt\/wp-content\/uploads\/sites\/9\/2022\/02\/Buy-hdep-28-Novel-Ethylnaphthidate.jpg","type":"image\/jpeg"}],"twitter_card":"summary_large_image","twitter_misc":{"Est. reading time":"2 minutes"},"schema":{"@context":"https:\/\/schema.org","@graph":[{"@type":"WebPage","@id":"https:\/\/medicinasinc.com\/lt\/product\/pirkti-hdep-28-novonas-etilnaftidatas\/","url":"https:\/\/medicinasinc.com\/lt\/product\/pirkti-hdep-28-novonas-etilnaftidatas\/","name":"Pirkite hdep-28 nauj\u0105 etilnaftidat\u0105 \u2013 geriausius pasaulinius vaistus","isPartOf":{"@id":"https:\/\/medicinasinc.com\/lt\/#website"},"primaryImageOfPage":{"@id":"https:\/\/medicinasinc.com\/lt\/product\/pirkti-hdep-28-novonas-etilnaftidatas\/#primaryimage"},"image":{"@id":"https:\/\/medicinasinc.com\/lt\/product\/pirkti-hdep-28-novonas-etilnaftidatas\/#primaryimage"},"thumbnailUrl":"https:\/\/medicinasinc.com\/lt\/wp-content\/uploads\/sites\/9\/2022\/02\/Buy-hdep-28-Novel-Ethylnaphthidate.jpg","datePublished":"2022-02-22T01:06:52+00:00","dateModified":"2022-03-20T12:14:42+00:00","description":"Pirkite hdep-28 Novel Ethylnaphthidate pardavimui JK, Europoje internetu. IUPAC: etilo 2-(naftalen-2-il)-2-(piperidin-2-il)acetatas. U\u017esisakykite hdep-28 Novel Ethylnaphthidato","breadcrumb":{"@id":"https:\/\/medicinasinc.com\/lt\/product\/pirkti-hdep-28-novonas-etilnaftidatas\/#breadcrumb"},"inLanguage":"en-US","potentialAction":[{"@type":"ReadAction","target":["https:\/\/medicinasinc.com\/lt\/product\/pirkti-hdep-28-novonas-etilnaftidatas\/"]}]},{"@type":"ImageObject","inLanguage":"en-US","@id":"https:\/\/medicinasinc.com\/lt\/product\/pirkti-hdep-28-novonas-etilnaftidatas\/#primaryimage","url":"https:\/\/medicinasinc.com\/lt\/wp-content\/uploads\/sites\/9\/2022\/02\/Buy-hdep-28-Novel-Ethylnaphthidate.jpg","contentUrl":"https:\/\/medicinasinc.com\/lt\/wp-content\/uploads\/sites\/9\/2022\/02\/Buy-hdep-28-Novel-Ethylnaphthidate.jpg","width":600,"height":600},{"@type":"BreadcrumbList","@id":"https:\/\/medicinasinc.com\/lt\/product\/pirkti-hdep-28-novonas-etilnaftidatas\/#breadcrumb","itemListElement":[{"@type":"ListItem","position":1,"name":"Parduotuv\u0117","item":"https:\/\/medicinasinc.com\/lt\/parduotuve\/"},{"@type":"ListItem","position":2,"name":"Pirkite hdep-28 nauj\u0105 etilnaftidat\u0105"}]},{"@type":"WebSite","@id":"https:\/\/medicinasinc.com\/lt\/#website","url":"https:\/\/medicinasinc.com\/lt\/","name":"Medicinas Inc","description":"Sveikatos medicinos klinika","potentialAction":[{"@type":"SearchAction","target":{"@type":"EntryPoint","urlTemplate":"https:\/\/medicinasinc.com\/lt\/?s={search_term_string}"},"query-input":{"@type":"PropertyValueSpecification","valueRequired":true,"valueName":"search_term_string"}}],"inLanguage":"en-US"}]}},"_links":{"self":[{"href":"https:\/\/medicinasinc.com\/lt\/wp-json\/wp\/v2\/product\/5523","targetHints":{"allow":["GET"]}}],"collection":[{"href":"https:\/\/medicinasinc.com\/lt\/wp-json\/wp\/v2\/product"}],"about":[{"href":"https:\/\/medicinasinc.com\/lt\/wp-json\/wp\/v2\/types\/product"}],"replies":[{"embeddable":true,"href":"https:\/\/medicinasinc.com\/lt\/wp-json\/wp\/v2\/comments?post=5523"}],"wp:featuredmedia":[{"embeddable":true,"href":"https:\/\/medicinasinc.com\/lt\/wp-json\/wp\/v2\/media\/5535"}],"wp:attachment":[{"href":"https:\/\/medicinasinc.com\/lt\/wp-json\/wp\/v2\/media?parent=5523"}],"wp:term":[{"taxonomy":"product_brand","embeddable":true,"href":"https:\/\/medicinasinc.com\/lt\/wp-json\/wp\/v2\/product_brand?post=5523"},{"taxonomy":"product_cat","embeddable":true,"href":"https:\/\/medicinasinc.com\/lt\/wp-json\/wp\/v2\/product_cat?post=5523"},{"taxonomy":"product_tag","embeddable":true,"href":"https:\/\/medicinasinc.com\/lt\/wp-json\/wp\/v2\/product_tag?post=5523"}],"curies":[{"name":"wp","href":"https:\/\/api.w.org\/{rel}","templated":true}]}}