{"id":5522,"date":"2022-02-22T01:05:36","date_gmt":"2022-02-22T01:05:36","guid":{"rendered":"https:\/\/medicinasinc.com\/lt\/?post_type=product&#038;p=5522"},"modified":"2022-03-20T12:14:50","modified_gmt":"2022-03-20T12:14:50","slug":"pirkti-fub-akb48-milteliai","status":"publish","type":"product","link":"https:\/\/medicinasinc.com\/lt\/product\/pirkti-fub-akb48-milteliai\/","title":{"rendered":"Pirkite Fub Akb48 miltelius"},"content":{"rendered":"<p>Pure Fub Akb48 milteliai pirkti<\/p>\n<p>Jei norite su\u017einoti daugiau apie FUB-AKB48 (taip pat \u017einomo kaip AFUBINACA arba FUB-APINACA) poveik\u012f CB1 receptoriams, tai yra sintetinis kanabinoidas jums.<\/p>\n<p>Cheminei formulei naudokite \u0161i\u0105 formul\u0119: C25H26FN3O.<br \/> IUPAC nomenklat\u016broje: N-[(4-fluorfenil)metil]-1-adamantan-1-ilas<br \/> -1H-indazolas<br \/> -3-karboksamidas<br \/> I\u0161vaizda:<br \/> Grynumas:<\/p>\n","protected":false},"excerpt":{"rendered":"<p>Mok\u0117kite naudodami Bitcoin u\u017e FUB-AKB48 milteli\u0173 pristatym\u0105 \u012f Europ\u0105. Pirkite FUB-AKB48 miltelius Europoje i\u0161 JK tiek\u0117jo u\u017e ma\u017e\u0105 kain\u0105. Europos FUB-AKB48 milteli\u0173 parduotuv\u0117, kurioje galite \u012fsigyti 99 procent\u0173 grynumo FUB-AKB48 milteli\u0173.<\/p>\n<p>\u012esigykite 1 oz. Pure Fub Akb48 milteli\u0173 i\u0161 m\u016bs\u0173 \u0161iandien! Netikras pikt\u017eol\u0117 yra indolas, kuris buvo naudojamas kuriant vaistus ir dabar parduodamas su sintetin\u0117s marihuanos aktyviaisiais komponentais.<\/p>\n<p>Su Bitcoin internetu galite \u012fsigyti gryn\u0173 ir auk\u0161tos kokyb\u0117s FUB-AKB48 milteli\u0173, kaip taip pat legali\u0173 vaist\u0173, tyrim\u0173 chemini\u0173 med\u017eiag\u0173 ir neapdorot\u0173 vaistini\u0173 milteli\u0173.<\/p>\n","protected":false},"featured_media":5533,"comment_status":"open","ping_status":"closed","template":"","meta":[],"product_brand":[],"product_cat":[2596],"product_tag":[3026,3015,3028,3016,3018,3022,3019,3023,3020,3025,3024,3027,3017,3021,3013,3014],"class_list":{"0":"post-5522","1":"product","2":"type-product","3":"status-publish","4":"has-post-thumbnail","6":"product_cat-parduodami-kanabinoidai","7":"product_tag-fub-akb48-review","8":"product_tag-fub-akb48-china-supplier","9":"product_tag-fub-akb48-didmenin-prekyba","10":"product_tag-fub-akb48-efektas","11":"product_tag-fub-akb48-milteliai","12":"product_tag-fub-akb48-powder-online","13":"product_tag-fub-akb48-milteliai-pirkti","14":"product_tag-fub-akb48-milteli-usakymas","15":"product_tag-fub-akb48-powder-effect","16":"product_tag-fub-akb48-reddit","17":"product_tag-fub-akb48-milteliai-teisikliai","18":"product_tag-fub-akb48-shipping","19":"product_tag-parduodamas-fub-akb48","20":"product_tag-parduodama-fub-akb48-milteliai","21":"product_tag-pirk-fub-akb48-eu","22":"product_tag-pirkti-fub-akb48-milteliai","24":"first","25":"instock","26":"shipping-taxable","27":"purchasable","28":"product-type-variable","29":"has-default-attributes"},"yoast_head":"<!-- This site is optimized with the Yoast SEO plugin v27.3 - https:\/\/yoast.com\/product\/yoast-seo-wordpress\/ -->\n<title>Pirkite Fub Akb48 miltelius \u2013 Fub Akb48 internetu \u2013 geriausius pasaulinius vaistus<\/title>\n<meta name=\"description\" content=\"Pirkite FUB-AKB48 miltelius pardavimui ES siuntimas, Bitcoin mok\u0117jimas. Pigus FUB-AKB48 milteli\u0173 tiek\u0117jas JK \u2013 pirkite tyrimams skirtus chemikalus Europoje. FUB-AKB48 Milteli\u0173 parduotuv\u0117 Europoje\" \/>\n<meta name=\"robots\" content=\"index, follow, max-snippet:-1, max-image-preview:large, max-video-preview:-1\" \/>\n<link rel=\"canonical\" href=\"https:\/\/medicinasinc.com\/lt\/product\/pirkti-fub-akb48-milteliai\/\" \/>\n<meta property=\"og:locale\" content=\"en_US\" \/>\n<meta property=\"og:type\" content=\"article\" \/>\n<meta property=\"og:title\" content=\"Pirkite Fub Akb48 miltelius \u2013 Fub Akb48 internetu \u2013 geriausius pasaulinius vaistus\" \/>\n<meta property=\"og:description\" content=\"Pirkite FUB-AKB48 miltelius pardavimui ES siuntimas, Bitcoin mok\u0117jimas. Pigus FUB-AKB48 milteli\u0173 tiek\u0117jas JK \u2013 pirkite tyrimams skirtus chemikalus Europoje. FUB-AKB48 Milteli\u0173 parduotuv\u0117 Europoje\" \/>\n<meta property=\"og:url\" content=\"https:\/\/medicinasinc.com\/lt\/product\/pirkti-fub-akb48-milteliai\/\" \/>\n<meta property=\"og:site_name\" content=\"Medicinas Inc\" \/>\n<meta property=\"article:modified_time\" content=\"2022-03-20T12:14:50+00:00\" \/>\n<meta property=\"og:image\" content=\"https:\/\/medicinasinc.com\/lt\/wp-content\/uploads\/sites\/9\/2022\/02\/Buy-Fub-Akb48-Powder.jpeg\" \/>\n\t<meta property=\"og:image:width\" content=\"800\" \/>\n\t<meta property=\"og:image:height\" content=\"438\" \/>\n\t<meta property=\"og:image:type\" content=\"image\/jpeg\" \/>\n<meta name=\"twitter:card\" content=\"summary_large_image\" \/>\n<meta name=\"twitter:label1\" content=\"Est. reading time\" \/>\n\t<meta name=\"twitter:data1\" content=\"1 minute\" \/>\n<script type=\"application\/ld+json\" class=\"yoast-schema-graph\">{\"@context\":\"https:\\\/\\\/schema.org\",\"@graph\":[{\"@type\":\"WebPage\",\"@id\":\"https:\\\/\\\/medicinasinc.com\\\/lt\\\/product\\\/pirkti-fub-akb48-milteliai\\\/\",\"url\":\"https:\\\/\\\/medicinasinc.com\\\/lt\\\/product\\\/pirkti-fub-akb48-milteliai\\\/\",\"name\":\"Pirkite Fub Akb48 miltelius \u2013 Fub Akb48 internetu \u2013 geriausius pasaulinius vaistus\",\"isPartOf\":{\"@id\":\"https:\\\/\\\/medicinasinc.com\\\/lt\\\/#website\"},\"primaryImageOfPage\":{\"@id\":\"https:\\\/\\\/medicinasinc.com\\\/lt\\\/product\\\/pirkti-fub-akb48-milteliai\\\/#primaryimage\"},\"image\":{\"@id\":\"https:\\\/\\\/medicinasinc.com\\\/lt\\\/product\\\/pirkti-fub-akb48-milteliai\\\/#primaryimage\"},\"thumbnailUrl\":\"https:\\\/\\\/medicinasinc.com\\\/lt\\\/wp-content\\\/uploads\\\/sites\\\/9\\\/2022\\\/02\\\/Buy-Fub-Akb48-Powder.jpeg\",\"datePublished\":\"2022-02-22T01:05:36+00:00\",\"dateModified\":\"2022-03-20T12:14:50+00:00\",\"description\":\"Pirkite FUB-AKB48 miltelius pardavimui ES siuntimas, Bitcoin mok\u0117jimas. Pigus FUB-AKB48 milteli\u0173 tiek\u0117jas JK \u2013 pirkite tyrimams skirtus chemikalus Europoje. FUB-AKB48 Milteli\u0173 parduotuv\u0117 Europoje\",\"breadcrumb\":{\"@id\":\"https:\\\/\\\/medicinasinc.com\\\/lt\\\/product\\\/pirkti-fub-akb48-milteliai\\\/#breadcrumb\"},\"inLanguage\":\"en-US\",\"potentialAction\":[{\"@type\":\"ReadAction\",\"target\":[\"https:\\\/\\\/medicinasinc.com\\\/lt\\\/product\\\/pirkti-fub-akb48-milteliai\\\/\"]}]},{\"@type\":\"ImageObject\",\"inLanguage\":\"en-US\",\"@id\":\"https:\\\/\\\/medicinasinc.com\\\/lt\\\/product\\\/pirkti-fub-akb48-milteliai\\\/#primaryimage\",\"url\":\"https:\\\/\\\/medicinasinc.com\\\/lt\\\/wp-content\\\/uploads\\\/sites\\\/9\\\/2022\\\/02\\\/Buy-Fub-Akb48-Powder.jpeg\",\"contentUrl\":\"https:\\\/\\\/medicinasinc.com\\\/lt\\\/wp-content\\\/uploads\\\/sites\\\/9\\\/2022\\\/02\\\/Buy-Fub-Akb48-Powder.jpeg\",\"width\":800,\"height\":438},{\"@type\":\"BreadcrumbList\",\"@id\":\"https:\\\/\\\/medicinasinc.com\\\/lt\\\/product\\\/pirkti-fub-akb48-milteliai\\\/#breadcrumb\",\"itemListElement\":[{\"@type\":\"ListItem\",\"position\":1,\"name\":\"Parduotuv\u0117\",\"item\":\"https:\\\/\\\/medicinasinc.com\\\/lt\\\/parduotuve\\\/\"},{\"@type\":\"ListItem\",\"position\":2,\"name\":\"Pirkite Fub Akb48 miltelius\"}]},{\"@type\":\"WebSite\",\"@id\":\"https:\\\/\\\/medicinasinc.com\\\/lt\\\/#website\",\"url\":\"https:\\\/\\\/medicinasinc.com\\\/lt\\\/\",\"name\":\"Medicinas Inc\",\"description\":\"Sveikatos medicinos klinika\",\"potentialAction\":[{\"@type\":\"SearchAction\",\"target\":{\"@type\":\"EntryPoint\",\"urlTemplate\":\"https:\\\/\\\/medicinasinc.com\\\/lt\\\/?s={search_term_string}\"},\"query-input\":{\"@type\":\"PropertyValueSpecification\",\"valueRequired\":true,\"valueName\":\"search_term_string\"}}],\"inLanguage\":\"en-US\"}]}<\/script>\n<!-- \/ Yoast SEO plugin. -->","yoast_head_json":{"title":"Pirkite Fub Akb48 miltelius \u2013 Fub Akb48 internetu \u2013 geriausius pasaulinius vaistus","description":"Pirkite FUB-AKB48 miltelius pardavimui ES siuntimas, Bitcoin mok\u0117jimas. Pigus FUB-AKB48 milteli\u0173 tiek\u0117jas JK \u2013 pirkite tyrimams skirtus chemikalus Europoje. FUB-AKB48 Milteli\u0173 parduotuv\u0117 Europoje","robots":{"index":"index","follow":"follow","max-snippet":"max-snippet:-1","max-image-preview":"max-image-preview:large","max-video-preview":"max-video-preview:-1"},"canonical":"https:\/\/medicinasinc.com\/lt\/product\/pirkti-fub-akb48-milteliai\/","og_locale":"en_US","og_type":"article","og_title":"Pirkite Fub Akb48 miltelius \u2013 Fub Akb48 internetu \u2013 geriausius pasaulinius vaistus","og_description":"Pirkite FUB-AKB48 miltelius pardavimui ES siuntimas, Bitcoin mok\u0117jimas. Pigus FUB-AKB48 milteli\u0173 tiek\u0117jas JK \u2013 pirkite tyrimams skirtus chemikalus Europoje. FUB-AKB48 Milteli\u0173 parduotuv\u0117 Europoje","og_url":"https:\/\/medicinasinc.com\/lt\/product\/pirkti-fub-akb48-milteliai\/","og_site_name":"Medicinas Inc","article_modified_time":"2022-03-20T12:14:50+00:00","og_image":[{"width":800,"height":438,"url":"https:\/\/medicinasinc.com\/lt\/wp-content\/uploads\/sites\/9\/2022\/02\/Buy-Fub-Akb48-Powder.jpeg","type":"image\/jpeg"}],"twitter_card":"summary_large_image","twitter_misc":{"Est. reading time":"1 minute"},"schema":{"@context":"https:\/\/schema.org","@graph":[{"@type":"WebPage","@id":"https:\/\/medicinasinc.com\/lt\/product\/pirkti-fub-akb48-milteliai\/","url":"https:\/\/medicinasinc.com\/lt\/product\/pirkti-fub-akb48-milteliai\/","name":"Pirkite Fub Akb48 miltelius \u2013 Fub Akb48 internetu \u2013 geriausius pasaulinius vaistus","isPartOf":{"@id":"https:\/\/medicinasinc.com\/lt\/#website"},"primaryImageOfPage":{"@id":"https:\/\/medicinasinc.com\/lt\/product\/pirkti-fub-akb48-milteliai\/#primaryimage"},"image":{"@id":"https:\/\/medicinasinc.com\/lt\/product\/pirkti-fub-akb48-milteliai\/#primaryimage"},"thumbnailUrl":"https:\/\/medicinasinc.com\/lt\/wp-content\/uploads\/sites\/9\/2022\/02\/Buy-Fub-Akb48-Powder.jpeg","datePublished":"2022-02-22T01:05:36+00:00","dateModified":"2022-03-20T12:14:50+00:00","description":"Pirkite FUB-AKB48 miltelius pardavimui ES siuntimas, Bitcoin mok\u0117jimas. Pigus FUB-AKB48 milteli\u0173 tiek\u0117jas JK \u2013 pirkite tyrimams skirtus chemikalus Europoje. FUB-AKB48 Milteli\u0173 parduotuv\u0117 Europoje","breadcrumb":{"@id":"https:\/\/medicinasinc.com\/lt\/product\/pirkti-fub-akb48-milteliai\/#breadcrumb"},"inLanguage":"en-US","potentialAction":[{"@type":"ReadAction","target":["https:\/\/medicinasinc.com\/lt\/product\/pirkti-fub-akb48-milteliai\/"]}]},{"@type":"ImageObject","inLanguage":"en-US","@id":"https:\/\/medicinasinc.com\/lt\/product\/pirkti-fub-akb48-milteliai\/#primaryimage","url":"https:\/\/medicinasinc.com\/lt\/wp-content\/uploads\/sites\/9\/2022\/02\/Buy-Fub-Akb48-Powder.jpeg","contentUrl":"https:\/\/medicinasinc.com\/lt\/wp-content\/uploads\/sites\/9\/2022\/02\/Buy-Fub-Akb48-Powder.jpeg","width":800,"height":438},{"@type":"BreadcrumbList","@id":"https:\/\/medicinasinc.com\/lt\/product\/pirkti-fub-akb48-milteliai\/#breadcrumb","itemListElement":[{"@type":"ListItem","position":1,"name":"Parduotuv\u0117","item":"https:\/\/medicinasinc.com\/lt\/parduotuve\/"},{"@type":"ListItem","position":2,"name":"Pirkite Fub Akb48 miltelius"}]},{"@type":"WebSite","@id":"https:\/\/medicinasinc.com\/lt\/#website","url":"https:\/\/medicinasinc.com\/lt\/","name":"Medicinas Inc","description":"Sveikatos medicinos klinika","potentialAction":[{"@type":"SearchAction","target":{"@type":"EntryPoint","urlTemplate":"https:\/\/medicinasinc.com\/lt\/?s={search_term_string}"},"query-input":{"@type":"PropertyValueSpecification","valueRequired":true,"valueName":"search_term_string"}}],"inLanguage":"en-US"}]}},"_links":{"self":[{"href":"https:\/\/medicinasinc.com\/lt\/wp-json\/wp\/v2\/product\/5522","targetHints":{"allow":["GET"]}}],"collection":[{"href":"https:\/\/medicinasinc.com\/lt\/wp-json\/wp\/v2\/product"}],"about":[{"href":"https:\/\/medicinasinc.com\/lt\/wp-json\/wp\/v2\/types\/product"}],"replies":[{"embeddable":true,"href":"https:\/\/medicinasinc.com\/lt\/wp-json\/wp\/v2\/comments?post=5522"}],"wp:featuredmedia":[{"embeddable":true,"href":"https:\/\/medicinasinc.com\/lt\/wp-json\/wp\/v2\/media\/5533"}],"wp:attachment":[{"href":"https:\/\/medicinasinc.com\/lt\/wp-json\/wp\/v2\/media?parent=5522"}],"wp:term":[{"taxonomy":"product_brand","embeddable":true,"href":"https:\/\/medicinasinc.com\/lt\/wp-json\/wp\/v2\/product_brand?post=5522"},{"taxonomy":"product_cat","embeddable":true,"href":"https:\/\/medicinasinc.com\/lt\/wp-json\/wp\/v2\/product_cat?post=5522"},{"taxonomy":"product_tag","embeddable":true,"href":"https:\/\/medicinasinc.com\/lt\/wp-json\/wp\/v2\/product_tag?post=5522"}],"curies":[{"name":"wp","href":"https:\/\/api.w.org\/{rel}","templated":true}]}}