{"id":5520,"date":"2022-02-22T01:02:44","date_gmt":"2022-02-22T01:02:44","guid":{"rendered":"https:\/\/medicinasinc.com\/lt\/?post_type=product&#038;p=5520"},"modified":"2022-03-20T12:15:11","modified_gmt":"2022-03-20T12:15:11","slug":"pirkti-fentanilio-tabletes","status":"publish","type":"product","link":"https:\/\/medicinasinc.com\/lt\/product\/pirkti-fentanilio-tabletes\/","title":{"rendered":"Pirkite fentanilio tabletes"},"content":{"rendered":"<p>Fentanilio tablet\u0117s, taip pat \u017einomos kaip fentanilis, yra labai stiprus sintetinis opioidinis skausm\u0105 mal\u0161inantis vaistas, kurio veikimo trukm\u0117 yra trumpa ir prasideda greitai. \u0160is vaistas stipriai stimuliuoja opioid\u0173 receptorius. Teigiama, kad fentanilio veiksmingumas yra 50\u2013100 kart\u0173 didesnis nei morfino.<\/p>\n<p>1960 m. sukurtos Paulo Jansseno fentanilio tablet\u0117s sulauk\u0117 tiesiogin\u0117s s\u0117km\u0117s, sekan\u010dios Demerol petidino p\u0117domis. Fentanilis buvo sukurtas tiriant opioidin\u0117s veikliosios med\u017eiagos petidino, kuris strukt\u016bri\u0161kai susietas su fentaniliu, analogus.<\/p>\n<p>Fentono citratas (fentanilio citratas, tai druska, gaunama mai\u0161ant fentanil\u012f ir citrinos r\u016bg\u0161t\u012f santykiu 1:1). santykis) medicinos rink\u0105 pasiek\u0117 septintojo de\u0161imtme\u010dio prad\u017eioje su prek\u0117s pavadinimu Sublimaze d\u0117l plataus naudojimo. Sufentanilis, alfentanilis, remifentanilis ir lofentanilis yra tik keli i\u0161 daugelio fentanilio analog\u0173, kurie nuo tada buvo sukurti ir prad\u0117ti naudoti klinikin\u0117je praktikoje.<\/p>\n<p>Tablet\u0117s, kuri\u0173 sud\u0117tyje yra fentanilio. buvo sukurtas fentanilio pleistras, po kurio greitai atsirado fentanilio pastil\u0117s, tirpstan\u010dios tablet\u0117s ir polie\u017euvinis pur\u0161kalas, kurie visi absorbuojami per burnos pavir\u0161i\u0173. Fentanilis buvo da\u017eniausiai i\u0161ra\u0161ytas sintetinis opioidas Jungtin\u0117se Valstijose 2012 m. Apskai\u010diuota, kad 2013 m. visame pasaulyje buvo sunaudota 1 700 kg plastiko.<\/p>\n<p>Pramoginis fentanilio vartojimas suk\u0117l\u0117 t\u016bkstan\u010dius mir\u010di\u0173 nuo perdozavimo vienam asmeniui. met\u0173. Netinkamas medicininis naudojimas taip pat suk\u0117l\u0117 mirt\u012f. D\u0117l didelio terapinio indekso (270) fentanilis yra labai saugus chirurginis anestetikas, kai vartojamas atid\u017eiai pri\u017ei\u016brint; ta\u010diau d\u0117l jo mil\u017eini\u0161ko stiprumo reikia tiksliai i\u0161matuoti itin praskiest\u0105 tirpal\u0105.<\/p>\n<p>Plika akimi b\u016bt\u0173 sunku arba ne\u012fmanoma atskirti efektyvi\u0105 doz\u0119 ir mirtin\u0105 fentanilio milteli\u0173 doz\u0119, jei jos b\u016bt\u0173 dedamos \u0161alia vienas kit\u0105; \u0160tai kod\u0117l neprakti\u0161ka tiksliai nustatyti gryno fentanilio milteli\u0173 doz\u0119 be \u0161iuolaikin\u0117s mokslin\u0117s \u012frangos.<\/p>\n<p>U\u017esisakykite fentanilio tabletes, miltelius, pleistrus ir skyst\u012f internetu dabar!<\/p>\n<div class=\"product\">\n<div class=\"product-prev\"><\/div><\/div>\n","protected":false},"excerpt":{"rendered":"<p>M\u016bs\u0173 internetin\u0117 \u012fmon\u0117 parduoda fentanilio tabletes JK, ES ir Europoje su greitu pristatymu visame pasaulyje! \u010cia rasite geriausi\u0105 fentanilio pirkin\u012f internetu!<\/p>\n<p>Pirkite fentanilio tabletes internetu JK, Europoje ir likusioje pasaulio dalyje su greitu tarptautiniu pristatymu i\u0161 m\u016bs\u0173 internetin\u0117s vaistin\u0117s \u0161iandien! \u010cia rasite geriausi\u0105 fentanil\u012f, kur\u012f galite \u012fsigyti internetu! Pasiteiraukite, kur \u012fsigyti fentanilio table\u010di\u0173.<\/p>\n<p>Tablet\u0117s, kuri\u0173 sud\u0117tyje yra fentanilio Fentanilio pleistras pirm\u0105 kart\u0105 buvo pasi\u016blytas paliatyviam naudojimui pra\u0117jusio am\u017eiaus de\u0161imtojo de\u0161imtme\u010dio viduryje, o fentanilio ledinukas, tirpstan\u010dios tablet\u0117s ir pur\u0161kalas po lie\u017euviu buvo i\u0161leisti toliau. de\u0161imtmet\u012f per burnos ertm\u0117s od\u0105.<\/p>\n","protected":false},"featured_media":5529,"comment_status":"open","ping_status":"closed","template":"","meta":[],"product_brand":[],"product_cat":[2014],"product_tag":[2975,2841,2976,2977,2978,2987,2980,2984,2982,2850,2996,2995,2988,2997,2990,2991,2989,2981,2985,2986,2983,2979,2973,2843,2974,2994,2993,2992],"class_list":{"0":"post-5520","1":"product","2":"type-product","3":"status-publish","4":"has-post-thumbnail","6":"product_cat-pirkti-tyrineti-chemikalai","7":"product_tag-buy-fentanyl-no-prescription","8":"product_tag-buy-fentanyl-online","9":"product_tag-buy-fentanyl-online-uk","10":"product_tag-buy-fentanyl-powder","11":"product_tag-buying-fentanyl-online","12":"product_tag-fentanilis-milteliai-kaina","13":"product_tag-fentanilio-pirkimas-internetu","14":"product_tag-fentanilio-pleistras-internetin-vaistin","15":"product_tag-fentanilis-parduodamas-internetu","16":"product_tag-fentanyl-powder-for-sale","17":"product_tag-geriausia-vieta-pirkti-skyst-fentanil-internetu","18":"product_tag-grynas-fentanilis","19":"product_tag-how-to-buy-fentanyl-liquid-online","20":"product_tag-kur-pirkti-fentanilio-skyst-internetu","21":"product_tag-order-fentanyl-liquid-online","22":"product_tag-order-fentanyl-online","23":"product_tag-opiatas-c5-b3-tyrimas-c5-b3-cheminis-c5-b3-pardavimas","24":"product_tag-parduodamas-fentanilis","25":"product_tag-parduodami-fentanilio-pleistrai","26":"product_tag-parduodamos-fentanilio-tablets","27":"product_tag-fentanilis-skystis-parduodamas","28":"product_tag-parduodamas-karfentanilis","29":"product_tag-pirkti-fentanilio-citrat-internetu","30":"product_tag-pirkti-fentanilio-miltelius-internetu","31":"product_tag-pirkti-fentanilio-skyst-internetu","32":"product_tag-pirkti-fentanil-internetu","33":"product_tag-purchase-fentanyl-liquid-online","34":"product_tag-in-c5-besisakyk-fentanilio-pleistr-c5-b3-internet","36":"first","37":"instock","38":"shipping-taxable","39":"purchasable","40":"product-type-variable","41":"has-default-attributes"},"yoast_head":"<!-- This site is optimized with the Yoast SEO plugin v27.3 - https:\/\/yoast.com\/product\/yoast-seo-wordpress\/ -->\n<title>Pirkite fentanilio tabletes \u2013 Fentanilio tabletes \u2013 geriausius pasaulinius vaistus<\/title>\n<meta name=\"description\" content=\"Pirkite parduodamas fentanilio tabletes JK, ES Europoje m\u016bs\u0173 internetin\u0117je parduotuv\u0117je su greitu pristatymu visame pasaulyje! \u010cia rasite geriausi\u0105 u\u017esakymui skirt\u0105 fentanil\u012f!\" \/>\n<meta name=\"robots\" content=\"index, follow, max-snippet:-1, max-image-preview:large, max-video-preview:-1\" \/>\n<link rel=\"canonical\" href=\"https:\/\/medicinasinc.com\/lt\/product\/pirkti-fentanilio-tabletes\/\" \/>\n<meta property=\"og:locale\" content=\"en_US\" \/>\n<meta property=\"og:type\" content=\"article\" \/>\n<meta property=\"og:title\" content=\"Pirkite fentanilio tabletes \u2013 Fentanilio tabletes \u2013 geriausius pasaulinius vaistus\" \/>\n<meta property=\"og:description\" content=\"Pirkite parduodamas fentanilio tabletes JK, ES Europoje m\u016bs\u0173 internetin\u0117je parduotuv\u0117je su greitu pristatymu visame pasaulyje! \u010cia rasite geriausi\u0105 u\u017esakymui skirt\u0105 fentanil\u012f!\" \/>\n<meta property=\"og:url\" content=\"https:\/\/medicinasinc.com\/lt\/product\/pirkti-fentanilio-tabletes\/\" \/>\n<meta property=\"og:site_name\" content=\"Medicinas Inc\" \/>\n<meta property=\"article:modified_time\" content=\"2022-03-20T12:15:11+00:00\" \/>\n<meta property=\"og:image\" content=\"https:\/\/medicinasinc.com\/lt\/wp-content\/uploads\/sites\/9\/2022\/02\/Buy-Fentanyl-Tablets.jpg\" \/>\n\t<meta property=\"og:image:width\" content=\"600\" \/>\n\t<meta property=\"og:image:height\" content=\"600\" \/>\n\t<meta property=\"og:image:type\" content=\"image\/jpeg\" \/>\n<meta name=\"twitter:card\" content=\"summary_large_image\" \/>\n<meta name=\"twitter:label1\" content=\"Est. reading time\" \/>\n\t<meta name=\"twitter:data1\" content=\"2 minutes\" \/>\n<script type=\"application\/ld+json\" class=\"yoast-schema-graph\">{\"@context\":\"https:\\\/\\\/schema.org\",\"@graph\":[{\"@type\":\"WebPage\",\"@id\":\"https:\\\/\\\/medicinasinc.com\\\/lt\\\/product\\\/pirkti-fentanilio-tabletes\\\/\",\"url\":\"https:\\\/\\\/medicinasinc.com\\\/lt\\\/product\\\/pirkti-fentanilio-tabletes\\\/\",\"name\":\"Pirkite fentanilio tabletes \u2013 Fentanilio tabletes \u2013 geriausius pasaulinius vaistus\",\"isPartOf\":{\"@id\":\"https:\\\/\\\/medicinasinc.com\\\/lt\\\/#website\"},\"primaryImageOfPage\":{\"@id\":\"https:\\\/\\\/medicinasinc.com\\\/lt\\\/product\\\/pirkti-fentanilio-tabletes\\\/#primaryimage\"},\"image\":{\"@id\":\"https:\\\/\\\/medicinasinc.com\\\/lt\\\/product\\\/pirkti-fentanilio-tabletes\\\/#primaryimage\"},\"thumbnailUrl\":\"https:\\\/\\\/medicinasinc.com\\\/lt\\\/wp-content\\\/uploads\\\/sites\\\/9\\\/2022\\\/02\\\/Buy-Fentanyl-Tablets.jpg\",\"datePublished\":\"2022-02-22T01:02:44+00:00\",\"dateModified\":\"2022-03-20T12:15:11+00:00\",\"description\":\"Pirkite parduodamas fentanilio tabletes JK, ES Europoje m\u016bs\u0173 internetin\u0117je parduotuv\u0117je su greitu pristatymu visame pasaulyje! \u010cia rasite geriausi\u0105 u\u017esakymui skirt\u0105 fentanil\u012f!\",\"breadcrumb\":{\"@id\":\"https:\\\/\\\/medicinasinc.com\\\/lt\\\/product\\\/pirkti-fentanilio-tabletes\\\/#breadcrumb\"},\"inLanguage\":\"en-US\",\"potentialAction\":[{\"@type\":\"ReadAction\",\"target\":[\"https:\\\/\\\/medicinasinc.com\\\/lt\\\/product\\\/pirkti-fentanilio-tabletes\\\/\"]}]},{\"@type\":\"ImageObject\",\"inLanguage\":\"en-US\",\"@id\":\"https:\\\/\\\/medicinasinc.com\\\/lt\\\/product\\\/pirkti-fentanilio-tabletes\\\/#primaryimage\",\"url\":\"https:\\\/\\\/medicinasinc.com\\\/lt\\\/wp-content\\\/uploads\\\/sites\\\/9\\\/2022\\\/02\\\/Buy-Fentanyl-Tablets.jpg\",\"contentUrl\":\"https:\\\/\\\/medicinasinc.com\\\/lt\\\/wp-content\\\/uploads\\\/sites\\\/9\\\/2022\\\/02\\\/Buy-Fentanyl-Tablets.jpg\",\"width\":600,\"height\":600},{\"@type\":\"BreadcrumbList\",\"@id\":\"https:\\\/\\\/medicinasinc.com\\\/lt\\\/product\\\/pirkti-fentanilio-tabletes\\\/#breadcrumb\",\"itemListElement\":[{\"@type\":\"ListItem\",\"position\":1,\"name\":\"Parduotuv\u0117\",\"item\":\"https:\\\/\\\/medicinasinc.com\\\/lt\\\/parduotuve\\\/\"},{\"@type\":\"ListItem\",\"position\":2,\"name\":\"Pirkite fentanilio tabletes\"}]},{\"@type\":\"WebSite\",\"@id\":\"https:\\\/\\\/medicinasinc.com\\\/lt\\\/#website\",\"url\":\"https:\\\/\\\/medicinasinc.com\\\/lt\\\/\",\"name\":\"Medicinas Inc\",\"description\":\"Sveikatos medicinos klinika\",\"potentialAction\":[{\"@type\":\"SearchAction\",\"target\":{\"@type\":\"EntryPoint\",\"urlTemplate\":\"https:\\\/\\\/medicinasinc.com\\\/lt\\\/?s={search_term_string}\"},\"query-input\":{\"@type\":\"PropertyValueSpecification\",\"valueRequired\":true,\"valueName\":\"search_term_string\"}}],\"inLanguage\":\"en-US\"}]}<\/script>\n<!-- \/ Yoast SEO plugin. -->","yoast_head_json":{"title":"Pirkite fentanilio tabletes \u2013 Fentanilio tabletes \u2013 geriausius pasaulinius vaistus","description":"Pirkite parduodamas fentanilio tabletes JK, ES Europoje m\u016bs\u0173 internetin\u0117je parduotuv\u0117je su greitu pristatymu visame pasaulyje! \u010cia rasite geriausi\u0105 u\u017esakymui skirt\u0105 fentanil\u012f!","robots":{"index":"index","follow":"follow","max-snippet":"max-snippet:-1","max-image-preview":"max-image-preview:large","max-video-preview":"max-video-preview:-1"},"canonical":"https:\/\/medicinasinc.com\/lt\/product\/pirkti-fentanilio-tabletes\/","og_locale":"en_US","og_type":"article","og_title":"Pirkite fentanilio tabletes \u2013 Fentanilio tabletes \u2013 geriausius pasaulinius vaistus","og_description":"Pirkite parduodamas fentanilio tabletes JK, ES Europoje m\u016bs\u0173 internetin\u0117je parduotuv\u0117je su greitu pristatymu visame pasaulyje! \u010cia rasite geriausi\u0105 u\u017esakymui skirt\u0105 fentanil\u012f!","og_url":"https:\/\/medicinasinc.com\/lt\/product\/pirkti-fentanilio-tabletes\/","og_site_name":"Medicinas Inc","article_modified_time":"2022-03-20T12:15:11+00:00","og_image":[{"width":600,"height":600,"url":"https:\/\/medicinasinc.com\/lt\/wp-content\/uploads\/sites\/9\/2022\/02\/Buy-Fentanyl-Tablets.jpg","type":"image\/jpeg"}],"twitter_card":"summary_large_image","twitter_misc":{"Est. reading time":"2 minutes"},"schema":{"@context":"https:\/\/schema.org","@graph":[{"@type":"WebPage","@id":"https:\/\/medicinasinc.com\/lt\/product\/pirkti-fentanilio-tabletes\/","url":"https:\/\/medicinasinc.com\/lt\/product\/pirkti-fentanilio-tabletes\/","name":"Pirkite fentanilio tabletes \u2013 Fentanilio tabletes \u2013 geriausius pasaulinius vaistus","isPartOf":{"@id":"https:\/\/medicinasinc.com\/lt\/#website"},"primaryImageOfPage":{"@id":"https:\/\/medicinasinc.com\/lt\/product\/pirkti-fentanilio-tabletes\/#primaryimage"},"image":{"@id":"https:\/\/medicinasinc.com\/lt\/product\/pirkti-fentanilio-tabletes\/#primaryimage"},"thumbnailUrl":"https:\/\/medicinasinc.com\/lt\/wp-content\/uploads\/sites\/9\/2022\/02\/Buy-Fentanyl-Tablets.jpg","datePublished":"2022-02-22T01:02:44+00:00","dateModified":"2022-03-20T12:15:11+00:00","description":"Pirkite parduodamas fentanilio tabletes JK, ES Europoje m\u016bs\u0173 internetin\u0117je parduotuv\u0117je su greitu pristatymu visame pasaulyje! \u010cia rasite geriausi\u0105 u\u017esakymui skirt\u0105 fentanil\u012f!","breadcrumb":{"@id":"https:\/\/medicinasinc.com\/lt\/product\/pirkti-fentanilio-tabletes\/#breadcrumb"},"inLanguage":"en-US","potentialAction":[{"@type":"ReadAction","target":["https:\/\/medicinasinc.com\/lt\/product\/pirkti-fentanilio-tabletes\/"]}]},{"@type":"ImageObject","inLanguage":"en-US","@id":"https:\/\/medicinasinc.com\/lt\/product\/pirkti-fentanilio-tabletes\/#primaryimage","url":"https:\/\/medicinasinc.com\/lt\/wp-content\/uploads\/sites\/9\/2022\/02\/Buy-Fentanyl-Tablets.jpg","contentUrl":"https:\/\/medicinasinc.com\/lt\/wp-content\/uploads\/sites\/9\/2022\/02\/Buy-Fentanyl-Tablets.jpg","width":600,"height":600},{"@type":"BreadcrumbList","@id":"https:\/\/medicinasinc.com\/lt\/product\/pirkti-fentanilio-tabletes\/#breadcrumb","itemListElement":[{"@type":"ListItem","position":1,"name":"Parduotuv\u0117","item":"https:\/\/medicinasinc.com\/lt\/parduotuve\/"},{"@type":"ListItem","position":2,"name":"Pirkite fentanilio tabletes"}]},{"@type":"WebSite","@id":"https:\/\/medicinasinc.com\/lt\/#website","url":"https:\/\/medicinasinc.com\/lt\/","name":"Medicinas Inc","description":"Sveikatos medicinos klinika","potentialAction":[{"@type":"SearchAction","target":{"@type":"EntryPoint","urlTemplate":"https:\/\/medicinasinc.com\/lt\/?s={search_term_string}"},"query-input":{"@type":"PropertyValueSpecification","valueRequired":true,"valueName":"search_term_string"}}],"inLanguage":"en-US"}]}},"_links":{"self":[{"href":"https:\/\/medicinasinc.com\/lt\/wp-json\/wp\/v2\/product\/5520","targetHints":{"allow":["GET"]}}],"collection":[{"href":"https:\/\/medicinasinc.com\/lt\/wp-json\/wp\/v2\/product"}],"about":[{"href":"https:\/\/medicinasinc.com\/lt\/wp-json\/wp\/v2\/types\/product"}],"replies":[{"embeddable":true,"href":"https:\/\/medicinasinc.com\/lt\/wp-json\/wp\/v2\/comments?post=5520"}],"wp:featuredmedia":[{"embeddable":true,"href":"https:\/\/medicinasinc.com\/lt\/wp-json\/wp\/v2\/media\/5529"}],"wp:attachment":[{"href":"https:\/\/medicinasinc.com\/lt\/wp-json\/wp\/v2\/media?parent=5520"}],"wp:term":[{"taxonomy":"product_brand","embeddable":true,"href":"https:\/\/medicinasinc.com\/lt\/wp-json\/wp\/v2\/product_brand?post=5520"},{"taxonomy":"product_cat","embeddable":true,"href":"https:\/\/medicinasinc.com\/lt\/wp-json\/wp\/v2\/product_cat?post=5520"},{"taxonomy":"product_tag","embeddable":true,"href":"https:\/\/medicinasinc.com\/lt\/wp-json\/wp\/v2\/product_tag?post=5520"}],"curies":[{"name":"wp","href":"https:\/\/api.w.org\/{rel}","templated":true}]}}