{"id":5497,"date":"2022-02-22T00:36:43","date_gmt":"2022-02-22T00:36:43","guid":{"rendered":"https:\/\/medicinasinc.com\/lt\/?post_type=product&#038;p=5497"},"modified":"2022-03-20T12:15:20","modified_gmt":"2022-03-20T12:15:20","slug":"pirkti-etizolamas-milteliai","status":"publish","type":"product","link":"https:\/\/medicinasinc.com\/lt\/product\/pirkti-etizolamas-milteliai\/","title":{"rendered":"Pirkite etizolamo miltelius"},"content":{"rendered":"<p>Etizolamo chemija<\/p>\n<p>Etizolamo cheminis pavadinimas yra \u201e4-(2-chlorfenil)-2-etil-9-metil-6H-tieno[3,2-f][1,2,4] triazolo[4,3-a][1,4]diazepinas. Nustatyta, kad \u0161io vaisto molekulin\u0117 mas\u0117 yra 342,07 g\/mol, o jo grynumas geriausiomis formomis yra 99,5 proc. arba didesnis. \u012erodyta, kad \u0161io vaisto molekul\u0117 yra stabili ma\u017eiausiai dvejus ar trejus metus kambario temperat\u016broje arba nuo 20 oC iki 25 oC, tai yra rekomenduojama laikymo temperat\u016bra. Nepaisant jo kaip moksliniams tyrimams skirtos chemin\u0117s med\u017eiagos statuso, gydytojai paskyr\u0117 etizolamo nerimo sergantiems pacientams gydyti.<\/p>\n<p>Etizolamo kilm\u0117 ir raida<\/p>\n<p>Pilka mokslini\u0173 tyrim\u0173 chemin\u0117 med\u017eiaga etizolamas debiutavo 2011 m. be recepto raminamasis vaistas. D\u0117l savo nebrangi\u0173 s\u0105naud\u0173, didelio gamini\u0173 pasirinkimo ir daugyb\u0117s pritaikym\u0173 jis v\u0117liau tapo populiarus daugelio \u017emoni\u0173 pasirinkimas. Ne\u017einoma, i\u0161 kur atsirado \u0161i formul\u0117, ta\u010diau ji buvo susieta su 1990-aisiais atliktais tyrimais.<\/p>\n<p>Norint gydyti, kas jus vargina, gali b\u016bti paskirtas etizolamas.<\/p>\n<p>Antidepresantas Yra \u017einoma, kad vartojant etizolamo atsiranda raumenis atpalaiduojantis ir nerim\u0105 ma\u017einantis poveikis, ir tokiais atvejais jis buvo paskirtas medicininiam naudojimui. Nors \u0161is poveikis pasirei\u0161kia ne visiems vartotojams, vaistas gali padidinti alk\u012f. Streso ma\u017einimas ir atminties pertvarkymas yra dar du gerai dokumentuoti \u0161io vaisto naudojimo b\u016bdai. \u017dinoma, kad d\u0117l rekreacini\u0173 prie\u017eas\u010di\u0173 narkotikas, be kita ko, sukelia ego i\u0161p\u016btim\u0105, emocines represijas ir padidint\u0105 blaivumo jausm\u0105. \u017dmon\u0117s j\u012f vartojo ir pramoginiais tikslais.<\/p>\n<p>K\u0105 etizolamas veikia j\u016bs\u0173 organizm\u0105<\/p>\n<p>Vaist\u0105 vartojo daugyb\u0117 \u017emoni\u0173, pradedant mokslininkais ir baigiant pla\u010di\u0105ja visuomene. Vartojant vaist\u0105, jis daro \u012fvair\u0173 poveik\u012f k\u016bnui, protui ir suvokimui apie save. Vaistas ver\u010dia jaustis silpnai ir nesugeba reguliuoti savo k\u016bno. Padid\u0117ja \u017emogaus geb\u0117jimas laisvai kv\u0117puoti, o kartu ir fizin\u0117 palaima. Mieguistumas ir miego tr\u016bkumas taip pat gali pasireik\u0161ti kaip \u0161alutinis vaisto poveikis. Be to, med\u017eiaga turi kognityvin\u012f poveik\u012f, nes ji veikia organizmo geb\u0117jim\u0105 atlikti reguliarias operacijas, trukdydama motorinio nervo veiklai. Gali b\u016bti paveikta smegen\u0173 hipokampo sritis, o tai gali sukelti trumpalaik\u0117s atminties praradim\u0105.<\/p>\n<p>Vaistas taip pat ma\u017eina motyvacij\u0105 ir energijos lyg\u012f, taip pat turi \u012ftakos smegen\u0173 geb\u0117jimui suvokti mintis. .<\/p>\n<p>Toksi\u0161kum\u0105 taip pat gali sukelti vaiste esantys ter\u0161alai.<\/p>\n<p>Etizolamas: rekomenduojamos doz\u0117s ir nepageidaujamas poveikis klinikin\u0117je praktikoje<\/p>\n<p>Nuo 0,2 mg iki 5 mg, vaisto doz\u0117s yra \u012fvairios. Lengvos vaisto doz\u0117s yra nuo 0,2 mg iki 1 mg, o da\u017eniausiai skiriama nuo 1 iki 2 mg. Didel\u0117 doz\u0117 yra tokia, kuri vir\u0161ija arba lygi 5 miligramams.<\/p>\n<p>D\u0117l to daugelis \u017emoni\u0173 vartoja didesn\u0119 doz\u0119, kad patirt\u0173 vis\u0105 spektr\u0105 teigiam\u0173 poveiki\u0173, d\u0117l kuri\u0173 vaistas buvo \u012ftrauktas \u012f s\u0105ra\u0161\u0105. . Didesn\u0117 doz\u0117 gali sukelti \u012fvairesn\u012f poveik\u012f, ta\u010diau ji taip pat turi pavojingesni\u0173 \u0161alutini\u0173 poveiki\u0173, pvz., didel\u0119 \u017eal\u0105 ar mirt\u012f pa\u010diomis ekstremaliausiomis aplinkyb\u0117mis.<\/p>\n<p>Etizolamo vartoti leid\u017eiama.<\/p>\n<p>Nepaisant to, kad vaistas priskiriamas kontroliuojamoms ir \u012f oficial\u0173 s\u0105ra\u0161\u0105 \u012ftrauktoms med\u017eiagoms, daugumoje \u0161ali\u0173 jo gamyba, tiekimas ir laikymas n\u0117ra u\u017edraustas.<\/p>\n<p>Ar \u017einote, kur gauti etizolamo milteli\u0173?<\/p>\n<p>Laboratorijoms, vaistin\u0117ms, tyrim\u0173 institucijoms ir \u017emon\u0117ms m\u016bs\u0173 internetin\u0117 vaist\u0173 parduotuv\u0117 si\u016blo auk\u0161tos kokyb\u0117s FUB \u2013 AKB48 u\u017e teising\u0105 kain\u0105.<\/p>\n","protected":false},"excerpt":{"rendered":"<div class=\"woocommerce-product-details__short-description\">\n<p>\u012esigykite parduoti etizolamo miltelius JK, ES, Europoje\u00a0u\u017e ma\u017eiausi\u0105 kain\u0105. Etizolamo milteliai naudojami kaip vaistas nerimui, nemigai ir panikos priepuoliams gydyti.<\/p>\n<p>Etizolamo miltelius galima \u012fsigyti internetu. Kur \u012fsigyti etizolamo milteli\u0173 internetu?<\/p>\n<p>Auk\u0161\u010diausios kokyb\u0117s etizolamo miltelius galite \u012fsigyti i\u0161 BestGlobalMeds.com, patikimiausios internetin\u0117s vaistin\u0117s.<\/p>\n<p>Be etizolamo, kiti jo prek\u0117s \u017eenklai apima Etilaam ir Etizest. Etizolamas yra sintetinis tienodiazepino analogas, pasi\u017eymintis depresin\u0117mis savyb\u0117mis, pana\u0161iomis \u012f benzodiazepinus, ma\u017einant nerim\u0105, stres\u0105 ir skatinant raumen\u0173 atsipalaidavim\u0105. Be table\u010di\u0173, milteli\u0173 ir tirpalo, tai populiari chemin\u0117 med\u017eiaga moksliniams tyrimams.<\/p>\n<\/p><\/div>\n","protected":false},"featured_media":5509,"comment_status":"open","ping_status":"closed","template":"","meta":[],"product_brand":[],"product_cat":[2014],"product_tag":[2898,2972,2903,2904,2905,2906,2911,2912,2913,2914,2919,2920,2921,2922,2927,2928,2929,2930,2935,2936,2937,2938,2943,2944,2945,2946,2951,2952,2953,2915,2916,2918,2917,2934,2947,2948,2939,2940,2926,2925,2924,2950,2949,2942,2941,2955,2956,2961,2957,2958,2959,2966,2964,2923,2968,2963,2965,2967,2969,2970,2971,2960,2900,2933,2931,2932,2910,2902,2901,2909,2907,2908,2899,2954,2962],"class_list":{"0":"post-5497","1":"product","2":"type-product","3":"status-publish","4":"has-post-thumbnail","6":"product_cat-pirkti-tyrineti-chemikalai","7":"product_tag-etizolamo-milteliai-1-g","8":"product_tag-bus-etizolamo-milteliai-tirpsta-alyvuogi-aliejuje","9":"product_tag-buy-etizolam-powder","10":"product_tag-buy-etizolam-powder-by-the-gram-usa","11":"product_tag-buy-etizolam-powder-online","12":"product_tag-buy-etizolam-powder-uk","13":"product_tag-buy-etizolam-usa-domestic","14":"product_tag-buy-etizolam-usa-overnight-delivery","15":"product_tag-buy-etizolam-with-paypal","16":"product_tag-buy-liquid-etizolam-usa","17":"product_tag-etizolam-liquid","18":"product_tag-etizolam-powder-australia","19":"product_tag-etizolam-powder-buy","20":"product_tag-etizolam-powder-canada","21":"product_tag-etizolam-powder-dose","22":"product_tag-etizolam-powder-dosing","23":"product_tag-etizolam-powder-eu","24":"product_tag-etizolam-powder-europe","25":"product_tag-etizolam-powder-measurement","26":"product_tag-etizolam-powder-online","27":"product_tag-etizolam-powder-price","28":"product_tag-etizolam-powder-prices","29":"product_tag-etizolam-powder-taste","30":"product_tag-etizolam-powder-to-solution","31":"product_tag-etizolam-powder-uk","32":"product_tag-etizolam-powder-us","33":"product_tag-etizolam-powder-vendor","34":"product_tag-etizolam-powder-wholesale","35":"product_tag-etizolam-powders","36":"product_tag-etizolamas-1","37":"product_tag-etizolamas-30-ml","38":"product_tag-etizolamas-parduodama-usa","39":"product_tag-etizolamo-dozavimas","40":"product_tag-etizolamo-milteli-c5-b3","41":"product_tag-etizolamas-milteliai-usa","42":"product_tag-etizolamo-milteli-usa-tiekjas","43":"product_tag-etizolamas-milteliai-pristatomas","44":"product_tag-etizolamo-milteli-apvalga","45":"product_tag-etizolamo-milteli-dozavimas","46":"product_tag-etizolamas-milteliai-kreditin-kortel","47":"product_tag-etizolamas-milteliai-miestas","48":"product_tag-etizolamo-milteli-naudojimas","49":"product_tag-etizolamas-milteliai-usa-pardavjas","50":"product_tag-etizolamo-milteli-tirpumas","51":"product_tag-etizolamo-milteli-vieta","52":"product_tag-etizolamo-tablets","53":"product_tag-etizolam-xanax-milteliai","54":"product_tag-grynas-etizolamas-milteliai","55":"product_tag-how-to-ingest-etizolam-powder","56":"product_tag-is-etizolam-addictive-and-why-is-etizolam-abused","57":"product_tag-is-etizolam-safe","58":"product_tag-kas-yra--etizolam","59":"product_tag-kam-mons-paprastai-naudoja-etizolam","60":"product_tag-etizolamas-milteliai-kinija","61":"product_tag-kokia-etizolamo-skysio-svarba","62":"product_tag-kokie-tirpikliai-naudojami-etizolamui-konvertuoti","63":"product_tag-koks-etizolamo-milteli-skonio","64":"product_tag-kas-yra-etizolamas","65":"product_tag-kur-pirkti-etizolam","66":"product_tag-kur-pirkti-etizolam-internetu","67":"product_tag-kur-pirkti-etizolamo-milteli","68":"product_tag-milteliai-tirpale","69":"product_tag-pirk-etizolamas-japonija","70":"product_tag-etizolamo-milteliai-parduodama-apvalgos","71":"product_tag-parduodama-etizolamo-milteliai","72":"product_tag-etizolamo-milteliai-parduodama-kinija","73":"product_tag-pirkti-etizolamas-galia","74":"product_tag-pirkti-etizolam-online-usa","75":"product_tag-pirkite-etizolam-internetu-jungtinse-valstijose","76":"product_tag-pirkti-etizolamo-milteliai","77":"product_tag-pirk-etizolamas-milteliai-usa","78":"product_tag-pirkti-etizolamo-miltelius-usa-su-kreditine-kortele","79":"product_tag-pirkti-aniracetamas-milteliai","80":"product_tag-etizolamas-tirpalas-pirkti","81":"product_tag-reddit-etizolam-pardavjai","83":"first","84":"instock","85":"shipping-taxable","86":"purchasable","87":"product-type-variable","88":"has-default-attributes"},"yoast_head":"<!-- This site is optimized with the Yoast SEO plugin v27.3 - https:\/\/yoast.com\/product\/yoast-seo-wordpress\/ -->\n<title>Pirkite etizolamo miltelius - Etizolamo miltelius Europoje - geriausius pasaulinius vaistus<\/title>\n<meta name=\"description\" content=\"Pirkite etizolamo miltelius JK, ES, Europoje u\u017e ma\u017eiausi\u0105 kain\u0105. Etizolamo milteliai naudojami kaip vaistas nuo nerimo, nemigos ir panikos priepuoli\u0173.\" \/>\n<meta name=\"robots\" content=\"index, follow, max-snippet:-1, max-image-preview:large, max-video-preview:-1\" \/>\n<link rel=\"canonical\" href=\"https:\/\/medicinasinc.com\/lt\/product\/pirkti-etizolamas-milteliai\/\" \/>\n<meta property=\"og:locale\" content=\"en_US\" \/>\n<meta property=\"og:type\" content=\"article\" \/>\n<meta property=\"og:title\" content=\"Pirkite etizolamo miltelius - Etizolamo miltelius Europoje - geriausius pasaulinius vaistus\" \/>\n<meta property=\"og:description\" content=\"Pirkite etizolamo miltelius JK, ES, Europoje u\u017e ma\u017eiausi\u0105 kain\u0105. Etizolamo milteliai naudojami kaip vaistas nuo nerimo, nemigos ir panikos priepuoli\u0173.\" \/>\n<meta property=\"og:url\" content=\"https:\/\/medicinasinc.com\/lt\/product\/pirkti-etizolamas-milteliai\/\" \/>\n<meta property=\"og:site_name\" content=\"Medicinas Inc\" \/>\n<meta property=\"article:modified_time\" content=\"2022-03-20T12:15:20+00:00\" \/>\n<meta property=\"og:image\" content=\"https:\/\/medicinasinc.com\/lt\/wp-content\/uploads\/sites\/9\/2022\/02\/Buy_Etizolam_powder.jpg\" \/>\n\t<meta property=\"og:image:width\" content=\"500\" \/>\n\t<meta property=\"og:image:height\" content=\"500\" \/>\n\t<meta property=\"og:image:type\" content=\"image\/jpeg\" \/>\n<meta name=\"twitter:card\" content=\"summary_large_image\" \/>\n<meta name=\"twitter:label1\" content=\"Est. reading time\" \/>\n\t<meta name=\"twitter:data1\" content=\"3 minutes\" \/>\n<script type=\"application\/ld+json\" class=\"yoast-schema-graph\">{\"@context\":\"https:\\\/\\\/schema.org\",\"@graph\":[{\"@type\":\"WebPage\",\"@id\":\"https:\\\/\\\/medicinasinc.com\\\/lt\\\/product\\\/pirkti-etizolamas-milteliai\\\/\",\"url\":\"https:\\\/\\\/medicinasinc.com\\\/lt\\\/product\\\/pirkti-etizolamas-milteliai\\\/\",\"name\":\"Pirkite etizolamo miltelius - Etizolamo miltelius Europoje - geriausius pasaulinius vaistus\",\"isPartOf\":{\"@id\":\"https:\\\/\\\/medicinasinc.com\\\/lt\\\/#website\"},\"primaryImageOfPage\":{\"@id\":\"https:\\\/\\\/medicinasinc.com\\\/lt\\\/product\\\/pirkti-etizolamas-milteliai\\\/#primaryimage\"},\"image\":{\"@id\":\"https:\\\/\\\/medicinasinc.com\\\/lt\\\/product\\\/pirkti-etizolamas-milteliai\\\/#primaryimage\"},\"thumbnailUrl\":\"https:\\\/\\\/medicinasinc.com\\\/lt\\\/wp-content\\\/uploads\\\/sites\\\/9\\\/2022\\\/02\\\/Buy_Etizolam_powder.jpg\",\"datePublished\":\"2022-02-22T00:36:43+00:00\",\"dateModified\":\"2022-03-20T12:15:20+00:00\",\"description\":\"Pirkite etizolamo miltelius JK, ES, Europoje u\u017e ma\u017eiausi\u0105 kain\u0105. Etizolamo milteliai naudojami kaip vaistas nuo nerimo, nemigos ir panikos priepuoli\u0173.\",\"breadcrumb\":{\"@id\":\"https:\\\/\\\/medicinasinc.com\\\/lt\\\/product\\\/pirkti-etizolamas-milteliai\\\/#breadcrumb\"},\"inLanguage\":\"en-US\",\"potentialAction\":[{\"@type\":\"ReadAction\",\"target\":[\"https:\\\/\\\/medicinasinc.com\\\/lt\\\/product\\\/pirkti-etizolamas-milteliai\\\/\"]}]},{\"@type\":\"ImageObject\",\"inLanguage\":\"en-US\",\"@id\":\"https:\\\/\\\/medicinasinc.com\\\/lt\\\/product\\\/pirkti-etizolamas-milteliai\\\/#primaryimage\",\"url\":\"https:\\\/\\\/medicinasinc.com\\\/lt\\\/wp-content\\\/uploads\\\/sites\\\/9\\\/2022\\\/02\\\/Buy_Etizolam_powder.jpg\",\"contentUrl\":\"https:\\\/\\\/medicinasinc.com\\\/lt\\\/wp-content\\\/uploads\\\/sites\\\/9\\\/2022\\\/02\\\/Buy_Etizolam_powder.jpg\",\"width\":500,\"height\":500},{\"@type\":\"BreadcrumbList\",\"@id\":\"https:\\\/\\\/medicinasinc.com\\\/lt\\\/product\\\/pirkti-etizolamas-milteliai\\\/#breadcrumb\",\"itemListElement\":[{\"@type\":\"ListItem\",\"position\":1,\"name\":\"Parduotuv\u0117\",\"item\":\"https:\\\/\\\/medicinasinc.com\\\/lt\\\/parduotuve\\\/\"},{\"@type\":\"ListItem\",\"position\":2,\"name\":\"Pirkite etizolamo miltelius\"}]},{\"@type\":\"WebSite\",\"@id\":\"https:\\\/\\\/medicinasinc.com\\\/lt\\\/#website\",\"url\":\"https:\\\/\\\/medicinasinc.com\\\/lt\\\/\",\"name\":\"Medicinas Inc\",\"description\":\"Sveikatos medicinos klinika\",\"potentialAction\":[{\"@type\":\"SearchAction\",\"target\":{\"@type\":\"EntryPoint\",\"urlTemplate\":\"https:\\\/\\\/medicinasinc.com\\\/lt\\\/?s={search_term_string}\"},\"query-input\":{\"@type\":\"PropertyValueSpecification\",\"valueRequired\":true,\"valueName\":\"search_term_string\"}}],\"inLanguage\":\"en-US\"}]}<\/script>\n<!-- \/ Yoast SEO plugin. -->","yoast_head_json":{"title":"Pirkite etizolamo miltelius - Etizolamo miltelius Europoje - geriausius pasaulinius vaistus","description":"Pirkite etizolamo miltelius JK, ES, Europoje u\u017e ma\u017eiausi\u0105 kain\u0105. Etizolamo milteliai naudojami kaip vaistas nuo nerimo, nemigos ir panikos priepuoli\u0173.","robots":{"index":"index","follow":"follow","max-snippet":"max-snippet:-1","max-image-preview":"max-image-preview:large","max-video-preview":"max-video-preview:-1"},"canonical":"https:\/\/medicinasinc.com\/lt\/product\/pirkti-etizolamas-milteliai\/","og_locale":"en_US","og_type":"article","og_title":"Pirkite etizolamo miltelius - Etizolamo miltelius Europoje - geriausius pasaulinius vaistus","og_description":"Pirkite etizolamo miltelius JK, ES, Europoje u\u017e ma\u017eiausi\u0105 kain\u0105. Etizolamo milteliai naudojami kaip vaistas nuo nerimo, nemigos ir panikos priepuoli\u0173.","og_url":"https:\/\/medicinasinc.com\/lt\/product\/pirkti-etizolamas-milteliai\/","og_site_name":"Medicinas Inc","article_modified_time":"2022-03-20T12:15:20+00:00","og_image":[{"width":500,"height":500,"url":"https:\/\/medicinasinc.com\/lt\/wp-content\/uploads\/sites\/9\/2022\/02\/Buy_Etizolam_powder.jpg","type":"image\/jpeg"}],"twitter_card":"summary_large_image","twitter_misc":{"Est. reading time":"3 minutes"},"schema":{"@context":"https:\/\/schema.org","@graph":[{"@type":"WebPage","@id":"https:\/\/medicinasinc.com\/lt\/product\/pirkti-etizolamas-milteliai\/","url":"https:\/\/medicinasinc.com\/lt\/product\/pirkti-etizolamas-milteliai\/","name":"Pirkite etizolamo miltelius - Etizolamo miltelius Europoje - geriausius pasaulinius vaistus","isPartOf":{"@id":"https:\/\/medicinasinc.com\/lt\/#website"},"primaryImageOfPage":{"@id":"https:\/\/medicinasinc.com\/lt\/product\/pirkti-etizolamas-milteliai\/#primaryimage"},"image":{"@id":"https:\/\/medicinasinc.com\/lt\/product\/pirkti-etizolamas-milteliai\/#primaryimage"},"thumbnailUrl":"https:\/\/medicinasinc.com\/lt\/wp-content\/uploads\/sites\/9\/2022\/02\/Buy_Etizolam_powder.jpg","datePublished":"2022-02-22T00:36:43+00:00","dateModified":"2022-03-20T12:15:20+00:00","description":"Pirkite etizolamo miltelius JK, ES, Europoje u\u017e ma\u017eiausi\u0105 kain\u0105. Etizolamo milteliai naudojami kaip vaistas nuo nerimo, nemigos ir panikos priepuoli\u0173.","breadcrumb":{"@id":"https:\/\/medicinasinc.com\/lt\/product\/pirkti-etizolamas-milteliai\/#breadcrumb"},"inLanguage":"en-US","potentialAction":[{"@type":"ReadAction","target":["https:\/\/medicinasinc.com\/lt\/product\/pirkti-etizolamas-milteliai\/"]}]},{"@type":"ImageObject","inLanguage":"en-US","@id":"https:\/\/medicinasinc.com\/lt\/product\/pirkti-etizolamas-milteliai\/#primaryimage","url":"https:\/\/medicinasinc.com\/lt\/wp-content\/uploads\/sites\/9\/2022\/02\/Buy_Etizolam_powder.jpg","contentUrl":"https:\/\/medicinasinc.com\/lt\/wp-content\/uploads\/sites\/9\/2022\/02\/Buy_Etizolam_powder.jpg","width":500,"height":500},{"@type":"BreadcrumbList","@id":"https:\/\/medicinasinc.com\/lt\/product\/pirkti-etizolamas-milteliai\/#breadcrumb","itemListElement":[{"@type":"ListItem","position":1,"name":"Parduotuv\u0117","item":"https:\/\/medicinasinc.com\/lt\/parduotuve\/"},{"@type":"ListItem","position":2,"name":"Pirkite etizolamo miltelius"}]},{"@type":"WebSite","@id":"https:\/\/medicinasinc.com\/lt\/#website","url":"https:\/\/medicinasinc.com\/lt\/","name":"Medicinas Inc","description":"Sveikatos medicinos klinika","potentialAction":[{"@type":"SearchAction","target":{"@type":"EntryPoint","urlTemplate":"https:\/\/medicinasinc.com\/lt\/?s={search_term_string}"},"query-input":{"@type":"PropertyValueSpecification","valueRequired":true,"valueName":"search_term_string"}}],"inLanguage":"en-US"}]}},"_links":{"self":[{"href":"https:\/\/medicinasinc.com\/lt\/wp-json\/wp\/v2\/product\/5497","targetHints":{"allow":["GET"]}}],"collection":[{"href":"https:\/\/medicinasinc.com\/lt\/wp-json\/wp\/v2\/product"}],"about":[{"href":"https:\/\/medicinasinc.com\/lt\/wp-json\/wp\/v2\/types\/product"}],"replies":[{"embeddable":true,"href":"https:\/\/medicinasinc.com\/lt\/wp-json\/wp\/v2\/comments?post=5497"}],"wp:featuredmedia":[{"embeddable":true,"href":"https:\/\/medicinasinc.com\/lt\/wp-json\/wp\/v2\/media\/5509"}],"wp:attachment":[{"href":"https:\/\/medicinasinc.com\/lt\/wp-json\/wp\/v2\/media?parent=5497"}],"wp:term":[{"taxonomy":"product_brand","embeddable":true,"href":"https:\/\/medicinasinc.com\/lt\/wp-json\/wp\/v2\/product_brand?post=5497"},{"taxonomy":"product_cat","embeddable":true,"href":"https:\/\/medicinasinc.com\/lt\/wp-json\/wp\/v2\/product_cat?post=5497"},{"taxonomy":"product_tag","embeddable":true,"href":"https:\/\/medicinasinc.com\/lt\/wp-json\/wp\/v2\/product_tag?post=5497"}],"curies":[{"name":"wp","href":"https:\/\/api.w.org\/{rel}","templated":true}]}}