{"id":5496,"date":"2022-02-22T00:34:51","date_gmt":"2022-02-22T00:34:51","guid":{"rendered":"https:\/\/medicinasinc.com\/lt\/?post_type=product&#038;p=5496"},"modified":"2022-03-20T12:15:28","modified_gmt":"2022-03-20T12:15:28","slug":"pirkti-fentanilio-citrato-injekcija","status":"publish","type":"product","link":"https:\/\/medicinasinc.com\/lt\/product\/pirkti-fentanilio-citrato-injekcija\/","title":{"rendered":"Pirkite fentanilio citrato \u012fpur\u0161kim\u0105"},"content":{"rendered":"<p>Jame yra fentanilio citrato, atitinkan\u010dio 50 mikrogram\u0173 doz\u0119 mililitre.<\/p>\n<p>Fentanilo citratas, 100 mikrogram\u0173 2 ml ampul\u0117je, yra kiekvienos ampul\u0117s veiklioji med\u017eiaga.<\/p>\n<p> Kiekvienoje 10 ml ampul\u0117je yra apie 500 mikrogram\u0173 fentanilio citrato.<\/p>\n<p>Kiekviename buteliuke yra fentanilo citrato, 2500 mikrogram\u0173.<\/p>\n<p>&nbsp;<\/p>\n<p> \u0160io vaisto sud\u0117tyje yra:<\/p>\n<p>\u2022 Kiekvienoje 2 ml ampul\u0117je yra 7,1 mg (arba 0,31 mmol) natrio, tod\u0117l joje beveik n\u0117ra natrio.\u201c<\/p>\n<p>Kiekvienoje 10 ml ampul\u0117je yra 35,4 mg (arba 1,54 mmol) natrio, o tai yra pana\u0161u \u012f 2 % PSO rekomenduojamos did\u017eiausios paros normos suaugusiam \u017emogui \u2013 2 g natrio.<\/p>\n<p>9 procentai Pasaulio sveikatos organizacijos rekomenduojamo did\u017eiausio paros suvartojimo. 2 gramai natrio suaugusiam \u017emogui yra 50 ml buteliuke, kuriame yra 177 mg natrio.<\/p>\n<p>Opioidinis analgetikas fentanilis naudojamas:<\/p>\n<p>&#8211; nedidel\u0117mis doz\u0117mis trumpoms chirurgin\u0117ms proced\u016broms, suteikti nuskausminam\u0173j\u0173<\/p>\n<p>per gyvenim\u0105 &#8211; taupantis gydymas pacientams, kurie priklausomi nuo ventiliatori\u0173<\/p>\n<p>naudojant neuroleptikus kaip neuroleptanalgezijos metodo dal\u012f<\/p>\n<p>Skausmingus miokardo infarkto simptomus galima suma\u017einti vartojant opioidus<\/p>\n<p>Prie\u0161 pradedant gydym\u0105 opioidais aptarkite su pacientais gydymo fentaniliu pabaigos strategijos b\u016btinyb\u0119, kad b\u016bt\u0173 suma\u017einta priklausomyb\u0117s ir narkotik\u0173 vartojimo nutraukimo sindromo rizika (\u017er. 4.4 skyri\u0173).<\/p>\n<p>Intraveninis boliusas arba infuzija Injekcija po oda.<\/p>\n<p>Kol galima reguliuoti paciento kv\u0117pavimo takus, fentanilis turi b\u016bti skiriamas tik kontroliuojamoje aplinkoje (\u017er. 4.4 skyri\u0173 Special\u016bs \u012fsp\u0117jimai ir atsargumo priemon\u0117s). <\/p>\n<p>Si\u016bloma prie\u0161 pat anestezijos suk\u0117lim\u0105 \u012f ven\u0105 suleisti trump\u0105 anticholinerginio vaisto doz\u0119, kad b\u016bt\u0173 i\u0161vengta bradikardijos.<\/p>\n<p>Atidarant ampul\u0119, rekomenduojama m\u016bv\u0117ti pir\u0161tines.<\/p>\n","protected":false},"excerpt":{"rendered":"<p>Pirkite Fentanil Citrate Injection 50 mikrogram\u0173\/ml injekcij\u0105 i\u0161 geriausi\u0173 JK, Europos, Kinijos ir ES tyrim\u0173 laboratorij\u0173. Atskiras pristatymas visiems u\u017esakymams %100 garantija, u\u017esisakykite fentanilio 50 ml<\/p>\n<p>\u012esigykite 50 mikrogram\u0173\/ml fentanilio citrato injekcij\u0105 i\u0161 pirmaujan\u010di\u0173 JK, Europos, Kinijos ir ES tyrim\u0173 laboratorij\u0173. U\u017esisakykite fentanilio 50 mg visi\u0161kai pasitik\u0117dami, \u017einodami, kad j\u016bs\u0173 pakuot\u0117 bus pristatyta diskreti\u0161kai.<\/p>\n<p>Fentanilio injekcija 50 mikrogram\u0173\/ml.<br \/> Fentanilio injekcija, 100 mikrogram\u0173 2 mililitrais skys\u010dio<br \/> \u012epur\u0161kimas Fentanilis 250 mikrogram\u0173\/ml.<br \/> Fentanilio injekcija 500 mikrogram\u0173\/10 ml<br \/> Fentanilio injekcija 1000 mikrogram\u0173\/20 ml<br \/> Fentanilio injekcija 2500 mikrogram\u0173\/50 ml.<\/p>\n<p>Sud\u0117tyje yra fentanilio citratas, atitinkantis 50 mikrogram\u0173 mililitre doz\u0119.<\/p>\n<p>Fentanilo citratas, 100 mikrogram\u0173 2 ml ampul\u0117je, yra veiklioji med\u017eiaga kiekvienoje ampul\u0117je.<\/p>\n<p>Apie 500 mikrogram\u0173 fentanilio citrato yra kiekvienoje 10 ml ampul\u0117je.<\/p>\n<p>Fentanilo citratas, 2500 mikrogram\u0173 viename buteliuke, yra kiekviename buteliuke.<\/p>\n","protected":false},"featured_media":5507,"comment_status":"open","ping_status":"closed","template":"","meta":[],"product_brand":[],"product_cat":[2014],"product_tag":[2868,2869,2870,2871,2876,2877,2878,2879,2889,2894,2888,2880,2883,2884,2886,2887,2881,2882,2885,2890,2891,2897,2895,2896,2892,2893,2872,2874,2875,2867,2873],"class_list":{"0":"post-5496","1":"product","2":"type-product","3":"status-publish","4":"has-post-thumbnail","6":"product_cat-pirkti-tyrineti-chemikalai","7":"product_tag-buy-fentanyl-100-microgram-2ml-injection-online","8":"product_tag-buy-fentanyl-1000-microgram-20ml-injection","9":"product_tag-buy-fentanyl-1000-microgram-20ml-injection-online","10":"product_tag-buy-fentanyl-250-microgram-5ml-injection","11":"product_tag-buy-fentanyl-500-microgram-10ml-injection","12":"product_tag-buy-fentanyl-500-microgram-10ml-injection-online","13":"product_tag-buy-fentanyl-citrate-injection","14":"product_tag-buy-fentanyl-citrate-injection-online","15":"product_tag-fentanilis-citratas-injekcinis-kainos","16":"product_tag-fentanilo-citrato-purkimo-kainos","17":"product_tag-fentanilio-citrato-injekcija","18":"product_tag-fentanilio-100-mikrogram-2ml-injekcija","19":"product_tag-fentanilis-2500-mikrogram-50ml-injekcija","20":"product_tag-fentanilio-50-mikrogram-ml-injekcija","21":"product_tag-fentanilio-50-mikrogram-ml-injekcinis-tirpalas","22":"product_tag-fentanilis-500-mikrogram-10ml-injekcija","23":"product_tag-fentanyl-1000-microgram-20ml-injection","24":"product_tag-fentanyl-250-microgram-5ml-injection","25":"product_tag-fentanyl-50-micrograms-ml-injection","26":"product_tag-how-to-buy-fentanyl-citrate-injection-online","27":"product_tag-kaip-u-c5-besisakyti-fentanilo-citrato-injekcij-c4-85-internete","28":"product_tag-kur-usisakyti-fentanilo-citrato-injekcija-internete","29":"product_tag-kur-nusipirkti-fentanilo-citrato-injekcinis-tirpalas","30":"product_tag-kur-pirkti-fentanilo-citrato-injekcinis-internetu","31":"product_tag-order-fentanyl-citrate-injection","32":"product_tag-order-fentanyl-citrate-injection-online","33":"product_tag-pirkti-fentanil-250-mikrogram-5ml-injekcinis-internetu","34":"product_tag-pirkti-fentanil-2500-mikrogram-50ml-injekcinis-internetu","35":"product_tag-pirkite-fentanil-50-mikrogram-ml-injekcinis-internete","36":"product_tag-pirkti-fentanilis-100-mikrogram-c5-b3-2ml-injekcija","37":"product_tag-pirkti-fentanilis-2500-mikrogram-50ml-injekcinis","39":"first","40":"instock","41":"shipping-taxable","42":"purchasable","43":"product-type-variable"},"yoast_head":"<!-- This site is optimized with the Yoast SEO plugin v27.3 - https:\/\/yoast.com\/product\/yoast-seo-wordpress\/ -->\n<title>Pirkite fentanilio citrato injekcij\u0105 \u2013 geriausius pasaulinius vaistus<\/title>\n<meta name=\"description\" content=\"Pirkite Fentanil Citrate Injection 50 mikrogram\u0173\/ml injekcij\u0105 i\u0161 geriausi\u0173 JK, Europos, Kinijos, ES tyrim\u0173 laboratorij\u0173. Atskiras pristatymas visiems u\u017esakymams 0 garantija, u\u017esisakykite fentanilio 50 ml\" \/>\n<meta name=\"robots\" content=\"index, follow, max-snippet:-1, max-image-preview:large, max-video-preview:-1\" \/>\n<link rel=\"canonical\" href=\"https:\/\/medicinasinc.com\/lt\/product\/pirkti-fentanilio-citrato-injekcija\/\" \/>\n<meta property=\"og:locale\" content=\"en_US\" \/>\n<meta property=\"og:type\" content=\"article\" \/>\n<meta property=\"og:title\" content=\"Pirkite fentanilio citrato injekcij\u0105 \u2013 geriausius pasaulinius vaistus\" \/>\n<meta property=\"og:description\" content=\"Pirkite Fentanil Citrate Injection 50 mikrogram\u0173\/ml injekcij\u0105 i\u0161 geriausi\u0173 JK, Europos, Kinijos, ES tyrim\u0173 laboratorij\u0173. Atskiras pristatymas visiems u\u017esakymams 0 garantija, u\u017esisakykite fentanilio 50 ml\" \/>\n<meta property=\"og:url\" content=\"https:\/\/medicinasinc.com\/lt\/product\/pirkti-fentanilio-citrato-injekcija\/\" \/>\n<meta property=\"og:site_name\" content=\"Medicinas Inc\" \/>\n<meta property=\"article:modified_time\" content=\"2022-03-20T12:15:28+00:00\" \/>\n<meta property=\"og:image\" content=\"https:\/\/medicinasinc.com\/lt\/wp-content\/uploads\/sites\/9\/2022\/02\/Fentanyl-50-microgram.jpg\" \/>\n\t<meta property=\"og:image:width\" content=\"1996\" \/>\n\t<meta property=\"og:image:height\" content=\"1128\" \/>\n\t<meta property=\"og:image:type\" content=\"image\/jpeg\" \/>\n<meta name=\"twitter:card\" content=\"summary_large_image\" \/>\n<meta name=\"twitter:label1\" content=\"Est. reading time\" \/>\n\t<meta name=\"twitter:data1\" content=\"2 minutes\" \/>\n<script type=\"application\/ld+json\" class=\"yoast-schema-graph\">{\"@context\":\"https:\\\/\\\/schema.org\",\"@graph\":[{\"@type\":\"WebPage\",\"@id\":\"https:\\\/\\\/medicinasinc.com\\\/lt\\\/product\\\/pirkti-fentanilio-citrato-injekcija\\\/\",\"url\":\"https:\\\/\\\/medicinasinc.com\\\/lt\\\/product\\\/pirkti-fentanilio-citrato-injekcija\\\/\",\"name\":\"Pirkite fentanilio citrato injekcij\u0105 \u2013 geriausius pasaulinius vaistus\",\"isPartOf\":{\"@id\":\"https:\\\/\\\/medicinasinc.com\\\/lt\\\/#website\"},\"primaryImageOfPage\":{\"@id\":\"https:\\\/\\\/medicinasinc.com\\\/lt\\\/product\\\/pirkti-fentanilio-citrato-injekcija\\\/#primaryimage\"},\"image\":{\"@id\":\"https:\\\/\\\/medicinasinc.com\\\/lt\\\/product\\\/pirkti-fentanilio-citrato-injekcija\\\/#primaryimage\"},\"thumbnailUrl\":\"https:\\\/\\\/medicinasinc.com\\\/lt\\\/wp-content\\\/uploads\\\/sites\\\/9\\\/2022\\\/02\\\/Fentanyl-50-microgram.jpg\",\"datePublished\":\"2022-02-22T00:34:51+00:00\",\"dateModified\":\"2022-03-20T12:15:28+00:00\",\"description\":\"Pirkite Fentanil Citrate Injection 50 mikrogram\u0173\\\/ml injekcij\u0105 i\u0161 geriausi\u0173 JK, Europos, Kinijos, ES tyrim\u0173 laboratorij\u0173. Atskiras pristatymas visiems u\u017esakymams 0 garantija, u\u017esisakykite fentanilio 50 ml\",\"breadcrumb\":{\"@id\":\"https:\\\/\\\/medicinasinc.com\\\/lt\\\/product\\\/pirkti-fentanilio-citrato-injekcija\\\/#breadcrumb\"},\"inLanguage\":\"en-US\",\"potentialAction\":[{\"@type\":\"ReadAction\",\"target\":[\"https:\\\/\\\/medicinasinc.com\\\/lt\\\/product\\\/pirkti-fentanilio-citrato-injekcija\\\/\"]}]},{\"@type\":\"ImageObject\",\"inLanguage\":\"en-US\",\"@id\":\"https:\\\/\\\/medicinasinc.com\\\/lt\\\/product\\\/pirkti-fentanilio-citrato-injekcija\\\/#primaryimage\",\"url\":\"https:\\\/\\\/medicinasinc.com\\\/lt\\\/wp-content\\\/uploads\\\/sites\\\/9\\\/2022\\\/02\\\/Fentanyl-50-microgram.jpg\",\"contentUrl\":\"https:\\\/\\\/medicinasinc.com\\\/lt\\\/wp-content\\\/uploads\\\/sites\\\/9\\\/2022\\\/02\\\/Fentanyl-50-microgram.jpg\",\"width\":1996,\"height\":1128},{\"@type\":\"BreadcrumbList\",\"@id\":\"https:\\\/\\\/medicinasinc.com\\\/lt\\\/product\\\/pirkti-fentanilio-citrato-injekcija\\\/#breadcrumb\",\"itemListElement\":[{\"@type\":\"ListItem\",\"position\":1,\"name\":\"Parduotuv\u0117\",\"item\":\"https:\\\/\\\/medicinasinc.com\\\/lt\\\/parduotuve\\\/\"},{\"@type\":\"ListItem\",\"position\":2,\"name\":\"Pirkite fentanilio citrato \u012fpur\u0161kim\u0105\"}]},{\"@type\":\"WebSite\",\"@id\":\"https:\\\/\\\/medicinasinc.com\\\/lt\\\/#website\",\"url\":\"https:\\\/\\\/medicinasinc.com\\\/lt\\\/\",\"name\":\"Medicinas Inc\",\"description\":\"Sveikatos medicinos klinika\",\"potentialAction\":[{\"@type\":\"SearchAction\",\"target\":{\"@type\":\"EntryPoint\",\"urlTemplate\":\"https:\\\/\\\/medicinasinc.com\\\/lt\\\/?s={search_term_string}\"},\"query-input\":{\"@type\":\"PropertyValueSpecification\",\"valueRequired\":true,\"valueName\":\"search_term_string\"}}],\"inLanguage\":\"en-US\"}]}<\/script>\n<!-- \/ Yoast SEO plugin. -->","yoast_head_json":{"title":"Pirkite fentanilio citrato injekcij\u0105 \u2013 geriausius pasaulinius vaistus","description":"Pirkite Fentanil Citrate Injection 50 mikrogram\u0173\/ml injekcij\u0105 i\u0161 geriausi\u0173 JK, Europos, Kinijos, ES tyrim\u0173 laboratorij\u0173. Atskiras pristatymas visiems u\u017esakymams 0 garantija, u\u017esisakykite fentanilio 50 ml","robots":{"index":"index","follow":"follow","max-snippet":"max-snippet:-1","max-image-preview":"max-image-preview:large","max-video-preview":"max-video-preview:-1"},"canonical":"https:\/\/medicinasinc.com\/lt\/product\/pirkti-fentanilio-citrato-injekcija\/","og_locale":"en_US","og_type":"article","og_title":"Pirkite fentanilio citrato injekcij\u0105 \u2013 geriausius pasaulinius vaistus","og_description":"Pirkite Fentanil Citrate Injection 50 mikrogram\u0173\/ml injekcij\u0105 i\u0161 geriausi\u0173 JK, Europos, Kinijos, ES tyrim\u0173 laboratorij\u0173. Atskiras pristatymas visiems u\u017esakymams 0 garantija, u\u017esisakykite fentanilio 50 ml","og_url":"https:\/\/medicinasinc.com\/lt\/product\/pirkti-fentanilio-citrato-injekcija\/","og_site_name":"Medicinas Inc","article_modified_time":"2022-03-20T12:15:28+00:00","og_image":[{"width":1996,"height":1128,"url":"https:\/\/medicinasinc.com\/lt\/wp-content\/uploads\/sites\/9\/2022\/02\/Fentanyl-50-microgram.jpg","type":"image\/jpeg"}],"twitter_card":"summary_large_image","twitter_misc":{"Est. reading time":"2 minutes"},"schema":{"@context":"https:\/\/schema.org","@graph":[{"@type":"WebPage","@id":"https:\/\/medicinasinc.com\/lt\/product\/pirkti-fentanilio-citrato-injekcija\/","url":"https:\/\/medicinasinc.com\/lt\/product\/pirkti-fentanilio-citrato-injekcija\/","name":"Pirkite fentanilio citrato injekcij\u0105 \u2013 geriausius pasaulinius vaistus","isPartOf":{"@id":"https:\/\/medicinasinc.com\/lt\/#website"},"primaryImageOfPage":{"@id":"https:\/\/medicinasinc.com\/lt\/product\/pirkti-fentanilio-citrato-injekcija\/#primaryimage"},"image":{"@id":"https:\/\/medicinasinc.com\/lt\/product\/pirkti-fentanilio-citrato-injekcija\/#primaryimage"},"thumbnailUrl":"https:\/\/medicinasinc.com\/lt\/wp-content\/uploads\/sites\/9\/2022\/02\/Fentanyl-50-microgram.jpg","datePublished":"2022-02-22T00:34:51+00:00","dateModified":"2022-03-20T12:15:28+00:00","description":"Pirkite Fentanil Citrate Injection 50 mikrogram\u0173\/ml injekcij\u0105 i\u0161 geriausi\u0173 JK, Europos, Kinijos, ES tyrim\u0173 laboratorij\u0173. Atskiras pristatymas visiems u\u017esakymams 0 garantija, u\u017esisakykite fentanilio 50 ml","breadcrumb":{"@id":"https:\/\/medicinasinc.com\/lt\/product\/pirkti-fentanilio-citrato-injekcija\/#breadcrumb"},"inLanguage":"en-US","potentialAction":[{"@type":"ReadAction","target":["https:\/\/medicinasinc.com\/lt\/product\/pirkti-fentanilio-citrato-injekcija\/"]}]},{"@type":"ImageObject","inLanguage":"en-US","@id":"https:\/\/medicinasinc.com\/lt\/product\/pirkti-fentanilio-citrato-injekcija\/#primaryimage","url":"https:\/\/medicinasinc.com\/lt\/wp-content\/uploads\/sites\/9\/2022\/02\/Fentanyl-50-microgram.jpg","contentUrl":"https:\/\/medicinasinc.com\/lt\/wp-content\/uploads\/sites\/9\/2022\/02\/Fentanyl-50-microgram.jpg","width":1996,"height":1128},{"@type":"BreadcrumbList","@id":"https:\/\/medicinasinc.com\/lt\/product\/pirkti-fentanilio-citrato-injekcija\/#breadcrumb","itemListElement":[{"@type":"ListItem","position":1,"name":"Parduotuv\u0117","item":"https:\/\/medicinasinc.com\/lt\/parduotuve\/"},{"@type":"ListItem","position":2,"name":"Pirkite fentanilio citrato \u012fpur\u0161kim\u0105"}]},{"@type":"WebSite","@id":"https:\/\/medicinasinc.com\/lt\/#website","url":"https:\/\/medicinasinc.com\/lt\/","name":"Medicinas Inc","description":"Sveikatos medicinos klinika","potentialAction":[{"@type":"SearchAction","target":{"@type":"EntryPoint","urlTemplate":"https:\/\/medicinasinc.com\/lt\/?s={search_term_string}"},"query-input":{"@type":"PropertyValueSpecification","valueRequired":true,"valueName":"search_term_string"}}],"inLanguage":"en-US"}]}},"_links":{"self":[{"href":"https:\/\/medicinasinc.com\/lt\/wp-json\/wp\/v2\/product\/5496","targetHints":{"allow":["GET"]}}],"collection":[{"href":"https:\/\/medicinasinc.com\/lt\/wp-json\/wp\/v2\/product"}],"about":[{"href":"https:\/\/medicinasinc.com\/lt\/wp-json\/wp\/v2\/types\/product"}],"replies":[{"embeddable":true,"href":"https:\/\/medicinasinc.com\/lt\/wp-json\/wp\/v2\/comments?post=5496"}],"wp:featuredmedia":[{"embeddable":true,"href":"https:\/\/medicinasinc.com\/lt\/wp-json\/wp\/v2\/media\/5507"}],"wp:attachment":[{"href":"https:\/\/medicinasinc.com\/lt\/wp-json\/wp\/v2\/media?parent=5496"}],"wp:term":[{"taxonomy":"product_brand","embeddable":true,"href":"https:\/\/medicinasinc.com\/lt\/wp-json\/wp\/v2\/product_brand?post=5496"},{"taxonomy":"product_cat","embeddable":true,"href":"https:\/\/medicinasinc.com\/lt\/wp-json\/wp\/v2\/product_cat?post=5496"},{"taxonomy":"product_tag","embeddable":true,"href":"https:\/\/medicinasinc.com\/lt\/wp-json\/wp\/v2\/product_tag?post=5496"}],"curies":[{"name":"wp","href":"https:\/\/api.w.org\/{rel}","templated":true}]}}