{"id":5495,"date":"2022-02-22T00:33:03","date_gmt":"2022-02-22T00:33:03","guid":{"rendered":"https:\/\/medicinasinc.com\/lt\/?post_type=product&#038;p=5495"},"modified":"2022-03-20T12:15:39","modified_gmt":"2022-03-20T12:15:39","slug":"pirkti-fentanilio-milteliai","status":"publish","type":"product","link":"https:\/\/medicinasinc.com\/lt\/product\/pirkti-fentanilio-milteliai\/","title":{"rendered":"Pirkite fentanilio miltelius"},"content":{"rendered":"<p>Fentanilio milteli\u0173 pirkimas internetu<\/p>\n<p>Galite \u012fsigyti fentanilio milteli\u0173 u\u017e ger\u0105 kain\u0105. Fentanul milteliai yra labai gryni. Tai fantasti\u0161kas sandoris! Veiksmingiausi vaistai visame pasaulyje<\/p>\n<p>Kas yra fentanilio milteliai?<\/p>\n<p>Fentanilis, taip pat \u017einomas kaip fentanilis, yra opioidas, naudojamas kaip skausm\u0105 mal\u0161inantis vaistas ir kartu su kitais vaistais anestezijai. . Da\u017eniausiai poveikis trunka ma\u017eiau nei valand\u0105 ar dvi. Fentanilis yra \u012fvairi\u0173 form\u0173, \u012fskaitant injekcijas, odos pleistrus ir absorbcij\u0105 per burn\u0105. Fentanulis taip pat kartais parduodamas milteli\u0173 pavidalu. Laboratorijose da\u017eniausiai naudojami milteliai.<\/p>\n<p>&nbsp;<\/p>\n<p>Pirkite fentanilio miltelius internetu i\u0161 geriausi\u0173 pasaulio vaist\u0173<\/p>\n<p>\u0160iuo metu jums gali kilti klausimas, kas yra opioidas. Opioidai yra narkotik\u0173 klas\u0117. Opioidai yra med\u017eiagos, kurios s\u0105veikauja su opioid\u0173 receptoriais ir sukelia \u012f opium\u0105 pana\u0161\u0173 poveik\u012f. Vicodinas, oksikontinas, oksikodonas ir perkocetas patenka \u012f \u0161i\u0105 kategorij\u0105. Fentanilis taip pat \u012ftrauktas \u012f raminamuosius vaistus. Raminamieji vaistai yra tam tikros r\u016b\u0161ies vaistai arba med\u017eiaga, naudojama centrinei nerv\u0173 sistemai nuraminti. Galima sakyti, kad fentanilis naudojamas centrinei nerv\u0173 sistemai nuraminti. u-47700 milteliai taip pat yra geras depresantas. Geriausia vieta Fentanilio \u012fsigyti yra internete.<\/p>\n<p>Pykinimas, viduri\u0173 u\u017ekiet\u0117jimas, nuovargis ir sumi\u0161imas yra vienas i\u0161 da\u017eniausiai pasitaikan\u010di\u0173 \u0161alutini\u0173 poveiki\u0173. Kv\u0117pavimo pastang\u0173 ma\u017einimas (kv\u0117pavimo slopinimas), serotonino sindromas ir \u017eemas kraujosp\u016bdis yra visi galimi \u0161alutiniai vaisto poveikiai. Suaktyvindamas opioidinius receptorius, fentanilis veikia i\u0161 dalies. Tam tikram kiekiui jis yra 75 kartus stipresnis u\u017e morf\u0105. Kai kurie fentanilio analogai gali b\u016bti 10 000 kart\u0173 stipresni u\u017e morfij\u0173. Parduodami fentanilio milteliai<\/p>\n","protected":false},"excerpt":{"rendered":"<p>Naudodami m\u016bs\u0173 Bestglobalmeds.com svetain\u0119, galite \u012fsigyti FENTANILO MILTELI\u0172, skirt\u0173 parduoti Jungtin\u0117je Karalyst\u0117je ir Europos S\u0105jungoje. \u010cia atrasite pigiausi\u0105 FENTANIL\u012e!<\/p>\n<p>Fentanilio milteliai, popierius dro\u017eimui ir masin\u0117 gamyba Kinijoje yra keli nefarmacinio fentanilio pardavimo b\u016bdai.<\/p>\n<p>Fentanilis vartojamas skausmui, kurio negali numal\u0161inti kitais vaistais, pvz., l\u0117tiniam ar nepakeliamam skausmui mal\u0161inti. Narkotinis skausm\u0105 mal\u0161inantis vaistas, \u0161is vaistas yra paskirtas.<br \/> Siun\u010diame atsargiai ir suteikiame pinig\u0173 gr\u0105\u017einimo garantij\u0105, kai u\u017esisakote i\u0161 m\u016bs\u0173 fentanil\u012f.<\/p>\n","protected":false},"featured_media":5505,"comment_status":"open","ping_status":"closed","template":"","meta":[],"product_brand":[],"product_cat":[2014],"product_tag":[2841,2846,2851,2852,2853,2848,2854,2849,2850,2861,2855,2862,2865,2866,2863,2864,2858,2859,2839,2840,2843,2845,2842,2847,2844,2860,2856,2857],"class_list":{"0":"post-5495","1":"product","2":"type-product","3":"status-publish","4":"has-post-thumbnail","6":"product_cat-pirkti-tyrineti-chemikalai","7":"product_tag-buy-fentanyl-online","8":"product_tag-buy-fentanyl-powder-with-paypal","9":"product_tag-fentanilio-milteliai-parduodami-internetu","10":"product_tag-fentanilis-milteliai-nakiai","11":"product_tag-fentanilis-milteliai-redditas","12":"product_tag-fentanilio-milteli-efektas","13":"product_tag-fentanilio-milteli-siuntimas","14":"product_tag-fentanyl-powder-europe","15":"product_tag-fentanyl-powder-for-sale","16":"product_tag-geriausia-vieta-pirkti-fentanilo-miltelius-internetu","17":"product_tag-kaip-pirkti-fentanilio-miltelius-internetu","18":"product_tag-kur-galiu-pirkti-fentanilio-miltelius-internetu","19":"product_tag-kur-nusipirkti-gryno-fentanilo-hcl-milteli-internetu","20":"product_tag-kur-pirkti-grynus-fentanilio-miltelius-internetu","21":"product_tag-kur-pirkti-fentanilo-hcl-milteli-internete","22":"product_tag-kur-pirkti-fentanilio-miltelius-internetu","23":"product_tag-order-pure-fentanyl-hcl-powder-online","24":"product_tag-order-pure-fentanyl-powder-online","25":"product_tag-pirkti-fentanilio-hcl-internete","26":"product_tag-pirkite-fentanilio-hcl-miltelius-internete","27":"product_tag-pirkti-fentanilio-miltelius-internetu","28":"product_tag-pirkti-fentanilio-milteliai-usa","29":"product_tag-pirkite-fentanilo-miltelius-tamsiame-tinkle","30":"product_tag-pirkite-grynus-fentanilio-miltelius-internetu","31":"product_tag-pirkti-fentanilio-milteliai-saugus","32":"product_tag-purchase-fentanyl-powder-online","33":"product_tag-usakyti-fentanilio-milteliai-netoli-mans","34":"product_tag-in-c5-besisakykite-fentanilio-milteli-c5-b3-internet","36":"first","37":"instock","38":"shipping-taxable","39":"purchasable","40":"product-type-variable","41":"has-default-attributes"},"yoast_head":"<!-- This site is optimized with the Yoast SEO plugin v27.3 - https:\/\/yoast.com\/product\/yoast-seo-wordpress\/ -->\n<title>Pirkite fentanilio miltelius internetu \u2013 geriausi pasaulyje vaistai<\/title>\n<meta name=\"description\" content=\"\u012esigykite FENTANILO MILTELIUS JK, ES Europoje m\u016bs\u0173 Bestglobalmeds.com internetin\u0117je parduotuv\u0117je su greitu pristatymu visame pasaulyje! Geriausi\u0105 FENTANIL\u0104 u\u017esakymui rasite \u010dia!\" \/>\n<meta name=\"robots\" content=\"index, follow, max-snippet:-1, max-image-preview:large, max-video-preview:-1\" \/>\n<link rel=\"canonical\" href=\"https:\/\/medicinasinc.com\/lt\/product\/pirkti-fentanilio-milteliai\/\" \/>\n<meta property=\"og:locale\" content=\"en_US\" \/>\n<meta property=\"og:type\" content=\"article\" \/>\n<meta property=\"og:title\" content=\"Pirkite fentanilio miltelius internetu \u2013 geriausi pasaulyje vaistai\" \/>\n<meta property=\"og:description\" content=\"\u012esigykite FENTANILO MILTELIUS JK, ES Europoje m\u016bs\u0173 Bestglobalmeds.com internetin\u0117je parduotuv\u0117je su greitu pristatymu visame pasaulyje! Geriausi\u0105 FENTANIL\u0104 u\u017esakymui rasite \u010dia!\" \/>\n<meta property=\"og:url\" content=\"https:\/\/medicinasinc.com\/lt\/product\/pirkti-fentanilio-milteliai\/\" \/>\n<meta property=\"og:site_name\" content=\"Medicinas Inc\" \/>\n<meta property=\"article:modified_time\" content=\"2022-03-20T12:15:39+00:00\" \/>\n<meta property=\"og:image\" content=\"https:\/\/medicinasinc.com\/lt\/wp-content\/uploads\/sites\/9\/2022\/02\/Buy-Fentanyl-Powder-Online.jpg\" \/>\n\t<meta property=\"og:image:width\" content=\"768\" \/>\n\t<meta property=\"og:image:height\" content=\"768\" \/>\n\t<meta property=\"og:image:type\" content=\"image\/jpeg\" \/>\n<meta name=\"twitter:card\" content=\"summary_large_image\" \/>\n<meta name=\"twitter:label1\" content=\"Est. reading time\" \/>\n\t<meta name=\"twitter:data1\" content=\"2 minutes\" \/>\n<script type=\"application\/ld+json\" class=\"yoast-schema-graph\">{\"@context\":\"https:\\\/\\\/schema.org\",\"@graph\":[{\"@type\":\"WebPage\",\"@id\":\"https:\\\/\\\/medicinasinc.com\\\/lt\\\/product\\\/pirkti-fentanilio-milteliai\\\/\",\"url\":\"https:\\\/\\\/medicinasinc.com\\\/lt\\\/product\\\/pirkti-fentanilio-milteliai\\\/\",\"name\":\"Pirkite fentanilio miltelius internetu \u2013 geriausi pasaulyje vaistai\",\"isPartOf\":{\"@id\":\"https:\\\/\\\/medicinasinc.com\\\/lt\\\/#website\"},\"primaryImageOfPage\":{\"@id\":\"https:\\\/\\\/medicinasinc.com\\\/lt\\\/product\\\/pirkti-fentanilio-milteliai\\\/#primaryimage\"},\"image\":{\"@id\":\"https:\\\/\\\/medicinasinc.com\\\/lt\\\/product\\\/pirkti-fentanilio-milteliai\\\/#primaryimage\"},\"thumbnailUrl\":\"https:\\\/\\\/medicinasinc.com\\\/lt\\\/wp-content\\\/uploads\\\/sites\\\/9\\\/2022\\\/02\\\/Buy-Fentanyl-Powder-Online.jpg\",\"datePublished\":\"2022-02-22T00:33:03+00:00\",\"dateModified\":\"2022-03-20T12:15:39+00:00\",\"description\":\"\u012esigykite FENTANILO MILTELIUS JK, ES Europoje m\u016bs\u0173 Bestglobalmeds.com internetin\u0117je parduotuv\u0117je su greitu pristatymu visame pasaulyje! Geriausi\u0105 FENTANIL\u0104 u\u017esakymui rasite \u010dia!\",\"breadcrumb\":{\"@id\":\"https:\\\/\\\/medicinasinc.com\\\/lt\\\/product\\\/pirkti-fentanilio-milteliai\\\/#breadcrumb\"},\"inLanguage\":\"en-US\",\"potentialAction\":[{\"@type\":\"ReadAction\",\"target\":[\"https:\\\/\\\/medicinasinc.com\\\/lt\\\/product\\\/pirkti-fentanilio-milteliai\\\/\"]}]},{\"@type\":\"ImageObject\",\"inLanguage\":\"en-US\",\"@id\":\"https:\\\/\\\/medicinasinc.com\\\/lt\\\/product\\\/pirkti-fentanilio-milteliai\\\/#primaryimage\",\"url\":\"https:\\\/\\\/medicinasinc.com\\\/lt\\\/wp-content\\\/uploads\\\/sites\\\/9\\\/2022\\\/02\\\/Buy-Fentanyl-Powder-Online.jpg\",\"contentUrl\":\"https:\\\/\\\/medicinasinc.com\\\/lt\\\/wp-content\\\/uploads\\\/sites\\\/9\\\/2022\\\/02\\\/Buy-Fentanyl-Powder-Online.jpg\",\"width\":768,\"height\":768},{\"@type\":\"BreadcrumbList\",\"@id\":\"https:\\\/\\\/medicinasinc.com\\\/lt\\\/product\\\/pirkti-fentanilio-milteliai\\\/#breadcrumb\",\"itemListElement\":[{\"@type\":\"ListItem\",\"position\":1,\"name\":\"Parduotuv\u0117\",\"item\":\"https:\\\/\\\/medicinasinc.com\\\/lt\\\/parduotuve\\\/\"},{\"@type\":\"ListItem\",\"position\":2,\"name\":\"Pirkite fentanilio miltelius\"}]},{\"@type\":\"WebSite\",\"@id\":\"https:\\\/\\\/medicinasinc.com\\\/lt\\\/#website\",\"url\":\"https:\\\/\\\/medicinasinc.com\\\/lt\\\/\",\"name\":\"Medicinas Inc\",\"description\":\"Sveikatos medicinos klinika\",\"potentialAction\":[{\"@type\":\"SearchAction\",\"target\":{\"@type\":\"EntryPoint\",\"urlTemplate\":\"https:\\\/\\\/medicinasinc.com\\\/lt\\\/?s={search_term_string}\"},\"query-input\":{\"@type\":\"PropertyValueSpecification\",\"valueRequired\":true,\"valueName\":\"search_term_string\"}}],\"inLanguage\":\"en-US\"}]}<\/script>\n<!-- \/ Yoast SEO plugin. -->","yoast_head_json":{"title":"Pirkite fentanilio miltelius internetu \u2013 geriausi pasaulyje vaistai","description":"\u012esigykite FENTANILO MILTELIUS JK, ES Europoje m\u016bs\u0173 Bestglobalmeds.com internetin\u0117je parduotuv\u0117je su greitu pristatymu visame pasaulyje! Geriausi\u0105 FENTANIL\u0104 u\u017esakymui rasite \u010dia!","robots":{"index":"index","follow":"follow","max-snippet":"max-snippet:-1","max-image-preview":"max-image-preview:large","max-video-preview":"max-video-preview:-1"},"canonical":"https:\/\/medicinasinc.com\/lt\/product\/pirkti-fentanilio-milteliai\/","og_locale":"en_US","og_type":"article","og_title":"Pirkite fentanilio miltelius internetu \u2013 geriausi pasaulyje vaistai","og_description":"\u012esigykite FENTANILO MILTELIUS JK, ES Europoje m\u016bs\u0173 Bestglobalmeds.com internetin\u0117je parduotuv\u0117je su greitu pristatymu visame pasaulyje! Geriausi\u0105 FENTANIL\u0104 u\u017esakymui rasite \u010dia!","og_url":"https:\/\/medicinasinc.com\/lt\/product\/pirkti-fentanilio-milteliai\/","og_site_name":"Medicinas Inc","article_modified_time":"2022-03-20T12:15:39+00:00","og_image":[{"width":768,"height":768,"url":"https:\/\/medicinasinc.com\/lt\/wp-content\/uploads\/sites\/9\/2022\/02\/Buy-Fentanyl-Powder-Online.jpg","type":"image\/jpeg"}],"twitter_card":"summary_large_image","twitter_misc":{"Est. reading time":"2 minutes"},"schema":{"@context":"https:\/\/schema.org","@graph":[{"@type":"WebPage","@id":"https:\/\/medicinasinc.com\/lt\/product\/pirkti-fentanilio-milteliai\/","url":"https:\/\/medicinasinc.com\/lt\/product\/pirkti-fentanilio-milteliai\/","name":"Pirkite fentanilio miltelius internetu \u2013 geriausi pasaulyje vaistai","isPartOf":{"@id":"https:\/\/medicinasinc.com\/lt\/#website"},"primaryImageOfPage":{"@id":"https:\/\/medicinasinc.com\/lt\/product\/pirkti-fentanilio-milteliai\/#primaryimage"},"image":{"@id":"https:\/\/medicinasinc.com\/lt\/product\/pirkti-fentanilio-milteliai\/#primaryimage"},"thumbnailUrl":"https:\/\/medicinasinc.com\/lt\/wp-content\/uploads\/sites\/9\/2022\/02\/Buy-Fentanyl-Powder-Online.jpg","datePublished":"2022-02-22T00:33:03+00:00","dateModified":"2022-03-20T12:15:39+00:00","description":"\u012esigykite FENTANILO MILTELIUS JK, ES Europoje m\u016bs\u0173 Bestglobalmeds.com internetin\u0117je parduotuv\u0117je su greitu pristatymu visame pasaulyje! Geriausi\u0105 FENTANIL\u0104 u\u017esakymui rasite \u010dia!","breadcrumb":{"@id":"https:\/\/medicinasinc.com\/lt\/product\/pirkti-fentanilio-milteliai\/#breadcrumb"},"inLanguage":"en-US","potentialAction":[{"@type":"ReadAction","target":["https:\/\/medicinasinc.com\/lt\/product\/pirkti-fentanilio-milteliai\/"]}]},{"@type":"ImageObject","inLanguage":"en-US","@id":"https:\/\/medicinasinc.com\/lt\/product\/pirkti-fentanilio-milteliai\/#primaryimage","url":"https:\/\/medicinasinc.com\/lt\/wp-content\/uploads\/sites\/9\/2022\/02\/Buy-Fentanyl-Powder-Online.jpg","contentUrl":"https:\/\/medicinasinc.com\/lt\/wp-content\/uploads\/sites\/9\/2022\/02\/Buy-Fentanyl-Powder-Online.jpg","width":768,"height":768},{"@type":"BreadcrumbList","@id":"https:\/\/medicinasinc.com\/lt\/product\/pirkti-fentanilio-milteliai\/#breadcrumb","itemListElement":[{"@type":"ListItem","position":1,"name":"Parduotuv\u0117","item":"https:\/\/medicinasinc.com\/lt\/parduotuve\/"},{"@type":"ListItem","position":2,"name":"Pirkite fentanilio miltelius"}]},{"@type":"WebSite","@id":"https:\/\/medicinasinc.com\/lt\/#website","url":"https:\/\/medicinasinc.com\/lt\/","name":"Medicinas Inc","description":"Sveikatos medicinos klinika","potentialAction":[{"@type":"SearchAction","target":{"@type":"EntryPoint","urlTemplate":"https:\/\/medicinasinc.com\/lt\/?s={search_term_string}"},"query-input":{"@type":"PropertyValueSpecification","valueRequired":true,"valueName":"search_term_string"}}],"inLanguage":"en-US"}]}},"_links":{"self":[{"href":"https:\/\/medicinasinc.com\/lt\/wp-json\/wp\/v2\/product\/5495","targetHints":{"allow":["GET"]}}],"collection":[{"href":"https:\/\/medicinasinc.com\/lt\/wp-json\/wp\/v2\/product"}],"about":[{"href":"https:\/\/medicinasinc.com\/lt\/wp-json\/wp\/v2\/types\/product"}],"replies":[{"embeddable":true,"href":"https:\/\/medicinasinc.com\/lt\/wp-json\/wp\/v2\/comments?post=5495"}],"wp:featuredmedia":[{"embeddable":true,"href":"https:\/\/medicinasinc.com\/lt\/wp-json\/wp\/v2\/media\/5505"}],"wp:attachment":[{"href":"https:\/\/medicinasinc.com\/lt\/wp-json\/wp\/v2\/media?parent=5495"}],"wp:term":[{"taxonomy":"product_brand","embeddable":true,"href":"https:\/\/medicinasinc.com\/lt\/wp-json\/wp\/v2\/product_brand?post=5495"},{"taxonomy":"product_cat","embeddable":true,"href":"https:\/\/medicinasinc.com\/lt\/wp-json\/wp\/v2\/product_cat?post=5495"},{"taxonomy":"product_tag","embeddable":true,"href":"https:\/\/medicinasinc.com\/lt\/wp-json\/wp\/v2\/product_tag?post=5495"}],"curies":[{"name":"wp","href":"https:\/\/api.w.org\/{rel}","templated":true}]}}