{"id":5494,"date":"2022-02-22T00:31:52","date_gmt":"2022-02-22T00:31:52","guid":{"rendered":"https:\/\/medicinasinc.com\/lt\/?post_type=product&#038;p=5494"},"modified":"2022-03-20T12:15:49","modified_gmt":"2022-03-20T12:15:49","slug":"pirkti-diklazepamo-2-mg-granules","status":"publish","type":"product","link":"https:\/\/medicinasinc.com\/lt\/product\/pirkti-diklazepamo-2-mg-granules\/","title":{"rendered":"Pirkite Diclazepam 2 mg granules"},"content":{"rendered":"<p><strong>KUR ES GAL\u0116TI GAUTI DIKLAZEPAMO 2MG GRANULI\u0172?<\/strong><\/p>\n<p>2 mg diklazepamo Europoje galite rasti granules sand\u0117liuojan\u010di\u0105 \u012fmon\u0119. Bitkoinas gali b\u016bti naudojamas perkant 2 mg diklazepamo granuli\u0173 internetu.<\/p>\n<p>Vienas i\u0161 naujausi\u0173 benzodiazepin\u0173, kuriuos galima i\u0161bandyti, yra diklazepamas arba chlordiazepamas. Taip pat \u0161i med\u017eiaga yra diazepamas ir deklorazepamo 1-metilo homologas. Visas jo cheminis pavadinimas yra 7-chlor-5-(2-chlorfenil)-1-metil-1,3-dihidro-2H-1,4-benzodiazepin-2-onas. Kadangi \u0161i molekul\u0117 yra tokia nauja, yra daug mokslini\u0173 tyrim\u0173 b\u016bd\u0173.<\/p>\n<p>\u0160io junginio IUPAC nomenklat\u016bra skamba taip: 7,5-chlor-5-(2-chlorphenyl)-1-methyl-1 ,3-dihidro-2H-1,4-benzodiazepin-2-onas<br \/> CAS numeris: 2894-68-0 0<br \/> Sinonimai: benzodiazepino chlordiazepoksidas (2\u2032-chlordiazepoksidas)<br \/> Tai chemin\u0117 C16H12Cl2-N2O formul\u0117<br \/> 95,8 proc. pradin\u0117s formos.<br \/> Baltos granul\u0117s yra labiausiai paplitusi spalva.<\/p>\n<p>Nupirkti diklazepamo 2mg granules internetu naudojant Bitcoin yra paprasta.<\/p>\n<p>Diklazepamo 2 mg granuli\u0173 kaina<\/p>\n","protected":false},"excerpt":{"rendered":"<p>Pirkite diklazepamo granules, pigiai parduodame diklazepamo 2 mg granules JK, Europa, pirkite auk\u0161tos kokyb\u0117s diklazepamo granules JK pristatymas per nakt\u012f, diklazepamo kaina.<\/p>\n<p>Pirkite diklazepamo 2 mg granules su nemokamu pristatymu \u012f Europos S\u0105jung\u0105. Did\u017eiausias Europoje diklazepamo 2mg granuli\u0173 ma\u017emenininkas. 2 mg diklazepamo granuli\u0173 galima \u012fsigyti internetu naudojant Bitcoin.<\/p>\n<p>Diklazepam\u0105 paprastai internetu si\u016blo \u201eheadshops\u201c; arba&#8217;tiria chemines med\u017eiagas&#8217; pardav\u0117jai balt\u0173, 1 mg granuli\u0173 ir, re\u010diau, violetini\u0173, 2 mg granuli\u0173 pavidalu.<\/p>\n<p>Pirkti diklazepamo 2 mg granules internetu yra \u0161nekamoji 7-chloro-5-1-metil-1 terminas. ,3-dihidro-2H-1,4-benzodiazepin-2-onas.<\/p>\n<p>Diklazepamo granuli\u0173 pirkimas internetu 2 mg. Diklazepamas (taip pat \u017einomas kaip chlorodiazepamas) yra sintetinis benzodiazepino slopinamasis preparatas, kurio poveikis pana\u0161us \u012f diazepamo poveik\u012f, \u012fskaitant nerimo slopinim\u0105, slopinim\u0105, prie\u0161traukulin\u012f, migdom\u0105j\u012f, raumen\u0173 atpalaidavim\u0105 ir amnezij\u0105. [2<\/p>\n","protected":false},"featured_media":5503,"comment_status":"open","ping_status":"closed","template":"","meta":[],"product_brand":[],"product_cat":[1117],"product_tag":[2835,2837,2838,2836,2834],"class_list":{"0":"post-5494","1":"product","2":"type-product","3":"status-publish","4":"has-post-thumbnail","6":"product_cat-pirkite-skausmo-miego-ir-sekso-tabletes","7":"product_tag-diklazepamas-2-mg","8":"product_tag-kokybikas-diklazepamas-2-mg","9":"product_tag-kur-nusipirkti-diklazepamo-2-mg-granuli","10":"product_tag-order-diclazepam-2-mg","11":"product_tag-pirkti-diklazepamo-2-mg-granuls","13":"first","14":"instock","15":"shipping-taxable","16":"purchasable","17":"product-type-variable","18":"has-default-attributes"},"yoast_head":"<!-- This site is optimized with the Yoast SEO plugin v27.3 - https:\/\/yoast.com\/product\/yoast-seo-wordpress\/ -->\n<title>Pirkite Diclazepam 2 mg granules \u2013 Parduodamas diklazepamas \u2013 geriausi pasaulyje vaistai<\/title>\n<meta name=\"description\" content=\"Pirkite diklazepamo granules, pigiai parduodame diklazepamo 2mg granules JK, Europa, pirkite auk\u0161tos kokyb\u0117s diklazepam\u0105 Jungtin\u0117je Karalyst\u0117je, pristatymas per nakt\u012f, diklazepamo kaina.\" \/>\n<meta name=\"robots\" content=\"index, follow, max-snippet:-1, max-image-preview:large, max-video-preview:-1\" \/>\n<link rel=\"canonical\" href=\"https:\/\/medicinasinc.com\/lt\/product\/pirkti-diklazepamo-2-mg-granules\/\" \/>\n<meta property=\"og:locale\" content=\"en_US\" \/>\n<meta property=\"og:type\" content=\"article\" \/>\n<meta property=\"og:title\" content=\"Pirkite Diclazepam 2 mg granules \u2013 Parduodamas diklazepamas \u2013 geriausi pasaulyje vaistai\" \/>\n<meta property=\"og:description\" content=\"Pirkite diklazepamo granules, pigiai parduodame diklazepamo 2mg granules JK, Europa, pirkite auk\u0161tos kokyb\u0117s diklazepam\u0105 Jungtin\u0117je Karalyst\u0117je, pristatymas per nakt\u012f, diklazepamo kaina.\" \/>\n<meta property=\"og:url\" content=\"https:\/\/medicinasinc.com\/lt\/product\/pirkti-diklazepamo-2-mg-granules\/\" \/>\n<meta property=\"og:site_name\" content=\"Medicinas Inc\" \/>\n<meta property=\"article:modified_time\" content=\"2022-03-20T12:15:49+00:00\" \/>\n<meta property=\"og:image\" content=\"https:\/\/medicinasinc.com\/lt\/wp-content\/uploads\/sites\/9\/2022\/02\/Buy-Diclazepam-Pellets-2mg.jpg\" \/>\n\t<meta property=\"og:image:width\" content=\"566\" \/>\n\t<meta property=\"og:image:height\" content=\"462\" \/>\n\t<meta property=\"og:image:type\" content=\"image\/jpeg\" \/>\n<meta name=\"twitter:card\" content=\"summary_large_image\" \/>\n<meta name=\"twitter:label1\" content=\"Est. reading time\" \/>\n\t<meta name=\"twitter:data1\" content=\"1 minute\" \/>\n<script type=\"application\/ld+json\" class=\"yoast-schema-graph\">{\"@context\":\"https:\\\/\\\/schema.org\",\"@graph\":[{\"@type\":\"WebPage\",\"@id\":\"https:\\\/\\\/medicinasinc.com\\\/lt\\\/product\\\/pirkti-diklazepamo-2-mg-granules\\\/\",\"url\":\"https:\\\/\\\/medicinasinc.com\\\/lt\\\/product\\\/pirkti-diklazepamo-2-mg-granules\\\/\",\"name\":\"Pirkite Diclazepam 2 mg granules \u2013 Parduodamas diklazepamas \u2013 geriausi pasaulyje vaistai\",\"isPartOf\":{\"@id\":\"https:\\\/\\\/medicinasinc.com\\\/lt\\\/#website\"},\"primaryImageOfPage\":{\"@id\":\"https:\\\/\\\/medicinasinc.com\\\/lt\\\/product\\\/pirkti-diklazepamo-2-mg-granules\\\/#primaryimage\"},\"image\":{\"@id\":\"https:\\\/\\\/medicinasinc.com\\\/lt\\\/product\\\/pirkti-diklazepamo-2-mg-granules\\\/#primaryimage\"},\"thumbnailUrl\":\"https:\\\/\\\/medicinasinc.com\\\/lt\\\/wp-content\\\/uploads\\\/sites\\\/9\\\/2022\\\/02\\\/Buy-Diclazepam-Pellets-2mg.jpg\",\"datePublished\":\"2022-02-22T00:31:52+00:00\",\"dateModified\":\"2022-03-20T12:15:49+00:00\",\"description\":\"Pirkite diklazepamo granules, pigiai parduodame diklazepamo 2mg granules JK, Europa, pirkite auk\u0161tos kokyb\u0117s diklazepam\u0105 Jungtin\u0117je Karalyst\u0117je, pristatymas per nakt\u012f, diklazepamo kaina.\",\"breadcrumb\":{\"@id\":\"https:\\\/\\\/medicinasinc.com\\\/lt\\\/product\\\/pirkti-diklazepamo-2-mg-granules\\\/#breadcrumb\"},\"inLanguage\":\"en-US\",\"potentialAction\":[{\"@type\":\"ReadAction\",\"target\":[\"https:\\\/\\\/medicinasinc.com\\\/lt\\\/product\\\/pirkti-diklazepamo-2-mg-granules\\\/\"]}]},{\"@type\":\"ImageObject\",\"inLanguage\":\"en-US\",\"@id\":\"https:\\\/\\\/medicinasinc.com\\\/lt\\\/product\\\/pirkti-diklazepamo-2-mg-granules\\\/#primaryimage\",\"url\":\"https:\\\/\\\/medicinasinc.com\\\/lt\\\/wp-content\\\/uploads\\\/sites\\\/9\\\/2022\\\/02\\\/Buy-Diclazepam-Pellets-2mg.jpg\",\"contentUrl\":\"https:\\\/\\\/medicinasinc.com\\\/lt\\\/wp-content\\\/uploads\\\/sites\\\/9\\\/2022\\\/02\\\/Buy-Diclazepam-Pellets-2mg.jpg\",\"width\":566,\"height\":462},{\"@type\":\"BreadcrumbList\",\"@id\":\"https:\\\/\\\/medicinasinc.com\\\/lt\\\/product\\\/pirkti-diklazepamo-2-mg-granules\\\/#breadcrumb\",\"itemListElement\":[{\"@type\":\"ListItem\",\"position\":1,\"name\":\"Parduotuv\u0117\",\"item\":\"https:\\\/\\\/medicinasinc.com\\\/lt\\\/parduotuve\\\/\"},{\"@type\":\"ListItem\",\"position\":2,\"name\":\"Pirkite Diclazepam 2 mg granules\"}]},{\"@type\":\"WebSite\",\"@id\":\"https:\\\/\\\/medicinasinc.com\\\/lt\\\/#website\",\"url\":\"https:\\\/\\\/medicinasinc.com\\\/lt\\\/\",\"name\":\"Medicinas Inc\",\"description\":\"Sveikatos medicinos klinika\",\"potentialAction\":[{\"@type\":\"SearchAction\",\"target\":{\"@type\":\"EntryPoint\",\"urlTemplate\":\"https:\\\/\\\/medicinasinc.com\\\/lt\\\/?s={search_term_string}\"},\"query-input\":{\"@type\":\"PropertyValueSpecification\",\"valueRequired\":true,\"valueName\":\"search_term_string\"}}],\"inLanguage\":\"en-US\"}]}<\/script>\n<!-- \/ Yoast SEO plugin. -->","yoast_head_json":{"title":"Pirkite Diclazepam 2 mg granules \u2013 Parduodamas diklazepamas \u2013 geriausi pasaulyje vaistai","description":"Pirkite diklazepamo granules, pigiai parduodame diklazepamo 2mg granules JK, Europa, pirkite auk\u0161tos kokyb\u0117s diklazepam\u0105 Jungtin\u0117je Karalyst\u0117je, pristatymas per nakt\u012f, diklazepamo kaina.","robots":{"index":"index","follow":"follow","max-snippet":"max-snippet:-1","max-image-preview":"max-image-preview:large","max-video-preview":"max-video-preview:-1"},"canonical":"https:\/\/medicinasinc.com\/lt\/product\/pirkti-diklazepamo-2-mg-granules\/","og_locale":"en_US","og_type":"article","og_title":"Pirkite Diclazepam 2 mg granules \u2013 Parduodamas diklazepamas \u2013 geriausi pasaulyje vaistai","og_description":"Pirkite diklazepamo granules, pigiai parduodame diklazepamo 2mg granules JK, Europa, pirkite auk\u0161tos kokyb\u0117s diklazepam\u0105 Jungtin\u0117je Karalyst\u0117je, pristatymas per nakt\u012f, diklazepamo kaina.","og_url":"https:\/\/medicinasinc.com\/lt\/product\/pirkti-diklazepamo-2-mg-granules\/","og_site_name":"Medicinas Inc","article_modified_time":"2022-03-20T12:15:49+00:00","og_image":[{"width":566,"height":462,"url":"https:\/\/medicinasinc.com\/lt\/wp-content\/uploads\/sites\/9\/2022\/02\/Buy-Diclazepam-Pellets-2mg.jpg","type":"image\/jpeg"}],"twitter_card":"summary_large_image","twitter_misc":{"Est. reading time":"1 minute"},"schema":{"@context":"https:\/\/schema.org","@graph":[{"@type":"WebPage","@id":"https:\/\/medicinasinc.com\/lt\/product\/pirkti-diklazepamo-2-mg-granules\/","url":"https:\/\/medicinasinc.com\/lt\/product\/pirkti-diklazepamo-2-mg-granules\/","name":"Pirkite Diclazepam 2 mg granules \u2013 Parduodamas diklazepamas \u2013 geriausi pasaulyje vaistai","isPartOf":{"@id":"https:\/\/medicinasinc.com\/lt\/#website"},"primaryImageOfPage":{"@id":"https:\/\/medicinasinc.com\/lt\/product\/pirkti-diklazepamo-2-mg-granules\/#primaryimage"},"image":{"@id":"https:\/\/medicinasinc.com\/lt\/product\/pirkti-diklazepamo-2-mg-granules\/#primaryimage"},"thumbnailUrl":"https:\/\/medicinasinc.com\/lt\/wp-content\/uploads\/sites\/9\/2022\/02\/Buy-Diclazepam-Pellets-2mg.jpg","datePublished":"2022-02-22T00:31:52+00:00","dateModified":"2022-03-20T12:15:49+00:00","description":"Pirkite diklazepamo granules, pigiai parduodame diklazepamo 2mg granules JK, Europa, pirkite auk\u0161tos kokyb\u0117s diklazepam\u0105 Jungtin\u0117je Karalyst\u0117je, pristatymas per nakt\u012f, diklazepamo kaina.","breadcrumb":{"@id":"https:\/\/medicinasinc.com\/lt\/product\/pirkti-diklazepamo-2-mg-granules\/#breadcrumb"},"inLanguage":"en-US","potentialAction":[{"@type":"ReadAction","target":["https:\/\/medicinasinc.com\/lt\/product\/pirkti-diklazepamo-2-mg-granules\/"]}]},{"@type":"ImageObject","inLanguage":"en-US","@id":"https:\/\/medicinasinc.com\/lt\/product\/pirkti-diklazepamo-2-mg-granules\/#primaryimage","url":"https:\/\/medicinasinc.com\/lt\/wp-content\/uploads\/sites\/9\/2022\/02\/Buy-Diclazepam-Pellets-2mg.jpg","contentUrl":"https:\/\/medicinasinc.com\/lt\/wp-content\/uploads\/sites\/9\/2022\/02\/Buy-Diclazepam-Pellets-2mg.jpg","width":566,"height":462},{"@type":"BreadcrumbList","@id":"https:\/\/medicinasinc.com\/lt\/product\/pirkti-diklazepamo-2-mg-granules\/#breadcrumb","itemListElement":[{"@type":"ListItem","position":1,"name":"Parduotuv\u0117","item":"https:\/\/medicinasinc.com\/lt\/parduotuve\/"},{"@type":"ListItem","position":2,"name":"Pirkite Diclazepam 2 mg granules"}]},{"@type":"WebSite","@id":"https:\/\/medicinasinc.com\/lt\/#website","url":"https:\/\/medicinasinc.com\/lt\/","name":"Medicinas Inc","description":"Sveikatos medicinos klinika","potentialAction":[{"@type":"SearchAction","target":{"@type":"EntryPoint","urlTemplate":"https:\/\/medicinasinc.com\/lt\/?s={search_term_string}"},"query-input":{"@type":"PropertyValueSpecification","valueRequired":true,"valueName":"search_term_string"}}],"inLanguage":"en-US"}]}},"_links":{"self":[{"href":"https:\/\/medicinasinc.com\/lt\/wp-json\/wp\/v2\/product\/5494","targetHints":{"allow":["GET"]}}],"collection":[{"href":"https:\/\/medicinasinc.com\/lt\/wp-json\/wp\/v2\/product"}],"about":[{"href":"https:\/\/medicinasinc.com\/lt\/wp-json\/wp\/v2\/types\/product"}],"replies":[{"embeddable":true,"href":"https:\/\/medicinasinc.com\/lt\/wp-json\/wp\/v2\/comments?post=5494"}],"wp:featuredmedia":[{"embeddable":true,"href":"https:\/\/medicinasinc.com\/lt\/wp-json\/wp\/v2\/media\/5503"}],"wp:attachment":[{"href":"https:\/\/medicinasinc.com\/lt\/wp-json\/wp\/v2\/media?parent=5494"}],"wp:term":[{"taxonomy":"product_brand","embeddable":true,"href":"https:\/\/medicinasinc.com\/lt\/wp-json\/wp\/v2\/product_brand?post=5494"},{"taxonomy":"product_cat","embeddable":true,"href":"https:\/\/medicinasinc.com\/lt\/wp-json\/wp\/v2\/product_cat?post=5494"},{"taxonomy":"product_tag","embeddable":true,"href":"https:\/\/medicinasinc.com\/lt\/wp-json\/wp\/v2\/product_tag?post=5494"}],"curies":[{"name":"wp","href":"https:\/\/api.w.org\/{rel}","templated":true}]}}