{"id":5471,"date":"2022-02-22T00:08:30","date_gmt":"2022-02-22T00:08:30","guid":{"rendered":"https:\/\/medicinasinc.com\/lt\/?post_type=product&#038;p=5471"},"modified":"2022-03-20T12:16:00","modified_gmt":"2022-03-20T12:16:00","slug":"pirkti-kristalinis-met-metamfetaminas","status":"publish","type":"product","link":"https:\/\/medicinasinc.com\/lt\/product\/pirkti-kristalinis-met-metamfetaminas\/","title":{"rendered":"Pirkite Crystal Meth (metamfetamin\u0105)"},"content":{"rendered":"<p><strong>Kur \u012fsigyti Crystal Meth \u2013 metamfetaminas<\/strong><\/p>\n<p>Norintys \u012fsigyti kristalinio metano, da\u017enai vadinamo brangakmeniu, yra centrin\u0119 nerv\u0173 sistem\u0105 (CNS) stimuliuojantis vaistas, turintis didel\u0119 reik\u0161m\u0119 pana\u0161um\u0173 \u012f amfetaminus, antr\u0105 pagal populiarum\u0105 pasaulyje nelegali\u0173 vaist\u0173 klas\u0119, po Maryjane.<br \/> Kaip ir amfetaminas, jis skatina aktyvum\u0105, ma\u017eina apetit\u0105 ir bendr\u0105 gerov\u0117s jausm\u0105.<\/p>\n<p>Yra. yra keletas pripa\u017eint\u0173 \u201eCrystal Meth\u201c \u2013 metamfetamino naudojimo b\u016bd\u0173 farmacijoje, \u012fskaitant narkolepsijos gydym\u0105, nepakankam\u0105 geb\u0117jim\u0105 reguliariai susikaupti ir laikin\u0105 naudojim\u0105, pvz., i\u0161tverm\u0119; nepaisant to, \u0161is naudojimas medicinoje yra ribotas.<\/p>\n<p>Crystal Meth, kaip ir kokainas, gali b\u016bti r\u016bkomas. Chemical Inc. parduoda Crystal Meth \u2013 metamfetamin\u0105.<\/p>\n<p>Kokias Crystal Meth savybes turi metamfetaminai?<\/p>\n<p>Metamfetaminai naudojami \u0161ioms ligoms gydyti:<\/p>\n<p>ADHD-narkolepsija<\/p>\n<p>Medicininis pritaikymas ribotas.<\/p>\n<p>Crystal Meth \u2013 metamfetamin\u0105, kaip ir kokain\u0105, galima r\u016bkyti.<\/p>\n<figure class=\"wp-caption alignleft\"><img loading=\"lazy\" decoding=\"async\" class=\" n3VNCb\" src=\"https:\/\/www.detoxplusuk.com\/wp-content\/uploads\/sites\/9\/2019\/01\/Crystal-meth-e1546508093797.png\" alt=\"Crystal Meth \u2013 metamfetaminas | Chemical Inc\" width=\"600\" height=\"351\" data-iml=\"71374\" \/><figcaption class=\"wp-caption-text\">Pirkite Crystal Meth su Bitcoins<\/figcaption><\/figure>\n<h2><strong>Kas yra metamfetamin\u0173 savyb\u0117s?<\/strong><\/h2>\n<p><span class=\"tagify__tag-text\">Crystal Meth \u2013 metamfetaminas<\/span>\u00a0skirti gydyti:<\/p>\n<ul>\n<li> ADHD narkolepsija<\/li>\n<li>Nutukimas Taigi tai sukelia aktyvesnius veiksmus, ma\u017eina alk\u012f ir bendr\u0105 gerov\u0117s jausm\u0105. Tuo metu, kai naudojamas per daug, jis daro laipsni\u0161kai destruktyv\u0173 poveik\u012f \u017eidinio jutimo sistemai.<\/li>\n<\/ul>\n<h2><\/h2>\n<h2><\/h2>\n<h2><strong>Kas yra atsargumo priemon\u0117s\u00a0<\/strong>Crystal Meth<strong>?<\/strong><\/h2>\n<ul>\n<li>Jei manote, kad pastojote vartodama vaist\u0105, nedelsdami pasakykite savo specialistui, kad i\u0161laikytum\u0117te strateginis atstumas nuo sunkum\u0173.<\/li>\n<li>Jei sergate \u0161irdies ligomis,<\/li>\n<\/ul>\n<h2><strong>Koks yra\u00a0<\/strong>Crystal Meth<strong> \u0161alutinis poveikis? <\/strong><\/h2>\n<p>Nedraugi\u0161kas metamfetamin\u0173 poveikis:<\/p>\n<ul>\n<li>Padid\u0117ja pulsas<\/li>\n<li>Padid\u0117ja k\u016bno temperat\u016bra<\/li>\n<li>Padid\u0117ja atsipalaidavimo tempas<\/li>\n<li>I\u0161sipl\u0117t\u0119 mokiniai<\/li>\n<li>Drebulys, susi\u017eav\u0117jimo jausmas<\/li>\n<li>Padid\u0117j\u0119s nerimas<\/li>\n<li>Dirzlumas<\/li>\n<li>Paranoja<\/li>\n<li>Smurtas ir l\u0117k\u0161tas elgesys<\/li>\n<li>Laikinas hiperaktyvumas Ie\u0161kokite specialisto terapiniam gydymui.<\/li>\n<\/ul>\n<h2><strong>Kas atsitiks n jei praleidote arba perdozavote\u00a0<\/strong>Crystal Meth<strong>?<\/strong><\/h2>\n<p>Metamfetamino porcijos i\u0161valymas yra ne kas kita, o didelis i\u0161bandymas, ta\u010diau galite skirti laiko, kai tai prisiminsite, vis d\u0117lto tur\u0117t\u0173 susilaikyti nuo dvigub\u0173 matavim\u0173.<\/p>\n<p>&nbsp;<\/p>\n<p><span class=\"tagify__tag-text\">Metamfetamin\u0105<\/span>\u00a0si\u016bloma laikyti centre, jei perdozuojama, gali i\u0161 karto paskatinti tikras medicinines s\u0105lygas, tod\u0117l geriausias pasirinkimas yra krizi\u0173 pagalbos paie\u0161ka i\u0161 ekspert\u0173 gerov\u0117s specialist\u0173. <span class=\"tagify__tag-text\"><a href=\"https:\/\/www.bestglobalmeds.com\/product\/research-chemicals\/buy-crystal-meth\/\">U\u017esisakykite Crystal Meth<\/a>\u00a0\u2013 metamfetaminas internetu<\/span>\u00a0\u201eChemical Inc.\u201c<\/p>\n<h2><strong>Kaip laikyti metamfetaminus?<\/strong><\/h2>\n<p>Be to, ten, kur n\u0117ra \u0161viesos ir \u0161ilumos, metamfetaminus laikykite kambario temperat\u016broje. Taip pat neplaukite \u0161io vaisto. J\u016bs\u0173 vaikai ir augintiniai neturi jokios galimyb\u0117s prijungti \u0161io vaisto.<\/p>\n<h2><strong>Kur \u012fsigyti\u00a0<\/strong>Crystal Meth\u00a0<strong>internete?<\/strong><\/h2>\n<p>Ta\u010diau galite nusipirkti \u201eCrystal Meth\u201c \u2013 metamfetamino internetu patikimiausioje internetin\u0117je parduotuv\u0117je \u2013 Chemical Inc.<\/p>\n<p>Pirkite metamfetamin\u0173 be vaist\u0173, metamfetamin\u0173 galima \u012fsigyti internetu, geriausiu atveju kainuoja.<br \/> Pirkite geriausi\u0105. vaistai \u010dia \u0161iuo metu! <span class=\"tagify__tag-text\">Pirkite Crystal Meth internetu<\/span><\/p>\n<h3><b>Meth naudotojai netur\u0117t\u0173 laukti, kol gal\u0117s gydytis<\/b><\/h3>\n<p>Nors daugelis fizini\u0173 Simptomai gali b\u016bti panaikinti tinkamai gydant, sunku panaikinti pa\u017eengus\u012f sen\u0117jimo poveik\u012f ir dant\u0173 \u0117duon\u012f, o \u017eala da\u017enai b\u016bna nuolatin\u0117.<\/p>\n<p>Be to, metamfetamino vartojimas gali sukelti psichoz\u0119 arba psichozin\u012f elges\u012f, kurio metu vartotojai praranda ry\u0161\u012f su realybe ir patirti stiprius kliedesius, paranoj\u0105, haliucinacijas ir \u012fkyr\u0173 elges\u012f, kuris neleid\u017eia jiems i\u0161 tikr\u0173j\u0173 suvokti, koki\u0105 \u017eal\u0105 daro sau.<\/p>\n<p>B\u016btina, kad narkomanas i\u0161tiest\u0173 rank\u0105 ir nedelsdamas surast\u0173 pagalb\u0105 arba kent\u0117t\u0173 tai. fizinis ir psichologinis poveikis ir kiti \u012fprasti simptomai, tokie kaip sugriauti santykiai, finansinis nepriteklius ir baud\u017eiamieji kaltinimai.<\/p>\n<p>Priklausomyb\u0117 palie\u010dia beveik kiekvien\u0105 \u0161eim\u0105, niokoja fizin\u0119 ir psichin\u0119 sveikat\u0105, santykius ir asmeninius finansus. Motinos, t\u0117\u010diai, broliai, seserys, dukterys ir s\u016bn\u016bs.<\/p>\n<p>Niekas n\u0117ra apsaugotas nuo bauginan\u010dio ilgalaikio piktnaud\u017eiavimo sunkiais narkotikais poveikio.<br \/> Toliau pateikiamas blaivus TIKR\u0172 asmen\u0173 vaizdavimas.<\/p>\n<p>Ar tapote narkotik\u0173 \u2013 \u0161iuo atveju metamfetamino \u2013 vartojimo pagundos auka, kurios pragai\u0161tingas poveikis yra pernelyg akivaizdus.<br \/> Jei j\u016bs ar j\u016bs\u0173 mylimas \u017emogus ken\u010dia nuo priklausomyb\u0117s nuo metamfetamino, arba jei norite su\u017einoti daugiau, apsilankykite \u0161iose svetain\u0117se, kur rasite pagalbos atk\u016brimo atveju.<\/p>\n","protected":false},"excerpt":{"rendered":"<div class=\"woocommerce-product-details__short-description\">\n<p>Pirkite kristalin\u012f metal\u0105, skirt\u0105 parduoti JK, ES, Europoje, JAV, Kinijoje, kad gal\u0117tum\u0117te gydyti v\u0117\u017e\u012f naudodamiesi bestglobalmeds.com. Geriausia vieta, kur galite pigiai nusipirkti metamfetamino internetu.<\/p>\n<p>Pigi\u0173 kristal\u0173 metamfetamino pirkite internetu Be recepto, mes parduodame Crystal Meth internetu ir i\u0161siun\u010diame visame pasaulyje per 24\/48 valandas. U\u017esisakykite dabar.<\/p>\n<p>Terminas &#8220;kristalinis metas&#8221; rei\u0161kia kristalin\u012f metamfetamin\u0105 \u2013 galing\u0105 ir labai priklausomyb\u0119 sukeliant\u012f stimuliatori\u0173, veikiant\u012f centrin\u0119 nerv\u0173 sistem\u0105.<\/p>\n<p>Dabar galite \u012fsigyti kristal\u0173 metamfetamin\u0105 internetu ir j\u012f pristatyti kit\u0105 dien\u0105. Dabartin\u0117 arba gryniausia kristalinio metamfetamino forma yra beveik gryna. Jis yra bekvapis ir netoksi\u0161kas.<\/p>\n<p>Meth\u0430m\u0440h\u0435t\u0430mn\u0435 A\u0161 esu stiprus centrin\u0117s nerv\u0173 sistemos stimuliatorius, kur\u012f da\u017eniausiai vartojau tikrai nat\u016bral\u0173 vaist\u0105 ir labai<\/b>taikau<\/b>taikau<\/p>\n","protected":false},"featured_media":5483,"comment_status":"open","ping_status":"closed","template":"","meta":[],"product_brand":[],"product_cat":[2014],"product_tag":[2806,2800,2802,2803,2814,2808,2813,2811,2809,2804,2815,2817,2818,2819,2812,2807,2832,2810,2821,2820,2822,2823,2828,2801,2799,2824,2825,2827,2826,2805,2816,2829,2830,2831,2833],"class_list":{"0":"post-5471","1":"product","2":"type-product","3":"status-publish","4":"has-post-thumbnail","6":"product_cat-pirkti-tyrineti-chemikalai","7":"product_tag-kritolas-m-oji-australija","8":"product_tag-bu-crystal-mth-nln","9":"product_tag-chrtn","10":"product_tag-chlk","11":"product_tag-ck","12":"product_tag-kritolas-m-oji-europa","13":"product_tag-kritolas-mth-uk","14":"product_tag-crystal-mth-reddit","15":"product_tag-crystal-mth-for-sale","16":"product_tag-cukraus-vata","17":"product_tag-dunk","18":"product_tag-eik-greitai","19":"product_tag-go-go-ju","20":"product_tag-gk","21":"product_tag-kritolo-m-oji-siuntimas","22":"product_tag-kristalas-m-asis-efektas","23":"product_tag-rtl-mth-for-l-internete","24":"product_tag-kritolas-m-oji-vokietija","25":"product_tag-l-a-gl","26":"product_tag-ledas","27":"product_tag-meth","28":"product_tag-n-dz","29":"product_tag-d0-b0-d1-95-val","30":"product_tag-bu-rtl-meth-on-deepweb","31":"product_tag-pirk-crystal-med-in-australiaale-near-you","32":"product_tag-pk","33":"product_tag-raket-kuras","34":"product_tag-savait","35":"product_tag-sb-ukandiai","36":"product_tag-c5-vaisto","37":"product_tag-fr","38":"product_tag-rdr-crystal-mth-n-tr","39":"product_tag-rdr-rtl-m-n-drknt","40":"product_tag-rtl-met-h","41":"product_tag-rtl-mth-vndr-n-usa","43":"first","44":"instock","45":"shipping-taxable","46":"purchasable","47":"product-type-variable","48":"has-default-attributes"},"yoast_head":"<!-- This site is optimized with the Yoast SEO plugin v27.3 - https:\/\/yoast.com\/product\/yoast-seo-wordpress\/ -->\n<title>Pirkite Crystal Meth (metamfetamin\u0105) \u2013 geriausius pasaulinius vaistus<\/title>\n<meta name=\"description\" content=\"Pirkite Crystal Meth parduoti JK, ES, Europoje, JAV, Kinijoje, kad gal\u0117tum\u0117te gydyti v\u0117\u017e\u012f su bestglobalmeds.com pagalba. Geriausia vieta, kur pigiai \u012fsigyti metamfetamino internetu.\" \/>\n<meta name=\"robots\" content=\"index, follow, max-snippet:-1, max-image-preview:large, max-video-preview:-1\" \/>\n<link rel=\"canonical\" href=\"https:\/\/medicinasinc.com\/lt\/product\/pirkti-kristalinis-met-metamfetaminas\/\" \/>\n<meta property=\"og:locale\" content=\"en_US\" \/>\n<meta property=\"og:type\" content=\"article\" \/>\n<meta property=\"og:title\" content=\"Pirkite Crystal Meth (metamfetamin\u0105) \u2013 geriausius pasaulinius vaistus\" \/>\n<meta property=\"og:description\" content=\"Pirkite Crystal Meth parduoti JK, ES, Europoje, JAV, Kinijoje, kad gal\u0117tum\u0117te gydyti v\u0117\u017e\u012f su bestglobalmeds.com pagalba. Geriausia vieta, kur pigiai \u012fsigyti metamfetamino internetu.\" \/>\n<meta property=\"og:url\" content=\"https:\/\/medicinasinc.com\/lt\/product\/pirkti-kristalinis-met-metamfetaminas\/\" \/>\n<meta property=\"og:site_name\" content=\"Medicinas Inc\" \/>\n<meta property=\"article:modified_time\" content=\"2022-03-20T12:16:00+00:00\" \/>\n<meta property=\"og:image\" content=\"https:\/\/medicinasinc.com\/lt\/wp-content\/uploads\/sites\/9\/2022\/02\/Buy-Crystal-Meth.jpg\" \/>\n\t<meta property=\"og:image:width\" content=\"1024\" \/>\n\t<meta property=\"og:image:height\" content=\"768\" \/>\n\t<meta property=\"og:image:type\" content=\"image\/jpeg\" \/>\n<meta name=\"twitter:card\" content=\"summary_large_image\" \/>\n<meta name=\"twitter:label1\" content=\"Est. reading time\" \/>\n\t<meta name=\"twitter:data1\" content=\"3 minutes\" \/>\n<script type=\"application\/ld+json\" class=\"yoast-schema-graph\">{\"@context\":\"https:\\\/\\\/schema.org\",\"@graph\":[{\"@type\":\"WebPage\",\"@id\":\"https:\\\/\\\/medicinasinc.com\\\/lt\\\/product\\\/pirkti-kristalinis-met-metamfetaminas\\\/\",\"url\":\"https:\\\/\\\/medicinasinc.com\\\/lt\\\/product\\\/pirkti-kristalinis-met-metamfetaminas\\\/\",\"name\":\"Pirkite Crystal Meth (metamfetamin\u0105) \u2013 geriausius pasaulinius vaistus\",\"isPartOf\":{\"@id\":\"https:\\\/\\\/medicinasinc.com\\\/lt\\\/#website\"},\"primaryImageOfPage\":{\"@id\":\"https:\\\/\\\/medicinasinc.com\\\/lt\\\/product\\\/pirkti-kristalinis-met-metamfetaminas\\\/#primaryimage\"},\"image\":{\"@id\":\"https:\\\/\\\/medicinasinc.com\\\/lt\\\/product\\\/pirkti-kristalinis-met-metamfetaminas\\\/#primaryimage\"},\"thumbnailUrl\":\"https:\\\/\\\/medicinasinc.com\\\/lt\\\/wp-content\\\/uploads\\\/sites\\\/9\\\/2022\\\/02\\\/Buy-Crystal-Meth.jpg\",\"datePublished\":\"2022-02-22T00:08:30+00:00\",\"dateModified\":\"2022-03-20T12:16:00+00:00\",\"description\":\"Pirkite Crystal Meth parduoti JK, ES, Europoje, JAV, Kinijoje, kad gal\u0117tum\u0117te gydyti v\u0117\u017e\u012f su bestglobalmeds.com pagalba. Geriausia vieta, kur pigiai \u012fsigyti metamfetamino internetu.\",\"breadcrumb\":{\"@id\":\"https:\\\/\\\/medicinasinc.com\\\/lt\\\/product\\\/pirkti-kristalinis-met-metamfetaminas\\\/#breadcrumb\"},\"inLanguage\":\"en-US\",\"potentialAction\":[{\"@type\":\"ReadAction\",\"target\":[\"https:\\\/\\\/medicinasinc.com\\\/lt\\\/product\\\/pirkti-kristalinis-met-metamfetaminas\\\/\"]}]},{\"@type\":\"ImageObject\",\"inLanguage\":\"en-US\",\"@id\":\"https:\\\/\\\/medicinasinc.com\\\/lt\\\/product\\\/pirkti-kristalinis-met-metamfetaminas\\\/#primaryimage\",\"url\":\"https:\\\/\\\/medicinasinc.com\\\/lt\\\/wp-content\\\/uploads\\\/sites\\\/9\\\/2022\\\/02\\\/Buy-Crystal-Meth.jpg\",\"contentUrl\":\"https:\\\/\\\/medicinasinc.com\\\/lt\\\/wp-content\\\/uploads\\\/sites\\\/9\\\/2022\\\/02\\\/Buy-Crystal-Meth.jpg\",\"width\":1024,\"height\":768},{\"@type\":\"BreadcrumbList\",\"@id\":\"https:\\\/\\\/medicinasinc.com\\\/lt\\\/product\\\/pirkti-kristalinis-met-metamfetaminas\\\/#breadcrumb\",\"itemListElement\":[{\"@type\":\"ListItem\",\"position\":1,\"name\":\"Parduotuv\u0117\",\"item\":\"https:\\\/\\\/medicinasinc.com\\\/lt\\\/parduotuve\\\/\"},{\"@type\":\"ListItem\",\"position\":2,\"name\":\"Pirkite Crystal Meth (metamfetamin\u0105)\"}]},{\"@type\":\"WebSite\",\"@id\":\"https:\\\/\\\/medicinasinc.com\\\/lt\\\/#website\",\"url\":\"https:\\\/\\\/medicinasinc.com\\\/lt\\\/\",\"name\":\"Medicinas Inc\",\"description\":\"Sveikatos medicinos klinika\",\"potentialAction\":[{\"@type\":\"SearchAction\",\"target\":{\"@type\":\"EntryPoint\",\"urlTemplate\":\"https:\\\/\\\/medicinasinc.com\\\/lt\\\/?s={search_term_string}\"},\"query-input\":{\"@type\":\"PropertyValueSpecification\",\"valueRequired\":true,\"valueName\":\"search_term_string\"}}],\"inLanguage\":\"en-US\"}]}<\/script>\n<!-- \/ Yoast SEO plugin. -->","yoast_head_json":{"title":"Pirkite Crystal Meth (metamfetamin\u0105) \u2013 geriausius pasaulinius vaistus","description":"Pirkite Crystal Meth parduoti JK, ES, Europoje, JAV, Kinijoje, kad gal\u0117tum\u0117te gydyti v\u0117\u017e\u012f su bestglobalmeds.com pagalba. Geriausia vieta, kur pigiai \u012fsigyti metamfetamino internetu.","robots":{"index":"index","follow":"follow","max-snippet":"max-snippet:-1","max-image-preview":"max-image-preview:large","max-video-preview":"max-video-preview:-1"},"canonical":"https:\/\/medicinasinc.com\/lt\/product\/pirkti-kristalinis-met-metamfetaminas\/","og_locale":"en_US","og_type":"article","og_title":"Pirkite Crystal Meth (metamfetamin\u0105) \u2013 geriausius pasaulinius vaistus","og_description":"Pirkite Crystal Meth parduoti JK, ES, Europoje, JAV, Kinijoje, kad gal\u0117tum\u0117te gydyti v\u0117\u017e\u012f su bestglobalmeds.com pagalba. Geriausia vieta, kur pigiai \u012fsigyti metamfetamino internetu.","og_url":"https:\/\/medicinasinc.com\/lt\/product\/pirkti-kristalinis-met-metamfetaminas\/","og_site_name":"Medicinas Inc","article_modified_time":"2022-03-20T12:16:00+00:00","og_image":[{"width":1024,"height":768,"url":"https:\/\/medicinasinc.com\/lt\/wp-content\/uploads\/sites\/9\/2022\/02\/Buy-Crystal-Meth.jpg","type":"image\/jpeg"}],"twitter_card":"summary_large_image","twitter_misc":{"Est. reading time":"3 minutes"},"schema":{"@context":"https:\/\/schema.org","@graph":[{"@type":"WebPage","@id":"https:\/\/medicinasinc.com\/lt\/product\/pirkti-kristalinis-met-metamfetaminas\/","url":"https:\/\/medicinasinc.com\/lt\/product\/pirkti-kristalinis-met-metamfetaminas\/","name":"Pirkite Crystal Meth (metamfetamin\u0105) \u2013 geriausius pasaulinius vaistus","isPartOf":{"@id":"https:\/\/medicinasinc.com\/lt\/#website"},"primaryImageOfPage":{"@id":"https:\/\/medicinasinc.com\/lt\/product\/pirkti-kristalinis-met-metamfetaminas\/#primaryimage"},"image":{"@id":"https:\/\/medicinasinc.com\/lt\/product\/pirkti-kristalinis-met-metamfetaminas\/#primaryimage"},"thumbnailUrl":"https:\/\/medicinasinc.com\/lt\/wp-content\/uploads\/sites\/9\/2022\/02\/Buy-Crystal-Meth.jpg","datePublished":"2022-02-22T00:08:30+00:00","dateModified":"2022-03-20T12:16:00+00:00","description":"Pirkite Crystal Meth parduoti JK, ES, Europoje, JAV, Kinijoje, kad gal\u0117tum\u0117te gydyti v\u0117\u017e\u012f su bestglobalmeds.com pagalba. Geriausia vieta, kur pigiai \u012fsigyti metamfetamino internetu.","breadcrumb":{"@id":"https:\/\/medicinasinc.com\/lt\/product\/pirkti-kristalinis-met-metamfetaminas\/#breadcrumb"},"inLanguage":"en-US","potentialAction":[{"@type":"ReadAction","target":["https:\/\/medicinasinc.com\/lt\/product\/pirkti-kristalinis-met-metamfetaminas\/"]}]},{"@type":"ImageObject","inLanguage":"en-US","@id":"https:\/\/medicinasinc.com\/lt\/product\/pirkti-kristalinis-met-metamfetaminas\/#primaryimage","url":"https:\/\/medicinasinc.com\/lt\/wp-content\/uploads\/sites\/9\/2022\/02\/Buy-Crystal-Meth.jpg","contentUrl":"https:\/\/medicinasinc.com\/lt\/wp-content\/uploads\/sites\/9\/2022\/02\/Buy-Crystal-Meth.jpg","width":1024,"height":768},{"@type":"BreadcrumbList","@id":"https:\/\/medicinasinc.com\/lt\/product\/pirkti-kristalinis-met-metamfetaminas\/#breadcrumb","itemListElement":[{"@type":"ListItem","position":1,"name":"Parduotuv\u0117","item":"https:\/\/medicinasinc.com\/lt\/parduotuve\/"},{"@type":"ListItem","position":2,"name":"Pirkite Crystal Meth (metamfetamin\u0105)"}]},{"@type":"WebSite","@id":"https:\/\/medicinasinc.com\/lt\/#website","url":"https:\/\/medicinasinc.com\/lt\/","name":"Medicinas Inc","description":"Sveikatos medicinos klinika","potentialAction":[{"@type":"SearchAction","target":{"@type":"EntryPoint","urlTemplate":"https:\/\/medicinasinc.com\/lt\/?s={search_term_string}"},"query-input":{"@type":"PropertyValueSpecification","valueRequired":true,"valueName":"search_term_string"}}],"inLanguage":"en-US"}]}},"_links":{"self":[{"href":"https:\/\/medicinasinc.com\/lt\/wp-json\/wp\/v2\/product\/5471","targetHints":{"allow":["GET"]}}],"collection":[{"href":"https:\/\/medicinasinc.com\/lt\/wp-json\/wp\/v2\/product"}],"about":[{"href":"https:\/\/medicinasinc.com\/lt\/wp-json\/wp\/v2\/types\/product"}],"replies":[{"embeddable":true,"href":"https:\/\/medicinasinc.com\/lt\/wp-json\/wp\/v2\/comments?post=5471"}],"wp:featuredmedia":[{"embeddable":true,"href":"https:\/\/medicinasinc.com\/lt\/wp-json\/wp\/v2\/media\/5483"}],"wp:attachment":[{"href":"https:\/\/medicinasinc.com\/lt\/wp-json\/wp\/v2\/media?parent=5471"}],"wp:term":[{"taxonomy":"product_brand","embeddable":true,"href":"https:\/\/medicinasinc.com\/lt\/wp-json\/wp\/v2\/product_brand?post=5471"},{"taxonomy":"product_cat","embeddable":true,"href":"https:\/\/medicinasinc.com\/lt\/wp-json\/wp\/v2\/product_cat?post=5471"},{"taxonomy":"product_tag","embeddable":true,"href":"https:\/\/medicinasinc.com\/lt\/wp-json\/wp\/v2\/product_tag?post=5471"}],"curies":[{"name":"wp","href":"https:\/\/api.w.org\/{rel}","templated":true}]}}