{"id":5470,"date":"2022-02-22T00:06:57","date_gmt":"2022-02-22T00:06:57","guid":{"rendered":"https:\/\/medicinasinc.com\/lt\/?post_type=product&#038;p=5470"},"modified":"2022-03-20T12:16:10","modified_gmt":"2022-03-20T12:16:10","slug":"pirk-th-pvp-crystal","status":"publish","type":"product","link":"https:\/\/medicinasinc.com\/lt\/product\/pirk-th-pvp-crystal\/","title":{"rendered":"Pirkite TH-PVP Crystal"},"content":{"rendered":"<p>Pirkite TH-PVP kristal\u0105 su nuolaida internetu.<\/p>\n<p>\u012esigykite TH-PVP Crystal su nuolaida internetu.<\/p>\n<p>\u012esigykite TH-PVP internetu i\u0161 patikimiausios pasaulyje biuro transporto \u012fmon\u0117s .<\/p>\n<p>TH-PVP, kaip ir PVP, suteikia energijos. \u0160iuo at\u017evilgiu ma\u017eai \u017einoma apie \u0161i\u0105 chemin\u0119 med\u017eiag\u0105, tod\u0117l atsiranda did\u017eiul\u0117 galimyb\u0117 atlikti tyrimus.<\/p>\n<p>Esame geriausias TH-PVP tiek\u0117jas Kinijoje ir esame pla\u010diai vertinami kaip geriausi TH-PVP Reddit pardav\u0117jai. Jei ie\u0161kote teis\u0117to TH-PVP pigaus pardav\u0117jo, rinkit\u0117s tik mus.<\/p>\n<p>PIRKTI TH-PVP INTERNETU I\u0160 M\u016aS\u0172 PARDUOTUV\u0116S<\/p>\n<p>Jei ie\u0161kote TH -PVP parduotuv\u0117 internete, leid\u017eianti saugiai \u012fsigyti TH-PVP brangakmen\u012f. Classicarabians yra geriausias pasirinkimas. Turime \u012fvairi\u0173 sintetini\u0173 med\u017eiag\u0173, skirt\u0173 moksliniams tyrimams, kartu su TH-PVP ir kitais TH-PVP ekvivalentais. M\u016bs\u0173 technika yra gana ai\u0161ki ir nesud\u0117tinga naudoti i\u0161pl\u0117stin\u012f \u012fra\u0161\u0105, kad pigiai gautum\u0117te TH-PVP brangakmenius internetu i\u0161 gamintoj\u0173 ir tiek\u0117j\u0173 Kinijoje.<\/p>\n<p>Jei gyvenate Jungtin\u0117se Amerikos Valstijose, Kanadoje, Jungtin\u0117je Karalyst\u0117je, Australijoje ar Europoje ir jums reikia skubiai prek\u0119, si\u016blome pristatym\u0105 visame pasaulyje. Nepaisant to, raginame prie\u0161 pateikdami u\u017eklaus\u0105 susipa\u017einti su TH-PVP naudojimo b\u016bdais ir simptomais. Be to, tur\u0117tum\u0117te \u017einoti apie tam tikras realias pasekmes, susijusias su TH-PVP brangakmeni\u0173 pirkimu internetu be gydymo j\u016bs\u0173 valstyb\u0117je. Classicarabians yra did\u017eiausias TH-PVP pardav\u0117jas internete, leid\u017eiantis papildyti savo login\u012f tyrim\u0105 lengviausiai prieinama med\u017eiaga. Nepaisant to, raginame prie\u0161 pateikdami u\u017eklaus\u0105 susipa\u017einti su TH-PVP naudojimo b\u016bdais ir simptomais. Be to, tur\u0117tum\u0117te \u017einoti apie tam tikras realias pasekmes, susijusias su TH-PVP brangakmeni\u0173 pirkimu internetu be gydymo j\u016bs\u0173 valstyb\u0117je.<\/p>\n<p>Mes teikiame did\u017eiausi\u0105 kiek\u012f ir kokyb\u0119. Pasistenkite ne\u0161vaistyti savo laiko. Pateikite savo u\u017eklaus\u0105 dabar ir prek\u0117 bus pristatyta \u012f namus. Be to, turime mirties \u017evaig\u017ed\u017ei\u0173 va\u0161ko.<\/p>\n","protected":false},"excerpt":{"rendered":"<div class=\"woocommerce-product-details__short-description\">\n<div class=\"char\">SPECIFIKACIJA<\/div>\n<div class=\"specification\">\n<div class=\"sprow\"><span class=\"spname\">Produkto pavadinimas:<\/span><span class=\"sptext\">TH-PVP<\/span><\/div>\n<div class=\"sprow\"><span class=\"spname\">IUPAC pavadinimas:<\/span> <span class=\"sptext\">2-(pirolidin-1-il)-1-(5,6,7,8-tetrahidronaftalen-2-il)pentan-1-onas<\/span><\/div>\n<div class=\"sprow\"><span class=\"spname\">Kiti pavadinimai:<\/span><span class=\"sptext\">TH-\u03b1-PVP<\/span><\/div>\n<div class=\"sprow\"> <span class=\"spname\">Cas numeris:<\/span><span class=\"sptext\">583123-2-1<\/span><\/div>\n<div class=\"sprow\"><span class=\"spname \">Molekulin\u0117 formul\u0117:<\/span><span class=\"sptext\">C19H27NO<\/span><\/div>\n<div class=\"sprow\"><span class=\"spname\">Poveikis:<\/span><span class=\"sptext\">stimuliuojantis, psichodelinis<\/span><\/div>\n<div class=\"sprow\"><span class=\"spname\">Med\u017eiagos grynumas:<\/span><span class=\"sptext\"> 99,9 %<\/span><\/div>\n<div class=\"sprow\"><\/div>\n<\/p><\/div>\n<p><em>Pirkite<\/em>\u00a0auk\u0161tos kokyb\u0117s\u00a0<em>TH pvp linija<\/em>\u00a0didmenine kaina Kinija\u00a0<em>TH pvp<\/em>\u00a0tiek\u0117jas. &#8230; kur galite\u00a0<em>nusipirkti<\/em>\u00a0th-pvp\u00a0<em>crystal internetu pigiai<\/em>\u00a0didmenin\u0117mis\u00a0<em>kainomis<\/em><\/p>\n<p><em>Pirkti TH<\/em> &#8211;<em>PVP<\/em>\u00a0Rock\u00a0<em>Crystal<\/em> i\u0161 \u201eApproved Drug Supplies\u201c u\u017e geriausi\u0105 kain\u0105 adresu Bestglobalmeds.com<\/p>\n<p>Pirkite TH-PVP Crystal u\u017e ma\u017eiausi\u0105 kain\u0105 internetu. Garantuojame, kad su mumis siuntimas visame pasaulyje bus saugus. th-pvp\u00a0ap\u017evalga<\/p>\n<p>Kur \u012fsigyti nebrangi\u0173 TH-PVP kristal\u0173?<\/p>\n<p>Parduodami kristalai | Pirkite TH-PVP Crystal internetu | Parduodama TH-PVP kristalin\u0117 pudra | Pirkite pigiai TH-PVP Crystal pudr\u0105 | Kur \u012fsigyti TH-PVP Crystal pudr\u0105 internetu | Tikras TH-PVP kristalas internete.<\/p>\n<\/p><\/div>\n","protected":false},"featured_media":5481,"comment_status":"open","ping_status":"closed","template":"","meta":[],"product_brand":[],"product_cat":[2014],"product_tag":[2779,2780,2781,2786,2798,2782,2795,2789,2790,2778,2794,2787,2788,2791,2793,2797,2792,2796,2783,2785,2784],"class_list":{"0":"post-5470","1":"product","2":"type-product","3":"status-publish","4":"has-post-thumbnail","6":"product_cat-pirkti-tyrineti-chemikalai","7":"product_tag-buy-th-pvp-rock-crystal-online","8":"product_tag-buy-th-pvp-rock-crystal-stimulants","9":"product_tag-buy-th-pvp-rock-crystal-usa","10":"product_tag-nusipirkau-th-pvp-rock-crystal","11":"product_tag-kur-pirkti-th-pvp-rock-crystal","12":"product_tag-mail-th-pvp-rock-crystal","13":"product_tag-th-pvp-rock-crystal-stimulants-parduodamas","14":"product_tag-th-pvp-rock-crystal-parduodamas","15":"product_tag-th-pvp-rock-crystal-for-sale-uk","16":"product_tag-pirk-th-pvp-rock-crystal","17":"product_tag-th-pvp-rock-crystal-stimulants","18":"product_tag-th-pvp-rock-crystal","19":"product_tag-th-pvp-rock-crystal-australia","20":"product_tag-th-pvp-rock-crystal-online","21":"product_tag-th-pvp-rock-crystal-review","22":"product_tag-th-pvp-rock-crystal-pardavjas","23":"product_tag-th-pvp-rock-crystal-reddit","24":"product_tag-th-pvp-rock-crystal-supplier","25":"product_tag-order-th-pvp-rock-crystal","26":"product_tag-order-th-pvp-rock-crystal-online","27":"product_tag-order-th-pvp-rock-crystal-eu","29":"first","30":"instock","31":"shipping-taxable","32":"purchasable","33":"product-type-variable","34":"has-default-attributes"},"yoast_head":"<!-- This site is optimized with the Yoast SEO plugin v27.3 - https:\/\/yoast.com\/product\/yoast-seo-wordpress\/ -->\n<title>Pirkite pigiai TH-PVP Crystal internetu \u2013 geriausia pasaulyje medicina<\/title>\n<meta name=\"description\" content=\"Pirkite pigiai TH-PVP kristal\u0105 internetu. Tikras TH-PVP Crystal internetu \u2013 TH-PVP Crystal parduodamas | Pirkite TH-PVP Crystal internetu | Parduodu TH-PVP Crystal pudr\u0105| Pirkite pigiai TH-PVP Crystal pudr\u0105 | Kur \u012fsigyti TH-PVP Crystal milteli\u0173 internetu.\" \/>\n<meta name=\"robots\" content=\"index, follow, max-snippet:-1, max-image-preview:large, max-video-preview:-1\" \/>\n<link rel=\"canonical\" href=\"https:\/\/medicinasinc.com\/lt\/product\/pirk-th-pvp-crystal\/\" \/>\n<meta property=\"og:locale\" content=\"en_US\" \/>\n<meta property=\"og:type\" content=\"article\" \/>\n<meta property=\"og:title\" content=\"Pirkite pigiai TH-PVP Crystal internetu \u2013 geriausia pasaulyje medicina\" \/>\n<meta property=\"og:description\" content=\"Pirkite pigiai TH-PVP kristal\u0105 internetu. Tikras TH-PVP Crystal internetu \u2013 TH-PVP Crystal parduodamas | Pirkite TH-PVP Crystal internetu | Parduodu TH-PVP Crystal pudr\u0105| Pirkite pigiai TH-PVP Crystal pudr\u0105 | Kur \u012fsigyti TH-PVP Crystal milteli\u0173 internetu.\" \/>\n<meta property=\"og:url\" content=\"https:\/\/medicinasinc.com\/lt\/product\/pirk-th-pvp-crystal\/\" \/>\n<meta property=\"og:site_name\" content=\"Medicinas Inc\" \/>\n<meta property=\"article:modified_time\" content=\"2022-03-20T12:16:10+00:00\" \/>\n<meta property=\"og:image\" content=\"https:\/\/medicinasinc.com\/lt\/wp-content\/uploads\/sites\/9\/2022\/02\/buy-cheap-th-pvp-crystal-online.jpg\" \/>\n\t<meta property=\"og:image:width\" content=\"600\" \/>\n\t<meta property=\"og:image:height\" content=\"600\" \/>\n\t<meta property=\"og:image:type\" content=\"image\/jpeg\" \/>\n<meta name=\"twitter:card\" content=\"summary_large_image\" \/>\n<meta name=\"twitter:label1\" content=\"Est. reading time\" \/>\n\t<meta name=\"twitter:data1\" content=\"2 minutes\" \/>\n<script type=\"application\/ld+json\" class=\"yoast-schema-graph\">{\"@context\":\"https:\\\/\\\/schema.org\",\"@graph\":[{\"@type\":\"WebPage\",\"@id\":\"https:\\\/\\\/medicinasinc.com\\\/lt\\\/product\\\/pirk-th-pvp-crystal\\\/\",\"url\":\"https:\\\/\\\/medicinasinc.com\\\/lt\\\/product\\\/pirk-th-pvp-crystal\\\/\",\"name\":\"Pirkite pigiai TH-PVP Crystal internetu \u2013 geriausia pasaulyje medicina\",\"isPartOf\":{\"@id\":\"https:\\\/\\\/medicinasinc.com\\\/lt\\\/#website\"},\"primaryImageOfPage\":{\"@id\":\"https:\\\/\\\/medicinasinc.com\\\/lt\\\/product\\\/pirk-th-pvp-crystal\\\/#primaryimage\"},\"image\":{\"@id\":\"https:\\\/\\\/medicinasinc.com\\\/lt\\\/product\\\/pirk-th-pvp-crystal\\\/#primaryimage\"},\"thumbnailUrl\":\"https:\\\/\\\/medicinasinc.com\\\/lt\\\/wp-content\\\/uploads\\\/sites\\\/9\\\/2022\\\/02\\\/buy-cheap-th-pvp-crystal-online.jpg\",\"datePublished\":\"2022-02-22T00:06:57+00:00\",\"dateModified\":\"2022-03-20T12:16:10+00:00\",\"description\":\"Pirkite pigiai TH-PVP kristal\u0105 internetu. Tikras TH-PVP Crystal internetu \u2013 TH-PVP Crystal parduodamas | Pirkite TH-PVP Crystal internetu | Parduodu TH-PVP Crystal pudr\u0105| Pirkite pigiai TH-PVP Crystal pudr\u0105 | Kur \u012fsigyti TH-PVP Crystal milteli\u0173 internetu.\",\"breadcrumb\":{\"@id\":\"https:\\\/\\\/medicinasinc.com\\\/lt\\\/product\\\/pirk-th-pvp-crystal\\\/#breadcrumb\"},\"inLanguage\":\"en-US\",\"potentialAction\":[{\"@type\":\"ReadAction\",\"target\":[\"https:\\\/\\\/medicinasinc.com\\\/lt\\\/product\\\/pirk-th-pvp-crystal\\\/\"]}]},{\"@type\":\"ImageObject\",\"inLanguage\":\"en-US\",\"@id\":\"https:\\\/\\\/medicinasinc.com\\\/lt\\\/product\\\/pirk-th-pvp-crystal\\\/#primaryimage\",\"url\":\"https:\\\/\\\/medicinasinc.com\\\/lt\\\/wp-content\\\/uploads\\\/sites\\\/9\\\/2022\\\/02\\\/buy-cheap-th-pvp-crystal-online.jpg\",\"contentUrl\":\"https:\\\/\\\/medicinasinc.com\\\/lt\\\/wp-content\\\/uploads\\\/sites\\\/9\\\/2022\\\/02\\\/buy-cheap-th-pvp-crystal-online.jpg\",\"width\":600,\"height\":600},{\"@type\":\"BreadcrumbList\",\"@id\":\"https:\\\/\\\/medicinasinc.com\\\/lt\\\/product\\\/pirk-th-pvp-crystal\\\/#breadcrumb\",\"itemListElement\":[{\"@type\":\"ListItem\",\"position\":1,\"name\":\"Parduotuv\u0117\",\"item\":\"https:\\\/\\\/medicinasinc.com\\\/lt\\\/parduotuve\\\/\"},{\"@type\":\"ListItem\",\"position\":2,\"name\":\"Pirkite TH-PVP Crystal\"}]},{\"@type\":\"WebSite\",\"@id\":\"https:\\\/\\\/medicinasinc.com\\\/lt\\\/#website\",\"url\":\"https:\\\/\\\/medicinasinc.com\\\/lt\\\/\",\"name\":\"Medicinas Inc\",\"description\":\"Sveikatos medicinos klinika\",\"potentialAction\":[{\"@type\":\"SearchAction\",\"target\":{\"@type\":\"EntryPoint\",\"urlTemplate\":\"https:\\\/\\\/medicinasinc.com\\\/lt\\\/?s={search_term_string}\"},\"query-input\":{\"@type\":\"PropertyValueSpecification\",\"valueRequired\":true,\"valueName\":\"search_term_string\"}}],\"inLanguage\":\"en-US\"}]}<\/script>\n<!-- \/ Yoast SEO plugin. -->","yoast_head_json":{"title":"Pirkite pigiai TH-PVP Crystal internetu \u2013 geriausia pasaulyje medicina","description":"Pirkite pigiai TH-PVP kristal\u0105 internetu. Tikras TH-PVP Crystal internetu \u2013 TH-PVP Crystal parduodamas | Pirkite TH-PVP Crystal internetu | Parduodu TH-PVP Crystal pudr\u0105| Pirkite pigiai TH-PVP Crystal pudr\u0105 | Kur \u012fsigyti TH-PVP Crystal milteli\u0173 internetu.","robots":{"index":"index","follow":"follow","max-snippet":"max-snippet:-1","max-image-preview":"max-image-preview:large","max-video-preview":"max-video-preview:-1"},"canonical":"https:\/\/medicinasinc.com\/lt\/product\/pirk-th-pvp-crystal\/","og_locale":"en_US","og_type":"article","og_title":"Pirkite pigiai TH-PVP Crystal internetu \u2013 geriausia pasaulyje medicina","og_description":"Pirkite pigiai TH-PVP kristal\u0105 internetu. Tikras TH-PVP Crystal internetu \u2013 TH-PVP Crystal parduodamas | Pirkite TH-PVP Crystal internetu | Parduodu TH-PVP Crystal pudr\u0105| Pirkite pigiai TH-PVP Crystal pudr\u0105 | Kur \u012fsigyti TH-PVP Crystal milteli\u0173 internetu.","og_url":"https:\/\/medicinasinc.com\/lt\/product\/pirk-th-pvp-crystal\/","og_site_name":"Medicinas Inc","article_modified_time":"2022-03-20T12:16:10+00:00","og_image":[{"width":600,"height":600,"url":"https:\/\/medicinasinc.com\/lt\/wp-content\/uploads\/sites\/9\/2022\/02\/buy-cheap-th-pvp-crystal-online.jpg","type":"image\/jpeg"}],"twitter_card":"summary_large_image","twitter_misc":{"Est. reading time":"2 minutes"},"schema":{"@context":"https:\/\/schema.org","@graph":[{"@type":"WebPage","@id":"https:\/\/medicinasinc.com\/lt\/product\/pirk-th-pvp-crystal\/","url":"https:\/\/medicinasinc.com\/lt\/product\/pirk-th-pvp-crystal\/","name":"Pirkite pigiai TH-PVP Crystal internetu \u2013 geriausia pasaulyje medicina","isPartOf":{"@id":"https:\/\/medicinasinc.com\/lt\/#website"},"primaryImageOfPage":{"@id":"https:\/\/medicinasinc.com\/lt\/product\/pirk-th-pvp-crystal\/#primaryimage"},"image":{"@id":"https:\/\/medicinasinc.com\/lt\/product\/pirk-th-pvp-crystal\/#primaryimage"},"thumbnailUrl":"https:\/\/medicinasinc.com\/lt\/wp-content\/uploads\/sites\/9\/2022\/02\/buy-cheap-th-pvp-crystal-online.jpg","datePublished":"2022-02-22T00:06:57+00:00","dateModified":"2022-03-20T12:16:10+00:00","description":"Pirkite pigiai TH-PVP kristal\u0105 internetu. Tikras TH-PVP Crystal internetu \u2013 TH-PVP Crystal parduodamas | Pirkite TH-PVP Crystal internetu | Parduodu TH-PVP Crystal pudr\u0105| Pirkite pigiai TH-PVP Crystal pudr\u0105 | Kur \u012fsigyti TH-PVP Crystal milteli\u0173 internetu.","breadcrumb":{"@id":"https:\/\/medicinasinc.com\/lt\/product\/pirk-th-pvp-crystal\/#breadcrumb"},"inLanguage":"en-US","potentialAction":[{"@type":"ReadAction","target":["https:\/\/medicinasinc.com\/lt\/product\/pirk-th-pvp-crystal\/"]}]},{"@type":"ImageObject","inLanguage":"en-US","@id":"https:\/\/medicinasinc.com\/lt\/product\/pirk-th-pvp-crystal\/#primaryimage","url":"https:\/\/medicinasinc.com\/lt\/wp-content\/uploads\/sites\/9\/2022\/02\/buy-cheap-th-pvp-crystal-online.jpg","contentUrl":"https:\/\/medicinasinc.com\/lt\/wp-content\/uploads\/sites\/9\/2022\/02\/buy-cheap-th-pvp-crystal-online.jpg","width":600,"height":600},{"@type":"BreadcrumbList","@id":"https:\/\/medicinasinc.com\/lt\/product\/pirk-th-pvp-crystal\/#breadcrumb","itemListElement":[{"@type":"ListItem","position":1,"name":"Parduotuv\u0117","item":"https:\/\/medicinasinc.com\/lt\/parduotuve\/"},{"@type":"ListItem","position":2,"name":"Pirkite TH-PVP Crystal"}]},{"@type":"WebSite","@id":"https:\/\/medicinasinc.com\/lt\/#website","url":"https:\/\/medicinasinc.com\/lt\/","name":"Medicinas Inc","description":"Sveikatos medicinos klinika","potentialAction":[{"@type":"SearchAction","target":{"@type":"EntryPoint","urlTemplate":"https:\/\/medicinasinc.com\/lt\/?s={search_term_string}"},"query-input":{"@type":"PropertyValueSpecification","valueRequired":true,"valueName":"search_term_string"}}],"inLanguage":"en-US"}]}},"_links":{"self":[{"href":"https:\/\/medicinasinc.com\/lt\/wp-json\/wp\/v2\/product\/5470","targetHints":{"allow":["GET"]}}],"collection":[{"href":"https:\/\/medicinasinc.com\/lt\/wp-json\/wp\/v2\/product"}],"about":[{"href":"https:\/\/medicinasinc.com\/lt\/wp-json\/wp\/v2\/types\/product"}],"replies":[{"embeddable":true,"href":"https:\/\/medicinasinc.com\/lt\/wp-json\/wp\/v2\/comments?post=5470"}],"wp:featuredmedia":[{"embeddable":true,"href":"https:\/\/medicinasinc.com\/lt\/wp-json\/wp\/v2\/media\/5481"}],"wp:attachment":[{"href":"https:\/\/medicinasinc.com\/lt\/wp-json\/wp\/v2\/media?parent=5470"}],"wp:term":[{"taxonomy":"product_brand","embeddable":true,"href":"https:\/\/medicinasinc.com\/lt\/wp-json\/wp\/v2\/product_brand?post=5470"},{"taxonomy":"product_cat","embeddable":true,"href":"https:\/\/medicinasinc.com\/lt\/wp-json\/wp\/v2\/product_cat?post=5470"},{"taxonomy":"product_tag","embeddable":true,"href":"https:\/\/medicinasinc.com\/lt\/wp-json\/wp\/v2\/product_tag?post=5470"}],"curies":[{"name":"wp","href":"https:\/\/api.w.org\/{rel}","templated":true}]}}