{"id":5469,"date":"2022-02-22T00:05:12","date_gmt":"2022-02-22T00:05:12","guid":{"rendered":"https:\/\/medicinasinc.com\/lt\/?post_type=product&#038;p=5469"},"modified":"2022-03-20T12:16:21","modified_gmt":"2022-03-20T12:16:21","slug":"pirkti-klonazolamas-milteliai","status":"publish","type":"product","link":"https:\/\/medicinasinc.com\/lt\/product\/pirkti-klonazolamas-milteliai\/","title":{"rendered":"Pirkite klonazolamo miltelius"},"content":{"rendered":"<h1 style=\"font-weight: 600\"><b><strong>Pirkite klonazolamo miltelius\u00a0<\/strong><\/b><\/h1>\n<p style=\"font-weight: 400\">High Store Europos pirmaujantis klonazolamas Chemini\u0173 med\u017eiag\u0173 didmeninis tiek\u0117jas<\/p>\n<h2 style=\"font-weight: 600\">CLONAZOLAM milteli\u0173 ES tiek\u0117jas, JK<\/h2>\n<ul style=\"font-weight: 400\">\n<li>Sekamas\u00a0 \u2013 sekamas apdraustasis arba \u012fprastas pristatymas<\/li>\n<li>I\u0161sami banko pavedimo arba mok\u0117jim\u0173 bitkoinais informacija i\u0161siregistruojant .<\/li>\n<li>Pristatymas nuo pirmadienio iki penktadienio<\/li>\n<li><b><strong>Atkreipkite d\u0117mes\u012f, kad esate apdrausti tik u\u017e nuostolius po 30 dien\u0173 1 nemokamas pakartotinis siuntimas naudojant sekamo draudimo paslaug\u0105 \u2013 atsipra\u0161ome, joki\u0173 i\u0161im\u010di\u0173!<\/strong><\/b><\/li>\n<\/ul>\n<h3 style=\"font-weight: 600\"><\/h3>\n<h3 style=\"font-weight: 600\"><b><strong>Klonazolamo milteliai\u00a0<\/strong><\/b><\/h3>\n<ul style=\"font-weight: 400\">\n<li><b><a href=\"https:\/\/psychonautwiki.org\/wiki\/Sedation\">Raminimas<\/a><\/b>\u00a0\u2013 klonazolamas gali b\u016bti itin raminantis ir da\u017enai sukelia did\u017eiul\u0119 mieguistum\u0105. Esant auk\u0161tesniam lygiui, vartotojai staiga jau\u010diasi taip, lyg jiems labai tr\u016bksta miego ir nemiegojo kelias dienas, tod\u0117l jie ver\u010diami atsis\u0117sti ir apskritai jaustis taip, lyg nuolat apalpt\u0173, o ne u\u017esiimt\u0173 fizine veikla. \u0160is miego tr\u016bkumo jausmas did\u0117ja proporcingai dozei ir galiausiai tampa pakankamai stiprus, kad priverst\u0173 \u017emog\u0173 visi\u0161kai prarasti s\u0105mon\u0119.<\/li>\n<li><b><a href=\"https:\/\/psychonautwiki.org\/wiki\/Muscle_relaxation\"> Raumen\u0173 atpalaidavimas<\/a><\/b>\u00a0\u2013 \u0161is poveikis ypa\u010d stiprus, palyginti su kitais benzodiazepinais, tokiais kaip\u00a0<a href=\"https:\/\/psychonautwiki.org\/wiki\/Alprazolam\">alprazolamas<\/a>.<\/li>\n<li><b><a href=\"https:\/\/psychonautwiki.org\/wiki\/Motor_control_loss\">Variklio valdymo praradimas<\/a><\/b><\/li>\n<li><b><a href=\"https:\/\/psychonautwiki.org\/wiki\/Dizziness\">Svaigulys<\/a><\/b><\/li>\n<li><b><a href=\"https:\/\/psychonautwiki.org\/wiki\/Increased_libido\">Padid\u0117j\u0119s lytinis potraukis<\/a><\/b><\/li>\n<li><b><a href=\"https:\/\/psychonautwiki.org\/wiki\/Respiratory_depression\">Kv\u0117pavimo slopinimas<\/a><\/b><\/li>\n<\/ul>\n<p style=\"font-weight: 400\"><b><strong>Klonazolamas\u00a0<\/strong><\/b>priklauso benzodiazepin\u0173 klasei. Benzodiazepinuose yra benzeno \u017eiedas, sujungtas su diazepino \u017eiedu, kuris yra septyni\u0173 nari\u0173 \u017eiedas, turintis dvi azoto sudedam\u0105sias dalis, esan\u010dias R1 ir R4. Klonazolamo benzilo \u017eiedas R8 yra pakeistas nitro grupe NO2-. Diazepino \u017eiedas taip pat yra prijungtas prie R6, su 2-chlorinto fenilo \u017eiedu.<\/p>\n<p style=\"font-weight: 400\"><a href=\"https:\/\/www.bestglobalmeds.com\/product\/ Research-chemicals\/buy-clonazolam-powder\/\">Klonazolamo<\/a> sud\u0117tyje yra 1-metilinto triazolo \u017eiedo, sujungto su jo diazepino \u017eiedu ir apiman\u010diu R1 ir R2. Klonazolamas priklauso benzodiazepin\u0173 klasei, turin\u010diai susiliejusio triazolo \u017eiedo, vadinam\u0173 triazolobenzodiazepinais, i\u0161siskirian\u010di\u0173 priesaga -zolamas. Kiti nitrobenzodiazepinai apima klonazepam\u0105 ir flunitrazepam\u0105.<\/p>\n<p style=\"font-weight: 400\">6-(2-chlorfenil)-1-metil-8-nitro-4H-s-triazolo- (4,3- a)-(1,4)-benzodiazepinas<\/p>\n<p>\u0160is produktas parduodamas tik mokslini\u0173 tyrim\u0173 tikslais ir n\u0117ra naudojamas jokiems kitiems tikslams, \u012fskaitant, bet neapsiribojant, in vivo diagnostikos tikslais, maisto produktuose, vaistuose, medicinos prietaisuose ir (arba) \u017emon\u0117ms ir (arba) gyv\u016bnams skirtoje kosmetikoje.<\/p>\n<p style=\"font-weight: 400\">Prie\u0161 u\u017esakydami \u012fsitikinkite, kad esate tinkamai pasiruo\u0161\u0119 tirti chemines med\u017eiagas ir kad j\u016bs\u0173 darbo vieta b\u016bt\u0173 gerai v\u0117dinama.<\/p>\n<p style=\"font-weight: 400\">Nor\u0117dami u\u017esisakyti \u0161\u012f gamin\u012f, turite b\u016bti 18 met\u0173 ar vyresni.<\/p>\n","protected":false},"excerpt":{"rendered":"<div class=\"woocommerce-product-details__short-description\">\n<p>Pirkite grynus auk\u0161tos kokyb\u0117s klonazolamo miltelius Europa, JK, ES internetu naudodami Bitcoin &#8211; Pirkite legalius vaistus internetu, pirkite klonazolamo chemikalus, pirkite neapdorotus farmacinius miltelius.<\/p>\n<p>Su Bitcoin internetu galite nusipirkti gryn\u0173, auk\u0161tos kokyb\u0117s klonazolamo milteli\u0173. Visame internete galite \u012fsigyti legali\u0173 vaist\u0173, tirti chemines med\u017eiagas ir farmacini\u0173 \u017ealiav\u0173 miltelius.<\/p>\n<p>Pirkite klonazolam\u0105, kad suma\u017eintum\u0117te nerim\u0105 ir panikos priepuolius. Tai teigiamai veikia j\u016bs\u0173 psichin\u0119 savijaut\u0105.<\/p>\n<p>Kur galiu gauti klonazolamo JAV? Klonazolamo pardav\u0117jas, greitas pristatymas, puiki kokyb\u0117 ir galimyb\u0117 lengvai i\u0161vengti muitin\u0117s<\/p>\n<p>Klonazolamo milteli\u0173 pirkite internete. Klonazolamas yra strukt\u016bri\u0161kai identi\u0161kas klonazepamui, i\u0161skyrus 1,2,4-triazolo \u017eied\u0105, susiliejus\u012f su benzeno \u017eiedu. Kam vartojamas klonazolamas ir kaip jis padeda \u017emon\u0117ms? Tuo tarpu klonazolamas yra prieinamas tik mokslini\u0173 tyrim\u0173 tikslais, o ne \u017emoni\u0173 maistui.<\/p>\n<\/p><\/div>\n","protected":false},"featured_media":5479,"comment_status":"open","ping_status":"closed","template":"","meta":[],"product_brand":[],"product_cat":[2014],"product_tag":[2748,2750,2751,2752,2753,2756,2757,2758,2763,2764,2765,2766,2767,2768,2773,2770,2771,2769,2760,2762,2761,2759,2755,2774,2777,2776,2775,2749,2754,2772],"class_list":{"0":"post-5469","1":"product","2":"type-product","3":"status-publish","4":"has-post-thumbnail","6":"product_cat-pirkti-tyrineti-chemikalai","7":"product_tag-buy-cheap-clonazolam-powder-online","8":"product_tag-buy-clonazolam","9":"product_tag-buy-clonazolam-online","10":"product_tag-buy-clonazolam-powder","11":"product_tag-buy-clonazolam-powder-online","12":"product_tag-clonazolam-buy","13":"product_tag-clonazolam-for-sale","14":"product_tag-clonazolam-powder","15":"product_tag-clonazolam-powder-price","16":"product_tag-clonazolam-price","17":"product_tag-clonazolam-research","18":"product_tag-clonitrazolam-powder-best-price-online","19":"product_tag-crystalline-clonazolam-powder","20":"product_tag-eclonazolam-powder-for-sale","21":"product_tag-gryni-klonazolamo-milteliai","22":"product_tag-kaip-gauti-gryn-klonazolamo-miltelius-internetu","23":"product_tag-kaip-usisakyti-klonazolamo-miltelius-internete","24":"product_tag-kaip-vartoti-klonazolamo-milteliai","25":"product_tag-klonazolamas-milteliai-eu","26":"product_tag-klonazolamas-milteliai-internete","27":"product_tag-klonazolamo-milteliai-kanadoje","28":"product_tag-klonazolamas-milteliai-vietimas","29":"product_tag-klonazolamos","30":"product_tag-kokybiki-klonazolamo-milteliai","31":"product_tag-kur-sigyti-klonitrazolamo-milteli-internete","32":"product_tag-kur-pirkti-klonazolamo-miltelius-internete","33":"product_tag-kur-nusipirkti-klonazolamo-milteli","34":"product_tag-pirkti-klonas-moliusk-milteliai","35":"product_tag-pirk-grynas-klonazolamas-milteliai-internete","36":"product_tag-usisakyti-c-lam-trot-2019-milteliai","38":"first","39":"instock","40":"shipping-taxable","41":"purchasable","42":"product-type-variable","43":"has-default-attributes"},"yoast_head":"<!-- This site is optimized with the Yoast SEO plugin v27.3 - https:\/\/yoast.com\/product\/yoast-seo-wordpress\/ -->\n<title>Pirkite klonazolamo miltelius \u2013 klonazolamo miltelius \u2013 geriausius pasaulinius vaistus<\/title>\n<meta name=\"description\" content=\"Pirkite grynus auk\u0161tos kokyb\u0117s klonazolamo miltelius Europa, JK, ES internetu su Bitcoin \u2013 Pirkite legalius vaistus internetu, pirkite klonazolamo chemikalus, pirkite neapdorotus farmacinius miltelius.\" \/>\n<meta name=\"robots\" content=\"index, follow, max-snippet:-1, max-image-preview:large, max-video-preview:-1\" \/>\n<link rel=\"canonical\" href=\"https:\/\/medicinasinc.com\/lt\/product\/pirkti-klonazolamas-milteliai\/\" \/>\n<meta property=\"og:locale\" content=\"en_US\" \/>\n<meta property=\"og:type\" content=\"article\" \/>\n<meta property=\"og:title\" content=\"Pirkite klonazolamo miltelius \u2013 klonazolamo miltelius \u2013 geriausius pasaulinius vaistus\" \/>\n<meta property=\"og:description\" content=\"Pirkite grynus auk\u0161tos kokyb\u0117s klonazolamo miltelius Europa, JK, ES internetu su Bitcoin \u2013 Pirkite legalius vaistus internetu, pirkite klonazolamo chemikalus, pirkite neapdorotus farmacinius miltelius.\" \/>\n<meta property=\"og:url\" content=\"https:\/\/medicinasinc.com\/lt\/product\/pirkti-klonazolamas-milteliai\/\" \/>\n<meta property=\"og:site_name\" content=\"Medicinas Inc\" \/>\n<meta property=\"article:modified_time\" content=\"2022-03-20T12:16:21+00:00\" \/>\n<meta property=\"og:image\" content=\"https:\/\/medicinasinc.com\/lt\/wp-content\/uploads\/sites\/9\/2022\/02\/Buy-Clonazolam-Powder.jpeg\" \/>\n\t<meta property=\"og:image:width\" content=\"566\" \/>\n\t<meta property=\"og:image:height\" content=\"600\" \/>\n\t<meta property=\"og:image:type\" content=\"image\/jpeg\" \/>\n<meta name=\"twitter:card\" content=\"summary_large_image\" \/>\n<meta name=\"twitter:label1\" content=\"Est. reading time\" \/>\n\t<meta name=\"twitter:data1\" content=\"2 minutes\" \/>\n<script type=\"application\/ld+json\" class=\"yoast-schema-graph\">{\"@context\":\"https:\\\/\\\/schema.org\",\"@graph\":[{\"@type\":\"WebPage\",\"@id\":\"https:\\\/\\\/medicinasinc.com\\\/lt\\\/product\\\/pirkti-klonazolamas-milteliai\\\/\",\"url\":\"https:\\\/\\\/medicinasinc.com\\\/lt\\\/product\\\/pirkti-klonazolamas-milteliai\\\/\",\"name\":\"Pirkite klonazolamo miltelius \u2013 klonazolamo miltelius \u2013 geriausius pasaulinius vaistus\",\"isPartOf\":{\"@id\":\"https:\\\/\\\/medicinasinc.com\\\/lt\\\/#website\"},\"primaryImageOfPage\":{\"@id\":\"https:\\\/\\\/medicinasinc.com\\\/lt\\\/product\\\/pirkti-klonazolamas-milteliai\\\/#primaryimage\"},\"image\":{\"@id\":\"https:\\\/\\\/medicinasinc.com\\\/lt\\\/product\\\/pirkti-klonazolamas-milteliai\\\/#primaryimage\"},\"thumbnailUrl\":\"https:\\\/\\\/medicinasinc.com\\\/lt\\\/wp-content\\\/uploads\\\/sites\\\/9\\\/2022\\\/02\\\/Buy-Clonazolam-Powder.jpeg\",\"datePublished\":\"2022-02-22T00:05:12+00:00\",\"dateModified\":\"2022-03-20T12:16:21+00:00\",\"description\":\"Pirkite grynus auk\u0161tos kokyb\u0117s klonazolamo miltelius Europa, JK, ES internetu su Bitcoin \u2013 Pirkite legalius vaistus internetu, pirkite klonazolamo chemikalus, pirkite neapdorotus farmacinius miltelius.\",\"breadcrumb\":{\"@id\":\"https:\\\/\\\/medicinasinc.com\\\/lt\\\/product\\\/pirkti-klonazolamas-milteliai\\\/#breadcrumb\"},\"inLanguage\":\"en-US\",\"potentialAction\":[{\"@type\":\"ReadAction\",\"target\":[\"https:\\\/\\\/medicinasinc.com\\\/lt\\\/product\\\/pirkti-klonazolamas-milteliai\\\/\"]}]},{\"@type\":\"ImageObject\",\"inLanguage\":\"en-US\",\"@id\":\"https:\\\/\\\/medicinasinc.com\\\/lt\\\/product\\\/pirkti-klonazolamas-milteliai\\\/#primaryimage\",\"url\":\"https:\\\/\\\/medicinasinc.com\\\/lt\\\/wp-content\\\/uploads\\\/sites\\\/9\\\/2022\\\/02\\\/Buy-Clonazolam-Powder.jpeg\",\"contentUrl\":\"https:\\\/\\\/medicinasinc.com\\\/lt\\\/wp-content\\\/uploads\\\/sites\\\/9\\\/2022\\\/02\\\/Buy-Clonazolam-Powder.jpeg\",\"width\":566,\"height\":600},{\"@type\":\"BreadcrumbList\",\"@id\":\"https:\\\/\\\/medicinasinc.com\\\/lt\\\/product\\\/pirkti-klonazolamas-milteliai\\\/#breadcrumb\",\"itemListElement\":[{\"@type\":\"ListItem\",\"position\":1,\"name\":\"Parduotuv\u0117\",\"item\":\"https:\\\/\\\/medicinasinc.com\\\/lt\\\/parduotuve\\\/\"},{\"@type\":\"ListItem\",\"position\":2,\"name\":\"Pirkite klonazolamo miltelius\"}]},{\"@type\":\"WebSite\",\"@id\":\"https:\\\/\\\/medicinasinc.com\\\/lt\\\/#website\",\"url\":\"https:\\\/\\\/medicinasinc.com\\\/lt\\\/\",\"name\":\"Medicinas Inc\",\"description\":\"Sveikatos medicinos klinika\",\"potentialAction\":[{\"@type\":\"SearchAction\",\"target\":{\"@type\":\"EntryPoint\",\"urlTemplate\":\"https:\\\/\\\/medicinasinc.com\\\/lt\\\/?s={search_term_string}\"},\"query-input\":{\"@type\":\"PropertyValueSpecification\",\"valueRequired\":true,\"valueName\":\"search_term_string\"}}],\"inLanguage\":\"en-US\"}]}<\/script>\n<!-- \/ Yoast SEO plugin. -->","yoast_head_json":{"title":"Pirkite klonazolamo miltelius \u2013 klonazolamo miltelius \u2013 geriausius pasaulinius vaistus","description":"Pirkite grynus auk\u0161tos kokyb\u0117s klonazolamo miltelius Europa, JK, ES internetu su Bitcoin \u2013 Pirkite legalius vaistus internetu, pirkite klonazolamo chemikalus, pirkite neapdorotus farmacinius miltelius.","robots":{"index":"index","follow":"follow","max-snippet":"max-snippet:-1","max-image-preview":"max-image-preview:large","max-video-preview":"max-video-preview:-1"},"canonical":"https:\/\/medicinasinc.com\/lt\/product\/pirkti-klonazolamas-milteliai\/","og_locale":"en_US","og_type":"article","og_title":"Pirkite klonazolamo miltelius \u2013 klonazolamo miltelius \u2013 geriausius pasaulinius vaistus","og_description":"Pirkite grynus auk\u0161tos kokyb\u0117s klonazolamo miltelius Europa, JK, ES internetu su Bitcoin \u2013 Pirkite legalius vaistus internetu, pirkite klonazolamo chemikalus, pirkite neapdorotus farmacinius miltelius.","og_url":"https:\/\/medicinasinc.com\/lt\/product\/pirkti-klonazolamas-milteliai\/","og_site_name":"Medicinas Inc","article_modified_time":"2022-03-20T12:16:21+00:00","og_image":[{"width":566,"height":600,"url":"https:\/\/medicinasinc.com\/lt\/wp-content\/uploads\/sites\/9\/2022\/02\/Buy-Clonazolam-Powder.jpeg","type":"image\/jpeg"}],"twitter_card":"summary_large_image","twitter_misc":{"Est. reading time":"2 minutes"},"schema":{"@context":"https:\/\/schema.org","@graph":[{"@type":"WebPage","@id":"https:\/\/medicinasinc.com\/lt\/product\/pirkti-klonazolamas-milteliai\/","url":"https:\/\/medicinasinc.com\/lt\/product\/pirkti-klonazolamas-milteliai\/","name":"Pirkite klonazolamo miltelius \u2013 klonazolamo miltelius \u2013 geriausius pasaulinius vaistus","isPartOf":{"@id":"https:\/\/medicinasinc.com\/lt\/#website"},"primaryImageOfPage":{"@id":"https:\/\/medicinasinc.com\/lt\/product\/pirkti-klonazolamas-milteliai\/#primaryimage"},"image":{"@id":"https:\/\/medicinasinc.com\/lt\/product\/pirkti-klonazolamas-milteliai\/#primaryimage"},"thumbnailUrl":"https:\/\/medicinasinc.com\/lt\/wp-content\/uploads\/sites\/9\/2022\/02\/Buy-Clonazolam-Powder.jpeg","datePublished":"2022-02-22T00:05:12+00:00","dateModified":"2022-03-20T12:16:21+00:00","description":"Pirkite grynus auk\u0161tos kokyb\u0117s klonazolamo miltelius Europa, JK, ES internetu su Bitcoin \u2013 Pirkite legalius vaistus internetu, pirkite klonazolamo chemikalus, pirkite neapdorotus farmacinius miltelius.","breadcrumb":{"@id":"https:\/\/medicinasinc.com\/lt\/product\/pirkti-klonazolamas-milteliai\/#breadcrumb"},"inLanguage":"en-US","potentialAction":[{"@type":"ReadAction","target":["https:\/\/medicinasinc.com\/lt\/product\/pirkti-klonazolamas-milteliai\/"]}]},{"@type":"ImageObject","inLanguage":"en-US","@id":"https:\/\/medicinasinc.com\/lt\/product\/pirkti-klonazolamas-milteliai\/#primaryimage","url":"https:\/\/medicinasinc.com\/lt\/wp-content\/uploads\/sites\/9\/2022\/02\/Buy-Clonazolam-Powder.jpeg","contentUrl":"https:\/\/medicinasinc.com\/lt\/wp-content\/uploads\/sites\/9\/2022\/02\/Buy-Clonazolam-Powder.jpeg","width":566,"height":600},{"@type":"BreadcrumbList","@id":"https:\/\/medicinasinc.com\/lt\/product\/pirkti-klonazolamas-milteliai\/#breadcrumb","itemListElement":[{"@type":"ListItem","position":1,"name":"Parduotuv\u0117","item":"https:\/\/medicinasinc.com\/lt\/parduotuve\/"},{"@type":"ListItem","position":2,"name":"Pirkite klonazolamo miltelius"}]},{"@type":"WebSite","@id":"https:\/\/medicinasinc.com\/lt\/#website","url":"https:\/\/medicinasinc.com\/lt\/","name":"Medicinas Inc","description":"Sveikatos medicinos klinika","potentialAction":[{"@type":"SearchAction","target":{"@type":"EntryPoint","urlTemplate":"https:\/\/medicinasinc.com\/lt\/?s={search_term_string}"},"query-input":{"@type":"PropertyValueSpecification","valueRequired":true,"valueName":"search_term_string"}}],"inLanguage":"en-US"}]}},"_links":{"self":[{"href":"https:\/\/medicinasinc.com\/lt\/wp-json\/wp\/v2\/product\/5469","targetHints":{"allow":["GET"]}}],"collection":[{"href":"https:\/\/medicinasinc.com\/lt\/wp-json\/wp\/v2\/product"}],"about":[{"href":"https:\/\/medicinasinc.com\/lt\/wp-json\/wp\/v2\/types\/product"}],"replies":[{"embeddable":true,"href":"https:\/\/medicinasinc.com\/lt\/wp-json\/wp\/v2\/comments?post=5469"}],"wp:featuredmedia":[{"embeddable":true,"href":"https:\/\/medicinasinc.com\/lt\/wp-json\/wp\/v2\/media\/5479"}],"wp:attachment":[{"href":"https:\/\/medicinasinc.com\/lt\/wp-json\/wp\/v2\/media?parent=5469"}],"wp:term":[{"taxonomy":"product_brand","embeddable":true,"href":"https:\/\/medicinasinc.com\/lt\/wp-json\/wp\/v2\/product_brand?post=5469"},{"taxonomy":"product_cat","embeddable":true,"href":"https:\/\/medicinasinc.com\/lt\/wp-json\/wp\/v2\/product_cat?post=5469"},{"taxonomy":"product_tag","embeddable":true,"href":"https:\/\/medicinasinc.com\/lt\/wp-json\/wp\/v2\/product_tag?post=5469"}],"curies":[{"name":"wp","href":"https:\/\/api.w.org\/{rel}","templated":true}]}}