{"id":5468,"date":"2022-02-22T00:04:03","date_gmt":"2022-02-22T00:04:03","guid":{"rendered":"https:\/\/medicinasinc.com\/lt\/?post_type=product&#038;p=5468"},"modified":"2022-03-20T12:16:30","modified_gmt":"2022-03-20T12:16:30","slug":"pirkti-4-cl-pvp-kristalai","status":"publish","type":"product","link":"https:\/\/medicinasinc.com\/lt\/product\/pirkti-4-cl-pvp-kristalai\/","title":{"rendered":"Pirkite 4-CL-PVP kristalus"},"content":{"rendered":"<p>Kas tiksliai yra 4-CL-PVP?<\/p>\n<p>A-PVP kristalinis atitikmuo yra 4-CL-PVP. Tai klasikinis stimuliatorius. 4-CL-PVP tyrimai da\u017enai atskleid\u017eia kalbumo, padid\u0117jusio budrumo, energijos padid\u0117jimo ir kitus stimuliuojan\u010dius efektus. 4-CL poveikis PVP da\u017enai trunka ma\u017eiau nei tris valandas. Be to, buvo prane\u0161ta, kad med\u017eiaga sukelia lengv\u0105 ar stipr\u0173 euforijos poveik\u012f. Tyr\u0117jai, ie\u0161kantys a-PVP pakaitalo, supras, kad 4-CL-PVP yra priimtinas pakaitalas. 4-CL-PVP yra norepinefrino ir dopamino reabsorbcijos inhibitorius. \u0160is faktas labai prisideda prie stimuliuojan\u010di\u0173 \u0161ios chemin\u0117s med\u017eiagos savybi\u0173.<\/p>\n<p>Kur galiu \u012fsigyti 4-CL-PVP?<\/p>\n<p>Chemical Planet parduoda ypa\u010d auk\u0161tos kokyb\u0117s 4-CL-PVP. Paprastai m\u016bs\u0173 4-CL-PVP tiekiamas kristal\u0173 pavidalu. Jei nematote formos, kurios ie\u0161kote, susisiekite su mumis ir su\u017einokite, kada ji v\u0117l bus pasiekiama.<\/p>\n<p>Jei norite \u012fsigyti 4-Cl-PVP i\u0161 Chemical Planet, turite b\u016bti adresu ne jaunesni kaip 18 met\u0173 ir visi\u0161kai atitinkantys visus vietinius mokslini\u0173 tyrim\u0173 chemini\u0173 med\u017eiag\u0173 \u012fstatymus. M\u016bs\u0173 junginiai yra skirti tik moksliniams tyrimams ir n\u0117ra skirti vartoti \u017emon\u0117ms ar gyv\u016bnams.<\/p>\n<p>&nbsp;<\/p>\n<p>4-CL-PVP teis\u0117tumas<\/p>\n<p>Dauguma viso pasaulio \u0161alys susilaik\u0117 nuo 4-CL-PVP paskelbimo u\u017edrausta chemine med\u017eiaga. Tai rei\u0161kia, kad daugumoje viet\u0173 tai neplanuota. Jei jums reikia papildomos informacijos apie teisin\u012f 4-CL-PVP status\u0105, susisiekite su savo federalin\u0117mis institucijomis.<\/p>\n<p>Visada laikykite v\u0117sioje, sausoje vietoje, kad u\u017etikrintum\u0117te ilgiausi\u0105 galiojimo laik\u0105. \u0160is produktas skirtas tik teismo ekspertiz\u0117s ir tyrim\u0173 tikslams. Tod\u0117l jis N\u0116RA skirtas vartoti \u017emon\u0117ms arba bet kokiems in vivo eksperimentams su gyv\u016bnais ar bet kokia kita gyva b\u016btybe.<\/p>\n","protected":false},"excerpt":{"rendered":"<p>4-CL-PVP kristalai parduodami Jungtin\u0117je Karalyst\u0117je, Europoje ir Europos S\u0105jungoje. Pirkite 4-CL-PVP kristalus internetu u\u017e geriausi\u0105 kain\u0105 ir nemokamas pristatymas visame pasaulyje.<\/p>\n<p>Parduodami 4-CL-PVP kristalai.<\/p>\n<p>Pirkite 4-CL-PVP kristalus. internetu u\u017e geriausi\u0105 kain\u0105 su nemokamu pristatymu visame pasaulyje.<\/p>\n<p>\u012esigykite 4-CL-PVP kristalus su nuolaida internetu.<\/p>\n<p>4-CL-PVP Crystal yra naujas stimuliatorius ir atitikmuo pla\u010diai populiaraus a-PVP.<\/p>\n","protected":false},"featured_media":5477,"comment_status":"open","ping_status":"closed","template":"","meta":[],"product_brand":[],"product_cat":[2014],"product_tag":[2739,2740,2743,2742,2746,2747,2741,2738,2744,2745],"class_list":{"0":"post-5468","1":"product","2":"type-product","3":"status-publish","4":"has-post-thumbnail","6":"product_cat-pirkti-tyrineti-chemikalai","7":"product_tag-4-cl-pvp-efektas","8":"product_tag-4-cl-pvp-europe","9":"product_tag-4-cl-pvp-reddit","10":"product_tag-4-cl-pvp-usakymas","11":"product_tag-buy-4-cl-pvp-crystals-online","12":"product_tag-kur-pirkti-4-cl-pvp-crystals-online","13":"product_tag-4-cl-pvp-parduodamas","14":"product_tag-parduodami-4-cl-pvp-kristalai","15":"product_tag-pirkti-4-cl-pvp","16":"product_tag-pirkti-4-cl-pvp-crystal-online","18":"first","19":"instock","20":"shipping-taxable","21":"purchasable","22":"product-type-variable","23":"has-default-attributes"},"yoast_head":"<!-- This site is optimized with the Yoast SEO plugin v27.3 - https:\/\/yoast.com\/product\/yoast-seo-wordpress\/ -->\n<title>Pirkite 4-CL-PVP kristalus \u2013 4-CL-PVP kristalus \u2013 geriausius pasaulinius vaistus<\/title>\n<meta name=\"description\" content=\"\u012esigykite 4-CL-PVP kristal\u0173\u00a0pardavimui JK, Europoje, ES. Pirkite 4-CL-PVP kristalus\u00a0internete, galimas auk\u0161\u010diausios kokyb\u0117s nemokamas pristatymas visame pasaulyje, pigiausia kada nors, geriausia kaina.\" \/>\n<meta name=\"robots\" content=\"index, follow, max-snippet:-1, max-image-preview:large, max-video-preview:-1\" \/>\n<link rel=\"canonical\" href=\"https:\/\/medicinasinc.com\/lt\/product\/pirkti-4-cl-pvp-kristalai\/\" \/>\n<meta property=\"og:locale\" content=\"en_US\" \/>\n<meta property=\"og:type\" content=\"article\" \/>\n<meta property=\"og:title\" content=\"Pirkite 4-CL-PVP kristalus \u2013 4-CL-PVP kristalus \u2013 geriausius pasaulinius vaistus\" \/>\n<meta property=\"og:description\" content=\"\u012esigykite 4-CL-PVP kristal\u0173\u00a0pardavimui JK, Europoje, ES. Pirkite 4-CL-PVP kristalus\u00a0internete, galimas auk\u0161\u010diausios kokyb\u0117s nemokamas pristatymas visame pasaulyje, pigiausia kada nors, geriausia kaina.\" \/>\n<meta property=\"og:url\" content=\"https:\/\/medicinasinc.com\/lt\/product\/pirkti-4-cl-pvp-kristalai\/\" \/>\n<meta property=\"og:site_name\" content=\"Medicinas Inc\" \/>\n<meta property=\"article:modified_time\" content=\"2022-03-20T12:16:30+00:00\" \/>\n<meta property=\"og:image\" content=\"https:\/\/medicinasinc.com\/lt\/wp-content\/uploads\/sites\/9\/2022\/02\/Buy-4-CL-PVP-Crystals.jpg\" \/>\n\t<meta property=\"og:image:width\" content=\"275\" \/>\n\t<meta property=\"og:image:height\" content=\"183\" \/>\n\t<meta property=\"og:image:type\" content=\"image\/jpeg\" \/>\n<meta name=\"twitter:card\" content=\"summary_large_image\" \/>\n<meta name=\"twitter:label1\" content=\"Est. reading time\" \/>\n\t<meta name=\"twitter:data1\" content=\"2 minutes\" \/>\n<script type=\"application\/ld+json\" class=\"yoast-schema-graph\">{\"@context\":\"https:\\\/\\\/schema.org\",\"@graph\":[{\"@type\":\"WebPage\",\"@id\":\"https:\\\/\\\/medicinasinc.com\\\/lt\\\/product\\\/pirkti-4-cl-pvp-kristalai\\\/\",\"url\":\"https:\\\/\\\/medicinasinc.com\\\/lt\\\/product\\\/pirkti-4-cl-pvp-kristalai\\\/\",\"name\":\"Pirkite 4-CL-PVP kristalus \u2013 4-CL-PVP kristalus \u2013 geriausius pasaulinius vaistus\",\"isPartOf\":{\"@id\":\"https:\\\/\\\/medicinasinc.com\\\/lt\\\/#website\"},\"primaryImageOfPage\":{\"@id\":\"https:\\\/\\\/medicinasinc.com\\\/lt\\\/product\\\/pirkti-4-cl-pvp-kristalai\\\/#primaryimage\"},\"image\":{\"@id\":\"https:\\\/\\\/medicinasinc.com\\\/lt\\\/product\\\/pirkti-4-cl-pvp-kristalai\\\/#primaryimage\"},\"thumbnailUrl\":\"https:\\\/\\\/medicinasinc.com\\\/lt\\\/wp-content\\\/uploads\\\/sites\\\/9\\\/2022\\\/02\\\/Buy-4-CL-PVP-Crystals.jpg\",\"datePublished\":\"2022-02-22T00:04:03+00:00\",\"dateModified\":\"2022-03-20T12:16:30+00:00\",\"description\":\"\u012esigykite 4-CL-PVP kristal\u0173\u00a0pardavimui JK, Europoje, ES. Pirkite 4-CL-PVP kristalus\u00a0internete, galimas auk\u0161\u010diausios kokyb\u0117s nemokamas pristatymas visame pasaulyje, pigiausia kada nors, geriausia kaina.\",\"breadcrumb\":{\"@id\":\"https:\\\/\\\/medicinasinc.com\\\/lt\\\/product\\\/pirkti-4-cl-pvp-kristalai\\\/#breadcrumb\"},\"inLanguage\":\"en-US\",\"potentialAction\":[{\"@type\":\"ReadAction\",\"target\":[\"https:\\\/\\\/medicinasinc.com\\\/lt\\\/product\\\/pirkti-4-cl-pvp-kristalai\\\/\"]}]},{\"@type\":\"ImageObject\",\"inLanguage\":\"en-US\",\"@id\":\"https:\\\/\\\/medicinasinc.com\\\/lt\\\/product\\\/pirkti-4-cl-pvp-kristalai\\\/#primaryimage\",\"url\":\"https:\\\/\\\/medicinasinc.com\\\/lt\\\/wp-content\\\/uploads\\\/sites\\\/9\\\/2022\\\/02\\\/Buy-4-CL-PVP-Crystals.jpg\",\"contentUrl\":\"https:\\\/\\\/medicinasinc.com\\\/lt\\\/wp-content\\\/uploads\\\/sites\\\/9\\\/2022\\\/02\\\/Buy-4-CL-PVP-Crystals.jpg\",\"width\":275,\"height\":183},{\"@type\":\"BreadcrumbList\",\"@id\":\"https:\\\/\\\/medicinasinc.com\\\/lt\\\/product\\\/pirkti-4-cl-pvp-kristalai\\\/#breadcrumb\",\"itemListElement\":[{\"@type\":\"ListItem\",\"position\":1,\"name\":\"Parduotuv\u0117\",\"item\":\"https:\\\/\\\/medicinasinc.com\\\/lt\\\/parduotuve\\\/\"},{\"@type\":\"ListItem\",\"position\":2,\"name\":\"Pirkite 4-CL-PVP kristalus\"}]},{\"@type\":\"WebSite\",\"@id\":\"https:\\\/\\\/medicinasinc.com\\\/lt\\\/#website\",\"url\":\"https:\\\/\\\/medicinasinc.com\\\/lt\\\/\",\"name\":\"Medicinas Inc\",\"description\":\"Sveikatos medicinos klinika\",\"potentialAction\":[{\"@type\":\"SearchAction\",\"target\":{\"@type\":\"EntryPoint\",\"urlTemplate\":\"https:\\\/\\\/medicinasinc.com\\\/lt\\\/?s={search_term_string}\"},\"query-input\":{\"@type\":\"PropertyValueSpecification\",\"valueRequired\":true,\"valueName\":\"search_term_string\"}}],\"inLanguage\":\"en-US\"}]}<\/script>\n<!-- \/ Yoast SEO plugin. -->","yoast_head_json":{"title":"Pirkite 4-CL-PVP kristalus \u2013 4-CL-PVP kristalus \u2013 geriausius pasaulinius vaistus","description":"\u012esigykite 4-CL-PVP kristal\u0173\u00a0pardavimui JK, Europoje, ES. Pirkite 4-CL-PVP kristalus\u00a0internete, galimas auk\u0161\u010diausios kokyb\u0117s nemokamas pristatymas visame pasaulyje, pigiausia kada nors, geriausia kaina.","robots":{"index":"index","follow":"follow","max-snippet":"max-snippet:-1","max-image-preview":"max-image-preview:large","max-video-preview":"max-video-preview:-1"},"canonical":"https:\/\/medicinasinc.com\/lt\/product\/pirkti-4-cl-pvp-kristalai\/","og_locale":"en_US","og_type":"article","og_title":"Pirkite 4-CL-PVP kristalus \u2013 4-CL-PVP kristalus \u2013 geriausius pasaulinius vaistus","og_description":"\u012esigykite 4-CL-PVP kristal\u0173\u00a0pardavimui JK, Europoje, ES. Pirkite 4-CL-PVP kristalus\u00a0internete, galimas auk\u0161\u010diausios kokyb\u0117s nemokamas pristatymas visame pasaulyje, pigiausia kada nors, geriausia kaina.","og_url":"https:\/\/medicinasinc.com\/lt\/product\/pirkti-4-cl-pvp-kristalai\/","og_site_name":"Medicinas Inc","article_modified_time":"2022-03-20T12:16:30+00:00","og_image":[{"width":275,"height":183,"url":"https:\/\/medicinasinc.com\/lt\/wp-content\/uploads\/sites\/9\/2022\/02\/Buy-4-CL-PVP-Crystals.jpg","type":"image\/jpeg"}],"twitter_card":"summary_large_image","twitter_misc":{"Est. reading time":"2 minutes"},"schema":{"@context":"https:\/\/schema.org","@graph":[{"@type":"WebPage","@id":"https:\/\/medicinasinc.com\/lt\/product\/pirkti-4-cl-pvp-kristalai\/","url":"https:\/\/medicinasinc.com\/lt\/product\/pirkti-4-cl-pvp-kristalai\/","name":"Pirkite 4-CL-PVP kristalus \u2013 4-CL-PVP kristalus \u2013 geriausius pasaulinius vaistus","isPartOf":{"@id":"https:\/\/medicinasinc.com\/lt\/#website"},"primaryImageOfPage":{"@id":"https:\/\/medicinasinc.com\/lt\/product\/pirkti-4-cl-pvp-kristalai\/#primaryimage"},"image":{"@id":"https:\/\/medicinasinc.com\/lt\/product\/pirkti-4-cl-pvp-kristalai\/#primaryimage"},"thumbnailUrl":"https:\/\/medicinasinc.com\/lt\/wp-content\/uploads\/sites\/9\/2022\/02\/Buy-4-CL-PVP-Crystals.jpg","datePublished":"2022-02-22T00:04:03+00:00","dateModified":"2022-03-20T12:16:30+00:00","description":"\u012esigykite 4-CL-PVP kristal\u0173\u00a0pardavimui JK, Europoje, ES. Pirkite 4-CL-PVP kristalus\u00a0internete, galimas auk\u0161\u010diausios kokyb\u0117s nemokamas pristatymas visame pasaulyje, pigiausia kada nors, geriausia kaina.","breadcrumb":{"@id":"https:\/\/medicinasinc.com\/lt\/product\/pirkti-4-cl-pvp-kristalai\/#breadcrumb"},"inLanguage":"en-US","potentialAction":[{"@type":"ReadAction","target":["https:\/\/medicinasinc.com\/lt\/product\/pirkti-4-cl-pvp-kristalai\/"]}]},{"@type":"ImageObject","inLanguage":"en-US","@id":"https:\/\/medicinasinc.com\/lt\/product\/pirkti-4-cl-pvp-kristalai\/#primaryimage","url":"https:\/\/medicinasinc.com\/lt\/wp-content\/uploads\/sites\/9\/2022\/02\/Buy-4-CL-PVP-Crystals.jpg","contentUrl":"https:\/\/medicinasinc.com\/lt\/wp-content\/uploads\/sites\/9\/2022\/02\/Buy-4-CL-PVP-Crystals.jpg","width":275,"height":183},{"@type":"BreadcrumbList","@id":"https:\/\/medicinasinc.com\/lt\/product\/pirkti-4-cl-pvp-kristalai\/#breadcrumb","itemListElement":[{"@type":"ListItem","position":1,"name":"Parduotuv\u0117","item":"https:\/\/medicinasinc.com\/lt\/parduotuve\/"},{"@type":"ListItem","position":2,"name":"Pirkite 4-CL-PVP kristalus"}]},{"@type":"WebSite","@id":"https:\/\/medicinasinc.com\/lt\/#website","url":"https:\/\/medicinasinc.com\/lt\/","name":"Medicinas Inc","description":"Sveikatos medicinos klinika","potentialAction":[{"@type":"SearchAction","target":{"@type":"EntryPoint","urlTemplate":"https:\/\/medicinasinc.com\/lt\/?s={search_term_string}"},"query-input":{"@type":"PropertyValueSpecification","valueRequired":true,"valueName":"search_term_string"}}],"inLanguage":"en-US"}]}},"_links":{"self":[{"href":"https:\/\/medicinasinc.com\/lt\/wp-json\/wp\/v2\/product\/5468","targetHints":{"allow":["GET"]}}],"collection":[{"href":"https:\/\/medicinasinc.com\/lt\/wp-json\/wp\/v2\/product"}],"about":[{"href":"https:\/\/medicinasinc.com\/lt\/wp-json\/wp\/v2\/types\/product"}],"replies":[{"embeddable":true,"href":"https:\/\/medicinasinc.com\/lt\/wp-json\/wp\/v2\/comments?post=5468"}],"wp:featuredmedia":[{"embeddable":true,"href":"https:\/\/medicinasinc.com\/lt\/wp-json\/wp\/v2\/media\/5477"}],"wp:attachment":[{"href":"https:\/\/medicinasinc.com\/lt\/wp-json\/wp\/v2\/media?parent=5468"}],"wp:term":[{"taxonomy":"product_brand","embeddable":true,"href":"https:\/\/medicinasinc.com\/lt\/wp-json\/wp\/v2\/product_brand?post=5468"},{"taxonomy":"product_cat","embeddable":true,"href":"https:\/\/medicinasinc.com\/lt\/wp-json\/wp\/v2\/product_cat?post=5468"},{"taxonomy":"product_tag","embeddable":true,"href":"https:\/\/medicinasinc.com\/lt\/wp-json\/wp\/v2\/product_tag?post=5468"}],"curies":[{"name":"wp","href":"https:\/\/api.w.org\/{rel}","templated":true}]}}