{"id":5443,"date":"2022-02-21T23:37:16","date_gmt":"2022-02-21T23:37:16","guid":{"rendered":"https:\/\/medicinasinc.com\/lt\/?post_type=product&#038;p=5443"},"modified":"2022-03-20T12:16:40","modified_gmt":"2022-03-20T12:16:40","slug":"pirk-bufedronas-milteliai","status":"publish","type":"product","link":"https:\/\/medicinasinc.com\/lt\/product\/pirk-bufedronas-milteliai\/","title":{"rendered":"Pirkite Buphedrone miltelius"},"content":{"rendered":"<p>\u012esigykite Buphedrone miltelius<\/p>\n<p>Nar\u0161ykite m\u016bs\u0173 internetin\u012f Bufedrono milteli\u0173 arba kristal\u0173 katalog\u0105. Mes si\u016blome auk\u0161tos kokyb\u0117s produktus u\u017e priimtin\u0105 kain\u0105. U\u017esakymams, kuri\u0173 \u201etarpin\u0117 suma\u201c yra ne ma\u017eesn\u0117 kaip 10 g, bus taikoma 25 % nuolaida.<\/p>\n<p>Kas tiksliai yra Bufedronas?<br \/> \u0160i gerai \u017einoma chemin\u0117 med\u017eiaga yra fenetilamino ir katinono chemini\u0173 klasi\u0173 stimuliatorius. Bufedronas yra beta-ketonas, susij\u0119s su nat\u016braliais junginiais katinonu ir katinu. Jis taip pat \u017einomas kaip -metilamino-butirofenonas arba fenilacetoetil-metilaminas.<\/p>\n<p>Bufedrono milteliai \/ Pirkite bufedrono miltelius<\/p>\n<p>Bufedrono milteliai<\/p>\n<p>Jis taip pat susij\u0119s su metamfetaminu, su -ketono pakaitu (ties beta anglies atomu) ir etilo grupe, pakei\u010dian\u010dia metilo grup\u0119 amino anglies alfa atome. Jo poveikis tiriamiesiems buvo lyginamas su metamfetamino poveikiu, o tyrim\u0173 metu pasteb\u0117ta daugiau euforijos ir ma\u017eiau fizinio stimuliavimo. Jis padidina dopamino i\u0161siskyrim\u0105 i\u0161 dopaminergini\u0173 nerv\u0173 gal\u016bni\u0173 smegenyse.<\/p>\n<p>Bufedrono milteliai<\/p>\n<p>Katinono pakaitalai, tokie kaip etkatinonas, yra psichoaktyv\u016bs junginiai, kurie da\u017eniausiai naudojami kaip pramoginiai vaistai.<\/p>\n<p>Kai kurie i\u0161 j\u0173 turi \u012f amfetamin\u0105 pana\u0161\u0173 poveik\u012f.<\/p>\n<p>3 Bufedronas (hidrochloridas) yra pakeistas katinonas, kurio alfa pad\u0117tyje yra etilo grupe, o N gale yra metilo grup\u0117. \u0160is junginys buvo rastas su stimuliatoriais susijusiuose produktuose. 2 Jo biologin\u0117s ir toksikologin\u0117s savyb\u0117s dar nenustatytos. \u0160is gaminys skirtas naudoti teismo medicinoje.<\/p>\n","protected":false},"excerpt":{"rendered":"<div class=\"woocommerce-product-details__short-description\">\n<p><em>Pirkite<\/em>\u00a0grynos kokyb\u0117s <em>bufedrono miltelius<\/em>\u00a0internete naudodami Bitcoin &#8211; <em>Pirkite<\/em>\u00a0legalius vaistus internetu,\u00a0<em>pirkite<\/em>\u00a0tyrimams skirt\u0173 chemini\u0173 med\u017eiag\u0173,\u00a0<em>pirkite<\/em>\u00a0neapdorot\u0173 farmacijos\u00a0<em>milteli\u0173<\/em>.<\/p>\n<p>Pirkite Bufedrono milteliai JAV \u012esigykite dideliais kiekiais Bufedronas, taip pat \u017einomas kaip MABP, yra fenetilamino ir katinono chemin\u0117s klas\u0117s stimuliatorius.<\/p>\n<p>Pirkite bufedrono miltelius internetu.<\/p>\n<p>Bufedronas, taip pat \u017einomas kaip -metilamino. -butirofenonas (MABP) yra fenetilamino ir katinono stimuliatorius, pirm\u0105 kart\u0105 susintetintas 1928 m.<\/p>\n<\/p><\/div>\n","protected":false},"featured_media":5455,"comment_status":"open","ping_status":"closed","template":"","meta":[],"product_brand":[],"product_cat":[2014],"product_tag":[2726,2728,2731,2732,2730,2727,2733,2737,2729,2734,2736,2735],"class_list":{"0":"post-5443","1":"product","2":"type-product","3":"status-publish","4":"has-post-thumbnail","6":"product_cat-pirkti-tyrineti-chemikalai","7":"product_tag-bufedrono-milteliai","8":"product_tag-bufedronas-milteliai-europa","9":"product_tag-bufedronas-milteliai-italija","10":"product_tag-bufedronas-milteliai-redditas","11":"product_tag-bufedronas-milteliai-vokietija","12":"product_tag-bufedrono-milteli-efektas","13":"product_tag-buphedrone-powder-uk","14":"product_tag-kur-pirkti-bufedrono-milteli","15":"product_tag-bufedrono-milteliai-parduodami","16":"product_tag-pirk-bufedronas-milteliai","17":"product_tag-quality-buphedrone-powder","18":"product_tag-tvarka-bufedronas-milteliai","20":"first","21":"instock","22":"shipping-taxable","23":"purchasable","24":"product-type-variable"},"yoast_head":"<!-- This site is optimized with the Yoast SEO plugin v27.3 - https:\/\/yoast.com\/product\/yoast-seo-wordpress\/ -->\n<title>Pirkite Bufedrono miltelius \u2013 Bufedrono miltelius \u2013 geriausius pasaulinius vaistus<\/title>\n<meta name=\"description\" content=\"Pirkite Bufedrono miltelius Parduodama JK, ES, Europoje (\u03b1-metilamino-butirofenonas arba MABP) kristalai ir 99,9 % grynumo milteliai internetu su saugiu .\" \/>\n<meta name=\"robots\" content=\"index, follow, max-snippet:-1, max-image-preview:large, max-video-preview:-1\" \/>\n<link rel=\"canonical\" href=\"https:\/\/medicinasinc.com\/lt\/product\/pirk-bufedronas-milteliai\/\" \/>\n<meta property=\"og:locale\" content=\"en_US\" \/>\n<meta property=\"og:type\" content=\"article\" \/>\n<meta property=\"og:title\" content=\"Pirkite Bufedrono miltelius \u2013 Bufedrono miltelius \u2013 geriausius pasaulinius vaistus\" \/>\n<meta property=\"og:description\" content=\"Pirkite Bufedrono miltelius Parduodama JK, ES, Europoje (\u03b1-metilamino-butirofenonas arba MABP) kristalai ir 99,9 % grynumo milteliai internetu su saugiu .\" \/>\n<meta property=\"og:url\" content=\"https:\/\/medicinasinc.com\/lt\/product\/pirk-bufedronas-milteliai\/\" \/>\n<meta property=\"og:site_name\" content=\"Medicinas Inc\" \/>\n<meta property=\"article:modified_time\" content=\"2022-03-20T12:16:40+00:00\" \/>\n<meta property=\"og:image\" content=\"https:\/\/medicinasinc.com\/lt\/wp-content\/uploads\/sites\/9\/2022\/02\/Buy-Buphedrone-powder.png\" \/>\n\t<meta property=\"og:image:width\" content=\"600\" \/>\n\t<meta property=\"og:image:height\" content=\"400\" \/>\n\t<meta property=\"og:image:type\" content=\"image\/png\" \/>\n<meta name=\"twitter:card\" content=\"summary_large_image\" \/>\n<meta name=\"twitter:label1\" content=\"Est. reading time\" \/>\n\t<meta name=\"twitter:data1\" content=\"1 minute\" \/>\n<script type=\"application\/ld+json\" class=\"yoast-schema-graph\">{\"@context\":\"https:\\\/\\\/schema.org\",\"@graph\":[{\"@type\":\"WebPage\",\"@id\":\"https:\\\/\\\/medicinasinc.com\\\/lt\\\/product\\\/pirk-bufedronas-milteliai\\\/\",\"url\":\"https:\\\/\\\/medicinasinc.com\\\/lt\\\/product\\\/pirk-bufedronas-milteliai\\\/\",\"name\":\"Pirkite Bufedrono miltelius \u2013 Bufedrono miltelius \u2013 geriausius pasaulinius vaistus\",\"isPartOf\":{\"@id\":\"https:\\\/\\\/medicinasinc.com\\\/lt\\\/#website\"},\"primaryImageOfPage\":{\"@id\":\"https:\\\/\\\/medicinasinc.com\\\/lt\\\/product\\\/pirk-bufedronas-milteliai\\\/#primaryimage\"},\"image\":{\"@id\":\"https:\\\/\\\/medicinasinc.com\\\/lt\\\/product\\\/pirk-bufedronas-milteliai\\\/#primaryimage\"},\"thumbnailUrl\":\"https:\\\/\\\/medicinasinc.com\\\/lt\\\/wp-content\\\/uploads\\\/sites\\\/9\\\/2022\\\/02\\\/Buy-Buphedrone-powder.png\",\"datePublished\":\"2022-02-21T23:37:16+00:00\",\"dateModified\":\"2022-03-20T12:16:40+00:00\",\"description\":\"Pirkite Bufedrono miltelius Parduodama JK, ES, Europoje (\u03b1-metilamino-butirofenonas arba MABP) kristalai ir 99,9 % grynumo milteliai internetu su saugiu .\",\"breadcrumb\":{\"@id\":\"https:\\\/\\\/medicinasinc.com\\\/lt\\\/product\\\/pirk-bufedronas-milteliai\\\/#breadcrumb\"},\"inLanguage\":\"en-US\",\"potentialAction\":[{\"@type\":\"ReadAction\",\"target\":[\"https:\\\/\\\/medicinasinc.com\\\/lt\\\/product\\\/pirk-bufedronas-milteliai\\\/\"]}]},{\"@type\":\"ImageObject\",\"inLanguage\":\"en-US\",\"@id\":\"https:\\\/\\\/medicinasinc.com\\\/lt\\\/product\\\/pirk-bufedronas-milteliai\\\/#primaryimage\",\"url\":\"https:\\\/\\\/medicinasinc.com\\\/lt\\\/wp-content\\\/uploads\\\/sites\\\/9\\\/2022\\\/02\\\/Buy-Buphedrone-powder.png\",\"contentUrl\":\"https:\\\/\\\/medicinasinc.com\\\/lt\\\/wp-content\\\/uploads\\\/sites\\\/9\\\/2022\\\/02\\\/Buy-Buphedrone-powder.png\",\"width\":600,\"height\":400},{\"@type\":\"BreadcrumbList\",\"@id\":\"https:\\\/\\\/medicinasinc.com\\\/lt\\\/product\\\/pirk-bufedronas-milteliai\\\/#breadcrumb\",\"itemListElement\":[{\"@type\":\"ListItem\",\"position\":1,\"name\":\"Parduotuv\u0117\",\"item\":\"https:\\\/\\\/medicinasinc.com\\\/lt\\\/parduotuve\\\/\"},{\"@type\":\"ListItem\",\"position\":2,\"name\":\"Pirkite Buphedrone miltelius\"}]},{\"@type\":\"WebSite\",\"@id\":\"https:\\\/\\\/medicinasinc.com\\\/lt\\\/#website\",\"url\":\"https:\\\/\\\/medicinasinc.com\\\/lt\\\/\",\"name\":\"Medicinas Inc\",\"description\":\"Sveikatos medicinos klinika\",\"potentialAction\":[{\"@type\":\"SearchAction\",\"target\":{\"@type\":\"EntryPoint\",\"urlTemplate\":\"https:\\\/\\\/medicinasinc.com\\\/lt\\\/?s={search_term_string}\"},\"query-input\":{\"@type\":\"PropertyValueSpecification\",\"valueRequired\":true,\"valueName\":\"search_term_string\"}}],\"inLanguage\":\"en-US\"}]}<\/script>\n<!-- \/ Yoast SEO plugin. -->","yoast_head_json":{"title":"Pirkite Bufedrono miltelius \u2013 Bufedrono miltelius \u2013 geriausius pasaulinius vaistus","description":"Pirkite Bufedrono miltelius Parduodama JK, ES, Europoje (\u03b1-metilamino-butirofenonas arba MABP) kristalai ir 99,9 % grynumo milteliai internetu su saugiu .","robots":{"index":"index","follow":"follow","max-snippet":"max-snippet:-1","max-image-preview":"max-image-preview:large","max-video-preview":"max-video-preview:-1"},"canonical":"https:\/\/medicinasinc.com\/lt\/product\/pirk-bufedronas-milteliai\/","og_locale":"en_US","og_type":"article","og_title":"Pirkite Bufedrono miltelius \u2013 Bufedrono miltelius \u2013 geriausius pasaulinius vaistus","og_description":"Pirkite Bufedrono miltelius Parduodama JK, ES, Europoje (\u03b1-metilamino-butirofenonas arba MABP) kristalai ir 99,9 % grynumo milteliai internetu su saugiu .","og_url":"https:\/\/medicinasinc.com\/lt\/product\/pirk-bufedronas-milteliai\/","og_site_name":"Medicinas Inc","article_modified_time":"2022-03-20T12:16:40+00:00","og_image":[{"width":600,"height":400,"url":"https:\/\/medicinasinc.com\/lt\/wp-content\/uploads\/sites\/9\/2022\/02\/Buy-Buphedrone-powder.png","type":"image\/png"}],"twitter_card":"summary_large_image","twitter_misc":{"Est. reading time":"1 minute"},"schema":{"@context":"https:\/\/schema.org","@graph":[{"@type":"WebPage","@id":"https:\/\/medicinasinc.com\/lt\/product\/pirk-bufedronas-milteliai\/","url":"https:\/\/medicinasinc.com\/lt\/product\/pirk-bufedronas-milteliai\/","name":"Pirkite Bufedrono miltelius \u2013 Bufedrono miltelius \u2013 geriausius pasaulinius vaistus","isPartOf":{"@id":"https:\/\/medicinasinc.com\/lt\/#website"},"primaryImageOfPage":{"@id":"https:\/\/medicinasinc.com\/lt\/product\/pirk-bufedronas-milteliai\/#primaryimage"},"image":{"@id":"https:\/\/medicinasinc.com\/lt\/product\/pirk-bufedronas-milteliai\/#primaryimage"},"thumbnailUrl":"https:\/\/medicinasinc.com\/lt\/wp-content\/uploads\/sites\/9\/2022\/02\/Buy-Buphedrone-powder.png","datePublished":"2022-02-21T23:37:16+00:00","dateModified":"2022-03-20T12:16:40+00:00","description":"Pirkite Bufedrono miltelius Parduodama JK, ES, Europoje (\u03b1-metilamino-butirofenonas arba MABP) kristalai ir 99,9 % grynumo milteliai internetu su saugiu .","breadcrumb":{"@id":"https:\/\/medicinasinc.com\/lt\/product\/pirk-bufedronas-milteliai\/#breadcrumb"},"inLanguage":"en-US","potentialAction":[{"@type":"ReadAction","target":["https:\/\/medicinasinc.com\/lt\/product\/pirk-bufedronas-milteliai\/"]}]},{"@type":"ImageObject","inLanguage":"en-US","@id":"https:\/\/medicinasinc.com\/lt\/product\/pirk-bufedronas-milteliai\/#primaryimage","url":"https:\/\/medicinasinc.com\/lt\/wp-content\/uploads\/sites\/9\/2022\/02\/Buy-Buphedrone-powder.png","contentUrl":"https:\/\/medicinasinc.com\/lt\/wp-content\/uploads\/sites\/9\/2022\/02\/Buy-Buphedrone-powder.png","width":600,"height":400},{"@type":"BreadcrumbList","@id":"https:\/\/medicinasinc.com\/lt\/product\/pirk-bufedronas-milteliai\/#breadcrumb","itemListElement":[{"@type":"ListItem","position":1,"name":"Parduotuv\u0117","item":"https:\/\/medicinasinc.com\/lt\/parduotuve\/"},{"@type":"ListItem","position":2,"name":"Pirkite Buphedrone miltelius"}]},{"@type":"WebSite","@id":"https:\/\/medicinasinc.com\/lt\/#website","url":"https:\/\/medicinasinc.com\/lt\/","name":"Medicinas Inc","description":"Sveikatos medicinos klinika","potentialAction":[{"@type":"SearchAction","target":{"@type":"EntryPoint","urlTemplate":"https:\/\/medicinasinc.com\/lt\/?s={search_term_string}"},"query-input":{"@type":"PropertyValueSpecification","valueRequired":true,"valueName":"search_term_string"}}],"inLanguage":"en-US"}]}},"_links":{"self":[{"href":"https:\/\/medicinasinc.com\/lt\/wp-json\/wp\/v2\/product\/5443","targetHints":{"allow":["GET"]}}],"collection":[{"href":"https:\/\/medicinasinc.com\/lt\/wp-json\/wp\/v2\/product"}],"about":[{"href":"https:\/\/medicinasinc.com\/lt\/wp-json\/wp\/v2\/types\/product"}],"replies":[{"embeddable":true,"href":"https:\/\/medicinasinc.com\/lt\/wp-json\/wp\/v2\/comments?post=5443"}],"wp:featuredmedia":[{"embeddable":true,"href":"https:\/\/medicinasinc.com\/lt\/wp-json\/wp\/v2\/media\/5455"}],"wp:attachment":[{"href":"https:\/\/medicinasinc.com\/lt\/wp-json\/wp\/v2\/media?parent=5443"}],"wp:term":[{"taxonomy":"product_brand","embeddable":true,"href":"https:\/\/medicinasinc.com\/lt\/wp-json\/wp\/v2\/product_brand?post=5443"},{"taxonomy":"product_cat","embeddable":true,"href":"https:\/\/medicinasinc.com\/lt\/wp-json\/wp\/v2\/product_cat?post=5443"},{"taxonomy":"product_tag","embeddable":true,"href":"https:\/\/medicinasinc.com\/lt\/wp-json\/wp\/v2\/product_tag?post=5443"}],"curies":[{"name":"wp","href":"https:\/\/api.w.org\/{rel}","templated":true}]}}