{"id":5442,"date":"2022-02-21T23:35:16","date_gmt":"2022-02-21T23:35:16","guid":{"rendered":"https:\/\/medicinasinc.com\/lt\/?post_type=product&#038;p=5442"},"modified":"2022-03-20T12:16:48","modified_gmt":"2022-03-20T12:16:48","slug":"pirkti-alprazolamas-milteliai","status":"publish","type":"product","link":"https:\/\/medicinasinc.com\/lt\/product\/pirkti-alprazolamas-milteliai\/","title":{"rendered":"Pirkite Alprazolamo miltelius"},"content":{"rendered":"<p>Alprazolamo pardavimas<\/p>\n<p>Alprazolamas yra galingas benzodiazepinas, kurio pusin\u0117s eliminacijos laikas trumpas, atpalaiduojantis centrin\u0119 nerv\u0173 sistem\u0105. \u0160is vaistas da\u017eniausiai naudojamas nerimo ir panikos sutrikimams gydyti. Alprazolamo milteli\u0173 paklaus\u0105 skatina did\u0117janti geriatrijos populiacija, pa\u017eeid\u017eiama depresija, taip pat nerimo sutrikim\u0173, toki\u0173 kaip fobija ir generalizuotas nerimas, paplitimas. Be to, pramon\u0117s augim\u0105 skatina greitas ir \u012ftemptas gyvenimo b\u016bdas, sukeliantis depresij\u0105. Be to, prognozuojamu laikotarpiu planuojami alprazolamo moksliniai tyrimai ir pl\u0117tra, siekiant i\u0161tirti naujas galimybes. Kita vertus, grie\u017eti vyriausyb\u0117s nuostatai ir nepalankus narkotik\u0173 poveikis, pavyzd\u017eiui, priklausomyb\u0117 nuo narkotik\u0173, stabdo augim\u0105. ALPRAZOLAM galima \u012fsigyti internetu, taip pat parduoti ALPRAZOLAM.<\/p>\n<p>Naudojimas<\/p>\n<p>Alprazolamas vartojamas nerimo ir panikos sutrikimams (staigiems, nenusp\u0117jamiems intensyvios baim\u0117s ir susir\u016bpinimo d\u0117l \u0161i\u0173 epizod\u0173) gydymui. ). Alprazolamas priklauso benzodiazepin\u0173 grupei. Tai suma\u017eina pernelyg didel\u012f susijaudinim\u0105 smegenyse. Alprazolamas taip pat vartojamas depresijai, nerimui vie\u0161umoje ir prie\u0161menstruaciniam sindromui gydyti. Jis gali b\u016bti naudojamas skausmingose \u200b\u200bsituacijose. Aptarkite su savo gydytoju galim\u0105 rizik\u0105 j\u016bs\u0173 b\u016bklei, jei vartojate \u0161\u012f vaist\u0105.<\/p>\n<p>Dozavimas<\/p>\n<p>Alprazolamas tiekiamas table\u010di\u0173, pailginto atpalaidavimo table\u010di\u0173 ir geriam\u0173j\u0173 table\u010di\u0173 pavidalu (tablet\u0117s, kurios greitai veikia. tirpsta burnoje). Tablet\u0117, burnoje suirstanti tablet\u0117 ir koncentruoti tirpalai paprastai geriami nuo dviej\u0173 iki keturi\u0173 kart\u0173 per dien\u0105. Nuotolin\u0117 tablet\u0117 paprastai geriama kart\u0105 per dien\u0105, ryte. Atid\u017eiai atkreipkite d\u0117mes\u012f \u012f pastabas recept\u0173 lentel\u0117je ir papra\u0161ykite vaistininko ar gydytojo paai\u0161kinti visk\u0105, ko nesuprantate. Vartokite alprazolam\u0105 tiksliai taip, kaip nurodyta. Nor\u0117dami paimti koncentruot\u0105 skyst\u012f, naudokite tik su receptu pateikt\u0105 la\u0161intuv\u0105. U\u017epildykite la\u0161intuv\u0105 reikiama doze. I\u0161spauskite la\u0161intuv\u0105 \u012f skyst\u0105 arba pusiau kiet\u0105 maist\u0105, pvz., arbat\u0105, pien\u0105, soda, obuoli\u0173 sriub\u0105 ar puding\u0105. Kelias sekundes \u0161velniai mai\u0161ykite skyst\u012f arba maist\u0105. Skystis visi\u0161kai absorbuojamas su maistu. I\u0161gerkite arba suvalgykite vis\u0105 mi\u0161in\u012f i\u0161 karto. I\u0161gerkite tablet\u0119 i\u0161 buteliuko prie\u0161 pat paskirt\u0105 doz\u0119. Sausais delnais atidarykite buteliuk\u0105, i\u0161imkite tablet\u0119 ir nedelsdami pad\u0117kite j\u0105 ant lie\u017euvio. Tablet\u0117 gali i\u0161tirpti ir b\u016bti nuryti su seil\u0117mis.<\/p>\n","protected":false},"excerpt":{"rendered":"<div class=\"woocommerce-product-details__short-description\">\n<p><em>Pirkite<\/em> alprazolam\u0105 internetu &#8211; bestglobalmeds.com yra geriausias <em>alprazolamo milteli\u0173<\/em> tiek\u0117jas ir pardav\u0117jas, kuriame galite <em>pirkti<\/em> Xanax milteli\u0173 didmenin\u0117s prekybos. <em>U\u017esisakykite<\/em>\u00a0Dabar!<\/p>\n<p>Alprazolamo miltelius galite \u012fsigyti internetu. Parduodami tikri Alprazolamo milteliai internetu \u2013 Alprazolamo milteliai parduodami internetu | Pirkite Alprazolamo miltelius internetu | Pirkite Alprazolamo miltelius pardavimui internetu | Pirkite pigius Alprazolamo miltelius internetu | Kur \u012fsigyti alprazolamo milteli\u0173 internetu<\/p>\n<\/p><\/div>\n","protected":false},"featured_media":5453,"comment_status":"open","ping_status":"closed","template":"","meta":[],"product_brand":[],"product_cat":[2014],"product_tag":[2719,2720,2721,1152,2723,2722,2725,1153,2724],"class_list":{"0":"post-5442","1":"product","2":"type-product","3":"status-publish","4":"has-post-thumbnail","6":"product_cat-pirkti-tyrineti-chemikalai","7":"product_tag-alprazolam-powder-buy","8":"product_tag-alprazolam-powder-effect","9":"product_tag-alprazolam-powder-europe","10":"product_tag-alprazolamo-milteliai","11":"product_tag-alprazolamas-milteliai-uk","12":"product_tag-alprazolamas-milteliai-redditas","13":"product_tag-buy-alprazolam-powder-europe","14":"product_tag-alprazolamo-milteliai-parduodami","15":"product_tag-pirkti-alprazolamas-milteliai","17":"first","18":"instock","19":"shipping-taxable","20":"purchasable","21":"product-type-variable","22":"has-default-attributes"},"yoast_head":"<!-- This site is optimized with the Yoast SEO plugin v27.3 - https:\/\/yoast.com\/product\/yoast-seo-wordpress\/ -->\n<title>Pirkite Alprazolamo miltelius \u2013 Alprazolamo miltelius \u2013 geriausius pasaulinius vaistus<\/title>\n<meta name=\"description\" content=\"Pirkite Alprazolamo miltelius internetu. Tikri Alprazolamo milteliai internetu \u2013 Parduodu Alprazolamo miltelius | Pirkite Alprazolamo miltelius internetu | Parduodu Alprazolamo miltelius| Pirkite pigius Alprazolamo miltelius | Kur nusipirkti Alprazolamo milteli\u0173 internetu\" \/>\n<meta name=\"robots\" content=\"index, follow, max-snippet:-1, max-image-preview:large, max-video-preview:-1\" \/>\n<link rel=\"canonical\" href=\"https:\/\/medicinasinc.com\/lt\/product\/pirkti-alprazolamas-milteliai\/\" \/>\n<meta property=\"og:locale\" content=\"en_US\" \/>\n<meta property=\"og:type\" content=\"article\" \/>\n<meta property=\"og:title\" content=\"Pirkite Alprazolamo miltelius \u2013 Alprazolamo miltelius \u2013 geriausius pasaulinius vaistus\" \/>\n<meta property=\"og:description\" content=\"Pirkite Alprazolamo miltelius internetu. Tikri Alprazolamo milteliai internetu \u2013 Parduodu Alprazolamo miltelius | Pirkite Alprazolamo miltelius internetu | Parduodu Alprazolamo miltelius| Pirkite pigius Alprazolamo miltelius | Kur nusipirkti Alprazolamo milteli\u0173 internetu\" \/>\n<meta property=\"og:url\" content=\"https:\/\/medicinasinc.com\/lt\/product\/pirkti-alprazolamas-milteliai\/\" \/>\n<meta property=\"og:site_name\" content=\"Medicinas Inc\" \/>\n<meta property=\"article:modified_time\" content=\"2022-03-20T12:16:48+00:00\" \/>\n<meta property=\"og:image\" content=\"https:\/\/medicinasinc.com\/lt\/wp-content\/uploads\/sites\/9\/2022\/02\/Buy-Alprazolam-powder.jpg\" \/>\n\t<meta property=\"og:image:width\" content=\"259\" \/>\n\t<meta property=\"og:image:height\" content=\"194\" \/>\n\t<meta property=\"og:image:type\" content=\"image\/jpeg\" \/>\n<meta name=\"twitter:card\" content=\"summary_large_image\" \/>\n<meta name=\"twitter:label1\" content=\"Est. reading time\" \/>\n\t<meta name=\"twitter:data1\" content=\"2 minutes\" \/>\n<script type=\"application\/ld+json\" class=\"yoast-schema-graph\">{\"@context\":\"https:\\\/\\\/schema.org\",\"@graph\":[{\"@type\":\"WebPage\",\"@id\":\"https:\\\/\\\/medicinasinc.com\\\/lt\\\/product\\\/pirkti-alprazolamas-milteliai\\\/\",\"url\":\"https:\\\/\\\/medicinasinc.com\\\/lt\\\/product\\\/pirkti-alprazolamas-milteliai\\\/\",\"name\":\"Pirkite Alprazolamo miltelius \u2013 Alprazolamo miltelius \u2013 geriausius pasaulinius vaistus\",\"isPartOf\":{\"@id\":\"https:\\\/\\\/medicinasinc.com\\\/lt\\\/#website\"},\"primaryImageOfPage\":{\"@id\":\"https:\\\/\\\/medicinasinc.com\\\/lt\\\/product\\\/pirkti-alprazolamas-milteliai\\\/#primaryimage\"},\"image\":{\"@id\":\"https:\\\/\\\/medicinasinc.com\\\/lt\\\/product\\\/pirkti-alprazolamas-milteliai\\\/#primaryimage\"},\"thumbnailUrl\":\"https:\\\/\\\/medicinasinc.com\\\/lt\\\/wp-content\\\/uploads\\\/sites\\\/9\\\/2022\\\/02\\\/Buy-Alprazolam-powder.jpg\",\"datePublished\":\"2022-02-21T23:35:16+00:00\",\"dateModified\":\"2022-03-20T12:16:48+00:00\",\"description\":\"Pirkite Alprazolamo miltelius internetu. Tikri Alprazolamo milteliai internetu \u2013 Parduodu Alprazolamo miltelius | Pirkite Alprazolamo miltelius internetu | Parduodu Alprazolamo miltelius| Pirkite pigius Alprazolamo miltelius | Kur nusipirkti Alprazolamo milteli\u0173 internetu\",\"breadcrumb\":{\"@id\":\"https:\\\/\\\/medicinasinc.com\\\/lt\\\/product\\\/pirkti-alprazolamas-milteliai\\\/#breadcrumb\"},\"inLanguage\":\"en-US\",\"potentialAction\":[{\"@type\":\"ReadAction\",\"target\":[\"https:\\\/\\\/medicinasinc.com\\\/lt\\\/product\\\/pirkti-alprazolamas-milteliai\\\/\"]}]},{\"@type\":\"ImageObject\",\"inLanguage\":\"en-US\",\"@id\":\"https:\\\/\\\/medicinasinc.com\\\/lt\\\/product\\\/pirkti-alprazolamas-milteliai\\\/#primaryimage\",\"url\":\"https:\\\/\\\/medicinasinc.com\\\/lt\\\/wp-content\\\/uploads\\\/sites\\\/9\\\/2022\\\/02\\\/Buy-Alprazolam-powder.jpg\",\"contentUrl\":\"https:\\\/\\\/medicinasinc.com\\\/lt\\\/wp-content\\\/uploads\\\/sites\\\/9\\\/2022\\\/02\\\/Buy-Alprazolam-powder.jpg\",\"width\":259,\"height\":194},{\"@type\":\"BreadcrumbList\",\"@id\":\"https:\\\/\\\/medicinasinc.com\\\/lt\\\/product\\\/pirkti-alprazolamas-milteliai\\\/#breadcrumb\",\"itemListElement\":[{\"@type\":\"ListItem\",\"position\":1,\"name\":\"Parduotuv\u0117\",\"item\":\"https:\\\/\\\/medicinasinc.com\\\/lt\\\/parduotuve\\\/\"},{\"@type\":\"ListItem\",\"position\":2,\"name\":\"Pirkite Alprazolamo miltelius\"}]},{\"@type\":\"WebSite\",\"@id\":\"https:\\\/\\\/medicinasinc.com\\\/lt\\\/#website\",\"url\":\"https:\\\/\\\/medicinasinc.com\\\/lt\\\/\",\"name\":\"Medicinas Inc\",\"description\":\"Sveikatos medicinos klinika\",\"potentialAction\":[{\"@type\":\"SearchAction\",\"target\":{\"@type\":\"EntryPoint\",\"urlTemplate\":\"https:\\\/\\\/medicinasinc.com\\\/lt\\\/?s={search_term_string}\"},\"query-input\":{\"@type\":\"PropertyValueSpecification\",\"valueRequired\":true,\"valueName\":\"search_term_string\"}}],\"inLanguage\":\"en-US\"}]}<\/script>\n<!-- \/ Yoast SEO plugin. -->","yoast_head_json":{"title":"Pirkite Alprazolamo miltelius \u2013 Alprazolamo miltelius \u2013 geriausius pasaulinius vaistus","description":"Pirkite Alprazolamo miltelius internetu. Tikri Alprazolamo milteliai internetu \u2013 Parduodu Alprazolamo miltelius | Pirkite Alprazolamo miltelius internetu | Parduodu Alprazolamo miltelius| Pirkite pigius Alprazolamo miltelius | Kur nusipirkti Alprazolamo milteli\u0173 internetu","robots":{"index":"index","follow":"follow","max-snippet":"max-snippet:-1","max-image-preview":"max-image-preview:large","max-video-preview":"max-video-preview:-1"},"canonical":"https:\/\/medicinasinc.com\/lt\/product\/pirkti-alprazolamas-milteliai\/","og_locale":"en_US","og_type":"article","og_title":"Pirkite Alprazolamo miltelius \u2013 Alprazolamo miltelius \u2013 geriausius pasaulinius vaistus","og_description":"Pirkite Alprazolamo miltelius internetu. Tikri Alprazolamo milteliai internetu \u2013 Parduodu Alprazolamo miltelius | Pirkite Alprazolamo miltelius internetu | Parduodu Alprazolamo miltelius| Pirkite pigius Alprazolamo miltelius | Kur nusipirkti Alprazolamo milteli\u0173 internetu","og_url":"https:\/\/medicinasinc.com\/lt\/product\/pirkti-alprazolamas-milteliai\/","og_site_name":"Medicinas Inc","article_modified_time":"2022-03-20T12:16:48+00:00","og_image":[{"width":259,"height":194,"url":"https:\/\/medicinasinc.com\/lt\/wp-content\/uploads\/sites\/9\/2022\/02\/Buy-Alprazolam-powder.jpg","type":"image\/jpeg"}],"twitter_card":"summary_large_image","twitter_misc":{"Est. reading time":"2 minutes"},"schema":{"@context":"https:\/\/schema.org","@graph":[{"@type":"WebPage","@id":"https:\/\/medicinasinc.com\/lt\/product\/pirkti-alprazolamas-milteliai\/","url":"https:\/\/medicinasinc.com\/lt\/product\/pirkti-alprazolamas-milteliai\/","name":"Pirkite Alprazolamo miltelius \u2013 Alprazolamo miltelius \u2013 geriausius pasaulinius vaistus","isPartOf":{"@id":"https:\/\/medicinasinc.com\/lt\/#website"},"primaryImageOfPage":{"@id":"https:\/\/medicinasinc.com\/lt\/product\/pirkti-alprazolamas-milteliai\/#primaryimage"},"image":{"@id":"https:\/\/medicinasinc.com\/lt\/product\/pirkti-alprazolamas-milteliai\/#primaryimage"},"thumbnailUrl":"https:\/\/medicinasinc.com\/lt\/wp-content\/uploads\/sites\/9\/2022\/02\/Buy-Alprazolam-powder.jpg","datePublished":"2022-02-21T23:35:16+00:00","dateModified":"2022-03-20T12:16:48+00:00","description":"Pirkite Alprazolamo miltelius internetu. Tikri Alprazolamo milteliai internetu \u2013 Parduodu Alprazolamo miltelius | Pirkite Alprazolamo miltelius internetu | Parduodu Alprazolamo miltelius| Pirkite pigius Alprazolamo miltelius | Kur nusipirkti Alprazolamo milteli\u0173 internetu","breadcrumb":{"@id":"https:\/\/medicinasinc.com\/lt\/product\/pirkti-alprazolamas-milteliai\/#breadcrumb"},"inLanguage":"en-US","potentialAction":[{"@type":"ReadAction","target":["https:\/\/medicinasinc.com\/lt\/product\/pirkti-alprazolamas-milteliai\/"]}]},{"@type":"ImageObject","inLanguage":"en-US","@id":"https:\/\/medicinasinc.com\/lt\/product\/pirkti-alprazolamas-milteliai\/#primaryimage","url":"https:\/\/medicinasinc.com\/lt\/wp-content\/uploads\/sites\/9\/2022\/02\/Buy-Alprazolam-powder.jpg","contentUrl":"https:\/\/medicinasinc.com\/lt\/wp-content\/uploads\/sites\/9\/2022\/02\/Buy-Alprazolam-powder.jpg","width":259,"height":194},{"@type":"BreadcrumbList","@id":"https:\/\/medicinasinc.com\/lt\/product\/pirkti-alprazolamas-milteliai\/#breadcrumb","itemListElement":[{"@type":"ListItem","position":1,"name":"Parduotuv\u0117","item":"https:\/\/medicinasinc.com\/lt\/parduotuve\/"},{"@type":"ListItem","position":2,"name":"Pirkite Alprazolamo miltelius"}]},{"@type":"WebSite","@id":"https:\/\/medicinasinc.com\/lt\/#website","url":"https:\/\/medicinasinc.com\/lt\/","name":"Medicinas Inc","description":"Sveikatos medicinos klinika","potentialAction":[{"@type":"SearchAction","target":{"@type":"EntryPoint","urlTemplate":"https:\/\/medicinasinc.com\/lt\/?s={search_term_string}"},"query-input":{"@type":"PropertyValueSpecification","valueRequired":true,"valueName":"search_term_string"}}],"inLanguage":"en-US"}]}},"_links":{"self":[{"href":"https:\/\/medicinasinc.com\/lt\/wp-json\/wp\/v2\/product\/5442","targetHints":{"allow":["GET"]}}],"collection":[{"href":"https:\/\/medicinasinc.com\/lt\/wp-json\/wp\/v2\/product"}],"about":[{"href":"https:\/\/medicinasinc.com\/lt\/wp-json\/wp\/v2\/types\/product"}],"replies":[{"embeddable":true,"href":"https:\/\/medicinasinc.com\/lt\/wp-json\/wp\/v2\/comments?post=5442"}],"wp:featuredmedia":[{"embeddable":true,"href":"https:\/\/medicinasinc.com\/lt\/wp-json\/wp\/v2\/media\/5453"}],"wp:attachment":[{"href":"https:\/\/medicinasinc.com\/lt\/wp-json\/wp\/v2\/media?parent=5442"}],"wp:term":[{"taxonomy":"product_brand","embeddable":true,"href":"https:\/\/medicinasinc.com\/lt\/wp-json\/wp\/v2\/product_brand?post=5442"},{"taxonomy":"product_cat","embeddable":true,"href":"https:\/\/medicinasinc.com\/lt\/wp-json\/wp\/v2\/product_cat?post=5442"},{"taxonomy":"product_tag","embeddable":true,"href":"https:\/\/medicinasinc.com\/lt\/wp-json\/wp\/v2\/product_tag?post=5442"}],"curies":[{"name":"wp","href":"https:\/\/api.w.org\/{rel}","templated":true}]}}