{"id":5441,"date":"2022-02-21T23:32:20","date_gmt":"2022-02-21T23:32:20","guid":{"rendered":"https:\/\/medicinasinc.com\/lt\/?post_type=product&#038;p=5441"},"modified":"2022-03-20T12:17:00","modified_gmt":"2022-03-20T12:17:00","slug":"pirkti-alfa-pvp","status":"publish","type":"product","link":"https:\/\/medicinasinc.com\/lt\/product\/pirkti-alfa-pvp\/","title":{"rendered":"Pirkite Alpha-PVP"},"content":{"rendered":"<p>Alfa-PVP pirkimas internetu<\/p>\n<p>Alfa-PVP yra sintetinis stimuliatorius, naudojamas medicinos srityje \u012fvairioms ligoms gydyti. Alfa yra klasifikuojama kaip provaistas katinono klas\u0117je. Alfa PVP i\u0161 prad\u017ei\u0173 buvo sukurtas kaip dizaineri\u0173 sukurtas vaistas. Dabar jis labai populiarus tarp \u017emoni\u0173 ir kitiems tikslams, pavyzd\u017eiui, skausmui mal\u0161inti. \u0160is sintetinis stimuliatorius naudojamas narkotik\u0173 vartotoj\u0173 poreikiams tenkinti. Jis i\u0161populiar\u0117jo pra\u0117jus 40 met\u0173 po pirmojo produkto i\u0161leidimo, 2000 m. Svarbiausia prisiminti, kad tuo metu juo nesinaudojo net nedidel\u0117 \u017emoni\u0173 bendruomen\u0117. Ta\u010diau nuo 2000 m. ir iki \u0161iol jo populiarumas i\u0161augo tiek, kad j\u012f vartoja beveik 70 % pasaulio gyventoj\u0173.<\/p>\n<p>Alfa-PVP psichodelini\u0173 vaist\u0173 populiarumo prie\u017eastis<\/p>\n<p>Kur galiu gauti PVP? Alfa-PVP<\/p>\n<p>Alfa-PVP yra labiausiai paplitusios provaist\u0173 klas\u0117s narys ir yra pla\u010diai naudojamas. Pagrindin\u0117 jo populiarumo prie\u017eastis yra didelis stiprumas ir greitas veikimas. Jis veikia pana\u0161iai kaip kiti stimuliatoriai, nes tiesiogiai veikia centrin\u0119 nerv\u0173 sistem\u0105.<\/p>\n<p>Ta\u010diau veikia greitai ir i\u0161skiria hormonus, kad gal\u0117t\u0173 atlikti norimus veiksmus. D\u0117l savo veikimo b\u016bdo alfa-PVP taip pat \u017einomas kaip centrin\u0117s nerv\u0173 sistemos stimuliatorius.<\/p>\n<p>Alfa-PVP psichodeliniai vaistai medicinos reikm\u0117ms<\/p>\n<p>Alfa-PVP taip pat padeda \u017emogaus protui valdyti trumpalaikes emocijas, tokias kaip laim\u0117, li\u016bdesys ar skausmas. \u0160is vaistas padeda protui \u012fsivaizduoti normali\u0105 sistem\u0105, kurioje jis gal\u0117t\u0173 normaliai ir be sunkum\u0173 veikti. Tokiu b\u016bdu Alpha-PVP naudojamas bet kokio tipo \u0161okui palengvinti.<\/p>\n<p>\u0160is provaistas naudojamas \u0161oki\u0173 klubuose ir baruose. Ta\u010diau tai taikoma tik tam tikrais gydymo b\u016bdais pagal gydytojo nurodymus.<\/p>\n<p>Gydytojai gydo pacientus vaistais, kuri\u0173 pagrind\u0105 sudaro alfa-PVP. Pagrindinis taikymas yra gydyti depresij\u0105 ir nerim\u0105.<\/p>\n<p>Tai yra keletas pagrindini\u0173 funkcij\u0173, kurios skatina alfa-PVP naudojim\u0105. Jis populiar\u0117ja abiejose veiklos srityse.<\/p>\n<p>Kaip saugiai \u012fsigyti PVP \u2013 apra\u0161ymas<\/p>\n<p>Sisteminis IUPAC pavadinimas: 1-fenil-2-(1-pirolidinil)-1 -pentanonas Pilnas cheminis pavadinimas: alfa-pirolidinopentiofenonas<br \/> CAS Nr. 14530-33-7<br \/> Molekulin\u0117 formul\u0117C15H21NO Molekulin\u0117 mas\u0117 231,333 g\/mol ChemSpider numeris9324063<\/p>\n<p>tiofenopentiofenonas, pirrolinopentiofenonas PVP, alfa-PVP, O-2387, -ketonas-prolintanas) yra stimuliuojantis junginys, atrastas XX a. septintajame de\u0161imtmetyje, susij\u0119s su pirovaleronu ir yra prolintano ketoninis analogas.<\/p>\n<p>Dideliu mastu m\u016bs\u0173 internetin\u0117 svetain\u0117 parduotuv\u0117s sandoriai su Alpha-PVP. Norimus produktus galite \u012fsigyti labai ma\u017eomis kainomis. Taip pat per trump\u0105 laik\u0105 gausite prek\u0119 m\u016bs\u0173 internetini\u0173 pristatymo paslaug\u0173 d\u0117ka.<\/p>\n","protected":false},"excerpt":{"rendered":"<div class=\"woocommerce-product-details__short-description\">\n<p>Norite nusipirkti pigiai A-pvp, pirkite alfa-pirolidinopentiofenon\u0105 JK, Europoje m\u016bs\u0173 bestglobalemeds.com parduotuv\u0117je su greitu pristatymu visame pasaulyje! \u010cia rasite geriausi\u0105 A-pvp u\u017esakymui! <em>\u03b1<\/em>&#8211;<em>PVP<\/em>(pilnas pavadinimas:<em>\u03b1<\/em>&#8211;<em>Pirolidinopentiofenonas<\/em>), taip pat \u017einomas kaip\u00a0<em>alfa<\/em>-pirolidinovalerofenonas, A-<em>PVP<\/em>,\u00a0<em>alfa<\/em>&#8211;<em>PVP<\/em>,<\/p>\n<p>Kas ar tiksliai yra a-PVP?<br \/> A-PVP (alfa-pirolidinovalerofenonas, -PVP, alfa-PVP, O-2387, -ketonas-prolintanas) yra stimuliuojantis junginys, sukurtas septintajame de\u0161imtmetyje, susij\u0119s su pirovaleronu ir yra prolintano ketono analogas.<\/p>\n<\/p><\/div>\n","protected":false},"featured_media":5451,"comment_status":"open","ping_status":"closed","template":"","meta":[],"product_brand":[],"product_cat":[2014],"product_tag":[2663,2666,2667,2683,2672,2673,2676,2674,2675,2680,2669,2670,2677,2671,2678,2681,2668,2682,2685,2684,2687,2688,2689,2690,2691,2696,2697,2698,2699,2704,2705,2706,2716,2715,2717,2718,2711,2664,2679,2686,2710,2692,2693,2694,2695,2701,2700,2703,2702,2708,2709,2707,2714,2665,2713,2712],"class_list":{"0":"post-5441","1":"product","2":"type-product","3":"status-publish","4":"has-post-thumbnail","6":"product_cat-pirkti-tyrineti-chemikalai","7":"product_tag-a-pvp-buy","8":"product_tag-a-pvp","9":"product_tag-a-pvp-powder","10":"product_tag-a-pvp-apvalga","11":"product_tag-a-pvp-crystal-dosage","12":"product_tag-a-pvp-crystal-for-sale","13":"product_tag-a-pvp-crystal-uk","14":"product_tag-a-pvp-crystal-review","15":"product_tag-a-pvp-crystal-supplier","16":"product_tag-a-pvp-for-sale-online","17":"product_tag-a-pvp-kristalas","18":"product_tag-a-pvp-crystal-australia","19":"product_tag-a-pvp-crystal-usa","20":"product_tag-a-pvp-crystal-canada","21":"product_tag-a-pvp-crystal-pardavjas","22":"product_tag-a-pvp-milteliai","23":"product_tag-a-pvp-buy-usa","24":"product_tag-a-pvp-reddit","25":"product_tag-a-pvp-stimulants-for-sale","26":"product_tag-a-pvp-stimuliatoriai","27":"product_tag-alfa-pvp-wiki","28":"product_tag-alpha-pvp-wirkung","29":"product_tag-apvp-milteliai","30":"product_tag-buy-a-pvp","31":"product_tag-buy-a-pvp-powder-for-sale","32":"product_tag-buy-a-pvp-big-crystals-free","33":"product_tag-buy-a-pvp-big-crystals-made","34":"product_tag-buy-a-pvp-big-crystals-online","35":"product_tag-buy-a-pvp-big-crystalxp-net","36":"product_tag-buy-a-pvp-powder-reviews","37":"product_tag-buy-a-pvp-powders","38":"product_tag-buy-a-pvp-stimulants","39":"product_tag-geriausia-vieta-pirkti-pvp-internetu","40":"product_tag-grynas-pvp-kristalas","41":"product_tag-kur-nusipirkti-pvp","42":"product_tag-kur-pirkti-pvp-online","43":"product_tag-order-a-pvp","44":"product_tag-a-pvp-milteliai-pardavimui","45":"product_tag-a-pvp-parduodamas","46":"product_tag-alfa-pvp-pardavimui","47":"product_tag-patas-a-pvp","48":"product_tag-pirk-pvp-big-crystal","49":"product_tag-pirk-pvp-big-crystal-reports","50":"product_tag-pirk-pvp-big-crystals","51":"product_tag-pirk-pvp-big-crystals-parduodamas","52":"product_tag-pirk-pvp-online","53":"product_tag-pirk-pvp-crystal-online","54":"product_tag-pirk-pvp-milteli-produktus","55":"product_tag-pirkite-pvp-miltelius","56":"product_tag-pirkti-apvp-per-nakt-pristatymas","57":"product_tag-pirkti-apvp-usa-kreditin-kortel","58":"product_tag-pirkti-alfa-pvp","59":"product_tag-purchase-a-pvp-online","60":"product_tag-a-pvp-milteliai-arba-kristalai","61":"product_tag-in-c5-besisakykite-pvp-internet","62":"product_tag-in-c5-besisakykite-pvp-crystal-c4-85","64":"first","65":"instock","66":"shipping-taxable","67":"purchasable","68":"product-type-variable"},"yoast_head":"<!-- This site is optimized with the Yoast SEO plugin v27.3 - https:\/\/yoast.com\/product\/yoast-seo-wordpress\/ -->\n<title>Pirkite alfa-PVP \u2013 parduodami alfa-PVP \u2013 geriausi pasauliniai vaistai<\/title>\n<meta name=\"description\" content=\"Pirkite A-pvp, pirkite alfa-pirolidinopentiofenon\u0105 JK, Europoje m\u016bs\u0173 bestglobalemeds.com parduotuv\u0117je su greitu pristatymu visame pasaulyje! \u010cia rasite geriausi\u0105 A-pvp u\u017esakymui!\" \/>\n<meta name=\"robots\" content=\"index, follow, max-snippet:-1, max-image-preview:large, max-video-preview:-1\" \/>\n<link rel=\"canonical\" href=\"https:\/\/medicinasinc.com\/lt\/product\/pirkti-alfa-pvp\/\" \/>\n<meta property=\"og:locale\" content=\"en_US\" \/>\n<meta property=\"og:type\" content=\"article\" \/>\n<meta property=\"og:title\" content=\"Pirkite alfa-PVP \u2013 parduodami alfa-PVP \u2013 geriausi pasauliniai vaistai\" \/>\n<meta property=\"og:description\" content=\"Pirkite A-pvp, pirkite alfa-pirolidinopentiofenon\u0105 JK, Europoje m\u016bs\u0173 bestglobalemeds.com parduotuv\u0117je su greitu pristatymu visame pasaulyje! \u010cia rasite geriausi\u0105 A-pvp u\u017esakymui!\" \/>\n<meta property=\"og:url\" content=\"https:\/\/medicinasinc.com\/lt\/product\/pirkti-alfa-pvp\/\" \/>\n<meta property=\"og:site_name\" content=\"Medicinas Inc\" \/>\n<meta property=\"article:modified_time\" content=\"2022-03-20T12:17:00+00:00\" \/>\n<meta property=\"og:image\" content=\"https:\/\/medicinasinc.com\/lt\/wp-content\/uploads\/sites\/9\/2022\/02\/Buy-alpha-pvp.jpg\" \/>\n\t<meta property=\"og:image:width\" content=\"458\" \/>\n\t<meta property=\"og:image:height\" content=\"458\" \/>\n\t<meta property=\"og:image:type\" content=\"image\/jpeg\" \/>\n<meta name=\"twitter:card\" content=\"summary_large_image\" \/>\n<meta name=\"twitter:label1\" content=\"Est. reading time\" \/>\n\t<meta name=\"twitter:data1\" content=\"2 minutes\" \/>\n<script type=\"application\/ld+json\" class=\"yoast-schema-graph\">{\"@context\":\"https:\\\/\\\/schema.org\",\"@graph\":[{\"@type\":\"WebPage\",\"@id\":\"https:\\\/\\\/medicinasinc.com\\\/lt\\\/product\\\/pirkti-alfa-pvp\\\/\",\"url\":\"https:\\\/\\\/medicinasinc.com\\\/lt\\\/product\\\/pirkti-alfa-pvp\\\/\",\"name\":\"Pirkite alfa-PVP \u2013 parduodami alfa-PVP \u2013 geriausi pasauliniai vaistai\",\"isPartOf\":{\"@id\":\"https:\\\/\\\/medicinasinc.com\\\/lt\\\/#website\"},\"primaryImageOfPage\":{\"@id\":\"https:\\\/\\\/medicinasinc.com\\\/lt\\\/product\\\/pirkti-alfa-pvp\\\/#primaryimage\"},\"image\":{\"@id\":\"https:\\\/\\\/medicinasinc.com\\\/lt\\\/product\\\/pirkti-alfa-pvp\\\/#primaryimage\"},\"thumbnailUrl\":\"https:\\\/\\\/medicinasinc.com\\\/lt\\\/wp-content\\\/uploads\\\/sites\\\/9\\\/2022\\\/02\\\/Buy-alpha-pvp.jpg\",\"datePublished\":\"2022-02-21T23:32:20+00:00\",\"dateModified\":\"2022-03-20T12:17:00+00:00\",\"description\":\"Pirkite A-pvp, pirkite alfa-pirolidinopentiofenon\u0105 JK, Europoje m\u016bs\u0173 bestglobalemeds.com parduotuv\u0117je su greitu pristatymu visame pasaulyje! \u010cia rasite geriausi\u0105 A-pvp u\u017esakymui!\",\"breadcrumb\":{\"@id\":\"https:\\\/\\\/medicinasinc.com\\\/lt\\\/product\\\/pirkti-alfa-pvp\\\/#breadcrumb\"},\"inLanguage\":\"en-US\",\"potentialAction\":[{\"@type\":\"ReadAction\",\"target\":[\"https:\\\/\\\/medicinasinc.com\\\/lt\\\/product\\\/pirkti-alfa-pvp\\\/\"]}]},{\"@type\":\"ImageObject\",\"inLanguage\":\"en-US\",\"@id\":\"https:\\\/\\\/medicinasinc.com\\\/lt\\\/product\\\/pirkti-alfa-pvp\\\/#primaryimage\",\"url\":\"https:\\\/\\\/medicinasinc.com\\\/lt\\\/wp-content\\\/uploads\\\/sites\\\/9\\\/2022\\\/02\\\/Buy-alpha-pvp.jpg\",\"contentUrl\":\"https:\\\/\\\/medicinasinc.com\\\/lt\\\/wp-content\\\/uploads\\\/sites\\\/9\\\/2022\\\/02\\\/Buy-alpha-pvp.jpg\",\"width\":458,\"height\":458},{\"@type\":\"BreadcrumbList\",\"@id\":\"https:\\\/\\\/medicinasinc.com\\\/lt\\\/product\\\/pirkti-alfa-pvp\\\/#breadcrumb\",\"itemListElement\":[{\"@type\":\"ListItem\",\"position\":1,\"name\":\"Parduotuv\u0117\",\"item\":\"https:\\\/\\\/medicinasinc.com\\\/lt\\\/parduotuve\\\/\"},{\"@type\":\"ListItem\",\"position\":2,\"name\":\"Pirkite Alpha-PVP\"}]},{\"@type\":\"WebSite\",\"@id\":\"https:\\\/\\\/medicinasinc.com\\\/lt\\\/#website\",\"url\":\"https:\\\/\\\/medicinasinc.com\\\/lt\\\/\",\"name\":\"Medicinas Inc\",\"description\":\"Sveikatos medicinos klinika\",\"potentialAction\":[{\"@type\":\"SearchAction\",\"target\":{\"@type\":\"EntryPoint\",\"urlTemplate\":\"https:\\\/\\\/medicinasinc.com\\\/lt\\\/?s={search_term_string}\"},\"query-input\":{\"@type\":\"PropertyValueSpecification\",\"valueRequired\":true,\"valueName\":\"search_term_string\"}}],\"inLanguage\":\"en-US\"}]}<\/script>\n<!-- \/ Yoast SEO plugin. -->","yoast_head_json":{"title":"Pirkite alfa-PVP \u2013 parduodami alfa-PVP \u2013 geriausi pasauliniai vaistai","description":"Pirkite A-pvp, pirkite alfa-pirolidinopentiofenon\u0105 JK, Europoje m\u016bs\u0173 bestglobalemeds.com parduotuv\u0117je su greitu pristatymu visame pasaulyje! \u010cia rasite geriausi\u0105 A-pvp u\u017esakymui!","robots":{"index":"index","follow":"follow","max-snippet":"max-snippet:-1","max-image-preview":"max-image-preview:large","max-video-preview":"max-video-preview:-1"},"canonical":"https:\/\/medicinasinc.com\/lt\/product\/pirkti-alfa-pvp\/","og_locale":"en_US","og_type":"article","og_title":"Pirkite alfa-PVP \u2013 parduodami alfa-PVP \u2013 geriausi pasauliniai vaistai","og_description":"Pirkite A-pvp, pirkite alfa-pirolidinopentiofenon\u0105 JK, Europoje m\u016bs\u0173 bestglobalemeds.com parduotuv\u0117je su greitu pristatymu visame pasaulyje! \u010cia rasite geriausi\u0105 A-pvp u\u017esakymui!","og_url":"https:\/\/medicinasinc.com\/lt\/product\/pirkti-alfa-pvp\/","og_site_name":"Medicinas Inc","article_modified_time":"2022-03-20T12:17:00+00:00","og_image":[{"width":458,"height":458,"url":"https:\/\/medicinasinc.com\/lt\/wp-content\/uploads\/sites\/9\/2022\/02\/Buy-alpha-pvp.jpg","type":"image\/jpeg"}],"twitter_card":"summary_large_image","twitter_misc":{"Est. reading time":"2 minutes"},"schema":{"@context":"https:\/\/schema.org","@graph":[{"@type":"WebPage","@id":"https:\/\/medicinasinc.com\/lt\/product\/pirkti-alfa-pvp\/","url":"https:\/\/medicinasinc.com\/lt\/product\/pirkti-alfa-pvp\/","name":"Pirkite alfa-PVP \u2013 parduodami alfa-PVP \u2013 geriausi pasauliniai vaistai","isPartOf":{"@id":"https:\/\/medicinasinc.com\/lt\/#website"},"primaryImageOfPage":{"@id":"https:\/\/medicinasinc.com\/lt\/product\/pirkti-alfa-pvp\/#primaryimage"},"image":{"@id":"https:\/\/medicinasinc.com\/lt\/product\/pirkti-alfa-pvp\/#primaryimage"},"thumbnailUrl":"https:\/\/medicinasinc.com\/lt\/wp-content\/uploads\/sites\/9\/2022\/02\/Buy-alpha-pvp.jpg","datePublished":"2022-02-21T23:32:20+00:00","dateModified":"2022-03-20T12:17:00+00:00","description":"Pirkite A-pvp, pirkite alfa-pirolidinopentiofenon\u0105 JK, Europoje m\u016bs\u0173 bestglobalemeds.com parduotuv\u0117je su greitu pristatymu visame pasaulyje! \u010cia rasite geriausi\u0105 A-pvp u\u017esakymui!","breadcrumb":{"@id":"https:\/\/medicinasinc.com\/lt\/product\/pirkti-alfa-pvp\/#breadcrumb"},"inLanguage":"en-US","potentialAction":[{"@type":"ReadAction","target":["https:\/\/medicinasinc.com\/lt\/product\/pirkti-alfa-pvp\/"]}]},{"@type":"ImageObject","inLanguage":"en-US","@id":"https:\/\/medicinasinc.com\/lt\/product\/pirkti-alfa-pvp\/#primaryimage","url":"https:\/\/medicinasinc.com\/lt\/wp-content\/uploads\/sites\/9\/2022\/02\/Buy-alpha-pvp.jpg","contentUrl":"https:\/\/medicinasinc.com\/lt\/wp-content\/uploads\/sites\/9\/2022\/02\/Buy-alpha-pvp.jpg","width":458,"height":458},{"@type":"BreadcrumbList","@id":"https:\/\/medicinasinc.com\/lt\/product\/pirkti-alfa-pvp\/#breadcrumb","itemListElement":[{"@type":"ListItem","position":1,"name":"Parduotuv\u0117","item":"https:\/\/medicinasinc.com\/lt\/parduotuve\/"},{"@type":"ListItem","position":2,"name":"Pirkite Alpha-PVP"}]},{"@type":"WebSite","@id":"https:\/\/medicinasinc.com\/lt\/#website","url":"https:\/\/medicinasinc.com\/lt\/","name":"Medicinas Inc","description":"Sveikatos medicinos klinika","potentialAction":[{"@type":"SearchAction","target":{"@type":"EntryPoint","urlTemplate":"https:\/\/medicinasinc.com\/lt\/?s={search_term_string}"},"query-input":{"@type":"PropertyValueSpecification","valueRequired":true,"valueName":"search_term_string"}}],"inLanguage":"en-US"}]}},"_links":{"self":[{"href":"https:\/\/medicinasinc.com\/lt\/wp-json\/wp\/v2\/product\/5441","targetHints":{"allow":["GET"]}}],"collection":[{"href":"https:\/\/medicinasinc.com\/lt\/wp-json\/wp\/v2\/product"}],"about":[{"href":"https:\/\/medicinasinc.com\/lt\/wp-json\/wp\/v2\/types\/product"}],"replies":[{"embeddable":true,"href":"https:\/\/medicinasinc.com\/lt\/wp-json\/wp\/v2\/comments?post=5441"}],"wp:featuredmedia":[{"embeddable":true,"href":"https:\/\/medicinasinc.com\/lt\/wp-json\/wp\/v2\/media\/5451"}],"wp:attachment":[{"href":"https:\/\/medicinasinc.com\/lt\/wp-json\/wp\/v2\/media?parent=5441"}],"wp:term":[{"taxonomy":"product_brand","embeddable":true,"href":"https:\/\/medicinasinc.com\/lt\/wp-json\/wp\/v2\/product_brand?post=5441"},{"taxonomy":"product_cat","embeddable":true,"href":"https:\/\/medicinasinc.com\/lt\/wp-json\/wp\/v2\/product_cat?post=5441"},{"taxonomy":"product_tag","embeddable":true,"href":"https:\/\/medicinasinc.com\/lt\/wp-json\/wp\/v2\/product_tag?post=5441"}],"curies":[{"name":"wp","href":"https:\/\/api.w.org\/{rel}","templated":true}]}}