{"id":5440,"date":"2022-02-21T23:30:16","date_gmt":"2022-02-21T23:30:16","guid":{"rendered":"https:\/\/medicinasinc.com\/lt\/?post_type=product&#038;p=5440"},"modified":"2022-03-20T12:17:09","modified_gmt":"2022-03-20T12:17:09","slug":"pirkti-ald-52-blotters","status":"publish","type":"product","link":"https:\/\/medicinasinc.com\/lt\/product\/pirkti-ald-52-blotters\/","title":{"rendered":"Pirkite ALD-52 bloterius"},"content":{"rendered":"<p>ALD-52 Blotters galima \u012fsigyti internetu. Blotters, kuri\u0173 sud\u0117tyje yra 100 mcg ALD-52<\/p>\n<p>ALD-52 Blotters galima \u012fsigyti internetu.<\/p>\n<p>Bloters, kuri\u0173 sud\u0117tyje yra 100 mcg ALD-52<\/p>\n<p>ALD 52 Blotter, Pirkite ALD 52 Blotter <\/p>\n<p>ALD-52 yra madingas vaistas, kuris buvo sutvirtintas \u012fvairiomis reschemomis d\u0117l u\u017edelstos ALD-52 istorijos ir \u012fvairi\u0173 kit\u0173 ALD-52 pavadinim\u0173. ALD-52 tyr\u0117jai perka internetu, kad gal\u0117t\u0173 naudoti vaist\u0173, pramog\u0173 ir tyrim\u0173 srityse. D\u0117l psichotropini\u0173 ALD-52 savybi\u0173 jis tapo neabejotinas tarp laboratorijos darbuotoj\u0173 ir dalyko ekspert\u0173. Daugyb\u0117 tipi\u0161k\u0173 klient\u0173 renkasi pirkti, kad jaust\u0173si jaudulys, pasitenkinimas, i\u0161laikyt\u0173 energij\u0105 ir padidint\u0173 seksualin\u012f aktyvum\u0105.<\/p>\n<p>Svarbu pasirinkti ALD-52, pagamint\u0105 naudojant geriausius tipus. pa\u017eanga taikant visi\u0161kai kontroliuojamos surinkimo priemon\u0117s metodus. Didelis ind\u0117lis tiriant gaminamus mi\u0161inius, kuriuos galima \u012fsigyti, leid\u017eia kontroliuoti gamybos lyg\u012f Kinijos laboratorijose, kuriose gaminamos visos du\u0161o druskos.<\/p>\n<p>Kaip neprilygstama tiek\u0117ja, m\u016bs\u0173 organizacija tiesiogiai dirba su teis\u0117tos Kinijos organizacijos. Tai leid\u017eia prekiauti auk\u0161\u010diausios nepriekai\u0161tingos ir kokyb\u0117s du\u0161o druskomis. ALD-52 mai\u0161omas grie\u017etai pri\u017ei\u016brint ir laikantis vis\u0173 princip\u0173. Naudodami naujausius nuoseklius turimus duomenis, kad pateiktum\u0117te \u012fsp\u016bdingiausi\u0105 kain\u0105 geriausioje tyrim\u0173 in\u017einerini\u0173 med\u017eiag\u0173 pirkimo svetain\u0117je. ALD-52 granul\u0117s, ALD-52 d\u0117mi\u0173 pavir\u0161iai ir ALD-52 milteliai gabenami Kinijos laboratorijose. ALD-52 siunt\u0117jas siun\u010dia ALD-52 \u012f bet kuri\u0105 \u0161al\u012f. Glaudus bendradarbiavimas su teis\u0117tais ALD-52 tiek\u0117jais u\u017etikrina, kad j\u016bs\u0173 bandym\u0173 ir tyrim\u0173 rezultatai b\u016bt\u0173 gauti laiku.<\/p>\n<p>Ilg\u0105 laik\u0105 tiek\u0117jas buvo patikimas vertinimo chemini\u0173 med\u017eiag\u0173 gamintojas. Klientai suteik\u0117 svetainei nepaprast\u0105 reputacij\u0105 visame res chems tinkle. ald 52 pardavimas, ald 52 pirkimas, ald 52 pirkimas, ald-52 pirkimas Kadangi patikimi RC tiek\u0117jai vis\u0105 dien\u0105 teikia pagalb\u0105 organizacijai su patyrusiais vadovais per tiesiogin\u012f pokalb\u012f, kurie turi svarbi\u0173 duomen\u0173, kad pad\u0117t\u0173 jums i\u0161kilus bet kokiai varginan\u010diai situacijai. p&gt; <\/p>\n<p>D\u0117l puiki\u0173 tyrim\u0173 suprojektuot\u0173 sunkinan\u010di\u0173 daikt\u0173, kuriuos galima \u012fsigyti internetu, pokalbiuose galite rasti teigiam\u0173 atsiliepim\u0173 i\u0161 m\u016bs\u0173 pirk\u0117j\u0173, kurie \u0161iuo metu yra patenkinti si\u016bloma pagalba ir geriausiais pirkimais internetu.<\/p>\n","protected":false},"excerpt":{"rendered":"<div class=\"char\">SPECIFIKACIJA<\/div>\n<div class=\"specification\">\n<div class=\"sprow\"><span class=\"spname\">Produkto pavadinimas:<\/span><span class=\"sptext \">ALD-52<\/span><\/div>\n<div class=\"sprow\"><span class=\"spname\">IUPAC pavadinimas:<\/span><span class=\"sptext\">1-acetil-N, N-dietillizergamidas, ALD<\/span><\/div>\n<div class=\"sprow\"><span class=\"spname\">Kiti pavadinimai:<\/span><span class=\"sptext\">N-acetil-LSD, Acetillizergin\u0117s r\u016bg\u0161ties dietilamidas, d-acetillizergin\u0117s r\u016bg\u0161ties dietilamidas, d-acetildietillizergamidas<\/span><\/div>\n<div class=\"sprow\"><span class=\"spname\">Cas numeris:<\/span><span class=\"sptext\">3270-02-8<\/span><\/div>\n<div class=\"sprow\"><span class=\"spname\">Molekulin\u0117 formul\u0117:<\/span><span class=\"sptext\">C22H27N3O2<\/span><\/div>\n<div class=\"sprow\"><span class=\"spname\">Molin\u0117 mas\u0117:<\/span><span class=\"sptext\">365,477 g\u2022mol-1<\/span><\/div>\n<div class=\"sprow\"><span class=\"spname\">Poveikis:<\/span><span class=\"sptext\">psichedelinis, haliucinogeninis<\/span><\/div>\n<div class=\"sprow\"><\/div>\n<\/p><\/div>\n<p>Pirkite ALD-52 Blotters internetu. <em>ALD<\/em>\u2013<em>52<\/em>\u00a0yra LSD N-acetilo darinys. <strong>100 mcg<\/strong>\u00a0ALD-52 bloteriai.<\/p>\n<p>ALD-52 parduodami Europoje, pirkite su Bitcoin ir gaukite diskreti\u0161k\u0105 pristatym\u0105 i\u0161 ES. Parduodami ALD-52 bloteriai, parduodami ALD-52 neapdoroti milteliai, tyrim\u0173 chemini\u0173 med\u017eiag\u0173 tiek\u0117jas<\/p>\n<p>U\u017esisakykite pavyzd\u012f tyrimui arba \u012fsigykite parduodam\u0105 ALD-52 su nemokamu pristatymu JK, JAV arba Europoje.<\/p>\n","protected":false},"featured_media":5449,"comment_status":"open","ping_status":"closed","template":"","meta":[],"product_brand":[],"product_cat":[2014],"product_tag":[2651,2652,2653,2654,2658,2660,2661,2662,2659,2650,2656,2655,2657],"class_list":{"0":"post-5440","1":"product","2":"type-product","3":"status-publish","4":"has-post-thumbnail","6":"product_cat-pirkti-tyrineti-chemikalai","7":"product_tag-ald-52-blotters-pardavimas-internetu","8":"product_tag-best-ald-52-blotters-online","9":"product_tag-buy-ald-52-blotters-for-resale","10":"product_tag-buy-ald-52-blotters-online","11":"product_tag-diskretikas-pardavjas-ald-52","12":"product_tag-kur-pirkti-ald-52-blotters-internete","13":"product_tag-kur-pirkti-pure-ald-52-blotters-internete","14":"product_tag-kur-usisakyti-legit-ald-52-blotters-online","15":"product_tag-order-ald-52-blotters-online","16":"product_tag-ald-52-blotters-parduodu","17":"product_tag-pirk-pure-ald-52-blotters-online","18":"product_tag-pirkite-legit-ald-52-blotters-online","19":"product_tag-pirkti-usisakyti-ald-52-pstuvai-internetu","21":"first","22":"instock","23":"shipping-taxable","24":"purchasable","25":"product-type-variable","26":"has-default-attributes"},"yoast_head":"<!-- This site is optimized with the Yoast SEO plugin v27.3 - https:\/\/yoast.com\/product\/yoast-seo-wordpress\/ -->\n<title>Pirkite ALD-52 Blotters - Kokybi\u0161ki ALD-52 Blotters - Best Global Meds<\/title>\n<meta name=\"description\" content=\"Pirkite ALD-52 Blotters internetu. Pirkite ALD-52\u00a0pardavimui ir gaukite nemokam\u0105 pristatym\u0105 JK, JAV arba Europoje ALD-52 yra LSD N-acetilo darinys. 100 mcg ALD-52 bloteriai.\" \/>\n<meta name=\"robots\" content=\"index, follow, max-snippet:-1, max-image-preview:large, max-video-preview:-1\" \/>\n<link rel=\"canonical\" href=\"https:\/\/medicinasinc.com\/lt\/product\/pirkti-ald-52-blotters\/\" \/>\n<meta property=\"og:locale\" content=\"en_US\" \/>\n<meta property=\"og:type\" content=\"article\" \/>\n<meta property=\"og:title\" content=\"Pirkite ALD-52 Blotters - Kokybi\u0161ki ALD-52 Blotters - Best Global Meds\" \/>\n<meta property=\"og:description\" content=\"Pirkite ALD-52 Blotters internetu. Pirkite ALD-52\u00a0pardavimui ir gaukite nemokam\u0105 pristatym\u0105 JK, JAV arba Europoje ALD-52 yra LSD N-acetilo darinys. 100 mcg ALD-52 bloteriai.\" \/>\n<meta property=\"og:url\" content=\"https:\/\/medicinasinc.com\/lt\/product\/pirkti-ald-52-blotters\/\" \/>\n<meta property=\"og:site_name\" content=\"Medicinas Inc\" \/>\n<meta property=\"article:modified_time\" content=\"2022-03-20T12:17:09+00:00\" \/>\n<meta property=\"og:image\" content=\"https:\/\/medicinasinc.com\/lt\/wp-content\/uploads\/sites\/9\/2022\/02\/Buy-ALD-52-Blotters.jpg\" \/>\n\t<meta property=\"og:image:width\" content=\"350\" \/>\n\t<meta property=\"og:image:height\" content=\"350\" \/>\n\t<meta property=\"og:image:type\" content=\"image\/jpeg\" \/>\n<meta name=\"twitter:card\" content=\"summary_large_image\" \/>\n<meta name=\"twitter:label1\" content=\"Est. reading time\" \/>\n\t<meta name=\"twitter:data1\" content=\"2 minutes\" \/>\n<script type=\"application\/ld+json\" class=\"yoast-schema-graph\">{\"@context\":\"https:\\\/\\\/schema.org\",\"@graph\":[{\"@type\":\"WebPage\",\"@id\":\"https:\\\/\\\/medicinasinc.com\\\/lt\\\/product\\\/pirkti-ald-52-blotters\\\/\",\"url\":\"https:\\\/\\\/medicinasinc.com\\\/lt\\\/product\\\/pirkti-ald-52-blotters\\\/\",\"name\":\"Pirkite ALD-52 Blotters - Kokybi\u0161ki ALD-52 Blotters - Best Global Meds\",\"isPartOf\":{\"@id\":\"https:\\\/\\\/medicinasinc.com\\\/lt\\\/#website\"},\"primaryImageOfPage\":{\"@id\":\"https:\\\/\\\/medicinasinc.com\\\/lt\\\/product\\\/pirkti-ald-52-blotters\\\/#primaryimage\"},\"image\":{\"@id\":\"https:\\\/\\\/medicinasinc.com\\\/lt\\\/product\\\/pirkti-ald-52-blotters\\\/#primaryimage\"},\"thumbnailUrl\":\"https:\\\/\\\/medicinasinc.com\\\/lt\\\/wp-content\\\/uploads\\\/sites\\\/9\\\/2022\\\/02\\\/Buy-ALD-52-Blotters.jpg\",\"datePublished\":\"2022-02-21T23:30:16+00:00\",\"dateModified\":\"2022-03-20T12:17:09+00:00\",\"description\":\"Pirkite ALD-52 Blotters internetu. Pirkite ALD-52\u00a0pardavimui ir gaukite nemokam\u0105 pristatym\u0105 JK, JAV arba Europoje ALD-52 yra LSD N-acetilo darinys. 100 mcg ALD-52 bloteriai.\",\"breadcrumb\":{\"@id\":\"https:\\\/\\\/medicinasinc.com\\\/lt\\\/product\\\/pirkti-ald-52-blotters\\\/#breadcrumb\"},\"inLanguage\":\"en-US\",\"potentialAction\":[{\"@type\":\"ReadAction\",\"target\":[\"https:\\\/\\\/medicinasinc.com\\\/lt\\\/product\\\/pirkti-ald-52-blotters\\\/\"]}]},{\"@type\":\"ImageObject\",\"inLanguage\":\"en-US\",\"@id\":\"https:\\\/\\\/medicinasinc.com\\\/lt\\\/product\\\/pirkti-ald-52-blotters\\\/#primaryimage\",\"url\":\"https:\\\/\\\/medicinasinc.com\\\/lt\\\/wp-content\\\/uploads\\\/sites\\\/9\\\/2022\\\/02\\\/Buy-ALD-52-Blotters.jpg\",\"contentUrl\":\"https:\\\/\\\/medicinasinc.com\\\/lt\\\/wp-content\\\/uploads\\\/sites\\\/9\\\/2022\\\/02\\\/Buy-ALD-52-Blotters.jpg\",\"width\":350,\"height\":350},{\"@type\":\"BreadcrumbList\",\"@id\":\"https:\\\/\\\/medicinasinc.com\\\/lt\\\/product\\\/pirkti-ald-52-blotters\\\/#breadcrumb\",\"itemListElement\":[{\"@type\":\"ListItem\",\"position\":1,\"name\":\"Parduotuv\u0117\",\"item\":\"https:\\\/\\\/medicinasinc.com\\\/lt\\\/parduotuve\\\/\"},{\"@type\":\"ListItem\",\"position\":2,\"name\":\"Pirkite ALD-52 bloterius\"}]},{\"@type\":\"WebSite\",\"@id\":\"https:\\\/\\\/medicinasinc.com\\\/lt\\\/#website\",\"url\":\"https:\\\/\\\/medicinasinc.com\\\/lt\\\/\",\"name\":\"Medicinas Inc\",\"description\":\"Sveikatos medicinos klinika\",\"potentialAction\":[{\"@type\":\"SearchAction\",\"target\":{\"@type\":\"EntryPoint\",\"urlTemplate\":\"https:\\\/\\\/medicinasinc.com\\\/lt\\\/?s={search_term_string}\"},\"query-input\":{\"@type\":\"PropertyValueSpecification\",\"valueRequired\":true,\"valueName\":\"search_term_string\"}}],\"inLanguage\":\"en-US\"}]}<\/script>\n<!-- \/ Yoast SEO plugin. -->","yoast_head_json":{"title":"Pirkite ALD-52 Blotters - Kokybi\u0161ki ALD-52 Blotters - Best Global Meds","description":"Pirkite ALD-52 Blotters internetu. Pirkite ALD-52\u00a0pardavimui ir gaukite nemokam\u0105 pristatym\u0105 JK, JAV arba Europoje ALD-52 yra LSD N-acetilo darinys. 100 mcg ALD-52 bloteriai.","robots":{"index":"index","follow":"follow","max-snippet":"max-snippet:-1","max-image-preview":"max-image-preview:large","max-video-preview":"max-video-preview:-1"},"canonical":"https:\/\/medicinasinc.com\/lt\/product\/pirkti-ald-52-blotters\/","og_locale":"en_US","og_type":"article","og_title":"Pirkite ALD-52 Blotters - Kokybi\u0161ki ALD-52 Blotters - Best Global Meds","og_description":"Pirkite ALD-52 Blotters internetu. Pirkite ALD-52\u00a0pardavimui ir gaukite nemokam\u0105 pristatym\u0105 JK, JAV arba Europoje ALD-52 yra LSD N-acetilo darinys. 100 mcg ALD-52 bloteriai.","og_url":"https:\/\/medicinasinc.com\/lt\/product\/pirkti-ald-52-blotters\/","og_site_name":"Medicinas Inc","article_modified_time":"2022-03-20T12:17:09+00:00","og_image":[{"width":350,"height":350,"url":"https:\/\/medicinasinc.com\/lt\/wp-content\/uploads\/sites\/9\/2022\/02\/Buy-ALD-52-Blotters.jpg","type":"image\/jpeg"}],"twitter_card":"summary_large_image","twitter_misc":{"Est. reading time":"2 minutes"},"schema":{"@context":"https:\/\/schema.org","@graph":[{"@type":"WebPage","@id":"https:\/\/medicinasinc.com\/lt\/product\/pirkti-ald-52-blotters\/","url":"https:\/\/medicinasinc.com\/lt\/product\/pirkti-ald-52-blotters\/","name":"Pirkite ALD-52 Blotters - Kokybi\u0161ki ALD-52 Blotters - Best Global Meds","isPartOf":{"@id":"https:\/\/medicinasinc.com\/lt\/#website"},"primaryImageOfPage":{"@id":"https:\/\/medicinasinc.com\/lt\/product\/pirkti-ald-52-blotters\/#primaryimage"},"image":{"@id":"https:\/\/medicinasinc.com\/lt\/product\/pirkti-ald-52-blotters\/#primaryimage"},"thumbnailUrl":"https:\/\/medicinasinc.com\/lt\/wp-content\/uploads\/sites\/9\/2022\/02\/Buy-ALD-52-Blotters.jpg","datePublished":"2022-02-21T23:30:16+00:00","dateModified":"2022-03-20T12:17:09+00:00","description":"Pirkite ALD-52 Blotters internetu. Pirkite ALD-52\u00a0pardavimui ir gaukite nemokam\u0105 pristatym\u0105 JK, JAV arba Europoje ALD-52 yra LSD N-acetilo darinys. 100 mcg ALD-52 bloteriai.","breadcrumb":{"@id":"https:\/\/medicinasinc.com\/lt\/product\/pirkti-ald-52-blotters\/#breadcrumb"},"inLanguage":"en-US","potentialAction":[{"@type":"ReadAction","target":["https:\/\/medicinasinc.com\/lt\/product\/pirkti-ald-52-blotters\/"]}]},{"@type":"ImageObject","inLanguage":"en-US","@id":"https:\/\/medicinasinc.com\/lt\/product\/pirkti-ald-52-blotters\/#primaryimage","url":"https:\/\/medicinasinc.com\/lt\/wp-content\/uploads\/sites\/9\/2022\/02\/Buy-ALD-52-Blotters.jpg","contentUrl":"https:\/\/medicinasinc.com\/lt\/wp-content\/uploads\/sites\/9\/2022\/02\/Buy-ALD-52-Blotters.jpg","width":350,"height":350},{"@type":"BreadcrumbList","@id":"https:\/\/medicinasinc.com\/lt\/product\/pirkti-ald-52-blotters\/#breadcrumb","itemListElement":[{"@type":"ListItem","position":1,"name":"Parduotuv\u0117","item":"https:\/\/medicinasinc.com\/lt\/parduotuve\/"},{"@type":"ListItem","position":2,"name":"Pirkite ALD-52 bloterius"}]},{"@type":"WebSite","@id":"https:\/\/medicinasinc.com\/lt\/#website","url":"https:\/\/medicinasinc.com\/lt\/","name":"Medicinas Inc","description":"Sveikatos medicinos klinika","potentialAction":[{"@type":"SearchAction","target":{"@type":"EntryPoint","urlTemplate":"https:\/\/medicinasinc.com\/lt\/?s={search_term_string}"},"query-input":{"@type":"PropertyValueSpecification","valueRequired":true,"valueName":"search_term_string"}}],"inLanguage":"en-US"}]}},"_links":{"self":[{"href":"https:\/\/medicinasinc.com\/lt\/wp-json\/wp\/v2\/product\/5440","targetHints":{"allow":["GET"]}}],"collection":[{"href":"https:\/\/medicinasinc.com\/lt\/wp-json\/wp\/v2\/product"}],"about":[{"href":"https:\/\/medicinasinc.com\/lt\/wp-json\/wp\/v2\/types\/product"}],"replies":[{"embeddable":true,"href":"https:\/\/medicinasinc.com\/lt\/wp-json\/wp\/v2\/comments?post=5440"}],"wp:featuredmedia":[{"embeddable":true,"href":"https:\/\/medicinasinc.com\/lt\/wp-json\/wp\/v2\/media\/5449"}],"wp:attachment":[{"href":"https:\/\/medicinasinc.com\/lt\/wp-json\/wp\/v2\/media?parent=5440"}],"wp:term":[{"taxonomy":"product_brand","embeddable":true,"href":"https:\/\/medicinasinc.com\/lt\/wp-json\/wp\/v2\/product_brand?post=5440"},{"taxonomy":"product_cat","embeddable":true,"href":"https:\/\/medicinasinc.com\/lt\/wp-json\/wp\/v2\/product_cat?post=5440"},{"taxonomy":"product_tag","embeddable":true,"href":"https:\/\/medicinasinc.com\/lt\/wp-json\/wp\/v2\/product_tag?post=5440"}],"curies":[{"name":"wp","href":"https:\/\/api.w.org\/{rel}","templated":true}]}}