{"id":5419,"date":"2022-02-21T23:00:46","date_gmt":"2022-02-21T23:00:46","guid":{"rendered":"https:\/\/medicinasinc.com\/lt\/?post_type=product&#038;p=5419"},"modified":"2022-03-20T12:17:17","modified_gmt":"2022-03-20T12:17:17","slug":"pirkti-adb-pinaca-milteliai","status":"publish","type":"product","link":"https:\/\/medicinasinc.com\/lt\/product\/pirkti-adb-pinaca-milteliai\/","title":{"rendered":"Pirkite ADB-PINACA miltelius"},"content":{"rendered":"<p><strong>Yra didelio grynumo ADB-Pinaca milteliai<\/strong><\/p>\n<p>Metiopropamino \/ MPA miltelius ir kristalus galima \u012fsigyti i\u0161 ADB-Pinaca milteli\u0173 grynumo 98 % chemini\u0173 med\u017eiag\u0173<\/p>\n<p>ADB-Pinaca milteli\u0173 grynumas<\/p>\n<p>Pavadinimas: 5F-MDMB-PINACA 5F-ADB 5FADB ADB milteliai<br \/> Kasos Nr.: 68585-34-2<br \/> Molekulin\u0117 formul\u0117: ADB<br \/> I\u0161vaizda: balti kristaliniai milteliai<br \/> Taikymas: tarpinis farmacinis produktas<br \/> Paruo\u0161t\u0173 preki\u0173 pristatymo laikas: 4-7 dienos<br \/> Pakuot\u0117: 1 kg \/ aliuminio folijos mai\u0161elis<br \/> Prievadas: Tianjin<br \/> Gamybos paj\u0117gumai : 10 000 kilogram\u0173 per m\u0117nes\u012f<br \/> Grynumas: &gt;99,5 %<br \/> Laikymas: v\u0117sioje, sausoje ir gerai sandariai u\u017edarytoje vietoje<br \/> Transportavimas: EMS, DHL, FEDEX<br \/> Dr\u0117gm\u0117s kiekis: \u2264 0,01<\/p>\n<p>Pirkite <a href=\"https:\/\/en.wikipedia.org\/wiki\/ADB-PINACA\">ADB-Pinaca<\/a> 98 % grynumo miltelius, tyrin\u0117kite chemijos pardav\u0117jus, pirkite Kinijos tyrim\u0173 chemikalai, geriausia svetain\u0117 pirkti chemini\u0173 med\u017eiag\u0173 moksliniams tyrimams, mokslini\u0173 tyrim\u0173 chemikalai reddit, kult\u016brizmo tyrim\u0173 chemikalai, pigios mokslini\u0173 tyrim\u0173 chemin\u0117s med\u017eiagos JAV, pirkti mokslinius tyrimus c hemicals online europe<\/p>\n<p>&nbsp;<\/p>\n<div class=\"product-next-previous\">\n<div class=\"product-prev\"><\/div><\/div>\n","protected":false},"excerpt":{"rendered":"<p>Pirkite didelio grynumo ADB-Pinaca miltelius. Pirkite ADB-Pinaca milteli\u0173 grynumo 98% chemini\u0173 med\u017eiag\u0173, kurias galite \u012fsigyti milteli\u0173 ir amp; Crystal<\/p>\n<p>\u012esigykite ADB-Pinaca miltelius\u00a0pardavimui Europoje, JK, ES, Kinijoje. Grynumas 98 % chemini\u0173 med\u017eiag\u0173, kurias galima \u012fsigyti milteli\u0173 ir amp; Kristalinis metiopropaminas \/ MPA\u00a0ADB-Pinaca milteli\u0173 grynumas.<\/p>\n","protected":false},"featured_media":5431,"comment_status":"open","ping_status":"closed","template":"","meta":[],"product_brand":[],"product_cat":[2014],"product_tag":[2632,2633,2634,2635,2649,2637,2638,2640,2643,2642,2641,2644,2646,2647,2639,2636,2648,2645],"class_list":{"0":"post-5419","1":"product","2":"type-product","3":"status-publish","4":"has-post-thumbnail","6":"product_cat-pirkti-tyrineti-chemikalai","7":"product_tag-adb-fubinaca-u-gram","8":"product_tag-adb-fubinaca-kaina","9":"product_tag-adb-fubinaca-review","10":"product_tag-adb-fubinaca-tiekjai","11":"product_tag-apvalga-adb-fubinaca","12":"product_tag-buy-online-adb-fubinaca","13":"product_tag-description-adb-fubinaca","14":"product_tag-fubinaca-effects","15":"product_tag-how-to-purchase-adb-fubinaca","16":"product_tag-kaip-pirkti-adb-fubinaca","17":"product_tag-kiek-kainuoja-greitis-adb-fubinaca","18":"product_tag-low-price-adb-fubinaca","19":"product_tag-mdmb-fubinaca","20":"product_tag-online-buy-adb-fubinaca","21":"product_tag-pardavimui-adb-fubinaca","22":"product_tag-pirk-adb-fubinaca","23":"product_tag-order-adb-fubinaca","24":"product_tag-c5-beemo-tarifo-adb-fubinaca","26":"first","27":"instock","28":"shipping-taxable","29":"purchasable","30":"product-type-variable","31":"has-default-attributes"},"yoast_head":"<!-- This site is optimized with the Yoast SEO plugin v27.3 - https:\/\/yoast.com\/product\/yoast-seo-wordpress\/ -->\n<title>Pirkite ADB-PINACA miltelius - ADB-PINACA - geriausius pasaulinius vaistus<\/title>\n<meta name=\"description\" content=\"Pirkite ADB-Pinaca miltelius\u00a0pardavimui Europoje, JK, ES, Kinijoje, grynumo 98 % chemini\u0173 med\u017eiag\u0173\u00a0milteliuose\u00a0ir amp; Kristalinis metiopropaminas \/ MPA\u00a0ADB-Pinaca milteliai.\" \/>\n<meta name=\"robots\" content=\"index, follow, max-snippet:-1, max-image-preview:large, max-video-preview:-1\" \/>\n<link rel=\"canonical\" href=\"https:\/\/medicinasinc.com\/lt\/product\/pirkti-adb-pinaca-milteliai\/\" \/>\n<meta property=\"og:locale\" content=\"en_US\" \/>\n<meta property=\"og:type\" content=\"article\" \/>\n<meta property=\"og:title\" content=\"Pirkite ADB-PINACA miltelius - ADB-PINACA - geriausius pasaulinius vaistus\" \/>\n<meta property=\"og:description\" content=\"Pirkite ADB-Pinaca miltelius\u00a0pardavimui Europoje, JK, ES, Kinijoje, grynumo 98 % chemini\u0173 med\u017eiag\u0173\u00a0milteliuose\u00a0ir amp; Kristalinis metiopropaminas \/ MPA\u00a0ADB-Pinaca milteliai.\" \/>\n<meta property=\"og:url\" content=\"https:\/\/medicinasinc.com\/lt\/product\/pirkti-adb-pinaca-milteliai\/\" \/>\n<meta property=\"og:site_name\" content=\"Medicinas Inc\" \/>\n<meta property=\"article:modified_time\" content=\"2022-03-20T12:17:17+00:00\" \/>\n<meta property=\"og:image\" content=\"https:\/\/medicinasinc.com\/lt\/wp-content\/uploads\/sites\/9\/2022\/02\/Buy-ADB-Pinaca-Powder.png\" \/>\n\t<meta property=\"og:image:width\" content=\"600\" \/>\n\t<meta property=\"og:image:height\" content=\"400\" \/>\n\t<meta property=\"og:image:type\" content=\"image\/png\" \/>\n<meta name=\"twitter:card\" content=\"summary_large_image\" \/>\n<meta name=\"twitter:label1\" content=\"Est. reading time\" \/>\n\t<meta name=\"twitter:data1\" content=\"1 minute\" \/>\n<script type=\"application\/ld+json\" class=\"yoast-schema-graph\">{\"@context\":\"https:\\\/\\\/schema.org\",\"@graph\":[{\"@type\":\"WebPage\",\"@id\":\"https:\\\/\\\/medicinasinc.com\\\/lt\\\/product\\\/pirkti-adb-pinaca-milteliai\\\/\",\"url\":\"https:\\\/\\\/medicinasinc.com\\\/lt\\\/product\\\/pirkti-adb-pinaca-milteliai\\\/\",\"name\":\"Pirkite ADB-PINACA miltelius - ADB-PINACA - geriausius pasaulinius vaistus\",\"isPartOf\":{\"@id\":\"https:\\\/\\\/medicinasinc.com\\\/lt\\\/#website\"},\"primaryImageOfPage\":{\"@id\":\"https:\\\/\\\/medicinasinc.com\\\/lt\\\/product\\\/pirkti-adb-pinaca-milteliai\\\/#primaryimage\"},\"image\":{\"@id\":\"https:\\\/\\\/medicinasinc.com\\\/lt\\\/product\\\/pirkti-adb-pinaca-milteliai\\\/#primaryimage\"},\"thumbnailUrl\":\"https:\\\/\\\/medicinasinc.com\\\/lt\\\/wp-content\\\/uploads\\\/sites\\\/9\\\/2022\\\/02\\\/Buy-ADB-Pinaca-Powder.png\",\"datePublished\":\"2022-02-21T23:00:46+00:00\",\"dateModified\":\"2022-03-20T12:17:17+00:00\",\"description\":\"Pirkite ADB-Pinaca miltelius\u00a0pardavimui Europoje, JK, ES, Kinijoje, grynumo 98 % chemini\u0173 med\u017eiag\u0173\u00a0milteliuose\u00a0ir amp; Kristalinis metiopropaminas \\\/ MPA\u00a0ADB-Pinaca milteliai.\",\"breadcrumb\":{\"@id\":\"https:\\\/\\\/medicinasinc.com\\\/lt\\\/product\\\/pirkti-adb-pinaca-milteliai\\\/#breadcrumb\"},\"inLanguage\":\"en-US\",\"potentialAction\":[{\"@type\":\"ReadAction\",\"target\":[\"https:\\\/\\\/medicinasinc.com\\\/lt\\\/product\\\/pirkti-adb-pinaca-milteliai\\\/\"]}]},{\"@type\":\"ImageObject\",\"inLanguage\":\"en-US\",\"@id\":\"https:\\\/\\\/medicinasinc.com\\\/lt\\\/product\\\/pirkti-adb-pinaca-milteliai\\\/#primaryimage\",\"url\":\"https:\\\/\\\/medicinasinc.com\\\/lt\\\/wp-content\\\/uploads\\\/sites\\\/9\\\/2022\\\/02\\\/Buy-ADB-Pinaca-Powder.png\",\"contentUrl\":\"https:\\\/\\\/medicinasinc.com\\\/lt\\\/wp-content\\\/uploads\\\/sites\\\/9\\\/2022\\\/02\\\/Buy-ADB-Pinaca-Powder.png\",\"width\":600,\"height\":400},{\"@type\":\"BreadcrumbList\",\"@id\":\"https:\\\/\\\/medicinasinc.com\\\/lt\\\/product\\\/pirkti-adb-pinaca-milteliai\\\/#breadcrumb\",\"itemListElement\":[{\"@type\":\"ListItem\",\"position\":1,\"name\":\"Parduotuv\u0117\",\"item\":\"https:\\\/\\\/medicinasinc.com\\\/lt\\\/parduotuve\\\/\"},{\"@type\":\"ListItem\",\"position\":2,\"name\":\"Pirkite ADB-PINACA miltelius\"}]},{\"@type\":\"WebSite\",\"@id\":\"https:\\\/\\\/medicinasinc.com\\\/lt\\\/#website\",\"url\":\"https:\\\/\\\/medicinasinc.com\\\/lt\\\/\",\"name\":\"Medicinas Inc\",\"description\":\"Sveikatos medicinos klinika\",\"potentialAction\":[{\"@type\":\"SearchAction\",\"target\":{\"@type\":\"EntryPoint\",\"urlTemplate\":\"https:\\\/\\\/medicinasinc.com\\\/lt\\\/?s={search_term_string}\"},\"query-input\":{\"@type\":\"PropertyValueSpecification\",\"valueRequired\":true,\"valueName\":\"search_term_string\"}}],\"inLanguage\":\"en-US\"}]}<\/script>\n<!-- \/ Yoast SEO plugin. -->","yoast_head_json":{"title":"Pirkite ADB-PINACA miltelius - ADB-PINACA - geriausius pasaulinius vaistus","description":"Pirkite ADB-Pinaca miltelius\u00a0pardavimui Europoje, JK, ES, Kinijoje, grynumo 98 % chemini\u0173 med\u017eiag\u0173\u00a0milteliuose\u00a0ir amp; Kristalinis metiopropaminas \/ MPA\u00a0ADB-Pinaca milteliai.","robots":{"index":"index","follow":"follow","max-snippet":"max-snippet:-1","max-image-preview":"max-image-preview:large","max-video-preview":"max-video-preview:-1"},"canonical":"https:\/\/medicinasinc.com\/lt\/product\/pirkti-adb-pinaca-milteliai\/","og_locale":"en_US","og_type":"article","og_title":"Pirkite ADB-PINACA miltelius - ADB-PINACA - geriausius pasaulinius vaistus","og_description":"Pirkite ADB-Pinaca miltelius\u00a0pardavimui Europoje, JK, ES, Kinijoje, grynumo 98 % chemini\u0173 med\u017eiag\u0173\u00a0milteliuose\u00a0ir amp; Kristalinis metiopropaminas \/ MPA\u00a0ADB-Pinaca milteliai.","og_url":"https:\/\/medicinasinc.com\/lt\/product\/pirkti-adb-pinaca-milteliai\/","og_site_name":"Medicinas Inc","article_modified_time":"2022-03-20T12:17:17+00:00","og_image":[{"width":600,"height":400,"url":"https:\/\/medicinasinc.com\/lt\/wp-content\/uploads\/sites\/9\/2022\/02\/Buy-ADB-Pinaca-Powder.png","type":"image\/png"}],"twitter_card":"summary_large_image","twitter_misc":{"Est. reading time":"1 minute"},"schema":{"@context":"https:\/\/schema.org","@graph":[{"@type":"WebPage","@id":"https:\/\/medicinasinc.com\/lt\/product\/pirkti-adb-pinaca-milteliai\/","url":"https:\/\/medicinasinc.com\/lt\/product\/pirkti-adb-pinaca-milteliai\/","name":"Pirkite ADB-PINACA miltelius - ADB-PINACA - geriausius pasaulinius vaistus","isPartOf":{"@id":"https:\/\/medicinasinc.com\/lt\/#website"},"primaryImageOfPage":{"@id":"https:\/\/medicinasinc.com\/lt\/product\/pirkti-adb-pinaca-milteliai\/#primaryimage"},"image":{"@id":"https:\/\/medicinasinc.com\/lt\/product\/pirkti-adb-pinaca-milteliai\/#primaryimage"},"thumbnailUrl":"https:\/\/medicinasinc.com\/lt\/wp-content\/uploads\/sites\/9\/2022\/02\/Buy-ADB-Pinaca-Powder.png","datePublished":"2022-02-21T23:00:46+00:00","dateModified":"2022-03-20T12:17:17+00:00","description":"Pirkite ADB-Pinaca miltelius\u00a0pardavimui Europoje, JK, ES, Kinijoje, grynumo 98 % chemini\u0173 med\u017eiag\u0173\u00a0milteliuose\u00a0ir amp; Kristalinis metiopropaminas \/ MPA\u00a0ADB-Pinaca milteliai.","breadcrumb":{"@id":"https:\/\/medicinasinc.com\/lt\/product\/pirkti-adb-pinaca-milteliai\/#breadcrumb"},"inLanguage":"en-US","potentialAction":[{"@type":"ReadAction","target":["https:\/\/medicinasinc.com\/lt\/product\/pirkti-adb-pinaca-milteliai\/"]}]},{"@type":"ImageObject","inLanguage":"en-US","@id":"https:\/\/medicinasinc.com\/lt\/product\/pirkti-adb-pinaca-milteliai\/#primaryimage","url":"https:\/\/medicinasinc.com\/lt\/wp-content\/uploads\/sites\/9\/2022\/02\/Buy-ADB-Pinaca-Powder.png","contentUrl":"https:\/\/medicinasinc.com\/lt\/wp-content\/uploads\/sites\/9\/2022\/02\/Buy-ADB-Pinaca-Powder.png","width":600,"height":400},{"@type":"BreadcrumbList","@id":"https:\/\/medicinasinc.com\/lt\/product\/pirkti-adb-pinaca-milteliai\/#breadcrumb","itemListElement":[{"@type":"ListItem","position":1,"name":"Parduotuv\u0117","item":"https:\/\/medicinasinc.com\/lt\/parduotuve\/"},{"@type":"ListItem","position":2,"name":"Pirkite ADB-PINACA miltelius"}]},{"@type":"WebSite","@id":"https:\/\/medicinasinc.com\/lt\/#website","url":"https:\/\/medicinasinc.com\/lt\/","name":"Medicinas Inc","description":"Sveikatos medicinos klinika","potentialAction":[{"@type":"SearchAction","target":{"@type":"EntryPoint","urlTemplate":"https:\/\/medicinasinc.com\/lt\/?s={search_term_string}"},"query-input":{"@type":"PropertyValueSpecification","valueRequired":true,"valueName":"search_term_string"}}],"inLanguage":"en-US"}]}},"_links":{"self":[{"href":"https:\/\/medicinasinc.com\/lt\/wp-json\/wp\/v2\/product\/5419","targetHints":{"allow":["GET"]}}],"collection":[{"href":"https:\/\/medicinasinc.com\/lt\/wp-json\/wp\/v2\/product"}],"about":[{"href":"https:\/\/medicinasinc.com\/lt\/wp-json\/wp\/v2\/types\/product"}],"replies":[{"embeddable":true,"href":"https:\/\/medicinasinc.com\/lt\/wp-json\/wp\/v2\/comments?post=5419"}],"wp:featuredmedia":[{"embeddable":true,"href":"https:\/\/medicinasinc.com\/lt\/wp-json\/wp\/v2\/media\/5431"}],"wp:attachment":[{"href":"https:\/\/medicinasinc.com\/lt\/wp-json\/wp\/v2\/media?parent=5419"}],"wp:term":[{"taxonomy":"product_brand","embeddable":true,"href":"https:\/\/medicinasinc.com\/lt\/wp-json\/wp\/v2\/product_brand?post=5419"},{"taxonomy":"product_cat","embeddable":true,"href":"https:\/\/medicinasinc.com\/lt\/wp-json\/wp\/v2\/product_cat?post=5419"},{"taxonomy":"product_tag","embeddable":true,"href":"https:\/\/medicinasinc.com\/lt\/wp-json\/wp\/v2\/product_tag?post=5419"}],"curies":[{"name":"wp","href":"https:\/\/api.w.org\/{rel}","templated":true}]}}