{"id":5418,"date":"2022-02-21T22:59:50","date_gmt":"2022-02-21T22:59:50","guid":{"rendered":"https:\/\/medicinasinc.com\/lt\/?post_type=product&#038;p=5418"},"modified":"2022-03-20T12:17:25","modified_gmt":"2022-03-20T12:17:25","slug":"pirkite-acetil-fentanilo-miltelius-99-grynas-internete","status":"publish","type":"product","link":"https:\/\/medicinasinc.com\/lt\/product\/pirkite-acetil-fentanilo-miltelius-99-grynas-internete\/","title":{"rendered":"Pirkite acetilfentanilio miltelius (99%+ grynas) internetu"},"content":{"rendered":"<p>Pirkite acetilfentanilio miltelius (99 %+ grynumo) internetu<\/p>\n<p>PIRKITE ACETILFENTANIL\u0104 (HIDROCHLORID\u0104)<\/p>\n<p>Acetilfentanilis (hidrochloridas) yra da\u017eniausiai skiriamas sintetinis opioidas.<\/p>\n<p>ACTILO FENTANILIO POVEIKIS (HIDROCHLORIDAS)<\/p>\n<p>Vartodamas acetilfentanil\u012f (hidrochlorid\u0105), vartotojas gali patirti didel\u0119 euforij\u0105, pakilti nuotaik\u0105, suma\u017einti skausm\u0105 ir raminti.<\/p>\n<p>Viet\u0173 u\u017ekiet\u0117jimas, mieguistumas. , s\u0105mon\u0117s netekimas ir kv\u0117pavimo slopinimas yra visi galimi \u0161io vaisto \u0161alutiniai poveikiai.<\/p>\n<p>ACTIL FENTANILIS (HIDROCHLORIDAS) \u2013 KUR PIRKTI?<\/p>\n<p>Acetilfentanil\u012f (hidrochlorid\u0105) galite \u012fsigyti internetu adresu \u201eAll Care Express\u201c internetin\u0117 vaistin\u0117. \u0160\u012f produkt\u0105 galima \u012fsigyti be recepto geriausiomis \u010dia esan\u010diomis kainomis. U\u017esisakykite acetilfentanil\u012f (hidrochlorid\u0105) internetu dabar ir pasir\u016bpinkite, kad jis b\u016bt\u0173 laiku pristatytas iki j\u016bs\u0173 dur\u0173.<\/p>\n","protected":false},"excerpt":{"rendered":"<p>Pirkite acetilfentanilio miltelius (99 %+ grynumo) internetu. Vartojamas esant stipriam, nuolatiniam skausmui, kurio negalima kontroliuoti kitais vaistais. \u0160is vaistas yra stiprus narkotinis skausm\u0105 mal\u0161inantis vaistas.<\/p>\n<p>Pirkite acetilfentanil\u012f internetu \u2013 i\u0161 bestglobalmeds.com internetin\u0117s vaistin\u0117s pigiai ir prieinamomis kainomis su saugiu ir greitu pristatymo mokes\u010diu, nemokamas<\/p>\n","protected":false},"featured_media":5429,"comment_status":"open","ping_status":"closed","template":"","meta":[],"product_brand":[],"product_cat":[2014],"product_tag":[],"class_list":{"0":"post-5418","1":"product","2":"type-product","3":"status-publish","4":"has-post-thumbnail","6":"product_cat-pirkti-tyrineti-chemikalai","8":"first","9":"instock","10":"shipping-taxable","11":"purchasable","12":"product-type-variable","13":"has-default-attributes"},"yoast_head":"<!-- This site is optimized with the Yoast SEO plugin v27.3 - https:\/\/yoast.com\/product\/yoast-seo-wordpress\/ -->\n<title>Pirkite acetilfentanilio miltelius (99 %+ grynas) internetu \u2013 geriausi pasaulyje vaistai<\/title>\n<meta name=\"description\" content=\"Pirkite acetilfentanilio miltelius (99%+ grynas) internetu. Vartojamas esant stipriam, nuolatiniam skausmui, kurio negalima kontroliuoti kitais vaistais. \u0160is vaistas yra stiprus narkotinis skausm\u0105 mal\u0161inantis vaistas.\" \/>\n<meta name=\"robots\" content=\"index, follow, max-snippet:-1, max-image-preview:large, max-video-preview:-1\" \/>\n<link rel=\"canonical\" href=\"https:\/\/medicinasinc.com\/lt\/product\/pirkite-acetil-fentanilo-miltelius-99-grynas-internete\/\" \/>\n<meta property=\"og:locale\" content=\"en_US\" \/>\n<meta property=\"og:type\" content=\"article\" \/>\n<meta property=\"og:title\" content=\"Pirkite acetilfentanilio miltelius (99 %+ grynas) internetu \u2013 geriausi pasaulyje vaistai\" \/>\n<meta property=\"og:description\" content=\"Pirkite acetilfentanilio miltelius (99%+ grynas) internetu. Vartojamas esant stipriam, nuolatiniam skausmui, kurio negalima kontroliuoti kitais vaistais. \u0160is vaistas yra stiprus narkotinis skausm\u0105 mal\u0161inantis vaistas.\" \/>\n<meta property=\"og:url\" content=\"https:\/\/medicinasinc.com\/lt\/product\/pirkite-acetil-fentanilo-miltelius-99-grynas-internete\/\" \/>\n<meta property=\"og:site_name\" content=\"Medicinas Inc\" \/>\n<meta property=\"article:modified_time\" content=\"2022-03-20T12:17:25+00:00\" \/>\n<meta property=\"og:image\" content=\"https:\/\/medicinasinc.com\/lt\/wp-content\/uploads\/sites\/9\/2022\/02\/Buy-Acetyl-Fentanyl-Powder-99-Pure-online.jpg\" \/>\n\t<meta property=\"og:image:width\" content=\"600\" \/>\n\t<meta property=\"og:image:height\" content=\"600\" \/>\n\t<meta property=\"og:image:type\" content=\"image\/jpeg\" \/>\n<meta name=\"twitter:card\" content=\"summary_large_image\" \/>\n<meta name=\"twitter:label1\" content=\"Est. reading time\" \/>\n\t<meta name=\"twitter:data1\" content=\"1 minute\" \/>\n<script type=\"application\/ld+json\" class=\"yoast-schema-graph\">{\"@context\":\"https:\\\/\\\/schema.org\",\"@graph\":[{\"@type\":\"WebPage\",\"@id\":\"https:\\\/\\\/medicinasinc.com\\\/lt\\\/product\\\/pirkite-acetil-fentanilo-miltelius-99-grynas-internete\\\/\",\"url\":\"https:\\\/\\\/medicinasinc.com\\\/lt\\\/product\\\/pirkite-acetil-fentanilo-miltelius-99-grynas-internete\\\/\",\"name\":\"Pirkite acetilfentanilio miltelius (99 %+ grynas) internetu \u2013 geriausi pasaulyje vaistai\",\"isPartOf\":{\"@id\":\"https:\\\/\\\/medicinasinc.com\\\/lt\\\/#website\"},\"primaryImageOfPage\":{\"@id\":\"https:\\\/\\\/medicinasinc.com\\\/lt\\\/product\\\/pirkite-acetil-fentanilo-miltelius-99-grynas-internete\\\/#primaryimage\"},\"image\":{\"@id\":\"https:\\\/\\\/medicinasinc.com\\\/lt\\\/product\\\/pirkite-acetil-fentanilo-miltelius-99-grynas-internete\\\/#primaryimage\"},\"thumbnailUrl\":\"https:\\\/\\\/medicinasinc.com\\\/lt\\\/wp-content\\\/uploads\\\/sites\\\/9\\\/2022\\\/02\\\/Buy-Acetyl-Fentanyl-Powder-99-Pure-online.jpg\",\"datePublished\":\"2022-02-21T22:59:50+00:00\",\"dateModified\":\"2022-03-20T12:17:25+00:00\",\"description\":\"Pirkite acetilfentanilio miltelius (99%+ grynas) internetu. Vartojamas esant stipriam, nuolatiniam skausmui, kurio negalima kontroliuoti kitais vaistais. \u0160is vaistas yra stiprus narkotinis skausm\u0105 mal\u0161inantis vaistas.\",\"breadcrumb\":{\"@id\":\"https:\\\/\\\/medicinasinc.com\\\/lt\\\/product\\\/pirkite-acetil-fentanilo-miltelius-99-grynas-internete\\\/#breadcrumb\"},\"inLanguage\":\"en-US\",\"potentialAction\":[{\"@type\":\"ReadAction\",\"target\":[\"https:\\\/\\\/medicinasinc.com\\\/lt\\\/product\\\/pirkite-acetil-fentanilo-miltelius-99-grynas-internete\\\/\"]}]},{\"@type\":\"ImageObject\",\"inLanguage\":\"en-US\",\"@id\":\"https:\\\/\\\/medicinasinc.com\\\/lt\\\/product\\\/pirkite-acetil-fentanilo-miltelius-99-grynas-internete\\\/#primaryimage\",\"url\":\"https:\\\/\\\/medicinasinc.com\\\/lt\\\/wp-content\\\/uploads\\\/sites\\\/9\\\/2022\\\/02\\\/Buy-Acetyl-Fentanyl-Powder-99-Pure-online.jpg\",\"contentUrl\":\"https:\\\/\\\/medicinasinc.com\\\/lt\\\/wp-content\\\/uploads\\\/sites\\\/9\\\/2022\\\/02\\\/Buy-Acetyl-Fentanyl-Powder-99-Pure-online.jpg\",\"width\":600,\"height\":600},{\"@type\":\"BreadcrumbList\",\"@id\":\"https:\\\/\\\/medicinasinc.com\\\/lt\\\/product\\\/pirkite-acetil-fentanilo-miltelius-99-grynas-internete\\\/#breadcrumb\",\"itemListElement\":[{\"@type\":\"ListItem\",\"position\":1,\"name\":\"Parduotuv\u0117\",\"item\":\"https:\\\/\\\/medicinasinc.com\\\/lt\\\/parduotuve\\\/\"},{\"@type\":\"ListItem\",\"position\":2,\"name\":\"Pirkite acetilfentanilio miltelius (99%+ grynas) internetu\"}]},{\"@type\":\"WebSite\",\"@id\":\"https:\\\/\\\/medicinasinc.com\\\/lt\\\/#website\",\"url\":\"https:\\\/\\\/medicinasinc.com\\\/lt\\\/\",\"name\":\"Medicinas Inc\",\"description\":\"Sveikatos medicinos klinika\",\"potentialAction\":[{\"@type\":\"SearchAction\",\"target\":{\"@type\":\"EntryPoint\",\"urlTemplate\":\"https:\\\/\\\/medicinasinc.com\\\/lt\\\/?s={search_term_string}\"},\"query-input\":{\"@type\":\"PropertyValueSpecification\",\"valueRequired\":true,\"valueName\":\"search_term_string\"}}],\"inLanguage\":\"en-US\"}]}<\/script>\n<!-- \/ Yoast SEO plugin. -->","yoast_head_json":{"title":"Pirkite acetilfentanilio miltelius (99 %+ grynas) internetu \u2013 geriausi pasaulyje vaistai","description":"Pirkite acetilfentanilio miltelius (99%+ grynas) internetu. Vartojamas esant stipriam, nuolatiniam skausmui, kurio negalima kontroliuoti kitais vaistais. \u0160is vaistas yra stiprus narkotinis skausm\u0105 mal\u0161inantis vaistas.","robots":{"index":"index","follow":"follow","max-snippet":"max-snippet:-1","max-image-preview":"max-image-preview:large","max-video-preview":"max-video-preview:-1"},"canonical":"https:\/\/medicinasinc.com\/lt\/product\/pirkite-acetil-fentanilo-miltelius-99-grynas-internete\/","og_locale":"en_US","og_type":"article","og_title":"Pirkite acetilfentanilio miltelius (99 %+ grynas) internetu \u2013 geriausi pasaulyje vaistai","og_description":"Pirkite acetilfentanilio miltelius (99%+ grynas) internetu. Vartojamas esant stipriam, nuolatiniam skausmui, kurio negalima kontroliuoti kitais vaistais. \u0160is vaistas yra stiprus narkotinis skausm\u0105 mal\u0161inantis vaistas.","og_url":"https:\/\/medicinasinc.com\/lt\/product\/pirkite-acetil-fentanilo-miltelius-99-grynas-internete\/","og_site_name":"Medicinas Inc","article_modified_time":"2022-03-20T12:17:25+00:00","og_image":[{"width":600,"height":600,"url":"https:\/\/medicinasinc.com\/lt\/wp-content\/uploads\/sites\/9\/2022\/02\/Buy-Acetyl-Fentanyl-Powder-99-Pure-online.jpg","type":"image\/jpeg"}],"twitter_card":"summary_large_image","twitter_misc":{"Est. reading time":"1 minute"},"schema":{"@context":"https:\/\/schema.org","@graph":[{"@type":"WebPage","@id":"https:\/\/medicinasinc.com\/lt\/product\/pirkite-acetil-fentanilo-miltelius-99-grynas-internete\/","url":"https:\/\/medicinasinc.com\/lt\/product\/pirkite-acetil-fentanilo-miltelius-99-grynas-internete\/","name":"Pirkite acetilfentanilio miltelius (99 %+ grynas) internetu \u2013 geriausi pasaulyje vaistai","isPartOf":{"@id":"https:\/\/medicinasinc.com\/lt\/#website"},"primaryImageOfPage":{"@id":"https:\/\/medicinasinc.com\/lt\/product\/pirkite-acetil-fentanilo-miltelius-99-grynas-internete\/#primaryimage"},"image":{"@id":"https:\/\/medicinasinc.com\/lt\/product\/pirkite-acetil-fentanilo-miltelius-99-grynas-internete\/#primaryimage"},"thumbnailUrl":"https:\/\/medicinasinc.com\/lt\/wp-content\/uploads\/sites\/9\/2022\/02\/Buy-Acetyl-Fentanyl-Powder-99-Pure-online.jpg","datePublished":"2022-02-21T22:59:50+00:00","dateModified":"2022-03-20T12:17:25+00:00","description":"Pirkite acetilfentanilio miltelius (99%+ grynas) internetu. Vartojamas esant stipriam, nuolatiniam skausmui, kurio negalima kontroliuoti kitais vaistais. \u0160is vaistas yra stiprus narkotinis skausm\u0105 mal\u0161inantis vaistas.","breadcrumb":{"@id":"https:\/\/medicinasinc.com\/lt\/product\/pirkite-acetil-fentanilo-miltelius-99-grynas-internete\/#breadcrumb"},"inLanguage":"en-US","potentialAction":[{"@type":"ReadAction","target":["https:\/\/medicinasinc.com\/lt\/product\/pirkite-acetil-fentanilo-miltelius-99-grynas-internete\/"]}]},{"@type":"ImageObject","inLanguage":"en-US","@id":"https:\/\/medicinasinc.com\/lt\/product\/pirkite-acetil-fentanilo-miltelius-99-grynas-internete\/#primaryimage","url":"https:\/\/medicinasinc.com\/lt\/wp-content\/uploads\/sites\/9\/2022\/02\/Buy-Acetyl-Fentanyl-Powder-99-Pure-online.jpg","contentUrl":"https:\/\/medicinasinc.com\/lt\/wp-content\/uploads\/sites\/9\/2022\/02\/Buy-Acetyl-Fentanyl-Powder-99-Pure-online.jpg","width":600,"height":600},{"@type":"BreadcrumbList","@id":"https:\/\/medicinasinc.com\/lt\/product\/pirkite-acetil-fentanilo-miltelius-99-grynas-internete\/#breadcrumb","itemListElement":[{"@type":"ListItem","position":1,"name":"Parduotuv\u0117","item":"https:\/\/medicinasinc.com\/lt\/parduotuve\/"},{"@type":"ListItem","position":2,"name":"Pirkite acetilfentanilio miltelius (99%+ grynas) internetu"}]},{"@type":"WebSite","@id":"https:\/\/medicinasinc.com\/lt\/#website","url":"https:\/\/medicinasinc.com\/lt\/","name":"Medicinas Inc","description":"Sveikatos medicinos klinika","potentialAction":[{"@type":"SearchAction","target":{"@type":"EntryPoint","urlTemplate":"https:\/\/medicinasinc.com\/lt\/?s={search_term_string}"},"query-input":{"@type":"PropertyValueSpecification","valueRequired":true,"valueName":"search_term_string"}}],"inLanguage":"en-US"}]}},"_links":{"self":[{"href":"https:\/\/medicinasinc.com\/lt\/wp-json\/wp\/v2\/product\/5418","targetHints":{"allow":["GET"]}}],"collection":[{"href":"https:\/\/medicinasinc.com\/lt\/wp-json\/wp\/v2\/product"}],"about":[{"href":"https:\/\/medicinasinc.com\/lt\/wp-json\/wp\/v2\/types\/product"}],"replies":[{"embeddable":true,"href":"https:\/\/medicinasinc.com\/lt\/wp-json\/wp\/v2\/comments?post=5418"}],"wp:featuredmedia":[{"embeddable":true,"href":"https:\/\/medicinasinc.com\/lt\/wp-json\/wp\/v2\/media\/5429"}],"wp:attachment":[{"href":"https:\/\/medicinasinc.com\/lt\/wp-json\/wp\/v2\/media?parent=5418"}],"wp:term":[{"taxonomy":"product_brand","embeddable":true,"href":"https:\/\/medicinasinc.com\/lt\/wp-json\/wp\/v2\/product_brand?post=5418"},{"taxonomy":"product_cat","embeddable":true,"href":"https:\/\/medicinasinc.com\/lt\/wp-json\/wp\/v2\/product_cat?post=5418"},{"taxonomy":"product_tag","embeddable":true,"href":"https:\/\/medicinasinc.com\/lt\/wp-json\/wp\/v2\/product_tag?post=5418"}],"curies":[{"name":"wp","href":"https:\/\/api.w.org\/{rel}","templated":true}]}}