{"id":5417,"date":"2022-02-21T22:57:54","date_gmt":"2022-02-21T22:57:54","guid":{"rendered":"https:\/\/medicinasinc.com\/lt\/?post_type=product&#038;p=5417"},"modified":"2022-03-20T12:17:36","modified_gmt":"2022-03-20T12:17:36","slug":"pirkti-5f-mdmb-2201-5f-mmb-pica-5f-amb-pica","status":"publish","type":"product","link":"https:\/\/medicinasinc.com\/lt\/product\/pirkti-5f-mdmb-2201-5f-mmb-pica-5f-amb-pica\/","title":{"rendered":"Pirkite 5F MDMB 2201 \u2013 5F-MMB-PICA, 5F-AMB-PICA"},"content":{"rendered":"<h1>Pirkite 5f MDMB 2201 kristalus internetu.<\/h1>\n<p>Pirkite 5f MDMB 2201 Crystals internetu.<\/p>\n<p>Tai indazolo 3 karboksamidas, kur\u012f pradedama rasti sintetiniuose kanapi\u0173 produktuose visame pasaulyje. .<\/p>\n<p>Farmakologija:<br \/> 5F-MDMB-2201 yra labai stiprus CB1 agonistas, ta\u010diau ne\u017einoma, ar jis turi stipr\u0173 selektyvum\u0105 CB1, ar i\u0161 tikr\u0173j\u0173 yra selektyvus visi. \u0160ioje srityje reik\u0117s atlikti daugiau bandym\u0173.<\/p>\n<p>Pana\u0161\u016bs junginiai:<br \/> 5F-AB-PINACA<br \/> PX-3<br \/> MDMB-FUBINACA<br \/> MDMB-CHMICA<br \/> APINACA<br \/> APICA<br \/> ADB-PINACA<br \/> ADBICA<br \/> ADB-FUBINACA<br \/> ADB-CHMINACA<br \/> AB-PINACA<br \/> AB-FUBINACA<br \/> AB-CHMINACA<br \/> AB-CHFUPYCA<br \/> 5F-APINACA<br \/> 5F-AMB<\/p>\n<p>Teis\u0117tumas:<br \/> 5F-MDMB-2201 n\u0117ra \u017einoma \u0161iuo metu laikoma kontroliuojama med\u017eiaga bet kurioje \u0161alyje ar pagrindin\u0117je jurisdikcijoje, ta\u010diau ji gali b\u016bti laikoma 5F-ADB ar susijusi\u0173 jungini\u0173 analogu. D\u0117l to jo pardavimas ar laikymas tam tikrose jurisdikcijose gali b\u016bti neteis\u0117tas, tod\u0117l importuodami \u0161i\u0105 chemin\u0119 med\u017eiag\u0105 tur\u0117tum\u0117te b\u016bti atsarg\u016bs.<br \/> 5F-MDMB-2201 parduodamas tik kaip chemin\u0117 med\u017eiaga moksliniams tyrimams, tod\u0117l yra netinkama \u017emoni\u0173 ar gyv\u016bn\u0173 maistui. J\u012f tur\u0117t\u0173 naudoti tik apmokytas personalas laboratorijoje arba teismo medicinos aplinkoje.<\/p>\n","protected":false},"excerpt":{"rendered":"<p>Pirkite MMB-2201, 5F MDMB 2201 pardavimui JK, Europoje (taip pat \u017einomas kaip 5F-MMB-PICA, 5F-AMB-PICA ir I-AMB) yra stiprus indolo-3-karboksamido pagrindu pagamintas sintetinis kanabinoidas, buvo parduotas kaip dizaineri\u0173 sukurtas narkotikas ir kaip veiklioji sintetini\u0173 kanapi\u0173 mi\u0161ini\u0173 sudedamoji dalis<\/p>\n<p>5f MDMB 2201 kristal\u0173 pirkimas internetu. 5F-MDMB-2201 yra sintetinis kanabinoidas i\u0161 indazol\u0173 \u0161eimos, labai pana\u0161us \u012f labiau \u017einom\u0105 5F-MDMB-PINACA.<\/p>\n<p>Pirkite grynus auk\u0161tos kokyb\u0117s 5F-MDMB-2201 miltelius internetu naudodami Bitcoin &amp; #8211; Pirkite legalius vaistus, tyrim\u0173 chemines med\u017eiagas ir neapdorotus farmacinius miltelius internetu.<\/p>\n<p>5F-MDMB-2201<\/p>\n<p>U\u017esisakykite pavyzd\u012f tyrimui arba \u012fsigykite parduodam\u0105 5f-mdmb-2201 su nemokamu pristatymu \u012f JK, JAV arba Europoje.<\/p>\n","protected":false},"featured_media":5427,"comment_status":"open","ping_status":"closed","template":"","meta":[],"product_brand":[],"product_cat":[2596],"product_tag":[2597,2598,2599,2600,2616,2603,2604,2601,2605,2606,2613,2612,2607,2608,2614,2611,2610,2615,2617,2618,2623,2624,2629,2631,2625,2620,2626,2627,2628,2609,2602,2619,2621,2622,2630],"class_list":{"0":"post-5417","1":"product","2":"type-product","3":"status-publish","4":"has-post-thumbnail","6":"product_cat-parduodami-kanabinoidai","7":"product_tag-4f-adb-apvalga","8":"product_tag-4f-mdmb-binaca-uk","9":"product_tag-5f-milteliai","10":"product_tag-5f-mdmb-2201","11":"product_tag-5f-mdmb-2201-perira","12":"product_tag-5f-mdmb-2201-for-sale","13":"product_tag-5f-mdmb-2201-for-sale-online","14":"product_tag-5f-mdmb-2201-kanabinoidai","15":"product_tag-5f-mdmb-2201-milteliai","16":"product_tag-5f-mdmb-2201-milteliai-australija","17":"product_tag-5f-mdmb-2201-milteliai-usa","18":"product_tag-5f-mdmb-2201-milteliai-uk","19":"product_tag-5f-mdmb-2201-milteliai-kanada","20":"product_tag-5f-mdmb-2201-milteli-dozavimas","21":"product_tag-5f-mdmb-2201-milteli-pardavjas","22":"product_tag-5f-mdmb-2201-milteli-tiekjas","23":"product_tag-5f-mdmb-2201-powder-review","24":"product_tag-5f-mdmb-2201-reddit","25":"product_tag-5f-mdmb-pinaca-buy","26":"product_tag-5f-sgt-151","27":"product_tag-buy-diclazepam-uk","28":"product_tag-c-skysta-chemin-suspensija","29":"product_tag-pure-5f-mdmb-2201-milteliai","30":"product_tag-kur-nusipirkti-5f-mdmb-2201","31":"product_tag-mail-5f-mdmb-2201","32":"product_tag-pirkti-5f-mdmb-2201-kanabinoidai","33":"product_tag-order-5f-mdmb-2201","34":"product_tag-order-5f-mdmb-2201-online","35":"product_tag-order-5f-mdmb-2201-powder","36":"product_tag-5f-mdmb-2201-milteliai-parduodami","37":"product_tag-5f-mdmb-2201-kanabinoidai-parduodami","38":"product_tag-pirkti-5f-mdmb-2201","39":"product_tag-pirkti-5f-mdmb-2201-online","40":"product_tag-pirkti-5f-mdmb-2201-milteliai-internetu","41":"product_tag-sgt-151-legal","43":"first","44":"instock","45":"shipping-taxable","46":"purchasable","47":"product-type-variable","48":"has-default-attributes"},"yoast_head":"<!-- This site is optimized with the Yoast SEO plugin v27.3 - https:\/\/yoast.com\/product\/yoast-seo-wordpress\/ -->\n<title>Pirkite 5F MDMB 2201 \u2013 5F-MMB-PICA, 5F-AMB-PICA ir I-AMB<\/title>\n<meta name=\"description\" content=\"Pirkti MMB-2201, 5F MDMB 2201 parduoti JK, Europoje (taip pat \u017einomas kaip 5F-MMB-PICA, 5F-AMB-PICA ir I-AMB) yra stiprus sintetinis kanabinoidas indolo-3-karboksamido pagrindu, kuris buvo parduotas. kaip dizaineri\u0173 sukurtas vaistas ir kaip aktyvioji sintetini\u0173 kanapi\u0173 mi\u0161ini\u0173 sudedamoji dalis\" \/>\n<meta name=\"robots\" content=\"index, follow, max-snippet:-1, max-image-preview:large, max-video-preview:-1\" \/>\n<link rel=\"canonical\" href=\"https:\/\/medicinasinc.com\/lt\/product\/pirkti-5f-mdmb-2201-5f-mmb-pica-5f-amb-pica\/\" \/>\n<meta property=\"og:locale\" content=\"en_US\" \/>\n<meta property=\"og:type\" content=\"article\" \/>\n<meta property=\"og:title\" content=\"Pirkite 5F MDMB 2201 \u2013 5F-MMB-PICA, 5F-AMB-PICA ir I-AMB\" \/>\n<meta property=\"og:description\" content=\"Pirkti MMB-2201, 5F MDMB 2201 parduoti JK, Europoje (taip pat \u017einomas kaip 5F-MMB-PICA, 5F-AMB-PICA ir I-AMB) yra stiprus sintetinis kanabinoidas indolo-3-karboksamido pagrindu, kuris buvo parduotas. kaip dizaineri\u0173 sukurtas vaistas ir kaip aktyvioji sintetini\u0173 kanapi\u0173 mi\u0161ini\u0173 sudedamoji dalis\" \/>\n<meta property=\"og:url\" content=\"https:\/\/medicinasinc.com\/lt\/product\/pirkti-5f-mdmb-2201-5f-mmb-pica-5f-amb-pica\/\" \/>\n<meta property=\"og:site_name\" content=\"Medicinas Inc\" \/>\n<meta property=\"article:modified_time\" content=\"2022-03-20T12:17:36+00:00\" \/>\n<meta property=\"og:image\" content=\"https:\/\/medicinasinc.com\/lt\/wp-content\/uploads\/sites\/9\/2022\/02\/Buy-5f-MDMB-2201.jpg\" \/>\n\t<meta property=\"og:image:width\" content=\"232\" \/>\n\t<meta property=\"og:image:height\" content=\"217\" \/>\n\t<meta property=\"og:image:type\" content=\"image\/jpeg\" \/>\n<meta name=\"twitter:card\" content=\"summary_large_image\" \/>\n<meta name=\"twitter:label1\" content=\"Est. reading time\" \/>\n\t<meta name=\"twitter:data1\" content=\"1 minute\" \/>\n<script type=\"application\/ld+json\" class=\"yoast-schema-graph\">{\"@context\":\"https:\\\/\\\/schema.org\",\"@graph\":[{\"@type\":\"WebPage\",\"@id\":\"https:\\\/\\\/medicinasinc.com\\\/lt\\\/product\\\/pirkti-5f-mdmb-2201-5f-mmb-pica-5f-amb-pica\\\/\",\"url\":\"https:\\\/\\\/medicinasinc.com\\\/lt\\\/product\\\/pirkti-5f-mdmb-2201-5f-mmb-pica-5f-amb-pica\\\/\",\"name\":\"Pirkite 5F MDMB 2201 \u2013 5F-MMB-PICA, 5F-AMB-PICA ir I-AMB\",\"isPartOf\":{\"@id\":\"https:\\\/\\\/medicinasinc.com\\\/lt\\\/#website\"},\"primaryImageOfPage\":{\"@id\":\"https:\\\/\\\/medicinasinc.com\\\/lt\\\/product\\\/pirkti-5f-mdmb-2201-5f-mmb-pica-5f-amb-pica\\\/#primaryimage\"},\"image\":{\"@id\":\"https:\\\/\\\/medicinasinc.com\\\/lt\\\/product\\\/pirkti-5f-mdmb-2201-5f-mmb-pica-5f-amb-pica\\\/#primaryimage\"},\"thumbnailUrl\":\"https:\\\/\\\/medicinasinc.com\\\/lt\\\/wp-content\\\/uploads\\\/sites\\\/9\\\/2022\\\/02\\\/Buy-5f-MDMB-2201.jpg\",\"datePublished\":\"2022-02-21T22:57:54+00:00\",\"dateModified\":\"2022-03-20T12:17:36+00:00\",\"description\":\"Pirkti MMB-2201, 5F MDMB 2201 parduoti JK, Europoje (taip pat \u017einomas kaip 5F-MMB-PICA, 5F-AMB-PICA ir I-AMB) yra stiprus sintetinis kanabinoidas indolo-3-karboksamido pagrindu, kuris buvo parduotas. kaip dizaineri\u0173 sukurtas vaistas ir kaip aktyvioji sintetini\u0173 kanapi\u0173 mi\u0161ini\u0173 sudedamoji dalis\",\"breadcrumb\":{\"@id\":\"https:\\\/\\\/medicinasinc.com\\\/lt\\\/product\\\/pirkti-5f-mdmb-2201-5f-mmb-pica-5f-amb-pica\\\/#breadcrumb\"},\"inLanguage\":\"en-US\",\"potentialAction\":[{\"@type\":\"ReadAction\",\"target\":[\"https:\\\/\\\/medicinasinc.com\\\/lt\\\/product\\\/pirkti-5f-mdmb-2201-5f-mmb-pica-5f-amb-pica\\\/\"]}]},{\"@type\":\"ImageObject\",\"inLanguage\":\"en-US\",\"@id\":\"https:\\\/\\\/medicinasinc.com\\\/lt\\\/product\\\/pirkti-5f-mdmb-2201-5f-mmb-pica-5f-amb-pica\\\/#primaryimage\",\"url\":\"https:\\\/\\\/medicinasinc.com\\\/lt\\\/wp-content\\\/uploads\\\/sites\\\/9\\\/2022\\\/02\\\/Buy-5f-MDMB-2201.jpg\",\"contentUrl\":\"https:\\\/\\\/medicinasinc.com\\\/lt\\\/wp-content\\\/uploads\\\/sites\\\/9\\\/2022\\\/02\\\/Buy-5f-MDMB-2201.jpg\",\"width\":232,\"height\":217},{\"@type\":\"BreadcrumbList\",\"@id\":\"https:\\\/\\\/medicinasinc.com\\\/lt\\\/product\\\/pirkti-5f-mdmb-2201-5f-mmb-pica-5f-amb-pica\\\/#breadcrumb\",\"itemListElement\":[{\"@type\":\"ListItem\",\"position\":1,\"name\":\"Parduotuv\u0117\",\"item\":\"https:\\\/\\\/medicinasinc.com\\\/lt\\\/parduotuve\\\/\"},{\"@type\":\"ListItem\",\"position\":2,\"name\":\"Pirkite 5F MDMB 2201 \u2013 5F-MMB-PICA, 5F-AMB-PICA\"}]},{\"@type\":\"WebSite\",\"@id\":\"https:\\\/\\\/medicinasinc.com\\\/lt\\\/#website\",\"url\":\"https:\\\/\\\/medicinasinc.com\\\/lt\\\/\",\"name\":\"Medicinas Inc\",\"description\":\"Sveikatos medicinos klinika\",\"potentialAction\":[{\"@type\":\"SearchAction\",\"target\":{\"@type\":\"EntryPoint\",\"urlTemplate\":\"https:\\\/\\\/medicinasinc.com\\\/lt\\\/?s={search_term_string}\"},\"query-input\":{\"@type\":\"PropertyValueSpecification\",\"valueRequired\":true,\"valueName\":\"search_term_string\"}}],\"inLanguage\":\"en-US\"}]}<\/script>\n<!-- \/ Yoast SEO plugin. -->","yoast_head_json":{"title":"Pirkite 5F MDMB 2201 \u2013 5F-MMB-PICA, 5F-AMB-PICA ir I-AMB","description":"Pirkti MMB-2201, 5F MDMB 2201 parduoti JK, Europoje (taip pat \u017einomas kaip 5F-MMB-PICA, 5F-AMB-PICA ir I-AMB) yra stiprus sintetinis kanabinoidas indolo-3-karboksamido pagrindu, kuris buvo parduotas. kaip dizaineri\u0173 sukurtas vaistas ir kaip aktyvioji sintetini\u0173 kanapi\u0173 mi\u0161ini\u0173 sudedamoji dalis","robots":{"index":"index","follow":"follow","max-snippet":"max-snippet:-1","max-image-preview":"max-image-preview:large","max-video-preview":"max-video-preview:-1"},"canonical":"https:\/\/medicinasinc.com\/lt\/product\/pirkti-5f-mdmb-2201-5f-mmb-pica-5f-amb-pica\/","og_locale":"en_US","og_type":"article","og_title":"Pirkite 5F MDMB 2201 \u2013 5F-MMB-PICA, 5F-AMB-PICA ir I-AMB","og_description":"Pirkti MMB-2201, 5F MDMB 2201 parduoti JK, Europoje (taip pat \u017einomas kaip 5F-MMB-PICA, 5F-AMB-PICA ir I-AMB) yra stiprus sintetinis kanabinoidas indolo-3-karboksamido pagrindu, kuris buvo parduotas. kaip dizaineri\u0173 sukurtas vaistas ir kaip aktyvioji sintetini\u0173 kanapi\u0173 mi\u0161ini\u0173 sudedamoji dalis","og_url":"https:\/\/medicinasinc.com\/lt\/product\/pirkti-5f-mdmb-2201-5f-mmb-pica-5f-amb-pica\/","og_site_name":"Medicinas Inc","article_modified_time":"2022-03-20T12:17:36+00:00","og_image":[{"width":232,"height":217,"url":"https:\/\/medicinasinc.com\/lt\/wp-content\/uploads\/sites\/9\/2022\/02\/Buy-5f-MDMB-2201.jpg","type":"image\/jpeg"}],"twitter_card":"summary_large_image","twitter_misc":{"Est. reading time":"1 minute"},"schema":{"@context":"https:\/\/schema.org","@graph":[{"@type":"WebPage","@id":"https:\/\/medicinasinc.com\/lt\/product\/pirkti-5f-mdmb-2201-5f-mmb-pica-5f-amb-pica\/","url":"https:\/\/medicinasinc.com\/lt\/product\/pirkti-5f-mdmb-2201-5f-mmb-pica-5f-amb-pica\/","name":"Pirkite 5F MDMB 2201 \u2013 5F-MMB-PICA, 5F-AMB-PICA ir I-AMB","isPartOf":{"@id":"https:\/\/medicinasinc.com\/lt\/#website"},"primaryImageOfPage":{"@id":"https:\/\/medicinasinc.com\/lt\/product\/pirkti-5f-mdmb-2201-5f-mmb-pica-5f-amb-pica\/#primaryimage"},"image":{"@id":"https:\/\/medicinasinc.com\/lt\/product\/pirkti-5f-mdmb-2201-5f-mmb-pica-5f-amb-pica\/#primaryimage"},"thumbnailUrl":"https:\/\/medicinasinc.com\/lt\/wp-content\/uploads\/sites\/9\/2022\/02\/Buy-5f-MDMB-2201.jpg","datePublished":"2022-02-21T22:57:54+00:00","dateModified":"2022-03-20T12:17:36+00:00","description":"Pirkti MMB-2201, 5F MDMB 2201 parduoti JK, Europoje (taip pat \u017einomas kaip 5F-MMB-PICA, 5F-AMB-PICA ir I-AMB) yra stiprus sintetinis kanabinoidas indolo-3-karboksamido pagrindu, kuris buvo parduotas. kaip dizaineri\u0173 sukurtas vaistas ir kaip aktyvioji sintetini\u0173 kanapi\u0173 mi\u0161ini\u0173 sudedamoji dalis","breadcrumb":{"@id":"https:\/\/medicinasinc.com\/lt\/product\/pirkti-5f-mdmb-2201-5f-mmb-pica-5f-amb-pica\/#breadcrumb"},"inLanguage":"en-US","potentialAction":[{"@type":"ReadAction","target":["https:\/\/medicinasinc.com\/lt\/product\/pirkti-5f-mdmb-2201-5f-mmb-pica-5f-amb-pica\/"]}]},{"@type":"ImageObject","inLanguage":"en-US","@id":"https:\/\/medicinasinc.com\/lt\/product\/pirkti-5f-mdmb-2201-5f-mmb-pica-5f-amb-pica\/#primaryimage","url":"https:\/\/medicinasinc.com\/lt\/wp-content\/uploads\/sites\/9\/2022\/02\/Buy-5f-MDMB-2201.jpg","contentUrl":"https:\/\/medicinasinc.com\/lt\/wp-content\/uploads\/sites\/9\/2022\/02\/Buy-5f-MDMB-2201.jpg","width":232,"height":217},{"@type":"BreadcrumbList","@id":"https:\/\/medicinasinc.com\/lt\/product\/pirkti-5f-mdmb-2201-5f-mmb-pica-5f-amb-pica\/#breadcrumb","itemListElement":[{"@type":"ListItem","position":1,"name":"Parduotuv\u0117","item":"https:\/\/medicinasinc.com\/lt\/parduotuve\/"},{"@type":"ListItem","position":2,"name":"Pirkite 5F MDMB 2201 \u2013 5F-MMB-PICA, 5F-AMB-PICA"}]},{"@type":"WebSite","@id":"https:\/\/medicinasinc.com\/lt\/#website","url":"https:\/\/medicinasinc.com\/lt\/","name":"Medicinas Inc","description":"Sveikatos medicinos klinika","potentialAction":[{"@type":"SearchAction","target":{"@type":"EntryPoint","urlTemplate":"https:\/\/medicinasinc.com\/lt\/?s={search_term_string}"},"query-input":{"@type":"PropertyValueSpecification","valueRequired":true,"valueName":"search_term_string"}}],"inLanguage":"en-US"}]}},"_links":{"self":[{"href":"https:\/\/medicinasinc.com\/lt\/wp-json\/wp\/v2\/product\/5417","targetHints":{"allow":["GET"]}}],"collection":[{"href":"https:\/\/medicinasinc.com\/lt\/wp-json\/wp\/v2\/product"}],"about":[{"href":"https:\/\/medicinasinc.com\/lt\/wp-json\/wp\/v2\/types\/product"}],"replies":[{"embeddable":true,"href":"https:\/\/medicinasinc.com\/lt\/wp-json\/wp\/v2\/comments?post=5417"}],"wp:featuredmedia":[{"embeddable":true,"href":"https:\/\/medicinasinc.com\/lt\/wp-json\/wp\/v2\/media\/5427"}],"wp:attachment":[{"href":"https:\/\/medicinasinc.com\/lt\/wp-json\/wp\/v2\/media?parent=5417"}],"wp:term":[{"taxonomy":"product_brand","embeddable":true,"href":"https:\/\/medicinasinc.com\/lt\/wp-json\/wp\/v2\/product_brand?post=5417"},{"taxonomy":"product_cat","embeddable":true,"href":"https:\/\/medicinasinc.com\/lt\/wp-json\/wp\/v2\/product_cat?post=5417"},{"taxonomy":"product_tag","embeddable":true,"href":"https:\/\/medicinasinc.com\/lt\/wp-json\/wp\/v2\/product_tag?post=5417"}],"curies":[{"name":"wp","href":"https:\/\/api.w.org\/{rel}","templated":true}]}}