{"id":5416,"date":"2022-02-21T22:57:03","date_gmt":"2022-02-21T22:57:03","guid":{"rendered":"https:\/\/medicinasinc.com\/lt\/?post_type=product&#038;p=5416"},"modified":"2022-03-20T12:17:44","modified_gmt":"2022-03-20T12:17:44","slug":"pirkti-50mcg-lsd-tabletes-internetu","status":"publish","type":"product","link":"https:\/\/medicinasinc.com\/lt\/product\/pirkti-50mcg-lsd-tabletes-internetu\/","title":{"rendered":"Pirkite 50mcg LSD tabletes internetu"},"content":{"rendered":"<p><strong>Pirkite LSD 50 mcg tabletes internetu.<\/strong><\/p>\n<p>LSD 50 mcg tabletes galite \u012fsigyti internetu.<\/p>\n<p>Nor\u0117dami nusipirkti ar u\u017esisakyti LSD tabletes, galite tai padaryti adresu m\u016bs\u0173 LSD plan\u0161etini\u0173 kompiuteri\u0173 parduotuv\u0117: jei ie\u0161kote auk\u0161tos kokyb\u0117s LSD plan\u0161etini\u0173 kompiuteri\u0173, nieko daugiau. J\u016bs j\u012f radote. \u0160iuo metu geriausios LSD tablet\u0117s rinkoje yra m\u016bs\u0173 pagamintos.<br \/> Lizergo r\u016bg\u0161ties dietilamidas yra bendras pavadinimas.<br \/> LSD apib\u016bdinti vartojama daugiau nei 80 \u012fprast\u0173 ar gatvi\u0173 pavadinim\u0173. Tai apima r\u016bg\u0161t\u012f, bloter\u012f (dar \u017einomas kaip &#8220;cid&#8221;), dozes (dar \u017einomas kaip &#8220;ta\u0161kai&#8221;) ir keliones (dar \u017einomas kaip kelion\u0117s).<\/p>\n","protected":false},"excerpt":{"rendered":"<div class=\"woocommerce-product-details__short-description\">\n<p>Tikros 50mcg LSD tablet\u0117s internetu \u2013 parduodamos 50mcg LSD tablet\u0117s | Pirkite LSD tabletes internetu | Parduodu pirkti 50mcg LSD tabletes| Pirkite pigias 50mcg LSD tabletes | Kur \u012fsigyti 50 mcg LSD table\u010di\u0173 internetu.<\/p>\n<\/p><\/div>\n","protected":false},"featured_media":5425,"comment_status":"open","ping_status":"closed","template":"","meta":[],"product_brand":[],"product_cat":[703],"product_tag":[],"class_list":{"0":"post-5416","1":"product","2":"type-product","3":"status-publish","4":"has-post-thumbnail","6":"product_cat-pirkti-psichodelinius-vaistus","8":"first","9":"instock","10":"shipping-taxable","11":"purchasable","12":"product-type-variable","13":"has-default-attributes"},"yoast_head":"<!-- This site is optimized with the Yoast SEO plugin v27.3 - https:\/\/yoast.com\/product\/yoast-seo-wordpress\/ -->\n<title>Pirkite 50 mcg LSD tabletes internetu \u2013 geriausi pasaulyje vaistai<\/title>\n<meta name=\"description\" content=\"Tikros 50mcg LSD tablet\u0117s internetu \u2013 parduodamos 50mcg LSD tablet\u0117s | Pirkite LSD tabletes internetu | Parduodu pirkti 50mcg LSD tabletes| Pirkite pigias 50mcg LSD tabletes | Kur nusipirkti 50 mcg LSD table\u010di\u0173 internetu.\" \/>\n<meta name=\"robots\" content=\"index, follow, max-snippet:-1, max-image-preview:large, max-video-preview:-1\" \/>\n<link rel=\"canonical\" href=\"https:\/\/medicinasinc.com\/lt\/product\/pirkti-50mcg-lsd-tabletes-internetu\/\" \/>\n<meta property=\"og:locale\" content=\"en_US\" \/>\n<meta property=\"og:type\" content=\"article\" \/>\n<meta property=\"og:title\" content=\"Pirkite 50 mcg LSD tabletes internetu \u2013 geriausi pasaulyje vaistai\" \/>\n<meta property=\"og:description\" content=\"Tikros 50mcg LSD tablet\u0117s internetu \u2013 parduodamos 50mcg LSD tablet\u0117s | Pirkite LSD tabletes internetu | Parduodu pirkti 50mcg LSD tabletes| Pirkite pigias 50mcg LSD tabletes | Kur nusipirkti 50 mcg LSD table\u010di\u0173 internetu.\" \/>\n<meta property=\"og:url\" content=\"https:\/\/medicinasinc.com\/lt\/product\/pirkti-50mcg-lsd-tabletes-internetu\/\" \/>\n<meta property=\"og:site_name\" content=\"Medicinas Inc\" \/>\n<meta property=\"article:modified_time\" content=\"2022-03-20T12:17:44+00:00\" \/>\n<meta property=\"og:image\" content=\"https:\/\/medicinasinc.com\/lt\/wp-content\/uploads\/sites\/9\/2022\/02\/buy-50mcg-lsd-tablets-online.jpg\" \/>\n\t<meta property=\"og:image:width\" content=\"600\" \/>\n\t<meta property=\"og:image:height\" content=\"600\" \/>\n\t<meta property=\"og:image:type\" content=\"image\/jpeg\" \/>\n<meta name=\"twitter:card\" content=\"summary_large_image\" \/>\n<meta name=\"twitter:label1\" content=\"Est. reading time\" \/>\n\t<meta name=\"twitter:data1\" content=\"1 minute\" \/>\n<script type=\"application\/ld+json\" class=\"yoast-schema-graph\">{\"@context\":\"https:\\\/\\\/schema.org\",\"@graph\":[{\"@type\":\"WebPage\",\"@id\":\"https:\\\/\\\/medicinasinc.com\\\/lt\\\/product\\\/pirkti-50mcg-lsd-tabletes-internetu\\\/\",\"url\":\"https:\\\/\\\/medicinasinc.com\\\/lt\\\/product\\\/pirkti-50mcg-lsd-tabletes-internetu\\\/\",\"name\":\"Pirkite 50 mcg LSD tabletes internetu \u2013 geriausi pasaulyje vaistai\",\"isPartOf\":{\"@id\":\"https:\\\/\\\/medicinasinc.com\\\/lt\\\/#website\"},\"primaryImageOfPage\":{\"@id\":\"https:\\\/\\\/medicinasinc.com\\\/lt\\\/product\\\/pirkti-50mcg-lsd-tabletes-internetu\\\/#primaryimage\"},\"image\":{\"@id\":\"https:\\\/\\\/medicinasinc.com\\\/lt\\\/product\\\/pirkti-50mcg-lsd-tabletes-internetu\\\/#primaryimage\"},\"thumbnailUrl\":\"https:\\\/\\\/medicinasinc.com\\\/lt\\\/wp-content\\\/uploads\\\/sites\\\/9\\\/2022\\\/02\\\/buy-50mcg-lsd-tablets-online.jpg\",\"datePublished\":\"2022-02-21T22:57:03+00:00\",\"dateModified\":\"2022-03-20T12:17:44+00:00\",\"description\":\"Tikros 50mcg LSD tablet\u0117s internetu \u2013 parduodamos 50mcg LSD tablet\u0117s | Pirkite LSD tabletes internetu | Parduodu pirkti 50mcg LSD tabletes| Pirkite pigias 50mcg LSD tabletes | Kur nusipirkti 50 mcg LSD table\u010di\u0173 internetu.\",\"breadcrumb\":{\"@id\":\"https:\\\/\\\/medicinasinc.com\\\/lt\\\/product\\\/pirkti-50mcg-lsd-tabletes-internetu\\\/#breadcrumb\"},\"inLanguage\":\"en-US\",\"potentialAction\":[{\"@type\":\"ReadAction\",\"target\":[\"https:\\\/\\\/medicinasinc.com\\\/lt\\\/product\\\/pirkti-50mcg-lsd-tabletes-internetu\\\/\"]}]},{\"@type\":\"ImageObject\",\"inLanguage\":\"en-US\",\"@id\":\"https:\\\/\\\/medicinasinc.com\\\/lt\\\/product\\\/pirkti-50mcg-lsd-tabletes-internetu\\\/#primaryimage\",\"url\":\"https:\\\/\\\/medicinasinc.com\\\/lt\\\/wp-content\\\/uploads\\\/sites\\\/9\\\/2022\\\/02\\\/buy-50mcg-lsd-tablets-online.jpg\",\"contentUrl\":\"https:\\\/\\\/medicinasinc.com\\\/lt\\\/wp-content\\\/uploads\\\/sites\\\/9\\\/2022\\\/02\\\/buy-50mcg-lsd-tablets-online.jpg\",\"width\":600,\"height\":600},{\"@type\":\"BreadcrumbList\",\"@id\":\"https:\\\/\\\/medicinasinc.com\\\/lt\\\/product\\\/pirkti-50mcg-lsd-tabletes-internetu\\\/#breadcrumb\",\"itemListElement\":[{\"@type\":\"ListItem\",\"position\":1,\"name\":\"Parduotuv\u0117\",\"item\":\"https:\\\/\\\/medicinasinc.com\\\/lt\\\/parduotuve\\\/\"},{\"@type\":\"ListItem\",\"position\":2,\"name\":\"Pirkite 50mcg LSD tabletes internetu\"}]},{\"@type\":\"WebSite\",\"@id\":\"https:\\\/\\\/medicinasinc.com\\\/lt\\\/#website\",\"url\":\"https:\\\/\\\/medicinasinc.com\\\/lt\\\/\",\"name\":\"Medicinas Inc\",\"description\":\"Sveikatos medicinos klinika\",\"potentialAction\":[{\"@type\":\"SearchAction\",\"target\":{\"@type\":\"EntryPoint\",\"urlTemplate\":\"https:\\\/\\\/medicinasinc.com\\\/lt\\\/?s={search_term_string}\"},\"query-input\":{\"@type\":\"PropertyValueSpecification\",\"valueRequired\":true,\"valueName\":\"search_term_string\"}}],\"inLanguage\":\"en-US\"}]}<\/script>\n<!-- \/ Yoast SEO plugin. -->","yoast_head_json":{"title":"Pirkite 50 mcg LSD tabletes internetu \u2013 geriausi pasaulyje vaistai","description":"Tikros 50mcg LSD tablet\u0117s internetu \u2013 parduodamos 50mcg LSD tablet\u0117s | Pirkite LSD tabletes internetu | Parduodu pirkti 50mcg LSD tabletes| Pirkite pigias 50mcg LSD tabletes | Kur nusipirkti 50 mcg LSD table\u010di\u0173 internetu.","robots":{"index":"index","follow":"follow","max-snippet":"max-snippet:-1","max-image-preview":"max-image-preview:large","max-video-preview":"max-video-preview:-1"},"canonical":"https:\/\/medicinasinc.com\/lt\/product\/pirkti-50mcg-lsd-tabletes-internetu\/","og_locale":"en_US","og_type":"article","og_title":"Pirkite 50 mcg LSD tabletes internetu \u2013 geriausi pasaulyje vaistai","og_description":"Tikros 50mcg LSD tablet\u0117s internetu \u2013 parduodamos 50mcg LSD tablet\u0117s | Pirkite LSD tabletes internetu | Parduodu pirkti 50mcg LSD tabletes| Pirkite pigias 50mcg LSD tabletes | Kur nusipirkti 50 mcg LSD table\u010di\u0173 internetu.","og_url":"https:\/\/medicinasinc.com\/lt\/product\/pirkti-50mcg-lsd-tabletes-internetu\/","og_site_name":"Medicinas Inc","article_modified_time":"2022-03-20T12:17:44+00:00","og_image":[{"width":600,"height":600,"url":"https:\/\/medicinasinc.com\/lt\/wp-content\/uploads\/sites\/9\/2022\/02\/buy-50mcg-lsd-tablets-online.jpg","type":"image\/jpeg"}],"twitter_card":"summary_large_image","twitter_misc":{"Est. reading time":"1 minute"},"schema":{"@context":"https:\/\/schema.org","@graph":[{"@type":"WebPage","@id":"https:\/\/medicinasinc.com\/lt\/product\/pirkti-50mcg-lsd-tabletes-internetu\/","url":"https:\/\/medicinasinc.com\/lt\/product\/pirkti-50mcg-lsd-tabletes-internetu\/","name":"Pirkite 50 mcg LSD tabletes internetu \u2013 geriausi pasaulyje vaistai","isPartOf":{"@id":"https:\/\/medicinasinc.com\/lt\/#website"},"primaryImageOfPage":{"@id":"https:\/\/medicinasinc.com\/lt\/product\/pirkti-50mcg-lsd-tabletes-internetu\/#primaryimage"},"image":{"@id":"https:\/\/medicinasinc.com\/lt\/product\/pirkti-50mcg-lsd-tabletes-internetu\/#primaryimage"},"thumbnailUrl":"https:\/\/medicinasinc.com\/lt\/wp-content\/uploads\/sites\/9\/2022\/02\/buy-50mcg-lsd-tablets-online.jpg","datePublished":"2022-02-21T22:57:03+00:00","dateModified":"2022-03-20T12:17:44+00:00","description":"Tikros 50mcg LSD tablet\u0117s internetu \u2013 parduodamos 50mcg LSD tablet\u0117s | Pirkite LSD tabletes internetu | Parduodu pirkti 50mcg LSD tabletes| Pirkite pigias 50mcg LSD tabletes | Kur nusipirkti 50 mcg LSD table\u010di\u0173 internetu.","breadcrumb":{"@id":"https:\/\/medicinasinc.com\/lt\/product\/pirkti-50mcg-lsd-tabletes-internetu\/#breadcrumb"},"inLanguage":"en-US","potentialAction":[{"@type":"ReadAction","target":["https:\/\/medicinasinc.com\/lt\/product\/pirkti-50mcg-lsd-tabletes-internetu\/"]}]},{"@type":"ImageObject","inLanguage":"en-US","@id":"https:\/\/medicinasinc.com\/lt\/product\/pirkti-50mcg-lsd-tabletes-internetu\/#primaryimage","url":"https:\/\/medicinasinc.com\/lt\/wp-content\/uploads\/sites\/9\/2022\/02\/buy-50mcg-lsd-tablets-online.jpg","contentUrl":"https:\/\/medicinasinc.com\/lt\/wp-content\/uploads\/sites\/9\/2022\/02\/buy-50mcg-lsd-tablets-online.jpg","width":600,"height":600},{"@type":"BreadcrumbList","@id":"https:\/\/medicinasinc.com\/lt\/product\/pirkti-50mcg-lsd-tabletes-internetu\/#breadcrumb","itemListElement":[{"@type":"ListItem","position":1,"name":"Parduotuv\u0117","item":"https:\/\/medicinasinc.com\/lt\/parduotuve\/"},{"@type":"ListItem","position":2,"name":"Pirkite 50mcg LSD tabletes internetu"}]},{"@type":"WebSite","@id":"https:\/\/medicinasinc.com\/lt\/#website","url":"https:\/\/medicinasinc.com\/lt\/","name":"Medicinas Inc","description":"Sveikatos medicinos klinika","potentialAction":[{"@type":"SearchAction","target":{"@type":"EntryPoint","urlTemplate":"https:\/\/medicinasinc.com\/lt\/?s={search_term_string}"},"query-input":{"@type":"PropertyValueSpecification","valueRequired":true,"valueName":"search_term_string"}}],"inLanguage":"en-US"}]}},"_links":{"self":[{"href":"https:\/\/medicinasinc.com\/lt\/wp-json\/wp\/v2\/product\/5416","targetHints":{"allow":["GET"]}}],"collection":[{"href":"https:\/\/medicinasinc.com\/lt\/wp-json\/wp\/v2\/product"}],"about":[{"href":"https:\/\/medicinasinc.com\/lt\/wp-json\/wp\/v2\/types\/product"}],"replies":[{"embeddable":true,"href":"https:\/\/medicinasinc.com\/lt\/wp-json\/wp\/v2\/comments?post=5416"}],"wp:featuredmedia":[{"embeddable":true,"href":"https:\/\/medicinasinc.com\/lt\/wp-json\/wp\/v2\/media\/5425"}],"wp:attachment":[{"href":"https:\/\/medicinasinc.com\/lt\/wp-json\/wp\/v2\/media?parent=5416"}],"wp:term":[{"taxonomy":"product_brand","embeddable":true,"href":"https:\/\/medicinasinc.com\/lt\/wp-json\/wp\/v2\/product_brand?post=5416"},{"taxonomy":"product_cat","embeddable":true,"href":"https:\/\/medicinasinc.com\/lt\/wp-json\/wp\/v2\/product_cat?post=5416"},{"taxonomy":"product_tag","embeddable":true,"href":"https:\/\/medicinasinc.com\/lt\/wp-json\/wp\/v2\/product_tag?post=5416"}],"curies":[{"name":"wp","href":"https:\/\/api.w.org\/{rel}","templated":true}]}}