{"id":5390,"date":"2022-02-21T22:27:36","date_gmt":"2022-02-21T22:27:36","guid":{"rendered":"https:\/\/medicinasinc.com\/lt\/?post_type=product&#038;p=5390"},"modified":"2022-03-20T12:17:53","modified_gmt":"2022-03-20T12:17:53","slug":"pirkti-5-metoksimetilono-milteliai-internetu","status":"publish","type":"product","link":"https:\/\/medicinasinc.com\/lt\/product\/pirkti-5-metoksimetilono-milteliai-internetu\/","title":{"rendered":"Pirkite 5-metoksimetilono miltelius internetu"},"content":{"rendered":"<p>Pirkite 5-metoksimetilono miltelius internetu.<\/p>\n<p>Katinono pagrindu sukurtas i\u0161skirtinis vaistas 2-A1MP arba 5-metoksimetilono milteliai yra cheminis junginys, kuris buvo si\u016blomas internete kaip i\u0161skirtinis vaistas. 5-metoksi-MDMA yra \u0161io vaisto beta-ketono forma. Atrodo, kad molekulin\u0117 strukt\u016bra n\u0117ra susijusi su pla\u010diau paplitusiu pavadinimu 2-AIMP\/2-A1MP. Metoksi grup\u0117s prid\u0117jimas prie 5-ojo aromatinio \u017eiedo anglies atomo i\u0161skiria dvi molekules nuo metilono. \u012esigykite 5-metoksimetilono miltelius. \u0160io junginio toksi\u0161kumas vis dar neai\u0161kus. Pirkite 5-metoksimetilon\u0105 internetu.<\/p>\n<p>Gatv\u0117s pavadinimu 2-A1MP 5-metoksimetilonas Vengrijoje klasifikuojamas kaip kontroliuojama med\u017eiaga.<\/p>\n<p>\u012esigykite 5-metoksimetilon\u0105.<\/p>\n<p>Taip pat \u017er.<br \/> Lofofinas<br \/> 5-metiletilonas<br \/> 5-metil-MDA<br \/> Pirkite BK-MMDMA miltelius internetu<\/p>\n<div class=\"product- next-previous\">\n<div class=\"product-prev\"><\/div><\/div>\n","protected":false},"excerpt":{"rendered":"<div class=\"woocommerce-product-details__short-description\">\n<p>Pirkite 5-metoksimetilono, pirkite 5-metoksimetilono miltelius internetu. Tikras 5-metoksimetilonas internetu \u2013 parduodamas 5-metoksimetilonas | Pirkite 5-metoksimetilon\u0105 internetu | Parduodu 5-metoksimetilono miltelius | Pirkite pigius 5-metoksimetilono miltelius | Kur \u012fsigyti 5-metoksimetilono milteli\u0173 internetu.<\/p>\n<\/p><\/div>\n","protected":false},"featured_media":5402,"comment_status":"open","ping_status":"closed","template":"","meta":[],"product_brand":[],"product_cat":[2014],"product_tag":[],"class_list":{"0":"post-5390","1":"product","2":"type-product","3":"status-publish","4":"has-post-thumbnail","6":"product_cat-pirkti-tyrineti-chemikalai","8":"first","9":"instock","10":"shipping-taxable","11":"purchasable","12":"product-type-variable","13":"has-default-attributes"},"yoast_head":"<!-- This site is optimized with the Yoast SEO plugin v27.3 - https:\/\/yoast.com\/product\/yoast-seo-wordpress\/ -->\n<title>Pirkite 5-metoksimetilono miltelius internetu \u2013 geriausius pasaulinius vaistus<\/title>\n<meta name=\"description\" content=\"Pirkite 5-Methoxymethyl One, pirkite 5-metoksimetilono miltelius internetu. Tikras 5-metoksimetilonas internetu \u2013 parduodamas 5-metoksimetilonas | Pirkite 5-metoksimetilon\u0105 internetu | Parduodu 5-metoksimetilono miltelius | Pirkite pigius 5-metoksimetilono miltelius | Kur \u012fsigyti 5-metoksimetilono milteli\u0173 internetu.\" \/>\n<meta name=\"robots\" content=\"index, follow, max-snippet:-1, max-image-preview:large, max-video-preview:-1\" \/>\n<link rel=\"canonical\" href=\"https:\/\/medicinasinc.com\/lt\/product\/pirkti-5-metoksimetilono-milteliai-internetu\/\" \/>\n<meta property=\"og:locale\" content=\"en_US\" \/>\n<meta property=\"og:type\" content=\"article\" \/>\n<meta property=\"og:title\" content=\"Pirkite 5-metoksimetilono miltelius internetu \u2013 geriausius pasaulinius vaistus\" \/>\n<meta property=\"og:description\" content=\"Pirkite 5-Methoxymethyl One, pirkite 5-metoksimetilono miltelius internetu. Tikras 5-metoksimetilonas internetu \u2013 parduodamas 5-metoksimetilonas | Pirkite 5-metoksimetilon\u0105 internetu | Parduodu 5-metoksimetilono miltelius | Pirkite pigius 5-metoksimetilono miltelius | Kur \u012fsigyti 5-metoksimetilono milteli\u0173 internetu.\" \/>\n<meta property=\"og:url\" content=\"https:\/\/medicinasinc.com\/lt\/product\/pirkti-5-metoksimetilono-milteliai-internetu\/\" \/>\n<meta property=\"og:site_name\" content=\"Medicinas Inc\" \/>\n<meta property=\"article:modified_time\" content=\"2022-03-20T12:17:53+00:00\" \/>\n<meta property=\"og:image\" content=\"https:\/\/medicinasinc.com\/lt\/wp-content\/uploads\/sites\/9\/2022\/02\/buy-5-methoxymethylone-powder-online.jpg\" \/>\n\t<meta property=\"og:image:width\" content=\"600\" \/>\n\t<meta property=\"og:image:height\" content=\"600\" \/>\n\t<meta property=\"og:image:type\" content=\"image\/jpeg\" \/>\n<meta name=\"twitter:card\" content=\"summary_large_image\" \/>\n<meta name=\"twitter:label1\" content=\"Est. reading time\" \/>\n\t<meta name=\"twitter:data1\" content=\"1 minute\" \/>\n<script type=\"application\/ld+json\" class=\"yoast-schema-graph\">{\"@context\":\"https:\\\/\\\/schema.org\",\"@graph\":[{\"@type\":\"WebPage\",\"@id\":\"https:\\\/\\\/medicinasinc.com\\\/lt\\\/product\\\/pirkti-5-metoksimetilono-milteliai-internetu\\\/\",\"url\":\"https:\\\/\\\/medicinasinc.com\\\/lt\\\/product\\\/pirkti-5-metoksimetilono-milteliai-internetu\\\/\",\"name\":\"Pirkite 5-metoksimetilono miltelius internetu \u2013 geriausius pasaulinius vaistus\",\"isPartOf\":{\"@id\":\"https:\\\/\\\/medicinasinc.com\\\/lt\\\/#website\"},\"primaryImageOfPage\":{\"@id\":\"https:\\\/\\\/medicinasinc.com\\\/lt\\\/product\\\/pirkti-5-metoksimetilono-milteliai-internetu\\\/#primaryimage\"},\"image\":{\"@id\":\"https:\\\/\\\/medicinasinc.com\\\/lt\\\/product\\\/pirkti-5-metoksimetilono-milteliai-internetu\\\/#primaryimage\"},\"thumbnailUrl\":\"https:\\\/\\\/medicinasinc.com\\\/lt\\\/wp-content\\\/uploads\\\/sites\\\/9\\\/2022\\\/02\\\/buy-5-methoxymethylone-powder-online.jpg\",\"datePublished\":\"2022-02-21T22:27:36+00:00\",\"dateModified\":\"2022-03-20T12:17:53+00:00\",\"description\":\"Pirkite 5-Methoxymethyl One, pirkite 5-metoksimetilono miltelius internetu. Tikras 5-metoksimetilonas internetu \u2013 parduodamas 5-metoksimetilonas | Pirkite 5-metoksimetilon\u0105 internetu | Parduodu 5-metoksimetilono miltelius | Pirkite pigius 5-metoksimetilono miltelius | Kur \u012fsigyti 5-metoksimetilono milteli\u0173 internetu.\",\"breadcrumb\":{\"@id\":\"https:\\\/\\\/medicinasinc.com\\\/lt\\\/product\\\/pirkti-5-metoksimetilono-milteliai-internetu\\\/#breadcrumb\"},\"inLanguage\":\"en-US\",\"potentialAction\":[{\"@type\":\"ReadAction\",\"target\":[\"https:\\\/\\\/medicinasinc.com\\\/lt\\\/product\\\/pirkti-5-metoksimetilono-milteliai-internetu\\\/\"]}]},{\"@type\":\"ImageObject\",\"inLanguage\":\"en-US\",\"@id\":\"https:\\\/\\\/medicinasinc.com\\\/lt\\\/product\\\/pirkti-5-metoksimetilono-milteliai-internetu\\\/#primaryimage\",\"url\":\"https:\\\/\\\/medicinasinc.com\\\/lt\\\/wp-content\\\/uploads\\\/sites\\\/9\\\/2022\\\/02\\\/buy-5-methoxymethylone-powder-online.jpg\",\"contentUrl\":\"https:\\\/\\\/medicinasinc.com\\\/lt\\\/wp-content\\\/uploads\\\/sites\\\/9\\\/2022\\\/02\\\/buy-5-methoxymethylone-powder-online.jpg\",\"width\":600,\"height\":600},{\"@type\":\"BreadcrumbList\",\"@id\":\"https:\\\/\\\/medicinasinc.com\\\/lt\\\/product\\\/pirkti-5-metoksimetilono-milteliai-internetu\\\/#breadcrumb\",\"itemListElement\":[{\"@type\":\"ListItem\",\"position\":1,\"name\":\"Parduotuv\u0117\",\"item\":\"https:\\\/\\\/medicinasinc.com\\\/lt\\\/parduotuve\\\/\"},{\"@type\":\"ListItem\",\"position\":2,\"name\":\"Pirkite 5-metoksimetilono miltelius internetu\"}]},{\"@type\":\"WebSite\",\"@id\":\"https:\\\/\\\/medicinasinc.com\\\/lt\\\/#website\",\"url\":\"https:\\\/\\\/medicinasinc.com\\\/lt\\\/\",\"name\":\"Medicinas Inc\",\"description\":\"Sveikatos medicinos klinika\",\"potentialAction\":[{\"@type\":\"SearchAction\",\"target\":{\"@type\":\"EntryPoint\",\"urlTemplate\":\"https:\\\/\\\/medicinasinc.com\\\/lt\\\/?s={search_term_string}\"},\"query-input\":{\"@type\":\"PropertyValueSpecification\",\"valueRequired\":true,\"valueName\":\"search_term_string\"}}],\"inLanguage\":\"en-US\"}]}<\/script>\n<!-- \/ Yoast SEO plugin. -->","yoast_head_json":{"title":"Pirkite 5-metoksimetilono miltelius internetu \u2013 geriausius pasaulinius vaistus","description":"Pirkite 5-Methoxymethyl One, pirkite 5-metoksimetilono miltelius internetu. Tikras 5-metoksimetilonas internetu \u2013 parduodamas 5-metoksimetilonas | Pirkite 5-metoksimetilon\u0105 internetu | Parduodu 5-metoksimetilono miltelius | Pirkite pigius 5-metoksimetilono miltelius | Kur \u012fsigyti 5-metoksimetilono milteli\u0173 internetu.","robots":{"index":"index","follow":"follow","max-snippet":"max-snippet:-1","max-image-preview":"max-image-preview:large","max-video-preview":"max-video-preview:-1"},"canonical":"https:\/\/medicinasinc.com\/lt\/product\/pirkti-5-metoksimetilono-milteliai-internetu\/","og_locale":"en_US","og_type":"article","og_title":"Pirkite 5-metoksimetilono miltelius internetu \u2013 geriausius pasaulinius vaistus","og_description":"Pirkite 5-Methoxymethyl One, pirkite 5-metoksimetilono miltelius internetu. Tikras 5-metoksimetilonas internetu \u2013 parduodamas 5-metoksimetilonas | Pirkite 5-metoksimetilon\u0105 internetu | Parduodu 5-metoksimetilono miltelius | Pirkite pigius 5-metoksimetilono miltelius | Kur \u012fsigyti 5-metoksimetilono milteli\u0173 internetu.","og_url":"https:\/\/medicinasinc.com\/lt\/product\/pirkti-5-metoksimetilono-milteliai-internetu\/","og_site_name":"Medicinas Inc","article_modified_time":"2022-03-20T12:17:53+00:00","og_image":[{"width":600,"height":600,"url":"https:\/\/medicinasinc.com\/lt\/wp-content\/uploads\/sites\/9\/2022\/02\/buy-5-methoxymethylone-powder-online.jpg","type":"image\/jpeg"}],"twitter_card":"summary_large_image","twitter_misc":{"Est. reading time":"1 minute"},"schema":{"@context":"https:\/\/schema.org","@graph":[{"@type":"WebPage","@id":"https:\/\/medicinasinc.com\/lt\/product\/pirkti-5-metoksimetilono-milteliai-internetu\/","url":"https:\/\/medicinasinc.com\/lt\/product\/pirkti-5-metoksimetilono-milteliai-internetu\/","name":"Pirkite 5-metoksimetilono miltelius internetu \u2013 geriausius pasaulinius vaistus","isPartOf":{"@id":"https:\/\/medicinasinc.com\/lt\/#website"},"primaryImageOfPage":{"@id":"https:\/\/medicinasinc.com\/lt\/product\/pirkti-5-metoksimetilono-milteliai-internetu\/#primaryimage"},"image":{"@id":"https:\/\/medicinasinc.com\/lt\/product\/pirkti-5-metoksimetilono-milteliai-internetu\/#primaryimage"},"thumbnailUrl":"https:\/\/medicinasinc.com\/lt\/wp-content\/uploads\/sites\/9\/2022\/02\/buy-5-methoxymethylone-powder-online.jpg","datePublished":"2022-02-21T22:27:36+00:00","dateModified":"2022-03-20T12:17:53+00:00","description":"Pirkite 5-Methoxymethyl One, pirkite 5-metoksimetilono miltelius internetu. Tikras 5-metoksimetilonas internetu \u2013 parduodamas 5-metoksimetilonas | Pirkite 5-metoksimetilon\u0105 internetu | Parduodu 5-metoksimetilono miltelius | Pirkite pigius 5-metoksimetilono miltelius | Kur \u012fsigyti 5-metoksimetilono milteli\u0173 internetu.","breadcrumb":{"@id":"https:\/\/medicinasinc.com\/lt\/product\/pirkti-5-metoksimetilono-milteliai-internetu\/#breadcrumb"},"inLanguage":"en-US","potentialAction":[{"@type":"ReadAction","target":["https:\/\/medicinasinc.com\/lt\/product\/pirkti-5-metoksimetilono-milteliai-internetu\/"]}]},{"@type":"ImageObject","inLanguage":"en-US","@id":"https:\/\/medicinasinc.com\/lt\/product\/pirkti-5-metoksimetilono-milteliai-internetu\/#primaryimage","url":"https:\/\/medicinasinc.com\/lt\/wp-content\/uploads\/sites\/9\/2022\/02\/buy-5-methoxymethylone-powder-online.jpg","contentUrl":"https:\/\/medicinasinc.com\/lt\/wp-content\/uploads\/sites\/9\/2022\/02\/buy-5-methoxymethylone-powder-online.jpg","width":600,"height":600},{"@type":"BreadcrumbList","@id":"https:\/\/medicinasinc.com\/lt\/product\/pirkti-5-metoksimetilono-milteliai-internetu\/#breadcrumb","itemListElement":[{"@type":"ListItem","position":1,"name":"Parduotuv\u0117","item":"https:\/\/medicinasinc.com\/lt\/parduotuve\/"},{"@type":"ListItem","position":2,"name":"Pirkite 5-metoksimetilono miltelius internetu"}]},{"@type":"WebSite","@id":"https:\/\/medicinasinc.com\/lt\/#website","url":"https:\/\/medicinasinc.com\/lt\/","name":"Medicinas Inc","description":"Sveikatos medicinos klinika","potentialAction":[{"@type":"SearchAction","target":{"@type":"EntryPoint","urlTemplate":"https:\/\/medicinasinc.com\/lt\/?s={search_term_string}"},"query-input":{"@type":"PropertyValueSpecification","valueRequired":true,"valueName":"search_term_string"}}],"inLanguage":"en-US"}]}},"_links":{"self":[{"href":"https:\/\/medicinasinc.com\/lt\/wp-json\/wp\/v2\/product\/5390","targetHints":{"allow":["GET"]}}],"collection":[{"href":"https:\/\/medicinasinc.com\/lt\/wp-json\/wp\/v2\/product"}],"about":[{"href":"https:\/\/medicinasinc.com\/lt\/wp-json\/wp\/v2\/types\/product"}],"replies":[{"embeddable":true,"href":"https:\/\/medicinasinc.com\/lt\/wp-json\/wp\/v2\/comments?post=5390"}],"wp:featuredmedia":[{"embeddable":true,"href":"https:\/\/medicinasinc.com\/lt\/wp-json\/wp\/v2\/media\/5402"}],"wp:attachment":[{"href":"https:\/\/medicinasinc.com\/lt\/wp-json\/wp\/v2\/media?parent=5390"}],"wp:term":[{"taxonomy":"product_brand","embeddable":true,"href":"https:\/\/medicinasinc.com\/lt\/wp-json\/wp\/v2\/product_brand?post=5390"},{"taxonomy":"product_cat","embeddable":true,"href":"https:\/\/medicinasinc.com\/lt\/wp-json\/wp\/v2\/product_cat?post=5390"},{"taxonomy":"product_tag","embeddable":true,"href":"https:\/\/medicinasinc.com\/lt\/wp-json\/wp\/v2\/product_tag?post=5390"}],"curies":[{"name":"wp","href":"https:\/\/api.w.org\/{rel}","templated":true}]}}