{"id":5389,"date":"2022-02-21T22:26:02","date_gmt":"2022-02-21T22:26:02","guid":{"rendered":"https:\/\/medicinasinc.com\/lt\/?post_type=product&#038;p=5389"},"modified":"2022-03-20T12:18:02","modified_gmt":"2022-03-20T12:18:02","slug":"pirkti-5-mapb-milteliai-kristalas","status":"publish","type":"product","link":"https:\/\/medicinasinc.com\/lt\/product\/pirkti-5-mapb-milteliai-kristalas\/","title":{"rendered":"Pirkite 5-MAPB miltelius ir amp; Kristalas"},"content":{"rendered":"<p>Jums reikia 5-mapb-crystal ir norite j\u012f nusipirkti u\u017e priimtin\u0105 kain\u0105? Tada galite apsilankyti m\u016bs\u0173 internetin\u0117je chemini\u0173 med\u017eiag\u0173 parduotuv\u0117je jau dabar. Naudodami Bestglobalmed.com galite \u012fsigyti 5-mapb-crystal internetu u\u017e prieinam\u0105 kain\u0105. M\u016bs\u0173 internetin\u0117je chemijos parduotuv\u0117je esame gerai \u017einomi pardav\u0117jai ir tiek\u0117jai, kurie visada yra j\u016bs\u0173 paslaugoms. U\u017esisakykite\u00a05-mapb-crystal\u00a0\u0161iandien!<\/p>\n<p>5-mapb-crystal yra kristal\u0173 tipas.<\/p>\n<p>Strukt\u016bra ir poveikis 5-MAPB (1-(benzofuran-5-il) )-N-metilpropan-2-aminas) yra pana\u0161us \u012f MDMA \u2013 sintetin\u012f entaktogen\u0105. 5&#8242;-(2-metilaminopropil)benzofuranas yra sintetinis entaktogenas, priklausantis benzopakeist\u0173 chemijos grupei (sutrumpintai 5-MAPB).<\/p>\n<p>Kaip 5-mapb-kristalas veikia organizm\u0105?<\/p>\n<p>5-mapb-kristalas turi euforin\u012f, entaktogenin\u012f, stimuliuojant\u012f ir vidutini\u0161kai psichodelin\u012f poveik\u012f \u017emogaus organizmui, kai vartojamas per burn\u0105.<\/p>\n<p>5 MAPB kristalas yra \u017einomas kaip dar?<\/p>\n<p>5 MAPB kristalas taip pat \u017einomas kaip 5-MAPB.<\/p>\n<p>Kaip apib\u016bdintum\u0117te 5 MAPB kristal\u0105?<\/p>\n<p>Chemi\u0161kai 5 MAPB kristalas yra benzofurano (amfetamino) molekul\u0117. <\/p>\n<p>Kaip gal\u0117\u010diau gauti 5-mapb-kristal\u0105?<\/p>\n<p>Galite gauti 5-mapb-kristalus i\u0161 m\u016bs\u0173 oficialios svetain\u0117s ir pristatyti juos nurodytu adresu per trump\u0105 laik\u0105. kelios dienos. Tik JAV, Jungtin\u0117je Karalyst\u0117je, Kanadoje, Vokietijoje ir Australijoje dirbame su 5-mapb-kristalu. Prisijunkite dabar!<\/p>\n<p>Esame geriausias auk\u0161tos kokyb\u0117s chemini\u0173 med\u017eiag\u0173 tiek\u0117jas ir platintojas u\u017e priimtin\u0105 kain\u0105. Dirbdami su m\u016bs\u0173 ekspert\u0173 komanda klientai gali jaustis patogiai. D\u0117l to jie gali i\u0161laikyti pakankam\u0105 pasi\u016bl\u0105 ir gauti pristatym\u0105 laiku, kad patenkint\u0173 savo poreikius. Klientai mus myli ir gerbia, nes si\u016blome auk\u0161tos kokyb\u0117s produktus u\u017e priimtin\u0105 kain\u0105 ir puik\u0173 klient\u0173 aptarnavim\u0105. Patenkinti ar vir\u0161yti J\u016bs\u0173 l\u016bkes\u010dius yra ne tik m\u016bs\u0173 pareiga, bet ir m\u016bs\u0173 pareiga. Prie\u0161 perkant mdpt, jums nereikia kreiptis \u012f gydytoj\u0105.<\/p>\n<p>Mes atliekame auk\u0161\u010diau ir auk\u0161\u010diau, kad \u012fsitikintume, jog klientas yra visi\u0161kai patenkintas. Siekti savo produkt\u0173 ir paslaug\u0173 pasaulin\u0117s reputacijos rei\u0161kia kain\u0173 nustatym\u0105 pagal pramon\u0117s normas.<\/p>\n<p>Be to, mes si\u016blome vienod\u0105 d\u0117mes\u012f visiems j\u016bs\u0173 u\u017esakymams, nepaisant j\u0173 dyd\u017eio ar ma\u017eo dyd\u017eio, ir mes siekiame kad j\u016bs\u0173 u\u017esakymas b\u016bt\u0173 i\u0161si\u0173stas kuo grei\u010diau.<\/p>\n<p>U\u017ebaig\u0119 pirkim\u0105, esame \u012fsitikin\u0119, kad nenusivilsite. Siekdami u\u017etikrinti auk\u0161\u010diausi\u0105 \u012fmanom\u0105 kokyb\u0117s lyg\u012f, naudojame tik tas med\u017eiagas, kurios buvo \u012fsigytos i\u0161 geriausi\u0173 \u012fmanom\u0173 \u0161altini\u0173. Produkto pakuot\u0119 gausite atskiroje pakuot\u0117je.<\/p>\n<p>D\u0117l m\u016bs\u0173 turim\u0173 \u017eini\u0173 gal\u0117jome tvirtai \u012fsitvirtinti chemijos tyrim\u0173 rinkoje. B\u016bdami pirmaujanti mokslini\u0173 tyrim\u0173 chemini\u0173 med\u017eiag\u0173 tiek\u0117ja, tikime ilgalaiki\u0173 santyki\u0173 su klientais k\u016brimu, pagr\u012fstu pasitik\u0117jimu.<\/p>\n","protected":false},"excerpt":{"rendered":"<p>Galite \u012fsigyti\u00a05-MAPB miltelini\u0173 kristal\u0173 i\u0161 Bestglobalmedics.com u\u017e priimtin\u0105 kain\u0105, taip pat parduoti 5-MAPB tyrim\u0173 chemini\u0173 med\u017eiag\u0173. Chemi\u0161kai \u017einomas kaip 1-(benzofuran-5-il), 5-MAPB yra sintetinis entaktogenas, kurio poveikis ir savyb\u0117s yra labai pana\u0161\u016bs \u012f MDMA.<\/p>\n<p>5-MAPB milteliai ir amp; Crystal 1 oz. galima \u012fsigyti. Rekomenduojama 100\u2013200 miligram\u0173 5-MAPB, milteli\u0173, pana\u0161i\u0173 \u012f MDMA, doz\u0117.<\/p>\n<p>\u012esigykite Crystal 5-MAPB Jei ie\u0161kote 5-MAPB kristalo u\u017e ger\u0105 kain\u0105. , neziurek i prieki. Tada nedelsdami susisiekite su m\u016bs\u0173 chemijos parduotuve internetu.<\/p>\n","protected":false},"featured_media":5400,"comment_status":"open","ping_status":"closed","template":"","meta":[],"product_brand":[],"product_cat":[2014],"product_tag":[2569,2585,2582,2573,2580,2579,2574,2575,2581,2578,2571,2572,2577,2583,2589,2594,2595,2584,2570,2576,2590,2587,2588,2586,2592,2591,2593],"class_list":{"0":"post-5389","1":"product","2":"type-product","3":"status-publish","4":"has-post-thumbnail","6":"product_cat-pirkti-tyrineti-chemikalai","7":"product_tag-5-emlapiai","8":"product_tag-5-emlapi-apvalga","9":"product_tag-5-mapb-reddit","10":"product_tag-5-mapb-milteliai-australija","11":"product_tag-5-mapb-powder-usa","12":"product_tag-5-mapb-milteliai-uk","13":"product_tag-5-mapb-milteliai-kanada","14":"product_tag-5-mapb-milteli-dozavimas","15":"product_tag-5-mapb-milteli-pardavjas","16":"product_tag-5-mapb-milteli-tiekjas","17":"product_tag-5-mapb-parduodama-internete","18":"product_tag-5-mapb-powder","19":"product_tag-5-mapb-powder-review","20":"product_tag-5-mapb-research-chemicals","21":"product_tag-buy-5-mapb-research-chemicals","22":"product_tag-gryni-5-mapb-milteliai","23":"product_tag-kur-pirkti-5-mapb","24":"product_tag-5-mapb-research-chemicals-for-sleep","25":"product_tag-parduodamas-5-emlapis","26":"product_tag-5-mapb-milteliai-parduodami","27":"product_tag-pa-c5-a1tas-5-mapb","28":"product_tag-pirkti-5-mapb-online","29":"product_tag-pirkti-5-mapb-milteliai-internete","30":"product_tag-pirkti-5-mapb","31":"product_tag-u-c5-besisakyti-5-mapb-online","32":"product_tag-order-5-mapb","33":"product_tag-order-5-mapb-milteliai","35":"first","36":"instock","37":"shipping-taxable","38":"purchasable","39":"product-type-variable","40":"has-default-attributes"},"yoast_head":"<!-- This site is optimized with the Yoast SEO plugin v27.3 - https:\/\/yoast.com\/product\/yoast-seo-wordpress\/ -->\n<title>Pirkite 5-MAPB miltelius ir amp; Crystal \u2013 geriausi pasaulio vaistai<\/title>\n<meta name=\"description\" content=\"Pirkite 5-MAPB milteli\u0173 kristal\u0105 internetu, 5-MAPB tyrim\u0173 chemines med\u017eiagas pardavimui, u\u017esisakykite 5-MAPB Crystal JAV, JK u\u017e prieinam\u0105 kain\u0105 i\u0161 Bestglobalmeds.com. 5-MAPB (1-(benzofuran-5-il)-N-metilpropan-2-aminas) yra entaktogeninis dizaineri\u0173 sukurtas vaistas, pana\u0161us \u012f MDMA savo strukt\u016bra ir poveikiu.\" \/>\n<meta name=\"robots\" content=\"index, follow, max-snippet:-1, max-image-preview:large, max-video-preview:-1\" \/>\n<link rel=\"canonical\" href=\"https:\/\/medicinasinc.com\/lt\/product\/pirkti-5-mapb-milteliai-kristalas\/\" \/>\n<meta property=\"og:locale\" content=\"en_US\" \/>\n<meta property=\"og:type\" content=\"article\" \/>\n<meta property=\"og:title\" content=\"Pirkite 5-MAPB miltelius ir amp; Crystal \u2013 geriausi pasaulio vaistai\" \/>\n<meta property=\"og:description\" content=\"Pirkite 5-MAPB milteli\u0173 kristal\u0105 internetu, 5-MAPB tyrim\u0173 chemines med\u017eiagas pardavimui, u\u017esisakykite 5-MAPB Crystal JAV, JK u\u017e prieinam\u0105 kain\u0105 i\u0161 Bestglobalmeds.com. 5-MAPB (1-(benzofuran-5-il)-N-metilpropan-2-aminas) yra entaktogeninis dizaineri\u0173 sukurtas vaistas, pana\u0161us \u012f MDMA savo strukt\u016bra ir poveikiu.\" \/>\n<meta property=\"og:url\" content=\"https:\/\/medicinasinc.com\/lt\/product\/pirkti-5-mapb-milteliai-kristalas\/\" \/>\n<meta property=\"og:site_name\" content=\"Medicinas Inc\" \/>\n<meta property=\"article:modified_time\" content=\"2022-03-20T12:18:02+00:00\" \/>\n<meta property=\"og:image\" content=\"https:\/\/medicinasinc.com\/lt\/wp-content\/uploads\/sites\/9\/2022\/02\/Buy-5-MAPB-Powder-Crystal.jpg\" \/>\n\t<meta property=\"og:image:width\" content=\"600\" \/>\n\t<meta property=\"og:image:height\" content=\"488\" \/>\n\t<meta property=\"og:image:type\" content=\"image\/jpeg\" \/>\n<meta name=\"twitter:card\" content=\"summary_large_image\" \/>\n<meta name=\"twitter:label1\" content=\"Est. reading time\" \/>\n\t<meta name=\"twitter:data1\" content=\"2 minutes\" \/>\n<script type=\"application\/ld+json\" class=\"yoast-schema-graph\">{\"@context\":\"https:\\\/\\\/schema.org\",\"@graph\":[{\"@type\":\"WebPage\",\"@id\":\"https:\\\/\\\/medicinasinc.com\\\/lt\\\/product\\\/pirkti-5-mapb-milteliai-kristalas\\\/\",\"url\":\"https:\\\/\\\/medicinasinc.com\\\/lt\\\/product\\\/pirkti-5-mapb-milteliai-kristalas\\\/\",\"name\":\"Pirkite 5-MAPB miltelius ir amp; Crystal \u2013 geriausi pasaulio vaistai\",\"isPartOf\":{\"@id\":\"https:\\\/\\\/medicinasinc.com\\\/lt\\\/#website\"},\"primaryImageOfPage\":{\"@id\":\"https:\\\/\\\/medicinasinc.com\\\/lt\\\/product\\\/pirkti-5-mapb-milteliai-kristalas\\\/#primaryimage\"},\"image\":{\"@id\":\"https:\\\/\\\/medicinasinc.com\\\/lt\\\/product\\\/pirkti-5-mapb-milteliai-kristalas\\\/#primaryimage\"},\"thumbnailUrl\":\"https:\\\/\\\/medicinasinc.com\\\/lt\\\/wp-content\\\/uploads\\\/sites\\\/9\\\/2022\\\/02\\\/Buy-5-MAPB-Powder-Crystal.jpg\",\"datePublished\":\"2022-02-21T22:26:02+00:00\",\"dateModified\":\"2022-03-20T12:18:02+00:00\",\"description\":\"Pirkite 5-MAPB milteli\u0173 kristal\u0105 internetu, 5-MAPB tyrim\u0173 chemines med\u017eiagas pardavimui, u\u017esisakykite 5-MAPB Crystal JAV, JK u\u017e prieinam\u0105 kain\u0105 i\u0161 Bestglobalmeds.com. 5-MAPB (1-(benzofuran-5-il)-N-metilpropan-2-aminas) yra entaktogeninis dizaineri\u0173 sukurtas vaistas, pana\u0161us \u012f MDMA savo strukt\u016bra ir poveikiu.\",\"breadcrumb\":{\"@id\":\"https:\\\/\\\/medicinasinc.com\\\/lt\\\/product\\\/pirkti-5-mapb-milteliai-kristalas\\\/#breadcrumb\"},\"inLanguage\":\"en-US\",\"potentialAction\":[{\"@type\":\"ReadAction\",\"target\":[\"https:\\\/\\\/medicinasinc.com\\\/lt\\\/product\\\/pirkti-5-mapb-milteliai-kristalas\\\/\"]}]},{\"@type\":\"ImageObject\",\"inLanguage\":\"en-US\",\"@id\":\"https:\\\/\\\/medicinasinc.com\\\/lt\\\/product\\\/pirkti-5-mapb-milteliai-kristalas\\\/#primaryimage\",\"url\":\"https:\\\/\\\/medicinasinc.com\\\/lt\\\/wp-content\\\/uploads\\\/sites\\\/9\\\/2022\\\/02\\\/Buy-5-MAPB-Powder-Crystal.jpg\",\"contentUrl\":\"https:\\\/\\\/medicinasinc.com\\\/lt\\\/wp-content\\\/uploads\\\/sites\\\/9\\\/2022\\\/02\\\/Buy-5-MAPB-Powder-Crystal.jpg\",\"width\":600,\"height\":488},{\"@type\":\"BreadcrumbList\",\"@id\":\"https:\\\/\\\/medicinasinc.com\\\/lt\\\/product\\\/pirkti-5-mapb-milteliai-kristalas\\\/#breadcrumb\",\"itemListElement\":[{\"@type\":\"ListItem\",\"position\":1,\"name\":\"Parduotuv\u0117\",\"item\":\"https:\\\/\\\/medicinasinc.com\\\/lt\\\/parduotuve\\\/\"},{\"@type\":\"ListItem\",\"position\":2,\"name\":\"Pirkite 5-MAPB miltelius ir amp; Kristalas\"}]},{\"@type\":\"WebSite\",\"@id\":\"https:\\\/\\\/medicinasinc.com\\\/lt\\\/#website\",\"url\":\"https:\\\/\\\/medicinasinc.com\\\/lt\\\/\",\"name\":\"Medicinas Inc\",\"description\":\"Sveikatos medicinos klinika\",\"potentialAction\":[{\"@type\":\"SearchAction\",\"target\":{\"@type\":\"EntryPoint\",\"urlTemplate\":\"https:\\\/\\\/medicinasinc.com\\\/lt\\\/?s={search_term_string}\"},\"query-input\":{\"@type\":\"PropertyValueSpecification\",\"valueRequired\":true,\"valueName\":\"search_term_string\"}}],\"inLanguage\":\"en-US\"}]}<\/script>\n<!-- \/ Yoast SEO plugin. -->","yoast_head_json":{"title":"Pirkite 5-MAPB miltelius ir amp; Crystal \u2013 geriausi pasaulio vaistai","description":"Pirkite 5-MAPB milteli\u0173 kristal\u0105 internetu, 5-MAPB tyrim\u0173 chemines med\u017eiagas pardavimui, u\u017esisakykite 5-MAPB Crystal JAV, JK u\u017e prieinam\u0105 kain\u0105 i\u0161 Bestglobalmeds.com. 5-MAPB (1-(benzofuran-5-il)-N-metilpropan-2-aminas) yra entaktogeninis dizaineri\u0173 sukurtas vaistas, pana\u0161us \u012f MDMA savo strukt\u016bra ir poveikiu.","robots":{"index":"index","follow":"follow","max-snippet":"max-snippet:-1","max-image-preview":"max-image-preview:large","max-video-preview":"max-video-preview:-1"},"canonical":"https:\/\/medicinasinc.com\/lt\/product\/pirkti-5-mapb-milteliai-kristalas\/","og_locale":"en_US","og_type":"article","og_title":"Pirkite 5-MAPB miltelius ir amp; Crystal \u2013 geriausi pasaulio vaistai","og_description":"Pirkite 5-MAPB milteli\u0173 kristal\u0105 internetu, 5-MAPB tyrim\u0173 chemines med\u017eiagas pardavimui, u\u017esisakykite 5-MAPB Crystal JAV, JK u\u017e prieinam\u0105 kain\u0105 i\u0161 Bestglobalmeds.com. 5-MAPB (1-(benzofuran-5-il)-N-metilpropan-2-aminas) yra entaktogeninis dizaineri\u0173 sukurtas vaistas, pana\u0161us \u012f MDMA savo strukt\u016bra ir poveikiu.","og_url":"https:\/\/medicinasinc.com\/lt\/product\/pirkti-5-mapb-milteliai-kristalas\/","og_site_name":"Medicinas Inc","article_modified_time":"2022-03-20T12:18:02+00:00","og_image":[{"width":600,"height":488,"url":"https:\/\/medicinasinc.com\/lt\/wp-content\/uploads\/sites\/9\/2022\/02\/Buy-5-MAPB-Powder-Crystal.jpg","type":"image\/jpeg"}],"twitter_card":"summary_large_image","twitter_misc":{"Est. reading time":"2 minutes"},"schema":{"@context":"https:\/\/schema.org","@graph":[{"@type":"WebPage","@id":"https:\/\/medicinasinc.com\/lt\/product\/pirkti-5-mapb-milteliai-kristalas\/","url":"https:\/\/medicinasinc.com\/lt\/product\/pirkti-5-mapb-milteliai-kristalas\/","name":"Pirkite 5-MAPB miltelius ir amp; Crystal \u2013 geriausi pasaulio vaistai","isPartOf":{"@id":"https:\/\/medicinasinc.com\/lt\/#website"},"primaryImageOfPage":{"@id":"https:\/\/medicinasinc.com\/lt\/product\/pirkti-5-mapb-milteliai-kristalas\/#primaryimage"},"image":{"@id":"https:\/\/medicinasinc.com\/lt\/product\/pirkti-5-mapb-milteliai-kristalas\/#primaryimage"},"thumbnailUrl":"https:\/\/medicinasinc.com\/lt\/wp-content\/uploads\/sites\/9\/2022\/02\/Buy-5-MAPB-Powder-Crystal.jpg","datePublished":"2022-02-21T22:26:02+00:00","dateModified":"2022-03-20T12:18:02+00:00","description":"Pirkite 5-MAPB milteli\u0173 kristal\u0105 internetu, 5-MAPB tyrim\u0173 chemines med\u017eiagas pardavimui, u\u017esisakykite 5-MAPB Crystal JAV, JK u\u017e prieinam\u0105 kain\u0105 i\u0161 Bestglobalmeds.com. 5-MAPB (1-(benzofuran-5-il)-N-metilpropan-2-aminas) yra entaktogeninis dizaineri\u0173 sukurtas vaistas, pana\u0161us \u012f MDMA savo strukt\u016bra ir poveikiu.","breadcrumb":{"@id":"https:\/\/medicinasinc.com\/lt\/product\/pirkti-5-mapb-milteliai-kristalas\/#breadcrumb"},"inLanguage":"en-US","potentialAction":[{"@type":"ReadAction","target":["https:\/\/medicinasinc.com\/lt\/product\/pirkti-5-mapb-milteliai-kristalas\/"]}]},{"@type":"ImageObject","inLanguage":"en-US","@id":"https:\/\/medicinasinc.com\/lt\/product\/pirkti-5-mapb-milteliai-kristalas\/#primaryimage","url":"https:\/\/medicinasinc.com\/lt\/wp-content\/uploads\/sites\/9\/2022\/02\/Buy-5-MAPB-Powder-Crystal.jpg","contentUrl":"https:\/\/medicinasinc.com\/lt\/wp-content\/uploads\/sites\/9\/2022\/02\/Buy-5-MAPB-Powder-Crystal.jpg","width":600,"height":488},{"@type":"BreadcrumbList","@id":"https:\/\/medicinasinc.com\/lt\/product\/pirkti-5-mapb-milteliai-kristalas\/#breadcrumb","itemListElement":[{"@type":"ListItem","position":1,"name":"Parduotuv\u0117","item":"https:\/\/medicinasinc.com\/lt\/parduotuve\/"},{"@type":"ListItem","position":2,"name":"Pirkite 5-MAPB miltelius ir amp; Kristalas"}]},{"@type":"WebSite","@id":"https:\/\/medicinasinc.com\/lt\/#website","url":"https:\/\/medicinasinc.com\/lt\/","name":"Medicinas Inc","description":"Sveikatos medicinos klinika","potentialAction":[{"@type":"SearchAction","target":{"@type":"EntryPoint","urlTemplate":"https:\/\/medicinasinc.com\/lt\/?s={search_term_string}"},"query-input":{"@type":"PropertyValueSpecification","valueRequired":true,"valueName":"search_term_string"}}],"inLanguage":"en-US"}]}},"_links":{"self":[{"href":"https:\/\/medicinasinc.com\/lt\/wp-json\/wp\/v2\/product\/5389","targetHints":{"allow":["GET"]}}],"collection":[{"href":"https:\/\/medicinasinc.com\/lt\/wp-json\/wp\/v2\/product"}],"about":[{"href":"https:\/\/medicinasinc.com\/lt\/wp-json\/wp\/v2\/types\/product"}],"replies":[{"embeddable":true,"href":"https:\/\/medicinasinc.com\/lt\/wp-json\/wp\/v2\/comments?post=5389"}],"wp:featuredmedia":[{"embeddable":true,"href":"https:\/\/medicinasinc.com\/lt\/wp-json\/wp\/v2\/media\/5400"}],"wp:attachment":[{"href":"https:\/\/medicinasinc.com\/lt\/wp-json\/wp\/v2\/media?parent=5389"}],"wp:term":[{"taxonomy":"product_brand","embeddable":true,"href":"https:\/\/medicinasinc.com\/lt\/wp-json\/wp\/v2\/product_brand?post=5389"},{"taxonomy":"product_cat","embeddable":true,"href":"https:\/\/medicinasinc.com\/lt\/wp-json\/wp\/v2\/product_cat?post=5389"},{"taxonomy":"product_tag","embeddable":true,"href":"https:\/\/medicinasinc.com\/lt\/wp-json\/wp\/v2\/product_tag?post=5389"}],"curies":[{"name":"wp","href":"https:\/\/api.w.org\/{rel}","templated":true}]}}