{"id":5387,"date":"2022-02-21T22:22:34","date_gmt":"2022-02-21T22:22:34","guid":{"rendered":"https:\/\/medicinasinc.com\/lt\/?post_type=product&#038;p=5387"},"modified":"2022-03-20T12:18:26","modified_gmt":"2022-03-20T12:18:26","slug":"pirkti-4-fa-milteliai","status":"publish","type":"product","link":"https:\/\/medicinasinc.com\/lt\/product\/pirkti-4-fa-milteliai\/","title":{"rendered":"Pirkite 4-FA miltelius"},"content":{"rendered":"<p>\u012esigykite 4-FA miltelius.<\/p>\n<p>Pigiai nusipirkite 4-FA miltelius, 1 oz Pure Online.<\/p>\n<p>4-FA (4-fluoramfetaminas) yra \u012f amfetamin\u0105 pana\u0161us vaistas, turintis tik neseniai pasirod\u0117 Olandijos rinkoje. Nuo 2007 iki 2009 m. jis daugiausia buvo parduodamas kaip greitis arba MDMA. Taip buvo tod\u0117l, kad tuo metu \u0161iems specialistams tr\u016bko \u017ealiav\u0173, tod\u0117l 4-FA buvo naudojamas kaip pjovimo specialistas. Bet kuriuo atveju nuo 2010 m. pardav\u0117jai vis da\u017eniau parduoda 4-FA kaip 4-FA, o tai rei\u0161kia, kad pirk\u0117jai tai laiko \u201evaistu, kuris priima sprendimus\u201c.<\/p>\n<p>4-FA taip pat \u017einomas kaip 4-FMP. , 4-Fluor, 4-Flava, 4-F ir Flux. Tai med\u017eiaga, klasifikuojama kaip nauja psichoaktyvioji med\u017eiaga (NPS). Tai med\u017eiagos, kurios atsirado neseniai ir buvo sukurtos kaip alternatyva tradicin\u0117ms neteis\u0117toms med\u017eiagoms. NPS taip pat \u017einomas kaip mokslini\u0173 tyrim\u0173 sintetika arba original\u016bs vaistai. Ne\u017eymiai pakeitus esam\u0105 sud\u0117tin\u0119 strukt\u016br\u0105, pasikei\u010dia med\u017eiagos pavadinimas, tod\u0117l Opiumo \u012fstatymas jai nebegalioja, tod\u0117l jis yra neteis\u0117tas. D\u0117l to sunkiau u\u017ekirsti keli\u0105 k\u016brimui, sandoriams ir nuosavyb\u0117s teisei.<\/p>\n<p>4-FA da\u017eniausiai randama kaip milteliai arba tablet\u0117s. 4-FA geriamas table\u010di\u0173 pavidalu. Klientai miltelius deda \u012f d\u0117kl\u0105 arba judant\u012f popieri\u0173 (bomb\u0105), arba kai kuriais atvejais i\u0161tirpina juos g\u0117rime. N\u0117ra esminio skirtumo tarp 4-FA table\u010di\u0173, 4-FA milteli\u0173 ir 4-FA d\u0117kl\u0173.<\/p>\n<p>Tarptaukai pagaminti i\u0161 nuobod\u017eios arba sald\u017eios med\u017eiagos ir gali b\u016bti paprasti arba \u012fvairi\u0173 atspalvi\u0173. D\u0117klas gali b\u016bti u\u017epildytas \u012fvairiausiomis med\u017eiagomis. 4-FA, taip pat \u012fvairios kitos med\u017eiagos, pavyzd\u017eiui, amfetaminas (greitis), MDMA, kofeinas arba visai nieko. Kai kurios i\u0161maniosios parduotuv\u0117s prek\u0117s taip pat yra d\u0117kluose. D\u0117klai da\u017eniausiai b\u016bna mai\u0161elyje, o ant pakuot\u0117s nurodoma, kas yra viduje. Jei klientai u\u017epildo savo talpyklas, jie gali naudoti mg skal\u0119, kad nustatyt\u0173 tiksli\u0105 porcij\u0105. Parduodamas 4-fa, kur pirkti 4fa, pirkti 4-fa, 4 fas parduoti, 4fa parduoti, 4 fas pirkti, pirkti 4fa, 4-fa pirkti, 4-fa parduoti, 4-fa parduoti, 4 -fa pardavimas, 4-fa pardavimas, 4-fa pardavimas, 4-fa pardavimas, 4-fa pardavimas, 4-fa pardavimas, 4-fa pardavimas, 4-fa pardavimas<\/p>\n<p>Tai, k\u0105 kas nors jau\u010dia i\u0161 prad\u017ei\u0173 pavartoj\u0119s 4-FA, nustatoma pagal matavimus. Nor\u0117dami su\u017einoti daugiau, 4-FA galima i\u0161bandyti bandomojoje administracijoje (\u017er. meniu). 4-FA vartojimo poveikis pasirei\u0161kia nuo 20 iki valandos. 4-FA u\u017ebaigiamas per 4\u20138 valandas, ta\u010diau kai kurie klientai teigia, kad galutiniai rezultatai gali trukti iki 12 valand\u0173.<\/p>\n<p>Nuo\u0161irdus, ai\u0161kus, tinkamas ir atsargus<\/p>\n<p>A stiprus priklausomyb\u0117s jausmas<\/p>\n<p>Lietimas ir muzika suteikia nepaprast\u0173 poj\u016b\u010di\u0173.<\/p>\n<p>Susitikimas, pokalbis ir artumas yra labai svarb\u016bs.<\/p>\n","protected":false},"excerpt":{"rendered":"<p>Pigiai nusipirkite 4-FA miltelius 1 uncijos grynai internetu. 4-FA milteliai, pana\u0161\u016bs \u012f MDMA ir amp; Geriamas metamfetaminas<br \/> Rekomenduojama doz\u0117: 200 mg.<\/p>\n<p>M\u016bs\u0173 parduotuv\u0117je galite \u012fsigyti gryno 4-FMA. Taip pat, kaip ir milteliai, 4-FMA, taip pat \u017einomas kaip 4-fluorometamfetaminas, taip pat yra psichoaktyvi med\u017eiaga.<\/p>\n<p>4-FA milteliai taip pat \u017einomi kaip parafluoramfetaminas arba 4-fluoramfetaminas, bet tai ne tas pats dalykas. \u017dmon\u0117s, kurie studijuoja vaistus, sako, kad tai labai geras.<\/p>\n","protected":false},"featured_media":5396,"comment_status":"open","ping_status":"closed","template":"","meta":[],"product_brand":[],"product_cat":[2014],"product_tag":[2502,2503,2504,2506,2505,2507,2508],"class_list":{"0":"post-5387","1":"product","2":"type-product","3":"status-publish","4":"has-post-thumbnail","6":"product_cat-pirkti-tyrineti-chemikalai","7":"product_tag-2-fluoramfetaminas","8":"product_tag-4-fa-efektai","9":"product_tag-4-fa-tyrimas-chemikalas","10":"product_tag-4-fluoramfetamino-sintez","11":"product_tag-4-fluoroamphetamine-legal-status","12":"product_tag-is-4-fa-legal-in-the-us-2020","13":"product_tag-yra-4-fma-legal","15":"first","16":"instock","17":"shipping-taxable","18":"purchasable","19":"product-type-variable","20":"has-default-attributes"},"yoast_head":"<!-- This site is optimized with the Yoast SEO plugin v27.3 - https:\/\/yoast.com\/product\/yoast-seo-wordpress\/ -->\n<title>Pirkite 4-FA miltelius \u2013 4-fluoramfetamin\u0105 \u2013 geriausius geriausius pasaulinius vaistus<\/title>\n<meta name=\"description\" content=\"Pirkite 4-FA miltelius 4-fluoramfetamin\u0105, kad gal\u0117tum\u0117te parduoti grynai pigiai. 4-FA milteliai, pana\u0161\u016bs \u012f MDMA ir amp; Geriamas metamfetaminas\" \/>\n<meta name=\"robots\" content=\"index, follow, max-snippet:-1, max-image-preview:large, max-video-preview:-1\" \/>\n<link rel=\"canonical\" href=\"https:\/\/medicinasinc.com\/lt\/product\/pirkti-4-fa-milteliai\/\" \/>\n<meta property=\"og:locale\" content=\"en_US\" \/>\n<meta property=\"og:type\" content=\"article\" \/>\n<meta property=\"og:title\" content=\"Pirkite 4-FA miltelius \u2013 4-fluoramfetamin\u0105 \u2013 geriausius geriausius pasaulinius vaistus\" \/>\n<meta property=\"og:description\" content=\"Pirkite 4-FA miltelius 4-fluoramfetamin\u0105, kad gal\u0117tum\u0117te parduoti grynai pigiai. 4-FA milteliai, pana\u0161\u016bs \u012f MDMA ir amp; Geriamas metamfetaminas\" \/>\n<meta property=\"og:url\" content=\"https:\/\/medicinasinc.com\/lt\/product\/pirkti-4-fa-milteliai\/\" \/>\n<meta property=\"og:site_name\" content=\"Medicinas Inc\" \/>\n<meta property=\"article:modified_time\" content=\"2022-03-20T12:18:26+00:00\" \/>\n<meta property=\"og:image\" content=\"https:\/\/medicinasinc.com\/lt\/wp-content\/uploads\/sites\/9\/2022\/02\/Buy-4-FA-Powder.jpeg\" \/>\n\t<meta property=\"og:image:width\" content=\"510\" \/>\n\t<meta property=\"og:image:height\" content=\"365\" \/>\n\t<meta property=\"og:image:type\" content=\"image\/jpeg\" \/>\n<meta name=\"twitter:card\" content=\"summary_large_image\" \/>\n<meta name=\"twitter:label1\" content=\"Est. reading time\" \/>\n\t<meta name=\"twitter:data1\" content=\"2 minutes\" \/>\n<script type=\"application\/ld+json\" class=\"yoast-schema-graph\">{\"@context\":\"https:\\\/\\\/schema.org\",\"@graph\":[{\"@type\":\"WebPage\",\"@id\":\"https:\\\/\\\/medicinasinc.com\\\/lt\\\/product\\\/pirkti-4-fa-milteliai\\\/\",\"url\":\"https:\\\/\\\/medicinasinc.com\\\/lt\\\/product\\\/pirkti-4-fa-milteliai\\\/\",\"name\":\"Pirkite 4-FA miltelius \u2013 4-fluoramfetamin\u0105 \u2013 geriausius geriausius pasaulinius vaistus\",\"isPartOf\":{\"@id\":\"https:\\\/\\\/medicinasinc.com\\\/lt\\\/#website\"},\"primaryImageOfPage\":{\"@id\":\"https:\\\/\\\/medicinasinc.com\\\/lt\\\/product\\\/pirkti-4-fa-milteliai\\\/#primaryimage\"},\"image\":{\"@id\":\"https:\\\/\\\/medicinasinc.com\\\/lt\\\/product\\\/pirkti-4-fa-milteliai\\\/#primaryimage\"},\"thumbnailUrl\":\"https:\\\/\\\/medicinasinc.com\\\/lt\\\/wp-content\\\/uploads\\\/sites\\\/9\\\/2022\\\/02\\\/Buy-4-FA-Powder.jpeg\",\"datePublished\":\"2022-02-21T22:22:34+00:00\",\"dateModified\":\"2022-03-20T12:18:26+00:00\",\"description\":\"Pirkite 4-FA miltelius 4-fluoramfetamin\u0105, kad gal\u0117tum\u0117te parduoti grynai pigiai. 4-FA milteliai, pana\u0161\u016bs \u012f MDMA ir amp; Geriamas metamfetaminas\",\"breadcrumb\":{\"@id\":\"https:\\\/\\\/medicinasinc.com\\\/lt\\\/product\\\/pirkti-4-fa-milteliai\\\/#breadcrumb\"},\"inLanguage\":\"en-US\",\"potentialAction\":[{\"@type\":\"ReadAction\",\"target\":[\"https:\\\/\\\/medicinasinc.com\\\/lt\\\/product\\\/pirkti-4-fa-milteliai\\\/\"]}]},{\"@type\":\"ImageObject\",\"inLanguage\":\"en-US\",\"@id\":\"https:\\\/\\\/medicinasinc.com\\\/lt\\\/product\\\/pirkti-4-fa-milteliai\\\/#primaryimage\",\"url\":\"https:\\\/\\\/medicinasinc.com\\\/lt\\\/wp-content\\\/uploads\\\/sites\\\/9\\\/2022\\\/02\\\/Buy-4-FA-Powder.jpeg\",\"contentUrl\":\"https:\\\/\\\/medicinasinc.com\\\/lt\\\/wp-content\\\/uploads\\\/sites\\\/9\\\/2022\\\/02\\\/Buy-4-FA-Powder.jpeg\",\"width\":510,\"height\":365},{\"@type\":\"BreadcrumbList\",\"@id\":\"https:\\\/\\\/medicinasinc.com\\\/lt\\\/product\\\/pirkti-4-fa-milteliai\\\/#breadcrumb\",\"itemListElement\":[{\"@type\":\"ListItem\",\"position\":1,\"name\":\"Parduotuv\u0117\",\"item\":\"https:\\\/\\\/medicinasinc.com\\\/lt\\\/parduotuve\\\/\"},{\"@type\":\"ListItem\",\"position\":2,\"name\":\"Pirkite 4-FA miltelius\"}]},{\"@type\":\"WebSite\",\"@id\":\"https:\\\/\\\/medicinasinc.com\\\/lt\\\/#website\",\"url\":\"https:\\\/\\\/medicinasinc.com\\\/lt\\\/\",\"name\":\"Medicinas Inc\",\"description\":\"Sveikatos medicinos klinika\",\"potentialAction\":[{\"@type\":\"SearchAction\",\"target\":{\"@type\":\"EntryPoint\",\"urlTemplate\":\"https:\\\/\\\/medicinasinc.com\\\/lt\\\/?s={search_term_string}\"},\"query-input\":{\"@type\":\"PropertyValueSpecification\",\"valueRequired\":true,\"valueName\":\"search_term_string\"}}],\"inLanguage\":\"en-US\"}]}<\/script>\n<!-- \/ Yoast SEO plugin. -->","yoast_head_json":{"title":"Pirkite 4-FA miltelius \u2013 4-fluoramfetamin\u0105 \u2013 geriausius geriausius pasaulinius vaistus","description":"Pirkite 4-FA miltelius 4-fluoramfetamin\u0105, kad gal\u0117tum\u0117te parduoti grynai pigiai. 4-FA milteliai, pana\u0161\u016bs \u012f MDMA ir amp; Geriamas metamfetaminas","robots":{"index":"index","follow":"follow","max-snippet":"max-snippet:-1","max-image-preview":"max-image-preview:large","max-video-preview":"max-video-preview:-1"},"canonical":"https:\/\/medicinasinc.com\/lt\/product\/pirkti-4-fa-milteliai\/","og_locale":"en_US","og_type":"article","og_title":"Pirkite 4-FA miltelius \u2013 4-fluoramfetamin\u0105 \u2013 geriausius geriausius pasaulinius vaistus","og_description":"Pirkite 4-FA miltelius 4-fluoramfetamin\u0105, kad gal\u0117tum\u0117te parduoti grynai pigiai. 4-FA milteliai, pana\u0161\u016bs \u012f MDMA ir amp; Geriamas metamfetaminas","og_url":"https:\/\/medicinasinc.com\/lt\/product\/pirkti-4-fa-milteliai\/","og_site_name":"Medicinas Inc","article_modified_time":"2022-03-20T12:18:26+00:00","og_image":[{"width":510,"height":365,"url":"https:\/\/medicinasinc.com\/lt\/wp-content\/uploads\/sites\/9\/2022\/02\/Buy-4-FA-Powder.jpeg","type":"image\/jpeg"}],"twitter_card":"summary_large_image","twitter_misc":{"Est. reading time":"2 minutes"},"schema":{"@context":"https:\/\/schema.org","@graph":[{"@type":"WebPage","@id":"https:\/\/medicinasinc.com\/lt\/product\/pirkti-4-fa-milteliai\/","url":"https:\/\/medicinasinc.com\/lt\/product\/pirkti-4-fa-milteliai\/","name":"Pirkite 4-FA miltelius \u2013 4-fluoramfetamin\u0105 \u2013 geriausius geriausius pasaulinius vaistus","isPartOf":{"@id":"https:\/\/medicinasinc.com\/lt\/#website"},"primaryImageOfPage":{"@id":"https:\/\/medicinasinc.com\/lt\/product\/pirkti-4-fa-milteliai\/#primaryimage"},"image":{"@id":"https:\/\/medicinasinc.com\/lt\/product\/pirkti-4-fa-milteliai\/#primaryimage"},"thumbnailUrl":"https:\/\/medicinasinc.com\/lt\/wp-content\/uploads\/sites\/9\/2022\/02\/Buy-4-FA-Powder.jpeg","datePublished":"2022-02-21T22:22:34+00:00","dateModified":"2022-03-20T12:18:26+00:00","description":"Pirkite 4-FA miltelius 4-fluoramfetamin\u0105, kad gal\u0117tum\u0117te parduoti grynai pigiai. 4-FA milteliai, pana\u0161\u016bs \u012f MDMA ir amp; Geriamas metamfetaminas","breadcrumb":{"@id":"https:\/\/medicinasinc.com\/lt\/product\/pirkti-4-fa-milteliai\/#breadcrumb"},"inLanguage":"en-US","potentialAction":[{"@type":"ReadAction","target":["https:\/\/medicinasinc.com\/lt\/product\/pirkti-4-fa-milteliai\/"]}]},{"@type":"ImageObject","inLanguage":"en-US","@id":"https:\/\/medicinasinc.com\/lt\/product\/pirkti-4-fa-milteliai\/#primaryimage","url":"https:\/\/medicinasinc.com\/lt\/wp-content\/uploads\/sites\/9\/2022\/02\/Buy-4-FA-Powder.jpeg","contentUrl":"https:\/\/medicinasinc.com\/lt\/wp-content\/uploads\/sites\/9\/2022\/02\/Buy-4-FA-Powder.jpeg","width":510,"height":365},{"@type":"BreadcrumbList","@id":"https:\/\/medicinasinc.com\/lt\/product\/pirkti-4-fa-milteliai\/#breadcrumb","itemListElement":[{"@type":"ListItem","position":1,"name":"Parduotuv\u0117","item":"https:\/\/medicinasinc.com\/lt\/parduotuve\/"},{"@type":"ListItem","position":2,"name":"Pirkite 4-FA miltelius"}]},{"@type":"WebSite","@id":"https:\/\/medicinasinc.com\/lt\/#website","url":"https:\/\/medicinasinc.com\/lt\/","name":"Medicinas Inc","description":"Sveikatos medicinos klinika","potentialAction":[{"@type":"SearchAction","target":{"@type":"EntryPoint","urlTemplate":"https:\/\/medicinasinc.com\/lt\/?s={search_term_string}"},"query-input":{"@type":"PropertyValueSpecification","valueRequired":true,"valueName":"search_term_string"}}],"inLanguage":"en-US"}]}},"_links":{"self":[{"href":"https:\/\/medicinasinc.com\/lt\/wp-json\/wp\/v2\/product\/5387","targetHints":{"allow":["GET"]}}],"collection":[{"href":"https:\/\/medicinasinc.com\/lt\/wp-json\/wp\/v2\/product"}],"about":[{"href":"https:\/\/medicinasinc.com\/lt\/wp-json\/wp\/v2\/types\/product"}],"replies":[{"embeddable":true,"href":"https:\/\/medicinasinc.com\/lt\/wp-json\/wp\/v2\/comments?post=5387"}],"wp:featuredmedia":[{"embeddable":true,"href":"https:\/\/medicinasinc.com\/lt\/wp-json\/wp\/v2\/media\/5396"}],"wp:attachment":[{"href":"https:\/\/medicinasinc.com\/lt\/wp-json\/wp\/v2\/media?parent=5387"}],"wp:term":[{"taxonomy":"product_brand","embeddable":true,"href":"https:\/\/medicinasinc.com\/lt\/wp-json\/wp\/v2\/product_brand?post=5387"},{"taxonomy":"product_cat","embeddable":true,"href":"https:\/\/medicinasinc.com\/lt\/wp-json\/wp\/v2\/product_cat?post=5387"},{"taxonomy":"product_tag","embeddable":true,"href":"https:\/\/medicinasinc.com\/lt\/wp-json\/wp\/v2\/product_tag?post=5387"}],"curies":[{"name":"wp","href":"https:\/\/api.w.org\/{rel}","templated":true}]}}