{"id":5368,"date":"2022-02-21T21:54:21","date_gmt":"2022-02-21T21:54:21","guid":{"rendered":"https:\/\/medicinasinc.com\/lt\/?post_type=product&#038;p=5368"},"modified":"2022-03-20T12:18:34","modified_gmt":"2022-03-20T12:18:34","slug":"pirkti-4-emc-4-etilmetkatinonas","status":"publish","type":"product","link":"https:\/\/medicinasinc.com\/lt\/product\/pirkti-4-emc-4-etilmetkatinonas\/","title":{"rendered":"Pirkite 4-EMC 4-Etilmetkatinon\u0105"},"content":{"rendered":"<h1 class=\"product_title entry-title\">Pirkite 4-EMC 4-Ethylmethcathinone miltelius internetu<\/h1>\n<p><strong>4-EMC galima \u012fsigyti internetu.<\/strong><\/p>\n<p> 2-metilaminopropan-1-onas, monohidrochloridas yra visas IUPAC pavadinimas 4-EMC, kuris priklauso tiriam\u0173j\u0173 jungini\u0173, \u017einom\u0173 kaip centrin\u0117s nerv\u0173 sistemos stimuliatoriai, klasei. 4-EMC taip pat \u017einomas kaip 4-etilfenolis.<\/p>\n<p>Entaktogenas ir stimuliatorius 4-Etilmetkatinonas (4-EMC) yra laisvalaikio dizaineri\u0173 sukurtas vaistas. yra 4-MEC strukt\u016brinis izomeras<\/p>\n<p>C12H17NO yra 4-EMC molekulin\u0117 formul\u0117, priklausanti fenetilamino ir amfetamino chemin\u0117ms \u0161eimoms. Recepte yra 191,270 g\/m\u0117n. Kur \u012fsigyti 4-EMC<\/p>\n<p>Pristatome nauj\u0105 katinono produkt\u0105, kuris gali b\u016bti naudojamas sud\u0117tingiems moksliniams tyrimams d\u0117l didel\u0117s paklausos rinkoje. 4-etilmetkatinonas yra izomerin\u0117 mefedrono versija, kuri \u0161iuo metu yra draud\u017eiama, o visi min\u0117ti junginiai turi stimuliuojant\u012f ir entaktogenin\u012f poveik\u012f.<\/p>\n<p>Dopaminas ir serotoninas yra labiausiai tik\u0117tini pirminiai 4-EMC taikiniai, kurie yra b\u016bdingas \u0161iai chemini\u0173 med\u017eiag\u0173 klasei ir, kaip manoma, trukdo reabsorbuoti svarbi\u0173 neuromediatori\u0173 sinapsiniame ply\u0161yje.<\/p>\n<p>Kristaliniai milteliai, med\u017eiaga gali b\u016bti lengvai pagaminta bandymams, nerizikuojant \u012fprastomis s\u0105lygomis patekti \u012f priemai\u0161as. Vandenyje tirpus 4-EMC turi b\u016bti laikomas sausoje, sandarioje aplinkoje.<\/p>\n<p>Mokslininkai turi unikali\u0105 galimyb\u0119 nuo nulio nustatyti med\u017eiagos profil\u012f, nes praeityje jis nebuvo nuodugniai i\u0161tirtas ir dauguma kit\u0173 dalyk\u0173. apie tai \u017einome per paraleles su pana\u0161iomis med\u017eiagomis. Atliekant eksperimentus svarbu nepamir\u0161ti chemin\u0117s med\u017eiagos naujumo ir palikti vietos klaidoms. Ry\u0161ys su 4-EMC<\/p>\n","protected":false},"excerpt":{"rendered":"<p>Kur \u012fsigyti milteli\u0173 pavidalo 4-EMC 4-etilmetkatinono? Stimuliatorius ir entaktogenas patenka \u012f pastar\u0105j\u0105 kategorij\u0105. 4-MEC strukt\u016brinius izomerus galite rasti \u010dia.<\/p>\n<p>4-EMC 4-Ethylmethcathinone kristaliniai milteliai parduodami Europoje, ES ir Jungtin\u0117je Karalyst\u0117je. Stimuliatorius ir entaktogenas patenka \u012f pastar\u0105j\u0105 kategorij\u0105. 4-MEC yra \u0161io junginio strukt\u016brinis izomeras.<\/p>\n<p>Katinon\u0173 \u0161eimai priklauso 4-EMC (taip pat \u017einomas kaip 4-Etilmetkatinonas), nauja tyrimo molekul\u0117. Tarp chemijos tyrin\u0117toj\u0173 4-EMC yra pageidaujamas pasirinkimas d\u0117l savo stimuliuojan\u010di\u0173 ir entaktogenini\u0173 savybi\u0173.<\/p>\n<h1>Pirkite 4-EMC internetu<\/h1>\n<p>Kai perkate 4-EMC internetu, noras yra kokyb\u0117. \u201eDrug Online\u201c yra auk\u0161tos kokyb\u0117s tyrim\u0173 chemikalai. Galite nusipirkti 4-EMC internetu didmenine kaina i\u0161 patikimo tiek\u0117jo Top mark chemical.com Saugus 4-EMC pristatymas \u012f JAV, Nyderlandus, Airij\u0105, ES, JK ir kitas \u0161alis. <a href=\"https:\/\/www.bestglobalmeds.com\/product\/research-chemicals\/4-emc\/\">Pirkite 4-EMC internetu<\/a><\/p>\n<p>Kasos Nr.: 1225622-14- 9<br \/> Formul\u0117: C12H17NO<br \/> IUPAC: 1-(4-etilfenil)-2-(metilamino)propan-1-onas<br \/> I\u0161vaizda: balti\/gelsvi kristalai<br \/> Grynumas:<\/p>\n","protected":false},"featured_media":5380,"comment_status":"open","ping_status":"closed","template":"","meta":[],"product_brand":[],"product_cat":[2014],"product_tag":[2486,2487,2488,2493,2494,2495,2496,2501,2500,2497,2485,2499,2489,2491,2492,2490,2498],"class_list":{"0":"post-5368","1":"product","2":"type-product","3":"status-publish","4":"has-post-thumbnail","6":"product_cat-pirkti-tyrineti-chemikalai","7":"product_tag-4-mec-tiekjas","8":"product_tag-4-mecsupplier-online","9":"product_tag-buy-4-mec","10":"product_tag-buy-4-mec-research-chemicals-online","11":"product_tag-buy-4-meconline-usa","12":"product_tag-buy-research-chemicals-for-sale-online","13":"product_tag-kaip-galiu-gauti-4-mec-research-chemicals","14":"product_tag-kur-gauti-4-mec-crystals-internete","15":"product_tag-kur-pirkti-4-mec-internetu","16":"product_tag-order-4-mec-online","17":"product_tag-parduodamas-4-mec","18":"product_tag-patikimas-pardavjas-4-mec-internete","19":"product_tag-pirkti-4-mec-crystal-internete","20":"product_tag-pirkti-4-mec-internetu","21":"product_tag-pirkti-4-mec-internetu-pardavimui","22":"product_tag-pirkite-4-mec-kristalus-su-pristatymu-visame-pasaulyje","23":"product_tag-usisakyti-pigiai-4-mec-internetu","25":"first","26":"instock","27":"shipping-taxable","28":"purchasable","29":"product-type-variable","30":"has-default-attributes"},"yoast_head":"<!-- This site is optimized with the Yoast SEO plugin v27.3 - https:\/\/yoast.com\/product\/yoast-seo-wordpress\/ -->\n<title>Pirkite 4-Etilmetkatinon\u0105 \u2013 Pirkite 4-EMC \u2013 geriausius pasaulinius vaistus<\/title>\n<meta name=\"description\" content=\"Pirkite 4-EMC 4-Ethylmethcathinone kristalinius miltelius, skirtus parduoti internetu Europoje, ES, JK. Jis priklauso stimuliatori\u0173 ir entaktogen\u0173 klasei. Tai strukt\u016brinis 4-MEC izomeras.\" \/>\n<meta name=\"robots\" content=\"index, follow, max-snippet:-1, max-image-preview:large, max-video-preview:-1\" \/>\n<link rel=\"canonical\" href=\"https:\/\/medicinasinc.com\/lt\/product\/pirkti-4-emc-4-etilmetkatinonas\/\" \/>\n<meta property=\"og:locale\" content=\"en_US\" \/>\n<meta property=\"og:type\" content=\"article\" \/>\n<meta property=\"og:title\" content=\"Pirkite 4-Etilmetkatinon\u0105 \u2013 Pirkite 4-EMC \u2013 geriausius pasaulinius vaistus\" \/>\n<meta property=\"og:description\" content=\"Pirkite 4-EMC 4-Ethylmethcathinone kristalinius miltelius, skirtus parduoti internetu Europoje, ES, JK. Jis priklauso stimuliatori\u0173 ir entaktogen\u0173 klasei. Tai strukt\u016brinis 4-MEC izomeras.\" \/>\n<meta property=\"og:url\" content=\"https:\/\/medicinasinc.com\/lt\/product\/pirkti-4-emc-4-etilmetkatinonas\/\" \/>\n<meta property=\"og:site_name\" content=\"Medicinas Inc\" \/>\n<meta property=\"article:modified_time\" content=\"2022-03-20T12:18:34+00:00\" \/>\n<meta property=\"og:image\" content=\"https:\/\/medicinasinc.com\/lt\/wp-content\/uploads\/sites\/9\/2022\/02\/Buy-4-EMC.jpg\" \/>\n\t<meta property=\"og:image:width\" content=\"230\" \/>\n\t<meta property=\"og:image:height\" content=\"230\" \/>\n\t<meta property=\"og:image:type\" content=\"image\/jpeg\" \/>\n<meta name=\"twitter:card\" content=\"summary_large_image\" \/>\n<meta name=\"twitter:label1\" content=\"Est. reading time\" \/>\n\t<meta name=\"twitter:data1\" content=\"2 minutes\" \/>\n<script type=\"application\/ld+json\" class=\"yoast-schema-graph\">{\"@context\":\"https:\\\/\\\/schema.org\",\"@graph\":[{\"@type\":\"WebPage\",\"@id\":\"https:\\\/\\\/medicinasinc.com\\\/lt\\\/product\\\/pirkti-4-emc-4-etilmetkatinonas\\\/\",\"url\":\"https:\\\/\\\/medicinasinc.com\\\/lt\\\/product\\\/pirkti-4-emc-4-etilmetkatinonas\\\/\",\"name\":\"Pirkite 4-Etilmetkatinon\u0105 \u2013 Pirkite 4-EMC \u2013 geriausius pasaulinius vaistus\",\"isPartOf\":{\"@id\":\"https:\\\/\\\/medicinasinc.com\\\/lt\\\/#website\"},\"primaryImageOfPage\":{\"@id\":\"https:\\\/\\\/medicinasinc.com\\\/lt\\\/product\\\/pirkti-4-emc-4-etilmetkatinonas\\\/#primaryimage\"},\"image\":{\"@id\":\"https:\\\/\\\/medicinasinc.com\\\/lt\\\/product\\\/pirkti-4-emc-4-etilmetkatinonas\\\/#primaryimage\"},\"thumbnailUrl\":\"https:\\\/\\\/medicinasinc.com\\\/lt\\\/wp-content\\\/uploads\\\/sites\\\/9\\\/2022\\\/02\\\/Buy-4-EMC.jpg\",\"datePublished\":\"2022-02-21T21:54:21+00:00\",\"dateModified\":\"2022-03-20T12:18:34+00:00\",\"description\":\"Pirkite 4-EMC 4-Ethylmethcathinone kristalinius miltelius, skirtus parduoti internetu Europoje, ES, JK. Jis priklauso stimuliatori\u0173 ir entaktogen\u0173 klasei. Tai strukt\u016brinis 4-MEC izomeras.\",\"breadcrumb\":{\"@id\":\"https:\\\/\\\/medicinasinc.com\\\/lt\\\/product\\\/pirkti-4-emc-4-etilmetkatinonas\\\/#breadcrumb\"},\"inLanguage\":\"en-US\",\"potentialAction\":[{\"@type\":\"ReadAction\",\"target\":[\"https:\\\/\\\/medicinasinc.com\\\/lt\\\/product\\\/pirkti-4-emc-4-etilmetkatinonas\\\/\"]}]},{\"@type\":\"ImageObject\",\"inLanguage\":\"en-US\",\"@id\":\"https:\\\/\\\/medicinasinc.com\\\/lt\\\/product\\\/pirkti-4-emc-4-etilmetkatinonas\\\/#primaryimage\",\"url\":\"https:\\\/\\\/medicinasinc.com\\\/lt\\\/wp-content\\\/uploads\\\/sites\\\/9\\\/2022\\\/02\\\/Buy-4-EMC.jpg\",\"contentUrl\":\"https:\\\/\\\/medicinasinc.com\\\/lt\\\/wp-content\\\/uploads\\\/sites\\\/9\\\/2022\\\/02\\\/Buy-4-EMC.jpg\",\"width\":230,\"height\":230},{\"@type\":\"BreadcrumbList\",\"@id\":\"https:\\\/\\\/medicinasinc.com\\\/lt\\\/product\\\/pirkti-4-emc-4-etilmetkatinonas\\\/#breadcrumb\",\"itemListElement\":[{\"@type\":\"ListItem\",\"position\":1,\"name\":\"Parduotuv\u0117\",\"item\":\"https:\\\/\\\/medicinasinc.com\\\/lt\\\/parduotuve\\\/\"},{\"@type\":\"ListItem\",\"position\":2,\"name\":\"Pirkite 4-EMC 4-Etilmetkatinon\u0105\"}]},{\"@type\":\"WebSite\",\"@id\":\"https:\\\/\\\/medicinasinc.com\\\/lt\\\/#website\",\"url\":\"https:\\\/\\\/medicinasinc.com\\\/lt\\\/\",\"name\":\"Medicinas Inc\",\"description\":\"Sveikatos medicinos klinika\",\"potentialAction\":[{\"@type\":\"SearchAction\",\"target\":{\"@type\":\"EntryPoint\",\"urlTemplate\":\"https:\\\/\\\/medicinasinc.com\\\/lt\\\/?s={search_term_string}\"},\"query-input\":{\"@type\":\"PropertyValueSpecification\",\"valueRequired\":true,\"valueName\":\"search_term_string\"}}],\"inLanguage\":\"en-US\"}]}<\/script>\n<!-- \/ Yoast SEO plugin. -->","yoast_head_json":{"title":"Pirkite 4-Etilmetkatinon\u0105 \u2013 Pirkite 4-EMC \u2013 geriausius pasaulinius vaistus","description":"Pirkite 4-EMC 4-Ethylmethcathinone kristalinius miltelius, skirtus parduoti internetu Europoje, ES, JK. Jis priklauso stimuliatori\u0173 ir entaktogen\u0173 klasei. Tai strukt\u016brinis 4-MEC izomeras.","robots":{"index":"index","follow":"follow","max-snippet":"max-snippet:-1","max-image-preview":"max-image-preview:large","max-video-preview":"max-video-preview:-1"},"canonical":"https:\/\/medicinasinc.com\/lt\/product\/pirkti-4-emc-4-etilmetkatinonas\/","og_locale":"en_US","og_type":"article","og_title":"Pirkite 4-Etilmetkatinon\u0105 \u2013 Pirkite 4-EMC \u2013 geriausius pasaulinius vaistus","og_description":"Pirkite 4-EMC 4-Ethylmethcathinone kristalinius miltelius, skirtus parduoti internetu Europoje, ES, JK. Jis priklauso stimuliatori\u0173 ir entaktogen\u0173 klasei. Tai strukt\u016brinis 4-MEC izomeras.","og_url":"https:\/\/medicinasinc.com\/lt\/product\/pirkti-4-emc-4-etilmetkatinonas\/","og_site_name":"Medicinas Inc","article_modified_time":"2022-03-20T12:18:34+00:00","og_image":[{"width":230,"height":230,"url":"https:\/\/medicinasinc.com\/lt\/wp-content\/uploads\/sites\/9\/2022\/02\/Buy-4-EMC.jpg","type":"image\/jpeg"}],"twitter_card":"summary_large_image","twitter_misc":{"Est. reading time":"2 minutes"},"schema":{"@context":"https:\/\/schema.org","@graph":[{"@type":"WebPage","@id":"https:\/\/medicinasinc.com\/lt\/product\/pirkti-4-emc-4-etilmetkatinonas\/","url":"https:\/\/medicinasinc.com\/lt\/product\/pirkti-4-emc-4-etilmetkatinonas\/","name":"Pirkite 4-Etilmetkatinon\u0105 \u2013 Pirkite 4-EMC \u2013 geriausius pasaulinius vaistus","isPartOf":{"@id":"https:\/\/medicinasinc.com\/lt\/#website"},"primaryImageOfPage":{"@id":"https:\/\/medicinasinc.com\/lt\/product\/pirkti-4-emc-4-etilmetkatinonas\/#primaryimage"},"image":{"@id":"https:\/\/medicinasinc.com\/lt\/product\/pirkti-4-emc-4-etilmetkatinonas\/#primaryimage"},"thumbnailUrl":"https:\/\/medicinasinc.com\/lt\/wp-content\/uploads\/sites\/9\/2022\/02\/Buy-4-EMC.jpg","datePublished":"2022-02-21T21:54:21+00:00","dateModified":"2022-03-20T12:18:34+00:00","description":"Pirkite 4-EMC 4-Ethylmethcathinone kristalinius miltelius, skirtus parduoti internetu Europoje, ES, JK. Jis priklauso stimuliatori\u0173 ir entaktogen\u0173 klasei. Tai strukt\u016brinis 4-MEC izomeras.","breadcrumb":{"@id":"https:\/\/medicinasinc.com\/lt\/product\/pirkti-4-emc-4-etilmetkatinonas\/#breadcrumb"},"inLanguage":"en-US","potentialAction":[{"@type":"ReadAction","target":["https:\/\/medicinasinc.com\/lt\/product\/pirkti-4-emc-4-etilmetkatinonas\/"]}]},{"@type":"ImageObject","inLanguage":"en-US","@id":"https:\/\/medicinasinc.com\/lt\/product\/pirkti-4-emc-4-etilmetkatinonas\/#primaryimage","url":"https:\/\/medicinasinc.com\/lt\/wp-content\/uploads\/sites\/9\/2022\/02\/Buy-4-EMC.jpg","contentUrl":"https:\/\/medicinasinc.com\/lt\/wp-content\/uploads\/sites\/9\/2022\/02\/Buy-4-EMC.jpg","width":230,"height":230},{"@type":"BreadcrumbList","@id":"https:\/\/medicinasinc.com\/lt\/product\/pirkti-4-emc-4-etilmetkatinonas\/#breadcrumb","itemListElement":[{"@type":"ListItem","position":1,"name":"Parduotuv\u0117","item":"https:\/\/medicinasinc.com\/lt\/parduotuve\/"},{"@type":"ListItem","position":2,"name":"Pirkite 4-EMC 4-Etilmetkatinon\u0105"}]},{"@type":"WebSite","@id":"https:\/\/medicinasinc.com\/lt\/#website","url":"https:\/\/medicinasinc.com\/lt\/","name":"Medicinas Inc","description":"Sveikatos medicinos klinika","potentialAction":[{"@type":"SearchAction","target":{"@type":"EntryPoint","urlTemplate":"https:\/\/medicinasinc.com\/lt\/?s={search_term_string}"},"query-input":{"@type":"PropertyValueSpecification","valueRequired":true,"valueName":"search_term_string"}}],"inLanguage":"en-US"}]}},"_links":{"self":[{"href":"https:\/\/medicinasinc.com\/lt\/wp-json\/wp\/v2\/product\/5368","targetHints":{"allow":["GET"]}}],"collection":[{"href":"https:\/\/medicinasinc.com\/lt\/wp-json\/wp\/v2\/product"}],"about":[{"href":"https:\/\/medicinasinc.com\/lt\/wp-json\/wp\/v2\/types\/product"}],"replies":[{"embeddable":true,"href":"https:\/\/medicinasinc.com\/lt\/wp-json\/wp\/v2\/comments?post=5368"}],"wp:featuredmedia":[{"embeddable":true,"href":"https:\/\/medicinasinc.com\/lt\/wp-json\/wp\/v2\/media\/5380"}],"wp:attachment":[{"href":"https:\/\/medicinasinc.com\/lt\/wp-json\/wp\/v2\/media?parent=5368"}],"wp:term":[{"taxonomy":"product_brand","embeddable":true,"href":"https:\/\/medicinasinc.com\/lt\/wp-json\/wp\/v2\/product_brand?post=5368"},{"taxonomy":"product_cat","embeddable":true,"href":"https:\/\/medicinasinc.com\/lt\/wp-json\/wp\/v2\/product_cat?post=5368"},{"taxonomy":"product_tag","embeddable":true,"href":"https:\/\/medicinasinc.com\/lt\/wp-json\/wp\/v2\/product_tag?post=5368"}],"curies":[{"name":"wp","href":"https:\/\/api.w.org\/{rel}","templated":true}]}}