{"id":5367,"date":"2022-02-21T21:52:55","date_gmt":"2022-02-21T21:52:55","guid":{"rendered":"https:\/\/medicinasinc.com\/lt\/?post_type=product&#038;p=5367"},"modified":"2022-03-20T12:18:43","modified_gmt":"2022-03-20T12:18:43","slug":"4-chlormetkatinono-4-cmc-hcl-kristalas","status":"publish","type":"product","link":"https:\/\/medicinasinc.com\/lt\/product\/4-chlormetkatinono-4-cmc-hcl-kristalas\/","title":{"rendered":"4-chlormetkatinonas (4-CMC HCl) kristalas"},"content":{"rendered":"<p>Internetu galite \u012fsigyti 4-CMC kristal\u0173 ir milteli\u0173 u\u017e labai ma\u017e\u0105 kain\u0105.<br \/> Parduotuv\u0117je pirkite 4-CMC kristal\u0105.<\/p>\n<p>4-CMC yra 4-Chloromethcathinone trumpinys. , ir tai rei\u0161kia, kad 4-chlorometkatinonas 4-CMC yra chemini\u0173 med\u017eiag\u0173, vadinam\u0173 katinonais, klas\u0117s dalis. Tai narkotikas. Anks\u010diau \u0161i tyrim\u0173 chemin\u0117 med\u017eiaga rinkoje nebuvo labai ilgai. Tai rei\u0161kia, kad daugelis \u017emoni\u0173 to dar nei\u0161band\u0117.<\/p>\n<p>\u012esigykite 4-CMC Crystals, kuris yra 4-chlorometkatinonas. \u0160ie kristalai yra pagaminti i\u0161 geriausi\u0173 tyrim\u0173 chemini\u0173 med\u017eiag\u0173 ir pristatomi greitai bei puikiomis kainomis. Apsilank\u0119 globalhomemed.com, ten galite gauti tik vaist\u0173.<\/p>\n<p>Ta\u010diau, nors 4-CMC yra naujas, buvo teigiama, kad preliminar\u016bs \u0161ios med\u017eiagos bandymai parod\u0117 padid\u0117jusias emocijas, greitesnius m\u0105stymo procesus ir auk\u0161t\u0105 energijos lygiai. Tai labai pana\u0161u \u012f 4-MMC, bk-MDMA ir 3-MMC. 4-CMC yra tas pats. Taigi, jei atlikote tyrim\u0105 su bet kuria i\u0161 \u0161i\u0173 chemini\u0173 med\u017eiag\u0173, \u017einote, ko tik\u0117tis i\u0161 4-CMC tyrim\u0173 eksperiment\u0173.<\/p>\n<p>&nbsp;<\/p>\n<p>Kur galiu nusipirkti 4-CMC?<\/p>\n<p>\u010cia, Chemical Planet, parduodame daug auk\u0161tos kokyb\u0117s 4-CMC. Daugeliu atvej\u0173 m\u016bs\u0173 4-CMC yra kristal\u0173 pavidalo. Susisiekite su mumis, jei nematote norimos formos. Gali b\u016bti, kad netrukus j\u012f atgausime.<\/p>\n<p>\u012esigykite 4-CMC i\u0161 Chemical Planet ir turite b\u016bti bent 18 met\u0173 am\u017eiaus ir visi\u0161kai laikytis mokslini\u0173 tyrim\u0173 chemini\u0173 med\u017eiag\u0173 \u012fstatym\u0173 savo \u0161alyje, jei norite tai daryti. \u017dmon\u0117s ir gyv\u016bnai negali naudoti m\u016bs\u0173 chemini\u0173 med\u017eiag\u0173. Jie skirti tik moksliniams tyrimams, o ne \u017emon\u0117ms ar gyv\u016bnams.<\/p>\n<p>4-CMC teis\u0117tumas<\/p>\n<p>\u017dmon\u0117s Kinijoje ir \u0160vedijoje nem\u0117gsta 4-CMC. Jei vartojate \u0161\u012f vaist\u0105 Vokietijoje, jis vadinamas \u201eAnlage I\u201c. Daugelis kit\u0173 \u0161ali\u0173 dar nenustat\u0117 \u0161ios chemin\u0117s med\u017eiagos datos. Taip yra daugiausia tod\u0117l, kad jis toks naujas.<\/p>\n<p>V\u0117sioje, sausoje vietoje visada geriausia, kad jos galiojimo laikas b\u016bt\u0173 geriausias. \u0160is produktas skirtas tik teismo medicinos ir tyrim\u0173 reikm\u0117ms. Jis n\u0117ra skirtas \u017emon\u0117ms valgyti arba i\u0161bandyti su gyv\u016bnais ar kitais gyvais daiktais.<\/p>\n","protected":false},"excerpt":{"rendered":"<p>Pigiai nusipirkite 4-CMC kristalus ir miltelius internetu i\u0161 internetin\u0117s parduotuv\u0117s. Pirkite 4-CMC kristalus ir miltelius, kuri\u0173 grynumas yra 99 proc. U\u017esisakykite 4-chlormetkatinono pardavimui JK, Europoje ir likusioje pasaulio dalyje<\/p>\n<p>Pirkite 4-chlormetkatinono (4-CMC HCl) hidrochlorido kristal\u0105 geriausiomis kainomis ir pristatykite j\u012f \u012f bet kuri\u0105 pasaulio viet\u0105. U\u017esisakykite 4-CMC Jungtin\u0117je Karalyst\u0117je ir Europoje<\/p>\n<p>Pirkite 4-CMC kristalus ir miltelius internetu pigiai i\u0161 internetin\u0117s parduotuv\u0117s.<\/p>\n<p>Pirkite 4-CMC kristalus ir 99 procent\u0173 grynumo milteliai.<\/p>\n","protected":false},"featured_media":5378,"comment_status":"open","ping_status":"closed","template":"","meta":[],"product_brand":[],"product_cat":[2014],"product_tag":[2101,2337,2102,2103,2326,2125,2329,2413,2209,2366,2368,2126,2104,2365,2105,2155,2331,2477,2156,2332,2157,2403,2371,2158,2372,2160,2161,2162,2165,2167,2168,2169,2172,2174,2175,2176,2177,2179,2181,2182,2183,2185,2190,2191,2192,2193,2198,2207,2202,2204,2205,2210,2211,2212,2213,2217,2218,2219,2220,2222,2223,2225,2226,2233,2479,2234,2235,2236,2238,2240,2243,2244,2245,2247,2248,2249,2250,2251,2254,2255,2256,2257,2258,2259,2260,2261,2262,2264,2265,2266,2297,2186,2285,2353,2354,2286,2187,2188,2189,2272,2273,2194,2274,2275,2195,2196,2308,2197,2292,2361,2278,2293,2268,2269,2270,2271,2276,2277,2279,2216,2335,2345,2483,2199,2200,2201,2203,2280,2281,2282,2283,2284,2287,2288,2289,2290,2291,2294,2346,2374,2480,2309,2298,2299,2300,2301,2302,2303,2304,2305,2306,2307,2482,2476,2310,2311,2312,2313,2314,2315,2316,2317,2318,2319,2320,2484,2334,2327,2328,2333,2338,2341,2342,2343,2344,2206,2208,2214,2348,2349,2350,2351,2352,2355,2356,2357,2358,2359,2360,2362,2363,2364,2367,2369,2370,2373,2253,2321,2481,2478,2416,2324,2408,2380,2409,2410,2411,2412,2469,2414,2415,2417,2418,2419,2391,2420,2392,2421,2159,2173,2422,2423,2164,2424,2425,2163,2428,2166,2180,2430,2432,2170,2433,2434,2171,2221,2246,2178,2252,2263,2322,2239,2267,2184,2323,2295,2379,2381,2382,2383,2384,2385,2386,2387,2388,2389,2390,2394,2395,2396,2397,2398,2399,2400,2401,2402,2404,2405,2406,2407,2215,2426,2427,2429,2431,2435,2436,2437,2438,2439,2440,2441,2442,2443,2444,2445,2446,2447,2449,2450,2451,2452,2453,2454,2455,2456,2457,2458,2459,2460,2461,2462,2463,2464,2465,2466,2467,2468,2470,2471,2472,2473,2474,2475,2325,2339,2340,2330,2336,2347],"class_list":{"0":"post-5367","1":"product","2":"type-product","3":"status-publish","4":"has-post-thumbnail","6":"product_cat-pirkti-tyrineti-chemikalai","7":"product_tag-2-fdck","8":"product_tag-urnalas-2-fdck","9":"product_tag-2-mmc","10":"product_tag-3-cmc","11":"product_tag-parduotuv-3-cmc","12":"product_tag-3-mmc-granuls","13":"product_tag-parduotuv-3-mmc-granuls","14":"product_tag-uzlet-3-mmc-granuls","15":"product_tag-mainistas-3-mmc","16":"product_tag-parduotuv-3-mmc","17":"product_tag-parduotuv-3-mmc-pills","18":"product_tag-3-mmc-tablets","19":"product_tag-3-mm","20":"product_tag-parduotuv-3-mma","21":"product_tag-3-mmc","22":"product_tag-4-cmc","23":"product_tag-parduotuv-4-cmc","24":"product_tag-4-cmc-crystals","25":"product_tag-5-mmpa","26":"product_tag-parduotuv-5-mmpa","27":"product_tag-a-php","28":"product_tag-i-parduotuvs--php","29":"product_tag-parduotuv-php","30":"product_tag-a-pihp","31":"product_tag-parduotuv-pihp","32":"product_tag-acheter-2-mmc","33":"product_tag-acheter-3-cmc","34":"product_tag-acheter-3-mma","35":"product_tag-acheter-3-mmc-tabletes","36":"product_tag-acheter-5-mmpa","37":"product_tag-acheter-a-php","38":"product_tag-acheter-a-pihp","39":"product_tag-acquista-2-fdck","40":"product_tag-acquista-3-cmc","41":"product_tag-acquista-3-mma","42":"product_tag-acquista-3-mmc","43":"product_tag-acquista-3-mmc-pellets","44":"product_tag-acquista-4-cmc","45":"product_tag-acquista-a-php","46":"product_tag-acquista-a-pihp","47":"product_tag-acquista-eutylone","48":"product_tag-al-por-mayor-2-fdck","49":"product_tag-al-por-mayor-3-mmc-pellets","50":"product_tag-al-por-mayor-3-mmc-pills","51":"product_tag-al-por-mayor-4-cmc","52":"product_tag-al-por-mayor-5-mmpa","53":"product_tag-al-por-mayor-hexen","54":"product_tag-masinis-3-cmc","55":"product_tag-best-a-pihp","56":"product_tag-best-hexen","57":"product_tag-bulk-2-fdck","58":"product_tag-bulk-3-mmc-pellets","59":"product_tag-bulk-3-mmc-pills","60":"product_tag-bulk-4-cmc","61":"product_tag-bulk-5-mmpa","62":"product_tag-bulk-hexedrone","63":"product_tag-bulk-hexen","64":"product_tag-buy-2-fdck","65":"product_tag-buy-2-mmc","66":"product_tag-buy-3-mma","67":"product_tag-buy-3-mmc","68":"product_tag-buy-3-mmc-pellets","69":"product_tag-buy-3-mmc-pills","70":"product_tag-buy-4-cmc","71":"product_tag-buy-4-cmc-crystals-online","72":"product_tag-buy-5-mmpa","73":"product_tag-buy-a-php","74":"product_tag-buy-a-pihp","75":"product_tag-buy-eutylone","76":"product_tag-buy-hexen","77":"product_tag-comprar-2-fdck","78":"product_tag-comprar-2-mmc","79":"product_tag-comprar-3-cmc","80":"product_tag-comprar-3-mmc","81":"product_tag-comprar-3-mmc-pellets","82":"product_tag-comprar-3-mmc-pills","83":"product_tag-comprar-4-cmc","84":"product_tag-comprar-5-mmpa","85":"product_tag-comprar-eutylone","86":"product_tag-comprar-hexedrone","87":"product_tag-comprar-hexen","88":"product_tag-cumpara-2-fdck","89":"product_tag-cumpara-3-cmc","90":"product_tag-cumpara-3-mma","91":"product_tag-cumpara-3-mmc","92":"product_tag-cumpara-4-cmc","93":"product_tag-cumpara-5-mmpa","94":"product_tag-cumpara-a-pihp","95":"product_tag-cumpara-eutylone","96":"product_tag-cumpara-hexedrone","97":"product_tag-didmenin-prekyba-2-fdck","98":"product_tag-didmenin-prekyba-2-mmc","99":"product_tag-didmenin-prekyba-3-mmc-granuls","100":"product_tag-didmenin-prekyba-3-mmc-granulmis","101":"product_tag-didmenin-prekyba-3-mmc-tabletmis","102":"product_tag-didmenin-prekyba-3-mmc-tablets","103":"product_tag-didmenin-prekyba-3-cmc","104":"product_tag-didmenin-prekyba-3-mma","105":"product_tag-didmenin-prekyba-3-mmc","106":"product_tag-didmenin-prekyba-4-cmc","107":"product_tag-didmenin-prekyba-5-mmpa","108":"product_tag-didmenin-prekyba--php","109":"product_tag-didmenin-prekyba-php","110":"product_tag-didmenin-prekyba-a-pihp","111":"product_tag-didmenin-prekyba--pihp","112":"product_tag-didmenin-prekyba-eutilonas","113":"product_tag-ingroso-eutilonas","114":"product_tag-didmenin-prekyba-heksdronas","115":"product_tag-didmenin-prekyba-heksadronu","116":"product_tag-didmenin-prekyba-heksenais","117":"product_tag-didmenin-prekyba-hexen","118":"product_tag-didmenin-prekyba-eiabriauniais","119":"product_tag-en-gros-2-fdck","120":"product_tag-en-gros-3-cmc","121":"product_tag-en-gros-3-mma","122":"product_tag-en-gros-3-mmc","123":"product_tag-en-gros-eutylone","124":"product_tag-en-gros-hexedrone","125":"product_tag-eutilonas","126":"product_tag-trinis-eutilonas","127":"product_tag-parduotuv-eutilonas","128":"product_tag-eutilono-parduotuv","129":"product_tag-geriausia-vieta-pirkti-4-cmc-crystals-internete","130":"product_tag-geriausias-3-cmc","131":"product_tag-geriausias-3-mmc","132":"product_tag-geriausias-4-cmc","133":"product_tag-geriausias-heksdronas","134":"product_tag-groothandel-2-fdck","135":"product_tag-groothandel-2-mmc","136":"product_tag-groothandel-3-cmc","137":"product_tag-groothandel-3-mma","138":"product_tag-groothandel-3-mmc","139":"product_tag-groothandel-4-cmc","140":"product_tag-groothandel-5-mmpa","141":"product_tag-groothandel-a-php","142":"product_tag-groothandel-a-pihp","143":"product_tag-groothandel-eutylone","144":"product_tag-heksadronas","145":"product_tag-heksadrono-parduotuv","146":"product_tag-parduotuv-heksenas","147":"product_tag-how-to-buy-4-cmc-crystals-online","148":"product_tag-ingroso-raganos","149":"product_tag-ingrosso-2-mmc","150":"product_tag-ingrosso-3-cmc","151":"product_tag-ingrosso-3-mma","152":"product_tag-ingrosso-3-mmc","153":"product_tag-ingrosso-3-mmc-granuls","154":"product_tag-ingrosso-3-mmc-tabletes","155":"product_tag-ingrosso-4-cmc","156":"product_tag-ingrosso-5-mmpa","157":"product_tag-ingrosso-a-php","158":"product_tag-ingrosso-a-pihp","159":"product_tag-pirkti-4-cmc-kristalai-internetu","160":"product_tag-kampins-raganos","161":"product_tag-koop-2-fdck","162":"product_tag-koop-2-mmc","163":"product_tag-koop-3-cmc","164":"product_tag-koop-3-mma","165":"product_tag-koop-3-mmc","166":"product_tag-koop-3-mmc-granuls","167":"product_tag-koop-3-mmc-pills","168":"product_tag-koop-4-cmc","169":"product_tag-koop-5-mmpa","170":"product_tag-koop-a-php","171":"product_tag-koop-a-pihp","172":"product_tag-kur-pirkti-4-cmc-kristalai-internetu","173":"product_tag-parduotuv-a-pihp","174":"product_tag-magasin-3-mma","175":"product_tag-magasin-3-mmc","176":"product_tag-magasin-a-php","177":"product_tag-magazin-3-cmc","178":"product_tag-magazin-4-cmc","179":"product_tag-magazin-5-mmpa","180":"product_tag-magazin-a-php","181":"product_tag-magazin-a-pihp","182":"product_tag-masinis-2-mmc","183":"product_tag-trinis-3-mma","184":"product_tag-php-maina","185":"product_tag-nagykereskedelem-2-fdck","186":"product_tag-nagykereskedelem-2-mmc","187":"product_tag-nagykereskedelem-3-cmc","188":"product_tag-nagykereskedelem-3-mma","189":"product_tag-nagykereskedelem-3-mmc","190":"product_tag-nagykereskedelem-4-cmc","191":"product_tag-nagykereskedelem-5-mmpa","192":"product_tag-nagykereskedelem-a-php","193":"product_tag-nagykereskedelem-a-pihp","194":"product_tag-nagykereskedelem-eutylone","195":"product_tag-nagykereskedelem-hexedrone","196":"product_tag-negozio-2-fdck","197":"product_tag-negozio-2-mmc","198":"product_tag-negozio-3-cmc","199":"product_tag-negozio-3-mmc-pellets","200":"product_tag-negozio-4-cmc","201":"product_tag-negozio-5-mmpa","202":"product_tag-negozio-eutylone","203":"product_tag-pirk-a-pihp","204":"product_tag-nusipirk-eutilono","205":"product_tag-order-4-cmc-crystals-online","206":"product_tag-parduodami-4-cmc-kristalai","207":"product_tag-uzlet-a-php","208":"product_tag-parduotuv-2-fdck","209":"product_tag-kilimas-2-fdck","210":"product_tag-parduotuv-2-mmc","211":"product_tag-kilimas-2-mmc","212":"product_tag-kilimas-3-cmc","213":"product_tag-kilimas-3-mm","214":"product_tag-kilimas-3-mmc","215":"product_tag-parduotuv-3-mmc-tabletes","216":"product_tag-kilimo-3-mmc-tablets","217":"product_tag-kilimas-4-cmc","218":"product_tag-uzlet-a-pihp","219":"product_tag-kilimo-eutilonas","220":"product_tag-kilimo-heksedronas","221":"product_tag-parduotuv-heksdronas","222":"product_tag-uzlet-hexen","223":"product_tag-parduotuvs-raganos","224":"product_tag-vasarold-meg-2-fdck","225":"product_tag-pirkti-2-fdck","226":"product_tag-pirkti-2-mmc","227":"product_tag-vasarold-meg-2-mmc","228":"product_tag-vasarold-meg-3-cmc","229":"product_tag-pirkti-3-mmc-granuls","230":"product_tag-vasarold-meg-3-mma","231":"product_tag-vasarold-meg-3-mmc","232":"product_tag-pirkti-3-mmc","233":"product_tag-vasarold-meg-4-cmc","234":"product_tag-pirkti-4-cmc","235":"product_tag-pirkti-5-mmpa","236":"product_tag-vasarold-meg-a-php","237":"product_tag-vasarold-meg-eutilonas","238":"product_tag-pirk-eutilonas","239":"product_tag-vasarold-meg-heksedronas","240":"product_tag-vasarold-meg-hexen","241":"product_tag-acheter-hexen","242":"product_tag-pirkti-3-cmc","243":"product_tag-pirkti-3-mma","244":"product_tag-pirkti-3-mmc-tabletes","245":"product_tag-pirkti-php","246":"product_tag-cumpara-a-php","247":"product_tag-pirkti-heksadron","248":"product_tag-pirkti-heksdronas","249":"product_tag-pirkti-heksen","250":"product_tag-pirkti-heksenas","251":"product_tag-pirkti-eiabriaunius","252":"product_tag-raganius","253":"product_tag-shop-2-fdck","254":"product_tag-shop-3-cmc","255":"product_tag-shop-3-mma","256":"product_tag-shop-3-mmc","257":"product_tag-shop-3-mmc-pellets","258":"product_tag-shop-3-mmc-pills","259":"product_tag-shop-4-cmc","260":"product_tag-shop-5-mmpa","261":"product_tag-shop-a-php","262":"product_tag-shop-a-pihp","263":"product_tag-shop-eutylone","264":"product_tag-tienda-2-fdck","265":"product_tag-tienda-2-mmc","266":"product_tag-tienda-3-cmc","267":"product_tag-tienda-3-mma","268":"product_tag-tienda-3-mmc","269":"product_tag-tienda-3-mmc-pellets","270":"product_tag-tienda-3-mmc-pills","271":"product_tag-tienda-4-cmc","272":"product_tag-tienda-5-mmpa","273":"product_tag-tienda-a-pihp","274":"product_tag-tienda-eutylone","275":"product_tag-tienda-hexedrone","276":"product_tag-tienda-hexen","277":"product_tag-mainistas-a-pihp","278":"product_tag-vasarold-meg-3-mmc-pellets","279":"product_tag-vasarold-meg-3-mmc-pills","280":"product_tag-vasarold-meg-5-mmpa","281":"product_tag-vasarold-meg-a-pihp","282":"product_tag-vente-en-gros-2-fdck","283":"product_tag-vente-en-gros-2-mmc","284":"product_tag-vente-en-gros-3-cmc","285":"product_tag-vente-en-gros-3-mma","286":"product_tag-vente-en-gros-3-mmc","287":"product_tag-vente-en-gros-3-mmc-pellets","288":"product_tag-vente-en-gros-3-mmc-pills","289":"product_tag-vente-en-gros-4-cmc","290":"product_tag-vente-en-gros-5-mmpa","291":"product_tag-vente-en-gros-a-php","292":"product_tag-vente-en-gros-a-pihp","293":"product_tag-vente-en-gros-eutylone","294":"product_tag-vente-en-gros-hexen","295":"product_tag-wholesale-2-fdck","296":"product_tag-wholesale-2-mmc","297":"product_tag-wholesale-3-cmc","298":"product_tag-wholesale-3-mma","299":"product_tag-wholesale-3-mmc","300":"product_tag-wholesale-3-mmc-pellets","301":"product_tag-wholesale-3-mmc-pills","302":"product_tag-wholesale-4-cmc","303":"product_tag-wholesale-5-mmpa","304":"product_tag-wholesale-a-php","305":"product_tag-wholesale-a-pihp","306":"product_tag-wholesale-eutylone","307":"product_tag-wholesale-hexedrone","308":"product_tag-wholesale-hexen","309":"product_tag-winkel-2-fdck","310":"product_tag-winkel-2-mmc","311":"product_tag-winkel-3-cmc","312":"product_tag-winkel-3-mma","313":"product_tag-winkel-3-mmc","314":"product_tag-winkel-3-mmc-granuls","315":"product_tag-winkel-4-cmc","316":"product_tag-winkel-5-mmpa","317":"product_tag-winkel-a-php","318":"product_tag-winkel-a-pihp","319":"product_tag-winkel-eutylone","320":"product_tag-winkel-hexedrone","321":"product_tag-urnalas-2-mmc","322":"product_tag-urnalas-3-mma","323":"product_tag-urnalas-3-mmc","324":"product_tag-urnalas-3-mmc-tablets","325":"product_tag-magasin-raganos","326":"product_tag-c5-beurnal-c5-b3-raganos","328":"first","329":"instock","330":"shipping-taxable","331":"purchasable","332":"product-type-variable","333":"has-default-attributes"},"yoast_head":"<!-- This site is optimized with the Yoast SEO plugin v27.3 - https:\/\/yoast.com\/product\/yoast-seo-wordpress\/ -->\n<title>Pirkite 4-chlormetkatinono (4-CMC HCl) kristal\u0105 \u2013 geriausi pasaulyje vaistai<\/title>\n<meta name=\"description\" content=\"Pirkite 4-CMC Crystal &amp; Pudra internetu pigu. Pirkite 4-CMC Crystal &amp; 99% grynumo milteliai. U\u017esisakykite 4-chlorometkatinono pardavimui JK, Europoje\" \/>\n<meta name=\"robots\" content=\"index, follow, max-snippet:-1, max-image-preview:large, max-video-preview:-1\" \/>\n<link rel=\"canonical\" href=\"https:\/\/medicinasinc.com\/lt\/product\/4-chlormetkatinono-4-cmc-hcl-kristalas\/\" \/>\n<meta property=\"og:locale\" content=\"en_US\" \/>\n<meta property=\"og:type\" content=\"article\" \/>\n<meta property=\"og:title\" content=\"Pirkite 4-chlormetkatinono (4-CMC HCl) kristal\u0105 \u2013 geriausi pasaulyje vaistai\" \/>\n<meta property=\"og:description\" content=\"Pirkite 4-CMC Crystal &amp; Pudra internetu pigu. Pirkite 4-CMC Crystal &amp; 99% grynumo milteliai. U\u017esisakykite 4-chlorometkatinono pardavimui JK, Europoje\" \/>\n<meta property=\"og:url\" content=\"https:\/\/medicinasinc.com\/lt\/product\/4-chlormetkatinono-4-cmc-hcl-kristalas\/\" \/>\n<meta property=\"og:site_name\" content=\"Medicinas Inc\" \/>\n<meta property=\"article:modified_time\" content=\"2022-03-20T12:18:43+00:00\" \/>\n<meta property=\"og:image\" content=\"https:\/\/medicinasinc.com\/lt\/wp-content\/uploads\/sites\/9\/2022\/02\/buy-4-Chloromethcathinone.jpg\" \/>\n\t<meta property=\"og:image:width\" content=\"2560\" \/>\n\t<meta property=\"og:image:height\" content=\"1887\" \/>\n\t<meta property=\"og:image:type\" content=\"image\/jpeg\" \/>\n<meta name=\"twitter:card\" content=\"summary_large_image\" \/>\n<meta name=\"twitter:label1\" content=\"Est. reading time\" \/>\n\t<meta name=\"twitter:data1\" content=\"2 minutes\" \/>\n<script type=\"application\/ld+json\" class=\"yoast-schema-graph\">{\"@context\":\"https:\\\/\\\/schema.org\",\"@graph\":[{\"@type\":\"WebPage\",\"@id\":\"https:\\\/\\\/medicinasinc.com\\\/lt\\\/product\\\/4-chlormetkatinono-4-cmc-hcl-kristalas\\\/\",\"url\":\"https:\\\/\\\/medicinasinc.com\\\/lt\\\/product\\\/4-chlormetkatinono-4-cmc-hcl-kristalas\\\/\",\"name\":\"Pirkite 4-chlormetkatinono (4-CMC HCl) kristal\u0105 \u2013 geriausi pasaulyje vaistai\",\"isPartOf\":{\"@id\":\"https:\\\/\\\/medicinasinc.com\\\/lt\\\/#website\"},\"primaryImageOfPage\":{\"@id\":\"https:\\\/\\\/medicinasinc.com\\\/lt\\\/product\\\/4-chlormetkatinono-4-cmc-hcl-kristalas\\\/#primaryimage\"},\"image\":{\"@id\":\"https:\\\/\\\/medicinasinc.com\\\/lt\\\/product\\\/4-chlormetkatinono-4-cmc-hcl-kristalas\\\/#primaryimage\"},\"thumbnailUrl\":\"https:\\\/\\\/medicinasinc.com\\\/lt\\\/wp-content\\\/uploads\\\/sites\\\/9\\\/2022\\\/02\\\/buy-4-Chloromethcathinone.jpg\",\"datePublished\":\"2022-02-21T21:52:55+00:00\",\"dateModified\":\"2022-03-20T12:18:43+00:00\",\"description\":\"Pirkite 4-CMC Crystal &amp; Pudra internetu pigu. Pirkite 4-CMC Crystal &amp; 99% grynumo milteliai. U\u017esisakykite 4-chlorometkatinono pardavimui JK, Europoje\",\"breadcrumb\":{\"@id\":\"https:\\\/\\\/medicinasinc.com\\\/lt\\\/product\\\/4-chlormetkatinono-4-cmc-hcl-kristalas\\\/#breadcrumb\"},\"inLanguage\":\"en-US\",\"potentialAction\":[{\"@type\":\"ReadAction\",\"target\":[\"https:\\\/\\\/medicinasinc.com\\\/lt\\\/product\\\/4-chlormetkatinono-4-cmc-hcl-kristalas\\\/\"]}]},{\"@type\":\"ImageObject\",\"inLanguage\":\"en-US\",\"@id\":\"https:\\\/\\\/medicinasinc.com\\\/lt\\\/product\\\/4-chlormetkatinono-4-cmc-hcl-kristalas\\\/#primaryimage\",\"url\":\"https:\\\/\\\/medicinasinc.com\\\/lt\\\/wp-content\\\/uploads\\\/sites\\\/9\\\/2022\\\/02\\\/buy-4-Chloromethcathinone.jpg\",\"contentUrl\":\"https:\\\/\\\/medicinasinc.com\\\/lt\\\/wp-content\\\/uploads\\\/sites\\\/9\\\/2022\\\/02\\\/buy-4-Chloromethcathinone.jpg\",\"width\":2560,\"height\":1887},{\"@type\":\"BreadcrumbList\",\"@id\":\"https:\\\/\\\/medicinasinc.com\\\/lt\\\/product\\\/4-chlormetkatinono-4-cmc-hcl-kristalas\\\/#breadcrumb\",\"itemListElement\":[{\"@type\":\"ListItem\",\"position\":1,\"name\":\"Parduotuv\u0117\",\"item\":\"https:\\\/\\\/medicinasinc.com\\\/lt\\\/parduotuve\\\/\"},{\"@type\":\"ListItem\",\"position\":2,\"name\":\"4-chlormetkatinonas (4-CMC HCl) kristalas\"}]},{\"@type\":\"WebSite\",\"@id\":\"https:\\\/\\\/medicinasinc.com\\\/lt\\\/#website\",\"url\":\"https:\\\/\\\/medicinasinc.com\\\/lt\\\/\",\"name\":\"Medicinas Inc\",\"description\":\"Sveikatos medicinos klinika\",\"potentialAction\":[{\"@type\":\"SearchAction\",\"target\":{\"@type\":\"EntryPoint\",\"urlTemplate\":\"https:\\\/\\\/medicinasinc.com\\\/lt\\\/?s={search_term_string}\"},\"query-input\":{\"@type\":\"PropertyValueSpecification\",\"valueRequired\":true,\"valueName\":\"search_term_string\"}}],\"inLanguage\":\"en-US\"}]}<\/script>\n<!-- \/ Yoast SEO plugin. -->","yoast_head_json":{"title":"Pirkite 4-chlormetkatinono (4-CMC HCl) kristal\u0105 \u2013 geriausi pasaulyje vaistai","description":"Pirkite 4-CMC Crystal &amp; Pudra internetu pigu. Pirkite 4-CMC Crystal &amp; 99% grynumo milteliai. U\u017esisakykite 4-chlorometkatinono pardavimui JK, Europoje","robots":{"index":"index","follow":"follow","max-snippet":"max-snippet:-1","max-image-preview":"max-image-preview:large","max-video-preview":"max-video-preview:-1"},"canonical":"https:\/\/medicinasinc.com\/lt\/product\/4-chlormetkatinono-4-cmc-hcl-kristalas\/","og_locale":"en_US","og_type":"article","og_title":"Pirkite 4-chlormetkatinono (4-CMC HCl) kristal\u0105 \u2013 geriausi pasaulyje vaistai","og_description":"Pirkite 4-CMC Crystal &amp; Pudra internetu pigu. Pirkite 4-CMC Crystal &amp; 99% grynumo milteliai. U\u017esisakykite 4-chlorometkatinono pardavimui JK, Europoje","og_url":"https:\/\/medicinasinc.com\/lt\/product\/4-chlormetkatinono-4-cmc-hcl-kristalas\/","og_site_name":"Medicinas Inc","article_modified_time":"2022-03-20T12:18:43+00:00","og_image":[{"width":2560,"height":1887,"url":"https:\/\/medicinasinc.com\/lt\/wp-content\/uploads\/sites\/9\/2022\/02\/buy-4-Chloromethcathinone.jpg","type":"image\/jpeg"}],"twitter_card":"summary_large_image","twitter_misc":{"Est. reading time":"2 minutes"},"schema":{"@context":"https:\/\/schema.org","@graph":[{"@type":"WebPage","@id":"https:\/\/medicinasinc.com\/lt\/product\/4-chlormetkatinono-4-cmc-hcl-kristalas\/","url":"https:\/\/medicinasinc.com\/lt\/product\/4-chlormetkatinono-4-cmc-hcl-kristalas\/","name":"Pirkite 4-chlormetkatinono (4-CMC HCl) kristal\u0105 \u2013 geriausi pasaulyje vaistai","isPartOf":{"@id":"https:\/\/medicinasinc.com\/lt\/#website"},"primaryImageOfPage":{"@id":"https:\/\/medicinasinc.com\/lt\/product\/4-chlormetkatinono-4-cmc-hcl-kristalas\/#primaryimage"},"image":{"@id":"https:\/\/medicinasinc.com\/lt\/product\/4-chlormetkatinono-4-cmc-hcl-kristalas\/#primaryimage"},"thumbnailUrl":"https:\/\/medicinasinc.com\/lt\/wp-content\/uploads\/sites\/9\/2022\/02\/buy-4-Chloromethcathinone.jpg","datePublished":"2022-02-21T21:52:55+00:00","dateModified":"2022-03-20T12:18:43+00:00","description":"Pirkite 4-CMC Crystal &amp; Pudra internetu pigu. Pirkite 4-CMC Crystal &amp; 99% grynumo milteliai. U\u017esisakykite 4-chlorometkatinono pardavimui JK, Europoje","breadcrumb":{"@id":"https:\/\/medicinasinc.com\/lt\/product\/4-chlormetkatinono-4-cmc-hcl-kristalas\/#breadcrumb"},"inLanguage":"en-US","potentialAction":[{"@type":"ReadAction","target":["https:\/\/medicinasinc.com\/lt\/product\/4-chlormetkatinono-4-cmc-hcl-kristalas\/"]}]},{"@type":"ImageObject","inLanguage":"en-US","@id":"https:\/\/medicinasinc.com\/lt\/product\/4-chlormetkatinono-4-cmc-hcl-kristalas\/#primaryimage","url":"https:\/\/medicinasinc.com\/lt\/wp-content\/uploads\/sites\/9\/2022\/02\/buy-4-Chloromethcathinone.jpg","contentUrl":"https:\/\/medicinasinc.com\/lt\/wp-content\/uploads\/sites\/9\/2022\/02\/buy-4-Chloromethcathinone.jpg","width":2560,"height":1887},{"@type":"BreadcrumbList","@id":"https:\/\/medicinasinc.com\/lt\/product\/4-chlormetkatinono-4-cmc-hcl-kristalas\/#breadcrumb","itemListElement":[{"@type":"ListItem","position":1,"name":"Parduotuv\u0117","item":"https:\/\/medicinasinc.com\/lt\/parduotuve\/"},{"@type":"ListItem","position":2,"name":"4-chlormetkatinonas (4-CMC HCl) kristalas"}]},{"@type":"WebSite","@id":"https:\/\/medicinasinc.com\/lt\/#website","url":"https:\/\/medicinasinc.com\/lt\/","name":"Medicinas Inc","description":"Sveikatos medicinos klinika","potentialAction":[{"@type":"SearchAction","target":{"@type":"EntryPoint","urlTemplate":"https:\/\/medicinasinc.com\/lt\/?s={search_term_string}"},"query-input":{"@type":"PropertyValueSpecification","valueRequired":true,"valueName":"search_term_string"}}],"inLanguage":"en-US"}]}},"_links":{"self":[{"href":"https:\/\/medicinasinc.com\/lt\/wp-json\/wp\/v2\/product\/5367","targetHints":{"allow":["GET"]}}],"collection":[{"href":"https:\/\/medicinasinc.com\/lt\/wp-json\/wp\/v2\/product"}],"about":[{"href":"https:\/\/medicinasinc.com\/lt\/wp-json\/wp\/v2\/types\/product"}],"replies":[{"embeddable":true,"href":"https:\/\/medicinasinc.com\/lt\/wp-json\/wp\/v2\/comments?post=5367"}],"wp:featuredmedia":[{"embeddable":true,"href":"https:\/\/medicinasinc.com\/lt\/wp-json\/wp\/v2\/media\/5378"}],"wp:attachment":[{"href":"https:\/\/medicinasinc.com\/lt\/wp-json\/wp\/v2\/media?parent=5367"}],"wp:term":[{"taxonomy":"product_brand","embeddable":true,"href":"https:\/\/medicinasinc.com\/lt\/wp-json\/wp\/v2\/product_brand?post=5367"},{"taxonomy":"product_cat","embeddable":true,"href":"https:\/\/medicinasinc.com\/lt\/wp-json\/wp\/v2\/product_cat?post=5367"},{"taxonomy":"product_tag","embeddable":true,"href":"https:\/\/medicinasinc.com\/lt\/wp-json\/wp\/v2\/product_tag?post=5367"}],"curies":[{"name":"wp","href":"https:\/\/api.w.org\/{rel}","templated":true}]}}