{"id":5366,"date":"2022-02-21T21:52:02","date_gmt":"2022-02-21T21:52:02","guid":{"rendered":"https:\/\/medicinasinc.com\/lt\/?post_type=product&#038;p=5366"},"modified":"2022-03-20T12:18:56","modified_gmt":"2022-03-20T12:18:56","slug":"pirkti-3f-fenmetrazinas","status":"publish","type":"product","link":"https:\/\/medicinasinc.com\/lt\/product\/pirkti-3f-fenmetrazinas\/","title":{"rendered":"Pirkite 3F-fenmetrazin\u0105"},"content":{"rendered":"<p>K\u0105 rei\u0161kia 3-FPM?<\/p>\n<p>3-FPM rei\u0161kia 3-Fluorophenmetrazine, o tai rei\u0161kia 3-Fluorophenmetrazine. 3-FPM yra tyrimams naudojama chemin\u0117 med\u017eiaga, kuri turi daug galios paskatinti \u017emones jud\u0117ti. 3-FPM yra chemini\u0173 med\u017eiag\u0173, vadinam\u0173 fenolio morfolinu, klas\u0117s dalis ir gali pakenkti j\u016bs\u0173 organizmui. Paprastai manoma, kad 3-FPM eksperiment\u0173 rezultatai yra labai pana\u0161\u016bs arba beveik tokie patys kaip ir amfetamino eksperiment\u0173 rezultatai. Eksperimentai su 3-FPM da\u017eniausiai rodo, kad \u017emon\u0117s yra labiau susikaup\u0119 ir labiau motyvuoti, j\u0173 mintys juda grei\u010diau, jau\u010diasi laimingi. Ta\u010diau da\u017enai sakoma, kad \u0161ie rezultatai yra ne tokie intensyv\u016bs nei amfetamino ar kit\u0173 vaist\u0173, kurie daro jus budresnius. Daugelis \u017emoni\u0173 nesinervina ir nemiega, kai naudoja 3-FPM.<\/p>\n<p>Kur galiu nusipirkti 3-FPM?<\/p>\n<p>Best Globel Med turime daug Parduodamas labai geras 3-FPM. M\u016bs\u0173 3-FPM yra tiek milteli\u0173, tiek granuli\u0173 pavidalu, tod\u0117l galite j\u012f gauti. Nesvarbu, kuriai i\u0161 \u0161i\u0173 dviej\u0173 chemini\u0173 b\u016bsen\u0173 teikiate pirmenyb\u0119. Mes jums r\u016bpinam\u0117s.<\/p>\n<p>Parduodame 3-FPM, kuris skirtas tik tyrimams, o ne pardavimui. Jis n\u0117ra skirtas naudoti namuose. \u017dmon\u0117s, perkantys i\u0161 m\u016bs\u0173 3-FPM, turi b\u016bti ne jaunesni kaip 18 met\u0173 ir visi\u0161kai atitikti savo \u0161alies \u012fstatymus.<\/p>\n<p>3-FPM yra teis\u0117ti.<\/p>\n<p>3-FPM yra neteis\u0117ta pirkti, parduoti ar tur\u0117ti Izraelyje, \u0160veicarijoje ar JAV, tod\u0117l to daryti negalite. Jungtin\u0117je Karalyst\u0117je manoma, kad jis pana\u0161us \u012f fenmetrazin\u0105, kuris yra vaistas, kur\u012f \u017emon\u0117ms vartoti nesaugu.<\/p>\n<p>V\u0117susi, sausa vieta visada yra geriausia galiojimo laikui u\u017etikrinti. \u0160is produktas skirtas tik teismo medicinos ir tyrim\u0173 reikm\u0117ms. Jis n\u0117ra skirtas \u017emon\u0117ms valgyti arba i\u0161bandyti su gyv\u016bnais ar kitais gyvais daiktais.<\/p>\n","protected":false},"excerpt":{"rendered":"<div class=\"woocommerce-product-details__short-description\">\n<p>PIRKTI 3-FPM3-FPM (taip pat \u017einomas kaip 3-fluorofenmetrazinas, 3F-fenmetrazinas ir PAL-593) yra naujas fenilmorfolino pagrindu pagamintas stimuliatorius.<\/p>\n<p> p&gt; <\/p>\n<p>3-fluorfenmetrazinas, dar \u017einomas kaip 3F-fenmetrazinas, PAL-593 ir 3-FPM, yra naujas fenilmorfolino klas\u0117s stimuliatorius.<\/p>\n<p>Pirkite 3-FPM internetu<\/p>\n<p>3F-fenmetrazin\u0105 galima \u012fsigyti internetu.<\/p>\n<p>3F-fenmetrazin\u0105 galima \u012fsigyti kaip kristalin\u0119 arba milteli\u0173 pavidalo balt\u0105 med\u017eiag\u0105. 3F-fenmetrazinas tirpsta organiniuose tirpikliuose, tokiuose kaip metanolis, etanolis, dimetilformamidas (DMF) ir dichlormetanas (DCM), kuriuos reikia i\u0161valyti inertin\u0117mis dujomis.<\/p>\n<\/p><\/div>\n","protected":false},"featured_media":5376,"comment_status":"open","ping_status":"closed","template":"","meta":[],"product_brand":[],"product_cat":[2014],"product_tag":[],"class_list":{"0":"post-5366","1":"product","2":"type-product","3":"status-publish","4":"has-post-thumbnail","6":"product_cat-pirkti-tyrineti-chemikalai","8":"first","9":"instock","10":"shipping-taxable","11":"purchasable","12":"product-type-variable","13":"has-default-attributes"},"yoast_head":"<!-- This site is optimized with the Yoast SEO plugin v27.3 - https:\/\/yoast.com\/product\/yoast-seo-wordpress\/ -->\n<title>Pirkite 3F-fenmetrazin\u0105 \u2013 geriausius pasaulinius vaistus<\/title>\n<meta name=\"description\" content=\"PIRKTI Parduodamas 3-FPM3-FPM (taip pat \u017einomas kaip 3-fluorofenmetrazinas, 3F-fenmetrazinas ir PAL-593) yra nauja fenilmorfolino klas\u0117s stimuliuojanti med\u017eiaga.\" \/>\n<meta name=\"robots\" content=\"index, follow, max-snippet:-1, max-image-preview:large, max-video-preview:-1\" \/>\n<link rel=\"canonical\" href=\"https:\/\/medicinasinc.com\/lt\/product\/pirkti-3f-fenmetrazinas\/\" \/>\n<meta property=\"og:locale\" content=\"en_US\" \/>\n<meta property=\"og:type\" content=\"article\" \/>\n<meta property=\"og:title\" content=\"Pirkite 3F-fenmetrazin\u0105 \u2013 geriausius pasaulinius vaistus\" \/>\n<meta property=\"og:description\" content=\"PIRKTI Parduodamas 3-FPM3-FPM (taip pat \u017einomas kaip 3-fluorofenmetrazinas, 3F-fenmetrazinas ir PAL-593) yra nauja fenilmorfolino klas\u0117s stimuliuojanti med\u017eiaga.\" \/>\n<meta property=\"og:url\" content=\"https:\/\/medicinasinc.com\/lt\/product\/pirkti-3f-fenmetrazinas\/\" \/>\n<meta property=\"og:site_name\" content=\"Medicinas Inc\" \/>\n<meta property=\"article:modified_time\" content=\"2022-03-20T12:18:56+00:00\" \/>\n<meta property=\"og:image\" content=\"https:\/\/medicinasinc.com\/lt\/wp-content\/uploads\/sites\/9\/2022\/02\/3fpm.jpg\" \/>\n\t<meta property=\"og:image:width\" content=\"600\" \/>\n\t<meta property=\"og:image:height\" content=\"600\" \/>\n\t<meta property=\"og:image:type\" content=\"image\/jpeg\" \/>\n<meta name=\"twitter:card\" content=\"summary_large_image\" \/>\n<meta name=\"twitter:label1\" content=\"Est. reading time\" \/>\n\t<meta name=\"twitter:data1\" content=\"2 minutes\" \/>\n<script type=\"application\/ld+json\" class=\"yoast-schema-graph\">{\"@context\":\"https:\\\/\\\/schema.org\",\"@graph\":[{\"@type\":\"WebPage\",\"@id\":\"https:\\\/\\\/medicinasinc.com\\\/lt\\\/product\\\/pirkti-3f-fenmetrazinas\\\/\",\"url\":\"https:\\\/\\\/medicinasinc.com\\\/lt\\\/product\\\/pirkti-3f-fenmetrazinas\\\/\",\"name\":\"Pirkite 3F-fenmetrazin\u0105 \u2013 geriausius pasaulinius vaistus\",\"isPartOf\":{\"@id\":\"https:\\\/\\\/medicinasinc.com\\\/lt\\\/#website\"},\"primaryImageOfPage\":{\"@id\":\"https:\\\/\\\/medicinasinc.com\\\/lt\\\/product\\\/pirkti-3f-fenmetrazinas\\\/#primaryimage\"},\"image\":{\"@id\":\"https:\\\/\\\/medicinasinc.com\\\/lt\\\/product\\\/pirkti-3f-fenmetrazinas\\\/#primaryimage\"},\"thumbnailUrl\":\"https:\\\/\\\/medicinasinc.com\\\/lt\\\/wp-content\\\/uploads\\\/sites\\\/9\\\/2022\\\/02\\\/3fpm.jpg\",\"datePublished\":\"2022-02-21T21:52:02+00:00\",\"dateModified\":\"2022-03-20T12:18:56+00:00\",\"description\":\"PIRKTI Parduodamas 3-FPM3-FPM (taip pat \u017einomas kaip 3-fluorofenmetrazinas, 3F-fenmetrazinas ir PAL-593) yra nauja fenilmorfolino klas\u0117s stimuliuojanti med\u017eiaga.\",\"breadcrumb\":{\"@id\":\"https:\\\/\\\/medicinasinc.com\\\/lt\\\/product\\\/pirkti-3f-fenmetrazinas\\\/#breadcrumb\"},\"inLanguage\":\"en-US\",\"potentialAction\":[{\"@type\":\"ReadAction\",\"target\":[\"https:\\\/\\\/medicinasinc.com\\\/lt\\\/product\\\/pirkti-3f-fenmetrazinas\\\/\"]}]},{\"@type\":\"ImageObject\",\"inLanguage\":\"en-US\",\"@id\":\"https:\\\/\\\/medicinasinc.com\\\/lt\\\/product\\\/pirkti-3f-fenmetrazinas\\\/#primaryimage\",\"url\":\"https:\\\/\\\/medicinasinc.com\\\/lt\\\/wp-content\\\/uploads\\\/sites\\\/9\\\/2022\\\/02\\\/3fpm.jpg\",\"contentUrl\":\"https:\\\/\\\/medicinasinc.com\\\/lt\\\/wp-content\\\/uploads\\\/sites\\\/9\\\/2022\\\/02\\\/3fpm.jpg\",\"width\":600,\"height\":600},{\"@type\":\"BreadcrumbList\",\"@id\":\"https:\\\/\\\/medicinasinc.com\\\/lt\\\/product\\\/pirkti-3f-fenmetrazinas\\\/#breadcrumb\",\"itemListElement\":[{\"@type\":\"ListItem\",\"position\":1,\"name\":\"Parduotuv\u0117\",\"item\":\"https:\\\/\\\/medicinasinc.com\\\/lt\\\/parduotuve\\\/\"},{\"@type\":\"ListItem\",\"position\":2,\"name\":\"Pirkite 3F-fenmetrazin\u0105\"}]},{\"@type\":\"WebSite\",\"@id\":\"https:\\\/\\\/medicinasinc.com\\\/lt\\\/#website\",\"url\":\"https:\\\/\\\/medicinasinc.com\\\/lt\\\/\",\"name\":\"Medicinas Inc\",\"description\":\"Sveikatos medicinos klinika\",\"potentialAction\":[{\"@type\":\"SearchAction\",\"target\":{\"@type\":\"EntryPoint\",\"urlTemplate\":\"https:\\\/\\\/medicinasinc.com\\\/lt\\\/?s={search_term_string}\"},\"query-input\":{\"@type\":\"PropertyValueSpecification\",\"valueRequired\":true,\"valueName\":\"search_term_string\"}}],\"inLanguage\":\"en-US\"}]}<\/script>\n<!-- \/ Yoast SEO plugin. -->","yoast_head_json":{"title":"Pirkite 3F-fenmetrazin\u0105 \u2013 geriausius pasaulinius vaistus","description":"PIRKTI Parduodamas 3-FPM3-FPM (taip pat \u017einomas kaip 3-fluorofenmetrazinas, 3F-fenmetrazinas ir PAL-593) yra nauja fenilmorfolino klas\u0117s stimuliuojanti med\u017eiaga.","robots":{"index":"index","follow":"follow","max-snippet":"max-snippet:-1","max-image-preview":"max-image-preview:large","max-video-preview":"max-video-preview:-1"},"canonical":"https:\/\/medicinasinc.com\/lt\/product\/pirkti-3f-fenmetrazinas\/","og_locale":"en_US","og_type":"article","og_title":"Pirkite 3F-fenmetrazin\u0105 \u2013 geriausius pasaulinius vaistus","og_description":"PIRKTI Parduodamas 3-FPM3-FPM (taip pat \u017einomas kaip 3-fluorofenmetrazinas, 3F-fenmetrazinas ir PAL-593) yra nauja fenilmorfolino klas\u0117s stimuliuojanti med\u017eiaga.","og_url":"https:\/\/medicinasinc.com\/lt\/product\/pirkti-3f-fenmetrazinas\/","og_site_name":"Medicinas Inc","article_modified_time":"2022-03-20T12:18:56+00:00","og_image":[{"width":600,"height":600,"url":"https:\/\/medicinasinc.com\/lt\/wp-content\/uploads\/sites\/9\/2022\/02\/3fpm.jpg","type":"image\/jpeg"}],"twitter_card":"summary_large_image","twitter_misc":{"Est. reading time":"2 minutes"},"schema":{"@context":"https:\/\/schema.org","@graph":[{"@type":"WebPage","@id":"https:\/\/medicinasinc.com\/lt\/product\/pirkti-3f-fenmetrazinas\/","url":"https:\/\/medicinasinc.com\/lt\/product\/pirkti-3f-fenmetrazinas\/","name":"Pirkite 3F-fenmetrazin\u0105 \u2013 geriausius pasaulinius vaistus","isPartOf":{"@id":"https:\/\/medicinasinc.com\/lt\/#website"},"primaryImageOfPage":{"@id":"https:\/\/medicinasinc.com\/lt\/product\/pirkti-3f-fenmetrazinas\/#primaryimage"},"image":{"@id":"https:\/\/medicinasinc.com\/lt\/product\/pirkti-3f-fenmetrazinas\/#primaryimage"},"thumbnailUrl":"https:\/\/medicinasinc.com\/lt\/wp-content\/uploads\/sites\/9\/2022\/02\/3fpm.jpg","datePublished":"2022-02-21T21:52:02+00:00","dateModified":"2022-03-20T12:18:56+00:00","description":"PIRKTI Parduodamas 3-FPM3-FPM (taip pat \u017einomas kaip 3-fluorofenmetrazinas, 3F-fenmetrazinas ir PAL-593) yra nauja fenilmorfolino klas\u0117s stimuliuojanti med\u017eiaga.","breadcrumb":{"@id":"https:\/\/medicinasinc.com\/lt\/product\/pirkti-3f-fenmetrazinas\/#breadcrumb"},"inLanguage":"en-US","potentialAction":[{"@type":"ReadAction","target":["https:\/\/medicinasinc.com\/lt\/product\/pirkti-3f-fenmetrazinas\/"]}]},{"@type":"ImageObject","inLanguage":"en-US","@id":"https:\/\/medicinasinc.com\/lt\/product\/pirkti-3f-fenmetrazinas\/#primaryimage","url":"https:\/\/medicinasinc.com\/lt\/wp-content\/uploads\/sites\/9\/2022\/02\/3fpm.jpg","contentUrl":"https:\/\/medicinasinc.com\/lt\/wp-content\/uploads\/sites\/9\/2022\/02\/3fpm.jpg","width":600,"height":600},{"@type":"BreadcrumbList","@id":"https:\/\/medicinasinc.com\/lt\/product\/pirkti-3f-fenmetrazinas\/#breadcrumb","itemListElement":[{"@type":"ListItem","position":1,"name":"Parduotuv\u0117","item":"https:\/\/medicinasinc.com\/lt\/parduotuve\/"},{"@type":"ListItem","position":2,"name":"Pirkite 3F-fenmetrazin\u0105"}]},{"@type":"WebSite","@id":"https:\/\/medicinasinc.com\/lt\/#website","url":"https:\/\/medicinasinc.com\/lt\/","name":"Medicinas Inc","description":"Sveikatos medicinos klinika","potentialAction":[{"@type":"SearchAction","target":{"@type":"EntryPoint","urlTemplate":"https:\/\/medicinasinc.com\/lt\/?s={search_term_string}"},"query-input":{"@type":"PropertyValueSpecification","valueRequired":true,"valueName":"search_term_string"}}],"inLanguage":"en-US"}]}},"_links":{"self":[{"href":"https:\/\/medicinasinc.com\/lt\/wp-json\/wp\/v2\/product\/5366","targetHints":{"allow":["GET"]}}],"collection":[{"href":"https:\/\/medicinasinc.com\/lt\/wp-json\/wp\/v2\/product"}],"about":[{"href":"https:\/\/medicinasinc.com\/lt\/wp-json\/wp\/v2\/types\/product"}],"replies":[{"embeddable":true,"href":"https:\/\/medicinasinc.com\/lt\/wp-json\/wp\/v2\/comments?post=5366"}],"wp:featuredmedia":[{"embeddable":true,"href":"https:\/\/medicinasinc.com\/lt\/wp-json\/wp\/v2\/media\/5376"}],"wp:attachment":[{"href":"https:\/\/medicinasinc.com\/lt\/wp-json\/wp\/v2\/media?parent=5366"}],"wp:term":[{"taxonomy":"product_brand","embeddable":true,"href":"https:\/\/medicinasinc.com\/lt\/wp-json\/wp\/v2\/product_brand?post=5366"},{"taxonomy":"product_cat","embeddable":true,"href":"https:\/\/medicinasinc.com\/lt\/wp-json\/wp\/v2\/product_cat?post=5366"},{"taxonomy":"product_tag","embeddable":true,"href":"https:\/\/medicinasinc.com\/lt\/wp-json\/wp\/v2\/product_tag?post=5366"}],"curies":[{"name":"wp","href":"https:\/\/api.w.org\/{rel}","templated":true}]}}