{"id":5342,"date":"2022-02-21T21:20:00","date_gmt":"2022-02-21T21:20:00","guid":{"rendered":"https:\/\/medicinasinc.com\/lt\/?post_type=product&#038;p=5342"},"modified":"2022-03-20T12:19:15","modified_gmt":"2022-03-20T12:19:15","slug":"pirkti-3-fmc-3-fluormetkatinonas","status":"publish","type":"product","link":"https:\/\/medicinasinc.com\/lt\/product\/pirkti-3-fmc-3-fluormetkatinonas\/","title":{"rendered":"Pirkite 3-FMC 3-fluoromethcathinone"},"content":{"rendered":"<p><strong>\u012esigykite 3-FMC milteli\u0173 moksliniams tyrimams<\/strong><\/p>\n<p>PER\u017dI\u016aR\u0116KITE 3-FMC milteli\u0173 chemin\u0119 med\u017eiag\u0105<\/p>\n<p>\u012esigykite 3-FMC milteli\u0173 chemin\u0119 med\u017eiag\u0105 dideliais kiekiais.<\/p>\n<p>Pateikite u\u017esakym\u0105 internetu \u0161iandien.<\/p>\n<p>Garantuojame ma\u017e\u0105 masin\u0119 kain\u0105.<\/p>\n<p>3-FMC milteliai yra stimuliatorius, chemi\u0161kai klasifikuojamas kaip fenetilaminas, amfetaminas ir katinonas. Tai yra 4-FMC (flefedrono) (RS) strukt\u016brinis izomeras<\/p>\n<p>-1-(3-fluorfenil)<\/p>\n<p>-2-metilaminopropan-1-ono<\/p>\n<p>Naudoti tik reagentus<\/p>\n<p>https:\/\/www.bestglobalmeds.com\/product\/research-chemicals\/3-fmc\/<\/p>\n<div class=\"product-next-previous\">\n<div class=\"product-prev\"><\/div><\/div>\n","protected":false},"excerpt":{"rendered":"<p>\u012esigykite 3-FMC Powder Research Chemical pardavimui Europoje. Pirkite 3-Fluoromethcathinone Powder Chemical didmenine prekyba urmu. U\u017esisakykite internetu \u0161iandien. Garantuojama pigi masin\u0117 kaina.<\/p>\n<p><em>Pirkite 3<\/em>&#8211;<em>FMC<\/em>\u00a0Powder JK, Europa. <em>3<\/em>&#8211;<em>FMC<\/em>\u00a0Parduodami milteliai, kuriuos galima \u012fsigyti su prek\u0117s \u017eenklu flefedronas \u2013 tai i\u0161skirtinis vaistas, turintis stimuliuojan\u010di\u0173 savybi\u0173.<\/p>\n","protected":false},"featured_media":5354,"comment_status":"open","ping_status":"closed","template":"","meta":[],"product_brand":[],"product_cat":[2014],"product_tag":[2098,2099,2100,2097],"class_list":{"0":"post-5342","1":"product","2":"type-product","3":"status-publish","4":"has-post-thumbnail","6":"product_cat-pirkti-tyrineti-chemikalai","7":"product_tag-buy-3-fmc","8":"product_tag-buy-research-chemicals","9":"product_tag-kur-galiu-pirkti-3-fmc","10":"product_tag-parduodamas-3-fmc","12":"first","13":"instock","14":"shipping-taxable","15":"purchasable","16":"product-type-variable","17":"has-default-attributes"},"yoast_head":"<!-- This site is optimized with the Yoast SEO plugin v27.3 - https:\/\/yoast.com\/product\/yoast-seo-wordpress\/ -->\n<title>Pirkite 3-FMC 3-fluoromethcathinone \u2013 geriausius geriausius pasaulinius vaistus<\/title>\n<meta name=\"description\" content=\"Pirkite 3-FMC Powder Research Chemical pardavimui Europoje. Pirkite 3-Fluoromethcathinone Powder Chemical didmenine prekyba urmu. U\u017esisakykite internetu \u0161iandien. Garantuojama pigi urmu.\" \/>\n<meta name=\"robots\" content=\"index, follow, max-snippet:-1, max-image-preview:large, max-video-preview:-1\" \/>\n<link rel=\"canonical\" href=\"https:\/\/medicinasinc.com\/lt\/product\/pirkti-3-fmc-3-fluormetkatinonas\/\" \/>\n<meta property=\"og:locale\" content=\"en_US\" \/>\n<meta property=\"og:type\" content=\"article\" \/>\n<meta property=\"og:title\" content=\"Pirkite 3-FMC 3-fluoromethcathinone \u2013 geriausius geriausius pasaulinius vaistus\" \/>\n<meta property=\"og:description\" content=\"Pirkite 3-FMC Powder Research Chemical pardavimui Europoje. Pirkite 3-Fluoromethcathinone Powder Chemical didmenine prekyba urmu. U\u017esisakykite internetu \u0161iandien. Garantuojama pigi urmu.\" \/>\n<meta property=\"og:url\" content=\"https:\/\/medicinasinc.com\/lt\/product\/pirkti-3-fmc-3-fluormetkatinonas\/\" \/>\n<meta property=\"og:site_name\" content=\"Medicinas Inc\" \/>\n<meta property=\"article:modified_time\" content=\"2022-03-20T12:19:15+00:00\" \/>\n<meta property=\"og:image\" content=\"https:\/\/medicinasinc.com\/lt\/wp-content\/uploads\/sites\/9\/2022\/02\/buy-3-FMC.jpg\" \/>\n\t<meta property=\"og:image:width\" content=\"500\" \/>\n\t<meta property=\"og:image:height\" content=\"375\" \/>\n\t<meta property=\"og:image:type\" content=\"image\/jpeg\" \/>\n<meta name=\"twitter:card\" content=\"summary_large_image\" \/>\n<meta name=\"twitter:label1\" content=\"Est. reading time\" \/>\n\t<meta name=\"twitter:data1\" content=\"1 minute\" \/>\n<script type=\"application\/ld+json\" class=\"yoast-schema-graph\">{\"@context\":\"https:\\\/\\\/schema.org\",\"@graph\":[{\"@type\":\"WebPage\",\"@id\":\"https:\\\/\\\/medicinasinc.com\\\/lt\\\/product\\\/pirkti-3-fmc-3-fluormetkatinonas\\\/\",\"url\":\"https:\\\/\\\/medicinasinc.com\\\/lt\\\/product\\\/pirkti-3-fmc-3-fluormetkatinonas\\\/\",\"name\":\"Pirkite 3-FMC 3-fluoromethcathinone \u2013 geriausius geriausius pasaulinius vaistus\",\"isPartOf\":{\"@id\":\"https:\\\/\\\/medicinasinc.com\\\/lt\\\/#website\"},\"primaryImageOfPage\":{\"@id\":\"https:\\\/\\\/medicinasinc.com\\\/lt\\\/product\\\/pirkti-3-fmc-3-fluormetkatinonas\\\/#primaryimage\"},\"image\":{\"@id\":\"https:\\\/\\\/medicinasinc.com\\\/lt\\\/product\\\/pirkti-3-fmc-3-fluormetkatinonas\\\/#primaryimage\"},\"thumbnailUrl\":\"https:\\\/\\\/medicinasinc.com\\\/lt\\\/wp-content\\\/uploads\\\/sites\\\/9\\\/2022\\\/02\\\/buy-3-FMC.jpg\",\"datePublished\":\"2022-02-21T21:20:00+00:00\",\"dateModified\":\"2022-03-20T12:19:15+00:00\",\"description\":\"Pirkite 3-FMC Powder Research Chemical pardavimui Europoje. Pirkite 3-Fluoromethcathinone Powder Chemical didmenine prekyba urmu. U\u017esisakykite internetu \u0161iandien. Garantuojama pigi urmu.\",\"breadcrumb\":{\"@id\":\"https:\\\/\\\/medicinasinc.com\\\/lt\\\/product\\\/pirkti-3-fmc-3-fluormetkatinonas\\\/#breadcrumb\"},\"inLanguage\":\"en-US\",\"potentialAction\":[{\"@type\":\"ReadAction\",\"target\":[\"https:\\\/\\\/medicinasinc.com\\\/lt\\\/product\\\/pirkti-3-fmc-3-fluormetkatinonas\\\/\"]}]},{\"@type\":\"ImageObject\",\"inLanguage\":\"en-US\",\"@id\":\"https:\\\/\\\/medicinasinc.com\\\/lt\\\/product\\\/pirkti-3-fmc-3-fluormetkatinonas\\\/#primaryimage\",\"url\":\"https:\\\/\\\/medicinasinc.com\\\/lt\\\/wp-content\\\/uploads\\\/sites\\\/9\\\/2022\\\/02\\\/buy-3-FMC.jpg\",\"contentUrl\":\"https:\\\/\\\/medicinasinc.com\\\/lt\\\/wp-content\\\/uploads\\\/sites\\\/9\\\/2022\\\/02\\\/buy-3-FMC.jpg\",\"width\":500,\"height\":375},{\"@type\":\"BreadcrumbList\",\"@id\":\"https:\\\/\\\/medicinasinc.com\\\/lt\\\/product\\\/pirkti-3-fmc-3-fluormetkatinonas\\\/#breadcrumb\",\"itemListElement\":[{\"@type\":\"ListItem\",\"position\":1,\"name\":\"Parduotuv\u0117\",\"item\":\"https:\\\/\\\/medicinasinc.com\\\/lt\\\/parduotuve\\\/\"},{\"@type\":\"ListItem\",\"position\":2,\"name\":\"Pirkite 3-FMC 3-fluoromethcathinone\"}]},{\"@type\":\"WebSite\",\"@id\":\"https:\\\/\\\/medicinasinc.com\\\/lt\\\/#website\",\"url\":\"https:\\\/\\\/medicinasinc.com\\\/lt\\\/\",\"name\":\"Medicinas Inc\",\"description\":\"Sveikatos medicinos klinika\",\"potentialAction\":[{\"@type\":\"SearchAction\",\"target\":{\"@type\":\"EntryPoint\",\"urlTemplate\":\"https:\\\/\\\/medicinasinc.com\\\/lt\\\/?s={search_term_string}\"},\"query-input\":{\"@type\":\"PropertyValueSpecification\",\"valueRequired\":true,\"valueName\":\"search_term_string\"}}],\"inLanguage\":\"en-US\"}]}<\/script>\n<!-- \/ Yoast SEO plugin. -->","yoast_head_json":{"title":"Pirkite 3-FMC 3-fluoromethcathinone \u2013 geriausius geriausius pasaulinius vaistus","description":"Pirkite 3-FMC Powder Research Chemical pardavimui Europoje. Pirkite 3-Fluoromethcathinone Powder Chemical didmenine prekyba urmu. U\u017esisakykite internetu \u0161iandien. Garantuojama pigi urmu.","robots":{"index":"index","follow":"follow","max-snippet":"max-snippet:-1","max-image-preview":"max-image-preview:large","max-video-preview":"max-video-preview:-1"},"canonical":"https:\/\/medicinasinc.com\/lt\/product\/pirkti-3-fmc-3-fluormetkatinonas\/","og_locale":"en_US","og_type":"article","og_title":"Pirkite 3-FMC 3-fluoromethcathinone \u2013 geriausius geriausius pasaulinius vaistus","og_description":"Pirkite 3-FMC Powder Research Chemical pardavimui Europoje. Pirkite 3-Fluoromethcathinone Powder Chemical didmenine prekyba urmu. U\u017esisakykite internetu \u0161iandien. Garantuojama pigi urmu.","og_url":"https:\/\/medicinasinc.com\/lt\/product\/pirkti-3-fmc-3-fluormetkatinonas\/","og_site_name":"Medicinas Inc","article_modified_time":"2022-03-20T12:19:15+00:00","og_image":[{"width":500,"height":375,"url":"https:\/\/medicinasinc.com\/lt\/wp-content\/uploads\/sites\/9\/2022\/02\/buy-3-FMC.jpg","type":"image\/jpeg"}],"twitter_card":"summary_large_image","twitter_misc":{"Est. reading time":"1 minute"},"schema":{"@context":"https:\/\/schema.org","@graph":[{"@type":"WebPage","@id":"https:\/\/medicinasinc.com\/lt\/product\/pirkti-3-fmc-3-fluormetkatinonas\/","url":"https:\/\/medicinasinc.com\/lt\/product\/pirkti-3-fmc-3-fluormetkatinonas\/","name":"Pirkite 3-FMC 3-fluoromethcathinone \u2013 geriausius geriausius pasaulinius vaistus","isPartOf":{"@id":"https:\/\/medicinasinc.com\/lt\/#website"},"primaryImageOfPage":{"@id":"https:\/\/medicinasinc.com\/lt\/product\/pirkti-3-fmc-3-fluormetkatinonas\/#primaryimage"},"image":{"@id":"https:\/\/medicinasinc.com\/lt\/product\/pirkti-3-fmc-3-fluormetkatinonas\/#primaryimage"},"thumbnailUrl":"https:\/\/medicinasinc.com\/lt\/wp-content\/uploads\/sites\/9\/2022\/02\/buy-3-FMC.jpg","datePublished":"2022-02-21T21:20:00+00:00","dateModified":"2022-03-20T12:19:15+00:00","description":"Pirkite 3-FMC Powder Research Chemical pardavimui Europoje. Pirkite 3-Fluoromethcathinone Powder Chemical didmenine prekyba urmu. U\u017esisakykite internetu \u0161iandien. Garantuojama pigi urmu.","breadcrumb":{"@id":"https:\/\/medicinasinc.com\/lt\/product\/pirkti-3-fmc-3-fluormetkatinonas\/#breadcrumb"},"inLanguage":"en-US","potentialAction":[{"@type":"ReadAction","target":["https:\/\/medicinasinc.com\/lt\/product\/pirkti-3-fmc-3-fluormetkatinonas\/"]}]},{"@type":"ImageObject","inLanguage":"en-US","@id":"https:\/\/medicinasinc.com\/lt\/product\/pirkti-3-fmc-3-fluormetkatinonas\/#primaryimage","url":"https:\/\/medicinasinc.com\/lt\/wp-content\/uploads\/sites\/9\/2022\/02\/buy-3-FMC.jpg","contentUrl":"https:\/\/medicinasinc.com\/lt\/wp-content\/uploads\/sites\/9\/2022\/02\/buy-3-FMC.jpg","width":500,"height":375},{"@type":"BreadcrumbList","@id":"https:\/\/medicinasinc.com\/lt\/product\/pirkti-3-fmc-3-fluormetkatinonas\/#breadcrumb","itemListElement":[{"@type":"ListItem","position":1,"name":"Parduotuv\u0117","item":"https:\/\/medicinasinc.com\/lt\/parduotuve\/"},{"@type":"ListItem","position":2,"name":"Pirkite 3-FMC 3-fluoromethcathinone"}]},{"@type":"WebSite","@id":"https:\/\/medicinasinc.com\/lt\/#website","url":"https:\/\/medicinasinc.com\/lt\/","name":"Medicinas Inc","description":"Sveikatos medicinos klinika","potentialAction":[{"@type":"SearchAction","target":{"@type":"EntryPoint","urlTemplate":"https:\/\/medicinasinc.com\/lt\/?s={search_term_string}"},"query-input":{"@type":"PropertyValueSpecification","valueRequired":true,"valueName":"search_term_string"}}],"inLanguage":"en-US"}]}},"_links":{"self":[{"href":"https:\/\/medicinasinc.com\/lt\/wp-json\/wp\/v2\/product\/5342","targetHints":{"allow":["GET"]}}],"collection":[{"href":"https:\/\/medicinasinc.com\/lt\/wp-json\/wp\/v2\/product"}],"about":[{"href":"https:\/\/medicinasinc.com\/lt\/wp-json\/wp\/v2\/types\/product"}],"replies":[{"embeddable":true,"href":"https:\/\/medicinasinc.com\/lt\/wp-json\/wp\/v2\/comments?post=5342"}],"wp:featuredmedia":[{"embeddable":true,"href":"https:\/\/medicinasinc.com\/lt\/wp-json\/wp\/v2\/media\/5354"}],"wp:attachment":[{"href":"https:\/\/medicinasinc.com\/lt\/wp-json\/wp\/v2\/media?parent=5342"}],"wp:term":[{"taxonomy":"product_brand","embeddable":true,"href":"https:\/\/medicinasinc.com\/lt\/wp-json\/wp\/v2\/product_brand?post=5342"},{"taxonomy":"product_cat","embeddable":true,"href":"https:\/\/medicinasinc.com\/lt\/wp-json\/wp\/v2\/product_cat?post=5342"},{"taxonomy":"product_tag","embeddable":true,"href":"https:\/\/medicinasinc.com\/lt\/wp-json\/wp\/v2\/product_tag?post=5342"}],"curies":[{"name":"wp","href":"https:\/\/api.w.org\/{rel}","templated":true}]}}