{"id":5341,"date":"2022-02-21T21:16:40","date_gmt":"2022-02-21T21:16:40","guid":{"rendered":"https:\/\/medicinasinc.com\/lt\/?post_type=product&#038;p=5341"},"modified":"2022-03-20T12:19:24","modified_gmt":"2022-03-20T12:19:24","slug":"pirkti-2c-e-tyrimas-chemikalai","status":"publish","type":"product","link":"https:\/\/medicinasinc.com\/lt\/product\/pirkti-2c-e-tyrimas-chemikalai\/","title":{"rendered":"Pirkite \u201e2C-E Research Chemical\u201c."},"content":{"rendered":"<p>2C-E tyrim\u0173 chemin\u0119 med\u017eiag\u0105 galima \u012fsigyti internetu.<\/p>\n<p>2C-E tyrim\u0173 chemin\u0119 med\u017eiag\u0105 galima \u012fsigyti internetu.<\/p>\n<p>2c e, 2ce tyrim\u0173 chemin\u0117s med\u017eiagos pardav\u0117jas, 2c e pirk\u0117jas, Parduodamas 2c e<\/p>\n<p>2C-E mokslini\u0173 tyrim\u0173 chemini\u0173 med\u017eiag\u0173 pirkimas internetu<\/p>\n<p>Aleksandras \u0160ulginas atranda vaist\u0105 2C-E ir surenka daugyb\u0119 \u017emoni\u0173.<\/p>\n<p>Internetinis 2C-E tyrimo chemin\u0117s med\u017eiagos<\/p>\n<p>Chemin\u0117 med\u017eiaga 2C-E (kelion\u0117) yra 2C \u0161eimos, kuriai taip pat priklauso 2C-I ir 2C-H, narys. 2C-E yra haliucinogeninis junginys, gautas i\u0161 feniletilamino. Atlik\u0119 daugyb\u0119 tyrim\u0173, dabar \u017einome, kad \u012fprastin\u0117 2C-E milteli\u0173 doz\u0117 intranazaliniam vartojimui netur\u0117t\u0173 vir\u0161yti 5 miligram\u0173. Nepaisant to, vartojant per burn\u0105, doz\u0117 neturi vir\u0161yti ma\u017edaug 10-20 miligram\u0173. Prane\u0161ama, kad po ma\u017edaug 10 minu\u010di\u0173 \u012fkv\u0117pimo per nos\u012f atsiranda stiprus deginimas. Shulginas savo knygoje PiHKAL nurodo 2C-E kartu su meskalinu, 2C-T-2, 2C-B ir 2C-T-7 kaip \u201estebukling\u0105 pustuzin\u012f\u201c. 2C-E tyrim\u0173 chemini\u0173 med\u017eiag\u0173 pirkimas internetu<\/p>\n<p>2C-E sukelia \u0161iuos efektus: energijos pli\u016bpsn\u012f, i\u0161radingumo padid\u0117jim\u0105, vizualinius efektus ir didesn\u012f sukibim\u0105. Be to, pakinta s\u0105mon\u0117, sunku susikaupti, pada\u017en\u0117ja pulsas, gali kiek pakilti k\u016bno temperat\u016bra. Be to, 2C-E sukelia galvos svaigim\u0105, pykinim\u0105, padid\u0117jus\u012f jautrum\u0105 triuk\u0161mui ir panik\u0105. 2C-E parduodamas internete<\/p>\n<p>2C-E veikimo trukm\u0117 paprastai yra nuo 4 iki 9 valand\u0173. Kai lyginame 2C-E su 2C-I bandymo metu, pastebime, kad 2C-E daro didesn\u012f reg\u0117jimo ir klausos poveik\u012f.<\/p>\n<p>M\u016bs\u0173 svetain\u0117je galite \u012fsigyti 2C-E (kelion\u0119) tik cheminiams tyrimams. ir laboratoriniai tyrimai; ta\u010diau pirmiausia tur\u0117tum\u0117te i\u0161siai\u0161kinti, ar \u0161is preparatas yra teis\u0117tas j\u016bs\u0173 vietov\u0117je. Mes teikiame auk\u0161tos kokyb\u0117s med\u017eiagas.<\/p>\n","protected":false},"excerpt":{"rendered":"<p>&nbsp;<\/p>\n<p>Pirkite 2C-E tyrim\u0173 chemin\u0119 med\u017eiag\u0105 pardavimui internetu Europoje, JK, ES. Pirkite 2C-E tyrim\u0173 chemin\u0119 med\u017eiag\u0105. 2C-E (4-etil-2,5-dimetoksi) druska \/ milteliai: psichodelinis amfetaminas.<\/p>\n<p><em>Pirkite 2C<\/em>&#8211;<em>E<\/em> \u201eResearch Chemical\u201c patvirtintas tiek\u0117jas. Auk\u0161\u010diausios klas\u0117s grynumas, s\u0105\u017einingos kainos, greitas pristatymas, pinig\u0173 gr\u0105\u017einimo \/ gr\u0105\u017einimo politika, puikus klient\u0173 aptarnavimas.<\/p>\n","protected":false},"featured_media":5352,"comment_status":"open","ping_status":"closed","template":"","meta":[],"product_brand":[],"product_cat":[2014],"product_tag":[2027,2028,2031,2032,2033,2035,2036,2037,2089,2041,2046,2042,2043,2044,2040,2034,2029,2047,2048,2050,2030,2052,2051,2053,2054,2055,2057,2058,2059,2060,2078,2061,2062,2067,2068,2069,2070,2073,2076,2077,2079,2091,2082,2084,2083,2080,2081,2094,2092,2093,2095,2096,2085,2086,2039,2049,2038,2056,2063,2066,2045,2065,2071,2090,2072,2074,2075,2064,2088,2087],"class_list":{"0":"post-5341","1":"product","2":"type-product","3":"status-publish","4":"has-post-thumbnail","6":"product_cat-pirkti-tyrineti-chemikalai","7":"product_tag-2c-e-pirkti-internetu","8":"product_tag-2c-e","9":"product_tag-2c-e-drug-for-sale","10":"product_tag-2c-e-drug-test","11":"product_tag-2c-e-efektai","12":"product_tag-2c-e-erowid","13":"product_tag-2c-e-europe","14":"product_tag-2c-e-experience","15":"product_tag-kaina-u-gram-2c-e","16":"product_tag-2c-e-heroic-doze","17":"product_tag-2c-e-online","18":"product_tag-2c-e-is-a-psychedelic-phenethylamine-of-the-2c-family-it-was-first-synthesized-by-alexander-shulgin","19":"product_tag-2c-e-kaufen","20":"product_tag-2c-e-kopen","21":"product_tag-2c-e-parduodamas-internetu","22":"product_tag-2c-e-patirtis","23":"product_tag-2c-e-buy","24":"product_tag-2c-e-psichonautas","25":"product_tag-2c-e-reddit","26":"product_tag-2c-e-sintez-c4-97","27":"product_tag-2c-e-narkotikas","28":"product_tag-2c-ir-wikipedia","29":"product_tag-2c-e-wiki","30":"product_tag-2c-e-nbome","31":"product_tag-2c-ef-pardavjas","32":"product_tag-2c-i","33":"product_tag-4-etil-2","34":"product_tag-4-metil-2-5-dimetoksiamfetaminas","35":"product_tag-5-dimetoksi","36":"product_tag-and-other-psychedelics","37":"product_tag-do-ssris-trukdyti-shrooms","38":"product_tag-buy-2c-e","39":"product_tag-buy-2c-e-4-ethyl-2","40":"product_tag-buy-2c-e-online-usa","41":"product_tag-buy-2c-e-research-chemical","42":"product_tag-buy-2c-e-research-chemicals-online","43":"product_tag-buy-2c-e-with-next-day-eu-delivery","44":"product_tag-buy-hallucinogenic-drug-2c-e-online","45":"product_tag-dmt","46":"product_tag-dmt-nexus-2c-e","47":"product_tag-get-2c-e-research-chemical-online","48":"product_tag-geriausia-vieta-pirkti-2c-i","49":"product_tag-how-to-buy-research-chemicals-online","50":"product_tag-how-to-take-2c-e-research-chemicals","51":"product_tag-kaip-gauti-tyrimams-chemikalai","52":"product_tag-kaip-pirkti-2c-e-internetu","53":"product_tag-kaip-pirkti-2c-i","54":"product_tag-kokia-2c-e-buteliuko-gatvs-vert","55":"product_tag-koks-tiksliai-yra-2c-poveikis-ir-kodl-jis-populiarus-tarp-narkotikus-vartojani-moni","56":"product_tag-koks-skirtumas-tarp-2c-i-ir-2c-e","57":"product_tag-kur-galiu-pirkti-2c-e-online","58":"product_tag-kur-pirkti-2c-i","59":"product_tag-life-boostr-2c-e-rc-vendor","60":"product_tag-meskalinas","61":"product_tag-2c-e-parduodamas-cheminis-elementas","62":"product_tag-2c-e-parduodu","63":"product_tag-2c-e-parduodamas","64":"product_tag-pirkti-2-kartus","65":"product_tag-pirkti-2c-e-dozavimas-internetu","66":"product_tag-pirkti-2c-e-internetu","67":"product_tag-2c-e-netherlands-buy-rc","68":"product_tag-pirkti-2c-e-raumen-c5-b3-c4-aftampa-internetu","69":"product_tag-pirkti-2c-e2c-online-usa","70":"product_tag-pirkimas-2c-i","71":"product_tag-pirkti-2c-i","72":"product_tag-pirk-online-2c-e-research-chemikalai","73":"product_tag-buy-research-chemicals-nederland-doc-2c-e-online","74":"product_tag-pirkti-2c-e-vaistas","75":"product_tag-tvarka-2c-i","76":"product_tag-in-c5-besisakyti-2c-e-internetas","78":"first","79":"instock","80":"shipping-taxable","81":"purchasable","82":"product-type-variable","83":"has-default-attributes"},"yoast_head":"<!-- This site is optimized with the Yoast SEO plugin v27.3 - https:\/\/yoast.com\/product\/yoast-seo-wordpress\/ -->\n<title>Pirkite 2C-E tyrim\u0173 chemin\u0119 med\u017eiag\u0105 \u2013 geriausius pasaulinius vaistus<\/title>\n<meta name=\"description\" content=\"Pirkite 2C-E tyrim\u0173 chemin\u0119 med\u017eiag\u0105 pardavimui internetu Europoje, JK, ES. Pirkite 2C-E tyrim\u0173 chemin\u0119 med\u017eiag\u0105. 2C-E (4-etil-2,5-dimetoksi) druska \/ milteliai: psichodelinis amfetaminas.\" \/>\n<meta name=\"robots\" content=\"index, follow, max-snippet:-1, max-image-preview:large, max-video-preview:-1\" \/>\n<link rel=\"canonical\" href=\"https:\/\/medicinasinc.com\/lt\/product\/pirkti-2c-e-tyrimas-chemikalai\/\" \/>\n<meta property=\"og:locale\" content=\"en_US\" \/>\n<meta property=\"og:type\" content=\"article\" \/>\n<meta property=\"og:title\" content=\"Pirkite 2C-E tyrim\u0173 chemin\u0119 med\u017eiag\u0105 \u2013 geriausius pasaulinius vaistus\" \/>\n<meta property=\"og:description\" content=\"Pirkite 2C-E tyrim\u0173 chemin\u0119 med\u017eiag\u0105 pardavimui internetu Europoje, JK, ES. Pirkite 2C-E tyrim\u0173 chemin\u0119 med\u017eiag\u0105. 2C-E (4-etil-2,5-dimetoksi) druska \/ milteliai: psichodelinis amfetaminas.\" \/>\n<meta property=\"og:url\" content=\"https:\/\/medicinasinc.com\/lt\/product\/pirkti-2c-e-tyrimas-chemikalai\/\" \/>\n<meta property=\"og:site_name\" content=\"Medicinas Inc\" \/>\n<meta property=\"article:modified_time\" content=\"2022-03-20T12:19:24+00:00\" \/>\n<meta property=\"og:image\" content=\"https:\/\/medicinasinc.com\/lt\/wp-content\/uploads\/sites\/9\/2022\/02\/Buy-2C-E.jpg\" \/>\n\t<meta property=\"og:image:width\" content=\"234\" \/>\n\t<meta property=\"og:image:height\" content=\"215\" \/>\n\t<meta property=\"og:image:type\" content=\"image\/jpeg\" \/>\n<meta name=\"twitter:card\" content=\"summary_large_image\" \/>\n<meta name=\"twitter:label1\" content=\"Est. reading time\" \/>\n\t<meta name=\"twitter:data1\" content=\"2 minutes\" \/>\n<script type=\"application\/ld+json\" class=\"yoast-schema-graph\">{\"@context\":\"https:\\\/\\\/schema.org\",\"@graph\":[{\"@type\":\"WebPage\",\"@id\":\"https:\\\/\\\/medicinasinc.com\\\/lt\\\/product\\\/pirkti-2c-e-tyrimas-chemikalai\\\/\",\"url\":\"https:\\\/\\\/medicinasinc.com\\\/lt\\\/product\\\/pirkti-2c-e-tyrimas-chemikalai\\\/\",\"name\":\"Pirkite 2C-E tyrim\u0173 chemin\u0119 med\u017eiag\u0105 \u2013 geriausius pasaulinius vaistus\",\"isPartOf\":{\"@id\":\"https:\\\/\\\/medicinasinc.com\\\/lt\\\/#website\"},\"primaryImageOfPage\":{\"@id\":\"https:\\\/\\\/medicinasinc.com\\\/lt\\\/product\\\/pirkti-2c-e-tyrimas-chemikalai\\\/#primaryimage\"},\"image\":{\"@id\":\"https:\\\/\\\/medicinasinc.com\\\/lt\\\/product\\\/pirkti-2c-e-tyrimas-chemikalai\\\/#primaryimage\"},\"thumbnailUrl\":\"https:\\\/\\\/medicinasinc.com\\\/lt\\\/wp-content\\\/uploads\\\/sites\\\/9\\\/2022\\\/02\\\/Buy-2C-E.jpg\",\"datePublished\":\"2022-02-21T21:16:40+00:00\",\"dateModified\":\"2022-03-20T12:19:24+00:00\",\"description\":\"Pirkite 2C-E tyrim\u0173 chemin\u0119 med\u017eiag\u0105 pardavimui internetu Europoje, JK, ES. Pirkite 2C-E tyrim\u0173 chemin\u0119 med\u017eiag\u0105. 2C-E (4-etil-2,5-dimetoksi) druska \\\/ milteliai: psichodelinis amfetaminas.\",\"breadcrumb\":{\"@id\":\"https:\\\/\\\/medicinasinc.com\\\/lt\\\/product\\\/pirkti-2c-e-tyrimas-chemikalai\\\/#breadcrumb\"},\"inLanguage\":\"en-US\",\"potentialAction\":[{\"@type\":\"ReadAction\",\"target\":[\"https:\\\/\\\/medicinasinc.com\\\/lt\\\/product\\\/pirkti-2c-e-tyrimas-chemikalai\\\/\"]}]},{\"@type\":\"ImageObject\",\"inLanguage\":\"en-US\",\"@id\":\"https:\\\/\\\/medicinasinc.com\\\/lt\\\/product\\\/pirkti-2c-e-tyrimas-chemikalai\\\/#primaryimage\",\"url\":\"https:\\\/\\\/medicinasinc.com\\\/lt\\\/wp-content\\\/uploads\\\/sites\\\/9\\\/2022\\\/02\\\/Buy-2C-E.jpg\",\"contentUrl\":\"https:\\\/\\\/medicinasinc.com\\\/lt\\\/wp-content\\\/uploads\\\/sites\\\/9\\\/2022\\\/02\\\/Buy-2C-E.jpg\",\"width\":234,\"height\":215},{\"@type\":\"BreadcrumbList\",\"@id\":\"https:\\\/\\\/medicinasinc.com\\\/lt\\\/product\\\/pirkti-2c-e-tyrimas-chemikalai\\\/#breadcrumb\",\"itemListElement\":[{\"@type\":\"ListItem\",\"position\":1,\"name\":\"Parduotuv\u0117\",\"item\":\"https:\\\/\\\/medicinasinc.com\\\/lt\\\/parduotuve\\\/\"},{\"@type\":\"ListItem\",\"position\":2,\"name\":\"Pirkite \u201e2C-E Research Chemical\u201c.\"}]},{\"@type\":\"WebSite\",\"@id\":\"https:\\\/\\\/medicinasinc.com\\\/lt\\\/#website\",\"url\":\"https:\\\/\\\/medicinasinc.com\\\/lt\\\/\",\"name\":\"Medicinas Inc\",\"description\":\"Sveikatos medicinos klinika\",\"potentialAction\":[{\"@type\":\"SearchAction\",\"target\":{\"@type\":\"EntryPoint\",\"urlTemplate\":\"https:\\\/\\\/medicinasinc.com\\\/lt\\\/?s={search_term_string}\"},\"query-input\":{\"@type\":\"PropertyValueSpecification\",\"valueRequired\":true,\"valueName\":\"search_term_string\"}}],\"inLanguage\":\"en-US\"}]}<\/script>\n<!-- \/ Yoast SEO plugin. -->","yoast_head_json":{"title":"Pirkite 2C-E tyrim\u0173 chemin\u0119 med\u017eiag\u0105 \u2013 geriausius pasaulinius vaistus","description":"Pirkite 2C-E tyrim\u0173 chemin\u0119 med\u017eiag\u0105 pardavimui internetu Europoje, JK, ES. Pirkite 2C-E tyrim\u0173 chemin\u0119 med\u017eiag\u0105. 2C-E (4-etil-2,5-dimetoksi) druska \/ milteliai: psichodelinis amfetaminas.","robots":{"index":"index","follow":"follow","max-snippet":"max-snippet:-1","max-image-preview":"max-image-preview:large","max-video-preview":"max-video-preview:-1"},"canonical":"https:\/\/medicinasinc.com\/lt\/product\/pirkti-2c-e-tyrimas-chemikalai\/","og_locale":"en_US","og_type":"article","og_title":"Pirkite 2C-E tyrim\u0173 chemin\u0119 med\u017eiag\u0105 \u2013 geriausius pasaulinius vaistus","og_description":"Pirkite 2C-E tyrim\u0173 chemin\u0119 med\u017eiag\u0105 pardavimui internetu Europoje, JK, ES. Pirkite 2C-E tyrim\u0173 chemin\u0119 med\u017eiag\u0105. 2C-E (4-etil-2,5-dimetoksi) druska \/ milteliai: psichodelinis amfetaminas.","og_url":"https:\/\/medicinasinc.com\/lt\/product\/pirkti-2c-e-tyrimas-chemikalai\/","og_site_name":"Medicinas Inc","article_modified_time":"2022-03-20T12:19:24+00:00","og_image":[{"width":234,"height":215,"url":"https:\/\/medicinasinc.com\/lt\/wp-content\/uploads\/sites\/9\/2022\/02\/Buy-2C-E.jpg","type":"image\/jpeg"}],"twitter_card":"summary_large_image","twitter_misc":{"Est. reading time":"2 minutes"},"schema":{"@context":"https:\/\/schema.org","@graph":[{"@type":"WebPage","@id":"https:\/\/medicinasinc.com\/lt\/product\/pirkti-2c-e-tyrimas-chemikalai\/","url":"https:\/\/medicinasinc.com\/lt\/product\/pirkti-2c-e-tyrimas-chemikalai\/","name":"Pirkite 2C-E tyrim\u0173 chemin\u0119 med\u017eiag\u0105 \u2013 geriausius pasaulinius vaistus","isPartOf":{"@id":"https:\/\/medicinasinc.com\/lt\/#website"},"primaryImageOfPage":{"@id":"https:\/\/medicinasinc.com\/lt\/product\/pirkti-2c-e-tyrimas-chemikalai\/#primaryimage"},"image":{"@id":"https:\/\/medicinasinc.com\/lt\/product\/pirkti-2c-e-tyrimas-chemikalai\/#primaryimage"},"thumbnailUrl":"https:\/\/medicinasinc.com\/lt\/wp-content\/uploads\/sites\/9\/2022\/02\/Buy-2C-E.jpg","datePublished":"2022-02-21T21:16:40+00:00","dateModified":"2022-03-20T12:19:24+00:00","description":"Pirkite 2C-E tyrim\u0173 chemin\u0119 med\u017eiag\u0105 pardavimui internetu Europoje, JK, ES. Pirkite 2C-E tyrim\u0173 chemin\u0119 med\u017eiag\u0105. 2C-E (4-etil-2,5-dimetoksi) druska \/ milteliai: psichodelinis amfetaminas.","breadcrumb":{"@id":"https:\/\/medicinasinc.com\/lt\/product\/pirkti-2c-e-tyrimas-chemikalai\/#breadcrumb"},"inLanguage":"en-US","potentialAction":[{"@type":"ReadAction","target":["https:\/\/medicinasinc.com\/lt\/product\/pirkti-2c-e-tyrimas-chemikalai\/"]}]},{"@type":"ImageObject","inLanguage":"en-US","@id":"https:\/\/medicinasinc.com\/lt\/product\/pirkti-2c-e-tyrimas-chemikalai\/#primaryimage","url":"https:\/\/medicinasinc.com\/lt\/wp-content\/uploads\/sites\/9\/2022\/02\/Buy-2C-E.jpg","contentUrl":"https:\/\/medicinasinc.com\/lt\/wp-content\/uploads\/sites\/9\/2022\/02\/Buy-2C-E.jpg","width":234,"height":215},{"@type":"BreadcrumbList","@id":"https:\/\/medicinasinc.com\/lt\/product\/pirkti-2c-e-tyrimas-chemikalai\/#breadcrumb","itemListElement":[{"@type":"ListItem","position":1,"name":"Parduotuv\u0117","item":"https:\/\/medicinasinc.com\/lt\/parduotuve\/"},{"@type":"ListItem","position":2,"name":"Pirkite \u201e2C-E Research Chemical\u201c."}]},{"@type":"WebSite","@id":"https:\/\/medicinasinc.com\/lt\/#website","url":"https:\/\/medicinasinc.com\/lt\/","name":"Medicinas Inc","description":"Sveikatos medicinos klinika","potentialAction":[{"@type":"SearchAction","target":{"@type":"EntryPoint","urlTemplate":"https:\/\/medicinasinc.com\/lt\/?s={search_term_string}"},"query-input":{"@type":"PropertyValueSpecification","valueRequired":true,"valueName":"search_term_string"}}],"inLanguage":"en-US"}]}},"_links":{"self":[{"href":"https:\/\/medicinasinc.com\/lt\/wp-json\/wp\/v2\/product\/5341","targetHints":{"allow":["GET"]}}],"collection":[{"href":"https:\/\/medicinasinc.com\/lt\/wp-json\/wp\/v2\/product"}],"about":[{"href":"https:\/\/medicinasinc.com\/lt\/wp-json\/wp\/v2\/types\/product"}],"replies":[{"embeddable":true,"href":"https:\/\/medicinasinc.com\/lt\/wp-json\/wp\/v2\/comments?post=5341"}],"wp:featuredmedia":[{"embeddable":true,"href":"https:\/\/medicinasinc.com\/lt\/wp-json\/wp\/v2\/media\/5352"}],"wp:attachment":[{"href":"https:\/\/medicinasinc.com\/lt\/wp-json\/wp\/v2\/media?parent=5341"}],"wp:term":[{"taxonomy":"product_brand","embeddable":true,"href":"https:\/\/medicinasinc.com\/lt\/wp-json\/wp\/v2\/product_brand?post=5341"},{"taxonomy":"product_cat","embeddable":true,"href":"https:\/\/medicinasinc.com\/lt\/wp-json\/wp\/v2\/product_cat?post=5341"},{"taxonomy":"product_tag","embeddable":true,"href":"https:\/\/medicinasinc.com\/lt\/wp-json\/wp\/v2\/product_tag?post=5341"}],"curies":[{"name":"wp","href":"https:\/\/api.w.org\/{rel}","templated":true}]}}