{"id":5340,"date":"2022-02-21T21:15:28","date_gmt":"2022-02-21T21:15:28","guid":{"rendered":"https:\/\/medicinasinc.com\/lt\/?post_type=product&#038;p=5340"},"modified":"2022-03-20T12:19:35","modified_gmt":"2022-03-20T12:19:35","slug":"pirkti-2-mppp-internetu","status":"publish","type":"product","link":"https:\/\/medicinasinc.com\/lt\/product\/pirkti-2-mppp-internetu\/","title":{"rendered":"Pirkite 2-MPPP internetu"},"content":{"rendered":"<p>\u012esigykite 2-MPPP internetu<\/p>\n<p>Pirkite 2-MPPP internetu<\/p>\n<p>2-metil-1-fenil-3-(piperidin-1-il)<\/p>\n<p>Propan-1-onas yra strukt\u016bri\u0161kai pana\u0161i chemin\u0117 med\u017eiaga su 2-aminopropan-1-onu, i\u0161skyrus tai, kad azotas yra sujungtas su anglimi tre\u010dioje pad\u0117tyje. \u0160io junginio fiziologinis ir toksikologinis poveikis netirtas.<\/p>\n<p>2-metil-1-fenil-3-(piperidin-1-il)<\/p>\n<p>Propan-1-onas gali b\u016bti naudojamas kaip etaloninis pavyzdys tyr\u0117jams, atliekantiems duj\u0173 chromatografij\u0105\/masi\u0173 spektrometrij\u0105 (GC\/MS), Furj\u0117 transformacijos infraraudon\u0173j\u0173 spinduli\u0173 spektroskopij\u0105 (FTIR) arba branduolinio magnetinio rezonanso (BMR) analiz\u0119.<\/p>\n<p>Proced\u016bros laboratorijoje<\/p>\n<p>Rekomenduojame 2-metil-1-fenil-3-(piperidin-1-il)propan-1-on\u0105 laikyti -20 \u00b0C temperat\u016broje, kad b\u016bt\u0173 galima ilgai laikyti. Jis turi i\u0161likti stabilus ma\u017eiausiai dvejus metus.<\/p>\n<p>Pateikiama balta kristalin\u0117 med\u017eiaga 2-metil-1-fenil-3-(piperidin-1-il)propan-1-onas. 2-metil-1-fenil-3-(piperidin-1-il) Propan-1-onas tirpsta organiniuose tirpikliuose, tokiuose kaip metanolis, dimetilsulfoksidas (DMSO) ir dichlormetanas (DCM), kurie turi b\u016bti i\u0161valomi inertiniu tirpikliu. duj\u0173 prie\u0161 naudojim\u0105. 2-metil-1-fenil-3-(piperidin-1-il)propan-1-onas i\u0161tirpsta ma\u017edaug 22 mg\/ml etanolyje ir DMF ir ma\u017edaug 15 mg\/ml DMSO.<\/p>\n<p> Prie\u0161 atliekant bandymus, pradin\u012f tirpal\u0105 reikia atskiesti vandeniniais buferiais arba izotoniniu fiziologiniu tirpalu. \u012esitikinkite, kad n\u0117ra organinio tirpiklio liku\u010di\u0173, nes esant ma\u017eoms koncentracijoms organiniai tirpikliai gali tur\u0117ti fiziologini\u0173 pasekmi\u0173. Vandeniniai tirpalai be organini\u0173 tirpikli\u0173 Kristalinis kietas 2-metil-1-fenil-3-(piperidin-1-il)propan-1-onas gali b\u016bti pagamintas i\u0161 karto vandeniniuose buferiuose. 2-metil-1-fenil-3-(piperidin-1-il)propan-1-onas tirpsta ma\u017edaug 11 mg\/ml PBS, pH 6,4. Vandeninio tirpalo nerekomenduojame laikyti \u0161aldytuve ilgiau nei vien\u0105 dien\u0105.<\/p>\n<div id=\"wb_Text13\"><strong>Techniniai duomenys<\/strong><\/div>\n<table id=\"Table1\" cellpadding=\"0\">\n<tbody>\n<tr>\n<td class=\"cell0\">Sinonimai<\/td>\n<td class=\"cell1\">2-MPPP<\/td>\n<\/tr>\n<tr>\n<td class=\"cell2\">IUPAC<\/td>\n<td class=\"cell3\">2-metil-1-fenil-3-(piperidin-1-il)propan-1-onas<\/td>\n<\/tr>\n<tr>\n<td class=\"cell0\">PubChem<\/td>\n<td class=\"cell1\">N\/A<\/td>\n<\/tr>\n<tr>\n<td class=\"cell4\">Cas#<\/td>\n<td class=\"cell5\">N\/A<\/td>\n<\/tr>\n<tr>\n<td class=\"cell0\">Molekulin\u0117 formul\u0117<\/td>\n<td class=\"cell1\">C15H21NO td&gt; <\/tr>\n<tr>\n<td class=\"cell0\">Grynumas<\/td>\n<td class=\"cell1\">99 %<\/td>\n<\/tr>\n<tr>\n<td class=\"cell0\">Formul\u0117 \/ I\u0161vaizda<\/td>\n<td class=\"cell1\">Balti kristaliniai milteliai<\/td>\n<\/tr>\n<\/tbody>\n<\/table>\n<p><strong>Literat\u016bra<\/strong><\/p>\n<p>Indian Journal of Chemistry, 1981, t. 20 B,\u00a0 # 4\u00a0 p. 303 \u2013 307<\/p>\n<p>Ruddy; Buckley<br \/> Amerikos chemijos draugijos \u017eurnalas, 1950,\u00a0 t. 72, p. 718 719<\/p>\n<p>Kjaer; Petersen<br \/> Acta Chemica Scandinavica (1947-1973), 1951 ,\u00a0 t. 5, p. 1145,1148<\/p>\n<p>Nazarovas; Tscherkasowa<br \/> \u017durnal Obshchei Khimii, 1958,\u00a0 t. 28, p. 122,124, 125<\/p>\n<div class=\"product-next-previous\">\n<div class=\"product-prev\"><\/div><\/div>\n","protected":false},"excerpt":{"rendered":"<div class=\"woocommerce-product-details__short-description\">\n<p>Pirkite 2-MPPP internetu. Pirkite 2-MPPP internetu adresu bestglobalmeds.com \u2013 parduodami 2-metil-1-fenil-3-(piperidin-1-il)propan-1-one, 2 mpp balti kristaliniai milteliai. taip pat turime geriausi\u0105 kokyb\u0119 ir geriausias kainas.<\/p>\n<p><em>\u012esigykite 2<\/em>&#8211;<em>MPPP internetu<\/em> i\u0161 licencijuotos vaistin\u0117s \u201eBest Global Meds\u201c. Parduodame plat\u0173 narkotik\u0173 pasirinkim\u0105. Pristatymas visame pasaulyje!<\/p>\n<\/p><\/div>\n","protected":false},"featured_media":5350,"comment_status":"open","ping_status":"closed","template":"","meta":[],"product_brand":[],"product_cat":[2014],"product_tag":[],"class_list":{"0":"post-5340","1":"product","2":"type-product","3":"status-publish","4":"has-post-thumbnail","6":"product_cat-pirkti-tyrineti-chemikalai","8":"first","9":"instock","10":"shipping-taxable","11":"purchasable","12":"product-type-variable"},"yoast_head":"<!-- This site is optimized with the Yoast SEO plugin v27.3 - https:\/\/yoast.com\/product\/yoast-seo-wordpress\/ -->\n<title>Pirkite 2-MPPP internetu \u2013 geriausi pasaulio vaistai<\/title>\n<meta name=\"description\" content=\"Pirkite 2-MPPP internetu. Pirkite 2-MPPP internetu adresu bestglobalmeds.com \u2013 parduodami 2-metil-1-fenil-3-(piperidin-1-il)propan-1-one, 2 mpp balti kristaliniai milteliai. turime geriausi\u0105 kokyb\u0119 ir geriausias kainas\" \/>\n<meta name=\"robots\" content=\"index, follow, max-snippet:-1, max-image-preview:large, max-video-preview:-1\" \/>\n<link rel=\"canonical\" href=\"https:\/\/medicinasinc.com\/lt\/product\/pirkti-2-mppp-internetu\/\" \/>\n<meta property=\"og:locale\" content=\"en_US\" \/>\n<meta property=\"og:type\" content=\"article\" \/>\n<meta property=\"og:title\" content=\"Pirkite 2-MPPP internetu \u2013 geriausi pasaulio vaistai\" \/>\n<meta property=\"og:description\" content=\"Pirkite 2-MPPP internetu. Pirkite 2-MPPP internetu adresu bestglobalmeds.com \u2013 parduodami 2-metil-1-fenil-3-(piperidin-1-il)propan-1-one, 2 mpp balti kristaliniai milteliai. turime geriausi\u0105 kokyb\u0119 ir geriausias kainas\" \/>\n<meta property=\"og:url\" content=\"https:\/\/medicinasinc.com\/lt\/product\/pirkti-2-mppp-internetu\/\" \/>\n<meta property=\"og:site_name\" content=\"Medicinas Inc\" \/>\n<meta property=\"article:modified_time\" content=\"2022-03-20T12:19:35+00:00\" \/>\n<meta property=\"og:image\" content=\"https:\/\/medicinasinc.com\/lt\/wp-content\/uploads\/sites\/9\/2022\/02\/2mppp.jpg\" \/>\n\t<meta property=\"og:image:width\" content=\"600\" \/>\n\t<meta property=\"og:image:height\" content=\"600\" \/>\n\t<meta property=\"og:image:type\" content=\"image\/jpeg\" \/>\n<meta name=\"twitter:card\" content=\"summary_large_image\" \/>\n<meta name=\"twitter:label1\" content=\"Est. reading time\" \/>\n\t<meta name=\"twitter:data1\" content=\"2 minutes\" \/>\n<script type=\"application\/ld+json\" class=\"yoast-schema-graph\">{\"@context\":\"https:\\\/\\\/schema.org\",\"@graph\":[{\"@type\":\"WebPage\",\"@id\":\"https:\\\/\\\/medicinasinc.com\\\/lt\\\/product\\\/pirkti-2-mppp-internetu\\\/\",\"url\":\"https:\\\/\\\/medicinasinc.com\\\/lt\\\/product\\\/pirkti-2-mppp-internetu\\\/\",\"name\":\"Pirkite 2-MPPP internetu \u2013 geriausi pasaulio vaistai\",\"isPartOf\":{\"@id\":\"https:\\\/\\\/medicinasinc.com\\\/lt\\\/#website\"},\"primaryImageOfPage\":{\"@id\":\"https:\\\/\\\/medicinasinc.com\\\/lt\\\/product\\\/pirkti-2-mppp-internetu\\\/#primaryimage\"},\"image\":{\"@id\":\"https:\\\/\\\/medicinasinc.com\\\/lt\\\/product\\\/pirkti-2-mppp-internetu\\\/#primaryimage\"},\"thumbnailUrl\":\"https:\\\/\\\/medicinasinc.com\\\/lt\\\/wp-content\\\/uploads\\\/sites\\\/9\\\/2022\\\/02\\\/2mppp.jpg\",\"datePublished\":\"2022-02-21T21:15:28+00:00\",\"dateModified\":\"2022-03-20T12:19:35+00:00\",\"description\":\"Pirkite 2-MPPP internetu. Pirkite 2-MPPP internetu adresu bestglobalmeds.com \u2013 parduodami 2-metil-1-fenil-3-(piperidin-1-il)propan-1-one, 2 mpp balti kristaliniai milteliai. turime geriausi\u0105 kokyb\u0119 ir geriausias kainas\",\"breadcrumb\":{\"@id\":\"https:\\\/\\\/medicinasinc.com\\\/lt\\\/product\\\/pirkti-2-mppp-internetu\\\/#breadcrumb\"},\"inLanguage\":\"en-US\",\"potentialAction\":[{\"@type\":\"ReadAction\",\"target\":[\"https:\\\/\\\/medicinasinc.com\\\/lt\\\/product\\\/pirkti-2-mppp-internetu\\\/\"]}]},{\"@type\":\"ImageObject\",\"inLanguage\":\"en-US\",\"@id\":\"https:\\\/\\\/medicinasinc.com\\\/lt\\\/product\\\/pirkti-2-mppp-internetu\\\/#primaryimage\",\"url\":\"https:\\\/\\\/medicinasinc.com\\\/lt\\\/wp-content\\\/uploads\\\/sites\\\/9\\\/2022\\\/02\\\/2mppp.jpg\",\"contentUrl\":\"https:\\\/\\\/medicinasinc.com\\\/lt\\\/wp-content\\\/uploads\\\/sites\\\/9\\\/2022\\\/02\\\/2mppp.jpg\",\"width\":600,\"height\":600},{\"@type\":\"BreadcrumbList\",\"@id\":\"https:\\\/\\\/medicinasinc.com\\\/lt\\\/product\\\/pirkti-2-mppp-internetu\\\/#breadcrumb\",\"itemListElement\":[{\"@type\":\"ListItem\",\"position\":1,\"name\":\"Parduotuv\u0117\",\"item\":\"https:\\\/\\\/medicinasinc.com\\\/lt\\\/parduotuve\\\/\"},{\"@type\":\"ListItem\",\"position\":2,\"name\":\"Pirkite 2-MPPP internetu\"}]},{\"@type\":\"WebSite\",\"@id\":\"https:\\\/\\\/medicinasinc.com\\\/lt\\\/#website\",\"url\":\"https:\\\/\\\/medicinasinc.com\\\/lt\\\/\",\"name\":\"Medicinas Inc\",\"description\":\"Sveikatos medicinos klinika\",\"potentialAction\":[{\"@type\":\"SearchAction\",\"target\":{\"@type\":\"EntryPoint\",\"urlTemplate\":\"https:\\\/\\\/medicinasinc.com\\\/lt\\\/?s={search_term_string}\"},\"query-input\":{\"@type\":\"PropertyValueSpecification\",\"valueRequired\":true,\"valueName\":\"search_term_string\"}}],\"inLanguage\":\"en-US\"}]}<\/script>\n<!-- \/ Yoast SEO plugin. -->","yoast_head_json":{"title":"Pirkite 2-MPPP internetu \u2013 geriausi pasaulio vaistai","description":"Pirkite 2-MPPP internetu. Pirkite 2-MPPP internetu adresu bestglobalmeds.com \u2013 parduodami 2-metil-1-fenil-3-(piperidin-1-il)propan-1-one, 2 mpp balti kristaliniai milteliai. turime geriausi\u0105 kokyb\u0119 ir geriausias kainas","robots":{"index":"index","follow":"follow","max-snippet":"max-snippet:-1","max-image-preview":"max-image-preview:large","max-video-preview":"max-video-preview:-1"},"canonical":"https:\/\/medicinasinc.com\/lt\/product\/pirkti-2-mppp-internetu\/","og_locale":"en_US","og_type":"article","og_title":"Pirkite 2-MPPP internetu \u2013 geriausi pasaulio vaistai","og_description":"Pirkite 2-MPPP internetu. Pirkite 2-MPPP internetu adresu bestglobalmeds.com \u2013 parduodami 2-metil-1-fenil-3-(piperidin-1-il)propan-1-one, 2 mpp balti kristaliniai milteliai. turime geriausi\u0105 kokyb\u0119 ir geriausias kainas","og_url":"https:\/\/medicinasinc.com\/lt\/product\/pirkti-2-mppp-internetu\/","og_site_name":"Medicinas Inc","article_modified_time":"2022-03-20T12:19:35+00:00","og_image":[{"width":600,"height":600,"url":"https:\/\/medicinasinc.com\/lt\/wp-content\/uploads\/sites\/9\/2022\/02\/2mppp.jpg","type":"image\/jpeg"}],"twitter_card":"summary_large_image","twitter_misc":{"Est. reading time":"2 minutes"},"schema":{"@context":"https:\/\/schema.org","@graph":[{"@type":"WebPage","@id":"https:\/\/medicinasinc.com\/lt\/product\/pirkti-2-mppp-internetu\/","url":"https:\/\/medicinasinc.com\/lt\/product\/pirkti-2-mppp-internetu\/","name":"Pirkite 2-MPPP internetu \u2013 geriausi pasaulio vaistai","isPartOf":{"@id":"https:\/\/medicinasinc.com\/lt\/#website"},"primaryImageOfPage":{"@id":"https:\/\/medicinasinc.com\/lt\/product\/pirkti-2-mppp-internetu\/#primaryimage"},"image":{"@id":"https:\/\/medicinasinc.com\/lt\/product\/pirkti-2-mppp-internetu\/#primaryimage"},"thumbnailUrl":"https:\/\/medicinasinc.com\/lt\/wp-content\/uploads\/sites\/9\/2022\/02\/2mppp.jpg","datePublished":"2022-02-21T21:15:28+00:00","dateModified":"2022-03-20T12:19:35+00:00","description":"Pirkite 2-MPPP internetu. Pirkite 2-MPPP internetu adresu bestglobalmeds.com \u2013 parduodami 2-metil-1-fenil-3-(piperidin-1-il)propan-1-one, 2 mpp balti kristaliniai milteliai. turime geriausi\u0105 kokyb\u0119 ir geriausias kainas","breadcrumb":{"@id":"https:\/\/medicinasinc.com\/lt\/product\/pirkti-2-mppp-internetu\/#breadcrumb"},"inLanguage":"en-US","potentialAction":[{"@type":"ReadAction","target":["https:\/\/medicinasinc.com\/lt\/product\/pirkti-2-mppp-internetu\/"]}]},{"@type":"ImageObject","inLanguage":"en-US","@id":"https:\/\/medicinasinc.com\/lt\/product\/pirkti-2-mppp-internetu\/#primaryimage","url":"https:\/\/medicinasinc.com\/lt\/wp-content\/uploads\/sites\/9\/2022\/02\/2mppp.jpg","contentUrl":"https:\/\/medicinasinc.com\/lt\/wp-content\/uploads\/sites\/9\/2022\/02\/2mppp.jpg","width":600,"height":600},{"@type":"BreadcrumbList","@id":"https:\/\/medicinasinc.com\/lt\/product\/pirkti-2-mppp-internetu\/#breadcrumb","itemListElement":[{"@type":"ListItem","position":1,"name":"Parduotuv\u0117","item":"https:\/\/medicinasinc.com\/lt\/parduotuve\/"},{"@type":"ListItem","position":2,"name":"Pirkite 2-MPPP internetu"}]},{"@type":"WebSite","@id":"https:\/\/medicinasinc.com\/lt\/#website","url":"https:\/\/medicinasinc.com\/lt\/","name":"Medicinas Inc","description":"Sveikatos medicinos klinika","potentialAction":[{"@type":"SearchAction","target":{"@type":"EntryPoint","urlTemplate":"https:\/\/medicinasinc.com\/lt\/?s={search_term_string}"},"query-input":{"@type":"PropertyValueSpecification","valueRequired":true,"valueName":"search_term_string"}}],"inLanguage":"en-US"}]}},"_links":{"self":[{"href":"https:\/\/medicinasinc.com\/lt\/wp-json\/wp\/v2\/product\/5340","targetHints":{"allow":["GET"]}}],"collection":[{"href":"https:\/\/medicinasinc.com\/lt\/wp-json\/wp\/v2\/product"}],"about":[{"href":"https:\/\/medicinasinc.com\/lt\/wp-json\/wp\/v2\/types\/product"}],"replies":[{"embeddable":true,"href":"https:\/\/medicinasinc.com\/lt\/wp-json\/wp\/v2\/comments?post=5340"}],"wp:featuredmedia":[{"embeddable":true,"href":"https:\/\/medicinasinc.com\/lt\/wp-json\/wp\/v2\/media\/5350"}],"wp:attachment":[{"href":"https:\/\/medicinasinc.com\/lt\/wp-json\/wp\/v2\/media?parent=5340"}],"wp:term":[{"taxonomy":"product_brand","embeddable":true,"href":"https:\/\/medicinasinc.com\/lt\/wp-json\/wp\/v2\/product_brand?post=5340"},{"taxonomy":"product_cat","embeddable":true,"href":"https:\/\/medicinasinc.com\/lt\/wp-json\/wp\/v2\/product_cat?post=5340"},{"taxonomy":"product_tag","embeddable":true,"href":"https:\/\/medicinasinc.com\/lt\/wp-json\/wp\/v2\/product_tag?post=5340"}],"curies":[{"name":"wp","href":"https:\/\/api.w.org\/{rel}","templated":true}]}}