{"id":5332,"date":"2022-02-21T21:05:55","date_gmt":"2022-02-21T21:05:55","guid":{"rendered":"https:\/\/medicinasinc.com\/lt\/?post_type=product&#038;p=5332"},"modified":"2022-03-20T12:19:44","modified_gmt":"2022-03-20T12:19:44","slug":"pirkti-2-fma-2-fluorometamfetamino-hidrochloridas","status":"publish","type":"product","link":"https:\/\/medicinasinc.com\/lt\/product\/pirkti-2-fma-2-fluorometamfetamino-hidrochloridas\/","title":{"rendered":"Pirkite 2-FMA 2-fluorometamfetamin\u0105 (hidrochlorid\u0105)"},"content":{"rendered":"<p><strong>2-FMA grynumo milteli\u0173 pirkimas internetu<\/strong><\/p>\n<p>2-fluorometamfetaminas (2-FMA) yra tos pa\u010dios \u0161eimos stimuliatorius kaip metamfetaminas ir 2-fluoramfetaminas. Nepaisant to, kad nieko ne\u017einoma apie fiziologin\u012f fluoro metoksi pakaital\u0173 amfetamin\u0173 poveik\u012f, 2-FMA buvo rasta kaip dizaineri\u0173 sukurt\u0173 vaist\u0173, parduodam\u0173 kaip \u201elegal\u0173\u201c kontroliuojam\u0173 med\u017eiag\u0173 pakaital\u0173, sudedamoji dalis.<\/p>\n<p>\u0160io junginio hidrochloridas. versija skirta naudoti kaip standartinis m\u0117gini\u0173, kuri\u0173 sud\u0117tyje yra 2-FMA, tyrimo.<\/p>\n<div class=\"mb-5 row\">\n<div class=\"w-100 col\">\n<h5>Sinonimai<\/h5>\n<div class=\"row\">\n<div class=\"col\">\n<div class=\"row\" data-attribute=\"synonyms\">\n<div class=\"text-lg-right vertical-rule product-info -left float-left pl-3 pr-2 pb-3 col-6 col-md-5 col-lg-4 col-xl-3\">Sinonimai<\/div>\n<div class=\"float-right pl-3\">\n<ul class=\" p-0 mb-3 list-unstyled\">\n<li class=\"undefined text-lato-bold\"><span class=\"\">2-FMA<\/span><\/li>\n<\/ul><\/div><\/div><\/div><\/div><\/div><\/div>\n<div class=\"mb-5 row\">\n<div class=\"w-100 col\">\n<h5>Technin\u0117 informacija<\/h5>\n<div class=\"row\">\n<div class=\"col\">\n<div class=\"row\" data-attribute=\"formalName\">\n<div class=\"text-lg-right vertical-rule product-info-left float-left pl-3 pr- 2 pb-3 col-6 col-md-5 col-lg-4 col-xl-3\">Oficialus pavadinimas<\/div>\n<div class=\"float-right pl-3 text-xsm product-info-right col. -6 col-md-7 col-lg-8 col-xl-9\">2-fluor-N-\u03b1-dimetil-benzenetanamino monohidrochloridas<\/div><\/div>\n<div class=\"row\" data-tribute=\"casNumber\">\n<div class=\"text-lg-right vertical-rule product-info-left float-left pl-3 pr-2 pb-3 col-6 col-md-5 col-lg-4 col- xl-3\">CAS numeris<\/div>\n<div class=\"float-right pl-3 text-xsm product-info-right col-6 col-md-7 col-lg-8 col-xl-9\"> 1780004-19-4<\/div><\/div>\n<div class=\"row\" data-attribute=\"molecularFormula\">\n<div class=\"text-lg-right vertical-rule product-info-left float-left pl -3 pr-2 pb-3 col-6 col-md-5 col-lg-4 col-xl-3\">Molekulin\u0117 formul\u0117<\/div>\n<div class=\"float-right pl-3 text-xsm product- info-right col-6 col-md-7 col-lg-8 col-xl-9\">C<sub><small>10<\/small><\/sub>H<sub><small>14<\/small><\/sub>FN \u2022 HCl<\/div><\/div>\n<div class=\"row\" data-attribute=\"formulaWeight\">\n<div class=\"text-lg-right vertical-rule product-info-left float-left pl-3 pr-2 pb-3 col-6 col-md-5 col-lg-4 col-xl-3\">Formul\u0117s svoris<\/div>\n<div class=\"float-right pl-3 text-xsm product -info-right col-6 col-md-7 col-lg-8 col-xl-9\">203.7<\/div><\/div>\n<div class=\"row\" data-attribute=\"grynumas\">\n<div class=\"text-lg-right vertical-rule product-info-left float-left pl-3 pr-2 pb-3 col-6 col-md-5 col-lg-4 col-xl-3\">Grynumas<\/div>\n<div class=\"float-right pl-3 text-xsm product-info-right col-6 col-md-7 col-lg-8 col-xl-9\">\u226598 %<\/div><\/div>\n<div class=\"row\" data-attribute=\"formulation\">\n<div class=\"text-lg-right vertical-rule product-info-left float-left pl-3 pr-2 pb-3 col- 6 col-md-5 col-lg-4 col-xl-3\">Formul\u0117<\/div>\n<div class=\"float-right pl-3 text-xsm product-info-right col-6 col-md-7 col-lg-8 col-xl-9\">Kristalin\u0117 kieta med\u017eiaga<\/div><\/div>\n<div class=\"row\" data-attribute=\"solubility\">\n<div class=\"text-lg-right vertical- taisykl\u0117 product-info-left float-left pl-3 pr-2 pb-3 col-6 col-md-5 col-lg-4 col-xl-3\">Tirpumas<small>(Su\u017einokite apie tirpumo dispersij\u0105)<\/small><\/div>\n<div class=\"float-right pl-3 text-xsm product-info-right col-6 col-md-7 col-lg-8 col-xl-9\">\n<ul class=\" p-0 mb-3 list-unstyled\">\n<li class=\"undefined text-lato-bold\"><span class=\"\">DMF: 20 mg\/ml<\/span><\/li>\n<li class=\" undefined text-lato-bold\"><span class=\"\">DMSO: 20 mg\/ml<\/span><\/li>\n<li class=\"undefined text-lato-bold\"><span class=\"\">etanolis : 30 mg\/ml<\/span><\/li>\n<li class=\"undefined text-lato-bold\"><span class=\"\">PBS (pH 7,2): 10 mg\/ml<\/span><\/li>\n<\/ul><\/div><\/div>\n<div class=\"row\" data-attribute=\"smiles\">\n<div class=\"text-lg-right vertical-rule product-info-left float-left pl -3 pr-2 pb-3 col-6 col-md-5 col-lg-4 col-xl-3\">\u0160ypsenos<\/div>\n<div class=\"float-right pl-3 text-xsm product-info -de\u0161inysis stulpelis-6 stulpelis-md-7 stulpelis-lg-8 stulpelis- xl-9\">FC1=CC=CC=C1CC(C)NC.Cl<\/div><\/div>\n<div class=\"row\" data-attribute=\"inchi\">\n<div class=\"text-lg- de\u0161in\u0117 vertikalios taisykl\u0117s gaminio informacija-kair\u0117je float-left pl-3 pr-2 pb-3 col-6 col-md-5 col-lg-4 col-xl-3\">InChi kodas<\/div>\n<div class=\"float-right pl-3 text-xsm product-info-right col-6 col-md-7 col-lg-8 col-xl-9\">InChI=1S\/C10H14FN.ClH\/c1-8(12-) 2)7-9-5-3-4-6-10(9)11;\/h3-6,8,12H,7H2,1-2H3;1H<\/div><\/div>\n<div class=\"row \" data-attribute=\"inchiKey\">\n<div class=\"text-lg-right vertical-rule product-info-left float-left pl-3 pr-2 pb-3 col-6 col-md-5 col-lg -4 col-xl-3\">InChi raktas<\/div>\n<div class=\"float-right pl-3 text-xsm product-info-right col-6 col-md-7 col-lg-8 col-xl -9\">GTSVNAIEHCXQPM-UHFFFAOYSA-N<\/div><\/div><\/div><\/div><\/div><\/div>\n<div class=\"row\">\n<div class=\"col\">\n<h5>Pristatymo ir saugojimo informacija<\/h5>\n<div class=\"row\">\n<div class=\"col\">\n<div class=\"row\" data-attribute=\"storageTemp\">\n<div class=\"text-lg\">Saugykla<\/div>\n<div class=\"float-right pl-3 text-xsm product-info-right col-6 col-md-7 col-lg-8 col. -xl-9\">-20\u00b0C<\/div><\/div>\n<div class=\"row\" data-attribute=\"address\">\n<div class=\"text-lg-right vertical-rule product-info- left float-left pl-3 pr-2 pb-3 col-6 col-md-5 col-lg-4 col-xl-3\">Pristatymas<\/div>\n<div class=\"float-right pl-3 text -xsm product-info-right col-6 col-md-7 col-lg-8 col-xl-9\">Kambario temperat\u016bra \u017eemynin\u0117je JAV; kitur gali skirtis<\/div><\/div>\n<div class=\"row\" data-attribute=\"stabilityDisplay\">\n<div class=\"text-lg-right vertical-rule product-info-left float-left pl-3 pr-2 pb-3 col-6 col-md-5 col-lg-4 col-xl-3\">Stabilumas<\/div>\n<div class=\"float-right pl-3 text-xsm product-info-right col-6 col-md-7 col-lg-8 col-xl-9\">\u2265\u00a02 metai<\/div><\/div><\/div><\/div><\/div><\/div>\n<div>\n<div class=\"product-prev\"><\/div><\/div>\n","protected":false},"excerpt":{"rendered":"<p>Pirkite 2-FMA 2-fluorometamfetamin\u0105 (hidrochlorid\u0105), kad gal\u0117tum\u0117te parduoti didelio grynumo miltelius internetu. Didmenin\u0117 prekyba 2-FMA milteliais (99 %+ grynas) \u2013 pana\u0161us \u012f metamfetamin\u0105. Rekomenduojama doz\u0117 50\u201380 mg<\/p>\n<p>&nbsp;<\/p>\n","protected":false},"featured_media":5343,"comment_status":"open","ping_status":"closed","template":"","meta":[],"product_brand":[],"product_cat":[2014],"product_tag":[2015,2018,2017,2020,2022,2021,2023,2019,2016,2024,2026,2025],"class_list":{"0":"post-5332","1":"product","2":"type-product","3":"status-publish","4":"has-post-thumbnail","6":"product_cat-pirkti-tyrineti-chemikalai","7":"product_tag-2-negrai","8":"product_tag-2-fma-legality-usa","9":"product_tag-2-fma-legalality-2-fma-milteliai","10":"product_tag-2-fma-milteliai","11":"product_tag-2-fma-usa","12":"product_tag-2-fma-sintez","13":"product_tag-2-fma-svorio-netekimas","14":"product_tag-2-fma-tablets","15":"product_tag-2-fma-teistumas","16":"product_tag-4-fluorometamfetaminas","17":"product_tag-fluorometamfetamino-gatvs-pavadinimas","18":"product_tag-pirkti-2-fma","20":"first","21":"instock","22":"shipping-taxable","23":"purchasable","24":"product-type-variable","25":"has-default-attributes"},"yoast_head":"<!-- This site is optimized with the Yoast SEO plugin v27.3 - https:\/\/yoast.com\/product\/yoast-seo-wordpress\/ -->\n<title>Pirkite 2-FMA 2-fluorometamfetamin\u0105 (hidrochlorid\u0105) \u2013 geriausius pasaulinius vaistus<\/title>\n<meta name=\"description\" content=\"Pirkite 2-FMA 2-fluorometamfetamin\u0105 (hidrochlorid\u0105) ir parduokite didelio grynumo miltelius internetu. Didmenin\u0117 prekyba 2-FMA milteliais (99%+ gryni) \u2013 pana\u0161us \u012f metamfetamin\u0105. Rekomenduojama doz\u0117 50\u201380 mg\" \/>\n<meta name=\"robots\" content=\"index, follow, max-snippet:-1, max-image-preview:large, max-video-preview:-1\" \/>\n<link rel=\"canonical\" href=\"https:\/\/medicinasinc.com\/lt\/product\/pirkti-2-fma-2-fluorometamfetamino-hidrochloridas\/\" \/>\n<meta property=\"og:locale\" content=\"en_US\" \/>\n<meta property=\"og:type\" content=\"article\" \/>\n<meta property=\"og:title\" content=\"Pirkite 2-FMA 2-fluorometamfetamin\u0105 (hidrochlorid\u0105) \u2013 geriausius pasaulinius vaistus\" \/>\n<meta property=\"og:description\" content=\"Pirkite 2-FMA 2-fluorometamfetamin\u0105 (hidrochlorid\u0105) ir parduokite didelio grynumo miltelius internetu. Didmenin\u0117 prekyba 2-FMA milteliais (99%+ gryni) \u2013 pana\u0161us \u012f metamfetamin\u0105. Rekomenduojama doz\u0117 50\u201380 mg\" \/>\n<meta property=\"og:url\" content=\"https:\/\/medicinasinc.com\/lt\/product\/pirkti-2-fma-2-fluorometamfetamino-hidrochloridas\/\" \/>\n<meta property=\"og:site_name\" content=\"Medicinas Inc\" \/>\n<meta property=\"article:modified_time\" content=\"2022-03-20T12:19:44+00:00\" \/>\n<meta property=\"og:image\" content=\"https:\/\/medicinasinc.com\/lt\/wp-content\/uploads\/sites\/9\/2022\/02\/Buy-2-FMA.jpg\" \/>\n\t<meta property=\"og:image:width\" content=\"750\" \/>\n\t<meta property=\"og:image:height\" content=\"1000\" \/>\n\t<meta property=\"og:image:type\" content=\"image\/jpeg\" \/>\n<meta name=\"twitter:card\" content=\"summary_large_image\" \/>\n<meta name=\"twitter:label1\" content=\"Est. reading time\" \/>\n\t<meta name=\"twitter:data1\" content=\"1 minute\" \/>\n<script type=\"application\/ld+json\" class=\"yoast-schema-graph\">{\"@context\":\"https:\\\/\\\/schema.org\",\"@graph\":[{\"@type\":\"WebPage\",\"@id\":\"https:\\\/\\\/medicinasinc.com\\\/lt\\\/product\\\/pirkti-2-fma-2-fluorometamfetamino-hidrochloridas\\\/\",\"url\":\"https:\\\/\\\/medicinasinc.com\\\/lt\\\/product\\\/pirkti-2-fma-2-fluorometamfetamino-hidrochloridas\\\/\",\"name\":\"Pirkite 2-FMA 2-fluorometamfetamin\u0105 (hidrochlorid\u0105) \u2013 geriausius pasaulinius vaistus\",\"isPartOf\":{\"@id\":\"https:\\\/\\\/medicinasinc.com\\\/lt\\\/#website\"},\"primaryImageOfPage\":{\"@id\":\"https:\\\/\\\/medicinasinc.com\\\/lt\\\/product\\\/pirkti-2-fma-2-fluorometamfetamino-hidrochloridas\\\/#primaryimage\"},\"image\":{\"@id\":\"https:\\\/\\\/medicinasinc.com\\\/lt\\\/product\\\/pirkti-2-fma-2-fluorometamfetamino-hidrochloridas\\\/#primaryimage\"},\"thumbnailUrl\":\"https:\\\/\\\/medicinasinc.com\\\/lt\\\/wp-content\\\/uploads\\\/sites\\\/9\\\/2022\\\/02\\\/Buy-2-FMA.jpg\",\"datePublished\":\"2022-02-21T21:05:55+00:00\",\"dateModified\":\"2022-03-20T12:19:44+00:00\",\"description\":\"Pirkite 2-FMA 2-fluorometamfetamin\u0105 (hidrochlorid\u0105) ir parduokite didelio grynumo miltelius internetu. Didmenin\u0117 prekyba 2-FMA milteliais (99%+ gryni) \u2013 pana\u0161us \u012f metamfetamin\u0105. Rekomenduojama doz\u0117 50\u201380 mg\",\"breadcrumb\":{\"@id\":\"https:\\\/\\\/medicinasinc.com\\\/lt\\\/product\\\/pirkti-2-fma-2-fluorometamfetamino-hidrochloridas\\\/#breadcrumb\"},\"inLanguage\":\"en-US\",\"potentialAction\":[{\"@type\":\"ReadAction\",\"target\":[\"https:\\\/\\\/medicinasinc.com\\\/lt\\\/product\\\/pirkti-2-fma-2-fluorometamfetamino-hidrochloridas\\\/\"]}]},{\"@type\":\"ImageObject\",\"inLanguage\":\"en-US\",\"@id\":\"https:\\\/\\\/medicinasinc.com\\\/lt\\\/product\\\/pirkti-2-fma-2-fluorometamfetamino-hidrochloridas\\\/#primaryimage\",\"url\":\"https:\\\/\\\/medicinasinc.com\\\/lt\\\/wp-content\\\/uploads\\\/sites\\\/9\\\/2022\\\/02\\\/Buy-2-FMA.jpg\",\"contentUrl\":\"https:\\\/\\\/medicinasinc.com\\\/lt\\\/wp-content\\\/uploads\\\/sites\\\/9\\\/2022\\\/02\\\/Buy-2-FMA.jpg\",\"width\":750,\"height\":1000},{\"@type\":\"BreadcrumbList\",\"@id\":\"https:\\\/\\\/medicinasinc.com\\\/lt\\\/product\\\/pirkti-2-fma-2-fluorometamfetamino-hidrochloridas\\\/#breadcrumb\",\"itemListElement\":[{\"@type\":\"ListItem\",\"position\":1,\"name\":\"Parduotuv\u0117\",\"item\":\"https:\\\/\\\/medicinasinc.com\\\/lt\\\/parduotuve\\\/\"},{\"@type\":\"ListItem\",\"position\":2,\"name\":\"Pirkite 2-FMA 2-fluorometamfetamin\u0105 (hidrochlorid\u0105)\"}]},{\"@type\":\"WebSite\",\"@id\":\"https:\\\/\\\/medicinasinc.com\\\/lt\\\/#website\",\"url\":\"https:\\\/\\\/medicinasinc.com\\\/lt\\\/\",\"name\":\"Medicinas Inc\",\"description\":\"Sveikatos medicinos klinika\",\"potentialAction\":[{\"@type\":\"SearchAction\",\"target\":{\"@type\":\"EntryPoint\",\"urlTemplate\":\"https:\\\/\\\/medicinasinc.com\\\/lt\\\/?s={search_term_string}\"},\"query-input\":{\"@type\":\"PropertyValueSpecification\",\"valueRequired\":true,\"valueName\":\"search_term_string\"}}],\"inLanguage\":\"en-US\"}]}<\/script>\n<!-- \/ Yoast SEO plugin. -->","yoast_head_json":{"title":"Pirkite 2-FMA 2-fluorometamfetamin\u0105 (hidrochlorid\u0105) \u2013 geriausius pasaulinius vaistus","description":"Pirkite 2-FMA 2-fluorometamfetamin\u0105 (hidrochlorid\u0105) ir parduokite didelio grynumo miltelius internetu. Didmenin\u0117 prekyba 2-FMA milteliais (99%+ gryni) \u2013 pana\u0161us \u012f metamfetamin\u0105. Rekomenduojama doz\u0117 50\u201380 mg","robots":{"index":"index","follow":"follow","max-snippet":"max-snippet:-1","max-image-preview":"max-image-preview:large","max-video-preview":"max-video-preview:-1"},"canonical":"https:\/\/medicinasinc.com\/lt\/product\/pirkti-2-fma-2-fluorometamfetamino-hidrochloridas\/","og_locale":"en_US","og_type":"article","og_title":"Pirkite 2-FMA 2-fluorometamfetamin\u0105 (hidrochlorid\u0105) \u2013 geriausius pasaulinius vaistus","og_description":"Pirkite 2-FMA 2-fluorometamfetamin\u0105 (hidrochlorid\u0105) ir parduokite didelio grynumo miltelius internetu. Didmenin\u0117 prekyba 2-FMA milteliais (99%+ gryni) \u2013 pana\u0161us \u012f metamfetamin\u0105. Rekomenduojama doz\u0117 50\u201380 mg","og_url":"https:\/\/medicinasinc.com\/lt\/product\/pirkti-2-fma-2-fluorometamfetamino-hidrochloridas\/","og_site_name":"Medicinas Inc","article_modified_time":"2022-03-20T12:19:44+00:00","og_image":[{"width":750,"height":1000,"url":"https:\/\/medicinasinc.com\/lt\/wp-content\/uploads\/sites\/9\/2022\/02\/Buy-2-FMA.jpg","type":"image\/jpeg"}],"twitter_card":"summary_large_image","twitter_misc":{"Est. reading time":"1 minute"},"schema":{"@context":"https:\/\/schema.org","@graph":[{"@type":"WebPage","@id":"https:\/\/medicinasinc.com\/lt\/product\/pirkti-2-fma-2-fluorometamfetamino-hidrochloridas\/","url":"https:\/\/medicinasinc.com\/lt\/product\/pirkti-2-fma-2-fluorometamfetamino-hidrochloridas\/","name":"Pirkite 2-FMA 2-fluorometamfetamin\u0105 (hidrochlorid\u0105) \u2013 geriausius pasaulinius vaistus","isPartOf":{"@id":"https:\/\/medicinasinc.com\/lt\/#website"},"primaryImageOfPage":{"@id":"https:\/\/medicinasinc.com\/lt\/product\/pirkti-2-fma-2-fluorometamfetamino-hidrochloridas\/#primaryimage"},"image":{"@id":"https:\/\/medicinasinc.com\/lt\/product\/pirkti-2-fma-2-fluorometamfetamino-hidrochloridas\/#primaryimage"},"thumbnailUrl":"https:\/\/medicinasinc.com\/lt\/wp-content\/uploads\/sites\/9\/2022\/02\/Buy-2-FMA.jpg","datePublished":"2022-02-21T21:05:55+00:00","dateModified":"2022-03-20T12:19:44+00:00","description":"Pirkite 2-FMA 2-fluorometamfetamin\u0105 (hidrochlorid\u0105) ir parduokite didelio grynumo miltelius internetu. Didmenin\u0117 prekyba 2-FMA milteliais (99%+ gryni) \u2013 pana\u0161us \u012f metamfetamin\u0105. Rekomenduojama doz\u0117 50\u201380 mg","breadcrumb":{"@id":"https:\/\/medicinasinc.com\/lt\/product\/pirkti-2-fma-2-fluorometamfetamino-hidrochloridas\/#breadcrumb"},"inLanguage":"en-US","potentialAction":[{"@type":"ReadAction","target":["https:\/\/medicinasinc.com\/lt\/product\/pirkti-2-fma-2-fluorometamfetamino-hidrochloridas\/"]}]},{"@type":"ImageObject","inLanguage":"en-US","@id":"https:\/\/medicinasinc.com\/lt\/product\/pirkti-2-fma-2-fluorometamfetamino-hidrochloridas\/#primaryimage","url":"https:\/\/medicinasinc.com\/lt\/wp-content\/uploads\/sites\/9\/2022\/02\/Buy-2-FMA.jpg","contentUrl":"https:\/\/medicinasinc.com\/lt\/wp-content\/uploads\/sites\/9\/2022\/02\/Buy-2-FMA.jpg","width":750,"height":1000},{"@type":"BreadcrumbList","@id":"https:\/\/medicinasinc.com\/lt\/product\/pirkti-2-fma-2-fluorometamfetamino-hidrochloridas\/#breadcrumb","itemListElement":[{"@type":"ListItem","position":1,"name":"Parduotuv\u0117","item":"https:\/\/medicinasinc.com\/lt\/parduotuve\/"},{"@type":"ListItem","position":2,"name":"Pirkite 2-FMA 2-fluorometamfetamin\u0105 (hidrochlorid\u0105)"}]},{"@type":"WebSite","@id":"https:\/\/medicinasinc.com\/lt\/#website","url":"https:\/\/medicinasinc.com\/lt\/","name":"Medicinas Inc","description":"Sveikatos medicinos klinika","potentialAction":[{"@type":"SearchAction","target":{"@type":"EntryPoint","urlTemplate":"https:\/\/medicinasinc.com\/lt\/?s={search_term_string}"},"query-input":{"@type":"PropertyValueSpecification","valueRequired":true,"valueName":"search_term_string"}}],"inLanguage":"en-US"}]}},"_links":{"self":[{"href":"https:\/\/medicinasinc.com\/lt\/wp-json\/wp\/v2\/product\/5332","targetHints":{"allow":["GET"]}}],"collection":[{"href":"https:\/\/medicinasinc.com\/lt\/wp-json\/wp\/v2\/product"}],"about":[{"href":"https:\/\/medicinasinc.com\/lt\/wp-json\/wp\/v2\/types\/product"}],"replies":[{"embeddable":true,"href":"https:\/\/medicinasinc.com\/lt\/wp-json\/wp\/v2\/comments?post=5332"}],"wp:featuredmedia":[{"embeddable":true,"href":"https:\/\/medicinasinc.com\/lt\/wp-json\/wp\/v2\/media\/5343"}],"wp:attachment":[{"href":"https:\/\/medicinasinc.com\/lt\/wp-json\/wp\/v2\/media?parent=5332"}],"wp:term":[{"taxonomy":"product_brand","embeddable":true,"href":"https:\/\/medicinasinc.com\/lt\/wp-json\/wp\/v2\/product_brand?post=5332"},{"taxonomy":"product_cat","embeddable":true,"href":"https:\/\/medicinasinc.com\/lt\/wp-json\/wp\/v2\/product_cat?post=5332"},{"taxonomy":"product_tag","embeddable":true,"href":"https:\/\/medicinasinc.com\/lt\/wp-json\/wp\/v2\/product_tag?post=5332"}],"curies":[{"name":"wp","href":"https:\/\/api.w.org\/{rel}","templated":true}]}}