{"id":5324,"date":"2022-02-21T20:59:08","date_gmt":"2022-02-21T20:59:08","guid":{"rendered":"https:\/\/medicinasinc.com\/lt\/?post_type=product&#038;p=5324"},"modified":"2022-03-20T12:19:53","modified_gmt":"2022-03-20T12:19:53","slug":"pirkti-vicodin","status":"publish","type":"product","link":"https:\/\/medicinasinc.com\/lt\/product\/pirkti-vicodin\/","title":{"rendered":"Pirkite Vicodin"},"content":{"rendered":"<p>Vicodin hidrokodono table\u010di\u0173 pirkimas internetu<\/p>\n<p>VICODIN\u00ae (hidrokodono bitartrato ir acetaminofeno tablet\u0117s, USP 5 mg\/300 mg): viena arba dvi tablet\u0117s kas keturias\u2013\u0161e\u0161ias valandas, jei reikia suaugusi\u0173j\u0173 skausmui mal\u0161inti. Did\u017eiausia paros doz\u0117 neturi vir\u0161yti a\u0161tuoni\u0173 table\u010di\u0173.<\/p>\n<p>Pirkite internetu Vicodin hidrokodono tabletes<br \/> Pirkite Vicodin internetu<\/p>\n<p>Vicodin sud\u0117tyje yra hidrokodono ir acetaminofeno derinio. Hidrokodonas yra opioidinis skausmo vaistas. Da\u017enai opioidai vadinami narkotikais. Acetaminofenas yra ma\u017eiau stiprus analgetikas, sustiprinantis hidrokodono poveik\u012f. Vicodin galima \u012fsigyti internetu, o vikodin\u0105 taip pat galima parduoti internetu. Vicodin tablet\u0117s vartojamos nuo lengvo iki vidutinio stipraus skausmo. Vicodin taip pat gali b\u016bti \u012ftrauktas, kai naudojamas \u0161iame vaist\u0173 vadove nenurodytas.<\/p>\n<p>Naudojimas<\/p>\n<p>Kombinuotas vaistas skirtas \u0161velniam ar vidutinio sunkumo skausmui mal\u0161inti. Tai palengvina skausm\u0105 naudojant morfij\u0173 (hidrokodon\u0105) ir neopioid\u0105 (acetaminofen\u0105). Hidrokodonas kei\u010dia j\u016bs\u0173 k\u016bno suvokim\u0105 ir reakcij\u0105 \u012f skausm\u0105 smegenyse. Acetaminofenas taip pat gali pad\u0117ti suma\u017einti kar\u0161\u010diavimo sunkum\u0105. Vaistas neleid\u017eiamas jaunesniems nei \u0161e\u0161eri\u0173 met\u0173 vaikams d\u0117l padid\u0117jusios nepageidaujamo poveikio rizikos (pvz., l\u0117to ir pavir\u0161utini\u0161ko kv\u0117pavimo).<\/p>\n<p>Kokia \u0161io vaisto paskirtis?<\/p>\n<p>Hidrokodonas derinamas su kitomis chemin\u0117mis med\u017eiagomis, o esant \u012fvairioms indikacijoms, skiriama daugyb\u0117 kombinuot\u0173 vaist\u0173. Tam tikri hidrokodono kombinuoti vaistai vartojami nuo lengvo iki stipraus skausmo. Kiti vaistai, kuri\u0173 sud\u0117tyje yra hidrokodono derinio, naudojami kosuliui suma\u017einti. Hidrokodonas yra opioidinis (narkotinis) skausm\u0105 mal\u0161inantis vaistas ir vaist\u0173, vadinam\u0173 kosul\u012f ma\u017einan\u010diais vaistais, \u0161eima. Hidrokodonas ma\u017eina skausm\u0105 modifikuodamas smegen\u0173 ir nerv\u0173 sistemos reakcij\u0105 \u012f skausm\u0105. Hidrokodonas ma\u017eina kosul\u012f, nes slopina smegen\u0173 veikl\u0105, susijusi\u0105 su kosuliu. J\u016bs vartojate hidrokodon\u0105 kartu su bent vienu kitu vaistu, ta\u010diau monografijoje pateikiama tik informacija apie hidrokodon\u0105. Skaitykite apie papildomas med\u017eiagas, esan\u010dias j\u016bs\u0173 vartojamuose hidrokodono vaistuose.<\/p>\n<p>Kaip naudoti?<\/p>\n<p>Hidrokodono deriniai yra \u0161i\u0173 form\u0173: tablet\u0117s, gelis, pasta, tirpalas ( skys\u010dio skaidrumas), pailginto atpalaidavimo gelis (ilgai veikiantis) ir ilgai veikianti suspensija (skysta) suspensija, skirta vartoti per burn\u0105. Prireikus tablet\u0119, kapsul\u0119, sirup\u0105 ar tirpal\u0105 galima gerti kas 4\u20136 valandas. Paprastai, kas 12 valand\u0173, pailginto atpalaidavimo kapsul\u0117s ir pailginto atpalaidavimo suspensijos vartojamos pagal poreik\u012f. Jei reguliariai vartojate hidrokodon\u0105, j\u012f reikia gerti kiekvien\u0105 dien\u0105 tuo pa\u010diu metu. Atid\u017eiai laikykit\u0117s recepto etiket\u0117je pateikt\u0173 nurodym\u0173 ir, jei reikia, gaukite paai\u0161kinim\u0105 i\u0161 vaistininko arba gydytojo. Prie\u0161 naudojim\u0105 gerai sukratykite ilgalaikio i\u0161leidimo suspensij\u0105, kad \u012fsitikintum\u0117te, jog med\u017eiaga tolygiai pasiskirsto. Nerekomenduojama mai\u0161yti pailginto atpalaidavimo suspensijos su kitomis med\u017eiagomis ar skys\u010diais, pvz., vandeniu.<\/p>\n<p>Jei naudojate hidrokodono derin\u012f, sirup\u0105 arba pailginto atpalaidavimo suspensij\u0105, nenaudokite namin\u0117s arbatos puodelio. i\u0161matuokite doz\u0119. Naminiai arbatiniai \u0161auk\u0161teliai n\u0117ra tiksl\u016bs matavimo prietaisai, o jei dozes tikrinate naudodami buitin\u012f arbatin\u012f \u0161auk\u0161tel\u012f, rizikuojate i\u0161gerti per daug arba per ma\u017eai table\u010di\u0173. Ver\u010diau naudokite tiksliai apibr\u0117\u017et\u0105 matavimo prietais\u0105, pvz., la\u0161intuv\u0105, \u0161auk\u0161tel\u012f arba geriam\u0105j\u012f \u0161virk\u0161t\u0105.<\/p>\n<p>\u0160is kombinuotas vaistas vartojamas skausmui, nuo lengvo iki stipraus, mal\u0161inti. J\u012f sudaro opioidinis analgetikas (hidrokodonas), taip pat neopioidinis analgetikas (acetaminofenas). Hidrokodonas pakei\u010dia tai, kaip j\u016bs\u0173 k\u016bnas suvokia ir reaguoja \u012f skausm\u0105, veikdamas smegenis. Acetaminofenas taip pat gali pad\u0117ti suma\u017einti kar\u0161\u010diavim\u0105.<\/p>\n<p>\u0160is produktas nerekomenduojamas jaunesniems nei \u0161e\u0161eri\u0173 met\u0173 vaikams d\u0117l padid\u0117jusios rimt\u0173 nepageidaujam\u0173 poveiki\u0173 (pvz., negilaus \/ l\u0117to kv\u0117pavimo) rizikos.<\/p>\n<p>Ar hidrokodonas yra vikodinas?, ar hidrokodonas yra vikodinas?, ar hidrokodonas yra vikodinas?, ar hidrokodonas yra vikodinas?, ar hidrokodonas yra vikodinas?, ar hidrokodonas yra vikodinas?, ar hidrokodonas yra vikodinas? vikodinas?, Ar hidrokodonas yra vikodinas?, ar hidrokodonas yra vikodinas? yra vikodino hidrokodonas, yra vikodino hidrokodonas, yra vikodino hidrokodonas, yra vikodino hidrokodonas, yra vikodino hidrokodonas, yra vikodino hidrokodonas, yra hidrokodonas toks pat kaip vikodinas, kuo skiriasi vikodinas ir hidrokodonas, kuo skiriasi vikodinas ir hidrokodonas, vikodinas vs hidrokodonas Ar vikodinas ir hidrokodonas yra kei\u010diami? ar hidrokodonas yra lygiavertis vikodinui arba perkocetui? Ar vikodinas stipresnis u\u017e hidrokodon\u0105? Ar hidrokodonas ir vikodinas yra tas pats dalykas? Kuo skiriasi vikodinas ir hidrokodonas, hidrokodonas ir vikodinas, vikodinas hidrokodonas, ar hidrokodonas toks pat kaip vikodinas, ar vikodinas toks pat kaip hidrokodonas, hidrokodonas arba vikodinas, vikodinas nuo hidrokodono, ar hidrokodonas yra vikodinas?<\/p>\n","protected":false},"excerpt":{"rendered":"<div class=\"woocommerce-product-details__short-description\">\n<p>Kiekvienoje Vicodin tablet\u0117je yra 300 mg acetaminofeno ir trij\u0173 skirting\u0173 hidrokodono dozi\u0173: 5 mg, 7,5 mg ir 10 mg.<\/p>\n<p>Internete vaistin\u0117, kurioje galite \u012fsigyti Vicodin hidrokodono table\u010di\u0173.<\/p>\n<p>Prie\u0161 vartodami \u0161\u012f vaist\u0105, pasakykite gydytojui arba vaistininkui, jei esate jam alergi\u0161kas; arba bet kokioms kitoms narkotin\u0117ms med\u017eiagoms (pvz., morfijui, kodeinui); ar bet koki\u0173 kit\u0173 vaist\u0173.<\/p>\n<\/p><\/div>\n","protected":false},"featured_media":5335,"comment_status":"open","ping_status":"closed","template":"","meta":[],"product_brand":[],"product_cat":[1117],"product_tag":[1916,1917,1918,1919,1920,1926,1925,1934,1921,1922,1923,1924,1927,1928,1931,1932,1933,1940,1937,1938,1939,1941,2009,2010,2008,1935,2012,2011,1936,2013,1945,1946,1947,1948,1949,1778,1950,1968,1929,1953,1955,1956,1958,1963,1964,1965,1966,1967,1971,1972,1977,1978,1979,1980,1985,1984,1986,1987,1988,1990,1991,1989,2000,1952,1996,1997,1998,1993,2001,2002,1787,2004,2005,2006,2007,1961,1951,1957,1960,1959,1962,1974,1973,1983,2003,1982,1944,1969,1970,1975,1976,1981,1954,1992,1930,1999,1994,1995,1942,1943],"class_list":{"0":"post-5324","1":"product","2":"type-product","3":"status-publish","4":"has-post-thumbnail","6":"product_cat-pirkite-skausmo-miego-ir-sekso-tabletes","7":"product_tag-1p466-vicodin","8":"product_tag-20-mg-vikodino","9":"product_tag-2172-tablets-vicodin","10":"product_tag-5-325-vikodinas","11":"product_tag-5-mg-vikodinas","12":"product_tag-ar-galite-kartu-vartoti-vikodin-ir-ibuprofen","13":"product_tag-ar-galite-vartoti-advil-su-vikodinu","14":"product_tag-bendrinis-vicodin-pavadinimas","15":"product_tag-buy-vicodin","16":"product_tag-buy-vicodin-from-canada","17":"product_tag-buy-vicodin-online","18":"product_tag-buy-vicodin-overnight-delivery","19":"product_tag-cwe-vicodin","20":"product_tag-darvocet-versus-vicodin","21":"product_tag-erowid-vicodin","22":"product_tag-flexeril-ir-vicodin","23":"product_tag-gabapentinas-ir-vikodinas","24":"product_tag-hidrokodonas-vicodinas","25":"product_tag-how-long-does-vicodin-stay-in-your-system","26":"product_tag-how-long-does-vicodin-stay-in-your-system-for-a-drug-test","27":"product_tag-how-long-does-vicodin-take-to-work","28":"product_tag-ip-109-pill-vicodin","29":"product_tag-k-veikia-vicodinas","30":"product_tag-kaip-atrodo-vicodin","31":"product_tag-kaip-atrodo-vicodin-tablet","32":"product_tag-kaip-tu-buriu-vicodin","33":"product_tag-kas-yra-vikodinas","34":"product_tag-kas-yra-vikodine","35":"product_tag-kiek-ilgai-trunka-vikodinas","36":"product_tag-kuo-skiriasi-vikodinas-ir-perkocetas","37":"product_tag-natralus-vicodinas","38":"product_tag-norco-5-325-vs-vicodin","39":"product_tag-norco-vicodin","40":"product_tag-norco-vs-vicodin","41":"product_tag-oksikodonas-prie-vikodin","42":"product_tag-percocet-vs-vicodin","43":"product_tag-perkocetas-ir-vikodinas","44":"product_tag-priklausomyb-nuo-vikodino","45":"product_tag-skirtumas-tarp-norco-ir-vikodino","46":"product_tag-knarkimas-vicodin","47":"product_tag-tramadol-hcl-50mg-vs-vicodin","48":"product_tag-tramadolis-prie-vikodin","49":"product_tag-vicodin-10","50":"product_tag-vicodin-5-300","51":"product_tag-vicodin-5-300-mg","52":"product_tag-vicodin-5-325-mg","53":"product_tag-vicodin-7-5","54":"product_tag-vicodin-750","55":"product_tag-vicodin-and-advil","56":"product_tag-vicodin-and-alcohol","57":"product_tag-vicodin-dose","58":"product_tag-vicodin-doses","59":"product_tag-vicodin-drug","60":"product_tag-vicodin-drugs","61":"product_tag-vicodin-generic-name","62":"product_tag-vicodin-generic","63":"product_tag-vicodin-high","64":"product_tag-vicodin-house","65":"product_tag-vicodin-hp","66":"product_tag-vicodin-online","67":"product_tag-vicodin-online-per-nakt","68":"product_tag-vicodin-meksika","69":"product_tag-vikodino-naudojimas","70":"product_tag-alutinis-vikodino-poveikis","71":"product_tag-vicodin-schedule","72":"product_tag-vicodin-shelf-life","73":"product_tag-vicodin-side-effects","74":"product_tag-vicodin-skausmo-tablet-c4-97s","75":"product_tag-vicodin-vs-norco","76":"product_tag-vicodin-vs-oxycodone","77":"product_tag-vicodin-vs-percocet","78":"product_tag-vicodin-vs-tramadol","79":"product_tag-vicodin-vs-tylenol-3","80":"product_tag-vicodin-withdrawal","81":"product_tag-vicodin-xanax","82":"product_tag-vikodinas-30-mg","83":"product_tag-vicodino-nuotraukos","84":"product_tag-vikodinas","85":"product_tag-vikodinas-10-mg","86":"product_tag-vikodinas-10-miligram-c5-b3","87":"product_tag-vikodinas-5","88":"product_tag-vicodin-and-xanax","89":"product_tag-vikodinas-ir-oksikontinas-yra-pavyzdiai","90":"product_tag-vikodinas-nuo-migrenos","91":"product_tag-vikodinas-prie-kodein","92":"product_tag-vicodin-es","93":"product_tag-yra-vikodinas-opioidas","94":"product_tag-vikodinas-alkoholis","95":"product_tag-vikodino-alternatyvos","96":"product_tag-vikodino-dozavimas","97":"product_tag-vikodino-doz-5-325","98":"product_tag-vikodino-efektai","99":"product_tag-vikodino-nutraukimo-simptomai","100":"product_tag-vikodino-perdozavimas","101":"product_tag-vikodino-poveikis","102":"product_tag-vikodino-stiprybs","103":"product_tag-vikodino-tablet","104":"product_tag-vikodino-tablets","105":"product_tag-is-hidrokodonas-vikodinas","106":"product_tag-yra-perkocetas-stipresnis-u-vikodin","108":"first","109":"instock","110":"shipping-taxable","111":"purchasable","112":"product-type-variable","113":"has-default-attributes"},"yoast_head":"<!-- This site is optimized with the Yoast SEO plugin v27.3 - https:\/\/yoast.com\/product\/yoast-seo-wordpress\/ -->\n<title>Pirkite Vicodin hidrokodono tabletes internetu \u2013 geriausi pasauliniai vaistai<\/title>\n<meta name=\"description\" content=\"Pirkite Vicodin hidrokodono tabletes internetu. Kiekvienoje Vicodin tablet\u0117je yra 300 mg acetaminofeno ir trij\u0173 skirting\u0173 hidrokodono dozi\u0173: 5 mg, 7,5 mg ir 10 mg.\" \/>\n<meta name=\"robots\" content=\"index, follow, max-snippet:-1, max-image-preview:large, max-video-preview:-1\" \/>\n<link rel=\"canonical\" href=\"https:\/\/medicinasinc.com\/lt\/product\/pirkti-vicodin\/\" \/>\n<meta property=\"og:locale\" content=\"en_US\" \/>\n<meta property=\"og:type\" content=\"article\" \/>\n<meta property=\"og:title\" content=\"Pirkite Vicodin hidrokodono tabletes internetu \u2013 geriausi pasauliniai vaistai\" \/>\n<meta property=\"og:description\" content=\"Pirkite Vicodin hidrokodono tabletes internetu. Kiekvienoje Vicodin tablet\u0117je yra 300 mg acetaminofeno ir trij\u0173 skirting\u0173 hidrokodono dozi\u0173: 5 mg, 7,5 mg ir 10 mg.\" \/>\n<meta property=\"og:url\" content=\"https:\/\/medicinasinc.com\/lt\/product\/pirkti-vicodin\/\" \/>\n<meta property=\"og:site_name\" content=\"Medicinas Inc\" \/>\n<meta property=\"article:modified_time\" content=\"2022-03-20T12:19:53+00:00\" \/>\n<meta property=\"og:image\" content=\"https:\/\/medicinasinc.com\/lt\/wp-content\/uploads\/sites\/9\/2022\/02\/Buy-Vicodin.jpg\" \/>\n\t<meta property=\"og:image:width\" content=\"428\" \/>\n\t<meta property=\"og:image:height\" content=\"293\" \/>\n\t<meta property=\"og:image:type\" content=\"image\/jpeg\" \/>\n<meta name=\"twitter:card\" content=\"summary_large_image\" \/>\n<meta name=\"twitter:label1\" content=\"Est. reading time\" \/>\n\t<meta name=\"twitter:data1\" content=\"4 minutes\" \/>\n<script type=\"application\/ld+json\" class=\"yoast-schema-graph\">{\"@context\":\"https:\\\/\\\/schema.org\",\"@graph\":[{\"@type\":\"WebPage\",\"@id\":\"https:\\\/\\\/medicinasinc.com\\\/lt\\\/product\\\/pirkti-vicodin\\\/\",\"url\":\"https:\\\/\\\/medicinasinc.com\\\/lt\\\/product\\\/pirkti-vicodin\\\/\",\"name\":\"Pirkite Vicodin hidrokodono tabletes internetu \u2013 geriausi pasauliniai vaistai\",\"isPartOf\":{\"@id\":\"https:\\\/\\\/medicinasinc.com\\\/lt\\\/#website\"},\"primaryImageOfPage\":{\"@id\":\"https:\\\/\\\/medicinasinc.com\\\/lt\\\/product\\\/pirkti-vicodin\\\/#primaryimage\"},\"image\":{\"@id\":\"https:\\\/\\\/medicinasinc.com\\\/lt\\\/product\\\/pirkti-vicodin\\\/#primaryimage\"},\"thumbnailUrl\":\"https:\\\/\\\/medicinasinc.com\\\/lt\\\/wp-content\\\/uploads\\\/sites\\\/9\\\/2022\\\/02\\\/Buy-Vicodin.jpg\",\"datePublished\":\"2022-02-21T20:59:08+00:00\",\"dateModified\":\"2022-03-20T12:19:53+00:00\",\"description\":\"Pirkite Vicodin hidrokodono tabletes internetu. Kiekvienoje Vicodin tablet\u0117je yra 300 mg acetaminofeno ir trij\u0173 skirting\u0173 hidrokodono dozi\u0173: 5 mg, 7,5 mg ir 10 mg.\",\"breadcrumb\":{\"@id\":\"https:\\\/\\\/medicinasinc.com\\\/lt\\\/product\\\/pirkti-vicodin\\\/#breadcrumb\"},\"inLanguage\":\"en-US\",\"potentialAction\":[{\"@type\":\"ReadAction\",\"target\":[\"https:\\\/\\\/medicinasinc.com\\\/lt\\\/product\\\/pirkti-vicodin\\\/\"]}]},{\"@type\":\"ImageObject\",\"inLanguage\":\"en-US\",\"@id\":\"https:\\\/\\\/medicinasinc.com\\\/lt\\\/product\\\/pirkti-vicodin\\\/#primaryimage\",\"url\":\"https:\\\/\\\/medicinasinc.com\\\/lt\\\/wp-content\\\/uploads\\\/sites\\\/9\\\/2022\\\/02\\\/Buy-Vicodin.jpg\",\"contentUrl\":\"https:\\\/\\\/medicinasinc.com\\\/lt\\\/wp-content\\\/uploads\\\/sites\\\/9\\\/2022\\\/02\\\/Buy-Vicodin.jpg\",\"width\":428,\"height\":293},{\"@type\":\"BreadcrumbList\",\"@id\":\"https:\\\/\\\/medicinasinc.com\\\/lt\\\/product\\\/pirkti-vicodin\\\/#breadcrumb\",\"itemListElement\":[{\"@type\":\"ListItem\",\"position\":1,\"name\":\"Parduotuv\u0117\",\"item\":\"https:\\\/\\\/medicinasinc.com\\\/lt\\\/parduotuve\\\/\"},{\"@type\":\"ListItem\",\"position\":2,\"name\":\"Pirkite Vicodin\"}]},{\"@type\":\"WebSite\",\"@id\":\"https:\\\/\\\/medicinasinc.com\\\/lt\\\/#website\",\"url\":\"https:\\\/\\\/medicinasinc.com\\\/lt\\\/\",\"name\":\"Medicinas Inc\",\"description\":\"Sveikatos medicinos klinika\",\"potentialAction\":[{\"@type\":\"SearchAction\",\"target\":{\"@type\":\"EntryPoint\",\"urlTemplate\":\"https:\\\/\\\/medicinasinc.com\\\/lt\\\/?s={search_term_string}\"},\"query-input\":{\"@type\":\"PropertyValueSpecification\",\"valueRequired\":true,\"valueName\":\"search_term_string\"}}],\"inLanguage\":\"en-US\"}]}<\/script>\n<!-- \/ Yoast SEO plugin. -->","yoast_head_json":{"title":"Pirkite Vicodin hidrokodono tabletes internetu \u2013 geriausi pasauliniai vaistai","description":"Pirkite Vicodin hidrokodono tabletes internetu. Kiekvienoje Vicodin tablet\u0117je yra 300 mg acetaminofeno ir trij\u0173 skirting\u0173 hidrokodono dozi\u0173: 5 mg, 7,5 mg ir 10 mg.","robots":{"index":"index","follow":"follow","max-snippet":"max-snippet:-1","max-image-preview":"max-image-preview:large","max-video-preview":"max-video-preview:-1"},"canonical":"https:\/\/medicinasinc.com\/lt\/product\/pirkti-vicodin\/","og_locale":"en_US","og_type":"article","og_title":"Pirkite Vicodin hidrokodono tabletes internetu \u2013 geriausi pasauliniai vaistai","og_description":"Pirkite Vicodin hidrokodono tabletes internetu. Kiekvienoje Vicodin tablet\u0117je yra 300 mg acetaminofeno ir trij\u0173 skirting\u0173 hidrokodono dozi\u0173: 5 mg, 7,5 mg ir 10 mg.","og_url":"https:\/\/medicinasinc.com\/lt\/product\/pirkti-vicodin\/","og_site_name":"Medicinas Inc","article_modified_time":"2022-03-20T12:19:53+00:00","og_image":[{"width":428,"height":293,"url":"https:\/\/medicinasinc.com\/lt\/wp-content\/uploads\/sites\/9\/2022\/02\/Buy-Vicodin.jpg","type":"image\/jpeg"}],"twitter_card":"summary_large_image","twitter_misc":{"Est. reading time":"4 minutes"},"schema":{"@context":"https:\/\/schema.org","@graph":[{"@type":"WebPage","@id":"https:\/\/medicinasinc.com\/lt\/product\/pirkti-vicodin\/","url":"https:\/\/medicinasinc.com\/lt\/product\/pirkti-vicodin\/","name":"Pirkite Vicodin hidrokodono tabletes internetu \u2013 geriausi pasauliniai vaistai","isPartOf":{"@id":"https:\/\/medicinasinc.com\/lt\/#website"},"primaryImageOfPage":{"@id":"https:\/\/medicinasinc.com\/lt\/product\/pirkti-vicodin\/#primaryimage"},"image":{"@id":"https:\/\/medicinasinc.com\/lt\/product\/pirkti-vicodin\/#primaryimage"},"thumbnailUrl":"https:\/\/medicinasinc.com\/lt\/wp-content\/uploads\/sites\/9\/2022\/02\/Buy-Vicodin.jpg","datePublished":"2022-02-21T20:59:08+00:00","dateModified":"2022-03-20T12:19:53+00:00","description":"Pirkite Vicodin hidrokodono tabletes internetu. Kiekvienoje Vicodin tablet\u0117je yra 300 mg acetaminofeno ir trij\u0173 skirting\u0173 hidrokodono dozi\u0173: 5 mg, 7,5 mg ir 10 mg.","breadcrumb":{"@id":"https:\/\/medicinasinc.com\/lt\/product\/pirkti-vicodin\/#breadcrumb"},"inLanguage":"en-US","potentialAction":[{"@type":"ReadAction","target":["https:\/\/medicinasinc.com\/lt\/product\/pirkti-vicodin\/"]}]},{"@type":"ImageObject","inLanguage":"en-US","@id":"https:\/\/medicinasinc.com\/lt\/product\/pirkti-vicodin\/#primaryimage","url":"https:\/\/medicinasinc.com\/lt\/wp-content\/uploads\/sites\/9\/2022\/02\/Buy-Vicodin.jpg","contentUrl":"https:\/\/medicinasinc.com\/lt\/wp-content\/uploads\/sites\/9\/2022\/02\/Buy-Vicodin.jpg","width":428,"height":293},{"@type":"BreadcrumbList","@id":"https:\/\/medicinasinc.com\/lt\/product\/pirkti-vicodin\/#breadcrumb","itemListElement":[{"@type":"ListItem","position":1,"name":"Parduotuv\u0117","item":"https:\/\/medicinasinc.com\/lt\/parduotuve\/"},{"@type":"ListItem","position":2,"name":"Pirkite Vicodin"}]},{"@type":"WebSite","@id":"https:\/\/medicinasinc.com\/lt\/#website","url":"https:\/\/medicinasinc.com\/lt\/","name":"Medicinas Inc","description":"Sveikatos medicinos klinika","potentialAction":[{"@type":"SearchAction","target":{"@type":"EntryPoint","urlTemplate":"https:\/\/medicinasinc.com\/lt\/?s={search_term_string}"},"query-input":{"@type":"PropertyValueSpecification","valueRequired":true,"valueName":"search_term_string"}}],"inLanguage":"en-US"}]}},"_links":{"self":[{"href":"https:\/\/medicinasinc.com\/lt\/wp-json\/wp\/v2\/product\/5324","targetHints":{"allow":["GET"]}}],"collection":[{"href":"https:\/\/medicinasinc.com\/lt\/wp-json\/wp\/v2\/product"}],"about":[{"href":"https:\/\/medicinasinc.com\/lt\/wp-json\/wp\/v2\/types\/product"}],"replies":[{"embeddable":true,"href":"https:\/\/medicinasinc.com\/lt\/wp-json\/wp\/v2\/comments?post=5324"}],"wp:featuredmedia":[{"embeddable":true,"href":"https:\/\/medicinasinc.com\/lt\/wp-json\/wp\/v2\/media\/5335"}],"wp:attachment":[{"href":"https:\/\/medicinasinc.com\/lt\/wp-json\/wp\/v2\/media?parent=5324"}],"wp:term":[{"taxonomy":"product_brand","embeddable":true,"href":"https:\/\/medicinasinc.com\/lt\/wp-json\/wp\/v2\/product_brand?post=5324"},{"taxonomy":"product_cat","embeddable":true,"href":"https:\/\/medicinasinc.com\/lt\/wp-json\/wp\/v2\/product_cat?post=5324"},{"taxonomy":"product_tag","embeddable":true,"href":"https:\/\/medicinasinc.com\/lt\/wp-json\/wp\/v2\/product_tag?post=5324"}],"curies":[{"name":"wp","href":"https:\/\/api.w.org\/{rel}","templated":true}]}}