{"id":5323,"date":"2022-02-21T20:57:56","date_gmt":"2022-02-21T20:57:56","guid":{"rendered":"https:\/\/medicinasinc.com\/lt\/?post_type=product&#038;p=5323"},"modified":"2022-03-20T12:20:02","modified_gmt":"2022-03-20T12:20:02","slug":"pirkti-ultram-tramadolis-200-mg","status":"publish","type":"product","link":"https:\/\/medicinasinc.com\/lt\/product\/pirkti-ultram-tramadolis-200-mg\/","title":{"rendered":"Pirkite Ultram Tramadol 200 mg"},"content":{"rendered":"<p>200 mg tramadolio<\/p>\n<p>Tramadolis yra tikrai unikalus raumen\u0173 relaksantas, pasi\u017eymintis \u0161velniu mu-opioidiniu poveikiu (palyginti su kitais opioidais) ir silpnu monoaminerginiu poveikiu (lyginant su tricikliais antidepresantais). Palyginti su tricikliais antidepresantais ir vaistais nuo epilepsijos, tramadolio \u0161alutinis poveikis yra toleruojamas.<\/p>\n<p>Tolerancija ir pasitik\u0117jimas yra neda\u017enos medicinin\u0117s pasekm\u0117s, nors jos egzistuoja. Tramadolio veikla neapsiriboja neuropatija; jis taip pat suma\u017eina nemalonius (nociceptinius) poj\u016b\u010dius, tod\u0117l yra vienas i\u0161 keturi\u0173 skausmo tip\u0173.<\/p>\n<p>Apra\u0161ymas:<\/p>\n<p>Tramadolis netinka silpna\u0161ird\u017eiams, nes yra stipri psichoaktyvi med\u017eiaga. med\u017eiaga. Nuskausminamasis poveikis pasirei\u0161kia per 15-30 minu\u010di\u0173 ir trunka 6 valandas. Jis taip pat gali b\u016bti vartojamas kartu su paracetamoliu. Tramadolis yra raminamasis vaistas.<\/p>\n<p>Tramadol\u012f, kaip itin stipr\u0173 vaist\u0105, reikia vartoti tiksliai taip, kaip nurodyta. Gydytojas galiausiai yra atsakingas u\u017e gydymo trukm\u0117s nustatym\u0105. Neteis\u0117tas narkotik\u0173 vartojimas gali tur\u0117ti rimt\u0173, net mirtin\u0173 pasekmi\u0173. Gydymosi tramadoliumi metu tur\u0117tum\u0117te vengti vairuoti automobil\u012f ar atlikti kit\u0173 darb\u0173, kuriems reikia didel\u0117s koncentracijos.<\/p>\n<p>D\u0117l to, kad tramadolis yra opioid\u0173 agonistas, jis gali sukelti tiek psichin\u0119, tiek fizin\u0119 veikl\u0105. priklausomyb\u0119. Tarptautin\u0117 konvencija priskiria \u0161i\u0105 chemin\u0119 med\u017eiag\u0105 prie narkotini\u0173 med\u017eiag\u0173. Tod\u0117l j\u012f galima \u012fsigyti tik pagal gydytojo recept\u0105. Neopioidiniai skausm\u0105 mal\u0161inantys vaistai skiriami tik tada, kai neopioidiniai vaistai yra neveiksmingi.<\/p>\n<p>Vaistai:<\/p>\n<p>Vartokite tramadol\u012f per burn\u0105, kaip nurod\u0117 gydytojas, da\u017enai kas 4\u20136 valandas, jei reikia. Tramadol\u012f saugu vartoti valgio metu arba nevalgius. Jei pykina, gali pad\u0117ti tramadolis, vartojamas valgio metu. D\u0117l papildom\u0173 pykinim\u0105 mal\u0161inan\u010di\u0173 priemoni\u0173 galite kreiptis \u012f gydytoj\u0105 arba vaistinink\u0105 (pvz., gul\u0117ti 1\u20132 valandas, kuo ma\u017eiau judant galv\u0105). M\u016bs\u0173 svetain\u0117je galite \u012fsigyti 200 mg tramadolio internetu.<\/p>\n<p>Doz\u0117 priklauso nuo j\u016bs\u0173 sveikatos b\u016bkl\u0117s ir reakcijos \u012f gydym\u0105. Kad suma\u017eint\u0173 nepageidaujamo poveikio rizik\u0105, gydytojas gali pasi\u016blyti prad\u0117ti nuo ma\u017eos tramadolio doz\u0117s ir palaipsniui j\u0105 didinti. Laikykit\u0117s gydytojo nurodym\u0173. Did\u017eiausia rekomenduojama paros doz\u0117 yra 400 mg. Rekomenduojama did\u017eiausia doz\u0117 vyresniems nei 75 met\u0173 asmenims yra 300 mg per par\u0105. Nedidinkite tramadolio doz\u0117s, nenaudokite jos da\u017eniau arba ilgesn\u012f laik\u0105, nei nurodyta. Paskyrus tramadol\u012f, jo vartojim\u0105 reikia nedelsiant nutraukti.<\/p>\n<p>Rekomenduojame pig\u0173 tramadol\u012f internetu vartoti ypa\u010d atsargiai<\/p>\n<p>Asmenims, kurie yra priklausomi nuo opioid\u0173; tiems, kurie d\u0117l ne\u017einomos prie\u017easties patyr\u0117 smegen\u0173 traum\u0105, \u0161ok\u0105 arba susilpn\u0117jo s\u0105mon\u0117; ir<\/p>\n<p>Be kv\u0117pavimo centro ar kv\u0117pavimo funkcijos sutrikim\u0173,<\/p>\n<p>atitinkamas intrakranijinio sl\u0117gio (ICP) padid\u0117jimas.<br \/> inkst\u0173 ir kepen\u0173 sistem\u0173 sutrikimas<\/p>\n<p>Asmenims, kurie yra jautr\u016bs opiatams, tramadolio hidrochlorid\u0105 reikia vartoti atsargiai.<\/p>\n","protected":false},"excerpt":{"rendered":"<p>Internetin\u0117 vaistin\u0117, kurioje galima \u012fsigyti Ultram Tramadol 200 mg table\u010di\u0173.<\/p>\n<p>Tramadol Ultram Pirkite internetu.<\/p>\n<p>U\u017esisakykite Tramadol Cod per nakt\u012f. Pigus Tramadol pristatymas per nakt\u012f<\/p>\n<p>Su\u017einokite, kur\u00a0u\u017esisakyti Tramadol\u00a0internetu be recepto pigiausia kaina. &#8230; Galimos \u0161i\u0173 stiprum\u0173 tablet\u0117s: 50 mg, 100 mg, 150 mg ir 200 mg.<\/p>\n<div class=\"product-next-previous\">\n<div class=\"product-prev\"><\/div>\n<\/p><\/div>\n","protected":false},"featured_media":5333,"comment_status":"open","ping_status":"closed","template":"","meta":[],"product_brand":[],"product_cat":[1117],"product_tag":[1909,1906,1907,1908,1910,1905,1904,1912,1913,1914,1915,1911],"class_list":{"0":"post-5323","1":"product","2":"type-product","3":"status-publish","4":"has-post-thumbnail","6":"product_cat-pirkite-skausmo-miego-ir-sekso-tabletes","7":"product_tag-generic-ultram-er","8":"product_tag-buy-tramadol-online-overnight","9":"product_tag-cheap-tramadol-without-a-prescription","10":"product_tag-cheap-ultram-no-prescription","11":"product_tag-nakvyn-tramadolis","12":"product_tag-pirk-tramadol-internetu-pigus","13":"product_tag-pirkti-tramadol-floridoje","14":"product_tag-tramadol-hydrochloride-paracetamol","15":"product_tag-tramadolio-alutinis-poveikis-unims","16":"product_tag-ultram-vaist-sveika","17":"product_tag-ultram-er-200","18":"product_tag-tramadol-hcl-50mg-naudojamas","20":"first","21":"instock","22":"shipping-taxable","23":"purchasable","24":"product-type-variable","25":"has-default-attributes"},"yoast_head":"<!-- This site is optimized with the Yoast SEO plugin v27.3 - https:\/\/yoast.com\/product\/yoast-seo-wordpress\/ -->\n<title>Pirkite Ultram Tramadol 200 mg tabletes internetu \u2013 geriausi pasauliniai vaistai<\/title>\n<meta name=\"description\" content=\"Pirkite Tramadol Ultram 200 mg\u00a0internetu. U\u017esisakykite Tramadol\u00a0Overnight Cod. I\u0161sami informacija:\u00a0Pigus \u201eTramadol\u201c\u00a0pristatymas internetu per nakt\u012f\" \/>\n<meta name=\"robots\" content=\"index, follow, max-snippet:-1, max-image-preview:large, max-video-preview:-1\" \/>\n<link rel=\"canonical\" href=\"https:\/\/medicinasinc.com\/lt\/product\/pirkti-ultram-tramadolis-200-mg\/\" \/>\n<meta property=\"og:locale\" content=\"en_US\" \/>\n<meta property=\"og:type\" content=\"article\" \/>\n<meta property=\"og:title\" content=\"Pirkite Ultram Tramadol 200 mg tabletes internetu \u2013 geriausi pasauliniai vaistai\" \/>\n<meta property=\"og:description\" content=\"Pirkite Tramadol Ultram 200 mg\u00a0internetu. U\u017esisakykite Tramadol\u00a0Overnight Cod. I\u0161sami informacija:\u00a0Pigus \u201eTramadol\u201c\u00a0pristatymas internetu per nakt\u012f\" \/>\n<meta property=\"og:url\" content=\"https:\/\/medicinasinc.com\/lt\/product\/pirkti-ultram-tramadolis-200-mg\/\" \/>\n<meta property=\"og:site_name\" content=\"Medicinas Inc\" \/>\n<meta property=\"article:modified_time\" content=\"2022-03-20T12:20:02+00:00\" \/>\n<meta property=\"og:image\" content=\"https:\/\/medicinasinc.com\/lt\/wp-content\/uploads\/sites\/9\/2022\/02\/Buy-Ultram-Tramadol-200mg.jpg\" \/>\n\t<meta property=\"og:image:width\" content=\"300\" \/>\n\t<meta property=\"og:image:height\" content=\"225\" \/>\n\t<meta property=\"og:image:type\" content=\"image\/jpeg\" \/>\n<meta name=\"twitter:card\" content=\"summary_large_image\" \/>\n<meta name=\"twitter:label1\" content=\"Est. reading time\" \/>\n\t<meta name=\"twitter:data1\" content=\"2 minutes\" \/>\n<script type=\"application\/ld+json\" class=\"yoast-schema-graph\">{\"@context\":\"https:\\\/\\\/schema.org\",\"@graph\":[{\"@type\":\"WebPage\",\"@id\":\"https:\\\/\\\/medicinasinc.com\\\/lt\\\/product\\\/pirkti-ultram-tramadolis-200-mg\\\/\",\"url\":\"https:\\\/\\\/medicinasinc.com\\\/lt\\\/product\\\/pirkti-ultram-tramadolis-200-mg\\\/\",\"name\":\"Pirkite Ultram Tramadol 200 mg tabletes internetu \u2013 geriausi pasauliniai vaistai\",\"isPartOf\":{\"@id\":\"https:\\\/\\\/medicinasinc.com\\\/lt\\\/#website\"},\"primaryImageOfPage\":{\"@id\":\"https:\\\/\\\/medicinasinc.com\\\/lt\\\/product\\\/pirkti-ultram-tramadolis-200-mg\\\/#primaryimage\"},\"image\":{\"@id\":\"https:\\\/\\\/medicinasinc.com\\\/lt\\\/product\\\/pirkti-ultram-tramadolis-200-mg\\\/#primaryimage\"},\"thumbnailUrl\":\"https:\\\/\\\/medicinasinc.com\\\/lt\\\/wp-content\\\/uploads\\\/sites\\\/9\\\/2022\\\/02\\\/Buy-Ultram-Tramadol-200mg.jpg\",\"datePublished\":\"2022-02-21T20:57:56+00:00\",\"dateModified\":\"2022-03-20T12:20:02+00:00\",\"description\":\"Pirkite Tramadol Ultram 200 mg\u00a0internetu. U\u017esisakykite Tramadol\u00a0Overnight Cod. I\u0161sami informacija:\u00a0Pigus \u201eTramadol\u201c\u00a0pristatymas internetu per nakt\u012f\",\"breadcrumb\":{\"@id\":\"https:\\\/\\\/medicinasinc.com\\\/lt\\\/product\\\/pirkti-ultram-tramadolis-200-mg\\\/#breadcrumb\"},\"inLanguage\":\"en-US\",\"potentialAction\":[{\"@type\":\"ReadAction\",\"target\":[\"https:\\\/\\\/medicinasinc.com\\\/lt\\\/product\\\/pirkti-ultram-tramadolis-200-mg\\\/\"]}]},{\"@type\":\"ImageObject\",\"inLanguage\":\"en-US\",\"@id\":\"https:\\\/\\\/medicinasinc.com\\\/lt\\\/product\\\/pirkti-ultram-tramadolis-200-mg\\\/#primaryimage\",\"url\":\"https:\\\/\\\/medicinasinc.com\\\/lt\\\/wp-content\\\/uploads\\\/sites\\\/9\\\/2022\\\/02\\\/Buy-Ultram-Tramadol-200mg.jpg\",\"contentUrl\":\"https:\\\/\\\/medicinasinc.com\\\/lt\\\/wp-content\\\/uploads\\\/sites\\\/9\\\/2022\\\/02\\\/Buy-Ultram-Tramadol-200mg.jpg\",\"width\":300,\"height\":225},{\"@type\":\"BreadcrumbList\",\"@id\":\"https:\\\/\\\/medicinasinc.com\\\/lt\\\/product\\\/pirkti-ultram-tramadolis-200-mg\\\/#breadcrumb\",\"itemListElement\":[{\"@type\":\"ListItem\",\"position\":1,\"name\":\"Parduotuv\u0117\",\"item\":\"https:\\\/\\\/medicinasinc.com\\\/lt\\\/parduotuve\\\/\"},{\"@type\":\"ListItem\",\"position\":2,\"name\":\"Pirkite Ultram Tramadol 200 mg\"}]},{\"@type\":\"WebSite\",\"@id\":\"https:\\\/\\\/medicinasinc.com\\\/lt\\\/#website\",\"url\":\"https:\\\/\\\/medicinasinc.com\\\/lt\\\/\",\"name\":\"Medicinas Inc\",\"description\":\"Sveikatos medicinos klinika\",\"potentialAction\":[{\"@type\":\"SearchAction\",\"target\":{\"@type\":\"EntryPoint\",\"urlTemplate\":\"https:\\\/\\\/medicinasinc.com\\\/lt\\\/?s={search_term_string}\"},\"query-input\":{\"@type\":\"PropertyValueSpecification\",\"valueRequired\":true,\"valueName\":\"search_term_string\"}}],\"inLanguage\":\"en-US\"}]}<\/script>\n<!-- \/ Yoast SEO plugin. -->","yoast_head_json":{"title":"Pirkite Ultram Tramadol 200 mg tabletes internetu \u2013 geriausi pasauliniai vaistai","description":"Pirkite Tramadol Ultram 200 mg\u00a0internetu. U\u017esisakykite Tramadol\u00a0Overnight Cod. I\u0161sami informacija:\u00a0Pigus \u201eTramadol\u201c\u00a0pristatymas internetu per nakt\u012f","robots":{"index":"index","follow":"follow","max-snippet":"max-snippet:-1","max-image-preview":"max-image-preview:large","max-video-preview":"max-video-preview:-1"},"canonical":"https:\/\/medicinasinc.com\/lt\/product\/pirkti-ultram-tramadolis-200-mg\/","og_locale":"en_US","og_type":"article","og_title":"Pirkite Ultram Tramadol 200 mg tabletes internetu \u2013 geriausi pasauliniai vaistai","og_description":"Pirkite Tramadol Ultram 200 mg\u00a0internetu. U\u017esisakykite Tramadol\u00a0Overnight Cod. I\u0161sami informacija:\u00a0Pigus \u201eTramadol\u201c\u00a0pristatymas internetu per nakt\u012f","og_url":"https:\/\/medicinasinc.com\/lt\/product\/pirkti-ultram-tramadolis-200-mg\/","og_site_name":"Medicinas Inc","article_modified_time":"2022-03-20T12:20:02+00:00","og_image":[{"width":300,"height":225,"url":"https:\/\/medicinasinc.com\/lt\/wp-content\/uploads\/sites\/9\/2022\/02\/Buy-Ultram-Tramadol-200mg.jpg","type":"image\/jpeg"}],"twitter_card":"summary_large_image","twitter_misc":{"Est. reading time":"2 minutes"},"schema":{"@context":"https:\/\/schema.org","@graph":[{"@type":"WebPage","@id":"https:\/\/medicinasinc.com\/lt\/product\/pirkti-ultram-tramadolis-200-mg\/","url":"https:\/\/medicinasinc.com\/lt\/product\/pirkti-ultram-tramadolis-200-mg\/","name":"Pirkite Ultram Tramadol 200 mg tabletes internetu \u2013 geriausi pasauliniai vaistai","isPartOf":{"@id":"https:\/\/medicinasinc.com\/lt\/#website"},"primaryImageOfPage":{"@id":"https:\/\/medicinasinc.com\/lt\/product\/pirkti-ultram-tramadolis-200-mg\/#primaryimage"},"image":{"@id":"https:\/\/medicinasinc.com\/lt\/product\/pirkti-ultram-tramadolis-200-mg\/#primaryimage"},"thumbnailUrl":"https:\/\/medicinasinc.com\/lt\/wp-content\/uploads\/sites\/9\/2022\/02\/Buy-Ultram-Tramadol-200mg.jpg","datePublished":"2022-02-21T20:57:56+00:00","dateModified":"2022-03-20T12:20:02+00:00","description":"Pirkite Tramadol Ultram 200 mg\u00a0internetu. U\u017esisakykite Tramadol\u00a0Overnight Cod. I\u0161sami informacija:\u00a0Pigus \u201eTramadol\u201c\u00a0pristatymas internetu per nakt\u012f","breadcrumb":{"@id":"https:\/\/medicinasinc.com\/lt\/product\/pirkti-ultram-tramadolis-200-mg\/#breadcrumb"},"inLanguage":"en-US","potentialAction":[{"@type":"ReadAction","target":["https:\/\/medicinasinc.com\/lt\/product\/pirkti-ultram-tramadolis-200-mg\/"]}]},{"@type":"ImageObject","inLanguage":"en-US","@id":"https:\/\/medicinasinc.com\/lt\/product\/pirkti-ultram-tramadolis-200-mg\/#primaryimage","url":"https:\/\/medicinasinc.com\/lt\/wp-content\/uploads\/sites\/9\/2022\/02\/Buy-Ultram-Tramadol-200mg.jpg","contentUrl":"https:\/\/medicinasinc.com\/lt\/wp-content\/uploads\/sites\/9\/2022\/02\/Buy-Ultram-Tramadol-200mg.jpg","width":300,"height":225},{"@type":"BreadcrumbList","@id":"https:\/\/medicinasinc.com\/lt\/product\/pirkti-ultram-tramadolis-200-mg\/#breadcrumb","itemListElement":[{"@type":"ListItem","position":1,"name":"Parduotuv\u0117","item":"https:\/\/medicinasinc.com\/lt\/parduotuve\/"},{"@type":"ListItem","position":2,"name":"Pirkite Ultram Tramadol 200 mg"}]},{"@type":"WebSite","@id":"https:\/\/medicinasinc.com\/lt\/#website","url":"https:\/\/medicinasinc.com\/lt\/","name":"Medicinas Inc","description":"Sveikatos medicinos klinika","potentialAction":[{"@type":"SearchAction","target":{"@type":"EntryPoint","urlTemplate":"https:\/\/medicinasinc.com\/lt\/?s={search_term_string}"},"query-input":{"@type":"PropertyValueSpecification","valueRequired":true,"valueName":"search_term_string"}}],"inLanguage":"en-US"}]}},"_links":{"self":[{"href":"https:\/\/medicinasinc.com\/lt\/wp-json\/wp\/v2\/product\/5323","targetHints":{"allow":["GET"]}}],"collection":[{"href":"https:\/\/medicinasinc.com\/lt\/wp-json\/wp\/v2\/product"}],"about":[{"href":"https:\/\/medicinasinc.com\/lt\/wp-json\/wp\/v2\/types\/product"}],"replies":[{"embeddable":true,"href":"https:\/\/medicinasinc.com\/lt\/wp-json\/wp\/v2\/comments?post=5323"}],"wp:featuredmedia":[{"embeddable":true,"href":"https:\/\/medicinasinc.com\/lt\/wp-json\/wp\/v2\/media\/5333"}],"wp:attachment":[{"href":"https:\/\/medicinasinc.com\/lt\/wp-json\/wp\/v2\/media?parent=5323"}],"wp:term":[{"taxonomy":"product_brand","embeddable":true,"href":"https:\/\/medicinasinc.com\/lt\/wp-json\/wp\/v2\/product_brand?post=5323"},{"taxonomy":"product_cat","embeddable":true,"href":"https:\/\/medicinasinc.com\/lt\/wp-json\/wp\/v2\/product_cat?post=5323"},{"taxonomy":"product_tag","embeddable":true,"href":"https:\/\/medicinasinc.com\/lt\/wp-json\/wp\/v2\/product_tag?post=5323"}],"curies":[{"name":"wp","href":"https:\/\/api.w.org\/{rel}","templated":true}]}}