{"id":5322,"date":"2022-02-21T20:57:13","date_gmt":"2022-02-21T20:57:13","guid":{"rendered":"https:\/\/medicinasinc.com\/lt\/?post_type=product&#038;p=5322"},"modified":"2022-03-20T12:20:13","modified_gmt":"2022-03-20T12:20:13","slug":"tramadolis-100-mg","status":"publish","type":"product","link":"https:\/\/medicinasinc.com\/lt\/product\/tramadolis-100-mg\/","title":{"rendered":"Tramadolis 100 mg"},"content":{"rendered":"<p>Tramadol 100mg, skirtas stipriam skausmui mal\u0161inti<\/p>\n<p>Kai kuriems su\u017ealojimams gydyti prireikia met\u0173, o per t\u0105 laik\u0105 auka turi patirti diskomfort\u0105. Skausmas, susij\u0119s su su\u017ealojimu, gali b\u016bti nuo lengvo iki stipraus, priklausomai nuo \u017eaizdos gylio ir dyd\u017eio. Ta\u010diau \u0161audymo skausmas kartais gali sutrikdyti \u012fprast\u0105 asmens rutin\u0105. Tokiais atvejais \u017emon\u0117s tur\u0117s sugalvoti i\u0161gyvenimo b\u016bd\u0105. Jie gali pasiekti numatyt\u0105 i\u0161gyvenim\u0105, suma\u017eindami dal\u012f skausmo. Jie gali \u012fsigyti tramadol 100mg internetu i\u0161 \u012fvairi\u0173 \u0161altini\u0173, kad nedelsiant suma\u017eint\u0173 skausm\u0105.<\/p>\n<p>Tramadol 100mg yra veiksmingas<\/p>\n<p>\u012esigykite Tramadol 100mg internetu, kad pad\u0117tum\u0117te numal\u0161inti skausm\u0105 ir t\u0119sti gydym\u0105. j\u0173 rutina. Ta\u010diau tramadolis veikia kitaip nei kiti vaistai. Pagrindin\u0117 tablet\u0117s funkcija yra numal\u0161inti skausm\u0105, o ne i\u0161gydyti su\u017ealojim\u0105. Tablet\u0117s veikia galvos smegen\u0173 skausmo nervus. Jis nutirpina venas, neleid\u017eia joms jausti skausmo. D\u0117l to sustingimas pad\u0117s jiems i\u0161gyventi dien\u0105 netrukdant normaliai rutinai.<\/p>\n<p>Sunkios nepageidaujamos reakcijos<\/p>\n<p>Smegenyse atsiranda tirpimas skausmas, o tablet\u0117s pakei\u010dia gydymo b\u016bd\u0105. smegen\u0173 veikla, tod\u0117l kyla \u012fvairi\u0173 sunkum\u0173. Sunkus \u0161alutinis poveikis yra smegen\u0173 tirpimas, laikinas atminties praradimas ir kiti tokio pob\u016bd\u017eio sutrikimai. Galvos svaigimas ir kiti sunkumai bus da\u017enas rei\u0161kinys. D\u0117l to individuali\u0105 table\u010di\u0173 doz\u0119 reik\u0117s koreguoti, kad b\u016bt\u0173 i\u0161vengta sunkaus neigiamo poveikio.<\/p>\n<p>Rekomenduojama tablet\u0117s paros doz\u0117 yra nuo 50 iki 300 mg, j\u0105 reikia vartoti tik kart\u0105 per dien\u0105. Galite gauti tramadol\u012f internetu i\u0161 \u012fvairi\u0173 svetaini\u0173, ta\u010diau nurijimas tur\u0117t\u0173 b\u016bti pagr\u012fstas gydytojo rekomendacija. Gydytojo patarimas bus labai svarbus siekiant i\u0161vengti neigiam\u0173 pasekmi\u0173.<\/p>\n","protected":false},"excerpt":{"rendered":"<div class=\"woocommerce-product-details__short-description\">\n<p>Tramadol SR 100mg tabletes galima \u012fsigyti internetu. Pirkite Tramadol Online Tramal SR 100mg be recepto u\u017e 80 % ma\u017eesn\u0119 kain\u0105 nei sumok\u0117tum\u0117te JAV vaistin\u0117je.<\/p>\n<\/p><\/div>\n","protected":false},"featured_media":5331,"comment_status":"open","ping_status":"closed","template":"","meta":[],"product_brand":[],"product_cat":[1117],"product_tag":[],"class_list":{"0":"post-5322","1":"product","2":"type-product","3":"status-publish","4":"has-post-thumbnail","6":"product_cat-pirkite-skausmo-miego-ir-sekso-tabletes","8":"first","9":"instock","10":"shipping-taxable","11":"purchasable","12":"product-type-variable","13":"has-default-attributes"},"yoast_head":"<!-- This site is optimized with the Yoast SEO plugin v27.3 - https:\/\/yoast.com\/product\/yoast-seo-wordpress\/ -->\n<title>Pirkite Tramal SR 100mg tabletes internetu \u2013 geriausi pasaulyje vaistai<\/title>\n<meta name=\"description\" content=\"Pirkite Tramal SR 100 mg tabletes internetu. Pirkite Tramadol Online Tramal SR 100mg be recepto u\u017e 80% ma\u017eesn\u0119 kain\u0105 nei JAV vaistin\u0117se.\" \/>\n<meta name=\"robots\" content=\"index, follow, max-snippet:-1, max-image-preview:large, max-video-preview:-1\" \/>\n<link rel=\"canonical\" href=\"https:\/\/medicinasinc.com\/lt\/product\/tramadolis-100-mg\/\" \/>\n<meta property=\"og:locale\" content=\"en_US\" \/>\n<meta property=\"og:type\" content=\"article\" \/>\n<meta property=\"og:title\" content=\"Pirkite Tramal SR 100mg tabletes internetu \u2013 geriausi pasaulyje vaistai\" \/>\n<meta property=\"og:description\" content=\"Pirkite Tramal SR 100 mg tabletes internetu. Pirkite Tramadol Online Tramal SR 100mg be recepto u\u017e 80% ma\u017eesn\u0119 kain\u0105 nei JAV vaistin\u0117se.\" \/>\n<meta property=\"og:url\" content=\"https:\/\/medicinasinc.com\/lt\/product\/tramadolis-100-mg\/\" \/>\n<meta property=\"og:site_name\" content=\"Medicinas Inc\" \/>\n<meta property=\"article:modified_time\" content=\"2022-03-20T12:20:13+00:00\" \/>\n<meta property=\"og:image\" content=\"https:\/\/medicinasinc.com\/lt\/wp-content\/uploads\/sites\/9\/2022\/02\/Tramadol-100mg-1.jpg\" \/>\n\t<meta property=\"og:image:width\" content=\"600\" \/>\n\t<meta property=\"og:image:height\" content=\"358\" \/>\n\t<meta property=\"og:image:type\" content=\"image\/jpeg\" \/>\n<meta name=\"twitter:card\" content=\"summary_large_image\" \/>\n<meta name=\"twitter:label1\" content=\"Est. reading time\" \/>\n\t<meta name=\"twitter:data1\" content=\"2 minutes\" \/>\n<script type=\"application\/ld+json\" class=\"yoast-schema-graph\">{\"@context\":\"https:\\\/\\\/schema.org\",\"@graph\":[{\"@type\":\"WebPage\",\"@id\":\"https:\\\/\\\/medicinasinc.com\\\/lt\\\/product\\\/tramadolis-100-mg\\\/\",\"url\":\"https:\\\/\\\/medicinasinc.com\\\/lt\\\/product\\\/tramadolis-100-mg\\\/\",\"name\":\"Pirkite Tramal SR 100mg tabletes internetu \u2013 geriausi pasaulyje vaistai\",\"isPartOf\":{\"@id\":\"https:\\\/\\\/medicinasinc.com\\\/lt\\\/#website\"},\"primaryImageOfPage\":{\"@id\":\"https:\\\/\\\/medicinasinc.com\\\/lt\\\/product\\\/tramadolis-100-mg\\\/#primaryimage\"},\"image\":{\"@id\":\"https:\\\/\\\/medicinasinc.com\\\/lt\\\/product\\\/tramadolis-100-mg\\\/#primaryimage\"},\"thumbnailUrl\":\"https:\\\/\\\/medicinasinc.com\\\/lt\\\/wp-content\\\/uploads\\\/sites\\\/9\\\/2022\\\/02\\\/Tramadol-100mg-1.jpg\",\"datePublished\":\"2022-02-21T20:57:13+00:00\",\"dateModified\":\"2022-03-20T12:20:13+00:00\",\"description\":\"Pirkite Tramal SR 100 mg tabletes internetu. Pirkite Tramadol Online Tramal SR 100mg be recepto u\u017e 80% ma\u017eesn\u0119 kain\u0105 nei JAV vaistin\u0117se.\",\"breadcrumb\":{\"@id\":\"https:\\\/\\\/medicinasinc.com\\\/lt\\\/product\\\/tramadolis-100-mg\\\/#breadcrumb\"},\"inLanguage\":\"en-US\",\"potentialAction\":[{\"@type\":\"ReadAction\",\"target\":[\"https:\\\/\\\/medicinasinc.com\\\/lt\\\/product\\\/tramadolis-100-mg\\\/\"]}]},{\"@type\":\"ImageObject\",\"inLanguage\":\"en-US\",\"@id\":\"https:\\\/\\\/medicinasinc.com\\\/lt\\\/product\\\/tramadolis-100-mg\\\/#primaryimage\",\"url\":\"https:\\\/\\\/medicinasinc.com\\\/lt\\\/wp-content\\\/uploads\\\/sites\\\/9\\\/2022\\\/02\\\/Tramadol-100mg-1.jpg\",\"contentUrl\":\"https:\\\/\\\/medicinasinc.com\\\/lt\\\/wp-content\\\/uploads\\\/sites\\\/9\\\/2022\\\/02\\\/Tramadol-100mg-1.jpg\",\"width\":600,\"height\":358},{\"@type\":\"BreadcrumbList\",\"@id\":\"https:\\\/\\\/medicinasinc.com\\\/lt\\\/product\\\/tramadolis-100-mg\\\/#breadcrumb\",\"itemListElement\":[{\"@type\":\"ListItem\",\"position\":1,\"name\":\"Parduotuv\u0117\",\"item\":\"https:\\\/\\\/medicinasinc.com\\\/lt\\\/parduotuve\\\/\"},{\"@type\":\"ListItem\",\"position\":2,\"name\":\"Tramadolis 100 mg\"}]},{\"@type\":\"WebSite\",\"@id\":\"https:\\\/\\\/medicinasinc.com\\\/lt\\\/#website\",\"url\":\"https:\\\/\\\/medicinasinc.com\\\/lt\\\/\",\"name\":\"Medicinas Inc\",\"description\":\"Sveikatos medicinos klinika\",\"potentialAction\":[{\"@type\":\"SearchAction\",\"target\":{\"@type\":\"EntryPoint\",\"urlTemplate\":\"https:\\\/\\\/medicinasinc.com\\\/lt\\\/?s={search_term_string}\"},\"query-input\":{\"@type\":\"PropertyValueSpecification\",\"valueRequired\":true,\"valueName\":\"search_term_string\"}}],\"inLanguage\":\"en-US\"}]}<\/script>\n<!-- \/ Yoast SEO plugin. -->","yoast_head_json":{"title":"Pirkite Tramal SR 100mg tabletes internetu \u2013 geriausi pasaulyje vaistai","description":"Pirkite Tramal SR 100 mg tabletes internetu. Pirkite Tramadol Online Tramal SR 100mg be recepto u\u017e 80% ma\u017eesn\u0119 kain\u0105 nei JAV vaistin\u0117se.","robots":{"index":"index","follow":"follow","max-snippet":"max-snippet:-1","max-image-preview":"max-image-preview:large","max-video-preview":"max-video-preview:-1"},"canonical":"https:\/\/medicinasinc.com\/lt\/product\/tramadolis-100-mg\/","og_locale":"en_US","og_type":"article","og_title":"Pirkite Tramal SR 100mg tabletes internetu \u2013 geriausi pasaulyje vaistai","og_description":"Pirkite Tramal SR 100 mg tabletes internetu. Pirkite Tramadol Online Tramal SR 100mg be recepto u\u017e 80% ma\u017eesn\u0119 kain\u0105 nei JAV vaistin\u0117se.","og_url":"https:\/\/medicinasinc.com\/lt\/product\/tramadolis-100-mg\/","og_site_name":"Medicinas Inc","article_modified_time":"2022-03-20T12:20:13+00:00","og_image":[{"width":600,"height":358,"url":"https:\/\/medicinasinc.com\/lt\/wp-content\/uploads\/sites\/9\/2022\/02\/Tramadol-100mg-1.jpg","type":"image\/jpeg"}],"twitter_card":"summary_large_image","twitter_misc":{"Est. reading time":"2 minutes"},"schema":{"@context":"https:\/\/schema.org","@graph":[{"@type":"WebPage","@id":"https:\/\/medicinasinc.com\/lt\/product\/tramadolis-100-mg\/","url":"https:\/\/medicinasinc.com\/lt\/product\/tramadolis-100-mg\/","name":"Pirkite Tramal SR 100mg tabletes internetu \u2013 geriausi pasaulyje vaistai","isPartOf":{"@id":"https:\/\/medicinasinc.com\/lt\/#website"},"primaryImageOfPage":{"@id":"https:\/\/medicinasinc.com\/lt\/product\/tramadolis-100-mg\/#primaryimage"},"image":{"@id":"https:\/\/medicinasinc.com\/lt\/product\/tramadolis-100-mg\/#primaryimage"},"thumbnailUrl":"https:\/\/medicinasinc.com\/lt\/wp-content\/uploads\/sites\/9\/2022\/02\/Tramadol-100mg-1.jpg","datePublished":"2022-02-21T20:57:13+00:00","dateModified":"2022-03-20T12:20:13+00:00","description":"Pirkite Tramal SR 100 mg tabletes internetu. Pirkite Tramadol Online Tramal SR 100mg be recepto u\u017e 80% ma\u017eesn\u0119 kain\u0105 nei JAV vaistin\u0117se.","breadcrumb":{"@id":"https:\/\/medicinasinc.com\/lt\/product\/tramadolis-100-mg\/#breadcrumb"},"inLanguage":"en-US","potentialAction":[{"@type":"ReadAction","target":["https:\/\/medicinasinc.com\/lt\/product\/tramadolis-100-mg\/"]}]},{"@type":"ImageObject","inLanguage":"en-US","@id":"https:\/\/medicinasinc.com\/lt\/product\/tramadolis-100-mg\/#primaryimage","url":"https:\/\/medicinasinc.com\/lt\/wp-content\/uploads\/sites\/9\/2022\/02\/Tramadol-100mg-1.jpg","contentUrl":"https:\/\/medicinasinc.com\/lt\/wp-content\/uploads\/sites\/9\/2022\/02\/Tramadol-100mg-1.jpg","width":600,"height":358},{"@type":"BreadcrumbList","@id":"https:\/\/medicinasinc.com\/lt\/product\/tramadolis-100-mg\/#breadcrumb","itemListElement":[{"@type":"ListItem","position":1,"name":"Parduotuv\u0117","item":"https:\/\/medicinasinc.com\/lt\/parduotuve\/"},{"@type":"ListItem","position":2,"name":"Tramadolis 100 mg"}]},{"@type":"WebSite","@id":"https:\/\/medicinasinc.com\/lt\/#website","url":"https:\/\/medicinasinc.com\/lt\/","name":"Medicinas Inc","description":"Sveikatos medicinos klinika","potentialAction":[{"@type":"SearchAction","target":{"@type":"EntryPoint","urlTemplate":"https:\/\/medicinasinc.com\/lt\/?s={search_term_string}"},"query-input":{"@type":"PropertyValueSpecification","valueRequired":true,"valueName":"search_term_string"}}],"inLanguage":"en-US"}]}},"_links":{"self":[{"href":"https:\/\/medicinasinc.com\/lt\/wp-json\/wp\/v2\/product\/5322","targetHints":{"allow":["GET"]}}],"collection":[{"href":"https:\/\/medicinasinc.com\/lt\/wp-json\/wp\/v2\/product"}],"about":[{"href":"https:\/\/medicinasinc.com\/lt\/wp-json\/wp\/v2\/types\/product"}],"replies":[{"embeddable":true,"href":"https:\/\/medicinasinc.com\/lt\/wp-json\/wp\/v2\/comments?post=5322"}],"wp:featuredmedia":[{"embeddable":true,"href":"https:\/\/medicinasinc.com\/lt\/wp-json\/wp\/v2\/media\/5331"}],"wp:attachment":[{"href":"https:\/\/medicinasinc.com\/lt\/wp-json\/wp\/v2\/media?parent=5322"}],"wp:term":[{"taxonomy":"product_brand","embeddable":true,"href":"https:\/\/medicinasinc.com\/lt\/wp-json\/wp\/v2\/product_brand?post=5322"},{"taxonomy":"product_cat","embeddable":true,"href":"https:\/\/medicinasinc.com\/lt\/wp-json\/wp\/v2\/product_cat?post=5322"},{"taxonomy":"product_tag","embeddable":true,"href":"https:\/\/medicinasinc.com\/lt\/wp-json\/wp\/v2\/product_tag?post=5322"}],"curies":[{"name":"wp","href":"https:\/\/api.w.org\/{rel}","templated":true}]}}